{"id":9870,"date":"2022-09-28T13:14:14","date_gmt":"2022-09-28T13:14:14","guid":{"rendered":"https:\/\/dev.monti.lt\/?post_type=product&#038;p=9870"},"modified":"2024-10-08T20:58:51","modified_gmt":"2024-10-08T20:58:51","slug":"magnetine-knygele-princeses","status":"publish","type":"product","link":"https:\/\/dev.monti.lt\/en\/product\/magnetine-knygele-princeses\/","title":{"rendered":"Magnetin\u0117 knygel\u0117 &#8220;Princes\u0117s&#8221;"},"content":{"rendered":"<p>Dvipus\u0117 magnetin\u0117 lenta.<\/p>\n<p>MATMENYS: 26 cm x 23 cm<\/p>\n<p>Dvipus\u0117 magnetin\u0117 lenta su sausu trintuku,<\/p>\n<p>magnetukais, dvipusemis kortelemis su pavyzdziais.<\/p>\n<p>PRINCES\u0116S<\/p>\n<p>Kiekvien\u0105 rinkin\u012f sudaro:<\/p>\n<p>&#8211; magnetine d\u0117\u017eut\u0117<\/p>\n<p>&#8211; sausas trinamasis \u017eymeklis su kempin\u0117le,<\/p>\n<p>&#8211; magnetuk\u0173 rinkinys<\/p>\n<p>&#8211; dvipus\u0117s kortel\u0117s su paveiksl\u0117li\u0173 pavyzd\u017eiais, kuriuos reikia surinkti i\u0161 magnetuk\u0173<\/p>\n<p>MATMENYS: 26 cm x 23 cm<\/p>\n<p>Am\u017eius 3+<\/p>","protected":false},"excerpt":{"rendered":"<p>Dvipus\u0117 magnetin\u0117 lenta. MATMENYS: 26 cm x 23 cm Dvipus\u0117 magnetin\u0117 lenta su sausu trintuku, magnetukais, dvipusemis kortelemis su pavyzdziais. PRINCES\u0116S Kiekvien\u0105 rinkin\u012f sudaro: &#8211; magnetine d\u0117\u017eut\u0117 &#8211; sausas trinamasis \u017eymeklis su kempin\u0117le, &#8211; magnetuk\u0173 rinkinys &#8211; dvipus\u0117s kortel\u0117s su paveiksl\u0117li\u0173 pavyzd\u017eiais, kuriuos reikia surinkti i\u0161 magnetuk\u0173 MATMENYS: 26 cm x 23 cm Am\u017eius 3+<\/p>","protected":false},"featured_media":9871,"template":"","meta":{"iawp_total_views":84},"product_cat":[196,87,84,102,49,39,214],"product_tag":[96,97],"class_list":{"0":"post-9870","1":"product","2":"type-product","3":"status-publish","4":"has-post-thumbnail","6":"product_cat-dovanos-mergaitems","7":"product_cat-kurybiniai-rinkiniai","8":"product_cat-lavinamieji-zaislai","9":"product_cat-mediniai-zaislai","10":"product_cat-visi-zaislai","11":"product_cat-zaislai","12":"product_cat-zaislai-mergaitems","13":"product_tag-2-m-3-m","14":"product_tag-3-m-4-m","16":"first","17":"outofstock","18":"sale","19":"taxable","20":"shipping-taxable","21":"purchasable","22":"product-type-simple"},"yoast_head":"<!-- This site is optimized with the Yoast SEO plugin v23.3 - https:\/\/yoast.com\/wordpress\/plugins\/seo\/ -->\n<title>Magnetin\u0117 knygel\u0117 &quot;Princes\u0117s&quot; - Montessori \u017eaislai<\/title>\n<meta name=\"robots\" content=\"noindex, follow, max-snippet:-1, max-image-preview:large, max-video-preview:-1\" \/>\n<meta property=\"og:locale\" content=\"en_US\" \/>\n<meta property=\"og:type\" content=\"article\" \/>\n<meta property=\"og:title\" content=\"Magnetin\u0117 knygel\u0117 &quot;Princes\u0117s&quot; - Montessori \u017eaislai\" \/>\n<meta property=\"og:description\" content=\"Dvipus\u0117 magnetin\u0117 lenta. MATMENYS: 26 cm x 23 cm Dvipus\u0117 magnetin\u0117 lenta su sausu trintuku, magnetukais, dvipusemis kortelemis su pavyzdziais. PRINCES\u0116S Kiekvien\u0105 rinkin\u012f sudaro: &#8211; magnetine d\u0117\u017eut\u0117 &#8211; sausas trinamasis \u017eymeklis su kempin\u0117le, &#8211; magnetuk\u0173 rinkinys &#8211; dvipus\u0117s kortel\u0117s su paveiksl\u0117li\u0173 pavyzd\u017eiais, kuriuos reikia surinkti i\u0161 magnetuk\u0173 MATMENYS: 26 cm x 23 cm Am\u017eius 3+\" \/>\n<meta property=\"og:url\" content=\"https:\/\/dev.monti.lt\/en\/product\/magnetine-knygele-princeses\/\" \/>\n<meta property=\"og:site_name\" content=\"Montessori \u017eaislai\" \/>\n<meta property=\"article:modified_time\" content=\"2024-10-08T20:58:51+00:00\" \/>\n<meta property=\"og:image\" content=\"https:\/\/dev.monti.lt\/wp-content\/uploads\/2022\/09\/tablica-skrzynka-ksiezniczki-magnesy-3.jpg\" \/>\n\t<meta property=\"og:image:width\" content=\"800\" \/>\n\t<meta property=\"og:image:height\" content=\"800\" \/>\n\t<meta property=\"og:image:type\" content=\"image\/jpeg\" \/>\n<meta name=\"twitter:card\" content=\"summary_large_image\" \/>\n<meta name=\"twitter:label1\" content=\"Est. reading time\" \/>\n\t<meta name=\"twitter:data1\" content=\"1 minute\" \/>\n<script type=\"application\/ld+json\" class=\"yoast-schema-graph\">{\"@context\":\"https:\/\/schema.org\",\"@graph\":[{\"@type\":\"WebPage\",\"@id\":\"https:\/\/dev.monti.lt\/product\/magnetine-knygele-princeses\/\",\"url\":\"https:\/\/dev.monti.lt\/product\/magnetine-knygele-princeses\/\",\"name\":\"Magnetin\u0117 knygel\u0117 \\\"Princes\u0117s\\\" - Montessori \u017eaislai\",\"isPartOf\":{\"@id\":\"https:\/\/dev.monti.lt\/#website\"},\"primaryImageOfPage\":{\"@id\":\"https:\/\/dev.monti.lt\/product\/magnetine-knygele-princeses\/#primaryimage\"},\"image\":{\"@id\":\"https:\/\/dev.monti.lt\/product\/magnetine-knygele-princeses\/#primaryimage\"},\"thumbnailUrl\":\"https:\/\/dev.monti.lt\/wp-content\/uploads\/2022\/09\/tablica-skrzynka-ksiezniczki-magnesy-3.jpg\",\"datePublished\":\"2022-09-28T13:14:14+00:00\",\"dateModified\":\"2024-10-08T20:58:51+00:00\",\"breadcrumb\":{\"@id\":\"https:\/\/dev.monti.lt\/product\/magnetine-knygele-princeses\/#breadcrumb\"},\"inLanguage\":\"en-US\",\"potentialAction\":[{\"@type\":\"ReadAction\",\"target\":[\"https:\/\/dev.monti.lt\/product\/magnetine-knygele-princeses\/\"]}]},{\"@type\":\"ImageObject\",\"inLanguage\":\"en-US\",\"@id\":\"https:\/\/dev.monti.lt\/product\/magnetine-knygele-princeses\/#primaryimage\",\"url\":\"https:\/\/dev.monti.lt\/wp-content\/uploads\/2022\/09\/tablica-skrzynka-ksiezniczki-magnesy-3.jpg\",\"contentUrl\":\"https:\/\/dev.monti.lt\/wp-content\/uploads\/2022\/09\/tablica-skrzynka-ksiezniczki-magnesy-3.jpg\",\"width\":800,\"height\":800,\"caption\":\"aprenk prices\u0119\"},{\"@type\":\"BreadcrumbList\",\"@id\":\"https:\/\/dev.monti.lt\/product\/magnetine-knygele-princeses\/#breadcrumb\",\"itemListElement\":[{\"@type\":\"ListItem\",\"position\":1,\"name\":\"Home\",\"item\":\"https:\/\/dev.monti.lt\/\"},{\"@type\":\"ListItem\",\"position\":2,\"name\":\"Parduotuv\u0117\",\"item\":\"https:\/\/dev.monti.lt\/shop\/\"},{\"@type\":\"ListItem\",\"position\":3,\"name\":\"Magnetin\u0117 knygel\u0117 &#8220;Princes\u0117s&#8221;\"}]},{\"@type\":\"WebSite\",\"@id\":\"https:\/\/dev.monti.lt\/#website\",\"url\":\"https:\/\/dev.monti.lt\/\",\"name\":\"Montessori \u017eaislai\",\"description\":\"\",\"publisher\":{\"@id\":\"https:\/\/dev.monti.lt\/#organization\"},\"potentialAction\":[{\"@type\":\"SearchAction\",\"target\":{\"@type\":\"EntryPoint\",\"urlTemplate\":\"https:\/\/dev.monti.lt\/?s={search_term_string}\"},\"query-input\":\"required name=search_term_string\"}],\"inLanguage\":\"en-US\"},{\"@type\":\"Organization\",\"@id\":\"https:\/\/dev.monti.lt\/#organization\",\"name\":\"Montessori \u017eaislai\",\"url\":\"https:\/\/dev.monti.lt\/\",\"logo\":{\"@type\":\"ImageObject\",\"inLanguage\":\"en-US\",\"@id\":\"https:\/\/dev.monti.lt\/#\/schema\/logo\/image\/\",\"url\":\"https:\/\/dev.monti.lt\/wp-content\/uploads\/2022\/03\/montilogo-1.png\",\"contentUrl\":\"https:\/\/dev.monti.lt\/wp-content\/uploads\/2022\/03\/montilogo-1.png\",\"width\":512,\"height\":512,\"caption\":\"Montessori \u017eaislai\"},\"image\":{\"@id\":\"https:\/\/dev.monti.lt\/#\/schema\/logo\/image\/\"}}]}<\/script>\n<!-- \/ Yoast SEO plugin. -->","yoast_head_json":{"title":"Magnetin\u0117 knygel\u0117 \"Princes\u0117s\" - Montessori \u017eaislai","robots":{"index":"noindex","follow":"follow","max-snippet":"max-snippet:-1","max-image-preview":"max-image-preview:large","max-video-preview":"max-video-preview:-1"},"og_locale":"en_US","og_type":"article","og_title":"Magnetin\u0117 knygel\u0117 \"Princes\u0117s\" - Montessori \u017eaislai","og_description":"Dvipus\u0117 magnetin\u0117 lenta. MATMENYS: 26 cm x 23 cm Dvipus\u0117 magnetin\u0117 lenta su sausu trintuku, magnetukais, dvipusemis kortelemis su pavyzdziais. PRINCES\u0116S Kiekvien\u0105 rinkin\u012f sudaro: &#8211; magnetine d\u0117\u017eut\u0117 &#8211; sausas trinamasis \u017eymeklis su kempin\u0117le, &#8211; magnetuk\u0173 rinkinys &#8211; dvipus\u0117s kortel\u0117s su paveiksl\u0117li\u0173 pavyzd\u017eiais, kuriuos reikia surinkti i\u0161 magnetuk\u0173 MATMENYS: 26 cm x 23 cm Am\u017eius 3+","og_url":"https:\/\/dev.monti.lt\/en\/product\/magnetine-knygele-princeses\/","og_site_name":"Montessori \u017eaislai","article_modified_time":"2024-10-08T20:58:51+00:00","og_image":[{"width":800,"height":800,"url":"https:\/\/dev.monti.lt\/wp-content\/uploads\/2022\/09\/tablica-skrzynka-ksiezniczki-magnesy-3.jpg","type":"image\/jpeg"}],"twitter_card":"summary_large_image","twitter_misc":{"Est. reading time":"1 minute"},"schema":{"@context":"https:\/\/schema.org","@graph":[{"@type":"WebPage","@id":"https:\/\/dev.monti.lt\/product\/magnetine-knygele-princeses\/","url":"https:\/\/dev.monti.lt\/product\/magnetine-knygele-princeses\/","name":"Magnetin\u0117 knygel\u0117 \"Princes\u0117s\" - Montessori \u017eaislai","isPartOf":{"@id":"https:\/\/dev.monti.lt\/#website"},"primaryImageOfPage":{"@id":"https:\/\/dev.monti.lt\/product\/magnetine-knygele-princeses\/#primaryimage"},"image":{"@id":"https:\/\/dev.monti.lt\/product\/magnetine-knygele-princeses\/#primaryimage"},"thumbnailUrl":"https:\/\/dev.monti.lt\/wp-content\/uploads\/2022\/09\/tablica-skrzynka-ksiezniczki-magnesy-3.jpg","datePublished":"2022-09-28T13:14:14+00:00","dateModified":"2024-10-08T20:58:51+00:00","breadcrumb":{"@id":"https:\/\/dev.monti.lt\/product\/magnetine-knygele-princeses\/#breadcrumb"},"inLanguage":"en-US","potentialAction":[{"@type":"ReadAction","target":["https:\/\/dev.monti.lt\/product\/magnetine-knygele-princeses\/"]}]},{"@type":"ImageObject","inLanguage":"en-US","@id":"https:\/\/dev.monti.lt\/product\/magnetine-knygele-princeses\/#primaryimage","url":"https:\/\/dev.monti.lt\/wp-content\/uploads\/2022\/09\/tablica-skrzynka-ksiezniczki-magnesy-3.jpg","contentUrl":"https:\/\/dev.monti.lt\/wp-content\/uploads\/2022\/09\/tablica-skrzynka-ksiezniczki-magnesy-3.jpg","width":800,"height":800,"caption":"aprenk prices\u0119"},{"@type":"BreadcrumbList","@id":"https:\/\/dev.monti.lt\/product\/magnetine-knygele-princeses\/#breadcrumb","itemListElement":[{"@type":"ListItem","position":1,"name":"Home","item":"https:\/\/dev.monti.lt\/"},{"@type":"ListItem","position":2,"name":"Parduotuv\u0117","item":"https:\/\/dev.monti.lt\/shop\/"},{"@type":"ListItem","position":3,"name":"Magnetin\u0117 knygel\u0117 &#8220;Princes\u0117s&#8221;"}]},{"@type":"WebSite","@id":"https:\/\/dev.monti.lt\/#website","url":"https:\/\/dev.monti.lt\/","name":"Montessori \u017eaislai","description":"","publisher":{"@id":"https:\/\/dev.monti.lt\/#organization"},"potentialAction":[{"@type":"SearchAction","target":{"@type":"EntryPoint","urlTemplate":"https:\/\/dev.monti.lt\/?s={search_term_string}"},"query-input":"required name=search_term_string"}],"inLanguage":"en-US"},{"@type":"Organization","@id":"https:\/\/dev.monti.lt\/#organization","name":"Montessori \u017eaislai","url":"https:\/\/dev.monti.lt\/","logo":{"@type":"ImageObject","inLanguage":"en-US","@id":"https:\/\/dev.monti.lt\/#\/schema\/logo\/image\/","url":"https:\/\/dev.monti.lt\/wp-content\/uploads\/2022\/03\/montilogo-1.png","contentUrl":"https:\/\/dev.monti.lt\/wp-content\/uploads\/2022\/03\/montilogo-1.png","width":512,"height":512,"caption":"Montessori \u017eaislai"},"image":{"@id":"https:\/\/dev.monti.lt\/#\/schema\/logo\/image\/"}}]}},"_links":{"self":[{"href":"https:\/\/dev.monti.lt\/en\/wp-json\/wp\/v2\/product\/9870"}],"collection":[{"href":"https:\/\/dev.monti.lt\/en\/wp-json\/wp\/v2\/product"}],"about":[{"href":"https:\/\/dev.monti.lt\/en\/wp-json\/wp\/v2\/types\/product"}],"version-history":[{"count":4,"href":"https:\/\/dev.monti.lt\/en\/wp-json\/wp\/v2\/product\/9870\/revisions"}],"predecessor-version":[{"id":13386,"href":"https:\/\/dev.monti.lt\/en\/wp-json\/wp\/v2\/product\/9870\/revisions\/13386"}],"wp:featuredmedia":[{"embeddable":true,"href":"https:\/\/dev.monti.lt\/en\/wp-json\/wp\/v2\/media\/9871"}],"wp:attachment":[{"href":"https:\/\/dev.monti.lt\/en\/wp-json\/wp\/v2\/media?parent=9870"}],"wp:term":[{"taxonomy":"product_cat","embeddable":true,"href":"https:\/\/dev.monti.lt\/en\/wp-json\/wp\/v2\/product_cat?post=9870"},{"taxonomy":"product_tag","embeddable":true,"href":"https:\/\/dev.monti.lt\/en\/wp-json\/wp\/v2\/product_tag?post=9870"}],"curies":[{"name":"wp","href":"https:\/\/api.w.org\/{rel}","templated":true}]}}