{"id":9816,"date":"2022-09-28T08:15:57","date_gmt":"2022-09-28T08:15:57","guid":{"rendered":"https:\/\/dev.monti.lt\/?post_type=product&#038;p=9816"},"modified":"2024-09-27T07:22:04","modified_gmt":"2024-09-27T07:22:04","slug":"sraigteliu-delione","status":"publish","type":"product","link":"https:\/\/dev.monti.lt\/en\/product\/sraigteliu-delione\/","title":{"rendered":"Sraigteli\u0173 d\u0117lion\u0117"},"content":{"rendered":"<p>Naudodamasis \u0161ia r\u016b\u0161iuokle vaikas greitai ir lengvai i\u0161moks formas ir spalvas, taip pat gyv\u016bn\u0173 pavadinimus.<br \/>\nNieko n\u0117ra geriau nei mokytis \u017eaid\u017eiant, vaikas nepastebimai, mums padedant, atskirs spalvas ir formas, gyv\u016bnus, nes kiekvienas krumpliaratis turi skirting\u0105 spalv\u0105 ir skirting\u0105 geometrin\u0119 fig\u016br\u0105.<br \/>\nBe to, \u017eaidimas padeda lavinti akies ir rankos koordinacij\u0105, tikslum\u0105 ir kantryb\u0119, nes kiekvien\u0105 fig\u016br\u0105 reikia \u012fd\u0117ti \u012f reikiam\u0105 viet\u0105 ir pritaikyti<\/p>\n<p>Spalvingas r\u016b\u0161iuoklis pagamintas i\u0161 med\u017eio ir nuda\u017eytas saugiais vandens pagrindo da\u017eais. Visi kampai suapvalinti, tod\u0117l galime b\u016bti tikri, kad \u017eaislas saugus m\u016bs\u0173 ma\u017eiesiems.<br \/>\nSpalvinga pakuot\u0117 taip pat puikiai tinka dovanoms.<br \/>\nTinkami matmenys: 30,5x8x10 cm<\/p>","protected":false},"excerpt":{"rendered":"<p>Naudodamasis \u0161ia r\u016b\u0161iuokle vaikas greitai ir lengvai i\u0161moks formas ir spalvas, taip pat gyv\u016bn\u0173 pavadinimus. Nieko n\u0117ra geriau nei mokytis \u017eaid\u017eiant, vaikas nepastebimai, mums padedant, atskirs spalvas ir formas, gyv\u016bnus, nes kiekvienas krumpliaratis turi skirting\u0105 spalv\u0105 ir skirting\u0105 geometrin\u0119 fig\u016br\u0105. Be to, \u017eaidimas padeda lavinti akies ir rankos koordinacij\u0105, tikslum\u0105 ir kantryb\u0119, nes kiekvien\u0105 fig\u016br\u0105 [&hellip;]<\/p>","protected":false},"featured_media":9821,"template":"","meta":{"iawp_total_views":31},"product_cat":[92,193,191,192,84,91,102,86,49,39],"product_tag":[95,96,97],"class_list":{"0":"post-9816","1":"product","2":"type-product","3":"status-publish","4":"has-post-thumbnail","6":"product_cat-deliones","7":"product_cat-dovanos-vaikams-1-2-metu","8":"product_cat-dovanos-vaikams","9":"product_cat-kaledines-dovanos-vaikams","10":"product_cat-lavinamieji-zaislai","11":"product_cat-loginiam-mastymui","12":"product_cat-mediniai-zaislai","13":"product_cat-smulkioji-motorika","14":"product_cat-visi-zaislai","15":"product_cat-zaislai","16":"product_tag-1-m-2-m","17":"product_tag-2-m-3-m","18":"product_tag-3-m-4-m","20":"first","21":"outofstock","22":"sale","23":"taxable","24":"shipping-taxable","25":"purchasable","26":"product-type-simple"},"yoast_head":"<!-- This site is optimized with the Yoast SEO plugin v23.3 - https:\/\/yoast.com\/wordpress\/plugins\/seo\/ -->\n<title>Sraigteli\u0173 d\u0117lion\u0117 - Montessori \u017eaislai<\/title>\n<meta name=\"robots\" content=\"noindex, follow, max-snippet:-1, max-image-preview:large, max-video-preview:-1\" \/>\n<meta property=\"og:locale\" content=\"en_US\" \/>\n<meta property=\"og:type\" content=\"article\" \/>\n<meta property=\"og:title\" content=\"Sraigteli\u0173 d\u0117lion\u0117 - Montessori \u017eaislai\" \/>\n<meta property=\"og:description\" content=\"Naudodamasis \u0161ia r\u016b\u0161iuokle vaikas greitai ir lengvai i\u0161moks formas ir spalvas, taip pat gyv\u016bn\u0173 pavadinimus. Nieko n\u0117ra geriau nei mokytis \u017eaid\u017eiant, vaikas nepastebimai, mums padedant, atskirs spalvas ir formas, gyv\u016bnus, nes kiekvienas krumpliaratis turi skirting\u0105 spalv\u0105 ir skirting\u0105 geometrin\u0119 fig\u016br\u0105. Be to, \u017eaidimas padeda lavinti akies ir rankos koordinacij\u0105, tikslum\u0105 ir kantryb\u0119, nes kiekvien\u0105 fig\u016br\u0105 [&hellip;]\" \/>\n<meta property=\"og:url\" content=\"https:\/\/dev.monti.lt\/en\/product\/sraigteliu-delione\/\" \/>\n<meta property=\"og:site_name\" content=\"Montessori \u017eaislai\" \/>\n<meta property=\"article:modified_time\" content=\"2024-09-27T07:22:04+00:00\" \/>\n<meta property=\"og:image\" content=\"https:\/\/dev.monti.lt\/wp-content\/uploads\/2022\/09\/gra-zrecznosciowa-logiczna-sorter-nakladanka-zwierzatka-zoo-zebatki-jhtoy-251.jpg\" \/>\n\t<meta property=\"og:image:width\" content=\"800\" \/>\n\t<meta property=\"og:image:height\" content=\"800\" \/>\n\t<meta property=\"og:image:type\" content=\"image\/jpeg\" \/>\n<meta name=\"twitter:card\" content=\"summary_large_image\" \/>\n<meta name=\"twitter:label1\" content=\"Est. reading time\" \/>\n\t<meta name=\"twitter:data1\" content=\"1 minute\" \/>\n<script type=\"application\/ld+json\" class=\"yoast-schema-graph\">{\"@context\":\"https:\/\/schema.org\",\"@graph\":[{\"@type\":\"WebPage\",\"@id\":\"https:\/\/dev.monti.lt\/product\/sraigteliu-delione\/\",\"url\":\"https:\/\/dev.monti.lt\/product\/sraigteliu-delione\/\",\"name\":\"Sraigteli\u0173 d\u0117lion\u0117 - Montessori \u017eaislai\",\"isPartOf\":{\"@id\":\"https:\/\/dev.monti.lt\/#website\"},\"primaryImageOfPage\":{\"@id\":\"https:\/\/dev.monti.lt\/product\/sraigteliu-delione\/#primaryimage\"},\"image\":{\"@id\":\"https:\/\/dev.monti.lt\/product\/sraigteliu-delione\/#primaryimage\"},\"thumbnailUrl\":\"https:\/\/dev.monti.lt\/wp-content\/uploads\/2022\/09\/gra-zrecznosciowa-logiczna-sorter-nakladanka-zwierzatka-zoo-zebatki-jhtoy-251.jpg\",\"datePublished\":\"2022-09-28T08:15:57+00:00\",\"dateModified\":\"2024-09-27T07:22:04+00:00\",\"breadcrumb\":{\"@id\":\"https:\/\/dev.monti.lt\/product\/sraigteliu-delione\/#breadcrumb\"},\"inLanguage\":\"en-US\",\"potentialAction\":[{\"@type\":\"ReadAction\",\"target\":[\"https:\/\/dev.monti.lt\/product\/sraigteliu-delione\/\"]}]},{\"@type\":\"ImageObject\",\"inLanguage\":\"en-US\",\"@id\":\"https:\/\/dev.monti.lt\/product\/sraigteliu-delione\/#primaryimage\",\"url\":\"https:\/\/dev.monti.lt\/wp-content\/uploads\/2022\/09\/gra-zrecznosciowa-logiczna-sorter-nakladanka-zwierzatka-zoo-zebatki-jhtoy-251.jpg\",\"contentUrl\":\"https:\/\/dev.monti.lt\/wp-content\/uploads\/2022\/09\/gra-zrecznosciowa-logiczna-sorter-nakladanka-zwierzatka-zoo-zebatki-jhtoy-251.jpg\",\"width\":800,\"height\":800,\"caption\":\"sraigteli\u0173 d\u0117lion\u0117 li\u016btas\"},{\"@type\":\"BreadcrumbList\",\"@id\":\"https:\/\/dev.monti.lt\/product\/sraigteliu-delione\/#breadcrumb\",\"itemListElement\":[{\"@type\":\"ListItem\",\"position\":1,\"name\":\"Home\",\"item\":\"https:\/\/dev.monti.lt\/\"},{\"@type\":\"ListItem\",\"position\":2,\"name\":\"Parduotuv\u0117\",\"item\":\"https:\/\/dev.monti.lt\/shop\/\"},{\"@type\":\"ListItem\",\"position\":3,\"name\":\"Sraigteli\u0173 d\u0117lion\u0117\"}]},{\"@type\":\"WebSite\",\"@id\":\"https:\/\/dev.monti.lt\/#website\",\"url\":\"https:\/\/dev.monti.lt\/\",\"name\":\"Montessori \u017eaislai\",\"description\":\"\",\"publisher\":{\"@id\":\"https:\/\/dev.monti.lt\/#organization\"},\"potentialAction\":[{\"@type\":\"SearchAction\",\"target\":{\"@type\":\"EntryPoint\",\"urlTemplate\":\"https:\/\/dev.monti.lt\/?s={search_term_string}\"},\"query-input\":\"required name=search_term_string\"}],\"inLanguage\":\"en-US\"},{\"@type\":\"Organization\",\"@id\":\"https:\/\/dev.monti.lt\/#organization\",\"name\":\"Montessori \u017eaislai\",\"url\":\"https:\/\/dev.monti.lt\/\",\"logo\":{\"@type\":\"ImageObject\",\"inLanguage\":\"en-US\",\"@id\":\"https:\/\/dev.monti.lt\/#\/schema\/logo\/image\/\",\"url\":\"https:\/\/dev.monti.lt\/wp-content\/uploads\/2022\/03\/montilogo-1.png\",\"contentUrl\":\"https:\/\/dev.monti.lt\/wp-content\/uploads\/2022\/03\/montilogo-1.png\",\"width\":512,\"height\":512,\"caption\":\"Montessori \u017eaislai\"},\"image\":{\"@id\":\"https:\/\/dev.monti.lt\/#\/schema\/logo\/image\/\"}}]}<\/script>\n<!-- \/ Yoast SEO plugin. -->","yoast_head_json":{"title":"Sraigteli\u0173 d\u0117lion\u0117 - Montessori \u017eaislai","robots":{"index":"noindex","follow":"follow","max-snippet":"max-snippet:-1","max-image-preview":"max-image-preview:large","max-video-preview":"max-video-preview:-1"},"og_locale":"en_US","og_type":"article","og_title":"Sraigteli\u0173 d\u0117lion\u0117 - Montessori \u017eaislai","og_description":"Naudodamasis \u0161ia r\u016b\u0161iuokle vaikas greitai ir lengvai i\u0161moks formas ir spalvas, taip pat gyv\u016bn\u0173 pavadinimus. Nieko n\u0117ra geriau nei mokytis \u017eaid\u017eiant, vaikas nepastebimai, mums padedant, atskirs spalvas ir formas, gyv\u016bnus, nes kiekvienas krumpliaratis turi skirting\u0105 spalv\u0105 ir skirting\u0105 geometrin\u0119 fig\u016br\u0105. Be to, \u017eaidimas padeda lavinti akies ir rankos koordinacij\u0105, tikslum\u0105 ir kantryb\u0119, nes kiekvien\u0105 fig\u016br\u0105 [&hellip;]","og_url":"https:\/\/dev.monti.lt\/en\/product\/sraigteliu-delione\/","og_site_name":"Montessori \u017eaislai","article_modified_time":"2024-09-27T07:22:04+00:00","og_image":[{"width":800,"height":800,"url":"https:\/\/dev.monti.lt\/wp-content\/uploads\/2022\/09\/gra-zrecznosciowa-logiczna-sorter-nakladanka-zwierzatka-zoo-zebatki-jhtoy-251.jpg","type":"image\/jpeg"}],"twitter_card":"summary_large_image","twitter_misc":{"Est. reading time":"1 minute"},"schema":{"@context":"https:\/\/schema.org","@graph":[{"@type":"WebPage","@id":"https:\/\/dev.monti.lt\/product\/sraigteliu-delione\/","url":"https:\/\/dev.monti.lt\/product\/sraigteliu-delione\/","name":"Sraigteli\u0173 d\u0117lion\u0117 - Montessori \u017eaislai","isPartOf":{"@id":"https:\/\/dev.monti.lt\/#website"},"primaryImageOfPage":{"@id":"https:\/\/dev.monti.lt\/product\/sraigteliu-delione\/#primaryimage"},"image":{"@id":"https:\/\/dev.monti.lt\/product\/sraigteliu-delione\/#primaryimage"},"thumbnailUrl":"https:\/\/dev.monti.lt\/wp-content\/uploads\/2022\/09\/gra-zrecznosciowa-logiczna-sorter-nakladanka-zwierzatka-zoo-zebatki-jhtoy-251.jpg","datePublished":"2022-09-28T08:15:57+00:00","dateModified":"2024-09-27T07:22:04+00:00","breadcrumb":{"@id":"https:\/\/dev.monti.lt\/product\/sraigteliu-delione\/#breadcrumb"},"inLanguage":"en-US","potentialAction":[{"@type":"ReadAction","target":["https:\/\/dev.monti.lt\/product\/sraigteliu-delione\/"]}]},{"@type":"ImageObject","inLanguage":"en-US","@id":"https:\/\/dev.monti.lt\/product\/sraigteliu-delione\/#primaryimage","url":"https:\/\/dev.monti.lt\/wp-content\/uploads\/2022\/09\/gra-zrecznosciowa-logiczna-sorter-nakladanka-zwierzatka-zoo-zebatki-jhtoy-251.jpg","contentUrl":"https:\/\/dev.monti.lt\/wp-content\/uploads\/2022\/09\/gra-zrecznosciowa-logiczna-sorter-nakladanka-zwierzatka-zoo-zebatki-jhtoy-251.jpg","width":800,"height":800,"caption":"sraigteli\u0173 d\u0117lion\u0117 li\u016btas"},{"@type":"BreadcrumbList","@id":"https:\/\/dev.monti.lt\/product\/sraigteliu-delione\/#breadcrumb","itemListElement":[{"@type":"ListItem","position":1,"name":"Home","item":"https:\/\/dev.monti.lt\/"},{"@type":"ListItem","position":2,"name":"Parduotuv\u0117","item":"https:\/\/dev.monti.lt\/shop\/"},{"@type":"ListItem","position":3,"name":"Sraigteli\u0173 d\u0117lion\u0117"}]},{"@type":"WebSite","@id":"https:\/\/dev.monti.lt\/#website","url":"https:\/\/dev.monti.lt\/","name":"Montessori \u017eaislai","description":"","publisher":{"@id":"https:\/\/dev.monti.lt\/#organization"},"potentialAction":[{"@type":"SearchAction","target":{"@type":"EntryPoint","urlTemplate":"https:\/\/dev.monti.lt\/?s={search_term_string}"},"query-input":"required name=search_term_string"}],"inLanguage":"en-US"},{"@type":"Organization","@id":"https:\/\/dev.monti.lt\/#organization","name":"Montessori \u017eaislai","url":"https:\/\/dev.monti.lt\/","logo":{"@type":"ImageObject","inLanguage":"en-US","@id":"https:\/\/dev.monti.lt\/#\/schema\/logo\/image\/","url":"https:\/\/dev.monti.lt\/wp-content\/uploads\/2022\/03\/montilogo-1.png","contentUrl":"https:\/\/dev.monti.lt\/wp-content\/uploads\/2022\/03\/montilogo-1.png","width":512,"height":512,"caption":"Montessori \u017eaislai"},"image":{"@id":"https:\/\/dev.monti.lt\/#\/schema\/logo\/image\/"}}]}},"_links":{"self":[{"href":"https:\/\/dev.monti.lt\/en\/wp-json\/wp\/v2\/product\/9816"}],"collection":[{"href":"https:\/\/dev.monti.lt\/en\/wp-json\/wp\/v2\/product"}],"about":[{"href":"https:\/\/dev.monti.lt\/en\/wp-json\/wp\/v2\/types\/product"}],"version-history":[{"count":1,"href":"https:\/\/dev.monti.lt\/en\/wp-json\/wp\/v2\/product\/9816\/revisions"}],"predecessor-version":[{"id":9824,"href":"https:\/\/dev.monti.lt\/en\/wp-json\/wp\/v2\/product\/9816\/revisions\/9824"}],"wp:featuredmedia":[{"embeddable":true,"href":"https:\/\/dev.monti.lt\/en\/wp-json\/wp\/v2\/media\/9821"}],"wp:attachment":[{"href":"https:\/\/dev.monti.lt\/en\/wp-json\/wp\/v2\/media?parent=9816"}],"wp:term":[{"taxonomy":"product_cat","embeddable":true,"href":"https:\/\/dev.monti.lt\/en\/wp-json\/wp\/v2\/product_cat?post=9816"},{"taxonomy":"product_tag","embeddable":true,"href":"https:\/\/dev.monti.lt\/en\/wp-json\/wp\/v2\/product_tag?post=9816"}],"curies":[{"name":"wp","href":"https:\/\/api.w.org\/{rel}","templated":true}]}}