{"id":9801,"date":"2022-09-28T08:07:04","date_gmt":"2022-09-28T08:07:04","guid":{"rendered":"https:\/\/dev.monti.lt\/?post_type=product&#038;p=9801"},"modified":"2024-10-02T10:04:26","modified_gmt":"2024-10-02T10:04:26","slug":"raidziu-ir-skaiciu-korteles","status":"publish","type":"product","link":"https:\/\/dev.monti.lt\/en\/product\/raidziu-ir-skaiciu-korteles\/","title":{"rendered":"Raid\u017ei\u0173 ir skai\u010di\u0173 kortel\u0117s"},"content":{"rendered":"<p>\u0160is didelis angl\u0173 kalbos mokymosi rinkinys yra labai gera priemon\u0117, padedanti greitai i\u0161mokti raid\u017ei\u0173, \u017eod\u017ei\u0173 ir skai\u010di\u0173 angl\u0173 kalba. M\u016bs\u0173 padedamas vaikas per smagius, spalvingus paveiksl\u0117lius gali labai greitai i\u0161mokti \u017eod\u017ei\u0173 ir skai\u010di\u0173.<br \/>\nSpalvotomis kortel\u0117mis galime mokyti vaik\u0105 ab\u0117c\u0117l\u0117s ir skai\u010di\u0173, o v\u0117liau d\u0117l asociacij\u0173 vaikas greitai \u012fsimins gyv\u016bn\u0173 pavadinimus.<br \/>\nVaik\u0105 galime mokyti \u012fvairiais b\u016bdais, nes prie kiekvienos kortel\u0117s reikia priderinti medin\u0119 raid\u0119, o vyresni vaikai i\u0161 medini\u0173 raid\u017ei\u0173 gali sud\u0117lioti \u017eod\u017eius angl\u0173 kalba.<\/p>\n<p>Rinkin\u012f sudaro \u0161ie elementai:<br \/>\n&#8211; kortel\u0117s su gyv\u016bnais ir raid\u0117mis &#8211; 26 vnt.<br \/>\n&#8211; kortel\u0117s su gyv\u016bnais ir skai\u010diais &#8211; 10 vnt.<br \/>\n&#8211; medin\u0117s raid\u0117s ir skai\u010diai &#8211; 26 raid\u0117s ir skai\u010diai 1-10<br \/>\n&#8211; d\u0117\u017eut\u0117<br \/>\nVisos raid\u0117s da\u017eytos saugiais vandens pagrindo da\u017eais.<\/p>","protected":false},"excerpt":{"rendered":"<p>\u0160is didelis angl\u0173 kalbos mokymosi rinkinys yra labai gera priemon\u0117, padedanti greitai i\u0161mokti raid\u017ei\u0173, \u017eod\u017ei\u0173 ir skai\u010di\u0173 angl\u0173 kalba. M\u016bs\u0173 padedamas vaikas per smagius, spalvingus paveiksl\u0117lius gali labai greitai i\u0161mokti \u017eod\u017ei\u0173 ir skai\u010di\u0173. Spalvotomis kortel\u0117mis galime mokyti vaik\u0105 ab\u0117c\u0117l\u0117s ir skai\u010di\u0173, o v\u0117liau d\u0117l asociacij\u0173 vaikas greitai \u012fsimins gyv\u016bn\u0173 pavadinimus. Vaik\u0105 galime mokyti \u012fvairiais b\u016bdais, [&hellip;]<\/p>","protected":false},"featured_media":9802,"template":"","meta":{"iawp_total_views":78},"product_cat":[92,84,88,90,86,49,39],"product_tag":[96,97,98],"class_list":{"0":"post-9801","1":"product","2":"type-product","3":"status-publish","4":"has-post-thumbnail","6":"product_cat-deliones","7":"product_cat-lavinamieji-zaislai","8":"product_cat-mokausi-zaisti","9":"product_cat-pasaulio-pazinimas","10":"product_cat-smulkioji-motorika","11":"product_cat-visi-zaislai","12":"product_cat-zaislai","13":"product_tag-2-m-3-m","14":"product_tag-3-m-4-m","15":"product_tag-5-m-7-m","17":"first","18":"instock","19":"sale","20":"taxable","21":"shipping-taxable","22":"purchasable","23":"product-type-simple"},"yoast_head":"<!-- This site is optimized with the Yoast SEO plugin v23.3 - https:\/\/yoast.com\/wordpress\/plugins\/seo\/ -->\n<title>Raid\u017ei\u0173 ir skai\u010di\u0173 kortel\u0117s - Montessori \u017eaislai<\/title>\n<meta name=\"robots\" content=\"noindex, follow, max-snippet:-1, max-image-preview:large, max-video-preview:-1\" \/>\n<meta property=\"og:locale\" content=\"en_US\" \/>\n<meta property=\"og:type\" content=\"article\" \/>\n<meta property=\"og:title\" content=\"Raid\u017ei\u0173 ir skai\u010di\u0173 kortel\u0117s - Montessori \u017eaislai\" \/>\n<meta property=\"og:description\" content=\"\u0160is didelis angl\u0173 kalbos mokymosi rinkinys yra labai gera priemon\u0117, padedanti greitai i\u0161mokti raid\u017ei\u0173, \u017eod\u017ei\u0173 ir skai\u010di\u0173 angl\u0173 kalba. M\u016bs\u0173 padedamas vaikas per smagius, spalvingus paveiksl\u0117lius gali labai greitai i\u0161mokti \u017eod\u017ei\u0173 ir skai\u010di\u0173. Spalvotomis kortel\u0117mis galime mokyti vaik\u0105 ab\u0117c\u0117l\u0117s ir skai\u010di\u0173, o v\u0117liau d\u0117l asociacij\u0173 vaikas greitai \u012fsimins gyv\u016bn\u0173 pavadinimus. Vaik\u0105 galime mokyti \u012fvairiais b\u016bdais, [&hellip;]\" \/>\n<meta property=\"og:url\" content=\"https:\/\/dev.monti.lt\/en\/product\/raidziu-ir-skaiciu-korteles\/\" \/>\n<meta property=\"og:site_name\" content=\"Montessori \u017eaislai\" \/>\n<meta property=\"article:modified_time\" content=\"2024-10-02T10:04:26+00:00\" \/>\n<meta property=\"og:image\" content=\"https:\/\/dev.monti.lt\/wp-content\/uploads\/2022\/09\/gra-logiczna-nauka-angielskiego-wyrazy-cyfry-litery-jhtoy-238.jpg\" \/>\n\t<meta property=\"og:image:width\" content=\"800\" \/>\n\t<meta property=\"og:image:height\" content=\"800\" \/>\n\t<meta property=\"og:image:type\" content=\"image\/jpeg\" \/>\n<meta name=\"twitter:card\" content=\"summary_large_image\" \/>\n<meta name=\"twitter:label1\" content=\"Est. reading time\" \/>\n\t<meta name=\"twitter:data1\" content=\"1 minute\" \/>\n<script type=\"application\/ld+json\" class=\"yoast-schema-graph\">{\"@context\":\"https:\/\/schema.org\",\"@graph\":[{\"@type\":\"WebPage\",\"@id\":\"https:\/\/dev.monti.lt\/product\/raidziu-ir-skaiciu-korteles\/\",\"url\":\"https:\/\/dev.monti.lt\/product\/raidziu-ir-skaiciu-korteles\/\",\"name\":\"Raid\u017ei\u0173 ir skai\u010di\u0173 kortel\u0117s - Montessori \u017eaislai\",\"isPartOf\":{\"@id\":\"https:\/\/dev.monti.lt\/#website\"},\"primaryImageOfPage\":{\"@id\":\"https:\/\/dev.monti.lt\/product\/raidziu-ir-skaiciu-korteles\/#primaryimage\"},\"image\":{\"@id\":\"https:\/\/dev.monti.lt\/product\/raidziu-ir-skaiciu-korteles\/#primaryimage\"},\"thumbnailUrl\":\"https:\/\/dev.monti.lt\/wp-content\/uploads\/2022\/09\/gra-logiczna-nauka-angielskiego-wyrazy-cyfry-litery-jhtoy-238.jpg\",\"datePublished\":\"2022-09-28T08:07:04+00:00\",\"dateModified\":\"2024-10-02T10:04:26+00:00\",\"breadcrumb\":{\"@id\":\"https:\/\/dev.monti.lt\/product\/raidziu-ir-skaiciu-korteles\/#breadcrumb\"},\"inLanguage\":\"en-US\",\"potentialAction\":[{\"@type\":\"ReadAction\",\"target\":[\"https:\/\/dev.monti.lt\/product\/raidziu-ir-skaiciu-korteles\/\"]}]},{\"@type\":\"ImageObject\",\"inLanguage\":\"en-US\",\"@id\":\"https:\/\/dev.monti.lt\/product\/raidziu-ir-skaiciu-korteles\/#primaryimage\",\"url\":\"https:\/\/dev.monti.lt\/wp-content\/uploads\/2022\/09\/gra-logiczna-nauka-angielskiego-wyrazy-cyfry-litery-jhtoy-238.jpg\",\"contentUrl\":\"https:\/\/dev.monti.lt\/wp-content\/uploads\/2022\/09\/gra-logiczna-nauka-angielskiego-wyrazy-cyfry-litery-jhtoy-238.jpg\",\"width\":800,\"height\":800,\"caption\":\"raidziu ir skaiciu korteles\"},{\"@type\":\"BreadcrumbList\",\"@id\":\"https:\/\/dev.monti.lt\/product\/raidziu-ir-skaiciu-korteles\/#breadcrumb\",\"itemListElement\":[{\"@type\":\"ListItem\",\"position\":1,\"name\":\"Home\",\"item\":\"https:\/\/dev.monti.lt\/\"},{\"@type\":\"ListItem\",\"position\":2,\"name\":\"Parduotuv\u0117\",\"item\":\"https:\/\/dev.monti.lt\/shop\/\"},{\"@type\":\"ListItem\",\"position\":3,\"name\":\"Raid\u017ei\u0173 ir skai\u010di\u0173 kortel\u0117s\"}]},{\"@type\":\"WebSite\",\"@id\":\"https:\/\/dev.monti.lt\/#website\",\"url\":\"https:\/\/dev.monti.lt\/\",\"name\":\"Montessori \u017eaislai\",\"description\":\"\",\"publisher\":{\"@id\":\"https:\/\/dev.monti.lt\/#organization\"},\"potentialAction\":[{\"@type\":\"SearchAction\",\"target\":{\"@type\":\"EntryPoint\",\"urlTemplate\":\"https:\/\/dev.monti.lt\/?s={search_term_string}\"},\"query-input\":\"required name=search_term_string\"}],\"inLanguage\":\"en-US\"},{\"@type\":\"Organization\",\"@id\":\"https:\/\/dev.monti.lt\/#organization\",\"name\":\"Montessori \u017eaislai\",\"url\":\"https:\/\/dev.monti.lt\/\",\"logo\":{\"@type\":\"ImageObject\",\"inLanguage\":\"en-US\",\"@id\":\"https:\/\/dev.monti.lt\/#\/schema\/logo\/image\/\",\"url\":\"https:\/\/dev.monti.lt\/wp-content\/uploads\/2022\/03\/montilogo-1.png\",\"contentUrl\":\"https:\/\/dev.monti.lt\/wp-content\/uploads\/2022\/03\/montilogo-1.png\",\"width\":512,\"height\":512,\"caption\":\"Montessori \u017eaislai\"},\"image\":{\"@id\":\"https:\/\/dev.monti.lt\/#\/schema\/logo\/image\/\"}}]}<\/script>\n<!-- \/ Yoast SEO plugin. -->","yoast_head_json":{"title":"Raid\u017ei\u0173 ir skai\u010di\u0173 kortel\u0117s - Montessori \u017eaislai","robots":{"index":"noindex","follow":"follow","max-snippet":"max-snippet:-1","max-image-preview":"max-image-preview:large","max-video-preview":"max-video-preview:-1"},"og_locale":"en_US","og_type":"article","og_title":"Raid\u017ei\u0173 ir skai\u010di\u0173 kortel\u0117s - Montessori \u017eaislai","og_description":"\u0160is didelis angl\u0173 kalbos mokymosi rinkinys yra labai gera priemon\u0117, padedanti greitai i\u0161mokti raid\u017ei\u0173, \u017eod\u017ei\u0173 ir skai\u010di\u0173 angl\u0173 kalba. M\u016bs\u0173 padedamas vaikas per smagius, spalvingus paveiksl\u0117lius gali labai greitai i\u0161mokti \u017eod\u017ei\u0173 ir skai\u010di\u0173. Spalvotomis kortel\u0117mis galime mokyti vaik\u0105 ab\u0117c\u0117l\u0117s ir skai\u010di\u0173, o v\u0117liau d\u0117l asociacij\u0173 vaikas greitai \u012fsimins gyv\u016bn\u0173 pavadinimus. Vaik\u0105 galime mokyti \u012fvairiais b\u016bdais, [&hellip;]","og_url":"https:\/\/dev.monti.lt\/en\/product\/raidziu-ir-skaiciu-korteles\/","og_site_name":"Montessori \u017eaislai","article_modified_time":"2024-10-02T10:04:26+00:00","og_image":[{"width":800,"height":800,"url":"https:\/\/dev.monti.lt\/wp-content\/uploads\/2022\/09\/gra-logiczna-nauka-angielskiego-wyrazy-cyfry-litery-jhtoy-238.jpg","type":"image\/jpeg"}],"twitter_card":"summary_large_image","twitter_misc":{"Est. reading time":"1 minute"},"schema":{"@context":"https:\/\/schema.org","@graph":[{"@type":"WebPage","@id":"https:\/\/dev.monti.lt\/product\/raidziu-ir-skaiciu-korteles\/","url":"https:\/\/dev.monti.lt\/product\/raidziu-ir-skaiciu-korteles\/","name":"Raid\u017ei\u0173 ir skai\u010di\u0173 kortel\u0117s - Montessori \u017eaislai","isPartOf":{"@id":"https:\/\/dev.monti.lt\/#website"},"primaryImageOfPage":{"@id":"https:\/\/dev.monti.lt\/product\/raidziu-ir-skaiciu-korteles\/#primaryimage"},"image":{"@id":"https:\/\/dev.monti.lt\/product\/raidziu-ir-skaiciu-korteles\/#primaryimage"},"thumbnailUrl":"https:\/\/dev.monti.lt\/wp-content\/uploads\/2022\/09\/gra-logiczna-nauka-angielskiego-wyrazy-cyfry-litery-jhtoy-238.jpg","datePublished":"2022-09-28T08:07:04+00:00","dateModified":"2024-10-02T10:04:26+00:00","breadcrumb":{"@id":"https:\/\/dev.monti.lt\/product\/raidziu-ir-skaiciu-korteles\/#breadcrumb"},"inLanguage":"en-US","potentialAction":[{"@type":"ReadAction","target":["https:\/\/dev.monti.lt\/product\/raidziu-ir-skaiciu-korteles\/"]}]},{"@type":"ImageObject","inLanguage":"en-US","@id":"https:\/\/dev.monti.lt\/product\/raidziu-ir-skaiciu-korteles\/#primaryimage","url":"https:\/\/dev.monti.lt\/wp-content\/uploads\/2022\/09\/gra-logiczna-nauka-angielskiego-wyrazy-cyfry-litery-jhtoy-238.jpg","contentUrl":"https:\/\/dev.monti.lt\/wp-content\/uploads\/2022\/09\/gra-logiczna-nauka-angielskiego-wyrazy-cyfry-litery-jhtoy-238.jpg","width":800,"height":800,"caption":"raidziu ir skaiciu korteles"},{"@type":"BreadcrumbList","@id":"https:\/\/dev.monti.lt\/product\/raidziu-ir-skaiciu-korteles\/#breadcrumb","itemListElement":[{"@type":"ListItem","position":1,"name":"Home","item":"https:\/\/dev.monti.lt\/"},{"@type":"ListItem","position":2,"name":"Parduotuv\u0117","item":"https:\/\/dev.monti.lt\/shop\/"},{"@type":"ListItem","position":3,"name":"Raid\u017ei\u0173 ir skai\u010di\u0173 kortel\u0117s"}]},{"@type":"WebSite","@id":"https:\/\/dev.monti.lt\/#website","url":"https:\/\/dev.monti.lt\/","name":"Montessori \u017eaislai","description":"","publisher":{"@id":"https:\/\/dev.monti.lt\/#organization"},"potentialAction":[{"@type":"SearchAction","target":{"@type":"EntryPoint","urlTemplate":"https:\/\/dev.monti.lt\/?s={search_term_string}"},"query-input":"required name=search_term_string"}],"inLanguage":"en-US"},{"@type":"Organization","@id":"https:\/\/dev.monti.lt\/#organization","name":"Montessori \u017eaislai","url":"https:\/\/dev.monti.lt\/","logo":{"@type":"ImageObject","inLanguage":"en-US","@id":"https:\/\/dev.monti.lt\/#\/schema\/logo\/image\/","url":"https:\/\/dev.monti.lt\/wp-content\/uploads\/2022\/03\/montilogo-1.png","contentUrl":"https:\/\/dev.monti.lt\/wp-content\/uploads\/2022\/03\/montilogo-1.png","width":512,"height":512,"caption":"Montessori \u017eaislai"},"image":{"@id":"https:\/\/dev.monti.lt\/#\/schema\/logo\/image\/"}}]}},"_links":{"self":[{"href":"https:\/\/dev.monti.lt\/en\/wp-json\/wp\/v2\/product\/9801"}],"collection":[{"href":"https:\/\/dev.monti.lt\/en\/wp-json\/wp\/v2\/product"}],"about":[{"href":"https:\/\/dev.monti.lt\/en\/wp-json\/wp\/v2\/types\/product"}],"version-history":[{"count":1,"href":"https:\/\/dev.monti.lt\/en\/wp-json\/wp\/v2\/product\/9801\/revisions"}],"predecessor-version":[{"id":9815,"href":"https:\/\/dev.monti.lt\/en\/wp-json\/wp\/v2\/product\/9801\/revisions\/9815"}],"wp:featuredmedia":[{"embeddable":true,"href":"https:\/\/dev.monti.lt\/en\/wp-json\/wp\/v2\/media\/9802"}],"wp:attachment":[{"href":"https:\/\/dev.monti.lt\/en\/wp-json\/wp\/v2\/media?parent=9801"}],"wp:term":[{"taxonomy":"product_cat","embeddable":true,"href":"https:\/\/dev.monti.lt\/en\/wp-json\/wp\/v2\/product_cat?post=9801"},{"taxonomy":"product_tag","embeddable":true,"href":"https:\/\/dev.monti.lt\/en\/wp-json\/wp\/v2\/product_tag?post=9801"}],"curies":[{"name":"wp","href":"https:\/\/api.w.org\/{rel}","templated":true}]}}