{"id":9792,"date":"2022-09-28T07:33:27","date_gmt":"2022-09-28T07:33:27","guid":{"rendered":"https:\/\/dev.monti.lt\/?post_type=product&#038;p=9792"},"modified":"2023-12-09T21:07:30","modified_gmt":"2023-12-09T21:07:30","slug":"piesimo-lentele-dramblys","status":"publish","type":"product","link":"https:\/\/dev.monti.lt\/en\/product\/piesimo-lentele-dramblys\/","title":{"rendered":"Pie\u0161imo lentel\u0117 &#8220;Dramblys&#8221;"},"content":{"rendered":"<p>Spalvinga dvipus\u0117 magnetin\u0117 lentel\u0117 yra puikus \u017eaislas vaikams, kurie nori i\u0161mokti ra\u0161yti.<br \/>\nD\u0117l pridedamo ra\u0161iklio galime b\u016bti tikri, kad lenta visada bus paruo\u0161ta naudoti. Be to, lentoje yra \u012fvairi\u0173 magnet\u0173, tod\u0117l \u017eaisti bus dar \u012fdomiau.<br \/>\nLenta yra dvipus\u0117, tod\u0117l galite pie\u0161ti abiejose pus\u0117se.<br \/>\nNor\u0117dami i\u0161trinti pie\u0161in\u012f, galite tai padaryti dviem b\u016bdais:<br \/>\n&#8211; stipriai pakratykite lent\u0105 arba bakstel\u0117kite j\u0105 i\u0161 apa\u010dios ranka.<br \/>\n&#8211; Tam taip pat galite naudoti vien\u0105 i\u0161 magnet\u0173 ir i\u0161 apa\u010dios tiesiog perkelti magnet\u0105 per lent\u0105, tada vir\u0161utin\u0117 lenta bus \u0161vari.<\/p>\n<p>Lentos matmenys: 26,2&#215;19,1 cm<br \/>\nRa\u0161ymo pavir\u0161iaus matmenys: 18,8&#215;12,4 cm<\/p>","protected":false},"excerpt":{"rendered":"<p>Spalvinga dvipus\u0117 magnetin\u0117 lentel\u0117 yra puikus \u017eaislas vaikams, kurie nori i\u0161mokti ra\u0161yti.<br \/>\nD\u0117l pridedamo ra\u0161iklio galime b\u016bti tikri, kad lenta visada bus paruo\u0161ta naudoti. Be to, lentoje yra \u012fvairi\u0173 magnet\u0173, kuri\u0173 form\u0105 galima atkartoti, tod\u0117l \u017eaisti bus dar \u012fdomiau.<br \/>\nLenta yra dvipus\u0117, tod\u0117l galite pie\u0161ti abiejose pus\u0117se.<br \/>\nNor\u0117dami i\u0161trinti pie\u0161in\u012f, galite tai padaryti dviem b\u016bdais:<br \/>\n&#8211; stipriai pakratykite lent\u0105 arba bakstel\u0117kite j\u0105 i\u0161 apa\u010dios ranka.<br \/>\n&#8211; Tam taip pat galite naudoti vien\u0105 i\u0161 magnet\u0173 ir i\u0161 apa\u010dios tiesiog perkelti magnet\u0105 per lent\u0105, tada vir\u0161utin\u0117 lenta bus \u0161vari.<\/p>\n<p>Lentos matmenys: 26,2&#215;19,1 cm<br \/>\nRa\u0161ymo pavir\u0161iaus matmenys: 18,8&#215;12,4 cm<\/p>","protected":false},"featured_media":9797,"template":"","meta":{"iawp_total_views":2},"product_cat":[87,84,89,49,39,201],"product_tag":[96,97,98,99],"class_list":{"0":"post-9792","1":"product","2":"type-product","3":"status-publish","4":"has-post-thumbnail","6":"product_cat-kurybiniai-rinkiniai","7":"product_cat-lavinamieji-zaislai","8":"product_cat-mokausi-piesti","9":"product_cat-visi-zaislai","10":"product_cat-zaislai","11":"product_cat-zaislai-kelioneje","12":"product_tag-2-m-3-m","13":"product_tag-3-m-4-m","14":"product_tag-5-m-7-m","15":"product_tag-8-m-11-m","17":"first","18":"outofstock","19":"taxable","20":"shipping-taxable","21":"purchasable","22":"product-type-simple"},"yoast_head":"<!-- This site is optimized with the Yoast SEO plugin v23.3 - https:\/\/yoast.com\/wordpress\/plugins\/seo\/ -->\n<title>Pie\u0161imo lentel\u0117 &quot;Dramblys&quot; - Montessori \u017eaislai<\/title>\n<meta name=\"robots\" content=\"noindex, follow, max-snippet:-1, max-image-preview:large, max-video-preview:-1\" \/>\n<meta property=\"og:locale\" content=\"en_US\" \/>\n<meta property=\"og:type\" content=\"article\" \/>\n<meta property=\"og:title\" content=\"Pie\u0161imo lentel\u0117 &quot;Dramblys&quot; - Montessori \u017eaislai\" \/>\n<meta property=\"og:description\" content=\"Spalvinga dvipus\u0117 magnetin\u0117 lentel\u0117 yra puikus \u017eaislas vaikams, kurie nori i\u0161mokti ra\u0161yti. D\u0117l pridedamo ra\u0161iklio galime b\u016bti tikri, kad lenta visada bus paruo\u0161ta naudoti. Be to, lentoje yra \u012fvairi\u0173 magnet\u0173, kuri\u0173 form\u0105 galima atkartoti, tod\u0117l \u017eaisti bus dar \u012fdomiau. Lenta yra dvipus\u0117, tod\u0117l galite pie\u0161ti abiejose pus\u0117se. Nor\u0117dami i\u0161trinti pie\u0161in\u012f, galite tai padaryti dviem b\u016bdais: - stipriai pakratykite lent\u0105 arba bakstel\u0117kite j\u0105 i\u0161 apa\u010dios ranka. - Tam taip pat galite naudoti vien\u0105 i\u0161 magnet\u0173 ir i\u0161 apa\u010dios tiesiog perkelti magnet\u0105 per lent\u0105, tada vir\u0161utin\u0117 lenta bus \u0161vari.  Lentos matmenys: 26,2x19,1 cm Ra\u0161ymo pavir\u0161iaus matmenys: 18,8x12,4 cm\" \/>\n<meta property=\"og:url\" content=\"https:\/\/dev.monti.lt\/en\/product\/piesimo-lentele-dramblys\/\" \/>\n<meta property=\"og:site_name\" content=\"Montessori \u017eaislai\" \/>\n<meta property=\"article:modified_time\" content=\"2023-12-09T21:07:30+00:00\" \/>\n<meta property=\"og:image\" content=\"https:\/\/dev.monti.lt\/wp-content\/uploads\/2022\/09\/znikopis-drewniany-tablica-do-pisania-dwustronna-magnesy-slonik-zkb-2049-2.jpg\" \/>\n\t<meta property=\"og:image:width\" content=\"800\" \/>\n\t<meta property=\"og:image:height\" content=\"800\" \/>\n\t<meta property=\"og:image:type\" content=\"image\/jpeg\" \/>\n<meta name=\"twitter:card\" content=\"summary_large_image\" \/>\n<meta name=\"twitter:label1\" content=\"Est. reading time\" \/>\n\t<meta name=\"twitter:data1\" content=\"1 minute\" \/>\n<script type=\"application\/ld+json\" class=\"yoast-schema-graph\">{\"@context\":\"https:\/\/schema.org\",\"@graph\":[{\"@type\":\"WebPage\",\"@id\":\"https:\/\/dev.monti.lt\/product\/piesimo-lentele-dramblys\/\",\"url\":\"https:\/\/dev.monti.lt\/product\/piesimo-lentele-dramblys\/\",\"name\":\"Pie\u0161imo lentel\u0117 \\\"Dramblys\\\" - Montessori \u017eaislai\",\"isPartOf\":{\"@id\":\"https:\/\/dev.monti.lt\/#website\"},\"primaryImageOfPage\":{\"@id\":\"https:\/\/dev.monti.lt\/product\/piesimo-lentele-dramblys\/#primaryimage\"},\"image\":{\"@id\":\"https:\/\/dev.monti.lt\/product\/piesimo-lentele-dramblys\/#primaryimage\"},\"thumbnailUrl\":\"https:\/\/dev.monti.lt\/wp-content\/uploads\/2022\/09\/znikopis-drewniany-tablica-do-pisania-dwustronna-magnesy-slonik-zkb-2049-2.jpg\",\"datePublished\":\"2022-09-28T07:33:27+00:00\",\"dateModified\":\"2023-12-09T21:07:30+00:00\",\"breadcrumb\":{\"@id\":\"https:\/\/dev.monti.lt\/product\/piesimo-lentele-dramblys\/#breadcrumb\"},\"inLanguage\":\"en-US\",\"potentialAction\":[{\"@type\":\"ReadAction\",\"target\":[\"https:\/\/dev.monti.lt\/product\/piesimo-lentele-dramblys\/\"]}]},{\"@type\":\"ImageObject\",\"inLanguage\":\"en-US\",\"@id\":\"https:\/\/dev.monti.lt\/product\/piesimo-lentele-dramblys\/#primaryimage\",\"url\":\"https:\/\/dev.monti.lt\/wp-content\/uploads\/2022\/09\/znikopis-drewniany-tablica-do-pisania-dwustronna-magnesy-slonik-zkb-2049-2.jpg\",\"contentUrl\":\"https:\/\/dev.monti.lt\/wp-content\/uploads\/2022\/09\/znikopis-drewniany-tablica-do-pisania-dwustronna-magnesy-slonik-zkb-2049-2.jpg\",\"width\":800,\"height\":800,\"caption\":\"pie\u0161imo lentel\u0117\"},{\"@type\":\"BreadcrumbList\",\"@id\":\"https:\/\/dev.monti.lt\/product\/piesimo-lentele-dramblys\/#breadcrumb\",\"itemListElement\":[{\"@type\":\"ListItem\",\"position\":1,\"name\":\"Home\",\"item\":\"https:\/\/dev.monti.lt\/\"},{\"@type\":\"ListItem\",\"position\":2,\"name\":\"Parduotuv\u0117\",\"item\":\"https:\/\/dev.monti.lt\/shop\/\"},{\"@type\":\"ListItem\",\"position\":3,\"name\":\"Pie\u0161imo lentel\u0117 &#8220;Dramblys&#8221;\"}]},{\"@type\":\"WebSite\",\"@id\":\"https:\/\/dev.monti.lt\/#website\",\"url\":\"https:\/\/dev.monti.lt\/\",\"name\":\"Montessori \u017eaislai\",\"description\":\"\",\"publisher\":{\"@id\":\"https:\/\/dev.monti.lt\/#organization\"},\"potentialAction\":[{\"@type\":\"SearchAction\",\"target\":{\"@type\":\"EntryPoint\",\"urlTemplate\":\"https:\/\/dev.monti.lt\/?s={search_term_string}\"},\"query-input\":\"required name=search_term_string\"}],\"inLanguage\":\"en-US\"},{\"@type\":\"Organization\",\"@id\":\"https:\/\/dev.monti.lt\/#organization\",\"name\":\"Montessori \u017eaislai\",\"url\":\"https:\/\/dev.monti.lt\/\",\"logo\":{\"@type\":\"ImageObject\",\"inLanguage\":\"en-US\",\"@id\":\"https:\/\/dev.monti.lt\/#\/schema\/logo\/image\/\",\"url\":\"https:\/\/dev.monti.lt\/wp-content\/uploads\/2022\/03\/montilogo-1.png\",\"contentUrl\":\"https:\/\/dev.monti.lt\/wp-content\/uploads\/2022\/03\/montilogo-1.png\",\"width\":512,\"height\":512,\"caption\":\"Montessori \u017eaislai\"},\"image\":{\"@id\":\"https:\/\/dev.monti.lt\/#\/schema\/logo\/image\/\"}}]}<\/script>\n<!-- \/ Yoast SEO plugin. -->","yoast_head_json":{"title":"Pie\u0161imo lentel\u0117 \"Dramblys\" - Montessori \u017eaislai","robots":{"index":"noindex","follow":"follow","max-snippet":"max-snippet:-1","max-image-preview":"max-image-preview:large","max-video-preview":"max-video-preview:-1"},"og_locale":"en_US","og_type":"article","og_title":"Pie\u0161imo lentel\u0117 \"Dramblys\" - Montessori \u017eaislai","og_description":"Spalvinga dvipus\u0117 magnetin\u0117 lentel\u0117 yra puikus \u017eaislas vaikams, kurie nori i\u0161mokti ra\u0161yti. D\u0117l pridedamo ra\u0161iklio galime b\u016bti tikri, kad lenta visada bus paruo\u0161ta naudoti. Be to, lentoje yra \u012fvairi\u0173 magnet\u0173, kuri\u0173 form\u0105 galima atkartoti, tod\u0117l \u017eaisti bus dar \u012fdomiau. Lenta yra dvipus\u0117, tod\u0117l galite pie\u0161ti abiejose pus\u0117se. Nor\u0117dami i\u0161trinti pie\u0161in\u012f, galite tai padaryti dviem b\u016bdais: - stipriai pakratykite lent\u0105 arba bakstel\u0117kite j\u0105 i\u0161 apa\u010dios ranka. - Tam taip pat galite naudoti vien\u0105 i\u0161 magnet\u0173 ir i\u0161 apa\u010dios tiesiog perkelti magnet\u0105 per lent\u0105, tada vir\u0161utin\u0117 lenta bus \u0161vari.  Lentos matmenys: 26,2x19,1 cm Ra\u0161ymo pavir\u0161iaus matmenys: 18,8x12,4 cm","og_url":"https:\/\/dev.monti.lt\/en\/product\/piesimo-lentele-dramblys\/","og_site_name":"Montessori \u017eaislai","article_modified_time":"2023-12-09T21:07:30+00:00","og_image":[{"width":800,"height":800,"url":"https:\/\/dev.monti.lt\/wp-content\/uploads\/2022\/09\/znikopis-drewniany-tablica-do-pisania-dwustronna-magnesy-slonik-zkb-2049-2.jpg","type":"image\/jpeg"}],"twitter_card":"summary_large_image","twitter_misc":{"Est. reading time":"1 minute"},"schema":{"@context":"https:\/\/schema.org","@graph":[{"@type":"WebPage","@id":"https:\/\/dev.monti.lt\/product\/piesimo-lentele-dramblys\/","url":"https:\/\/dev.monti.lt\/product\/piesimo-lentele-dramblys\/","name":"Pie\u0161imo lentel\u0117 \"Dramblys\" - Montessori \u017eaislai","isPartOf":{"@id":"https:\/\/dev.monti.lt\/#website"},"primaryImageOfPage":{"@id":"https:\/\/dev.monti.lt\/product\/piesimo-lentele-dramblys\/#primaryimage"},"image":{"@id":"https:\/\/dev.monti.lt\/product\/piesimo-lentele-dramblys\/#primaryimage"},"thumbnailUrl":"https:\/\/dev.monti.lt\/wp-content\/uploads\/2022\/09\/znikopis-drewniany-tablica-do-pisania-dwustronna-magnesy-slonik-zkb-2049-2.jpg","datePublished":"2022-09-28T07:33:27+00:00","dateModified":"2023-12-09T21:07:30+00:00","breadcrumb":{"@id":"https:\/\/dev.monti.lt\/product\/piesimo-lentele-dramblys\/#breadcrumb"},"inLanguage":"en-US","potentialAction":[{"@type":"ReadAction","target":["https:\/\/dev.monti.lt\/product\/piesimo-lentele-dramblys\/"]}]},{"@type":"ImageObject","inLanguage":"en-US","@id":"https:\/\/dev.monti.lt\/product\/piesimo-lentele-dramblys\/#primaryimage","url":"https:\/\/dev.monti.lt\/wp-content\/uploads\/2022\/09\/znikopis-drewniany-tablica-do-pisania-dwustronna-magnesy-slonik-zkb-2049-2.jpg","contentUrl":"https:\/\/dev.monti.lt\/wp-content\/uploads\/2022\/09\/znikopis-drewniany-tablica-do-pisania-dwustronna-magnesy-slonik-zkb-2049-2.jpg","width":800,"height":800,"caption":"pie\u0161imo lentel\u0117"},{"@type":"BreadcrumbList","@id":"https:\/\/dev.monti.lt\/product\/piesimo-lentele-dramblys\/#breadcrumb","itemListElement":[{"@type":"ListItem","position":1,"name":"Home","item":"https:\/\/dev.monti.lt\/"},{"@type":"ListItem","position":2,"name":"Parduotuv\u0117","item":"https:\/\/dev.monti.lt\/shop\/"},{"@type":"ListItem","position":3,"name":"Pie\u0161imo lentel\u0117 &#8220;Dramblys&#8221;"}]},{"@type":"WebSite","@id":"https:\/\/dev.monti.lt\/#website","url":"https:\/\/dev.monti.lt\/","name":"Montessori \u017eaislai","description":"","publisher":{"@id":"https:\/\/dev.monti.lt\/#organization"},"potentialAction":[{"@type":"SearchAction","target":{"@type":"EntryPoint","urlTemplate":"https:\/\/dev.monti.lt\/?s={search_term_string}"},"query-input":"required name=search_term_string"}],"inLanguage":"en-US"},{"@type":"Organization","@id":"https:\/\/dev.monti.lt\/#organization","name":"Montessori \u017eaislai","url":"https:\/\/dev.monti.lt\/","logo":{"@type":"ImageObject","inLanguage":"en-US","@id":"https:\/\/dev.monti.lt\/#\/schema\/logo\/image\/","url":"https:\/\/dev.monti.lt\/wp-content\/uploads\/2022\/03\/montilogo-1.png","contentUrl":"https:\/\/dev.monti.lt\/wp-content\/uploads\/2022\/03\/montilogo-1.png","width":512,"height":512,"caption":"Montessori \u017eaislai"},"image":{"@id":"https:\/\/dev.monti.lt\/#\/schema\/logo\/image\/"}}]}},"_links":{"self":[{"href":"https:\/\/dev.monti.lt\/en\/wp-json\/wp\/v2\/product\/9792"}],"collection":[{"href":"https:\/\/dev.monti.lt\/en\/wp-json\/wp\/v2\/product"}],"about":[{"href":"https:\/\/dev.monti.lt\/en\/wp-json\/wp\/v2\/types\/product"}],"version-history":[{"count":2,"href":"https:\/\/dev.monti.lt\/en\/wp-json\/wp\/v2\/product\/9792\/revisions"}],"predecessor-version":[{"id":9949,"href":"https:\/\/dev.monti.lt\/en\/wp-json\/wp\/v2\/product\/9792\/revisions\/9949"}],"wp:featuredmedia":[{"embeddable":true,"href":"https:\/\/dev.monti.lt\/en\/wp-json\/wp\/v2\/media\/9797"}],"wp:attachment":[{"href":"https:\/\/dev.monti.lt\/en\/wp-json\/wp\/v2\/media?parent=9792"}],"wp:term":[{"taxonomy":"product_cat","embeddable":true,"href":"https:\/\/dev.monti.lt\/en\/wp-json\/wp\/v2\/product_cat?post=9792"},{"taxonomy":"product_tag","embeddable":true,"href":"https:\/\/dev.monti.lt\/en\/wp-json\/wp\/v2\/product_tag?post=9792"}],"curies":[{"name":"wp","href":"https:\/\/api.w.org\/{rel}","templated":true}]}}