{"id":9726,"date":"2022-09-26T10:01:08","date_gmt":"2022-09-26T10:01:08","guid":{"rendered":"https:\/\/dev.monti.lt\/?post_type=product&#038;p=9726"},"modified":"2024-10-09T14:41:49","modified_gmt":"2024-10-09T14:41:49","slug":"minkstas-kilimelis-maniezas-vaikams-juoda-balta","status":"publish","type":"product","link":"https:\/\/dev.monti.lt\/en\/product\/minkstas-kilimelis-maniezas-vaikams-juoda-balta\/","title":{"rendered":"Mink\u0161tas kilim\u0117lis-manie\u017eas vaikams juoda-balta"},"content":{"rendered":"<p>Keletas galvos\u016bki\u0173 ir daug galimybi\u0173!<\/p>\n<p>Did\u017eiul\u0117s putplas\u010dio d\u0117lion\u0117s su nuimamais kontrasting\u0173 spalv\u0173 elementais bus tikras malonumas ma\u017eyliui, tyrin\u0117jan\u010diam form\u0173 ir spalv\u0173 pasaul\u012f.<\/p>\n<p>Kartu su savo ma\u017eyliu i\u0161 j\u0173 sukursite nuostabi\u0173 konstrukcij\u0173.<\/p>\n<p>Koks did\u017eiausias d\u0117lioni\u0173 privalumas? Tai, kad jos auga kartu su j\u016bs\u0173 vaiku!<\/p>\n<p>Naudokite juos unikaliam kilim\u0117liui ar \u017eaidim\u0173 kilim\u0117liui, kuris taps m\u0117gstamiausia kiekvieno ma\u017eylio \u017eaidim\u0173 vieta.<\/p>\n<p>K\u016bdikiui \u017eengiant pirmuosius \u017eingsnius, mink\u0161tas putplastis su\u0161velnins visus kritimus ir pad\u0117s i\u0161vengti sumu\u0161im\u0173.<\/p>\n<p>I\u0161imamos detal\u0117s puikiai tinka mokytis atpa\u017einti formas.<\/p>\n<p>Vaikas priderins modelius prie atitinkam\u0173 skylu\u010di\u0173, kaip tai daroma tradiciniuose r\u016b\u0161iuokliuose.<\/p>\n<p>Kontrastingos spalvos ir \u012fdomios formos patrauks ma\u017eylio d\u0117mes\u012f ir leis patirti daug linksmybi\u0173.<\/p>\n<p>Didel\u0117s putplas\u010dio d\u0117lion\u0117s &#8211; tai b\u016bdas k\u016brybi\u0161kai ir \u012fdomiai \u017eaisti. Galite b\u016bti tikri, kad j\u016bs\u0173 vaikas netur\u0117s laiko nuobod\u017eiauti.<\/p>\n<p>\u017daisdami su d\u0117lion\u0117mis vaikai lavina vaizduot\u0119, skatina login\u012f, nestandartin\u012f m\u0105stym\u0105 ir puikiai lavina rank\u0173 darbo \u012fg\u016bd\u017eius.<\/p>\n<p>Be to, kontrastingos spalvos ir \u0161iurk\u0161ti tekst\u016bra skatins ma\u017eylio ra\u0161t\u0173 ir lyt\u0117jimo poj\u016b\u010dius.<\/p>\n<p>D\u0117liones labai lengva valyti &#8211; jei jos susitepa, tiesiog nuvalykite jas dr\u0117gnu skudur\u0117liu.<\/p>\n<p>Kontrasting\u0173 spalv\u0173 originalus kilim\u0117lis bus puiki vaiko kambario puo\u0161mena ir s\u0117kmingai pakeis tradicin\u012f kilim\u0105.<\/p>\n<p>&nbsp;<\/p>\n<p>Privalumai:<\/p>\n<p>Izoliacija nuo \u0161al\u010dio<br \/>\nLengva valyti<br \/>\nVandeniui atsparus<br \/>\nTuri nuimamus elementus<br \/>\nGalima formuoti 3D formas<br \/>\nKontrastingos spalvos<br \/>\nPagamintas i\u0161 elastingo EVA put\u0173 pluo\u0161to<br \/>\nModernus dizainas<br \/>\nPuikus dekoratyvinis elementas<br \/>\nSupakuota \u012f prakti\u0161k\u0105 mai\u0161el\u012f, kad b\u016bt\u0173 patogu laikyti<\/p>\n<p>Rinkinio turinys:<\/p>\n<p>9 vnt. d\u0117lioni\u0173 su nuimamais gyv\u016bnais<br \/>\n16 vnt. r\u0117meli\u0173<br \/>\nTechniniai duomenys:<\/p>\n<p>Gabal\u0173 skai\u010dius:<br \/>\nPlastikas: EVA putos<br \/>\nSpalvos: balta, juoda<br \/>\nNeslystantis pavir\u0161ius: TAIP<br \/>\nAtsparus vandeniui: TAIP<br \/>\nVienos d\u0117lion\u0117s matmenys: 30 cm x 30 cm x 1 cm<br \/>\nViso kilim\u0117lio matmenys: 114 cm x 114 cm x 1 cm<br \/>\n\u017daislin\u0117s lovyt\u0117s matmenys: 90 cm x 90 cm x 16 cm<br \/>\nPakuot\u0117s matmenys: 30 cm x 30 cm x 16 cm<\/p>\n<p>&nbsp;<\/p>","protected":false},"excerpt":{"rendered":"<p>Keletas galvos\u016bki\u0173 ir daug galimybi\u0173! Did\u017eiul\u0117s putplas\u010dio d\u0117lion\u0117s su nuimamais kontrasting\u0173 spalv\u0173 elementais bus tikras malonumas ma\u017eyliui, tyrin\u0117jan\u010diam form\u0173 ir spalv\u0173 pasaul\u012f. Kartu su savo ma\u017eyliu i\u0161 j\u0173 sukursite nuostabi\u0173 konstrukcij\u0173. Koks did\u017eiausias d\u0117lioni\u0173 privalumas? Tai, kad jos auga kartu su j\u016bs\u0173 vaiku! Naudokite juos unikaliam kilim\u0117liui ar \u017eaidim\u0173 kilim\u0117liui, kuris taps m\u0117gstamiausia kiekvieno ma\u017eylio [&hellip;]<\/p>","protected":false},"featured_media":9727,"template":"","meta":{"iawp_total_views":116},"product_cat":[92,200,191,82,192,206,84,90,49,39],"product_tag":[95,96,94],"class_list":{"0":"post-9726","1":"product","2":"type-product","3":"status-publish","4":"has-post-thumbnail","6":"product_cat-deliones","7":"product_cat-dovanos-kudikiams","8":"product_cat-dovanos-vaikams","9":"product_cat-ispardavimas","10":"product_cat-kaledines-dovanos-vaikams","11":"product_cat-lavinamieji-kilimeliai","12":"product_cat-lavinamieji-zaislai","13":"product_cat-pasaulio-pazinimas","14":"product_cat-visi-zaislai","15":"product_cat-zaislai","16":"product_tag-1-m-2-m","17":"product_tag-2-m-3-m","18":"product_tag-iki-1-m","20":"first","21":"instock","22":"sale","23":"taxable","24":"shipping-taxable","25":"purchasable","26":"product-type-simple"},"yoast_head":"<!-- This site is optimized with the Yoast SEO plugin v23.3 - https:\/\/yoast.com\/wordpress\/plugins\/seo\/ -->\n<title>Mink\u0161tas kilim\u0117lis-manie\u017eas vaikams juoda-balta - Montessori \u017eaislai<\/title>\n<meta name=\"robots\" content=\"noindex, follow, max-snippet:-1, max-image-preview:large, max-video-preview:-1\" \/>\n<meta property=\"og:locale\" content=\"en_US\" \/>\n<meta property=\"og:type\" content=\"article\" \/>\n<meta property=\"og:title\" content=\"Mink\u0161tas kilim\u0117lis-manie\u017eas vaikams juoda-balta - Montessori \u017eaislai\" \/>\n<meta property=\"og:description\" content=\"Keletas galvos\u016bki\u0173 ir daug galimybi\u0173! Did\u017eiul\u0117s putplas\u010dio d\u0117lion\u0117s su nuimamais kontrasting\u0173 spalv\u0173 elementais bus tikras malonumas ma\u017eyliui, tyrin\u0117jan\u010diam form\u0173 ir spalv\u0173 pasaul\u012f. Kartu su savo ma\u017eyliu i\u0161 j\u0173 sukursite nuostabi\u0173 konstrukcij\u0173. Koks did\u017eiausias d\u0117lioni\u0173 privalumas? Tai, kad jos auga kartu su j\u016bs\u0173 vaiku! Naudokite juos unikaliam kilim\u0117liui ar \u017eaidim\u0173 kilim\u0117liui, kuris taps m\u0117gstamiausia kiekvieno ma\u017eylio [&hellip;]\" \/>\n<meta property=\"og:url\" content=\"https:\/\/dev.monti.lt\/en\/product\/minkstas-kilimelis-maniezas-vaikams-juoda-balta\/\" \/>\n<meta property=\"og:site_name\" content=\"Montessori \u017eaislai\" \/>\n<meta property=\"article:modified_time\" content=\"2024-10-09T14:41:49+00:00\" \/>\n<meta property=\"og:image\" content=\"https:\/\/dev.monti.lt\/wp-content\/uploads\/2022\/09\/KX627068349.jpg\" \/>\n\t<meta property=\"og:image:width\" content=\"1600\" \/>\n\t<meta property=\"og:image:height\" content=\"1200\" \/>\n\t<meta property=\"og:image:type\" content=\"image\/jpeg\" \/>\n<meta name=\"twitter:card\" content=\"summary_large_image\" \/>\n<meta name=\"twitter:label1\" content=\"Est. reading time\" \/>\n\t<meta name=\"twitter:data1\" content=\"2 minutes\" \/>\n<script type=\"application\/ld+json\" class=\"yoast-schema-graph\">{\"@context\":\"https:\/\/schema.org\",\"@graph\":[{\"@type\":\"WebPage\",\"@id\":\"https:\/\/dev.monti.lt\/product\/minkstas-kilimelis-maniezas-vaikams-juoda-balta\/\",\"url\":\"https:\/\/dev.monti.lt\/product\/minkstas-kilimelis-maniezas-vaikams-juoda-balta\/\",\"name\":\"Mink\u0161tas kilim\u0117lis-manie\u017eas vaikams juoda-balta - Montessori \u017eaislai\",\"isPartOf\":{\"@id\":\"https:\/\/dev.monti.lt\/#website\"},\"primaryImageOfPage\":{\"@id\":\"https:\/\/dev.monti.lt\/product\/minkstas-kilimelis-maniezas-vaikams-juoda-balta\/#primaryimage\"},\"image\":{\"@id\":\"https:\/\/dev.monti.lt\/product\/minkstas-kilimelis-maniezas-vaikams-juoda-balta\/#primaryimage\"},\"thumbnailUrl\":\"https:\/\/dev.monti.lt\/wp-content\/uploads\/2022\/09\/KX627068349.jpg\",\"datePublished\":\"2022-09-26T10:01:08+00:00\",\"dateModified\":\"2024-10-09T14:41:49+00:00\",\"breadcrumb\":{\"@id\":\"https:\/\/dev.monti.lt\/product\/minkstas-kilimelis-maniezas-vaikams-juoda-balta\/#breadcrumb\"},\"inLanguage\":\"en-US\",\"potentialAction\":[{\"@type\":\"ReadAction\",\"target\":[\"https:\/\/dev.monti.lt\/product\/minkstas-kilimelis-maniezas-vaikams-juoda-balta\/\"]}]},{\"@type\":\"ImageObject\",\"inLanguage\":\"en-US\",\"@id\":\"https:\/\/dev.monti.lt\/product\/minkstas-kilimelis-maniezas-vaikams-juoda-balta\/#primaryimage\",\"url\":\"https:\/\/dev.monti.lt\/wp-content\/uploads\/2022\/09\/KX627068349.jpg\",\"contentUrl\":\"https:\/\/dev.monti.lt\/wp-content\/uploads\/2022\/09\/KX627068349.jpg\",\"width\":1600,\"height\":1200,\"caption\":\"Kilim\u0117lis-d\u0117lion\u0117 juoda balta\"},{\"@type\":\"BreadcrumbList\",\"@id\":\"https:\/\/dev.monti.lt\/product\/minkstas-kilimelis-maniezas-vaikams-juoda-balta\/#breadcrumb\",\"itemListElement\":[{\"@type\":\"ListItem\",\"position\":1,\"name\":\"Home\",\"item\":\"https:\/\/dev.monti.lt\/\"},{\"@type\":\"ListItem\",\"position\":2,\"name\":\"Parduotuv\u0117\",\"item\":\"https:\/\/dev.monti.lt\/shop\/\"},{\"@type\":\"ListItem\",\"position\":3,\"name\":\"Mink\u0161tas kilim\u0117lis-manie\u017eas vaikams juoda-balta\"}]},{\"@type\":\"WebSite\",\"@id\":\"https:\/\/dev.monti.lt\/#website\",\"url\":\"https:\/\/dev.monti.lt\/\",\"name\":\"Montessori \u017eaislai\",\"description\":\"\",\"publisher\":{\"@id\":\"https:\/\/dev.monti.lt\/#organization\"},\"potentialAction\":[{\"@type\":\"SearchAction\",\"target\":{\"@type\":\"EntryPoint\",\"urlTemplate\":\"https:\/\/dev.monti.lt\/?s={search_term_string}\"},\"query-input\":\"required name=search_term_string\"}],\"inLanguage\":\"en-US\"},{\"@type\":\"Organization\",\"@id\":\"https:\/\/dev.monti.lt\/#organization\",\"name\":\"Montessori \u017eaislai\",\"url\":\"https:\/\/dev.monti.lt\/\",\"logo\":{\"@type\":\"ImageObject\",\"inLanguage\":\"en-US\",\"@id\":\"https:\/\/dev.monti.lt\/#\/schema\/logo\/image\/\",\"url\":\"https:\/\/dev.monti.lt\/wp-content\/uploads\/2022\/03\/montilogo-1.png\",\"contentUrl\":\"https:\/\/dev.monti.lt\/wp-content\/uploads\/2022\/03\/montilogo-1.png\",\"width\":512,\"height\":512,\"caption\":\"Montessori \u017eaislai\"},\"image\":{\"@id\":\"https:\/\/dev.monti.lt\/#\/schema\/logo\/image\/\"}}]}<\/script>\n<!-- \/ Yoast SEO plugin. -->","yoast_head_json":{"title":"Mink\u0161tas kilim\u0117lis-manie\u017eas vaikams juoda-balta - Montessori \u017eaislai","robots":{"index":"noindex","follow":"follow","max-snippet":"max-snippet:-1","max-image-preview":"max-image-preview:large","max-video-preview":"max-video-preview:-1"},"og_locale":"en_US","og_type":"article","og_title":"Mink\u0161tas kilim\u0117lis-manie\u017eas vaikams juoda-balta - Montessori \u017eaislai","og_description":"Keletas galvos\u016bki\u0173 ir daug galimybi\u0173! Did\u017eiul\u0117s putplas\u010dio d\u0117lion\u0117s su nuimamais kontrasting\u0173 spalv\u0173 elementais bus tikras malonumas ma\u017eyliui, tyrin\u0117jan\u010diam form\u0173 ir spalv\u0173 pasaul\u012f. Kartu su savo ma\u017eyliu i\u0161 j\u0173 sukursite nuostabi\u0173 konstrukcij\u0173. Koks did\u017eiausias d\u0117lioni\u0173 privalumas? Tai, kad jos auga kartu su j\u016bs\u0173 vaiku! Naudokite juos unikaliam kilim\u0117liui ar \u017eaidim\u0173 kilim\u0117liui, kuris taps m\u0117gstamiausia kiekvieno ma\u017eylio [&hellip;]","og_url":"https:\/\/dev.monti.lt\/en\/product\/minkstas-kilimelis-maniezas-vaikams-juoda-balta\/","og_site_name":"Montessori \u017eaislai","article_modified_time":"2024-10-09T14:41:49+00:00","og_image":[{"width":1600,"height":1200,"url":"https:\/\/dev.monti.lt\/wp-content\/uploads\/2022\/09\/KX627068349.jpg","type":"image\/jpeg"}],"twitter_card":"summary_large_image","twitter_misc":{"Est. reading time":"2 minutes"},"schema":{"@context":"https:\/\/schema.org","@graph":[{"@type":"WebPage","@id":"https:\/\/dev.monti.lt\/product\/minkstas-kilimelis-maniezas-vaikams-juoda-balta\/","url":"https:\/\/dev.monti.lt\/product\/minkstas-kilimelis-maniezas-vaikams-juoda-balta\/","name":"Mink\u0161tas kilim\u0117lis-manie\u017eas vaikams juoda-balta - Montessori \u017eaislai","isPartOf":{"@id":"https:\/\/dev.monti.lt\/#website"},"primaryImageOfPage":{"@id":"https:\/\/dev.monti.lt\/product\/minkstas-kilimelis-maniezas-vaikams-juoda-balta\/#primaryimage"},"image":{"@id":"https:\/\/dev.monti.lt\/product\/minkstas-kilimelis-maniezas-vaikams-juoda-balta\/#primaryimage"},"thumbnailUrl":"https:\/\/dev.monti.lt\/wp-content\/uploads\/2022\/09\/KX627068349.jpg","datePublished":"2022-09-26T10:01:08+00:00","dateModified":"2024-10-09T14:41:49+00:00","breadcrumb":{"@id":"https:\/\/dev.monti.lt\/product\/minkstas-kilimelis-maniezas-vaikams-juoda-balta\/#breadcrumb"},"inLanguage":"en-US","potentialAction":[{"@type":"ReadAction","target":["https:\/\/dev.monti.lt\/product\/minkstas-kilimelis-maniezas-vaikams-juoda-balta\/"]}]},{"@type":"ImageObject","inLanguage":"en-US","@id":"https:\/\/dev.monti.lt\/product\/minkstas-kilimelis-maniezas-vaikams-juoda-balta\/#primaryimage","url":"https:\/\/dev.monti.lt\/wp-content\/uploads\/2022\/09\/KX627068349.jpg","contentUrl":"https:\/\/dev.monti.lt\/wp-content\/uploads\/2022\/09\/KX627068349.jpg","width":1600,"height":1200,"caption":"Kilim\u0117lis-d\u0117lion\u0117 juoda balta"},{"@type":"BreadcrumbList","@id":"https:\/\/dev.monti.lt\/product\/minkstas-kilimelis-maniezas-vaikams-juoda-balta\/#breadcrumb","itemListElement":[{"@type":"ListItem","position":1,"name":"Home","item":"https:\/\/dev.monti.lt\/"},{"@type":"ListItem","position":2,"name":"Parduotuv\u0117","item":"https:\/\/dev.monti.lt\/shop\/"},{"@type":"ListItem","position":3,"name":"Mink\u0161tas kilim\u0117lis-manie\u017eas vaikams juoda-balta"}]},{"@type":"WebSite","@id":"https:\/\/dev.monti.lt\/#website","url":"https:\/\/dev.monti.lt\/","name":"Montessori \u017eaislai","description":"","publisher":{"@id":"https:\/\/dev.monti.lt\/#organization"},"potentialAction":[{"@type":"SearchAction","target":{"@type":"EntryPoint","urlTemplate":"https:\/\/dev.monti.lt\/?s={search_term_string}"},"query-input":"required name=search_term_string"}],"inLanguage":"en-US"},{"@type":"Organization","@id":"https:\/\/dev.monti.lt\/#organization","name":"Montessori \u017eaislai","url":"https:\/\/dev.monti.lt\/","logo":{"@type":"ImageObject","inLanguage":"en-US","@id":"https:\/\/dev.monti.lt\/#\/schema\/logo\/image\/","url":"https:\/\/dev.monti.lt\/wp-content\/uploads\/2022\/03\/montilogo-1.png","contentUrl":"https:\/\/dev.monti.lt\/wp-content\/uploads\/2022\/03\/montilogo-1.png","width":512,"height":512,"caption":"Montessori \u017eaislai"},"image":{"@id":"https:\/\/dev.monti.lt\/#\/schema\/logo\/image\/"}}]}},"_links":{"self":[{"href":"https:\/\/dev.monti.lt\/en\/wp-json\/wp\/v2\/product\/9726"}],"collection":[{"href":"https:\/\/dev.monti.lt\/en\/wp-json\/wp\/v2\/product"}],"about":[{"href":"https:\/\/dev.monti.lt\/en\/wp-json\/wp\/v2\/types\/product"}],"version-history":[{"count":1,"href":"https:\/\/dev.monti.lt\/en\/wp-json\/wp\/v2\/product\/9726\/revisions"}],"predecessor-version":[{"id":9734,"href":"https:\/\/dev.monti.lt\/en\/wp-json\/wp\/v2\/product\/9726\/revisions\/9734"}],"wp:featuredmedia":[{"embeddable":true,"href":"https:\/\/dev.monti.lt\/en\/wp-json\/wp\/v2\/media\/9727"}],"wp:attachment":[{"href":"https:\/\/dev.monti.lt\/en\/wp-json\/wp\/v2\/media?parent=9726"}],"wp:term":[{"taxonomy":"product_cat","embeddable":true,"href":"https:\/\/dev.monti.lt\/en\/wp-json\/wp\/v2\/product_cat?post=9726"},{"taxonomy":"product_tag","embeddable":true,"href":"https:\/\/dev.monti.lt\/en\/wp-json\/wp\/v2\/product_tag?post=9726"}],"curies":[{"name":"wp","href":"https:\/\/api.w.org\/{rel}","templated":true}]}}