{"id":9567,"date":"2022-09-13T11:02:19","date_gmt":"2022-09-13T11:02:19","guid":{"rendered":"https:\/\/dev.monti.lt\/?post_type=product&#038;p=9567"},"modified":"2024-05-04T18:53:00","modified_gmt":"2024-05-04T18:53:00","slug":"magnetiniai-blokeliai-20-vnt","status":"publish","type":"product","link":"https:\/\/dev.monti.lt\/en\/product\/magnetiniai-blokeliai-20-vnt\/","title":{"rendered":"Magnetiniai blokeliai 20 vnt."},"content":{"rendered":"<p>Magnetiniai blokeliai, 20 vnt.<\/p>\n<p><img decoding=\"async\" src=\"https:\/\/www.ikonka.com.pl\/img\/product_media\/33001-34000\/Kolorowe_klocki_magnetyczne_MAGICAL_MAGNET_20SZT_1_1.jpg\"><\/p>\n<p><span style=\"font-family: Tahoma; font-size: large;\">Statykime nauj\u0105 nam\u0105 kartu!<\/span><\/p>\n<p>Didelis magnetini\u0173 blokeli\u0173 rinkinys tikrai palengvins.<\/p>\n<p>\u012e komplekt\u0105 <b>\u012feina visi b\u016btini elementai<\/b> , kuri\u0173 reikia norint sukurti unikal\u0173 nam\u0105 ar \u017eaidim\u0173 aik\u0161tel\u0119<\/p>\n<p>Rinkinys <b>bus tikras malonumas ma\u017eajam menininkui<\/b> ir konstruktoriui.<\/p>\n<p><img decoding=\"async\" src=\"https:\/\/www.ikonka.com.pl\/img\/product_media\/33001-34000\/Kolorowe_klocki_magnetyczne_MAGICAL_MAGNET_20SZT_9.jpg\"><\/p>\n<p>Leiskite savo vaikui tapti ma\u017eu architektu ir patirti d\u017eiaugsmo bei pasitenkinimo i\u0161 j\u016bs\u0173 pa\u010di\u0173 projekt\u0173.<\/p>\n<p><b>Vienas \u017eaislas, daug galimybi\u0173!<\/b><\/p>\n<p><b>\u012evairi\u0173 form\u0173 kalad\u0117l\u0117s<\/b> pad\u0117s sukurti vienetines konstrukcijas.<\/p>\n<p>Jie gali b\u016bti naudojami kuriant 3D strukt\u016bras arba plok\u0161\u010dias formas.<\/p>\n<p>Pats nuspr\u0119skite, k\u0105 norite sutvarkyti.<\/p>\n<p><img decoding=\"async\" src=\"https:\/\/www.ikonka.com.pl\/img\/product_media\/33001-34000\/Kolorowe_klocki_magnetyczne_MAGICAL_MAGNET_20SZT_4.jpg\"><\/p>\n<p><b>Puiki pramoga garantuota!<\/b><\/p>\n<p>Smagu yra sujungti kalad\u0117les magnet\u0173 pagalba<\/p>\n<p>Stipr\u016bs magnetai palengvins unikalios strukt\u016bros suk\u016brim\u0105.<\/p>\n<p>Blokai yra puikus b\u016bdas tobul\u0117ti ir k\u016brybi\u0161kai linksmintis.<\/p>\n<p>Puikiai&nbsp; lavina <b>vaizduot\u0119, skatina k\u016brybi\u0161k\u0105 ir netradicin\u012f m\u0105stym\u0105<\/b> , taip pat nuostabiai&nbsp; <b>lavina ma\u017e\u0173j\u0173 rank\u0173 \u012fg\u016bd\u017eius<\/b> &nbsp;.<\/p>\n<p><b>Be to, mokantis spalv\u0173 pavadinimus ar skai\u010diuojant<\/b> puikiai pravers skirting\u0173 spalv\u0173 kalad\u0117l\u0117s .<\/p>\n<p><img decoding=\"async\" src=\"https:\/\/www.ikonka.com.pl\/img\/product_media\/33001-34000\/Kolorowe_klocki_magnetyczne_MAGICAL_MAGNET_20SZT_2.jpg\"><\/p>\n<p><b>Rinkin\u012f sudaro 20 element\u0173, \u012fskaitant:<\/b><\/p>\n<ul>\n<li>Spalvotos kalad\u0117l\u0117s su magnetais<\/li>\n<\/ul>\n<p>&#8211; 6x kvadratai<\/p>\n<p>&#8211; 8x trikampiai<\/p>\n<p>&#8211; 6 plastikiniai kvadratai plytoms u\u017epildyti<\/p>\n<ul>\n<li>Instrukcijos su \u0161ablon\u0173 pavyzd\u017eiais turi b\u016bti i\u0161d\u0117styti<\/li>\n<\/ul>\n<p><img decoding=\"async\" src=\"https:\/\/www.ikonka.com.pl\/img\/product_media\/33001-34000\/Kolorowe_klocki_magnetyczne_MAGICAL_MAGNET_20SZT_3.jpg\"><\/p>\n<p>Matmenys:<\/p>\n<p><b>Konstrukcinis komplektas:<\/b><\/p>\n<ul>\n<li style=\"list-style-type: none;\">\n<ul>\n<li>Kvadratas: 6cm x 6cm<\/li>\n<li>Lygiakra\u0161tis trikampis: 5cm x 5cm x 5cm<\/li>\n<\/ul>\n<\/li>\n<\/ul>\n<p align=\"left\"><b>Pakuot\u0117:<\/b> 30cm x 23,5cm x 6cm<\/p>\n<p align=\"left\"><img decoding=\"async\" src=\"https:\/\/www.ikonka.com.pl\/img\/product_media\/33001-34000\/Kolorowe_klocki_magnetyczne_MAGICAL_MAGNET_20SZT_10.jpg\"><\/p>","protected":false},"excerpt":{"rendered":"<p>Magnetiniai blokeliai, 20 vnt. Statykime nauj\u0105 nam\u0105 kartu! Didelis magnetini\u0173 blokeli\u0173 rinkinys tikrai palengvins. \u012e komplekt\u0105 \u012feina visi b\u016btini elementai , kuri\u0173 reikia norint sukurti unikal\u0173 nam\u0105 ar \u017eaidim\u0173 aik\u0161tel\u0119 Rinkinys bus tikras malonumas ma\u017eajam menininkui ir konstruktoriui. Leiskite savo vaikui tapti ma\u017eu architektu ir patirti d\u017eiaugsmo bei pasitenkinimo i\u0161 j\u016bs\u0173 pa\u010di\u0173 projekt\u0173. Vienas \u017eaislas, [&hellip;]<\/p>","protected":false},"featured_media":9568,"template":"","meta":{"iawp_total_views":112},"product_cat":[92,194,195,197,196,191,192,87,84,86,199,49,39],"product_tag":[101,96,97,98,99],"class_list":{"0":"post-9567","1":"product","2":"type-product","3":"status-publish","4":"has-post-thumbnail","6":"product_cat-deliones","7":"product_cat-dovanos-vaikams-2-3-metu","8":"product_cat-dovanos-vaikams-3-4-metu","9":"product_cat-dovanos-berniukams","10":"product_cat-dovanos-mergaitems","11":"product_cat-dovanos-vaikams","12":"product_cat-kaledines-dovanos-vaikams","13":"product_cat-kurybiniai-rinkiniai","14":"product_cat-lavinamieji-zaislai","15":"product_cat-smulkioji-motorika","16":"product_cat-ugdymo-istaigoms","17":"product_cat-visi-zaislai","18":"product_cat-zaislai","19":"product_tag-12-m-14-m","20":"product_tag-2-m-3-m","21":"product_tag-3-m-4-m","22":"product_tag-5-m-7-m","23":"product_tag-8-m-11-m","25":"first","26":"instock","27":"sale","28":"taxable","29":"shipping-taxable","30":"purchasable","31":"product-type-simple"},"yoast_head":"<!-- This site is optimized with the Yoast SEO plugin v23.3 - https:\/\/yoast.com\/wordpress\/plugins\/seo\/ -->\n<title>Magnetiniai blokeliai 20 vnt. - Montessori \u017eaislai<\/title>\n<meta name=\"robots\" content=\"noindex, follow, max-snippet:-1, max-image-preview:large, max-video-preview:-1\" \/>\n<meta property=\"og:locale\" content=\"en_US\" \/>\n<meta property=\"og:type\" content=\"article\" \/>\n<meta property=\"og:title\" content=\"Magnetiniai blokeliai 20 vnt. - Montessori \u017eaislai\" \/>\n<meta property=\"og:description\" content=\"Magnetiniai blokeliai, 20 vnt. Statykime nauj\u0105 nam\u0105 kartu! Didelis magnetini\u0173 blokeli\u0173 rinkinys tikrai palengvins. \u012e komplekt\u0105 \u012feina visi b\u016btini elementai , kuri\u0173 reikia norint sukurti unikal\u0173 nam\u0105 ar \u017eaidim\u0173 aik\u0161tel\u0119 Rinkinys bus tikras malonumas ma\u017eajam menininkui ir konstruktoriui. Leiskite savo vaikui tapti ma\u017eu architektu ir patirti d\u017eiaugsmo bei pasitenkinimo i\u0161 j\u016bs\u0173 pa\u010di\u0173 projekt\u0173. Vienas \u017eaislas, [&hellip;]\" \/>\n<meta property=\"og:url\" content=\"https:\/\/dev.monti.lt\/en\/product\/magnetiniai-blokeliai-20-vnt\/\" \/>\n<meta property=\"og:site_name\" content=\"Montessori \u017eaislai\" \/>\n<meta property=\"article:modified_time\" content=\"2024-05-04T18:53:00+00:00\" \/>\n<meta property=\"og:image\" content=\"https:\/\/dev.monti.lt\/wp-content\/uploads\/2022\/09\/Kolorowe_klocki_magnetyczne_MAGICAL_MAGNET_20SZT_1_1.jpg\" \/>\n\t<meta property=\"og:image:width\" content=\"1600\" \/>\n\t<meta property=\"og:image:height\" content=\"1600\" \/>\n\t<meta property=\"og:image:type\" content=\"image\/jpeg\" \/>\n<meta name=\"twitter:card\" content=\"summary_large_image\" \/>\n<meta name=\"twitter:label1\" content=\"Est. reading time\" \/>\n\t<meta name=\"twitter:data1\" content=\"2 minutes\" \/>\n<script type=\"application\/ld+json\" class=\"yoast-schema-graph\">{\"@context\":\"https:\/\/schema.org\",\"@graph\":[{\"@type\":\"WebPage\",\"@id\":\"https:\/\/dev.monti.lt\/product\/magnetiniai-blokeliai-20-vnt\/\",\"url\":\"https:\/\/dev.monti.lt\/product\/magnetiniai-blokeliai-20-vnt\/\",\"name\":\"Magnetiniai blokeliai 20 vnt. - Montessori \u017eaislai\",\"isPartOf\":{\"@id\":\"https:\/\/dev.monti.lt\/#website\"},\"primaryImageOfPage\":{\"@id\":\"https:\/\/dev.monti.lt\/product\/magnetiniai-blokeliai-20-vnt\/#primaryimage\"},\"image\":{\"@id\":\"https:\/\/dev.monti.lt\/product\/magnetiniai-blokeliai-20-vnt\/#primaryimage\"},\"thumbnailUrl\":\"https:\/\/dev.monti.lt\/wp-content\/uploads\/2022\/09\/Kolorowe_klocki_magnetyczne_MAGICAL_MAGNET_20SZT_1_1.jpg\",\"datePublished\":\"2022-09-13T11:02:19+00:00\",\"dateModified\":\"2024-05-04T18:53:00+00:00\",\"breadcrumb\":{\"@id\":\"https:\/\/dev.monti.lt\/product\/magnetiniai-blokeliai-20-vnt\/#breadcrumb\"},\"inLanguage\":\"en-US\",\"potentialAction\":[{\"@type\":\"ReadAction\",\"target\":[\"https:\/\/dev.monti.lt\/product\/magnetiniai-blokeliai-20-vnt\/\"]}]},{\"@type\":\"ImageObject\",\"inLanguage\":\"en-US\",\"@id\":\"https:\/\/dev.monti.lt\/product\/magnetiniai-blokeliai-20-vnt\/#primaryimage\",\"url\":\"https:\/\/dev.monti.lt\/wp-content\/uploads\/2022\/09\/Kolorowe_klocki_magnetyczne_MAGICAL_MAGNET_20SZT_1_1.jpg\",\"contentUrl\":\"https:\/\/dev.monti.lt\/wp-content\/uploads\/2022\/09\/Kolorowe_klocki_magnetyczne_MAGICAL_MAGNET_20SZT_1_1.jpg\",\"width\":1600,\"height\":1600,\"caption\":\"Magnetiniai blokeliai , vaiki\u0161kos magnetin\u0117s kalad\u0117l\u0117s\"},{\"@type\":\"BreadcrumbList\",\"@id\":\"https:\/\/dev.monti.lt\/product\/magnetiniai-blokeliai-20-vnt\/#breadcrumb\",\"itemListElement\":[{\"@type\":\"ListItem\",\"position\":1,\"name\":\"Home\",\"item\":\"https:\/\/dev.monti.lt\/\"},{\"@type\":\"ListItem\",\"position\":2,\"name\":\"Parduotuv\u0117\",\"item\":\"https:\/\/dev.monti.lt\/shop\/\"},{\"@type\":\"ListItem\",\"position\":3,\"name\":\"Magnetiniai blokeliai 20 vnt.\"}]},{\"@type\":\"WebSite\",\"@id\":\"https:\/\/dev.monti.lt\/#website\",\"url\":\"https:\/\/dev.monti.lt\/\",\"name\":\"Montessori \u017eaislai\",\"description\":\"\",\"publisher\":{\"@id\":\"https:\/\/dev.monti.lt\/#organization\"},\"potentialAction\":[{\"@type\":\"SearchAction\",\"target\":{\"@type\":\"EntryPoint\",\"urlTemplate\":\"https:\/\/dev.monti.lt\/?s={search_term_string}\"},\"query-input\":\"required name=search_term_string\"}],\"inLanguage\":\"en-US\"},{\"@type\":\"Organization\",\"@id\":\"https:\/\/dev.monti.lt\/#organization\",\"name\":\"Montessori \u017eaislai\",\"url\":\"https:\/\/dev.monti.lt\/\",\"logo\":{\"@type\":\"ImageObject\",\"inLanguage\":\"en-US\",\"@id\":\"https:\/\/dev.monti.lt\/#\/schema\/logo\/image\/\",\"url\":\"https:\/\/dev.monti.lt\/wp-content\/uploads\/2022\/03\/montilogo-1.png\",\"contentUrl\":\"https:\/\/dev.monti.lt\/wp-content\/uploads\/2022\/03\/montilogo-1.png\",\"width\":512,\"height\":512,\"caption\":\"Montessori \u017eaislai\"},\"image\":{\"@id\":\"https:\/\/dev.monti.lt\/#\/schema\/logo\/image\/\"}}]}<\/script>\n<!-- \/ Yoast SEO plugin. -->","yoast_head_json":{"title":"Magnetiniai blokeliai 20 vnt. - Montessori \u017eaislai","robots":{"index":"noindex","follow":"follow","max-snippet":"max-snippet:-1","max-image-preview":"max-image-preview:large","max-video-preview":"max-video-preview:-1"},"og_locale":"en_US","og_type":"article","og_title":"Magnetiniai blokeliai 20 vnt. - Montessori \u017eaislai","og_description":"Magnetiniai blokeliai, 20 vnt. Statykime nauj\u0105 nam\u0105 kartu! Didelis magnetini\u0173 blokeli\u0173 rinkinys tikrai palengvins. \u012e komplekt\u0105 \u012feina visi b\u016btini elementai , kuri\u0173 reikia norint sukurti unikal\u0173 nam\u0105 ar \u017eaidim\u0173 aik\u0161tel\u0119 Rinkinys bus tikras malonumas ma\u017eajam menininkui ir konstruktoriui. Leiskite savo vaikui tapti ma\u017eu architektu ir patirti d\u017eiaugsmo bei pasitenkinimo i\u0161 j\u016bs\u0173 pa\u010di\u0173 projekt\u0173. Vienas \u017eaislas, [&hellip;]","og_url":"https:\/\/dev.monti.lt\/en\/product\/magnetiniai-blokeliai-20-vnt\/","og_site_name":"Montessori \u017eaislai","article_modified_time":"2024-05-04T18:53:00+00:00","og_image":[{"width":1600,"height":1600,"url":"https:\/\/dev.monti.lt\/wp-content\/uploads\/2022\/09\/Kolorowe_klocki_magnetyczne_MAGICAL_MAGNET_20SZT_1_1.jpg","type":"image\/jpeg"}],"twitter_card":"summary_large_image","twitter_misc":{"Est. reading time":"2 minutes"},"schema":{"@context":"https:\/\/schema.org","@graph":[{"@type":"WebPage","@id":"https:\/\/dev.monti.lt\/product\/magnetiniai-blokeliai-20-vnt\/","url":"https:\/\/dev.monti.lt\/product\/magnetiniai-blokeliai-20-vnt\/","name":"Magnetiniai blokeliai 20 vnt. - Montessori \u017eaislai","isPartOf":{"@id":"https:\/\/dev.monti.lt\/#website"},"primaryImageOfPage":{"@id":"https:\/\/dev.monti.lt\/product\/magnetiniai-blokeliai-20-vnt\/#primaryimage"},"image":{"@id":"https:\/\/dev.monti.lt\/product\/magnetiniai-blokeliai-20-vnt\/#primaryimage"},"thumbnailUrl":"https:\/\/dev.monti.lt\/wp-content\/uploads\/2022\/09\/Kolorowe_klocki_magnetyczne_MAGICAL_MAGNET_20SZT_1_1.jpg","datePublished":"2022-09-13T11:02:19+00:00","dateModified":"2024-05-04T18:53:00+00:00","breadcrumb":{"@id":"https:\/\/dev.monti.lt\/product\/magnetiniai-blokeliai-20-vnt\/#breadcrumb"},"inLanguage":"en-US","potentialAction":[{"@type":"ReadAction","target":["https:\/\/dev.monti.lt\/product\/magnetiniai-blokeliai-20-vnt\/"]}]},{"@type":"ImageObject","inLanguage":"en-US","@id":"https:\/\/dev.monti.lt\/product\/magnetiniai-blokeliai-20-vnt\/#primaryimage","url":"https:\/\/dev.monti.lt\/wp-content\/uploads\/2022\/09\/Kolorowe_klocki_magnetyczne_MAGICAL_MAGNET_20SZT_1_1.jpg","contentUrl":"https:\/\/dev.monti.lt\/wp-content\/uploads\/2022\/09\/Kolorowe_klocki_magnetyczne_MAGICAL_MAGNET_20SZT_1_1.jpg","width":1600,"height":1600,"caption":"Magnetiniai blokeliai , vaiki\u0161kos magnetin\u0117s kalad\u0117l\u0117s"},{"@type":"BreadcrumbList","@id":"https:\/\/dev.monti.lt\/product\/magnetiniai-blokeliai-20-vnt\/#breadcrumb","itemListElement":[{"@type":"ListItem","position":1,"name":"Home","item":"https:\/\/dev.monti.lt\/"},{"@type":"ListItem","position":2,"name":"Parduotuv\u0117","item":"https:\/\/dev.monti.lt\/shop\/"},{"@type":"ListItem","position":3,"name":"Magnetiniai blokeliai 20 vnt."}]},{"@type":"WebSite","@id":"https:\/\/dev.monti.lt\/#website","url":"https:\/\/dev.monti.lt\/","name":"Montessori \u017eaislai","description":"","publisher":{"@id":"https:\/\/dev.monti.lt\/#organization"},"potentialAction":[{"@type":"SearchAction","target":{"@type":"EntryPoint","urlTemplate":"https:\/\/dev.monti.lt\/?s={search_term_string}"},"query-input":"required name=search_term_string"}],"inLanguage":"en-US"},{"@type":"Organization","@id":"https:\/\/dev.monti.lt\/#organization","name":"Montessori \u017eaislai","url":"https:\/\/dev.monti.lt\/","logo":{"@type":"ImageObject","inLanguage":"en-US","@id":"https:\/\/dev.monti.lt\/#\/schema\/logo\/image\/","url":"https:\/\/dev.monti.lt\/wp-content\/uploads\/2022\/03\/montilogo-1.png","contentUrl":"https:\/\/dev.monti.lt\/wp-content\/uploads\/2022\/03\/montilogo-1.png","width":512,"height":512,"caption":"Montessori \u017eaislai"},"image":{"@id":"https:\/\/dev.monti.lt\/#\/schema\/logo\/image\/"}}]}},"_links":{"self":[{"href":"https:\/\/dev.monti.lt\/en\/wp-json\/wp\/v2\/product\/9567"}],"collection":[{"href":"https:\/\/dev.monti.lt\/en\/wp-json\/wp\/v2\/product"}],"about":[{"href":"https:\/\/dev.monti.lt\/en\/wp-json\/wp\/v2\/types\/product"}],"version-history":[{"count":5,"href":"https:\/\/dev.monti.lt\/en\/wp-json\/wp\/v2\/product\/9567\/revisions"}],"predecessor-version":[{"id":14861,"href":"https:\/\/dev.monti.lt\/en\/wp-json\/wp\/v2\/product\/9567\/revisions\/14861"}],"wp:featuredmedia":[{"embeddable":true,"href":"https:\/\/dev.monti.lt\/en\/wp-json\/wp\/v2\/media\/9568"}],"wp:attachment":[{"href":"https:\/\/dev.monti.lt\/en\/wp-json\/wp\/v2\/media?parent=9567"}],"wp:term":[{"taxonomy":"product_cat","embeddable":true,"href":"https:\/\/dev.monti.lt\/en\/wp-json\/wp\/v2\/product_cat?post=9567"},{"taxonomy":"product_tag","embeddable":true,"href":"https:\/\/dev.monti.lt\/en\/wp-json\/wp\/v2\/product_tag?post=9567"}],"curies":[{"name":"wp","href":"https:\/\/api.w.org\/{rel}","templated":true}]}}