{"id":9559,"date":"2022-09-13T10:57:51","date_gmt":"2022-09-13T10:57:51","guid":{"rendered":"https:\/\/dev.monti.lt\/?post_type=product&#038;p=9559"},"modified":"2024-04-05T19:19:21","modified_gmt":"2024-04-05T19:19:21","slug":"zaislas-voniai-gyvunai","status":"publish","type":"product","link":"https:\/\/dev.monti.lt\/en\/product\/zaislas-voniai-gyvunai\/","title":{"rendered":"\u017eaislas voniai gyv\u016bnai"},"content":{"rendered":"<p><strong>VONIOS \u017dAISLAS GYV\u016aNAI<\/strong><\/p>\n<p>Vandens zoologijos sodas? Tai skamba fantasti\u0161kai!<\/p>\n<p>Tokiu atveju imkit\u0117s darbo.<\/p>\n<p>Gyv\u016bn\u0173 formos stebukling\u0173 galvos\u016bki\u0173 rinkinys \u2013 inovatyvus maudymosi \u017eaislas, kuris suteiks J\u016bs\u0173 vaikui daug \u012fsp\u016bd\u017ei\u0173.<\/p>\n<p>Visi elementai pagaminti i\u0161 mink\u0161tos ir patvarios putos. Jums nereikia klij\u0173, kad gal\u0117tum\u0117te laikyti galvos\u016bkius ant vonios ar glaz\u016bruoti. Tiesiog pamirkykite juos vandenyje.<\/p>\n<p>Jie labai lengvi, o \u012fmet\u0119 \u012f kubil\u0105 pl\u016bduriuos. Jie greitai i\u0161d\u017ei\u016bsta ir yra lengvai laikomi.<\/p>\n<p>Vandens galvos\u016bkiai yra tobulo, begalinio linksmumo pasi\u016blymas, padedantis tinkamai vystytis vaikui.<\/p>\n<p>Puikus \u017eaislas, kuris suteiks daug \u012fsp\u016bd\u017ei\u0173 maudantis. Kiekvienam ma\u017eam tyrin\u0117tojui tai tikrai patiks.<\/p>\n<p>J\u016bs\u0173 ma\u017eylis nem\u0117gsta kasdieni\u0173 maudyni\u0173? Su \u0161iuo rinkiniu tai jau praeitis.<\/p>\n<p>Putplas\u010dio galvos\u016bkiai kiekvien\u0105 voni\u0105 paver\u010dia fantasti\u0161ku nuotykiu.<\/p>\n<p>\u017daislas skatina k\u016brybi\u0161kum\u0105, teigiamai veikia loginio m\u0105stymo ugdym\u0105 ir lavina rankinius \u012fg\u016bd\u017eius.<\/p>\n<p>Be to, tai bus puikus b\u016bdas su\u017einoti apie raides ir skai\u010dius.<\/p>\n<p>Ry\u0161kios, sodrios spalvos ir neperkrauta forma pritrauks vaiko d\u0117mes\u012f ir skatins \u017eaisti.<\/p>\n<p>Puiki dovanos id\u0117ja.<\/p>\n<p><strong>Matmenys:<\/strong><\/p>\n<ul>\n<li>D\u0117lion\u0117s (zebro) pavyzdys: 12 cm x 11,5 cm x 0,8 cm<\/li>\n<li>Pakuot\u0117: 28cm x 21cm x 5cm<\/li>\n<\/ul>","protected":false},"excerpt":{"rendered":"<p>VONIOS \u017dAISLAS GYV\u016aNAI Vandens zoologijos sodas? Tai skamba fantasti\u0161kai! Tokiu atveju imkit\u0117s darbo. Gyv\u016bn\u0173 formos stebukling\u0173 galvos\u016bki\u0173 rinkinys \u2013 inovatyvus maudymosi \u017eaislas, kuris suteiks J\u016bs\u0173 vaikui daug \u012fsp\u016bd\u017ei\u0173. Visi elementai pagaminti i\u0161 mink\u0161tos ir patvarios putos. Jums nereikia klij\u0173, kad gal\u0117tum\u0117te laikyti galvos\u016bkius ant vonios ar glaz\u016bruoti. Tiesiog pamirkykite juos vandenyje. Jie labai lengvi, o [&hellip;]<\/p>","protected":false},"featured_media":9560,"template":"","meta":{"iawp_total_views":123},"product_cat":[92,84,190,90,86,49,39],"product_tag":[95,96,97,94],"class_list":{"0":"post-9559","1":"product","2":"type-product","3":"status-publish","4":"has-post-thumbnail","6":"product_cat-deliones","7":"product_cat-lavinamieji-zaislai","8":"product_cat-maudynems","9":"product_cat-pasaulio-pazinimas","10":"product_cat-smulkioji-motorika","11":"product_cat-visi-zaislai","12":"product_cat-zaislai","13":"product_tag-1-m-2-m","14":"product_tag-2-m-3-m","15":"product_tag-3-m-4-m","16":"product_tag-iki-1-m","18":"first","19":"instock","20":"taxable","21":"shipping-taxable","22":"purchasable","23":"product-type-simple"},"yoast_head":"<!-- This site is optimized with the Yoast SEO plugin v23.3 - https:\/\/yoast.com\/wordpress\/plugins\/seo\/ -->\n<title>\u017eaislas voniai gyv\u016bnai - Montessori \u017eaislai<\/title>\n<meta name=\"robots\" content=\"noindex, follow, max-snippet:-1, max-image-preview:large, max-video-preview:-1\" \/>\n<meta property=\"og:locale\" content=\"en_US\" \/>\n<meta property=\"og:type\" content=\"article\" \/>\n<meta property=\"og:title\" content=\"\u017eaislas voniai gyv\u016bnai - Montessori \u017eaislai\" \/>\n<meta property=\"og:description\" content=\"VONIOS \u017dAISLAS GYV\u016aNAI Vandens zoologijos sodas? Tai skamba fantasti\u0161kai! Tokiu atveju imkit\u0117s darbo. Gyv\u016bn\u0173 formos stebukling\u0173 galvos\u016bki\u0173 rinkinys \u2013 inovatyvus maudymosi \u017eaislas, kuris suteiks J\u016bs\u0173 vaikui daug \u012fsp\u016bd\u017ei\u0173. Visi elementai pagaminti i\u0161 mink\u0161tos ir patvarios putos. Jums nereikia klij\u0173, kad gal\u0117tum\u0117te laikyti galvos\u016bkius ant vonios ar glaz\u016bruoti. Tiesiog pamirkykite juos vandenyje. Jie labai lengvi, o [&hellip;]\" \/>\n<meta property=\"og:url\" content=\"https:\/\/dev.monti.lt\/en\/product\/zaislas-voniai-gyvunai\/\" \/>\n<meta property=\"og:site_name\" content=\"Montessori \u017eaislai\" \/>\n<meta property=\"article:modified_time\" content=\"2024-04-05T19:19:21+00:00\" \/>\n<meta property=\"og:image\" content=\"https:\/\/dev.monti.lt\/wp-content\/uploads\/2022\/09\/KX565875770.jpg\" \/>\n\t<meta property=\"og:image:width\" content=\"1024\" \/>\n\t<meta property=\"og:image:height\" content=\"1024\" \/>\n\t<meta property=\"og:image:type\" content=\"image\/jpeg\" \/>\n<meta name=\"twitter:card\" content=\"summary_large_image\" \/>\n<meta name=\"twitter:label1\" content=\"Est. reading time\" \/>\n\t<meta name=\"twitter:data1\" content=\"1 minute\" \/>\n<script type=\"application\/ld+json\" class=\"yoast-schema-graph\">{\"@context\":\"https:\/\/schema.org\",\"@graph\":[{\"@type\":\"WebPage\",\"@id\":\"https:\/\/dev.monti.lt\/product\/zaislas-voniai-gyvunai\/\",\"url\":\"https:\/\/dev.monti.lt\/product\/zaislas-voniai-gyvunai\/\",\"name\":\"\u017eaislas voniai gyv\u016bnai - Montessori \u017eaislai\",\"isPartOf\":{\"@id\":\"https:\/\/dev.monti.lt\/#website\"},\"primaryImageOfPage\":{\"@id\":\"https:\/\/dev.monti.lt\/product\/zaislas-voniai-gyvunai\/#primaryimage\"},\"image\":{\"@id\":\"https:\/\/dev.monti.lt\/product\/zaislas-voniai-gyvunai\/#primaryimage\"},\"thumbnailUrl\":\"https:\/\/dev.monti.lt\/wp-content\/uploads\/2022\/09\/KX565875770.jpg\",\"datePublished\":\"2022-09-13T10:57:51+00:00\",\"dateModified\":\"2024-04-05T19:19:21+00:00\",\"breadcrumb\":{\"@id\":\"https:\/\/dev.monti.lt\/product\/zaislas-voniai-gyvunai\/#breadcrumb\"},\"inLanguage\":\"en-US\",\"potentialAction\":[{\"@type\":\"ReadAction\",\"target\":[\"https:\/\/dev.monti.lt\/product\/zaislas-voniai-gyvunai\/\"]}]},{\"@type\":\"ImageObject\",\"inLanguage\":\"en-US\",\"@id\":\"https:\/\/dev.monti.lt\/product\/zaislas-voniai-gyvunai\/#primaryimage\",\"url\":\"https:\/\/dev.monti.lt\/wp-content\/uploads\/2022\/09\/KX565875770.jpg\",\"contentUrl\":\"https:\/\/dev.monti.lt\/wp-content\/uploads\/2022\/09\/KX565875770.jpg\",\"width\":1024,\"height\":1024,\"caption\":\"vonios \u017eaislas gyv\u016bnai voniai\"},{\"@type\":\"BreadcrumbList\",\"@id\":\"https:\/\/dev.monti.lt\/product\/zaislas-voniai-gyvunai\/#breadcrumb\",\"itemListElement\":[{\"@type\":\"ListItem\",\"position\":1,\"name\":\"Home\",\"item\":\"https:\/\/dev.monti.lt\/\"},{\"@type\":\"ListItem\",\"position\":2,\"name\":\"Parduotuv\u0117\",\"item\":\"https:\/\/dev.monti.lt\/shop\/\"},{\"@type\":\"ListItem\",\"position\":3,\"name\":\"\u017eaislas voniai gyv\u016bnai\"}]},{\"@type\":\"WebSite\",\"@id\":\"https:\/\/dev.monti.lt\/#website\",\"url\":\"https:\/\/dev.monti.lt\/\",\"name\":\"Montessori \u017eaislai\",\"description\":\"\",\"publisher\":{\"@id\":\"https:\/\/dev.monti.lt\/#organization\"},\"potentialAction\":[{\"@type\":\"SearchAction\",\"target\":{\"@type\":\"EntryPoint\",\"urlTemplate\":\"https:\/\/dev.monti.lt\/?s={search_term_string}\"},\"query-input\":\"required name=search_term_string\"}],\"inLanguage\":\"en-US\"},{\"@type\":\"Organization\",\"@id\":\"https:\/\/dev.monti.lt\/#organization\",\"name\":\"Montessori \u017eaislai\",\"url\":\"https:\/\/dev.monti.lt\/\",\"logo\":{\"@type\":\"ImageObject\",\"inLanguage\":\"en-US\",\"@id\":\"https:\/\/dev.monti.lt\/#\/schema\/logo\/image\/\",\"url\":\"https:\/\/dev.monti.lt\/wp-content\/uploads\/2022\/03\/montilogo-1.png\",\"contentUrl\":\"https:\/\/dev.monti.lt\/wp-content\/uploads\/2022\/03\/montilogo-1.png\",\"width\":512,\"height\":512,\"caption\":\"Montessori \u017eaislai\"},\"image\":{\"@id\":\"https:\/\/dev.monti.lt\/#\/schema\/logo\/image\/\"}}]}<\/script>\n<!-- \/ Yoast SEO plugin. -->","yoast_head_json":{"title":"\u017eaislas voniai gyv\u016bnai - Montessori \u017eaislai","robots":{"index":"noindex","follow":"follow","max-snippet":"max-snippet:-1","max-image-preview":"max-image-preview:large","max-video-preview":"max-video-preview:-1"},"og_locale":"en_US","og_type":"article","og_title":"\u017eaislas voniai gyv\u016bnai - Montessori \u017eaislai","og_description":"VONIOS \u017dAISLAS GYV\u016aNAI Vandens zoologijos sodas? Tai skamba fantasti\u0161kai! Tokiu atveju imkit\u0117s darbo. Gyv\u016bn\u0173 formos stebukling\u0173 galvos\u016bki\u0173 rinkinys \u2013 inovatyvus maudymosi \u017eaislas, kuris suteiks J\u016bs\u0173 vaikui daug \u012fsp\u016bd\u017ei\u0173. Visi elementai pagaminti i\u0161 mink\u0161tos ir patvarios putos. Jums nereikia klij\u0173, kad gal\u0117tum\u0117te laikyti galvos\u016bkius ant vonios ar glaz\u016bruoti. Tiesiog pamirkykite juos vandenyje. Jie labai lengvi, o [&hellip;]","og_url":"https:\/\/dev.monti.lt\/en\/product\/zaislas-voniai-gyvunai\/","og_site_name":"Montessori \u017eaislai","article_modified_time":"2024-04-05T19:19:21+00:00","og_image":[{"width":1024,"height":1024,"url":"https:\/\/dev.monti.lt\/wp-content\/uploads\/2022\/09\/KX565875770.jpg","type":"image\/jpeg"}],"twitter_card":"summary_large_image","twitter_misc":{"Est. reading time":"1 minute"},"schema":{"@context":"https:\/\/schema.org","@graph":[{"@type":"WebPage","@id":"https:\/\/dev.monti.lt\/product\/zaislas-voniai-gyvunai\/","url":"https:\/\/dev.monti.lt\/product\/zaislas-voniai-gyvunai\/","name":"\u017eaislas voniai gyv\u016bnai - Montessori \u017eaislai","isPartOf":{"@id":"https:\/\/dev.monti.lt\/#website"},"primaryImageOfPage":{"@id":"https:\/\/dev.monti.lt\/product\/zaislas-voniai-gyvunai\/#primaryimage"},"image":{"@id":"https:\/\/dev.monti.lt\/product\/zaislas-voniai-gyvunai\/#primaryimage"},"thumbnailUrl":"https:\/\/dev.monti.lt\/wp-content\/uploads\/2022\/09\/KX565875770.jpg","datePublished":"2022-09-13T10:57:51+00:00","dateModified":"2024-04-05T19:19:21+00:00","breadcrumb":{"@id":"https:\/\/dev.monti.lt\/product\/zaislas-voniai-gyvunai\/#breadcrumb"},"inLanguage":"en-US","potentialAction":[{"@type":"ReadAction","target":["https:\/\/dev.monti.lt\/product\/zaislas-voniai-gyvunai\/"]}]},{"@type":"ImageObject","inLanguage":"en-US","@id":"https:\/\/dev.monti.lt\/product\/zaislas-voniai-gyvunai\/#primaryimage","url":"https:\/\/dev.monti.lt\/wp-content\/uploads\/2022\/09\/KX565875770.jpg","contentUrl":"https:\/\/dev.monti.lt\/wp-content\/uploads\/2022\/09\/KX565875770.jpg","width":1024,"height":1024,"caption":"vonios \u017eaislas gyv\u016bnai voniai"},{"@type":"BreadcrumbList","@id":"https:\/\/dev.monti.lt\/product\/zaislas-voniai-gyvunai\/#breadcrumb","itemListElement":[{"@type":"ListItem","position":1,"name":"Home","item":"https:\/\/dev.monti.lt\/"},{"@type":"ListItem","position":2,"name":"Parduotuv\u0117","item":"https:\/\/dev.monti.lt\/shop\/"},{"@type":"ListItem","position":3,"name":"\u017eaislas voniai gyv\u016bnai"}]},{"@type":"WebSite","@id":"https:\/\/dev.monti.lt\/#website","url":"https:\/\/dev.monti.lt\/","name":"Montessori \u017eaislai","description":"","publisher":{"@id":"https:\/\/dev.monti.lt\/#organization"},"potentialAction":[{"@type":"SearchAction","target":{"@type":"EntryPoint","urlTemplate":"https:\/\/dev.monti.lt\/?s={search_term_string}"},"query-input":"required name=search_term_string"}],"inLanguage":"en-US"},{"@type":"Organization","@id":"https:\/\/dev.monti.lt\/#organization","name":"Montessori \u017eaislai","url":"https:\/\/dev.monti.lt\/","logo":{"@type":"ImageObject","inLanguage":"en-US","@id":"https:\/\/dev.monti.lt\/#\/schema\/logo\/image\/","url":"https:\/\/dev.monti.lt\/wp-content\/uploads\/2022\/03\/montilogo-1.png","contentUrl":"https:\/\/dev.monti.lt\/wp-content\/uploads\/2022\/03\/montilogo-1.png","width":512,"height":512,"caption":"Montessori \u017eaislai"},"image":{"@id":"https:\/\/dev.monti.lt\/#\/schema\/logo\/image\/"}}]}},"_links":{"self":[{"href":"https:\/\/dev.monti.lt\/en\/wp-json\/wp\/v2\/product\/9559"}],"collection":[{"href":"https:\/\/dev.monti.lt\/en\/wp-json\/wp\/v2\/product"}],"about":[{"href":"https:\/\/dev.monti.lt\/en\/wp-json\/wp\/v2\/types\/product"}],"version-history":[{"count":1,"href":"https:\/\/dev.monti.lt\/en\/wp-json\/wp\/v2\/product\/9559\/revisions"}],"predecessor-version":[{"id":9566,"href":"https:\/\/dev.monti.lt\/en\/wp-json\/wp\/v2\/product\/9559\/revisions\/9566"}],"wp:featuredmedia":[{"embeddable":true,"href":"https:\/\/dev.monti.lt\/en\/wp-json\/wp\/v2\/media\/9560"}],"wp:attachment":[{"href":"https:\/\/dev.monti.lt\/en\/wp-json\/wp\/v2\/media?parent=9559"}],"wp:term":[{"taxonomy":"product_cat","embeddable":true,"href":"https:\/\/dev.monti.lt\/en\/wp-json\/wp\/v2\/product_cat?post=9559"},{"taxonomy":"product_tag","embeddable":true,"href":"https:\/\/dev.monti.lt\/en\/wp-json\/wp\/v2\/product_tag?post=9559"}],"curies":[{"name":"wp","href":"https:\/\/api.w.org\/{rel}","templated":true}]}}