{"id":9556,"date":"2022-09-13T10:54:06","date_gmt":"2022-09-13T10:54:06","guid":{"rendered":"https:\/\/dev.monti.lt\/?post_type=product&#038;p=9556"},"modified":"2024-10-02T06:30:33","modified_gmt":"2024-10-02T06:30:33","slug":"svieciantys-magnetiniai-blokeliai-75-vnt","status":"publish","type":"product","link":"https:\/\/dev.monti.lt\/en\/product\/svieciantys-magnetiniai-blokeliai-75-vnt\/","title":{"rendered":"\u0160vie\u010diantys magnetiniai blokeliai, 75 vnt"},"content":{"rendered":"<h2>APIB\u016aDINIMAS<\/h2>\n<div class=\"product-description cms-content\">\n<p><b>\u0160vie\u010diantys magnetiniai blokeliai, \u00a075el<\/b><\/p>\n<p>Med\u017eiaga: plastikas<\/p>\n<p>Vaiko am\u017eius: 3+<\/p>\n<p>Komplekto turinys:<\/p>\n<ul>\n<li>62x blokai<\/li>\n<li>4x kamuoliukai<\/li>\n<li>9x baterijomis valdomi \u0161vie\u010diantys elementai (\u012ftraukta)<\/li>\n<li>20x lipdukai<\/li>\n<li>Instrukcija<\/li>\n<\/ul>\n<p>Matmenys:<\/p>\n<ul>\n<li>Ma\u017eiausias blokas: 4,5 cm x 4,5 cm x 0,6 cm<\/li>\n<li>Did\u017eiausias blokas: 3,8 cm x 15 cm x 2 cm<\/li>\n<li>Marmuras: 2,8 cm<\/li>\n<li>Pakuot\u0117: 31cm x 25cm x 8cm<\/li>\n<\/ul>\n<p>Supakuota esteti\u0161koje kartonin\u0117je pakuot\u0117je.<\/p>\n<\/div>","protected":false},"excerpt":{"rendered":"<p>APIB\u016aDINIMAS \u0160vie\u010diantys magnetiniai blokeliai, \u00a075el Med\u017eiaga: plastikas Vaiko am\u017eius: 3+ Komplekto turinys: 62x blokai 4x kamuoliukai 9x baterijomis valdomi \u0161vie\u010diantys elementai (\u012ftraukta) 20x lipdukai Instrukcija Matmenys: Ma\u017eiausias blokas: 4,5 cm x 4,5 cm x 0,6 cm Did\u017eiausias blokas: 3,8 cm x 15 cm x 2 cm Marmuras: 2,8 cm Pakuot\u0117: 31cm x 25cm x 8cm [&hellip;]<\/p>","protected":false},"featured_media":9557,"template":"","meta":{"iawp_total_views":539},"product_cat":[213,92,195,197,191,82,192,87,84,86,199,202,49,39],"product_tag":[96,97,98,99],"class_list":{"0":"post-9556","1":"product","2":"type-product","3":"status-publish","4":"has-post-thumbnail","6":"product_cat-akcija","7":"product_cat-deliones","8":"product_cat-dovanos-vaikams-3-4-metu","9":"product_cat-dovanos-berniukams","10":"product_cat-dovanos-vaikams","11":"product_cat-ispardavimas","12":"product_cat-kaledines-dovanos-vaikams","13":"product_cat-kurybiniai-rinkiniai","14":"product_cat-lavinamieji-zaislai","15":"product_cat-smulkioji-motorika","16":"product_cat-ugdymo-istaigoms","17":"product_cat-vaaikiski-konstruktoriai","18":"product_cat-visi-zaislai","19":"product_cat-zaislai","20":"product_tag-2-m-3-m","21":"product_tag-3-m-4-m","22":"product_tag-5-m-7-m","23":"product_tag-8-m-11-m","25":"first","26":"instock","27":"sale","28":"taxable","29":"shipping-taxable","30":"purchasable","31":"product-type-simple"},"yoast_head":"<!-- This site is optimized with the Yoast SEO plugin v23.3 - https:\/\/yoast.com\/wordpress\/plugins\/seo\/ -->\n<title>\u0160vie\u010diantys magnetiniai blokeliai, 75 vnt - Montessori \u017eaislai<\/title>\n<meta name=\"robots\" content=\"noindex, follow, max-snippet:-1, max-image-preview:large, max-video-preview:-1\" \/>\n<meta property=\"og:locale\" content=\"en_US\" \/>\n<meta property=\"og:type\" content=\"article\" \/>\n<meta property=\"og:title\" content=\"\u0160vie\u010diantys magnetiniai blokeliai, 75 vnt - Montessori \u017eaislai\" \/>\n<meta property=\"og:description\" content=\"APIB\u016aDINIMAS \u0160vie\u010diantys magnetiniai blokeliai, \u00a075el Med\u017eiaga: plastikas Vaiko am\u017eius: 3+ Komplekto turinys: 62x blokai 4x kamuoliukai 9x baterijomis valdomi \u0161vie\u010diantys elementai (\u012ftraukta) 20x lipdukai Instrukcija Matmenys: Ma\u017eiausias blokas: 4,5 cm x 4,5 cm x 0,6 cm Did\u017eiausias blokas: 3,8 cm x 15 cm x 2 cm Marmuras: 2,8 cm Pakuot\u0117: 31cm x 25cm x 8cm [&hellip;]\" \/>\n<meta property=\"og:url\" content=\"https:\/\/dev.monti.lt\/en\/product\/svieciantys-magnetiniai-blokeliai-75-vnt\/\" \/>\n<meta property=\"og:site_name\" content=\"Montessori \u017eaislai\" \/>\n<meta property=\"article:modified_time\" content=\"2024-10-02T06:30:33+00:00\" \/>\n<meta property=\"og:image\" content=\"https:\/\/dev.monti.lt\/wp-content\/uploads\/2022\/09\/KX514479472.jpg\" \/>\n\t<meta property=\"og:image:width\" content=\"351\" \/>\n\t<meta property=\"og:image:height\" content=\"453\" \/>\n\t<meta property=\"og:image:type\" content=\"image\/jpeg\" \/>\n<meta name=\"twitter:card\" content=\"summary_large_image\" \/>\n<meta name=\"twitter:label1\" content=\"Est. reading time\" \/>\n\t<meta name=\"twitter:data1\" content=\"1 minute\" \/>\n<script type=\"application\/ld+json\" class=\"yoast-schema-graph\">{\"@context\":\"https:\/\/schema.org\",\"@graph\":[{\"@type\":\"WebPage\",\"@id\":\"https:\/\/dev.monti.lt\/product\/svieciantys-magnetiniai-blokeliai-75-vnt\/\",\"url\":\"https:\/\/dev.monti.lt\/product\/svieciantys-magnetiniai-blokeliai-75-vnt\/\",\"name\":\"\u0160vie\u010diantys magnetiniai blokeliai, 75 vnt - Montessori \u017eaislai\",\"isPartOf\":{\"@id\":\"https:\/\/dev.monti.lt\/#website\"},\"primaryImageOfPage\":{\"@id\":\"https:\/\/dev.monti.lt\/product\/svieciantys-magnetiniai-blokeliai-75-vnt\/#primaryimage\"},\"image\":{\"@id\":\"https:\/\/dev.monti.lt\/product\/svieciantys-magnetiniai-blokeliai-75-vnt\/#primaryimage\"},\"thumbnailUrl\":\"https:\/\/dev.monti.lt\/wp-content\/uploads\/2022\/09\/KX514479472.jpg\",\"datePublished\":\"2022-09-13T10:54:06+00:00\",\"dateModified\":\"2024-10-02T06:30:33+00:00\",\"breadcrumb\":{\"@id\":\"https:\/\/dev.monti.lt\/product\/svieciantys-magnetiniai-blokeliai-75-vnt\/#breadcrumb\"},\"inLanguage\":\"en-US\",\"potentialAction\":[{\"@type\":\"ReadAction\",\"target\":[\"https:\/\/dev.monti.lt\/product\/svieciantys-magnetiniai-blokeliai-75-vnt\/\"]}]},{\"@type\":\"ImageObject\",\"inLanguage\":\"en-US\",\"@id\":\"https:\/\/dev.monti.lt\/product\/svieciantys-magnetiniai-blokeliai-75-vnt\/#primaryimage\",\"url\":\"https:\/\/dev.monti.lt\/wp-content\/uploads\/2022\/09\/KX514479472.jpg\",\"contentUrl\":\"https:\/\/dev.monti.lt\/wp-content\/uploads\/2022\/09\/KX514479472.jpg\",\"width\":351,\"height\":453,\"caption\":\"\u0161vie\u010diantys magnetiniai blokeliai \u017eaisti\"},{\"@type\":\"BreadcrumbList\",\"@id\":\"https:\/\/dev.monti.lt\/product\/svieciantys-magnetiniai-blokeliai-75-vnt\/#breadcrumb\",\"itemListElement\":[{\"@type\":\"ListItem\",\"position\":1,\"name\":\"Home\",\"item\":\"https:\/\/dev.monti.lt\/\"},{\"@type\":\"ListItem\",\"position\":2,\"name\":\"Parduotuv\u0117\",\"item\":\"https:\/\/dev.monti.lt\/shop\/\"},{\"@type\":\"ListItem\",\"position\":3,\"name\":\"\u0160vie\u010diantys magnetiniai blokeliai, 75 vnt\"}]},{\"@type\":\"WebSite\",\"@id\":\"https:\/\/dev.monti.lt\/#website\",\"url\":\"https:\/\/dev.monti.lt\/\",\"name\":\"Montessori \u017eaislai\",\"description\":\"\",\"publisher\":{\"@id\":\"https:\/\/dev.monti.lt\/#organization\"},\"potentialAction\":[{\"@type\":\"SearchAction\",\"target\":{\"@type\":\"EntryPoint\",\"urlTemplate\":\"https:\/\/dev.monti.lt\/?s={search_term_string}\"},\"query-input\":\"required name=search_term_string\"}],\"inLanguage\":\"en-US\"},{\"@type\":\"Organization\",\"@id\":\"https:\/\/dev.monti.lt\/#organization\",\"name\":\"Montessori \u017eaislai\",\"url\":\"https:\/\/dev.monti.lt\/\",\"logo\":{\"@type\":\"ImageObject\",\"inLanguage\":\"en-US\",\"@id\":\"https:\/\/dev.monti.lt\/#\/schema\/logo\/image\/\",\"url\":\"https:\/\/dev.monti.lt\/wp-content\/uploads\/2022\/03\/montilogo-1.png\",\"contentUrl\":\"https:\/\/dev.monti.lt\/wp-content\/uploads\/2022\/03\/montilogo-1.png\",\"width\":512,\"height\":512,\"caption\":\"Montessori \u017eaislai\"},\"image\":{\"@id\":\"https:\/\/dev.monti.lt\/#\/schema\/logo\/image\/\"}}]}<\/script>\n<!-- \/ Yoast SEO plugin. -->","yoast_head_json":{"title":"\u0160vie\u010diantys magnetiniai blokeliai, 75 vnt - Montessori \u017eaislai","robots":{"index":"noindex","follow":"follow","max-snippet":"max-snippet:-1","max-image-preview":"max-image-preview:large","max-video-preview":"max-video-preview:-1"},"og_locale":"en_US","og_type":"article","og_title":"\u0160vie\u010diantys magnetiniai blokeliai, 75 vnt - Montessori \u017eaislai","og_description":"APIB\u016aDINIMAS \u0160vie\u010diantys magnetiniai blokeliai, \u00a075el Med\u017eiaga: plastikas Vaiko am\u017eius: 3+ Komplekto turinys: 62x blokai 4x kamuoliukai 9x baterijomis valdomi \u0161vie\u010diantys elementai (\u012ftraukta) 20x lipdukai Instrukcija Matmenys: Ma\u017eiausias blokas: 4,5 cm x 4,5 cm x 0,6 cm Did\u017eiausias blokas: 3,8 cm x 15 cm x 2 cm Marmuras: 2,8 cm Pakuot\u0117: 31cm x 25cm x 8cm [&hellip;]","og_url":"https:\/\/dev.monti.lt\/en\/product\/svieciantys-magnetiniai-blokeliai-75-vnt\/","og_site_name":"Montessori \u017eaislai","article_modified_time":"2024-10-02T06:30:33+00:00","og_image":[{"width":351,"height":453,"url":"https:\/\/dev.monti.lt\/wp-content\/uploads\/2022\/09\/KX514479472.jpg","type":"image\/jpeg"}],"twitter_card":"summary_large_image","twitter_misc":{"Est. reading time":"1 minute"},"schema":{"@context":"https:\/\/schema.org","@graph":[{"@type":"WebPage","@id":"https:\/\/dev.monti.lt\/product\/svieciantys-magnetiniai-blokeliai-75-vnt\/","url":"https:\/\/dev.monti.lt\/product\/svieciantys-magnetiniai-blokeliai-75-vnt\/","name":"\u0160vie\u010diantys magnetiniai blokeliai, 75 vnt - Montessori \u017eaislai","isPartOf":{"@id":"https:\/\/dev.monti.lt\/#website"},"primaryImageOfPage":{"@id":"https:\/\/dev.monti.lt\/product\/svieciantys-magnetiniai-blokeliai-75-vnt\/#primaryimage"},"image":{"@id":"https:\/\/dev.monti.lt\/product\/svieciantys-magnetiniai-blokeliai-75-vnt\/#primaryimage"},"thumbnailUrl":"https:\/\/dev.monti.lt\/wp-content\/uploads\/2022\/09\/KX514479472.jpg","datePublished":"2022-09-13T10:54:06+00:00","dateModified":"2024-10-02T06:30:33+00:00","breadcrumb":{"@id":"https:\/\/dev.monti.lt\/product\/svieciantys-magnetiniai-blokeliai-75-vnt\/#breadcrumb"},"inLanguage":"en-US","potentialAction":[{"@type":"ReadAction","target":["https:\/\/dev.monti.lt\/product\/svieciantys-magnetiniai-blokeliai-75-vnt\/"]}]},{"@type":"ImageObject","inLanguage":"en-US","@id":"https:\/\/dev.monti.lt\/product\/svieciantys-magnetiniai-blokeliai-75-vnt\/#primaryimage","url":"https:\/\/dev.monti.lt\/wp-content\/uploads\/2022\/09\/KX514479472.jpg","contentUrl":"https:\/\/dev.monti.lt\/wp-content\/uploads\/2022\/09\/KX514479472.jpg","width":351,"height":453,"caption":"\u0161vie\u010diantys magnetiniai blokeliai \u017eaisti"},{"@type":"BreadcrumbList","@id":"https:\/\/dev.monti.lt\/product\/svieciantys-magnetiniai-blokeliai-75-vnt\/#breadcrumb","itemListElement":[{"@type":"ListItem","position":1,"name":"Home","item":"https:\/\/dev.monti.lt\/"},{"@type":"ListItem","position":2,"name":"Parduotuv\u0117","item":"https:\/\/dev.monti.lt\/shop\/"},{"@type":"ListItem","position":3,"name":"\u0160vie\u010diantys magnetiniai blokeliai, 75 vnt"}]},{"@type":"WebSite","@id":"https:\/\/dev.monti.lt\/#website","url":"https:\/\/dev.monti.lt\/","name":"Montessori \u017eaislai","description":"","publisher":{"@id":"https:\/\/dev.monti.lt\/#organization"},"potentialAction":[{"@type":"SearchAction","target":{"@type":"EntryPoint","urlTemplate":"https:\/\/dev.monti.lt\/?s={search_term_string}"},"query-input":"required name=search_term_string"}],"inLanguage":"en-US"},{"@type":"Organization","@id":"https:\/\/dev.monti.lt\/#organization","name":"Montessori \u017eaislai","url":"https:\/\/dev.monti.lt\/","logo":{"@type":"ImageObject","inLanguage":"en-US","@id":"https:\/\/dev.monti.lt\/#\/schema\/logo\/image\/","url":"https:\/\/dev.monti.lt\/wp-content\/uploads\/2022\/03\/montilogo-1.png","contentUrl":"https:\/\/dev.monti.lt\/wp-content\/uploads\/2022\/03\/montilogo-1.png","width":512,"height":512,"caption":"Montessori \u017eaislai"},"image":{"@id":"https:\/\/dev.monti.lt\/#\/schema\/logo\/image\/"}}]}},"_links":{"self":[{"href":"https:\/\/dev.monti.lt\/en\/wp-json\/wp\/v2\/product\/9556"}],"collection":[{"href":"https:\/\/dev.monti.lt\/en\/wp-json\/wp\/v2\/product"}],"about":[{"href":"https:\/\/dev.monti.lt\/en\/wp-json\/wp\/v2\/types\/product"}],"version-history":[{"count":3,"href":"https:\/\/dev.monti.lt\/en\/wp-json\/wp\/v2\/product\/9556\/revisions"}],"predecessor-version":[{"id":9725,"href":"https:\/\/dev.monti.lt\/en\/wp-json\/wp\/v2\/product\/9556\/revisions\/9725"}],"wp:featuredmedia":[{"embeddable":true,"href":"https:\/\/dev.monti.lt\/en\/wp-json\/wp\/v2\/media\/9557"}],"wp:attachment":[{"href":"https:\/\/dev.monti.lt\/en\/wp-json\/wp\/v2\/media?parent=9556"}],"wp:term":[{"taxonomy":"product_cat","embeddable":true,"href":"https:\/\/dev.monti.lt\/en\/wp-json\/wp\/v2\/product_cat?post=9556"},{"taxonomy":"product_tag","embeddable":true,"href":"https:\/\/dev.monti.lt\/en\/wp-json\/wp\/v2\/product_tag?post=9556"}],"curies":[{"name":"wp","href":"https:\/\/api.w.org\/{rel}","templated":true}]}}