{"id":9499,"date":"2022-09-09T16:28:21","date_gmt":"2022-09-09T16:28:21","guid":{"rendered":"https:\/\/dev.monti.lt\/?post_type=product&#038;p=9499"},"modified":"2024-09-25T14:16:51","modified_gmt":"2024-09-25T14:16:51","slug":"montessori-zaidimas-4in1","status":"publish","type":"product","link":"https:\/\/dev.monti.lt\/en\/product\/montessori-zaidimas-4in1\/","title":{"rendered":"Montessori \u017eaidimas 4in1"},"content":{"rendered":"<p><span style=\"font-family: Tahoma; font-size: 12pt;\"><strong>\u0160eimos \u017eaidimas \u017euv\u0173, kirminuk\u0173 \u017evejyba<\/strong><\/span><\/p>\n<p><span style=\"font-size: 12pt;\"><strong><span style=\"font-family: Tahoma;\">Komplekto turinys:<\/span><\/strong><\/span><\/p>\n<ul>\n<li><span style=\"font-family: Tahoma; font-size: 12pt;\">Baz\u0117<\/span><\/li>\n<li><span style=\"font-family: Tahoma; font-size: 12pt;\">2x me\u0161ker\u0117s<\/span><\/li>\n<li><span style=\"font-family: Tahoma; font-size: 12pt;\">2x lazdel\u0117s<\/span><\/li>\n<li><span style=\"font-family: Tahoma; font-size: 12pt;\">4x silikonin\u0117s formos<\/span><\/li>\n<li><span style=\"font-family: Tahoma; font-size: 12pt;\">10x pa\u0161aipos rutuliukai<\/span><\/li>\n<li><span style=\"font-family: Tahoma; font-size: 12pt;\">12x ma\u017e\u0173 \u017euveli\u0173<\/span><\/li>\n<li><span style=\"font-family: Tahoma; font-size: 12pt;\">17x kirmin\u0173<\/span><\/li>\n<li><span style=\"font-family: Tahoma; font-size: 12pt;\">1x kauliukai<\/span><\/li>\n<li><span style=\"font-family: Tahoma; font-size: 12pt;\">16x p\u0117stininkai 4 spalv\u0173<\/span><\/li>\n<\/ul>\n<p><span style=\"font-family: Tahoma; font-size: 12pt;\"><strong>Matmenys:<\/strong><\/span><\/p>\n<ul>\n<li><span style=\"font-size: 12pt;\"><span style=\"font-family: Tahoma;\"><strong>Pagrindas (skersmuo x auk\u0161tis<\/strong> ): 18cm x 3,5cm<\/span><\/span><\/li>\n<li><span style=\"font-size: 12pt;\"><span style=\"font-family: Tahoma;\"><strong>\u017euvis:<\/strong> 2 cm x 4 cm<\/span><\/span><\/li>\n<li><span style=\"font-size: 12pt;\"><span style=\"font-family: Tahoma;\"><strong>rutulio apimtis:<\/strong> 7,5 cm<\/span><\/span><\/li>\n<li><span style=\"font-size: 12pt;\"><span style=\"font-family: Tahoma;\"><strong>me\u0161ker\u0117s ilgis:<\/strong> 26,5 cm<\/span><\/span><\/li>\n<li><span style=\"font-size: 12pt;\"><span style=\"font-family: Tahoma;\"><strong>sliekas<\/strong> : 3,5 cm<\/span><\/span><\/li>\n<li><span style=\"font-size: 12pt;\"><span style=\"font-family: Tahoma;\"><strong>p\u0117stininkas<\/strong> : 3,5 cm<\/span><\/span><\/li>\n<li><span style=\"font-size: 12pt;\"><span style=\"font-family: Tahoma;\"><strong>kauliukai<\/strong> : 1cm x 1cm x 1cm<\/span><\/span><\/li>\n<li><span style=\"font-family: Tahoma; font-size: 12pt;\"><strong>pakuot\u0117<\/strong> : 27cm x 21cm x 4cm<\/span><\/li>\n<\/ul>\n<p><span style=\"font-family: Tahoma; font-size: 12pt;\">Supakuota esteti\u0161koje kartonin\u0117je pakuot\u0117je.<\/span><\/p>","protected":false},"excerpt":{"rendered":"<p>\u0160eimos \u017eaidimas \u017euv\u0173, kirminuk\u0173 \u017evejyba Komplekto turinys: Baz\u0117 2x me\u0161ker\u0117s 2x lazdel\u0117s 4x silikonin\u0117s formos 10x pa\u0161aipos rutuliukai 12x ma\u017e\u0173 \u017euveli\u0173 17x kirmin\u0173 1x kauliukai 16x p\u0117stininkai 4 spalv\u0173 Matmenys: Pagrindas (skersmuo x auk\u0161tis ): 18cm x 3,5cm \u017euvis: 2 cm x 4 cm rutulio apimtis: 7,5 cm me\u0161ker\u0117s ilgis: 26,5 cm sliekas : 3,5 [&hellip;]<\/p>","protected":false},"featured_media":9500,"template":"","meta":{"iawp_total_views":128},"product_cat":[213,92,82,84,91,102,88,83,86,49,39],"product_tag":[96,97,98,99],"class_list":{"0":"post-9499","1":"product","2":"type-product","3":"status-publish","4":"has-post-thumbnail","6":"product_cat-akcija","7":"product_cat-deliones","8":"product_cat-ispardavimas","9":"product_cat-lavinamieji-zaislai","10":"product_cat-loginiam-mastymui","11":"product_cat-mediniai-zaislai","12":"product_cat-mokausi-zaisti","13":"product_cat-montessori-zaislai","14":"product_cat-smulkioji-motorika","15":"product_cat-visi-zaislai","16":"product_cat-zaislai","17":"product_tag-2-m-3-m","18":"product_tag-3-m-4-m","19":"product_tag-5-m-7-m","20":"product_tag-8-m-11-m","22":"first","23":"instock","24":"sale","25":"featured","26":"taxable","27":"shipping-taxable","28":"purchasable","29":"product-type-simple"},"yoast_head":"<!-- This site is optimized with the Yoast SEO plugin v23.3 - https:\/\/yoast.com\/wordpress\/plugins\/seo\/ -->\n<title>Montessori \u017eaidimas 4in1 - Montessori \u017eaislai<\/title>\n<meta name=\"robots\" content=\"noindex, follow, max-snippet:-1, max-image-preview:large, max-video-preview:-1\" \/>\n<meta property=\"og:locale\" content=\"en_US\" \/>\n<meta property=\"og:type\" content=\"article\" \/>\n<meta property=\"og:title\" content=\"Montessori \u017eaidimas 4in1 - Montessori \u017eaislai\" \/>\n<meta property=\"og:description\" content=\"\u0160eimos \u017eaidimas \u017euv\u0173, kirminuk\u0173 \u017evejyba Komplekto turinys: Baz\u0117 2x me\u0161ker\u0117s 2x lazdel\u0117s 4x silikonin\u0117s formos 10x pa\u0161aipos rutuliukai 12x ma\u017e\u0173 \u017euveli\u0173 17x kirmin\u0173 1x kauliukai 16x p\u0117stininkai 4 spalv\u0173 Matmenys: Pagrindas (skersmuo x auk\u0161tis ): 18cm x 3,5cm \u017euvis: 2 cm x 4 cm rutulio apimtis: 7,5 cm me\u0161ker\u0117s ilgis: 26,5 cm sliekas : 3,5 [&hellip;]\" \/>\n<meta property=\"og:url\" content=\"https:\/\/dev.monti.lt\/en\/product\/montessori-zaidimas-4in1\/\" \/>\n<meta property=\"og:site_name\" content=\"Montessori \u017eaislai\" \/>\n<meta property=\"article:modified_time\" content=\"2024-09-25T14:16:51+00:00\" \/>\n<meta property=\"og:image\" content=\"https:\/\/dev.monti.lt\/wp-content\/uploads\/2022\/09\/KX526980739.jpg\" \/>\n\t<meta property=\"og:image:width\" content=\"1024\" \/>\n\t<meta property=\"og:image:height\" content=\"1024\" \/>\n\t<meta property=\"og:image:type\" content=\"image\/jpeg\" \/>\n<meta name=\"twitter:card\" content=\"summary_large_image\" \/>\n<meta name=\"twitter:label1\" content=\"Est. reading time\" \/>\n\t<meta name=\"twitter:data1\" content=\"1 minute\" \/>\n<script type=\"application\/ld+json\" class=\"yoast-schema-graph\">{\"@context\":\"https:\/\/schema.org\",\"@graph\":[{\"@type\":\"WebPage\",\"@id\":\"https:\/\/dev.monti.lt\/product\/montessori-zaidimas-4in1\/\",\"url\":\"https:\/\/dev.monti.lt\/product\/montessori-zaidimas-4in1\/\",\"name\":\"Montessori \u017eaidimas 4in1 - Montessori \u017eaislai\",\"isPartOf\":{\"@id\":\"https:\/\/dev.monti.lt\/#website\"},\"primaryImageOfPage\":{\"@id\":\"https:\/\/dev.monti.lt\/product\/montessori-zaidimas-4in1\/#primaryimage\"},\"image\":{\"@id\":\"https:\/\/dev.monti.lt\/product\/montessori-zaidimas-4in1\/#primaryimage\"},\"thumbnailUrl\":\"https:\/\/dev.monti.lt\/wp-content\/uploads\/2022\/09\/KX526980739.jpg\",\"datePublished\":\"2022-09-09T16:28:21+00:00\",\"dateModified\":\"2024-09-25T14:16:51+00:00\",\"breadcrumb\":{\"@id\":\"https:\/\/dev.monti.lt\/product\/montessori-zaidimas-4in1\/#breadcrumb\"},\"inLanguage\":\"en-US\",\"potentialAction\":[{\"@type\":\"ReadAction\",\"target\":[\"https:\/\/dev.monti.lt\/product\/montessori-zaidimas-4in1\/\"]}]},{\"@type\":\"ImageObject\",\"inLanguage\":\"en-US\",\"@id\":\"https:\/\/dev.monti.lt\/product\/montessori-zaidimas-4in1\/#primaryimage\",\"url\":\"https:\/\/dev.monti.lt\/wp-content\/uploads\/2022\/09\/KX526980739.jpg\",\"contentUrl\":\"https:\/\/dev.monti.lt\/wp-content\/uploads\/2022\/09\/KX526980739.jpg\",\"width\":1024,\"height\":1024,\"caption\":\"\u017dvejybos rinkinys\"},{\"@type\":\"BreadcrumbList\",\"@id\":\"https:\/\/dev.monti.lt\/product\/montessori-zaidimas-4in1\/#breadcrumb\",\"itemListElement\":[{\"@type\":\"ListItem\",\"position\":1,\"name\":\"Home\",\"item\":\"https:\/\/dev.monti.lt\/\"},{\"@type\":\"ListItem\",\"position\":2,\"name\":\"Parduotuv\u0117\",\"item\":\"https:\/\/dev.monti.lt\/shop\/\"},{\"@type\":\"ListItem\",\"position\":3,\"name\":\"Montessori \u017eaidimas 4in1\"}]},{\"@type\":\"WebSite\",\"@id\":\"https:\/\/dev.monti.lt\/#website\",\"url\":\"https:\/\/dev.monti.lt\/\",\"name\":\"Montessori \u017eaislai\",\"description\":\"\",\"publisher\":{\"@id\":\"https:\/\/dev.monti.lt\/#organization\"},\"potentialAction\":[{\"@type\":\"SearchAction\",\"target\":{\"@type\":\"EntryPoint\",\"urlTemplate\":\"https:\/\/dev.monti.lt\/?s={search_term_string}\"},\"query-input\":\"required name=search_term_string\"}],\"inLanguage\":\"en-US\"},{\"@type\":\"Organization\",\"@id\":\"https:\/\/dev.monti.lt\/#organization\",\"name\":\"Montessori \u017eaislai\",\"url\":\"https:\/\/dev.monti.lt\/\",\"logo\":{\"@type\":\"ImageObject\",\"inLanguage\":\"en-US\",\"@id\":\"https:\/\/dev.monti.lt\/#\/schema\/logo\/image\/\",\"url\":\"https:\/\/dev.monti.lt\/wp-content\/uploads\/2022\/03\/montilogo-1.png\",\"contentUrl\":\"https:\/\/dev.monti.lt\/wp-content\/uploads\/2022\/03\/montilogo-1.png\",\"width\":512,\"height\":512,\"caption\":\"Montessori \u017eaislai\"},\"image\":{\"@id\":\"https:\/\/dev.monti.lt\/#\/schema\/logo\/image\/\"}}]}<\/script>\n<!-- \/ Yoast SEO plugin. -->","yoast_head_json":{"title":"Montessori \u017eaidimas 4in1 - Montessori \u017eaislai","robots":{"index":"noindex","follow":"follow","max-snippet":"max-snippet:-1","max-image-preview":"max-image-preview:large","max-video-preview":"max-video-preview:-1"},"og_locale":"en_US","og_type":"article","og_title":"Montessori \u017eaidimas 4in1 - Montessori \u017eaislai","og_description":"\u0160eimos \u017eaidimas \u017euv\u0173, kirminuk\u0173 \u017evejyba Komplekto turinys: Baz\u0117 2x me\u0161ker\u0117s 2x lazdel\u0117s 4x silikonin\u0117s formos 10x pa\u0161aipos rutuliukai 12x ma\u017e\u0173 \u017euveli\u0173 17x kirmin\u0173 1x kauliukai 16x p\u0117stininkai 4 spalv\u0173 Matmenys: Pagrindas (skersmuo x auk\u0161tis ): 18cm x 3,5cm \u017euvis: 2 cm x 4 cm rutulio apimtis: 7,5 cm me\u0161ker\u0117s ilgis: 26,5 cm sliekas : 3,5 [&hellip;]","og_url":"https:\/\/dev.monti.lt\/en\/product\/montessori-zaidimas-4in1\/","og_site_name":"Montessori \u017eaislai","article_modified_time":"2024-09-25T14:16:51+00:00","og_image":[{"width":1024,"height":1024,"url":"https:\/\/dev.monti.lt\/wp-content\/uploads\/2022\/09\/KX526980739.jpg","type":"image\/jpeg"}],"twitter_card":"summary_large_image","twitter_misc":{"Est. reading time":"1 minute"},"schema":{"@context":"https:\/\/schema.org","@graph":[{"@type":"WebPage","@id":"https:\/\/dev.monti.lt\/product\/montessori-zaidimas-4in1\/","url":"https:\/\/dev.monti.lt\/product\/montessori-zaidimas-4in1\/","name":"Montessori \u017eaidimas 4in1 - Montessori \u017eaislai","isPartOf":{"@id":"https:\/\/dev.monti.lt\/#website"},"primaryImageOfPage":{"@id":"https:\/\/dev.monti.lt\/product\/montessori-zaidimas-4in1\/#primaryimage"},"image":{"@id":"https:\/\/dev.monti.lt\/product\/montessori-zaidimas-4in1\/#primaryimage"},"thumbnailUrl":"https:\/\/dev.monti.lt\/wp-content\/uploads\/2022\/09\/KX526980739.jpg","datePublished":"2022-09-09T16:28:21+00:00","dateModified":"2024-09-25T14:16:51+00:00","breadcrumb":{"@id":"https:\/\/dev.monti.lt\/product\/montessori-zaidimas-4in1\/#breadcrumb"},"inLanguage":"en-US","potentialAction":[{"@type":"ReadAction","target":["https:\/\/dev.monti.lt\/product\/montessori-zaidimas-4in1\/"]}]},{"@type":"ImageObject","inLanguage":"en-US","@id":"https:\/\/dev.monti.lt\/product\/montessori-zaidimas-4in1\/#primaryimage","url":"https:\/\/dev.monti.lt\/wp-content\/uploads\/2022\/09\/KX526980739.jpg","contentUrl":"https:\/\/dev.monti.lt\/wp-content\/uploads\/2022\/09\/KX526980739.jpg","width":1024,"height":1024,"caption":"\u017dvejybos rinkinys"},{"@type":"BreadcrumbList","@id":"https:\/\/dev.monti.lt\/product\/montessori-zaidimas-4in1\/#breadcrumb","itemListElement":[{"@type":"ListItem","position":1,"name":"Home","item":"https:\/\/dev.monti.lt\/"},{"@type":"ListItem","position":2,"name":"Parduotuv\u0117","item":"https:\/\/dev.monti.lt\/shop\/"},{"@type":"ListItem","position":3,"name":"Montessori \u017eaidimas 4in1"}]},{"@type":"WebSite","@id":"https:\/\/dev.monti.lt\/#website","url":"https:\/\/dev.monti.lt\/","name":"Montessori \u017eaislai","description":"","publisher":{"@id":"https:\/\/dev.monti.lt\/#organization"},"potentialAction":[{"@type":"SearchAction","target":{"@type":"EntryPoint","urlTemplate":"https:\/\/dev.monti.lt\/?s={search_term_string}"},"query-input":"required name=search_term_string"}],"inLanguage":"en-US"},{"@type":"Organization","@id":"https:\/\/dev.monti.lt\/#organization","name":"Montessori \u017eaislai","url":"https:\/\/dev.monti.lt\/","logo":{"@type":"ImageObject","inLanguage":"en-US","@id":"https:\/\/dev.monti.lt\/#\/schema\/logo\/image\/","url":"https:\/\/dev.monti.lt\/wp-content\/uploads\/2022\/03\/montilogo-1.png","contentUrl":"https:\/\/dev.monti.lt\/wp-content\/uploads\/2022\/03\/montilogo-1.png","width":512,"height":512,"caption":"Montessori \u017eaislai"},"image":{"@id":"https:\/\/dev.monti.lt\/#\/schema\/logo\/image\/"}}]}},"_links":{"self":[{"href":"https:\/\/dev.monti.lt\/en\/wp-json\/wp\/v2\/product\/9499"}],"collection":[{"href":"https:\/\/dev.monti.lt\/en\/wp-json\/wp\/v2\/product"}],"about":[{"href":"https:\/\/dev.monti.lt\/en\/wp-json\/wp\/v2\/types\/product"}],"version-history":[{"count":2,"href":"https:\/\/dev.monti.lt\/en\/wp-json\/wp\/v2\/product\/9499\/revisions"}],"predecessor-version":[{"id":9790,"href":"https:\/\/dev.monti.lt\/en\/wp-json\/wp\/v2\/product\/9499\/revisions\/9790"}],"wp:featuredmedia":[{"embeddable":true,"href":"https:\/\/dev.monti.lt\/en\/wp-json\/wp\/v2\/media\/9500"}],"wp:attachment":[{"href":"https:\/\/dev.monti.lt\/en\/wp-json\/wp\/v2\/media?parent=9499"}],"wp:term":[{"taxonomy":"product_cat","embeddable":true,"href":"https:\/\/dev.monti.lt\/en\/wp-json\/wp\/v2\/product_cat?post=9499"},{"taxonomy":"product_tag","embeddable":true,"href":"https:\/\/dev.monti.lt\/en\/wp-json\/wp\/v2\/product_tag?post=9499"}],"curies":[{"name":"wp","href":"https:\/\/api.w.org\/{rel}","templated":true}]}}