{"id":9405,"date":"2022-08-29T14:56:32","date_gmt":"2022-08-29T14:56:32","guid":{"rendered":"https:\/\/dev.monti.lt\/?post_type=product&#038;p=9405"},"modified":"2024-10-08T17:52:53","modified_gmt":"2024-10-08T17:52:53","slug":"magnetines-kaladeles-vaikams-100-vnt","status":"publish","type":"product","link":"https:\/\/dev.monti.lt\/en\/product\/magnetines-kaladeles-vaikams-100-vnt\/","title":{"rendered":"Magnetiniai blokeliai vaikams 100 vnt."},"content":{"rendered":"<p><span style=\"font-family: Tahoma; font-size: x-large;\"><strong>Magnetin\u0117s kalad\u0117l\u0117s ma\u017eiems vaikams 100 element\u0173<\/strong><\/span><\/p>\n<p><span style=\"font-family: Tahoma; font-size: large;\"><span style=\"font-size: large;\"><span style=\"font-family: Tahoma;\"><strong>Med\u017eiaga:<\/strong> plastikas + metalas<\/span><\/span><\/span><\/p>\n<p><span style=\"font-size: large;\"><span style=\"font-family: Tahoma;\"><strong>Dali\u0173 skai\u010dius:<\/strong> &nbsp;100 (29 kamuoliukai; 71 lazda)<\/span><\/span><\/p>\n<p><span style=\"font-size: large;\"><span style=\"font-family: Tahoma;\"><strong>Vaiko am\u017eius:<\/strong> 3+<\/span><\/span><\/p>\n<p><strong><span style=\"font-family: Tahoma; font-size: large;\">Matmenys:<\/span><\/strong><\/p>\n<ul>\n<li><span style=\"font-size: large;\"><span style=\"font-family: Tahoma;\"><strong>Kamuolio skersmuo: 4 <\/strong>cm<\/span><\/span><\/li>\n<li><span style=\"font-size: large;\"><span style=\"font-family: Tahoma;\"><strong>Maksimalus bloko ilgis:<\/strong> 8,5 cm<\/span><\/span><\/li>\n<li><span style=\"font-size: large;\"><span style=\"font-family: Tahoma;\"><strong>Minimalus bloko ilgis<\/strong> : 5,5 cm<\/span><\/span><\/li>\n<li><span style=\"font-size: large;\"><span style=\"font-family: Tahoma;\"><strong>Pakuot\u0117s matmenys<\/strong> : 30cm x 29,5cm x 16cm<\/span><\/span><\/li>\n<\/ul>\n<p><span style=\"font-family: Tahoma; font-size: large;\">Supakuota prakti\u0161koje plastikin\u0117je pakuot\u0117je, kad b\u016bt\u0173 patogu laikyti.<\/span><\/p>","protected":false},"excerpt":{"rendered":"<p>Magnetin\u0117s kalad\u0117l\u0117s ma\u017eiems vaikams 100 element\u0173 Med\u017eiaga: plastikas + metalas Dali\u0173 skai\u010dius: &nbsp;100 (29 kamuoliukai; 71 lazda) Vaiko am\u017eius: 3+ Matmenys: Kamuolio skersmuo: 4 cm Maksimalus bloko ilgis: 8,5 cm Minimalus bloko ilgis : 5,5 cm Pakuot\u0117s matmenys : 30cm x 29,5cm x 16cm Supakuota prakti\u0161koje plastikin\u0117je pakuot\u0117je, kad b\u016bt\u0173 patogu laikyti.<\/p>","protected":false},"featured_media":9406,"template":"","meta":{"iawp_total_views":191},"product_cat":[92,194,195,197,196,191,192,87,84,91,88,86,50,199,49,39],"product_tag":[96,97,98,99],"class_list":{"0":"post-9405","1":"product","2":"type-product","3":"status-publish","4":"has-post-thumbnail","6":"product_cat-deliones","7":"product_cat-dovanos-vaikams-2-3-metu","8":"product_cat-dovanos-vaikams-3-4-metu","9":"product_cat-dovanos-berniukams","10":"product_cat-dovanos-mergaitems","11":"product_cat-dovanos-vaikams","12":"product_cat-kaledines-dovanos-vaikams","13":"product_cat-kurybiniai-rinkiniai","14":"product_cat-lavinamieji-zaislai","15":"product_cat-loginiam-mastymui","16":"product_cat-mokausi-zaisti","17":"product_cat-smulkioji-motorika","18":"product_cat-top-dovanos","19":"product_cat-ugdymo-istaigoms","20":"product_cat-visi-zaislai","21":"product_cat-zaislai","22":"product_tag-2-m-3-m","23":"product_tag-3-m-4-m","24":"product_tag-5-m-7-m","25":"product_tag-8-m-11-m","27":"first","28":"instock","29":"taxable","30":"shipping-taxable","31":"purchasable","32":"product-type-simple"},"yoast_head":"<!-- This site is optimized with the Yoast SEO plugin v23.3 - https:\/\/yoast.com\/wordpress\/plugins\/seo\/ -->\n<title>Magnetiniai blokeliai vaikams 100 vnt. - Montessori \u017eaislai<\/title>\n<meta name=\"robots\" content=\"noindex, follow, max-snippet:-1, max-image-preview:large, max-video-preview:-1\" \/>\n<meta property=\"og:locale\" content=\"en_US\" \/>\n<meta property=\"og:type\" content=\"article\" \/>\n<meta property=\"og:title\" content=\"Magnetiniai blokeliai vaikams 100 vnt. - Montessori \u017eaislai\" \/>\n<meta property=\"og:description\" content=\"Magnetin\u0117s kalad\u0117l\u0117s ma\u017eiems vaikams 100 element\u0173 Med\u017eiaga: plastikas + metalas Dali\u0173 skai\u010dius: &nbsp;100 (29 kamuoliukai; 71 lazda) Vaiko am\u017eius: 3+ Matmenys: Kamuolio skersmuo: 4 cm Maksimalus bloko ilgis: 8,5 cm Minimalus bloko ilgis : 5,5 cm Pakuot\u0117s matmenys : 30cm x 29,5cm x 16cm Supakuota prakti\u0161koje plastikin\u0117je pakuot\u0117je, kad b\u016bt\u0173 patogu laikyti.\" \/>\n<meta property=\"og:url\" content=\"https:\/\/dev.monti.lt\/en\/product\/magnetines-kaladeles-vaikams-100-vnt\/\" \/>\n<meta property=\"og:site_name\" content=\"Montessori \u017eaislai\" \/>\n<meta property=\"article:modified_time\" content=\"2024-10-08T17:52:53+00:00\" \/>\n<meta property=\"og:image\" content=\"https:\/\/dev.monti.lt\/wp-content\/uploads\/2022\/08\/KX526680564.jpg\" \/>\n\t<meta property=\"og:image:width\" content=\"1024\" \/>\n\t<meta property=\"og:image:height\" content=\"768\" \/>\n\t<meta property=\"og:image:type\" content=\"image\/jpeg\" \/>\n<meta name=\"twitter:card\" content=\"summary_large_image\" \/>\n<meta name=\"twitter:label1\" content=\"Est. reading time\" \/>\n\t<meta name=\"twitter:data1\" content=\"1 minute\" \/>\n<script type=\"application\/ld+json\" class=\"yoast-schema-graph\">{\"@context\":\"https:\/\/schema.org\",\"@graph\":[{\"@type\":\"WebPage\",\"@id\":\"https:\/\/dev.monti.lt\/product\/magnetines-kaladeles-vaikams-100-vnt\/\",\"url\":\"https:\/\/dev.monti.lt\/product\/magnetines-kaladeles-vaikams-100-vnt\/\",\"name\":\"Magnetiniai blokeliai vaikams 100 vnt. - Montessori \u017eaislai\",\"isPartOf\":{\"@id\":\"https:\/\/dev.monti.lt\/#website\"},\"primaryImageOfPage\":{\"@id\":\"https:\/\/dev.monti.lt\/product\/magnetines-kaladeles-vaikams-100-vnt\/#primaryimage\"},\"image\":{\"@id\":\"https:\/\/dev.monti.lt\/product\/magnetines-kaladeles-vaikams-100-vnt\/#primaryimage\"},\"thumbnailUrl\":\"https:\/\/dev.monti.lt\/wp-content\/uploads\/2022\/08\/KX526680564.jpg\",\"datePublished\":\"2022-08-29T14:56:32+00:00\",\"dateModified\":\"2024-10-08T17:52:53+00:00\",\"breadcrumb\":{\"@id\":\"https:\/\/dev.monti.lt\/product\/magnetines-kaladeles-vaikams-100-vnt\/#breadcrumb\"},\"inLanguage\":\"en-US\",\"potentialAction\":[{\"@type\":\"ReadAction\",\"target\":[\"https:\/\/dev.monti.lt\/product\/magnetines-kaladeles-vaikams-100-vnt\/\"]}]},{\"@type\":\"ImageObject\",\"inLanguage\":\"en-US\",\"@id\":\"https:\/\/dev.monti.lt\/product\/magnetines-kaladeles-vaikams-100-vnt\/#primaryimage\",\"url\":\"https:\/\/dev.monti.lt\/wp-content\/uploads\/2022\/08\/KX526680564.jpg\",\"contentUrl\":\"https:\/\/dev.monti.lt\/wp-content\/uploads\/2022\/08\/KX526680564.jpg\",\"width\":1024,\"height\":768,\"caption\":\"magnetin\u0117s kalad\u0117l\u0117s vaikams, kal\u0117din\u0117 dovana, dovana kal\u0117doms\"},{\"@type\":\"BreadcrumbList\",\"@id\":\"https:\/\/dev.monti.lt\/product\/magnetines-kaladeles-vaikams-100-vnt\/#breadcrumb\",\"itemListElement\":[{\"@type\":\"ListItem\",\"position\":1,\"name\":\"Home\",\"item\":\"https:\/\/dev.monti.lt\/\"},{\"@type\":\"ListItem\",\"position\":2,\"name\":\"Parduotuv\u0117\",\"item\":\"https:\/\/dev.monti.lt\/shop\/\"},{\"@type\":\"ListItem\",\"position\":3,\"name\":\"Magnetiniai blokeliai vaikams 100 vnt.\"}]},{\"@type\":\"WebSite\",\"@id\":\"https:\/\/dev.monti.lt\/#website\",\"url\":\"https:\/\/dev.monti.lt\/\",\"name\":\"Montessori \u017eaislai\",\"description\":\"\",\"publisher\":{\"@id\":\"https:\/\/dev.monti.lt\/#organization\"},\"potentialAction\":[{\"@type\":\"SearchAction\",\"target\":{\"@type\":\"EntryPoint\",\"urlTemplate\":\"https:\/\/dev.monti.lt\/?s={search_term_string}\"},\"query-input\":\"required name=search_term_string\"}],\"inLanguage\":\"en-US\"},{\"@type\":\"Organization\",\"@id\":\"https:\/\/dev.monti.lt\/#organization\",\"name\":\"Montessori \u017eaislai\",\"url\":\"https:\/\/dev.monti.lt\/\",\"logo\":{\"@type\":\"ImageObject\",\"inLanguage\":\"en-US\",\"@id\":\"https:\/\/dev.monti.lt\/#\/schema\/logo\/image\/\",\"url\":\"https:\/\/dev.monti.lt\/wp-content\/uploads\/2022\/03\/montilogo-1.png\",\"contentUrl\":\"https:\/\/dev.monti.lt\/wp-content\/uploads\/2022\/03\/montilogo-1.png\",\"width\":512,\"height\":512,\"caption\":\"Montessori \u017eaislai\"},\"image\":{\"@id\":\"https:\/\/dev.monti.lt\/#\/schema\/logo\/image\/\"}}]}<\/script>\n<!-- \/ Yoast SEO plugin. -->","yoast_head_json":{"title":"Magnetiniai blokeliai vaikams 100 vnt. - Montessori \u017eaislai","robots":{"index":"noindex","follow":"follow","max-snippet":"max-snippet:-1","max-image-preview":"max-image-preview:large","max-video-preview":"max-video-preview:-1"},"og_locale":"en_US","og_type":"article","og_title":"Magnetiniai blokeliai vaikams 100 vnt. - Montessori \u017eaislai","og_description":"Magnetin\u0117s kalad\u0117l\u0117s ma\u017eiems vaikams 100 element\u0173 Med\u017eiaga: plastikas + metalas Dali\u0173 skai\u010dius: &nbsp;100 (29 kamuoliukai; 71 lazda) Vaiko am\u017eius: 3+ Matmenys: Kamuolio skersmuo: 4 cm Maksimalus bloko ilgis: 8,5 cm Minimalus bloko ilgis : 5,5 cm Pakuot\u0117s matmenys : 30cm x 29,5cm x 16cm Supakuota prakti\u0161koje plastikin\u0117je pakuot\u0117je, kad b\u016bt\u0173 patogu laikyti.","og_url":"https:\/\/dev.monti.lt\/en\/product\/magnetines-kaladeles-vaikams-100-vnt\/","og_site_name":"Montessori \u017eaislai","article_modified_time":"2024-10-08T17:52:53+00:00","og_image":[{"width":1024,"height":768,"url":"https:\/\/dev.monti.lt\/wp-content\/uploads\/2022\/08\/KX526680564.jpg","type":"image\/jpeg"}],"twitter_card":"summary_large_image","twitter_misc":{"Est. reading time":"1 minute"},"schema":{"@context":"https:\/\/schema.org","@graph":[{"@type":"WebPage","@id":"https:\/\/dev.monti.lt\/product\/magnetines-kaladeles-vaikams-100-vnt\/","url":"https:\/\/dev.monti.lt\/product\/magnetines-kaladeles-vaikams-100-vnt\/","name":"Magnetiniai blokeliai vaikams 100 vnt. - Montessori \u017eaislai","isPartOf":{"@id":"https:\/\/dev.monti.lt\/#website"},"primaryImageOfPage":{"@id":"https:\/\/dev.monti.lt\/product\/magnetines-kaladeles-vaikams-100-vnt\/#primaryimage"},"image":{"@id":"https:\/\/dev.monti.lt\/product\/magnetines-kaladeles-vaikams-100-vnt\/#primaryimage"},"thumbnailUrl":"https:\/\/dev.monti.lt\/wp-content\/uploads\/2022\/08\/KX526680564.jpg","datePublished":"2022-08-29T14:56:32+00:00","dateModified":"2024-10-08T17:52:53+00:00","breadcrumb":{"@id":"https:\/\/dev.monti.lt\/product\/magnetines-kaladeles-vaikams-100-vnt\/#breadcrumb"},"inLanguage":"en-US","potentialAction":[{"@type":"ReadAction","target":["https:\/\/dev.monti.lt\/product\/magnetines-kaladeles-vaikams-100-vnt\/"]}]},{"@type":"ImageObject","inLanguage":"en-US","@id":"https:\/\/dev.monti.lt\/product\/magnetines-kaladeles-vaikams-100-vnt\/#primaryimage","url":"https:\/\/dev.monti.lt\/wp-content\/uploads\/2022\/08\/KX526680564.jpg","contentUrl":"https:\/\/dev.monti.lt\/wp-content\/uploads\/2022\/08\/KX526680564.jpg","width":1024,"height":768,"caption":"magnetin\u0117s kalad\u0117l\u0117s vaikams, kal\u0117din\u0117 dovana, dovana kal\u0117doms"},{"@type":"BreadcrumbList","@id":"https:\/\/dev.monti.lt\/product\/magnetines-kaladeles-vaikams-100-vnt\/#breadcrumb","itemListElement":[{"@type":"ListItem","position":1,"name":"Home","item":"https:\/\/dev.monti.lt\/"},{"@type":"ListItem","position":2,"name":"Parduotuv\u0117","item":"https:\/\/dev.monti.lt\/shop\/"},{"@type":"ListItem","position":3,"name":"Magnetiniai blokeliai vaikams 100 vnt."}]},{"@type":"WebSite","@id":"https:\/\/dev.monti.lt\/#website","url":"https:\/\/dev.monti.lt\/","name":"Montessori \u017eaislai","description":"","publisher":{"@id":"https:\/\/dev.monti.lt\/#organization"},"potentialAction":[{"@type":"SearchAction","target":{"@type":"EntryPoint","urlTemplate":"https:\/\/dev.monti.lt\/?s={search_term_string}"},"query-input":"required name=search_term_string"}],"inLanguage":"en-US"},{"@type":"Organization","@id":"https:\/\/dev.monti.lt\/#organization","name":"Montessori \u017eaislai","url":"https:\/\/dev.monti.lt\/","logo":{"@type":"ImageObject","inLanguage":"en-US","@id":"https:\/\/dev.monti.lt\/#\/schema\/logo\/image\/","url":"https:\/\/dev.monti.lt\/wp-content\/uploads\/2022\/03\/montilogo-1.png","contentUrl":"https:\/\/dev.monti.lt\/wp-content\/uploads\/2022\/03\/montilogo-1.png","width":512,"height":512,"caption":"Montessori \u017eaislai"},"image":{"@id":"https:\/\/dev.monti.lt\/#\/schema\/logo\/image\/"}}]}},"_links":{"self":[{"href":"https:\/\/dev.monti.lt\/en\/wp-json\/wp\/v2\/product\/9405"}],"collection":[{"href":"https:\/\/dev.monti.lt\/en\/wp-json\/wp\/v2\/product"}],"about":[{"href":"https:\/\/dev.monti.lt\/en\/wp-json\/wp\/v2\/types\/product"}],"version-history":[{"count":6,"href":"https:\/\/dev.monti.lt\/en\/wp-json\/wp\/v2\/product\/9405\/revisions"}],"predecessor-version":[{"id":14830,"href":"https:\/\/dev.monti.lt\/en\/wp-json\/wp\/v2\/product\/9405\/revisions\/14830"}],"wp:featuredmedia":[{"embeddable":true,"href":"https:\/\/dev.monti.lt\/en\/wp-json\/wp\/v2\/media\/9406"}],"wp:attachment":[{"href":"https:\/\/dev.monti.lt\/en\/wp-json\/wp\/v2\/media?parent=9405"}],"wp:term":[{"taxonomy":"product_cat","embeddable":true,"href":"https:\/\/dev.monti.lt\/en\/wp-json\/wp\/v2\/product_cat?post=9405"},{"taxonomy":"product_tag","embeddable":true,"href":"https:\/\/dev.monti.lt\/en\/wp-json\/wp\/v2\/product_tag?post=9405"}],"curies":[{"name":"wp","href":"https:\/\/api.w.org\/{rel}","templated":true}]}}