{"id":9384,"date":"2022-08-26T11:54:26","date_gmt":"2022-08-26T11:54:26","guid":{"rendered":"https:\/\/dev.monti.lt\/?post_type=product&#038;p=9384"},"modified":"2024-09-08T08:39:40","modified_gmt":"2024-09-08T08:39:40","slug":"odontologo-rinkinys-suo","status":"publish","type":"product","link":"https:\/\/dev.monti.lt\/en\/product\/odontologo-rinkinys-suo\/","title":{"rendered":"Odontologo rinkinys \u0161uo"},"content":{"rendered":"<p><span style=\"font-family: Tahoma; font-size: large;\"><strong><span>Komplekto turinys:<\/span><\/strong><\/span><\/p>\n<p>&nbsp;<\/p>\n<p><span style=\"font-family: Tahoma; font-size: large;\"><span>&nbsp;\u0161uo<\/span><\/span><\/p>\n<ul>\n<li><span style=\"font-family: Tahoma; font-size: large;\"><span>dant\u0173 \u0161epet\u0117lis<\/span><\/span><\/li>\n<li><span style=\"font-family: Tahoma; font-size: large;\"><span>2 pincetai<\/span><\/span><\/li>\n<li><span style=\"font-family: Tahoma; font-size: large;\"><span>2 vaistai<\/span><\/span><\/li>\n<li><span style=\"font-family: Tahoma; font-size: large;\"><span>dant\u0173 ind\u0173 stovas<\/span><\/span><\/li>\n<li><span style=\"font-family: Tahoma; font-size: large;\"><span>veidrodis<\/span><\/span><\/li>\n<li><span style=\"font-family: Tahoma; font-size: large;\"><span>gr\u0119\u017eimo indai<\/span><\/span><\/li>\n<li><span style=\"font-family: Tahoma; font-size: large;\"><span>Dant\u0173 pasta<\/span><\/span><\/li>\n<li><span style=\"font-family: Tahoma; font-size: large;\"><span>\u010diulpinukas<\/span><\/span><\/li>\n<li><span style=\"font-family: Tahoma; font-size: large;\"><span>\u0161okolado<\/span><\/span><\/li>\n<li><span style=\"font-family: Tahoma; font-size: large;\"><span>puodelis<\/span><\/span><\/li>\n<\/ul>\n<p><span style=\"font-size: large;\"><span style=\"font-family: Tahoma;\"><strong><span>Veidrod\u017eio su \u0161viesa maitinimas<\/span><\/strong><span> : 2x 1,5V AG10 (\u012ftraukta)<\/span><\/span><\/span><\/p>\n<p><strong><span style=\"font-family: Tahoma; font-size: large;\"><span>Matmenys:<\/span><\/span><\/strong><\/p>\n<ul>\n<li><span style=\"font-family: Tahoma; font-size: large;\"><strong><span>\u0161uns galva:<\/span><\/strong><span> 18cm x 12,5cm x 16cm<\/span><\/span><\/li>\n<li><span style=\"font-family: Tahoma; font-size: large;\"><strong><span>gvazdik\u0117lio dydis:<\/span><\/strong><span> 2cm x 2cm<\/span><\/span><\/li>\n<li><span style=\"font-family: Tahoma; font-size: large;\"><strong><span>pakuot\u0117:<\/span><\/strong><span> 20cm x 17cm x 16cm<\/span><\/span><\/li>\n<\/ul>\n<p><span style=\"font-family: Tahoma; font-size: large;\"><span>Supakuota esteti\u0161koje kartonin\u0117je pakuot\u0117je.<\/span><\/span><\/p>","protected":false},"excerpt":{"rendered":"<p>Komplekto turinys: &nbsp; &nbsp;\u0161uo dant\u0173 \u0161epet\u0117lis 2 pincetai 2 vaistai dant\u0173 ind\u0173 stovas veidrodis gr\u0119\u017eimo indai Dant\u0173 pasta \u010diulpinukas \u0161okolado puodelis Veidrod\u017eio su \u0161viesa maitinimas : 2x 1,5V AG10 (\u012ftraukta) Matmenys: \u0161uns galva: 18cm x 12,5cm x 16cm gvazdik\u0117lio dydis: 2cm x 2cm pakuot\u0117: 20cm x 17cm x 16cm Supakuota esteti\u0161koje kartonin\u0117je pakuot\u0117je.<\/p>","protected":false},"featured_media":9385,"template":"","meta":{"iawp_total_views":24},"product_cat":[84,90,93,49,39],"product_tag":[97],"class_list":{"0":"post-9384","1":"product","2":"type-product","3":"status-publish","4":"has-post-thumbnail","6":"product_cat-lavinamieji-zaislai","7":"product_cat-pasaulio-pazinimas","8":"product_cat-vaidmenu-zaidimai","9":"product_cat-visi-zaislai","10":"product_cat-zaislai","11":"product_tag-3-m-4-m","13":"first","14":"outofstock","15":"taxable","16":"shipping-taxable","17":"purchasable","18":"product-type-simple"},"yoast_head":"<!-- This site is optimized with the Yoast SEO plugin v23.3 - https:\/\/yoast.com\/wordpress\/plugins\/seo\/ -->\n<title>Odontologo rinkinys \u0161uo - Montessori \u017eaislai<\/title>\n<meta name=\"robots\" content=\"noindex, follow, max-snippet:-1, max-image-preview:large, max-video-preview:-1\" \/>\n<meta property=\"og:locale\" content=\"en_US\" \/>\n<meta property=\"og:type\" content=\"article\" \/>\n<meta property=\"og:title\" content=\"Odontologo rinkinys \u0161uo - Montessori \u017eaislai\" \/>\n<meta property=\"og:description\" content=\"Komplekto turinys: &nbsp; &nbsp;\u0161uo dant\u0173 \u0161epet\u0117lis 2 pincetai 2 vaistai dant\u0173 ind\u0173 stovas veidrodis gr\u0119\u017eimo indai Dant\u0173 pasta \u010diulpinukas \u0161okolado puodelis Veidrod\u017eio su \u0161viesa maitinimas : 2x 1,5V AG10 (\u012ftraukta) Matmenys: \u0161uns galva: 18cm x 12,5cm x 16cm gvazdik\u0117lio dydis: 2cm x 2cm pakuot\u0117: 20cm x 17cm x 16cm Supakuota esteti\u0161koje kartonin\u0117je pakuot\u0117je.\" \/>\n<meta property=\"og:url\" content=\"https:\/\/dev.monti.lt\/en\/product\/odontologo-rinkinys-suo\/\" \/>\n<meta property=\"og:site_name\" content=\"Montessori \u017eaislai\" \/>\n<meta property=\"article:modified_time\" content=\"2024-09-08T08:39:40+00:00\" \/>\n<meta property=\"og:image\" content=\"https:\/\/dev.monti.lt\/wp-content\/uploads\/2022\/08\/KX527980439.jpg\" \/>\n\t<meta property=\"og:image:width\" content=\"1024\" \/>\n\t<meta property=\"og:image:height\" content=\"768\" \/>\n\t<meta property=\"og:image:type\" content=\"image\/jpeg\" \/>\n<meta name=\"twitter:card\" content=\"summary_large_image\" \/>\n<meta name=\"twitter:label1\" content=\"Est. reading time\" \/>\n\t<meta name=\"twitter:data1\" content=\"1 minute\" \/>\n<script type=\"application\/ld+json\" class=\"yoast-schema-graph\">{\"@context\":\"https:\/\/schema.org\",\"@graph\":[{\"@type\":\"WebPage\",\"@id\":\"https:\/\/dev.monti.lt\/product\/odontologo-rinkinys-suo\/\",\"url\":\"https:\/\/dev.monti.lt\/product\/odontologo-rinkinys-suo\/\",\"name\":\"Odontologo rinkinys \u0161uo - Montessori \u017eaislai\",\"isPartOf\":{\"@id\":\"https:\/\/dev.monti.lt\/#website\"},\"primaryImageOfPage\":{\"@id\":\"https:\/\/dev.monti.lt\/product\/odontologo-rinkinys-suo\/#primaryimage\"},\"image\":{\"@id\":\"https:\/\/dev.monti.lt\/product\/odontologo-rinkinys-suo\/#primaryimage\"},\"thumbnailUrl\":\"https:\/\/dev.monti.lt\/wp-content\/uploads\/2022\/08\/KX527980439.jpg\",\"datePublished\":\"2022-08-26T11:54:26+00:00\",\"dateModified\":\"2024-09-08T08:39:40+00:00\",\"breadcrumb\":{\"@id\":\"https:\/\/dev.monti.lt\/product\/odontologo-rinkinys-suo\/#breadcrumb\"},\"inLanguage\":\"en-US\",\"potentialAction\":[{\"@type\":\"ReadAction\",\"target\":[\"https:\/\/dev.monti.lt\/product\/odontologo-rinkinys-suo\/\"]}]},{\"@type\":\"ImageObject\",\"inLanguage\":\"en-US\",\"@id\":\"https:\/\/dev.monti.lt\/product\/odontologo-rinkinys-suo\/#primaryimage\",\"url\":\"https:\/\/dev.monti.lt\/wp-content\/uploads\/2022\/08\/KX527980439.jpg\",\"contentUrl\":\"https:\/\/dev.monti.lt\/wp-content\/uploads\/2022\/08\/KX527980439.jpg\",\"width\":1024,\"height\":768},{\"@type\":\"BreadcrumbList\",\"@id\":\"https:\/\/dev.monti.lt\/product\/odontologo-rinkinys-suo\/#breadcrumb\",\"itemListElement\":[{\"@type\":\"ListItem\",\"position\":1,\"name\":\"Home\",\"item\":\"https:\/\/dev.monti.lt\/\"},{\"@type\":\"ListItem\",\"position\":2,\"name\":\"Parduotuv\u0117\",\"item\":\"https:\/\/dev.monti.lt\/shop\/\"},{\"@type\":\"ListItem\",\"position\":3,\"name\":\"Odontologo rinkinys \u0161uo\"}]},{\"@type\":\"WebSite\",\"@id\":\"https:\/\/dev.monti.lt\/#website\",\"url\":\"https:\/\/dev.monti.lt\/\",\"name\":\"Montessori \u017eaislai\",\"description\":\"\",\"publisher\":{\"@id\":\"https:\/\/dev.monti.lt\/#organization\"},\"potentialAction\":[{\"@type\":\"SearchAction\",\"target\":{\"@type\":\"EntryPoint\",\"urlTemplate\":\"https:\/\/dev.monti.lt\/?s={search_term_string}\"},\"query-input\":\"required name=search_term_string\"}],\"inLanguage\":\"en-US\"},{\"@type\":\"Organization\",\"@id\":\"https:\/\/dev.monti.lt\/#organization\",\"name\":\"Montessori \u017eaislai\",\"url\":\"https:\/\/dev.monti.lt\/\",\"logo\":{\"@type\":\"ImageObject\",\"inLanguage\":\"en-US\",\"@id\":\"https:\/\/dev.monti.lt\/#\/schema\/logo\/image\/\",\"url\":\"https:\/\/dev.monti.lt\/wp-content\/uploads\/2022\/03\/montilogo-1.png\",\"contentUrl\":\"https:\/\/dev.monti.lt\/wp-content\/uploads\/2022\/03\/montilogo-1.png\",\"width\":512,\"height\":512,\"caption\":\"Montessori \u017eaislai\"},\"image\":{\"@id\":\"https:\/\/dev.monti.lt\/#\/schema\/logo\/image\/\"}}]}<\/script>\n<!-- \/ Yoast SEO plugin. -->","yoast_head_json":{"title":"Odontologo rinkinys \u0161uo - Montessori \u017eaislai","robots":{"index":"noindex","follow":"follow","max-snippet":"max-snippet:-1","max-image-preview":"max-image-preview:large","max-video-preview":"max-video-preview:-1"},"og_locale":"en_US","og_type":"article","og_title":"Odontologo rinkinys \u0161uo - Montessori \u017eaislai","og_description":"Komplekto turinys: &nbsp; &nbsp;\u0161uo dant\u0173 \u0161epet\u0117lis 2 pincetai 2 vaistai dant\u0173 ind\u0173 stovas veidrodis gr\u0119\u017eimo indai Dant\u0173 pasta \u010diulpinukas \u0161okolado puodelis Veidrod\u017eio su \u0161viesa maitinimas : 2x 1,5V AG10 (\u012ftraukta) Matmenys: \u0161uns galva: 18cm x 12,5cm x 16cm gvazdik\u0117lio dydis: 2cm x 2cm pakuot\u0117: 20cm x 17cm x 16cm Supakuota esteti\u0161koje kartonin\u0117je pakuot\u0117je.","og_url":"https:\/\/dev.monti.lt\/en\/product\/odontologo-rinkinys-suo\/","og_site_name":"Montessori \u017eaislai","article_modified_time":"2024-09-08T08:39:40+00:00","og_image":[{"width":1024,"height":768,"url":"https:\/\/dev.monti.lt\/wp-content\/uploads\/2022\/08\/KX527980439.jpg","type":"image\/jpeg"}],"twitter_card":"summary_large_image","twitter_misc":{"Est. reading time":"1 minute"},"schema":{"@context":"https:\/\/schema.org","@graph":[{"@type":"WebPage","@id":"https:\/\/dev.monti.lt\/product\/odontologo-rinkinys-suo\/","url":"https:\/\/dev.monti.lt\/product\/odontologo-rinkinys-suo\/","name":"Odontologo rinkinys \u0161uo - Montessori \u017eaislai","isPartOf":{"@id":"https:\/\/dev.monti.lt\/#website"},"primaryImageOfPage":{"@id":"https:\/\/dev.monti.lt\/product\/odontologo-rinkinys-suo\/#primaryimage"},"image":{"@id":"https:\/\/dev.monti.lt\/product\/odontologo-rinkinys-suo\/#primaryimage"},"thumbnailUrl":"https:\/\/dev.monti.lt\/wp-content\/uploads\/2022\/08\/KX527980439.jpg","datePublished":"2022-08-26T11:54:26+00:00","dateModified":"2024-09-08T08:39:40+00:00","breadcrumb":{"@id":"https:\/\/dev.monti.lt\/product\/odontologo-rinkinys-suo\/#breadcrumb"},"inLanguage":"en-US","potentialAction":[{"@type":"ReadAction","target":["https:\/\/dev.monti.lt\/product\/odontologo-rinkinys-suo\/"]}]},{"@type":"ImageObject","inLanguage":"en-US","@id":"https:\/\/dev.monti.lt\/product\/odontologo-rinkinys-suo\/#primaryimage","url":"https:\/\/dev.monti.lt\/wp-content\/uploads\/2022\/08\/KX527980439.jpg","contentUrl":"https:\/\/dev.monti.lt\/wp-content\/uploads\/2022\/08\/KX527980439.jpg","width":1024,"height":768},{"@type":"BreadcrumbList","@id":"https:\/\/dev.monti.lt\/product\/odontologo-rinkinys-suo\/#breadcrumb","itemListElement":[{"@type":"ListItem","position":1,"name":"Home","item":"https:\/\/dev.monti.lt\/"},{"@type":"ListItem","position":2,"name":"Parduotuv\u0117","item":"https:\/\/dev.monti.lt\/shop\/"},{"@type":"ListItem","position":3,"name":"Odontologo rinkinys \u0161uo"}]},{"@type":"WebSite","@id":"https:\/\/dev.monti.lt\/#website","url":"https:\/\/dev.monti.lt\/","name":"Montessori \u017eaislai","description":"","publisher":{"@id":"https:\/\/dev.monti.lt\/#organization"},"potentialAction":[{"@type":"SearchAction","target":{"@type":"EntryPoint","urlTemplate":"https:\/\/dev.monti.lt\/?s={search_term_string}"},"query-input":"required name=search_term_string"}],"inLanguage":"en-US"},{"@type":"Organization","@id":"https:\/\/dev.monti.lt\/#organization","name":"Montessori \u017eaislai","url":"https:\/\/dev.monti.lt\/","logo":{"@type":"ImageObject","inLanguage":"en-US","@id":"https:\/\/dev.monti.lt\/#\/schema\/logo\/image\/","url":"https:\/\/dev.monti.lt\/wp-content\/uploads\/2022\/03\/montilogo-1.png","contentUrl":"https:\/\/dev.monti.lt\/wp-content\/uploads\/2022\/03\/montilogo-1.png","width":512,"height":512,"caption":"Montessori \u017eaislai"},"image":{"@id":"https:\/\/dev.monti.lt\/#\/schema\/logo\/image\/"}}]}},"_links":{"self":[{"href":"https:\/\/dev.monti.lt\/en\/wp-json\/wp\/v2\/product\/9384"}],"collection":[{"href":"https:\/\/dev.monti.lt\/en\/wp-json\/wp\/v2\/product"}],"about":[{"href":"https:\/\/dev.monti.lt\/en\/wp-json\/wp\/v2\/types\/product"}],"version-history":[{"count":2,"href":"https:\/\/dev.monti.lt\/en\/wp-json\/wp\/v2\/product\/9384\/revisions"}],"predecessor-version":[{"id":13359,"href":"https:\/\/dev.monti.lt\/en\/wp-json\/wp\/v2\/product\/9384\/revisions\/13359"}],"wp:featuredmedia":[{"embeddable":true,"href":"https:\/\/dev.monti.lt\/en\/wp-json\/wp\/v2\/media\/9385"}],"wp:attachment":[{"href":"https:\/\/dev.monti.lt\/en\/wp-json\/wp\/v2\/media?parent=9384"}],"wp:term":[{"taxonomy":"product_cat","embeddable":true,"href":"https:\/\/dev.monti.lt\/en\/wp-json\/wp\/v2\/product_cat?post=9384"},{"taxonomy":"product_tag","embeddable":true,"href":"https:\/\/dev.monti.lt\/en\/wp-json\/wp\/v2\/product_tag?post=9384"}],"curies":[{"name":"wp","href":"https:\/\/api.w.org\/{rel}","templated":true}]}}