{"id":9380,"date":"2022-08-26T11:52:08","date_gmt":"2022-08-26T11:52:08","guid":{"rendered":"https:\/\/dev.monti.lt\/?post_type=product&#038;p=9380"},"modified":"2024-10-01T11:54:21","modified_gmt":"2024-10-01T11:54:21","slug":"ukis-su-traktoriumi-ir-atsuktuvu","status":"publish","type":"product","link":"https:\/\/dev.monti.lt\/en\/product\/ukis-su-traktoriumi-ir-atsuktuvu\/","title":{"rendered":"\u016akis su traktoriumi ir atsuktuvu"},"content":{"rendered":"<p><span style=\"font-family: Tahoma; font-size: x-large;\"><strong>\u016akis, ferma, traktorius ir s\u0117jamoji<\/strong><\/span><\/p>\n<p><span style=\"font-family: Tahoma; font-size: large;\"><strong>Med\u017eiaga:<\/strong> plastikas<\/span><\/p>\n<p><span style=\"font-family: Tahoma; font-size: large;\"><strong>Vaiko am\u017eius:<\/strong> 3+<\/span><\/p>\n<p><strong><span style=\"font-family: Tahoma; font-size: large;\">Komplekto turinys:<\/span><\/strong><\/p>\n<ul>\n<li><span style=\"font-family: Tahoma; font-size: large;\">Traktorius<\/span><\/li>\n<li><span style=\"font-family: Tahoma; font-size: large;\">1x priekaba<\/span><\/li>\n<li><span style=\"font-family: Tahoma; font-size: large;\">2x \u0117riukai<\/span><\/li>\n<li><span style=\"font-family: Tahoma; font-size: large;\">1x \u016bkininkas<\/span><\/li>\n<li><span style=\"font-family: Tahoma; font-size: large;\">atsuktuvas su kei\u010diamais antgaliais (3 antgaliai)<\/span><\/li>\n<li><span style=\"font-family: Tahoma; font-size: large;\">2x \u0161ieno ry\u0161uliai<\/span><\/li>\n<li><span style=\"font-family: Tahoma; font-size: large;\">4 kli\u016btys<\/span><\/li>\n<\/ul>\n<p><strong><span style=\"font-family: Tahoma; font-size: large;\">Matmenys:<\/span><\/strong><\/p>\n<ul>\n<li><span style=\"font-family: Tahoma; font-size: large;\"><strong>traktoriaus i\u0161matavimai:<\/strong> 14cm x 8cm x 9cm<\/span><\/li>\n<li><span style=\"font-family: Tahoma; font-size: large;\"><strong>plok\u0161\u010dia priekaba:<\/strong> 15 cm x 8 cm x 4,5 cm<\/span><\/li>\n<li><span style=\"font-family: Tahoma; font-size: large;\"><strong>var\u017eto skersmuo:<\/strong> 1,5 cm\u00a0\u00a0\u00a0\u00a0\u00a0\u00a0 <\/span><\/li>\n<li><span style=\"font-family: Tahoma; font-size: large;\"><strong>atsuktuvo ilgis:<\/strong> 9 cm<\/span><\/li>\n<li><span style=\"font-family: Tahoma; font-size: large;\"><strong>pakuot\u0117<\/strong> : 24cm x 5cm x 16cm<\/span><\/li>\n<\/ul>\n<p><span style=\"font-family: Tahoma; font-size: large;\">Supakuota prakti\u0161koje plastikin\u0117je d\u0117\u017eut\u0117je, kad b\u016bt\u0173 patogu laikyti.<\/span><\/p>","protected":false},"excerpt":{"rendered":"<p><span style=\"font-family: Tahoma; font-size: x-large;\"><strong>\u016akis, ferma, traktorius ir s\u0117jamoji<\/strong><\/span><\/p>\n<p><span style=\"font-family: Tahoma; font-size: large;\"><strong>Med\u017eiaga:<\/strong> plastikas<\/span><\/p>\n<p><span style=\"font-family: Tahoma; font-size: large;\"><strong>Vaiko am\u017eius:<\/strong> 3+<\/span><\/p>\n<p><strong><span style=\"font-family: Tahoma; font-size: large;\">Komplekto turinys:<\/span><\/strong><\/p>\n<ul>\n<li><span style=\"font-family: Tahoma; font-size: large;\">Traktorius<\/span><\/li>\n<li><span style=\"font-family: Tahoma; font-size: large;\">1x priekaba<\/span><\/li>\n<li><span style=\"font-family: Tahoma; font-size: large;\">2x \u0117riukai<\/span><\/li>\n<li><span style=\"font-family: Tahoma; font-size: large;\">1x \u016bkininkas<\/span><\/li>\n<li><span style=\"font-family: Tahoma; font-size: large;\">atsuktuvas su kei\u010diamais antgaliais (3 antgaliai)<\/span><\/li>\n<li><span style=\"font-family: Tahoma; font-size: large;\">2x \u0161ieno ry\u0161uliai<\/span><\/li>\n<li><span style=\"font-family: Tahoma; font-size: large;\">4 kli\u016btys<\/span><\/li>\n<\/ul>\n<p><strong><span style=\"font-family: Tahoma; font-size: large;\">Matmenys:<\/span><\/strong><\/p>\n<ul>\n<li><span style=\"font-family: Tahoma; font-size: large;\"><strong>traktoriaus i\u0161matavimai:<\/strong> 14cm x 8cm x 9cm<\/span><\/li>\n<li><span style=\"font-family: Tahoma; font-size: large;\"><strong>plok\u0161\u010dia priekaba:<\/strong> 15 cm x 8 cm x 4,5 cm<\/span><\/li>\n<li><span style=\"font-family: Tahoma; font-size: large;\"><strong>var\u017eto skersmuo:<\/strong> 1,5 cm\u00a0\u00a0\u00a0\u00a0\u00a0\u00a0 <\/span><\/li>\n<li><span style=\"font-family: Tahoma; font-size: large;\"><strong>atsuktuvo ilgis:<\/strong> 9 cm<\/span><\/li>\n<li><span style=\"font-family: Tahoma; font-size: large;\"><strong>pakuot\u0117<\/strong> : 24cm x 5cm x 16cm<\/span><\/li>\n<\/ul>\n<p><span style=\"font-family: Tahoma; font-size: large;\">Supakuota prakti\u0161koje plastikin\u0117je d\u0117\u017eut\u0117je, kad b\u016bt\u0173 patogu laikyti.<\/span><\/p>","protected":false},"featured_media":9381,"template":"","meta":{"iawp_total_views":48},"product_cat":[213,84,86,93,49,39],"product_tag":[97,98,99],"class_list":{"0":"post-9380","1":"product","2":"type-product","3":"status-publish","4":"has-post-thumbnail","6":"product_cat-akcija","7":"product_cat-lavinamieji-zaislai","8":"product_cat-smulkioji-motorika","9":"product_cat-vaidmenu-zaidimai","10":"product_cat-visi-zaislai","11":"product_cat-zaislai","12":"product_tag-3-m-4-m","13":"product_tag-5-m-7-m","14":"product_tag-8-m-11-m","16":"first","17":"instock","18":"sale","19":"featured","20":"taxable","21":"shipping-taxable","22":"purchasable","23":"product-type-simple"},"yoast_head":"<!-- This site is optimized with the Yoast SEO plugin v23.3 - https:\/\/yoast.com\/wordpress\/plugins\/seo\/ -->\n<title>\u016akis su traktoriumi ir atsuktuvu - Montessori \u017eaislai<\/title>\n<meta name=\"robots\" content=\"noindex, follow, max-snippet:-1, max-image-preview:large, max-video-preview:-1\" \/>\n<meta property=\"og:locale\" content=\"en_US\" \/>\n<meta property=\"og:type\" content=\"article\" \/>\n<meta property=\"og:title\" content=\"\u016akis su traktoriumi ir atsuktuvu - Montessori \u017eaislai\" \/>\n<meta property=\"og:description\" content=\"\u016akis, ferma, traktorius ir s\u0117jamoji  Med\u017eiaga: plastikas  Vaiko am\u017eius: 3+  Komplekto turinys:   Traktorius  1x priekaba  2x \u0117riukai  1x \u016bkininkas  atsuktuvas su kei\u010diamais antgaliais (3 antgaliai)  2x \u0161ieno ry\u0161uliai  4 kli\u016btys  Matmenys:   traktoriaus i\u0161matavimai: 14cm x 8cm x 9cm  plok\u0161\u010dia priekaba: 15 cm x 8 cm x 4,5 cm  var\u017eto skersmuo: 1,5 cm\u00a0\u00a0\u00a0\u00a0\u00a0\u00a0   atsuktuvo ilgis: 9 cm  pakuot\u0117 : 24cm x 5cm x 16cm  Supakuota prakti\u0161koje plastikin\u0117je d\u0117\u017eut\u0117je, kad b\u016bt\u0173 patogu laikyti.\" \/>\n<meta property=\"og:url\" content=\"https:\/\/dev.monti.lt\/en\/product\/ukis-su-traktoriumi-ir-atsuktuvu\/\" \/>\n<meta property=\"og:site_name\" content=\"Montessori \u017eaislai\" \/>\n<meta property=\"article:modified_time\" content=\"2024-10-01T11:54:21+00:00\" \/>\n<meta property=\"og:image\" content=\"https:\/\/dev.monti.lt\/wp-content\/uploads\/2022\/08\/c90aa4cf09d6ecb0437ad200669c4b7d04c40b56.jpg\" \/>\n\t<meta property=\"og:image:width\" content=\"680\" \/>\n\t<meta property=\"og:image:height\" content=\"680\" \/>\n\t<meta property=\"og:image:type\" content=\"image\/jpeg\" \/>\n<meta name=\"twitter:card\" content=\"summary_large_image\" \/>\n<meta name=\"twitter:label1\" content=\"Est. reading time\" \/>\n\t<meta name=\"twitter:data1\" content=\"1 minute\" \/>\n<script type=\"application\/ld+json\" class=\"yoast-schema-graph\">{\"@context\":\"https:\/\/schema.org\",\"@graph\":[{\"@type\":\"WebPage\",\"@id\":\"https:\/\/dev.monti.lt\/product\/ukis-su-traktoriumi-ir-atsuktuvu\/\",\"url\":\"https:\/\/dev.monti.lt\/product\/ukis-su-traktoriumi-ir-atsuktuvu\/\",\"name\":\"\u016akis su traktoriumi ir atsuktuvu - Montessori \u017eaislai\",\"isPartOf\":{\"@id\":\"https:\/\/dev.monti.lt\/#website\"},\"primaryImageOfPage\":{\"@id\":\"https:\/\/dev.monti.lt\/product\/ukis-su-traktoriumi-ir-atsuktuvu\/#primaryimage\"},\"image\":{\"@id\":\"https:\/\/dev.monti.lt\/product\/ukis-su-traktoriumi-ir-atsuktuvu\/#primaryimage\"},\"thumbnailUrl\":\"https:\/\/dev.monti.lt\/wp-content\/uploads\/2022\/08\/c90aa4cf09d6ecb0437ad200669c4b7d04c40b56.jpg\",\"datePublished\":\"2022-08-26T11:52:08+00:00\",\"dateModified\":\"2024-10-01T11:54:21+00:00\",\"breadcrumb\":{\"@id\":\"https:\/\/dev.monti.lt\/product\/ukis-su-traktoriumi-ir-atsuktuvu\/#breadcrumb\"},\"inLanguage\":\"en-US\",\"potentialAction\":[{\"@type\":\"ReadAction\",\"target\":[\"https:\/\/dev.monti.lt\/product\/ukis-su-traktoriumi-ir-atsuktuvu\/\"]}]},{\"@type\":\"ImageObject\",\"inLanguage\":\"en-US\",\"@id\":\"https:\/\/dev.monti.lt\/product\/ukis-su-traktoriumi-ir-atsuktuvu\/#primaryimage\",\"url\":\"https:\/\/dev.monti.lt\/wp-content\/uploads\/2022\/08\/c90aa4cf09d6ecb0437ad200669c4b7d04c40b56.jpg\",\"contentUrl\":\"https:\/\/dev.monti.lt\/wp-content\/uploads\/2022\/08\/c90aa4cf09d6ecb0437ad200669c4b7d04c40b56.jpg\",\"width\":680,\"height\":680},{\"@type\":\"BreadcrumbList\",\"@id\":\"https:\/\/dev.monti.lt\/product\/ukis-su-traktoriumi-ir-atsuktuvu\/#breadcrumb\",\"itemListElement\":[{\"@type\":\"ListItem\",\"position\":1,\"name\":\"Home\",\"item\":\"https:\/\/dev.monti.lt\/\"},{\"@type\":\"ListItem\",\"position\":2,\"name\":\"Parduotuv\u0117\",\"item\":\"https:\/\/dev.monti.lt\/shop\/\"},{\"@type\":\"ListItem\",\"position\":3,\"name\":\"\u016akis su traktoriumi ir atsuktuvu\"}]},{\"@type\":\"WebSite\",\"@id\":\"https:\/\/dev.monti.lt\/#website\",\"url\":\"https:\/\/dev.monti.lt\/\",\"name\":\"Montessori \u017eaislai\",\"description\":\"\",\"publisher\":{\"@id\":\"https:\/\/dev.monti.lt\/#organization\"},\"potentialAction\":[{\"@type\":\"SearchAction\",\"target\":{\"@type\":\"EntryPoint\",\"urlTemplate\":\"https:\/\/dev.monti.lt\/?s={search_term_string}\"},\"query-input\":\"required name=search_term_string\"}],\"inLanguage\":\"en-US\"},{\"@type\":\"Organization\",\"@id\":\"https:\/\/dev.monti.lt\/#organization\",\"name\":\"Montessori \u017eaislai\",\"url\":\"https:\/\/dev.monti.lt\/\",\"logo\":{\"@type\":\"ImageObject\",\"inLanguage\":\"en-US\",\"@id\":\"https:\/\/dev.monti.lt\/#\/schema\/logo\/image\/\",\"url\":\"https:\/\/dev.monti.lt\/wp-content\/uploads\/2022\/03\/montilogo-1.png\",\"contentUrl\":\"https:\/\/dev.monti.lt\/wp-content\/uploads\/2022\/03\/montilogo-1.png\",\"width\":512,\"height\":512,\"caption\":\"Montessori \u017eaislai\"},\"image\":{\"@id\":\"https:\/\/dev.monti.lt\/#\/schema\/logo\/image\/\"}}]}<\/script>\n<!-- \/ Yoast SEO plugin. -->","yoast_head_json":{"title":"\u016akis su traktoriumi ir atsuktuvu - Montessori \u017eaislai","robots":{"index":"noindex","follow":"follow","max-snippet":"max-snippet:-1","max-image-preview":"max-image-preview:large","max-video-preview":"max-video-preview:-1"},"og_locale":"en_US","og_type":"article","og_title":"\u016akis su traktoriumi ir atsuktuvu - Montessori \u017eaislai","og_description":"\u016akis, ferma, traktorius ir s\u0117jamoji  Med\u017eiaga: plastikas  Vaiko am\u017eius: 3+  Komplekto turinys:   Traktorius  1x priekaba  2x \u0117riukai  1x \u016bkininkas  atsuktuvas su kei\u010diamais antgaliais (3 antgaliai)  2x \u0161ieno ry\u0161uliai  4 kli\u016btys  Matmenys:   traktoriaus i\u0161matavimai: 14cm x 8cm x 9cm  plok\u0161\u010dia priekaba: 15 cm x 8 cm x 4,5 cm  var\u017eto skersmuo: 1,5 cm\u00a0\u00a0\u00a0\u00a0\u00a0\u00a0   atsuktuvo ilgis: 9 cm  pakuot\u0117 : 24cm x 5cm x 16cm  Supakuota prakti\u0161koje plastikin\u0117je d\u0117\u017eut\u0117je, kad b\u016bt\u0173 patogu laikyti.","og_url":"https:\/\/dev.monti.lt\/en\/product\/ukis-su-traktoriumi-ir-atsuktuvu\/","og_site_name":"Montessori \u017eaislai","article_modified_time":"2024-10-01T11:54:21+00:00","og_image":[{"width":680,"height":680,"url":"https:\/\/dev.monti.lt\/wp-content\/uploads\/2022\/08\/c90aa4cf09d6ecb0437ad200669c4b7d04c40b56.jpg","type":"image\/jpeg"}],"twitter_card":"summary_large_image","twitter_misc":{"Est. reading time":"1 minute"},"schema":{"@context":"https:\/\/schema.org","@graph":[{"@type":"WebPage","@id":"https:\/\/dev.monti.lt\/product\/ukis-su-traktoriumi-ir-atsuktuvu\/","url":"https:\/\/dev.monti.lt\/product\/ukis-su-traktoriumi-ir-atsuktuvu\/","name":"\u016akis su traktoriumi ir atsuktuvu - Montessori \u017eaislai","isPartOf":{"@id":"https:\/\/dev.monti.lt\/#website"},"primaryImageOfPage":{"@id":"https:\/\/dev.monti.lt\/product\/ukis-su-traktoriumi-ir-atsuktuvu\/#primaryimage"},"image":{"@id":"https:\/\/dev.monti.lt\/product\/ukis-su-traktoriumi-ir-atsuktuvu\/#primaryimage"},"thumbnailUrl":"https:\/\/dev.monti.lt\/wp-content\/uploads\/2022\/08\/c90aa4cf09d6ecb0437ad200669c4b7d04c40b56.jpg","datePublished":"2022-08-26T11:52:08+00:00","dateModified":"2024-10-01T11:54:21+00:00","breadcrumb":{"@id":"https:\/\/dev.monti.lt\/product\/ukis-su-traktoriumi-ir-atsuktuvu\/#breadcrumb"},"inLanguage":"en-US","potentialAction":[{"@type":"ReadAction","target":["https:\/\/dev.monti.lt\/product\/ukis-su-traktoriumi-ir-atsuktuvu\/"]}]},{"@type":"ImageObject","inLanguage":"en-US","@id":"https:\/\/dev.monti.lt\/product\/ukis-su-traktoriumi-ir-atsuktuvu\/#primaryimage","url":"https:\/\/dev.monti.lt\/wp-content\/uploads\/2022\/08\/c90aa4cf09d6ecb0437ad200669c4b7d04c40b56.jpg","contentUrl":"https:\/\/dev.monti.lt\/wp-content\/uploads\/2022\/08\/c90aa4cf09d6ecb0437ad200669c4b7d04c40b56.jpg","width":680,"height":680},{"@type":"BreadcrumbList","@id":"https:\/\/dev.monti.lt\/product\/ukis-su-traktoriumi-ir-atsuktuvu\/#breadcrumb","itemListElement":[{"@type":"ListItem","position":1,"name":"Home","item":"https:\/\/dev.monti.lt\/"},{"@type":"ListItem","position":2,"name":"Parduotuv\u0117","item":"https:\/\/dev.monti.lt\/shop\/"},{"@type":"ListItem","position":3,"name":"\u016akis su traktoriumi ir atsuktuvu"}]},{"@type":"WebSite","@id":"https:\/\/dev.monti.lt\/#website","url":"https:\/\/dev.monti.lt\/","name":"Montessori \u017eaislai","description":"","publisher":{"@id":"https:\/\/dev.monti.lt\/#organization"},"potentialAction":[{"@type":"SearchAction","target":{"@type":"EntryPoint","urlTemplate":"https:\/\/dev.monti.lt\/?s={search_term_string}"},"query-input":"required name=search_term_string"}],"inLanguage":"en-US"},{"@type":"Organization","@id":"https:\/\/dev.monti.lt\/#organization","name":"Montessori \u017eaislai","url":"https:\/\/dev.monti.lt\/","logo":{"@type":"ImageObject","inLanguage":"en-US","@id":"https:\/\/dev.monti.lt\/#\/schema\/logo\/image\/","url":"https:\/\/dev.monti.lt\/wp-content\/uploads\/2022\/03\/montilogo-1.png","contentUrl":"https:\/\/dev.monti.lt\/wp-content\/uploads\/2022\/03\/montilogo-1.png","width":512,"height":512,"caption":"Montessori \u017eaislai"},"image":{"@id":"https:\/\/dev.monti.lt\/#\/schema\/logo\/image\/"}}]}},"_links":{"self":[{"href":"https:\/\/dev.monti.lt\/en\/wp-json\/wp\/v2\/product\/9380"}],"collection":[{"href":"https:\/\/dev.monti.lt\/en\/wp-json\/wp\/v2\/product"}],"about":[{"href":"https:\/\/dev.monti.lt\/en\/wp-json\/wp\/v2\/types\/product"}],"version-history":[{"count":2,"href":"https:\/\/dev.monti.lt\/en\/wp-json\/wp\/v2\/product\/9380\/revisions"}],"predecessor-version":[{"id":9751,"href":"https:\/\/dev.monti.lt\/en\/wp-json\/wp\/v2\/product\/9380\/revisions\/9751"}],"wp:featuredmedia":[{"embeddable":true,"href":"https:\/\/dev.monti.lt\/en\/wp-json\/wp\/v2\/media\/9381"}],"wp:attachment":[{"href":"https:\/\/dev.monti.lt\/en\/wp-json\/wp\/v2\/media?parent=9380"}],"wp:term":[{"taxonomy":"product_cat","embeddable":true,"href":"https:\/\/dev.monti.lt\/en\/wp-json\/wp\/v2\/product_cat?post=9380"},{"taxonomy":"product_tag","embeddable":true,"href":"https:\/\/dev.monti.lt\/en\/wp-json\/wp\/v2\/product_tag?post=9380"}],"curies":[{"name":"wp","href":"https:\/\/api.w.org\/{rel}","templated":true}]}}