{"id":9318,"date":"2022-08-16T07:19:59","date_gmt":"2022-08-16T07:19:59","guid":{"rendered":"https:\/\/dev.monti.lt\/?post_type=product&#038;p=9318"},"modified":"2024-10-06T07:17:12","modified_gmt":"2024-10-06T07:17:12","slug":"medine-trasa-su-4-automobiliais","status":"publish","type":"product","link":"https:\/\/dev.monti.lt\/en\/product\/medine-trasa-su-4-automobiliais\/","title":{"rendered":"Medin\u0117 tr\u0105sa su 4 automobiliais"},"content":{"rendered":"<p><strong>SPECIFIKACIJA<\/strong><\/p>\n<ul>\n<li>am\u017eius: 3+<\/li>\n<li>sertifikatai: CE, EN 71<\/li>\n<li>med\u017eiaga: mediena<\/li>\n<li>\u010diuo\u017eyklos matmenys (ilgis \/ plotis \/ auk\u0161tis): 24,5 \/ 10 \/ 28cm<\/li>\n<li>komplekto svoris: 630 g<\/li>\n<li>svoris su pakuote: 790g<\/li>\n<\/ul>","protected":false},"excerpt":{"rendered":"<p>SPECIFIKACIJA am\u017eius: 3+ sertifikatai: CE, EN 71 med\u017eiaga: mediena \u010diuo\u017eyklos matmenys (ilgis \/ plotis \/ auk\u0161tis): 24,5 \/ 10 \/ 28cm komplekto svoris: 630 g svoris su pakuote: 790g<\/p>","protected":false},"featured_media":9319,"template":"","meta":{"iawp_total_views":146},"product_cat":[84,102,49,39],"product_tag":[96,97],"class_list":{"0":"post-9318","1":"product","2":"type-product","3":"status-publish","4":"has-post-thumbnail","6":"product_cat-lavinamieji-zaislai","7":"product_cat-mediniai-zaislai","8":"product_cat-visi-zaislai","9":"product_cat-zaislai","10":"product_tag-2-m-3-m","11":"product_tag-3-m-4-m","13":"first","14":"instock","15":"taxable","16":"shipping-taxable","17":"purchasable","18":"product-type-simple"},"yoast_head":"<!-- This site is optimized with the Yoast SEO plugin v23.3 - https:\/\/yoast.com\/wordpress\/plugins\/seo\/ -->\n<title>Medin\u0117 tr\u0105sa su 4 automobiliais - Montessori \u017eaislai<\/title>\n<meta name=\"robots\" content=\"noindex, follow, max-snippet:-1, max-image-preview:large, max-video-preview:-1\" \/>\n<meta property=\"og:locale\" content=\"en_US\" \/>\n<meta property=\"og:type\" content=\"article\" \/>\n<meta property=\"og:title\" content=\"Medin\u0117 tr\u0105sa su 4 automobiliais - Montessori \u017eaislai\" \/>\n<meta property=\"og:description\" content=\"SPECIFIKACIJA am\u017eius: 3+ sertifikatai: CE, EN 71 med\u017eiaga: mediena \u010diuo\u017eyklos matmenys (ilgis \/ plotis \/ auk\u0161tis): 24,5 \/ 10 \/ 28cm komplekto svoris: 630 g svoris su pakuote: 790g\" \/>\n<meta property=\"og:url\" content=\"https:\/\/dev.monti.lt\/en\/product\/medine-trasa-su-4-automobiliais\/\" \/>\n<meta property=\"og:site_name\" content=\"Montessori \u017eaislai\" \/>\n<meta property=\"article:modified_time\" content=\"2024-10-06T07:17:12+00:00\" \/>\n<meta property=\"og:image\" content=\"https:\/\/dev.monti.lt\/wp-content\/uploads\/2022\/08\/lit_pl_Medinis-slidziu-takelis-14018_1.jpg\" \/>\n\t<meta property=\"og:image:width\" content=\"415\" \/>\n\t<meta property=\"og:image:height\" content=\"500\" \/>\n\t<meta property=\"og:image:type\" content=\"image\/jpeg\" \/>\n<meta name=\"twitter:card\" content=\"summary_large_image\" \/>\n<meta name=\"twitter:label1\" content=\"Est. reading time\" \/>\n\t<meta name=\"twitter:data1\" content=\"1 minute\" \/>\n<script type=\"application\/ld+json\" class=\"yoast-schema-graph\">{\"@context\":\"https:\/\/schema.org\",\"@graph\":[{\"@type\":\"WebPage\",\"@id\":\"https:\/\/dev.monti.lt\/product\/medine-trasa-su-4-automobiliais\/\",\"url\":\"https:\/\/dev.monti.lt\/product\/medine-trasa-su-4-automobiliais\/\",\"name\":\"Medin\u0117 tr\u0105sa su 4 automobiliais - Montessori \u017eaislai\",\"isPartOf\":{\"@id\":\"https:\/\/dev.monti.lt\/#website\"},\"primaryImageOfPage\":{\"@id\":\"https:\/\/dev.monti.lt\/product\/medine-trasa-su-4-automobiliais\/#primaryimage\"},\"image\":{\"@id\":\"https:\/\/dev.monti.lt\/product\/medine-trasa-su-4-automobiliais\/#primaryimage\"},\"thumbnailUrl\":\"https:\/\/dev.monti.lt\/wp-content\/uploads\/2022\/08\/lit_pl_Medinis-slidziu-takelis-14018_1.jpg\",\"datePublished\":\"2022-08-16T07:19:59+00:00\",\"dateModified\":\"2024-10-06T07:17:12+00:00\",\"breadcrumb\":{\"@id\":\"https:\/\/dev.monti.lt\/product\/medine-trasa-su-4-automobiliais\/#breadcrumb\"},\"inLanguage\":\"en-US\",\"potentialAction\":[{\"@type\":\"ReadAction\",\"target\":[\"https:\/\/dev.monti.lt\/product\/medine-trasa-su-4-automobiliais\/\"]}]},{\"@type\":\"ImageObject\",\"inLanguage\":\"en-US\",\"@id\":\"https:\/\/dev.monti.lt\/product\/medine-trasa-su-4-automobiliais\/#primaryimage\",\"url\":\"https:\/\/dev.monti.lt\/wp-content\/uploads\/2022\/08\/lit_pl_Medinis-slidziu-takelis-14018_1.jpg\",\"contentUrl\":\"https:\/\/dev.monti.lt\/wp-content\/uploads\/2022\/08\/lit_pl_Medinis-slidziu-takelis-14018_1.jpg\",\"width\":415,\"height\":500},{\"@type\":\"BreadcrumbList\",\"@id\":\"https:\/\/dev.monti.lt\/product\/medine-trasa-su-4-automobiliais\/#breadcrumb\",\"itemListElement\":[{\"@type\":\"ListItem\",\"position\":1,\"name\":\"Home\",\"item\":\"https:\/\/dev.monti.lt\/\"},{\"@type\":\"ListItem\",\"position\":2,\"name\":\"Parduotuv\u0117\",\"item\":\"https:\/\/dev.monti.lt\/shop\/\"},{\"@type\":\"ListItem\",\"position\":3,\"name\":\"Medin\u0117 tr\u0105sa su 4 automobiliais\"}]},{\"@type\":\"WebSite\",\"@id\":\"https:\/\/dev.monti.lt\/#website\",\"url\":\"https:\/\/dev.monti.lt\/\",\"name\":\"Montessori \u017eaislai\",\"description\":\"\",\"publisher\":{\"@id\":\"https:\/\/dev.monti.lt\/#organization\"},\"potentialAction\":[{\"@type\":\"SearchAction\",\"target\":{\"@type\":\"EntryPoint\",\"urlTemplate\":\"https:\/\/dev.monti.lt\/?s={search_term_string}\"},\"query-input\":\"required name=search_term_string\"}],\"inLanguage\":\"en-US\"},{\"@type\":\"Organization\",\"@id\":\"https:\/\/dev.monti.lt\/#organization\",\"name\":\"Montessori \u017eaislai\",\"url\":\"https:\/\/dev.monti.lt\/\",\"logo\":{\"@type\":\"ImageObject\",\"inLanguage\":\"en-US\",\"@id\":\"https:\/\/dev.monti.lt\/#\/schema\/logo\/image\/\",\"url\":\"https:\/\/dev.monti.lt\/wp-content\/uploads\/2022\/03\/montilogo-1.png\",\"contentUrl\":\"https:\/\/dev.monti.lt\/wp-content\/uploads\/2022\/03\/montilogo-1.png\",\"width\":512,\"height\":512,\"caption\":\"Montessori \u017eaislai\"},\"image\":{\"@id\":\"https:\/\/dev.monti.lt\/#\/schema\/logo\/image\/\"}}]}<\/script>\n<!-- \/ Yoast SEO plugin. -->","yoast_head_json":{"title":"Medin\u0117 tr\u0105sa su 4 automobiliais - Montessori \u017eaislai","robots":{"index":"noindex","follow":"follow","max-snippet":"max-snippet:-1","max-image-preview":"max-image-preview:large","max-video-preview":"max-video-preview:-1"},"og_locale":"en_US","og_type":"article","og_title":"Medin\u0117 tr\u0105sa su 4 automobiliais - Montessori \u017eaislai","og_description":"SPECIFIKACIJA am\u017eius: 3+ sertifikatai: CE, EN 71 med\u017eiaga: mediena \u010diuo\u017eyklos matmenys (ilgis \/ plotis \/ auk\u0161tis): 24,5 \/ 10 \/ 28cm komplekto svoris: 630 g svoris su pakuote: 790g","og_url":"https:\/\/dev.monti.lt\/en\/product\/medine-trasa-su-4-automobiliais\/","og_site_name":"Montessori \u017eaislai","article_modified_time":"2024-10-06T07:17:12+00:00","og_image":[{"width":415,"height":500,"url":"https:\/\/dev.monti.lt\/wp-content\/uploads\/2022\/08\/lit_pl_Medinis-slidziu-takelis-14018_1.jpg","type":"image\/jpeg"}],"twitter_card":"summary_large_image","twitter_misc":{"Est. reading time":"1 minute"},"schema":{"@context":"https:\/\/schema.org","@graph":[{"@type":"WebPage","@id":"https:\/\/dev.monti.lt\/product\/medine-trasa-su-4-automobiliais\/","url":"https:\/\/dev.monti.lt\/product\/medine-trasa-su-4-automobiliais\/","name":"Medin\u0117 tr\u0105sa su 4 automobiliais - Montessori \u017eaislai","isPartOf":{"@id":"https:\/\/dev.monti.lt\/#website"},"primaryImageOfPage":{"@id":"https:\/\/dev.monti.lt\/product\/medine-trasa-su-4-automobiliais\/#primaryimage"},"image":{"@id":"https:\/\/dev.monti.lt\/product\/medine-trasa-su-4-automobiliais\/#primaryimage"},"thumbnailUrl":"https:\/\/dev.monti.lt\/wp-content\/uploads\/2022\/08\/lit_pl_Medinis-slidziu-takelis-14018_1.jpg","datePublished":"2022-08-16T07:19:59+00:00","dateModified":"2024-10-06T07:17:12+00:00","breadcrumb":{"@id":"https:\/\/dev.monti.lt\/product\/medine-trasa-su-4-automobiliais\/#breadcrumb"},"inLanguage":"en-US","potentialAction":[{"@type":"ReadAction","target":["https:\/\/dev.monti.lt\/product\/medine-trasa-su-4-automobiliais\/"]}]},{"@type":"ImageObject","inLanguage":"en-US","@id":"https:\/\/dev.monti.lt\/product\/medine-trasa-su-4-automobiliais\/#primaryimage","url":"https:\/\/dev.monti.lt\/wp-content\/uploads\/2022\/08\/lit_pl_Medinis-slidziu-takelis-14018_1.jpg","contentUrl":"https:\/\/dev.monti.lt\/wp-content\/uploads\/2022\/08\/lit_pl_Medinis-slidziu-takelis-14018_1.jpg","width":415,"height":500},{"@type":"BreadcrumbList","@id":"https:\/\/dev.monti.lt\/product\/medine-trasa-su-4-automobiliais\/#breadcrumb","itemListElement":[{"@type":"ListItem","position":1,"name":"Home","item":"https:\/\/dev.monti.lt\/"},{"@type":"ListItem","position":2,"name":"Parduotuv\u0117","item":"https:\/\/dev.monti.lt\/shop\/"},{"@type":"ListItem","position":3,"name":"Medin\u0117 tr\u0105sa su 4 automobiliais"}]},{"@type":"WebSite","@id":"https:\/\/dev.monti.lt\/#website","url":"https:\/\/dev.monti.lt\/","name":"Montessori \u017eaislai","description":"","publisher":{"@id":"https:\/\/dev.monti.lt\/#organization"},"potentialAction":[{"@type":"SearchAction","target":{"@type":"EntryPoint","urlTemplate":"https:\/\/dev.monti.lt\/?s={search_term_string}"},"query-input":"required name=search_term_string"}],"inLanguage":"en-US"},{"@type":"Organization","@id":"https:\/\/dev.monti.lt\/#organization","name":"Montessori \u017eaislai","url":"https:\/\/dev.monti.lt\/","logo":{"@type":"ImageObject","inLanguage":"en-US","@id":"https:\/\/dev.monti.lt\/#\/schema\/logo\/image\/","url":"https:\/\/dev.monti.lt\/wp-content\/uploads\/2022\/03\/montilogo-1.png","contentUrl":"https:\/\/dev.monti.lt\/wp-content\/uploads\/2022\/03\/montilogo-1.png","width":512,"height":512,"caption":"Montessori \u017eaislai"},"image":{"@id":"https:\/\/dev.monti.lt\/#\/schema\/logo\/image\/"}}]}},"_links":{"self":[{"href":"https:\/\/dev.monti.lt\/en\/wp-json\/wp\/v2\/product\/9318"}],"collection":[{"href":"https:\/\/dev.monti.lt\/en\/wp-json\/wp\/v2\/product"}],"about":[{"href":"https:\/\/dev.monti.lt\/en\/wp-json\/wp\/v2\/types\/product"}],"version-history":[{"count":1,"href":"https:\/\/dev.monti.lt\/en\/wp-json\/wp\/v2\/product\/9318\/revisions"}],"predecessor-version":[{"id":9320,"href":"https:\/\/dev.monti.lt\/en\/wp-json\/wp\/v2\/product\/9318\/revisions\/9320"}],"wp:featuredmedia":[{"embeddable":true,"href":"https:\/\/dev.monti.lt\/en\/wp-json\/wp\/v2\/media\/9319"}],"wp:attachment":[{"href":"https:\/\/dev.monti.lt\/en\/wp-json\/wp\/v2\/media?parent=9318"}],"wp:term":[{"taxonomy":"product_cat","embeddable":true,"href":"https:\/\/dev.monti.lt\/en\/wp-json\/wp\/v2\/product_cat?post=9318"},{"taxonomy":"product_tag","embeddable":true,"href":"https:\/\/dev.monti.lt\/en\/wp-json\/wp\/v2\/product_tag?post=9318"}],"curies":[{"name":"wp","href":"https:\/\/api.w.org\/{rel}","templated":true}]}}