{"id":9241,"date":"2022-08-11T12:15:24","date_gmt":"2022-08-11T12:15:24","guid":{"rendered":"https:\/\/dev.monti.lt\/?post_type=product&#038;p=9241"},"modified":"2024-10-08T10:24:10","modified_gmt":"2024-10-08T10:24:10","slug":"spalvinimo-vandeniu-knygele-juros-pasaulis","status":"publish","type":"product","link":"https:\/\/dev.monti.lt\/en\/product\/spalvinimo-vandeniu-knygele-juros-pasaulis\/","title":{"rendered":"Spalvinimo vandeniu knygel\u0117 &#8220;J\u016bros pasaulis&#8221;"},"content":{"rendered":"<p>Spalvinimo vandeniu knygel\u0117 &#8220;J\u016bros pasaulis&#8221;<\/p>\n<p><span>Fantasti\u0161ka spalvinimo knygel\u0117 vaikams<\/span><\/p>\n<p><span>Norint nuspalvinti knygos paveiksl\u0117lius, nereikia joki\u0173 kreideli\u0173, \u017eymekli\u0173 ar da\u017e\u0173.<\/span><\/p>\n<p><span>Tereikia komplekte esant\u012f \u017eymekl\u012f u\u017epildyti vandeniu<\/span><\/p>\n<p><span>Knygel\u0117je yra 4 spalvinimo puslapiai.<\/span><\/p>\n<p><span>Tegul j\u016bs\u0173 vaikas tampa tikru menininku.<\/span><\/p>\n<p><span>Jums nereikia jaudintis d\u0117l d\u0117mi\u0173 ir purvo.<\/span><\/p>\n<p><span>J\u016bs\u0173 vaikas da\u017eys tik vandeniu.<\/span><\/p>\n<p><span>Spalvinimo knygel\u0117 lavina vaizduot\u0119 ir k\u016brybi\u0161kum\u0105, papildomai padeda lavinti meninius \u012fg\u016bd\u017eius ir lavina rank\u0173 miklum\u0105.<\/span><\/p>\n<p><span>K\u016brybin\u0117 pramoga ma\u017eam menininkui<\/span><\/p>\n<p><span>Ry\u0161kios spalvos paskatins kiekvien\u0105 ma\u017eyl\u012f \u017eaisti.<\/span><\/p>\n<p><span>K\u016brybingas laisvalaikio praleidimo b\u016bdas su visa \u0161eima.<\/span><\/p>\n<p><span>Tobula dovanos id\u0117ja!<\/span><\/p>\n<p><strong><span style=\"font-size: 14pt; font-family: tahoma, arial, helvetica, sans-serif;\"><span>Matmenys:<\/span><\/span><\/strong><\/p>\n<p><span style=\"font-size: 14pt; font-family: tahoma, arial, helvetica, sans-serif;\"><span>19cm x 15cm<\/span><\/span><\/p>","protected":false},"excerpt":{"rendered":"<p>Spalvinimo vandeniu knygel\u0117 &#8220;J\u016bros pasaulis&#8221; Fantasti\u0161ka spalvinimo knygel\u0117 vaikams Norint nuspalvinti knygos paveiksl\u0117lius, nereikia joki\u0173 kreideli\u0173, \u017eymekli\u0173 ar da\u017e\u0173. Tereikia komplekte esant\u012f \u017eymekl\u012f u\u017epildyti vandeniu Knygel\u0117je yra 4 spalvinimo puslapiai. Tegul j\u016bs\u0173 vaikas tampa tikru menininku. Jums nereikia jaudintis d\u0117l d\u0117mi\u0173 ir purvo. J\u016bs\u0173 vaikas da\u017eys tik vandeniu. Spalvinimo knygel\u0117 lavina vaizduot\u0119 ir k\u016brybi\u0161kum\u0105, papildomai [&hellip;]<\/p>","protected":false},"featured_media":9242,"template":"","meta":{"iawp_total_views":82},"product_cat":[84,89,49,39,201],"product_tag":[95,96,97],"class_list":{"0":"post-9241","1":"product","2":"type-product","3":"status-publish","4":"has-post-thumbnail","6":"product_cat-lavinamieji-zaislai","7":"product_cat-mokausi-piesti","8":"product_cat-visi-zaislai","9":"product_cat-zaislai","10":"product_cat-zaislai-kelioneje","11":"product_tag-1-m-2-m","12":"product_tag-2-m-3-m","13":"product_tag-3-m-4-m","15":"first","16":"instock","17":"taxable","18":"shipping-taxable","19":"purchasable","20":"product-type-simple"},"yoast_head":"<!-- This site is optimized with the Yoast SEO plugin v23.3 - https:\/\/yoast.com\/wordpress\/plugins\/seo\/ -->\n<title>Spalvinimo vandeniu knygel\u0117 &quot;J\u016bros pasaulis&quot; - Montessori \u017eaislai<\/title>\n<meta name=\"robots\" content=\"noindex, follow, max-snippet:-1, max-image-preview:large, max-video-preview:-1\" \/>\n<meta property=\"og:locale\" content=\"en_US\" \/>\n<meta property=\"og:type\" content=\"article\" \/>\n<meta property=\"og:title\" content=\"Spalvinimo vandeniu knygel\u0117 &quot;J\u016bros pasaulis&quot; - Montessori \u017eaislai\" \/>\n<meta property=\"og:description\" content=\"Spalvinimo vandeniu knygel\u0117 &#8220;J\u016bros pasaulis&#8221; Fantasti\u0161ka spalvinimo knygel\u0117 vaikams Norint nuspalvinti knygos paveiksl\u0117lius, nereikia joki\u0173 kreideli\u0173, \u017eymekli\u0173 ar da\u017e\u0173. Tereikia komplekte esant\u012f \u017eymekl\u012f u\u017epildyti vandeniu Knygel\u0117je yra 4 spalvinimo puslapiai. Tegul j\u016bs\u0173 vaikas tampa tikru menininku. Jums nereikia jaudintis d\u0117l d\u0117mi\u0173 ir purvo. J\u016bs\u0173 vaikas da\u017eys tik vandeniu. Spalvinimo knygel\u0117 lavina vaizduot\u0119 ir k\u016brybi\u0161kum\u0105, papildomai [&hellip;]\" \/>\n<meta property=\"og:url\" content=\"https:\/\/dev.monti.lt\/en\/product\/spalvinimo-vandeniu-knygele-juros-pasaulis\/\" \/>\n<meta property=\"og:site_name\" content=\"Montessori \u017eaislai\" \/>\n<meta property=\"article:modified_time\" content=\"2024-10-08T10:24:10+00:00\" \/>\n<meta property=\"og:image\" content=\"https:\/\/dev.monti.lt\/wp-content\/uploads\/2022\/08\/KX779955585-scaled.jpg\" \/>\n\t<meta property=\"og:image:width\" content=\"2560\" \/>\n\t<meta property=\"og:image:height\" content=\"2349\" \/>\n\t<meta property=\"og:image:type\" content=\"image\/jpeg\" \/>\n<meta name=\"twitter:card\" content=\"summary_large_image\" \/>\n<meta name=\"twitter:label1\" content=\"Est. reading time\" \/>\n\t<meta name=\"twitter:data1\" content=\"1 minute\" \/>\n<script type=\"application\/ld+json\" class=\"yoast-schema-graph\">{\"@context\":\"https:\/\/schema.org\",\"@graph\":[{\"@type\":\"WebPage\",\"@id\":\"https:\/\/dev.monti.lt\/product\/spalvinimo-vandeniu-knygele-juros-pasaulis\/\",\"url\":\"https:\/\/dev.monti.lt\/product\/spalvinimo-vandeniu-knygele-juros-pasaulis\/\",\"name\":\"Spalvinimo vandeniu knygel\u0117 \\\"J\u016bros pasaulis\\\" - Montessori \u017eaislai\",\"isPartOf\":{\"@id\":\"https:\/\/dev.monti.lt\/#website\"},\"primaryImageOfPage\":{\"@id\":\"https:\/\/dev.monti.lt\/product\/spalvinimo-vandeniu-knygele-juros-pasaulis\/#primaryimage\"},\"image\":{\"@id\":\"https:\/\/dev.monti.lt\/product\/spalvinimo-vandeniu-knygele-juros-pasaulis\/#primaryimage\"},\"thumbnailUrl\":\"https:\/\/dev.monti.lt\/wp-content\/uploads\/2022\/08\/KX779955585-scaled.jpg\",\"datePublished\":\"2022-08-11T12:15:24+00:00\",\"dateModified\":\"2024-10-08T10:24:10+00:00\",\"breadcrumb\":{\"@id\":\"https:\/\/dev.monti.lt\/product\/spalvinimo-vandeniu-knygele-juros-pasaulis\/#breadcrumb\"},\"inLanguage\":\"en-US\",\"potentialAction\":[{\"@type\":\"ReadAction\",\"target\":[\"https:\/\/dev.monti.lt\/product\/spalvinimo-vandeniu-knygele-juros-pasaulis\/\"]}]},{\"@type\":\"ImageObject\",\"inLanguage\":\"en-US\",\"@id\":\"https:\/\/dev.monti.lt\/product\/spalvinimo-vandeniu-knygele-juros-pasaulis\/#primaryimage\",\"url\":\"https:\/\/dev.monti.lt\/wp-content\/uploads\/2022\/08\/KX779955585-scaled.jpg\",\"contentUrl\":\"https:\/\/dev.monti.lt\/wp-content\/uploads\/2022\/08\/KX779955585-scaled.jpg\",\"width\":2560,\"height\":2349,\"caption\":\"vandeniu spalvinti knygel\u0117\"},{\"@type\":\"BreadcrumbList\",\"@id\":\"https:\/\/dev.monti.lt\/product\/spalvinimo-vandeniu-knygele-juros-pasaulis\/#breadcrumb\",\"itemListElement\":[{\"@type\":\"ListItem\",\"position\":1,\"name\":\"Home\",\"item\":\"https:\/\/dev.monti.lt\/\"},{\"@type\":\"ListItem\",\"position\":2,\"name\":\"Parduotuv\u0117\",\"item\":\"https:\/\/dev.monti.lt\/shop\/\"},{\"@type\":\"ListItem\",\"position\":3,\"name\":\"Spalvinimo vandeniu knygel\u0117 &#8220;J\u016bros pasaulis&#8221;\"}]},{\"@type\":\"WebSite\",\"@id\":\"https:\/\/dev.monti.lt\/#website\",\"url\":\"https:\/\/dev.monti.lt\/\",\"name\":\"Montessori \u017eaislai\",\"description\":\"\",\"publisher\":{\"@id\":\"https:\/\/dev.monti.lt\/#organization\"},\"potentialAction\":[{\"@type\":\"SearchAction\",\"target\":{\"@type\":\"EntryPoint\",\"urlTemplate\":\"https:\/\/dev.monti.lt\/?s={search_term_string}\"},\"query-input\":\"required name=search_term_string\"}],\"inLanguage\":\"en-US\"},{\"@type\":\"Organization\",\"@id\":\"https:\/\/dev.monti.lt\/#organization\",\"name\":\"Montessori \u017eaislai\",\"url\":\"https:\/\/dev.monti.lt\/\",\"logo\":{\"@type\":\"ImageObject\",\"inLanguage\":\"en-US\",\"@id\":\"https:\/\/dev.monti.lt\/#\/schema\/logo\/image\/\",\"url\":\"https:\/\/dev.monti.lt\/wp-content\/uploads\/2022\/03\/montilogo-1.png\",\"contentUrl\":\"https:\/\/dev.monti.lt\/wp-content\/uploads\/2022\/03\/montilogo-1.png\",\"width\":512,\"height\":512,\"caption\":\"Montessori \u017eaislai\"},\"image\":{\"@id\":\"https:\/\/dev.monti.lt\/#\/schema\/logo\/image\/\"}}]}<\/script>\n<!-- \/ Yoast SEO plugin. -->","yoast_head_json":{"title":"Spalvinimo vandeniu knygel\u0117 \"J\u016bros pasaulis\" - Montessori \u017eaislai","robots":{"index":"noindex","follow":"follow","max-snippet":"max-snippet:-1","max-image-preview":"max-image-preview:large","max-video-preview":"max-video-preview:-1"},"og_locale":"en_US","og_type":"article","og_title":"Spalvinimo vandeniu knygel\u0117 \"J\u016bros pasaulis\" - Montessori \u017eaislai","og_description":"Spalvinimo vandeniu knygel\u0117 &#8220;J\u016bros pasaulis&#8221; Fantasti\u0161ka spalvinimo knygel\u0117 vaikams Norint nuspalvinti knygos paveiksl\u0117lius, nereikia joki\u0173 kreideli\u0173, \u017eymekli\u0173 ar da\u017e\u0173. Tereikia komplekte esant\u012f \u017eymekl\u012f u\u017epildyti vandeniu Knygel\u0117je yra 4 spalvinimo puslapiai. Tegul j\u016bs\u0173 vaikas tampa tikru menininku. Jums nereikia jaudintis d\u0117l d\u0117mi\u0173 ir purvo. J\u016bs\u0173 vaikas da\u017eys tik vandeniu. Spalvinimo knygel\u0117 lavina vaizduot\u0119 ir k\u016brybi\u0161kum\u0105, papildomai [&hellip;]","og_url":"https:\/\/dev.monti.lt\/en\/product\/spalvinimo-vandeniu-knygele-juros-pasaulis\/","og_site_name":"Montessori \u017eaislai","article_modified_time":"2024-10-08T10:24:10+00:00","og_image":[{"width":2560,"height":2349,"url":"https:\/\/dev.monti.lt\/wp-content\/uploads\/2022\/08\/KX779955585-scaled.jpg","type":"image\/jpeg"}],"twitter_card":"summary_large_image","twitter_misc":{"Est. reading time":"1 minute"},"schema":{"@context":"https:\/\/schema.org","@graph":[{"@type":"WebPage","@id":"https:\/\/dev.monti.lt\/product\/spalvinimo-vandeniu-knygele-juros-pasaulis\/","url":"https:\/\/dev.monti.lt\/product\/spalvinimo-vandeniu-knygele-juros-pasaulis\/","name":"Spalvinimo vandeniu knygel\u0117 \"J\u016bros pasaulis\" - Montessori \u017eaislai","isPartOf":{"@id":"https:\/\/dev.monti.lt\/#website"},"primaryImageOfPage":{"@id":"https:\/\/dev.monti.lt\/product\/spalvinimo-vandeniu-knygele-juros-pasaulis\/#primaryimage"},"image":{"@id":"https:\/\/dev.monti.lt\/product\/spalvinimo-vandeniu-knygele-juros-pasaulis\/#primaryimage"},"thumbnailUrl":"https:\/\/dev.monti.lt\/wp-content\/uploads\/2022\/08\/KX779955585-scaled.jpg","datePublished":"2022-08-11T12:15:24+00:00","dateModified":"2024-10-08T10:24:10+00:00","breadcrumb":{"@id":"https:\/\/dev.monti.lt\/product\/spalvinimo-vandeniu-knygele-juros-pasaulis\/#breadcrumb"},"inLanguage":"en-US","potentialAction":[{"@type":"ReadAction","target":["https:\/\/dev.monti.lt\/product\/spalvinimo-vandeniu-knygele-juros-pasaulis\/"]}]},{"@type":"ImageObject","inLanguage":"en-US","@id":"https:\/\/dev.monti.lt\/product\/spalvinimo-vandeniu-knygele-juros-pasaulis\/#primaryimage","url":"https:\/\/dev.monti.lt\/wp-content\/uploads\/2022\/08\/KX779955585-scaled.jpg","contentUrl":"https:\/\/dev.monti.lt\/wp-content\/uploads\/2022\/08\/KX779955585-scaled.jpg","width":2560,"height":2349,"caption":"vandeniu spalvinti knygel\u0117"},{"@type":"BreadcrumbList","@id":"https:\/\/dev.monti.lt\/product\/spalvinimo-vandeniu-knygele-juros-pasaulis\/#breadcrumb","itemListElement":[{"@type":"ListItem","position":1,"name":"Home","item":"https:\/\/dev.monti.lt\/"},{"@type":"ListItem","position":2,"name":"Parduotuv\u0117","item":"https:\/\/dev.monti.lt\/shop\/"},{"@type":"ListItem","position":3,"name":"Spalvinimo vandeniu knygel\u0117 &#8220;J\u016bros pasaulis&#8221;"}]},{"@type":"WebSite","@id":"https:\/\/dev.monti.lt\/#website","url":"https:\/\/dev.monti.lt\/","name":"Montessori \u017eaislai","description":"","publisher":{"@id":"https:\/\/dev.monti.lt\/#organization"},"potentialAction":[{"@type":"SearchAction","target":{"@type":"EntryPoint","urlTemplate":"https:\/\/dev.monti.lt\/?s={search_term_string}"},"query-input":"required name=search_term_string"}],"inLanguage":"en-US"},{"@type":"Organization","@id":"https:\/\/dev.monti.lt\/#organization","name":"Montessori \u017eaislai","url":"https:\/\/dev.monti.lt\/","logo":{"@type":"ImageObject","inLanguage":"en-US","@id":"https:\/\/dev.monti.lt\/#\/schema\/logo\/image\/","url":"https:\/\/dev.monti.lt\/wp-content\/uploads\/2022\/03\/montilogo-1.png","contentUrl":"https:\/\/dev.monti.lt\/wp-content\/uploads\/2022\/03\/montilogo-1.png","width":512,"height":512,"caption":"Montessori \u017eaislai"},"image":{"@id":"https:\/\/dev.monti.lt\/#\/schema\/logo\/image\/"}}]}},"_links":{"self":[{"href":"https:\/\/dev.monti.lt\/en\/wp-json\/wp\/v2\/product\/9241"}],"collection":[{"href":"https:\/\/dev.monti.lt\/en\/wp-json\/wp\/v2\/product"}],"about":[{"href":"https:\/\/dev.monti.lt\/en\/wp-json\/wp\/v2\/types\/product"}],"version-history":[{"count":2,"href":"https:\/\/dev.monti.lt\/en\/wp-json\/wp\/v2\/product\/9241\/revisions"}],"predecessor-version":[{"id":13382,"href":"https:\/\/dev.monti.lt\/en\/wp-json\/wp\/v2\/product\/9241\/revisions\/13382"}],"wp:featuredmedia":[{"embeddable":true,"href":"https:\/\/dev.monti.lt\/en\/wp-json\/wp\/v2\/media\/9242"}],"wp:attachment":[{"href":"https:\/\/dev.monti.lt\/en\/wp-json\/wp\/v2\/media?parent=9241"}],"wp:term":[{"taxonomy":"product_cat","embeddable":true,"href":"https:\/\/dev.monti.lt\/en\/wp-json\/wp\/v2\/product_cat?post=9241"},{"taxonomy":"product_tag","embeddable":true,"href":"https:\/\/dev.monti.lt\/en\/wp-json\/wp\/v2\/product_tag?post=9241"}],"curies":[{"name":"wp","href":"https:\/\/api.w.org\/{rel}","templated":true}]}}