{"id":9238,"date":"2022-08-11T12:07:07","date_gmt":"2022-08-11T12:07:07","guid":{"rendered":"https:\/\/dev.monti.lt\/?post_type=product&#038;p=9238"},"modified":"2024-10-08T17:50:54","modified_gmt":"2024-10-08T17:50:54","slug":"montessori-zuvytes-raides","status":"publish","type":"product","link":"https:\/\/dev.monti.lt\/en\/product\/montessori-zuvytes-raides\/","title":{"rendered":"Montessori \u017euvyt\u0117s-raid\u0117s"},"content":{"rendered":"<p><b>MEDIN\u0116 \u017dVEJYBOS D\u0116LION\u0116<\/b><\/p>\n<p><img decoding=\"async\" src=\"https:\/\/www.ikonka.com.pl\/img\/product_media\/42001-43000\/KX595474130.jpg\"><\/p>\n<p>Saugi \u017evejyba nei\u0161\u0117jus i\u0161 nam\u0173? Kod\u0117l gi ne?<\/p>\n<p>Leiskit\u0117s \u012f \u012fsp\u016bding\u0105 kelion\u0119 per j\u016bros gelmes.<\/p>\n<p>\u017daidimo form\u0173 \u012fvairov\u0117 leis kiekvienam vaikui rasti ka\u017ek\u0105 sau.<\/p>\n<p><b>&nbsp;\u201etrys viename\u201c galvos\u016bkis:<\/b><\/p>\n<p>1. <b>R\u016a\u0160IUOKLIS\/ MOKOMOJI D\u0116LION\u0116<\/b><\/p>\n<p>2. <b>SKAI\u010cIAVIMAS<\/b>&nbsp;&nbsp; &nbsp;<b><\/b><\/p>\n<p>3. <b>Vikrumo \u017dAIDIMAS \u017dVEJYBA<\/b>&nbsp;&nbsp;&nbsp;&nbsp;&nbsp; <b><\/b><\/p>\n<p>Kiekviena \u017euvis yra su magnetu, jas reikia gaudyti su komplekte esan\u010dia me\u0161kere. B\u016bkite atsarg\u016bs, tai n\u0117ra tokia paprasta u\u017eduotis. \u017duvys labai sumanios ir jas gaudant reikia labai susikaupti.<br \/>\n\u017daidimas lavins j\u016bs\u0173 vaiko geb\u0117jim\u0105 susikaupti ir i\u0161mokys kantryb\u0117s.<br \/>\nNegana to, galimyb\u0117 pagauti \u017euv\u012f ir pasijusti tikru me\u0161keriotu prad\u017eiugins kiekvien\u0105 vaik\u0105.<\/p>\n<p><img decoding=\"async\" src=\"https:\/\/www.ikonka.com.pl\/img\/product_media\/42001-43000\/KX595474132.jpg\"><\/p>\n<p><b>Mokymasis \u017eaid\u017eiant \u2013 \u017eaismas mokantis!<\/b><\/p>\n<p>&nbsp;<\/p>\n<p>K\u016brybi\u0161kas \u017eaislas, su kuriuo n\u0117ra kada nuobod\u017eiauti.<\/p>\n<p>Spalvinga d\u0117lion\u0117 ne tik garantuoja puiki\u0105 pramog\u0105, bet ir palaiko tinkam\u0105 vaiko vystym\u0105si.<\/p>\n<p>Puikiai&nbsp; lavina <b>vaizduot\u0119, skatina k\u016brybi\u0161k\u0105 ir nestandartin\u012f m\u0105stym\u0105<\/b> , taip pat nuostabiai&nbsp; <b>lavina smulkiosios \u012fg\u016bd\u017eius<\/b> &nbsp;ma\u017eiesiems.<\/p>\n<p><b>Puikiai tinka:<\/b><\/p>\n<ul type=\"disc\">\n<li>Spalv\u0173 pavadinim\u0173 mokymasis<\/li>\n<li>Mokymasis skai\u010diuoti<\/li>\n<li>I\u0161mokite ab\u0117c\u0117l\u0119 ir raides<\/li>\n<li>Mokymasis atpa\u017einti formas<\/li>\n<\/ul>\n<p><img decoding=\"async\" src=\"https:\/\/www.ikonka.com.pl\/img\/product_media\/42001-43000\/KX595474133.jpg\"><\/p>\n<p>\u017daislas mokym\u0105si pavers <b>tikru malonumu<\/b> , o ma\u017eylis nor\u0117s pagilinti \u017einias apie pasaul\u012f.<\/p>\n<p><b>Komplekto turinys:<\/b><\/p>\n<ul type=\"disc\">\n<li>26 &nbsp;\u017euvel\u0117s<\/li>\n<li>2 me\u0161ker\u0117s<\/li>\n<li>baz\u0117<\/li>\n<\/ul>\n<p><img decoding=\"async\" src=\"https:\/\/www.ikonka.com.pl\/img\/product_media\/42001-43000\/KX595474134.jpg\"><\/p>\n<p><b>Matmenys:<\/b><\/p>\n<ul type=\"disc\">\n<li><b>\u017duvies matmenys:<\/b> 4cm x 2,5cm x 1cm<\/li>\n<li><b>Pagrindo matmenys<\/b> : 30cm x 30cm x 0,5cm<\/li>\n<li><b>Pakuot\u0117s matmenys:<\/b> 30cm x 30cm x 2cm<\/li>\n<\/ul>\n<p>&nbsp;<\/p>\n<p><img decoding=\"async\" src=\"https:\/\/www.ikonka.com.pl\/img\/product_media\/42001-43000\/KX595474136.jpg\"><\/p>","protected":false},"excerpt":{"rendered":"<p>K\u016brybi\u0161kas \u017eaislas, su kuriuo n\u0117ra kada nuobod\u017eiauti.<\/p>\n<p>Spalvingas \u017eaidimas ne tik garantuoja puiki\u0105 pramog\u0105, bet ir palaiko tinkam\u0105 vaiko vystym\u0105si.<\/p>\n<p>Puikiai\u00a0 lavina vaizduot\u0119, skatina k\u016brybi\u0161k\u0105 ir nestandartin\u012f m\u0105stym\u0105 , taip pat nuostabiai\u00a0 lavina smulkiosios \u012fg\u016bd\u017eius \u00a0ma\u017eiesiems.<\/p>\n<p>Puikiai tinka:<\/p>\n<ul type=\"disc\">\n<li>Mokytis spalv\u0173 pavadinimus<\/li>\n<li>Mokymasis skai\u010diuoti<\/li>\n<li>Mokytis ab\u0117c\u0117l\u0119 ir raides<\/li>\n<li>Mokymasis atpa\u017einti formas<\/li>\n<\/ul>\n<p>Matmenys:<\/p>\n<ul type=\"disc\">\n<li>\u017duvies matmenys: 4cm x 2,5cm x 1cm<\/li>\n<li>Pagrindo matmenys : 30cm x 30cm x 0,5cm<\/li>\n<li>Pakuot\u0117s matmenys: 30cm x 30cm x 2cm<\/li>\n<\/ul>","protected":false},"featured_media":9239,"template":"","meta":{"iawp_total_views":203},"product_cat":[218,92,208,194,195,191,84,210,102,88,83,86,199,49,39],"product_tag":[96,97,98],"class_list":{"0":"post-9238","1":"product","2":"type-product","3":"status-publish","4":"has-post-thumbnail","6":"product_cat-darzeliu-grupems","7":"product_cat-deliones","8":"product_cat-deliones-2","9":"product_cat-dovanos-vaikams-2-3-metu","10":"product_cat-dovanos-vaikams-3-4-metu","11":"product_cat-dovanos-vaikams","12":"product_cat-lavinamieji-zaislai","13":"product_cat-medines-deliones","14":"product_cat-mediniai-zaislai","15":"product_cat-mokausi-zaisti","16":"product_cat-montessori-zaislai","17":"product_cat-smulkioji-motorika","18":"product_cat-ugdymo-istaigoms","19":"product_cat-visi-zaislai","20":"product_cat-zaislai","21":"product_tag-2-m-3-m","22":"product_tag-3-m-4-m","23":"product_tag-5-m-7-m","25":"first","26":"instock","27":"taxable","28":"shipping-taxable","29":"purchasable","30":"product-type-simple"},"yoast_head":"<!-- This site is optimized with the Yoast SEO plugin v23.3 - https:\/\/yoast.com\/wordpress\/plugins\/seo\/ -->\n<title>Montessori \u017euvyt\u0117s-raid\u0117s - Montessori \u017eaislai<\/title>\n<meta name=\"robots\" content=\"noindex, follow, max-snippet:-1, max-image-preview:large, max-video-preview:-1\" \/>\n<meta property=\"og:locale\" content=\"en_US\" \/>\n<meta property=\"og:type\" content=\"article\" \/>\n<meta property=\"og:title\" content=\"Montessori \u017euvyt\u0117s-raid\u0117s - Montessori \u017eaislai\" \/>\n<meta property=\"og:description\" content=\"K\u016brybi\u0161kas \u017eaislas, su kuriuo n\u0117ra kada nuobod\u017eiauti.  Spalvingas \u017eaidimas ne tik garantuoja puiki\u0105 pramog\u0105, bet ir palaiko tinkam\u0105 vaiko vystym\u0105si.  Puikiai\u00a0 lavina vaizduot\u0119, skatina k\u016brybi\u0161k\u0105 ir nestandartin\u012f m\u0105stym\u0105 , taip pat nuostabiai\u00a0 lavina smulkiosios \u012fg\u016bd\u017eius \u00a0ma\u017eiesiems.  Puikiai tinka:   Mokytis spalv\u0173 pavadinimus  Mokymasis skai\u010diuoti  Mokytis ab\u0117c\u0117l\u0119 ir raides  Mokymasis atpa\u017einti formas  Matmenys:   \u017duvies matmenys: 4cm x 2,5cm x 1cm  Pagrindo matmenys : 30cm x 30cm x 0,5cm  Pakuot\u0117s matmenys: 30cm x 30cm x 2cm\" \/>\n<meta property=\"og:url\" content=\"https:\/\/dev.monti.lt\/en\/product\/montessori-zuvytes-raides\/\" \/>\n<meta property=\"og:site_name\" content=\"Montessori \u017eaislai\" \/>\n<meta property=\"article:modified_time\" content=\"2024-10-08T17:50:54+00:00\" \/>\n<meta property=\"og:image\" content=\"https:\/\/dev.monti.lt\/wp-content\/uploads\/2022\/08\/KX595474130-2.jpg\" \/>\n\t<meta property=\"og:image:width\" content=\"1280\" \/>\n\t<meta property=\"og:image:height\" content=\"960\" \/>\n\t<meta property=\"og:image:type\" content=\"image\/jpeg\" \/>\n<meta name=\"twitter:card\" content=\"summary_large_image\" \/>\n<meta name=\"twitter:label1\" content=\"Est. reading time\" \/>\n\t<meta name=\"twitter:data1\" content=\"2 minutes\" \/>\n<script type=\"application\/ld+json\" class=\"yoast-schema-graph\">{\"@context\":\"https:\/\/schema.org\",\"@graph\":[{\"@type\":\"WebPage\",\"@id\":\"https:\/\/dev.monti.lt\/product\/montessori-zuvytes-raides\/\",\"url\":\"https:\/\/dev.monti.lt\/product\/montessori-zuvytes-raides\/\",\"name\":\"Montessori \u017euvyt\u0117s-raid\u0117s - Montessori \u017eaislai\",\"isPartOf\":{\"@id\":\"https:\/\/dev.monti.lt\/#website\"},\"primaryImageOfPage\":{\"@id\":\"https:\/\/dev.monti.lt\/product\/montessori-zuvytes-raides\/#primaryimage\"},\"image\":{\"@id\":\"https:\/\/dev.monti.lt\/product\/montessori-zuvytes-raides\/#primaryimage\"},\"thumbnailUrl\":\"https:\/\/dev.monti.lt\/wp-content\/uploads\/2022\/08\/KX595474130-2.jpg\",\"datePublished\":\"2022-08-11T12:07:07+00:00\",\"dateModified\":\"2024-10-08T17:50:54+00:00\",\"breadcrumb\":{\"@id\":\"https:\/\/dev.monti.lt\/product\/montessori-zuvytes-raides\/#breadcrumb\"},\"inLanguage\":\"en-US\",\"potentialAction\":[{\"@type\":\"ReadAction\",\"target\":[\"https:\/\/dev.monti.lt\/product\/montessori-zuvytes-raides\/\"]}]},{\"@type\":\"ImageObject\",\"inLanguage\":\"en-US\",\"@id\":\"https:\/\/dev.monti.lt\/product\/montessori-zuvytes-raides\/#primaryimage\",\"url\":\"https:\/\/dev.monti.lt\/wp-content\/uploads\/2022\/08\/KX595474130-2.jpg\",\"contentUrl\":\"https:\/\/dev.monti.lt\/wp-content\/uploads\/2022\/08\/KX595474130-2.jpg\",\"width\":1280,\"height\":960,\"caption\":\"Raid\u017ei\u0173 \u017evejyba, \u017euveli\u0173 \u017evejyba\"},{\"@type\":\"BreadcrumbList\",\"@id\":\"https:\/\/dev.monti.lt\/product\/montessori-zuvytes-raides\/#breadcrumb\",\"itemListElement\":[{\"@type\":\"ListItem\",\"position\":1,\"name\":\"Home\",\"item\":\"https:\/\/dev.monti.lt\/\"},{\"@type\":\"ListItem\",\"position\":2,\"name\":\"Parduotuv\u0117\",\"item\":\"https:\/\/dev.monti.lt\/shop\/\"},{\"@type\":\"ListItem\",\"position\":3,\"name\":\"Montessori \u017euvyt\u0117s-raid\u0117s\"}]},{\"@type\":\"WebSite\",\"@id\":\"https:\/\/dev.monti.lt\/#website\",\"url\":\"https:\/\/dev.monti.lt\/\",\"name\":\"Montessori \u017eaislai\",\"description\":\"\",\"publisher\":{\"@id\":\"https:\/\/dev.monti.lt\/#organization\"},\"potentialAction\":[{\"@type\":\"SearchAction\",\"target\":{\"@type\":\"EntryPoint\",\"urlTemplate\":\"https:\/\/dev.monti.lt\/?s={search_term_string}\"},\"query-input\":\"required name=search_term_string\"}],\"inLanguage\":\"en-US\"},{\"@type\":\"Organization\",\"@id\":\"https:\/\/dev.monti.lt\/#organization\",\"name\":\"Montessori \u017eaislai\",\"url\":\"https:\/\/dev.monti.lt\/\",\"logo\":{\"@type\":\"ImageObject\",\"inLanguage\":\"en-US\",\"@id\":\"https:\/\/dev.monti.lt\/#\/schema\/logo\/image\/\",\"url\":\"https:\/\/dev.monti.lt\/wp-content\/uploads\/2022\/03\/montilogo-1.png\",\"contentUrl\":\"https:\/\/dev.monti.lt\/wp-content\/uploads\/2022\/03\/montilogo-1.png\",\"width\":512,\"height\":512,\"caption\":\"Montessori \u017eaislai\"},\"image\":{\"@id\":\"https:\/\/dev.monti.lt\/#\/schema\/logo\/image\/\"}}]}<\/script>\n<!-- \/ Yoast SEO plugin. -->","yoast_head_json":{"title":"Montessori \u017euvyt\u0117s-raid\u0117s - Montessori \u017eaislai","robots":{"index":"noindex","follow":"follow","max-snippet":"max-snippet:-1","max-image-preview":"max-image-preview:large","max-video-preview":"max-video-preview:-1"},"og_locale":"en_US","og_type":"article","og_title":"Montessori \u017euvyt\u0117s-raid\u0117s - Montessori \u017eaislai","og_description":"K\u016brybi\u0161kas \u017eaislas, su kuriuo n\u0117ra kada nuobod\u017eiauti.  Spalvingas \u017eaidimas ne tik garantuoja puiki\u0105 pramog\u0105, bet ir palaiko tinkam\u0105 vaiko vystym\u0105si.  Puikiai\u00a0 lavina vaizduot\u0119, skatina k\u016brybi\u0161k\u0105 ir nestandartin\u012f m\u0105stym\u0105 , taip pat nuostabiai\u00a0 lavina smulkiosios \u012fg\u016bd\u017eius \u00a0ma\u017eiesiems.  Puikiai tinka:   Mokytis spalv\u0173 pavadinimus  Mokymasis skai\u010diuoti  Mokytis ab\u0117c\u0117l\u0119 ir raides  Mokymasis atpa\u017einti formas  Matmenys:   \u017duvies matmenys: 4cm x 2,5cm x 1cm  Pagrindo matmenys : 30cm x 30cm x 0,5cm  Pakuot\u0117s matmenys: 30cm x 30cm x 2cm","og_url":"https:\/\/dev.monti.lt\/en\/product\/montessori-zuvytes-raides\/","og_site_name":"Montessori \u017eaislai","article_modified_time":"2024-10-08T17:50:54+00:00","og_image":[{"width":1280,"height":960,"url":"https:\/\/dev.monti.lt\/wp-content\/uploads\/2022\/08\/KX595474130-2.jpg","type":"image\/jpeg"}],"twitter_card":"summary_large_image","twitter_misc":{"Est. reading time":"2 minutes"},"schema":{"@context":"https:\/\/schema.org","@graph":[{"@type":"WebPage","@id":"https:\/\/dev.monti.lt\/product\/montessori-zuvytes-raides\/","url":"https:\/\/dev.monti.lt\/product\/montessori-zuvytes-raides\/","name":"Montessori \u017euvyt\u0117s-raid\u0117s - Montessori \u017eaislai","isPartOf":{"@id":"https:\/\/dev.monti.lt\/#website"},"primaryImageOfPage":{"@id":"https:\/\/dev.monti.lt\/product\/montessori-zuvytes-raides\/#primaryimage"},"image":{"@id":"https:\/\/dev.monti.lt\/product\/montessori-zuvytes-raides\/#primaryimage"},"thumbnailUrl":"https:\/\/dev.monti.lt\/wp-content\/uploads\/2022\/08\/KX595474130-2.jpg","datePublished":"2022-08-11T12:07:07+00:00","dateModified":"2024-10-08T17:50:54+00:00","breadcrumb":{"@id":"https:\/\/dev.monti.lt\/product\/montessori-zuvytes-raides\/#breadcrumb"},"inLanguage":"en-US","potentialAction":[{"@type":"ReadAction","target":["https:\/\/dev.monti.lt\/product\/montessori-zuvytes-raides\/"]}]},{"@type":"ImageObject","inLanguage":"en-US","@id":"https:\/\/dev.monti.lt\/product\/montessori-zuvytes-raides\/#primaryimage","url":"https:\/\/dev.monti.lt\/wp-content\/uploads\/2022\/08\/KX595474130-2.jpg","contentUrl":"https:\/\/dev.monti.lt\/wp-content\/uploads\/2022\/08\/KX595474130-2.jpg","width":1280,"height":960,"caption":"Raid\u017ei\u0173 \u017evejyba, \u017euveli\u0173 \u017evejyba"},{"@type":"BreadcrumbList","@id":"https:\/\/dev.monti.lt\/product\/montessori-zuvytes-raides\/#breadcrumb","itemListElement":[{"@type":"ListItem","position":1,"name":"Home","item":"https:\/\/dev.monti.lt\/"},{"@type":"ListItem","position":2,"name":"Parduotuv\u0117","item":"https:\/\/dev.monti.lt\/shop\/"},{"@type":"ListItem","position":3,"name":"Montessori \u017euvyt\u0117s-raid\u0117s"}]},{"@type":"WebSite","@id":"https:\/\/dev.monti.lt\/#website","url":"https:\/\/dev.monti.lt\/","name":"Montessori \u017eaislai","description":"","publisher":{"@id":"https:\/\/dev.monti.lt\/#organization"},"potentialAction":[{"@type":"SearchAction","target":{"@type":"EntryPoint","urlTemplate":"https:\/\/dev.monti.lt\/?s={search_term_string}"},"query-input":"required name=search_term_string"}],"inLanguage":"en-US"},{"@type":"Organization","@id":"https:\/\/dev.monti.lt\/#organization","name":"Montessori \u017eaislai","url":"https:\/\/dev.monti.lt\/","logo":{"@type":"ImageObject","inLanguage":"en-US","@id":"https:\/\/dev.monti.lt\/#\/schema\/logo\/image\/","url":"https:\/\/dev.monti.lt\/wp-content\/uploads\/2022\/03\/montilogo-1.png","contentUrl":"https:\/\/dev.monti.lt\/wp-content\/uploads\/2022\/03\/montilogo-1.png","width":512,"height":512,"caption":"Montessori \u017eaislai"},"image":{"@id":"https:\/\/dev.monti.lt\/#\/schema\/logo\/image\/"}}]}},"_links":{"self":[{"href":"https:\/\/dev.monti.lt\/en\/wp-json\/wp\/v2\/product\/9238"}],"collection":[{"href":"https:\/\/dev.monti.lt\/en\/wp-json\/wp\/v2\/product"}],"about":[{"href":"https:\/\/dev.monti.lt\/en\/wp-json\/wp\/v2\/types\/product"}],"version-history":[{"count":4,"href":"https:\/\/dev.monti.lt\/en\/wp-json\/wp\/v2\/product\/9238\/revisions"}],"predecessor-version":[{"id":11595,"href":"https:\/\/dev.monti.lt\/en\/wp-json\/wp\/v2\/product\/9238\/revisions\/11595"}],"wp:featuredmedia":[{"embeddable":true,"href":"https:\/\/dev.monti.lt\/en\/wp-json\/wp\/v2\/media\/9239"}],"wp:attachment":[{"href":"https:\/\/dev.monti.lt\/en\/wp-json\/wp\/v2\/media?parent=9238"}],"wp:term":[{"taxonomy":"product_cat","embeddable":true,"href":"https:\/\/dev.monti.lt\/en\/wp-json\/wp\/v2\/product_cat?post=9238"},{"taxonomy":"product_tag","embeddable":true,"href":"https:\/\/dev.monti.lt\/en\/wp-json\/wp\/v2\/product_tag?post=9238"}],"curies":[{"name":"wp","href":"https:\/\/api.w.org\/{rel}","templated":true}]}}