{"id":9081,"date":"2022-08-01T09:40:24","date_gmt":"2022-08-01T09:40:24","guid":{"rendered":"https:\/\/dev.monti.lt\/?post_type=product&#038;p=9081"},"modified":"2024-09-25T14:11:05","modified_gmt":"2024-09-25T14:11:05","slug":"balionu-paleidimo-zuvis","status":"publish","type":"product","link":"https:\/\/dev.monti.lt\/en\/product\/balionu-paleidimo-zuvis\/","title":{"rendered":"Balion\u0173 paleidimo \u017euvis"},"content":{"rendered":"<p><span data-sheets-value=\"{&quot;1&quot;:2,&quot;2&quot;:&quot;Smagus jud\u0117jimo \u017eaidimas\\n\\nPrad\u017eioje ant automobilio reikia u\u017esid\u0117ti pripu\u010diam\u0105 balion\u0105. Tada prijunkite automobil\u012f prie paleidimo \u012frenginio ir prip\u016bskite balion\u0105. Prip\u016bt\u0119 balion\u0105 oro, paspauskite paleidimo \u012frenginio mygtuk\u0105 ir steb\u0117kite, kokiu grei\u010diu jis va\u017eiuoja.\\n\\nOrganizuokite var\u017eybas ir patikrinkite, kuris automobilis atva\u017eiuos grei\u010diau ir toliau.\\nUnikalus \u017eaislas, kuris leis smagiai praleisti laik\u0105\\n\\nRinkin\u012f sudaro:\\nPaleidimo priemon\u0117\\n12x balionai\\n2x delfino formos automobiliai\\n1 x krabas ant rat\u0173\\n3x balion\u0173 jungtys\\n1x paleidimo aik\u0161tel\u0117\\n\\nMatmenys:\\nPaleidimo priemon\u0117: 19 cm x 14 cm x 23 cm\\nAutomobilis: 9 cm x 7,5 cm x 5 cm\\nPakuot\u0117s i\u0161matavimai: 20cm x 14cm x 15,5cm\\n\\nProduktas supakuotas \u012f kartonin\u0119 d\u0117\u017eut\u0119.&quot;}\" data-sheets-userformat=\"{&quot;2&quot;:14527,&quot;3&quot;:{&quot;1&quot;:0},&quot;4&quot;:{&quot;1&quot;:2,&quot;2&quot;:16777215},&quot;5&quot;:{&quot;1&quot;:[{&quot;1&quot;:2,&quot;2&quot;:0,&quot;5&quot;:{&quot;1&quot;:2,&quot;2&quot;:0}},{&quot;1&quot;:0,&quot;2&quot;:0,&quot;3&quot;:3},{&quot;1&quot;:1,&quot;2&quot;:0,&quot;4&quot;:1}]},&quot;6&quot;:{&quot;1&quot;:[{&quot;1&quot;:2,&quot;2&quot;:0,&quot;5&quot;:{&quot;1&quot;:2,&quot;2&quot;:0}},{&quot;1&quot;:0,&quot;2&quot;:0,&quot;3&quot;:3},{&quot;1&quot;:1,&quot;2&quot;:0,&quot;4&quot;:1}]},&quot;7&quot;:{&quot;1&quot;:[{&quot;1&quot;:2,&quot;2&quot;:0,&quot;5&quot;:{&quot;1&quot;:2,&quot;2&quot;:0}},{&quot;1&quot;:0,&quot;2&quot;:0,&quot;3&quot;:3},{&quot;1&quot;:1,&quot;2&quot;:0,&quot;4&quot;:1}]},&quot;8&quot;:{&quot;1&quot;:[{&quot;1&quot;:2,&quot;2&quot;:0,&quot;5&quot;:{&quot;1&quot;:2,&quot;2&quot;:0}},{&quot;1&quot;:0,&quot;2&quot;:0,&quot;3&quot;:3},{&quot;1&quot;:1,&quot;2&quot;:0,&quot;4&quot;:1}]},&quot;10&quot;:2,&quot;14&quot;:{&quot;1&quot;:2,&quot;2&quot;:0},&quot;15&quot;:&quot;Times New Roman&quot;,&quot;16&quot;:12}\">Smagus jud\u0117jimo \u017eaidimas<\/span><\/p>\n<p>Prad\u017eioje ant automobilio reikia u\u017esid\u0117ti pripu\u010diam\u0105 balion\u0105. Tada prijunkite automobil\u012f prie paleidimo \u012frenginio ir prip\u016bskite balion\u0105. Prip\u016bt\u0119 balion\u0105 oru, paspauskite paleidimo \u012frenginio mygtuk\u0105 ir steb\u0117kite, kokiu grei\u010diu jis va\u017eiuoja.<\/p>\n<p>Organizuokite var\u017eybas ir patikrinkite, kuris automobilis atva\u017eiuos grei\u010diau ir toliau.<br \/>\nUnikalus \u017eaislas, kuris leis smagiai praleisti laik\u0105.<\/p>\n<p>Rinkin\u012f sudaro:<\/p>\n<p>1x paleidimo \u017euvis<\/p>\n<p>1 x atsarginis automobilio prip\u016btimo vo\u017etuvas<\/p>\n<p>2x automobilis<\/p>\n<p>12x balionas<\/p>\n<p>1 x j\u016br\u0173 \u017evaig\u017ed\u0117<\/p>\n<p>1x kamuolys<\/p>\n<p>1 x skraidantis \u0161vilpukas<\/p>\n<p>1 x vik\u0161ras<\/p>\n<p>1 x paleidimo priemon\u0117<\/p>\n<p>Matmenys:<br \/>\nPaleidimo priemon\u0117: 19 cm x 14 cm x 23 cm<br \/>\nAutomobilis: 9 cm x 7,5 cm x 5 cm<br \/>\nPakuot\u0117s i\u0161matavimai: 20cm x 14cm x 15,5cm<\/p>\n<p>Produktas supakuotas \u012f kartonin\u0119 d\u0117\u017eut\u0119.<\/p>","protected":false},"excerpt":{"rendered":"<p><span data-sheets-value=\"{\" data-sheets-userformat=\"{\">Smagus jud\u0117jimo \u017eaidimas<\/span><\/p>\n<p>Prad\u017eioje ant automobilio reikia u\u017esid\u0117ti pripu\u010diam\u0105 balion\u0105. Tada prijunkite automobil\u012f prie paleidimo \u012frenginio ir prip\u016bskite balion\u0105. Prip\u016bt\u0119 balion\u0105 oru, paspauskite paleidimo \u012frenginio mygtuk\u0105 ir steb\u0117kite, kokiu grei\u010diu jis va\u017eiuoja.<\/p>\n<p>Organizuokite var\u017eybas ir patikrinkite, kuris automobilis atva\u017eiuos grei\u010diau ir toliau.<br \/>\nUnikalus \u017eaislas, kuris leis smagiai praleisti laik\u0105.<\/p>\n<p>Rinkin\u012f sudaro:<\/p>\n<p>1x paleidimo \u017euvis<\/p>\n<p>1 x atsarginis automobilio prip\u016btimo vo\u017etuvas<\/p>\n<p>2x automobilis<\/p>\n<p>12x balionas<\/p>\n<p>1 x j\u016br\u0173 \u017evaig\u017ed\u0117<\/p>\n<p>1x kamuolys<\/p>\n<p>1 x skraidantis \u0161vilpukas<\/p>\n<p>1 x vik\u0161ras<\/p>\n<p>1 x paleidimo priemon\u0117<\/p>\n<p>Matmenys:<br \/>\nPaleidimo priemon\u0117: 19 cm x 14 cm x 23 cm<br \/>\nAutomobilis: 9 cm x 7,5 cm x 5 cm<br \/>\nPakuot\u0117s i\u0161matavimai: 20cm x 14cm x 15,5cm<\/p>\n<p>Produktas supakuotas \u012f kartonin\u0119 d\u0117\u017eut\u0119.<\/p>","protected":false},"featured_media":9082,"template":"","meta":{"iawp_total_views":25},"product_cat":[213,82,84,90,50,49,39],"product_tag":[97,98],"class_list":{"0":"post-9081","1":"product","2":"type-product","3":"status-publish","4":"has-post-thumbnail","6":"product_cat-akcija","7":"product_cat-ispardavimas","8":"product_cat-lavinamieji-zaislai","9":"product_cat-pasaulio-pazinimas","10":"product_cat-top-dovanos","11":"product_cat-visi-zaislai","12":"product_cat-zaislai","13":"product_tag-3-m-4-m","14":"product_tag-5-m-7-m","16":"first","17":"instock","18":"sale","19":"featured","20":"taxable","21":"shipping-taxable","22":"purchasable","23":"product-type-simple"},"yoast_head":"<!-- This site is optimized with the Yoast SEO plugin v23.3 - https:\/\/yoast.com\/wordpress\/plugins\/seo\/ -->\n<title>Balion\u0173 paleidimo \u017euvis - Montessori \u017eaislai<\/title>\n<meta name=\"robots\" content=\"noindex, follow, max-snippet:-1, max-image-preview:large, max-video-preview:-1\" \/>\n<meta property=\"og:locale\" content=\"en_US\" \/>\n<meta property=\"og:type\" content=\"article\" \/>\n<meta property=\"og:title\" content=\"Balion\u0173 paleidimo \u017euvis - Montessori \u017eaislai\" \/>\n<meta property=\"og:description\" content=\"Smagus jud\u0117jimo \u017eaidimas  Prad\u017eioje ant automobilio reikia u\u017esid\u0117ti pripu\u010diam\u0105 balion\u0105. Tada prijunkite automobil\u012f prie paleidimo \u012frenginio ir prip\u016bskite balion\u0105. Prip\u016bt\u0119 balion\u0105 oru, paspauskite paleidimo \u012frenginio mygtuk\u0105 ir steb\u0117kite, kokiu grei\u010diu jis va\u017eiuoja.  Organizuokite var\u017eybas ir patikrinkite, kuris automobilis atva\u017eiuos grei\u010diau ir toliau. Unikalus \u017eaislas, kuris leis smagiai praleisti laik\u0105.  Rinkin\u012f sudaro:  1x paleidimo \u017euvis  1 x atsarginis automobilio prip\u016btimo vo\u017etuvas  2x automobilis  12x balionas  1 x j\u016br\u0173 \u017evaig\u017ed\u0117  1x kamuolys  1 x skraidantis \u0161vilpukas  1 x vik\u0161ras  1 x paleidimo priemon\u0117  Matmenys: Paleidimo priemon\u0117: 19 cm x 14 cm x 23 cm Automobilis: 9 cm x 7,5 cm x 5 cm Pakuot\u0117s i\u0161matavimai: 20cm x 14cm x 15,5cm  Produktas supakuotas \u012f kartonin\u0119 d\u0117\u017eut\u0119.\" \/>\n<meta property=\"og:url\" content=\"https:\/\/dev.monti.lt\/en\/product\/balionu-paleidimo-zuvis\/\" \/>\n<meta property=\"og:site_name\" content=\"Montessori \u017eaislai\" \/>\n<meta property=\"article:modified_time\" content=\"2024-09-25T14:11:05+00:00\" \/>\n<meta property=\"og:image\" content=\"https:\/\/dev.monti.lt\/wp-content\/uploads\/2022\/08\/KX591372701.jpg\" \/>\n\t<meta property=\"og:image:width\" content=\"1600\" \/>\n\t<meta property=\"og:image:height\" content=\"1200\" \/>\n\t<meta property=\"og:image:type\" content=\"image\/jpeg\" \/>\n<meta name=\"twitter:card\" content=\"summary_large_image\" \/>\n<meta name=\"twitter:label1\" content=\"Est. reading time\" \/>\n\t<meta name=\"twitter:data1\" content=\"1 minute\" \/>\n<script type=\"application\/ld+json\" class=\"yoast-schema-graph\">{\"@context\":\"https:\/\/schema.org\",\"@graph\":[{\"@type\":\"WebPage\",\"@id\":\"https:\/\/dev.monti.lt\/product\/balionu-paleidimo-zuvis\/\",\"url\":\"https:\/\/dev.monti.lt\/product\/balionu-paleidimo-zuvis\/\",\"name\":\"Balion\u0173 paleidimo \u017euvis - Montessori \u017eaislai\",\"isPartOf\":{\"@id\":\"https:\/\/dev.monti.lt\/#website\"},\"primaryImageOfPage\":{\"@id\":\"https:\/\/dev.monti.lt\/product\/balionu-paleidimo-zuvis\/#primaryimage\"},\"image\":{\"@id\":\"https:\/\/dev.monti.lt\/product\/balionu-paleidimo-zuvis\/#primaryimage\"},\"thumbnailUrl\":\"https:\/\/dev.monti.lt\/wp-content\/uploads\/2022\/08\/KX591372701.jpg\",\"datePublished\":\"2022-08-01T09:40:24+00:00\",\"dateModified\":\"2024-09-25T14:11:05+00:00\",\"breadcrumb\":{\"@id\":\"https:\/\/dev.monti.lt\/product\/balionu-paleidimo-zuvis\/#breadcrumb\"},\"inLanguage\":\"en-US\",\"potentialAction\":[{\"@type\":\"ReadAction\",\"target\":[\"https:\/\/dev.monti.lt\/product\/balionu-paleidimo-zuvis\/\"]}]},{\"@type\":\"ImageObject\",\"inLanguage\":\"en-US\",\"@id\":\"https:\/\/dev.monti.lt\/product\/balionu-paleidimo-zuvis\/#primaryimage\",\"url\":\"https:\/\/dev.monti.lt\/wp-content\/uploads\/2022\/08\/KX591372701.jpg\",\"contentUrl\":\"https:\/\/dev.monti.lt\/wp-content\/uploads\/2022\/08\/KX591372701.jpg\",\"width\":1600,\"height\":1200,\"caption\":\"Balionu paleidimo zaidimas\"},{\"@type\":\"BreadcrumbList\",\"@id\":\"https:\/\/dev.monti.lt\/product\/balionu-paleidimo-zuvis\/#breadcrumb\",\"itemListElement\":[{\"@type\":\"ListItem\",\"position\":1,\"name\":\"Home\",\"item\":\"https:\/\/dev.monti.lt\/\"},{\"@type\":\"ListItem\",\"position\":2,\"name\":\"Parduotuv\u0117\",\"item\":\"https:\/\/dev.monti.lt\/shop\/\"},{\"@type\":\"ListItem\",\"position\":3,\"name\":\"Balion\u0173 paleidimo \u017euvis\"}]},{\"@type\":\"WebSite\",\"@id\":\"https:\/\/dev.monti.lt\/#website\",\"url\":\"https:\/\/dev.monti.lt\/\",\"name\":\"Montessori \u017eaislai\",\"description\":\"\",\"publisher\":{\"@id\":\"https:\/\/dev.monti.lt\/#organization\"},\"potentialAction\":[{\"@type\":\"SearchAction\",\"target\":{\"@type\":\"EntryPoint\",\"urlTemplate\":\"https:\/\/dev.monti.lt\/?s={search_term_string}\"},\"query-input\":\"required name=search_term_string\"}],\"inLanguage\":\"en-US\"},{\"@type\":\"Organization\",\"@id\":\"https:\/\/dev.monti.lt\/#organization\",\"name\":\"Montessori \u017eaislai\",\"url\":\"https:\/\/dev.monti.lt\/\",\"logo\":{\"@type\":\"ImageObject\",\"inLanguage\":\"en-US\",\"@id\":\"https:\/\/dev.monti.lt\/#\/schema\/logo\/image\/\",\"url\":\"https:\/\/dev.monti.lt\/wp-content\/uploads\/2022\/03\/montilogo-1.png\",\"contentUrl\":\"https:\/\/dev.monti.lt\/wp-content\/uploads\/2022\/03\/montilogo-1.png\",\"width\":512,\"height\":512,\"caption\":\"Montessori \u017eaislai\"},\"image\":{\"@id\":\"https:\/\/dev.monti.lt\/#\/schema\/logo\/image\/\"}}]}<\/script>\n<!-- \/ Yoast SEO plugin. -->","yoast_head_json":{"title":"Balion\u0173 paleidimo \u017euvis - Montessori \u017eaislai","robots":{"index":"noindex","follow":"follow","max-snippet":"max-snippet:-1","max-image-preview":"max-image-preview:large","max-video-preview":"max-video-preview:-1"},"og_locale":"en_US","og_type":"article","og_title":"Balion\u0173 paleidimo \u017euvis - Montessori \u017eaislai","og_description":"Smagus jud\u0117jimo \u017eaidimas  Prad\u017eioje ant automobilio reikia u\u017esid\u0117ti pripu\u010diam\u0105 balion\u0105. Tada prijunkite automobil\u012f prie paleidimo \u012frenginio ir prip\u016bskite balion\u0105. Prip\u016bt\u0119 balion\u0105 oru, paspauskite paleidimo \u012frenginio mygtuk\u0105 ir steb\u0117kite, kokiu grei\u010diu jis va\u017eiuoja.  Organizuokite var\u017eybas ir patikrinkite, kuris automobilis atva\u017eiuos grei\u010diau ir toliau. Unikalus \u017eaislas, kuris leis smagiai praleisti laik\u0105.  Rinkin\u012f sudaro:  1x paleidimo \u017euvis  1 x atsarginis automobilio prip\u016btimo vo\u017etuvas  2x automobilis  12x balionas  1 x j\u016br\u0173 \u017evaig\u017ed\u0117  1x kamuolys  1 x skraidantis \u0161vilpukas  1 x vik\u0161ras  1 x paleidimo priemon\u0117  Matmenys: Paleidimo priemon\u0117: 19 cm x 14 cm x 23 cm Automobilis: 9 cm x 7,5 cm x 5 cm Pakuot\u0117s i\u0161matavimai: 20cm x 14cm x 15,5cm  Produktas supakuotas \u012f kartonin\u0119 d\u0117\u017eut\u0119.","og_url":"https:\/\/dev.monti.lt\/en\/product\/balionu-paleidimo-zuvis\/","og_site_name":"Montessori \u017eaislai","article_modified_time":"2024-09-25T14:11:05+00:00","og_image":[{"width":1600,"height":1200,"url":"https:\/\/dev.monti.lt\/wp-content\/uploads\/2022\/08\/KX591372701.jpg","type":"image\/jpeg"}],"twitter_card":"summary_large_image","twitter_misc":{"Est. reading time":"1 minute"},"schema":{"@context":"https:\/\/schema.org","@graph":[{"@type":"WebPage","@id":"https:\/\/dev.monti.lt\/product\/balionu-paleidimo-zuvis\/","url":"https:\/\/dev.monti.lt\/product\/balionu-paleidimo-zuvis\/","name":"Balion\u0173 paleidimo \u017euvis - Montessori \u017eaislai","isPartOf":{"@id":"https:\/\/dev.monti.lt\/#website"},"primaryImageOfPage":{"@id":"https:\/\/dev.monti.lt\/product\/balionu-paleidimo-zuvis\/#primaryimage"},"image":{"@id":"https:\/\/dev.monti.lt\/product\/balionu-paleidimo-zuvis\/#primaryimage"},"thumbnailUrl":"https:\/\/dev.monti.lt\/wp-content\/uploads\/2022\/08\/KX591372701.jpg","datePublished":"2022-08-01T09:40:24+00:00","dateModified":"2024-09-25T14:11:05+00:00","breadcrumb":{"@id":"https:\/\/dev.monti.lt\/product\/balionu-paleidimo-zuvis\/#breadcrumb"},"inLanguage":"en-US","potentialAction":[{"@type":"ReadAction","target":["https:\/\/dev.monti.lt\/product\/balionu-paleidimo-zuvis\/"]}]},{"@type":"ImageObject","inLanguage":"en-US","@id":"https:\/\/dev.monti.lt\/product\/balionu-paleidimo-zuvis\/#primaryimage","url":"https:\/\/dev.monti.lt\/wp-content\/uploads\/2022\/08\/KX591372701.jpg","contentUrl":"https:\/\/dev.monti.lt\/wp-content\/uploads\/2022\/08\/KX591372701.jpg","width":1600,"height":1200,"caption":"Balionu paleidimo zaidimas"},{"@type":"BreadcrumbList","@id":"https:\/\/dev.monti.lt\/product\/balionu-paleidimo-zuvis\/#breadcrumb","itemListElement":[{"@type":"ListItem","position":1,"name":"Home","item":"https:\/\/dev.monti.lt\/"},{"@type":"ListItem","position":2,"name":"Parduotuv\u0117","item":"https:\/\/dev.monti.lt\/shop\/"},{"@type":"ListItem","position":3,"name":"Balion\u0173 paleidimo \u017euvis"}]},{"@type":"WebSite","@id":"https:\/\/dev.monti.lt\/#website","url":"https:\/\/dev.monti.lt\/","name":"Montessori \u017eaislai","description":"","publisher":{"@id":"https:\/\/dev.monti.lt\/#organization"},"potentialAction":[{"@type":"SearchAction","target":{"@type":"EntryPoint","urlTemplate":"https:\/\/dev.monti.lt\/?s={search_term_string}"},"query-input":"required name=search_term_string"}],"inLanguage":"en-US"},{"@type":"Organization","@id":"https:\/\/dev.monti.lt\/#organization","name":"Montessori \u017eaislai","url":"https:\/\/dev.monti.lt\/","logo":{"@type":"ImageObject","inLanguage":"en-US","@id":"https:\/\/dev.monti.lt\/#\/schema\/logo\/image\/","url":"https:\/\/dev.monti.lt\/wp-content\/uploads\/2022\/03\/montilogo-1.png","contentUrl":"https:\/\/dev.monti.lt\/wp-content\/uploads\/2022\/03\/montilogo-1.png","width":512,"height":512,"caption":"Montessori \u017eaislai"},"image":{"@id":"https:\/\/dev.monti.lt\/#\/schema\/logo\/image\/"}}]}},"_links":{"self":[{"href":"https:\/\/dev.monti.lt\/en\/wp-json\/wp\/v2\/product\/9081"}],"collection":[{"href":"https:\/\/dev.monti.lt\/en\/wp-json\/wp\/v2\/product"}],"about":[{"href":"https:\/\/dev.monti.lt\/en\/wp-json\/wp\/v2\/types\/product"}],"version-history":[{"count":2,"href":"https:\/\/dev.monti.lt\/en\/wp-json\/wp\/v2\/product\/9081\/revisions"}],"predecessor-version":[{"id":15597,"href":"https:\/\/dev.monti.lt\/en\/wp-json\/wp\/v2\/product\/9081\/revisions\/15597"}],"wp:featuredmedia":[{"embeddable":true,"href":"https:\/\/dev.monti.lt\/en\/wp-json\/wp\/v2\/media\/9082"}],"wp:attachment":[{"href":"https:\/\/dev.monti.lt\/en\/wp-json\/wp\/v2\/media?parent=9081"}],"wp:term":[{"taxonomy":"product_cat","embeddable":true,"href":"https:\/\/dev.monti.lt\/en\/wp-json\/wp\/v2\/product_cat?post=9081"},{"taxonomy":"product_tag","embeddable":true,"href":"https:\/\/dev.monti.lt\/en\/wp-json\/wp\/v2\/product_tag?post=9081"}],"curies":[{"name":"wp","href":"https:\/\/api.w.org\/{rel}","templated":true}]}}