{"id":9001,"date":"2022-07-26T13:51:33","date_gmt":"2022-07-26T13:51:33","guid":{"rendered":"https:\/\/dev.monti.lt\/?post_type=product&#038;p=9001"},"modified":"2024-09-27T13:35:48","modified_gmt":"2024-09-27T13:35:48","slug":"medine-mozaika-su-zvejyba","status":"publish","type":"product","link":"https:\/\/dev.monti.lt\/en\/product\/medine-mozaika-su-zvejyba\/","title":{"rendered":"Medin\u0117 Montessori mozaika su \u017evejyba"},"content":{"rendered":"<p>MEDIN\u0116 MONTESSORI MOZAIKA su \u017euveli\u0173 \u017evejyba<\/p>\n<p>MEDIN\u0116 &#8211; karoliuk\u0173 d\u0117lion\u0117 &#8211; mozaika pagaminta i\u0161 nat\u016bralios med\u017eiagos &#8211; med\u017eio, kurio gro\u017e\u012f ir ilgaam\u017ei\u0161kum\u0105 \u012fvertins kiekvienas. Mediena labai gerai atrodo ir nat\u016brali, ir da\u017eyta. Medin\u0117 karoliuk\u0173 d\u0117lion\u0117 yra &nbsp;smagi pramoga vaikui ir puikus b\u016bdas lavinti jo smulkiosios motorikos \u012fg\u016bd\u017eius ir vaizduot\u0119 . Ji taip pat padeda lavinti aki\u0173 ir rank\u0173 koordinacij\u0105 bei moko logi\u0161kai m\u0105styti . Vaikas taip pat mokosi susikaupimo ir kantryb\u0117s.<br \/>\nTIKSLINIS PAVYZDYS &#8211; mediniai karoliukai yra puikus laisvalaikio praleidimo b\u016bdas ir puiki pramoga su t\u0117vais ar bendraam\u017eiais. Skirting\u0173 spalv\u0173 karoliuk\u0173 paveiksl\u0117li\u0173 d\u0117liojimas yra puiki pramoga ilgam laikui, kuri greitai nenusibosta.<br \/>\nLAVINA &#8211; mediniai karoliukai labai gerai tinka ir skai\u010di\u0173 mokymuisi , be to, gali pasirodyti naudingi atliekant nesud\u0117tingus matematinius veiksmus. Jos padedamas vaikas greitai i\u0161moks atpa\u017einti spalvas ir kurti geometrines fig\u016bras i\u0161 karoliuk\u0173.<\/p>\n<p>SPECIFIKACIJA:<\/p>\n<p>med\u017eiaga: mediena<br \/>\nlavina susikaupimo ir kantryb\u0117s \u012fg\u016bd\u017eius<br \/>\npadeda mokytis<br \/>\nmatmenys: 30\/30 \/ 7,5 cm<br \/>\nsvoris: 1,202 kg<br \/>\nsvoris pakuot\u0117je: 1,436 kg<\/p>\n<p>RINKIN\u012e SUDARO:<\/p>\n<p>medinis pagrindas<br \/>\n3 dvipus\u0117s lentos<br \/>\nmedinis dangtis<br \/>\n7 formos<br \/>\nPincetas<br \/>\nme\u0161ker\u0117<br \/>\n\u0161auk\u0161tas<br \/>\nlazdel\u0117s<br \/>\n8 \u017euvys su magnetu<br \/>\n5 matematini\u0173 veiksm\u0173 \u017eenklai<br \/>\n10 skaitmen\u0173<br \/>\n5 skai\u010diai<br \/>\n55 \u017eiedeliai<br \/>\n77 kamuoliukai<\/p>","protected":false},"excerpt":{"rendered":"<p>MEDIN\u0116 MONTESSORI MOZAIKA<\/p>\n<p>MEDIN\u0116 &#8211; karoliuk\u0173 d\u0117lion\u0117 &#8211; mozaika pagaminta i\u0161 nat\u016bralios med\u017eiagos &#8211; med\u017eio, kurio gro\u017e\u012f ir ilgaam\u017ei\u0161kum\u0105 \u012fvertins kiekvienas. Mediena labai gerai atrodo ir nat\u016brali, ir da\u017eyta. Medin\u0117 karoliuk\u0173 d\u0117lion\u0117 yra \u00a0smagi pramoga vaikui ir puikus b\u016bdas lavinti jo smulkiosios motorikos \u012fg\u016bd\u017eius ir vaizduot\u0119 . Ji taip pat padeda lavinti aki\u0173 ir rank\u0173 koordinacij\u0105 bei moko logi\u0161kai m\u0105styti . Vaikas taip pat mokosi susikaupimo ir kantryb\u0117s .<br \/>\nTIKSLINIS PAVYZDYS &#8211; mediniai karoliukai yra puikus laisvalaikio praleidimo b\u016bdas ir puiki pramoga su t\u0117vais ar bendraam\u017eiais. Skirting\u0173 spalv\u0173 karoliuk\u0173 paveiksl\u0117li\u0173 d\u0117liojimas yra puiki pramoga ilgam laikui, kuri greitai nenusibosta .<br \/>\nLAVINA &#8211; mediniai karoliukai labai gerai tinka ir skai\u010di\u0173 mokymuisi , be to, gali pasirodyti naudingi atliekant nesud\u0117tingus matematinius veiksmus . Jos padedamas vaikas greitai i\u0161moks atpa\u017einti spalvas ir kurti geometrines fig\u016bras i\u0161 karoliuk\u0173 .<\/p>\n<p>SPECIFIKACIJA:<\/p>\n<p>med\u017eiaga: mediena<br \/>\nlavina susikaupimo ir kantryb\u0117s \u012fg\u016bd\u017eius<br \/>\npadeda mokytis<br \/>\nmatmenys: 30\/30 \/ 7,5 cm<br \/>\nsvoris: 1,202 kg<br \/>\nsvoris pakuot\u0117je: 1,436 kg<\/p>\n<p>RINKIN\u012e SUDARO:<\/p>\n<p>medinis pagrindas<br \/>\n3 dvipus\u0117s lentos<br \/>\nmedinis dangtis<br \/>\n7 formos<br \/>\nPincetas<br \/>\nme\u0161ker\u0117<br \/>\n\u0161auk\u0161tas<br \/>\nlazdel\u0117s<br \/>\n8 \u017euvys su magnetu<br \/>\n5 matematini\u0173 veiksm\u0173 \u017eenklai<br \/>\n10 skaitmen\u0173<br \/>\n5 skai\u010diai<br \/>\n55 \u017eiedeliai<br \/>\n77 kamuoliukai<\/p>","protected":false},"featured_media":9002,"template":"","meta":{"iawp_total_views":76},"product_cat":[92,195,191,192,84,91,102,88,83,86,50,199,49,39],"product_tag":[97,98,99],"class_list":{"0":"post-9001","1":"product","2":"type-product","3":"status-publish","4":"has-post-thumbnail","6":"product_cat-deliones","7":"product_cat-dovanos-vaikams-3-4-metu","8":"product_cat-dovanos-vaikams","9":"product_cat-kaledines-dovanos-vaikams","10":"product_cat-lavinamieji-zaislai","11":"product_cat-loginiam-mastymui","12":"product_cat-mediniai-zaislai","13":"product_cat-mokausi-zaisti","14":"product_cat-montessori-zaislai","15":"product_cat-smulkioji-motorika","16":"product_cat-top-dovanos","17":"product_cat-ugdymo-istaigoms","18":"product_cat-visi-zaislai","19":"product_cat-zaislai","20":"product_tag-3-m-4-m","21":"product_tag-5-m-7-m","22":"product_tag-8-m-11-m","24":"first","25":"instock","26":"taxable","27":"shipping-taxable","28":"purchasable","29":"product-type-simple"},"yoast_head":"<!-- This site is optimized with the Yoast SEO plugin v23.3 - https:\/\/yoast.com\/wordpress\/plugins\/seo\/ -->\n<title>Medin\u0117 Montessori mozaika su \u017evejyba - Montessori \u017eaislai<\/title>\n<meta name=\"robots\" content=\"noindex, follow, max-snippet:-1, max-image-preview:large, max-video-preview:-1\" \/>\n<meta property=\"og:locale\" content=\"en_US\" \/>\n<meta property=\"og:type\" content=\"article\" \/>\n<meta property=\"og:title\" content=\"Medin\u0117 Montessori mozaika su \u017evejyba - Montessori \u017eaislai\" \/>\n<meta property=\"og:description\" content=\"MEDIN\u0116 MONTESSORI MOZAIKA  MEDIN\u0116 - karoliuk\u0173 d\u0117lion\u0117 - mozaika pagaminta i\u0161 nat\u016bralios med\u017eiagos - med\u017eio, kurio gro\u017e\u012f ir ilgaam\u017ei\u0161kum\u0105 \u012fvertins kiekvienas. Mediena labai gerai atrodo ir nat\u016brali, ir da\u017eyta. Medin\u0117 karoliuk\u0173 d\u0117lion\u0117 yra \u00a0smagi pramoga vaikui ir puikus b\u016bdas lavinti jo smulkiosios motorikos \u012fg\u016bd\u017eius ir vaizduot\u0119 . Ji taip pat padeda lavinti aki\u0173 ir rank\u0173 koordinacij\u0105 bei moko logi\u0161kai m\u0105styti . Vaikas taip pat mokosi susikaupimo ir kantryb\u0117s . TIKSLINIS PAVYZDYS - mediniai karoliukai yra puikus laisvalaikio praleidimo b\u016bdas ir puiki pramoga su t\u0117vais ar bendraam\u017eiais. Skirting\u0173 spalv\u0173 karoliuk\u0173 paveiksl\u0117li\u0173 d\u0117liojimas yra puiki pramoga ilgam laikui, kuri greitai nenusibosta . LAVINA - mediniai karoliukai labai gerai tinka ir skai\u010di\u0173 mokymuisi , be to, gali pasirodyti naudingi atliekant nesud\u0117tingus matematinius veiksmus . Jos padedamas vaikas greitai i\u0161moks atpa\u017einti spalvas ir kurti geometrines fig\u016bras i\u0161 karoliuk\u0173 .  SPECIFIKACIJA:  med\u017eiaga: mediena lavina susikaupimo ir kantryb\u0117s \u012fg\u016bd\u017eius padeda mokytis matmenys: 30\/30 \/ 7,5 cm svoris: 1,202 kg svoris pakuot\u0117je: 1,436 kg  RINKIN\u012e SUDARO:  medinis pagrindas 3 dvipus\u0117s lentos medinis dangtis 7 formos Pincetas me\u0161ker\u0117 \u0161auk\u0161tas lazdel\u0117s 8 \u017euvys su magnetu 5 matematini\u0173 veiksm\u0173 \u017eenklai 10 skaitmen\u0173 5 skai\u010diai 55 \u017eiedeliai 77 kamuoliukai\" \/>\n<meta property=\"og:url\" content=\"https:\/\/dev.monti.lt\/en\/product\/medine-mozaika-su-zvejyba\/\" \/>\n<meta property=\"og:site_name\" content=\"Montessori \u017eaislai\" \/>\n<meta property=\"article:modified_time\" content=\"2024-09-27T13:35:48+00:00\" \/>\n<meta property=\"og:image\" content=\"https:\/\/dev.monti.lt\/wp-content\/uploads\/2022\/07\/eng_pm_Wooden-puzzle-beads-DU17252-15554_12.jpg\" \/>\n\t<meta property=\"og:image:width\" content=\"480\" \/>\n\t<meta property=\"og:image:height\" content=\"480\" \/>\n\t<meta property=\"og:image:type\" content=\"image\/jpeg\" \/>\n<meta name=\"twitter:card\" content=\"summary_large_image\" \/>\n<meta name=\"twitter:label1\" content=\"Est. reading time\" \/>\n\t<meta name=\"twitter:data1\" content=\"1 minute\" \/>\n<script type=\"application\/ld+json\" class=\"yoast-schema-graph\">{\"@context\":\"https:\/\/schema.org\",\"@graph\":[{\"@type\":\"WebPage\",\"@id\":\"https:\/\/dev.monti.lt\/product\/medine-mozaika-su-zvejyba\/\",\"url\":\"https:\/\/dev.monti.lt\/product\/medine-mozaika-su-zvejyba\/\",\"name\":\"Medin\u0117 Montessori mozaika su \u017evejyba - Montessori \u017eaislai\",\"isPartOf\":{\"@id\":\"https:\/\/dev.monti.lt\/#website\"},\"primaryImageOfPage\":{\"@id\":\"https:\/\/dev.monti.lt\/product\/medine-mozaika-su-zvejyba\/#primaryimage\"},\"image\":{\"@id\":\"https:\/\/dev.monti.lt\/product\/medine-mozaika-su-zvejyba\/#primaryimage\"},\"thumbnailUrl\":\"https:\/\/dev.monti.lt\/wp-content\/uploads\/2022\/07\/eng_pm_Wooden-puzzle-beads-DU17252-15554_12.jpg\",\"datePublished\":\"2022-07-26T13:51:33+00:00\",\"dateModified\":\"2024-09-27T13:35:48+00:00\",\"breadcrumb\":{\"@id\":\"https:\/\/dev.monti.lt\/product\/medine-mozaika-su-zvejyba\/#breadcrumb\"},\"inLanguage\":\"en-US\",\"potentialAction\":[{\"@type\":\"ReadAction\",\"target\":[\"https:\/\/dev.monti.lt\/product\/medine-mozaika-su-zvejyba\/\"]}]},{\"@type\":\"ImageObject\",\"inLanguage\":\"en-US\",\"@id\":\"https:\/\/dev.monti.lt\/product\/medine-mozaika-su-zvejyba\/#primaryimage\",\"url\":\"https:\/\/dev.monti.lt\/wp-content\/uploads\/2022\/07\/eng_pm_Wooden-puzzle-beads-DU17252-15554_12.jpg\",\"contentUrl\":\"https:\/\/dev.monti.lt\/wp-content\/uploads\/2022\/07\/eng_pm_Wooden-puzzle-beads-DU17252-15554_12.jpg\",\"width\":480,\"height\":480,\"caption\":\"Lavinamoji mozaika; Montessori mozaika, montessori \u017eaidimas\"},{\"@type\":\"BreadcrumbList\",\"@id\":\"https:\/\/dev.monti.lt\/product\/medine-mozaika-su-zvejyba\/#breadcrumb\",\"itemListElement\":[{\"@type\":\"ListItem\",\"position\":1,\"name\":\"Home\",\"item\":\"https:\/\/dev.monti.lt\/\"},{\"@type\":\"ListItem\",\"position\":2,\"name\":\"Parduotuv\u0117\",\"item\":\"https:\/\/dev.monti.lt\/shop\/\"},{\"@type\":\"ListItem\",\"position\":3,\"name\":\"Medin\u0117 Montessori mozaika su \u017evejyba\"}]},{\"@type\":\"WebSite\",\"@id\":\"https:\/\/dev.monti.lt\/#website\",\"url\":\"https:\/\/dev.monti.lt\/\",\"name\":\"Montessori \u017eaislai\",\"description\":\"\",\"publisher\":{\"@id\":\"https:\/\/dev.monti.lt\/#organization\"},\"potentialAction\":[{\"@type\":\"SearchAction\",\"target\":{\"@type\":\"EntryPoint\",\"urlTemplate\":\"https:\/\/dev.monti.lt\/?s={search_term_string}\"},\"query-input\":\"required name=search_term_string\"}],\"inLanguage\":\"en-US\"},{\"@type\":\"Organization\",\"@id\":\"https:\/\/dev.monti.lt\/#organization\",\"name\":\"Montessori \u017eaislai\",\"url\":\"https:\/\/dev.monti.lt\/\",\"logo\":{\"@type\":\"ImageObject\",\"inLanguage\":\"en-US\",\"@id\":\"https:\/\/dev.monti.lt\/#\/schema\/logo\/image\/\",\"url\":\"https:\/\/dev.monti.lt\/wp-content\/uploads\/2022\/03\/montilogo-1.png\",\"contentUrl\":\"https:\/\/dev.monti.lt\/wp-content\/uploads\/2022\/03\/montilogo-1.png\",\"width\":512,\"height\":512,\"caption\":\"Montessori \u017eaislai\"},\"image\":{\"@id\":\"https:\/\/dev.monti.lt\/#\/schema\/logo\/image\/\"}}]}<\/script>\n<!-- \/ Yoast SEO plugin. -->","yoast_head_json":{"title":"Medin\u0117 Montessori mozaika su \u017evejyba - Montessori \u017eaislai","robots":{"index":"noindex","follow":"follow","max-snippet":"max-snippet:-1","max-image-preview":"max-image-preview:large","max-video-preview":"max-video-preview:-1"},"og_locale":"en_US","og_type":"article","og_title":"Medin\u0117 Montessori mozaika su \u017evejyba - Montessori \u017eaislai","og_description":"MEDIN\u0116 MONTESSORI MOZAIKA  MEDIN\u0116 - karoliuk\u0173 d\u0117lion\u0117 - mozaika pagaminta i\u0161 nat\u016bralios med\u017eiagos - med\u017eio, kurio gro\u017e\u012f ir ilgaam\u017ei\u0161kum\u0105 \u012fvertins kiekvienas. Mediena labai gerai atrodo ir nat\u016brali, ir da\u017eyta. Medin\u0117 karoliuk\u0173 d\u0117lion\u0117 yra \u00a0smagi pramoga vaikui ir puikus b\u016bdas lavinti jo smulkiosios motorikos \u012fg\u016bd\u017eius ir vaizduot\u0119 . Ji taip pat padeda lavinti aki\u0173 ir rank\u0173 koordinacij\u0105 bei moko logi\u0161kai m\u0105styti . Vaikas taip pat mokosi susikaupimo ir kantryb\u0117s . TIKSLINIS PAVYZDYS - mediniai karoliukai yra puikus laisvalaikio praleidimo b\u016bdas ir puiki pramoga su t\u0117vais ar bendraam\u017eiais. Skirting\u0173 spalv\u0173 karoliuk\u0173 paveiksl\u0117li\u0173 d\u0117liojimas yra puiki pramoga ilgam laikui, kuri greitai nenusibosta . LAVINA - mediniai karoliukai labai gerai tinka ir skai\u010di\u0173 mokymuisi , be to, gali pasirodyti naudingi atliekant nesud\u0117tingus matematinius veiksmus . Jos padedamas vaikas greitai i\u0161moks atpa\u017einti spalvas ir kurti geometrines fig\u016bras i\u0161 karoliuk\u0173 .  SPECIFIKACIJA:  med\u017eiaga: mediena lavina susikaupimo ir kantryb\u0117s \u012fg\u016bd\u017eius padeda mokytis matmenys: 30\/30 \/ 7,5 cm svoris: 1,202 kg svoris pakuot\u0117je: 1,436 kg  RINKIN\u012e SUDARO:  medinis pagrindas 3 dvipus\u0117s lentos medinis dangtis 7 formos Pincetas me\u0161ker\u0117 \u0161auk\u0161tas lazdel\u0117s 8 \u017euvys su magnetu 5 matematini\u0173 veiksm\u0173 \u017eenklai 10 skaitmen\u0173 5 skai\u010diai 55 \u017eiedeliai 77 kamuoliukai","og_url":"https:\/\/dev.monti.lt\/en\/product\/medine-mozaika-su-zvejyba\/","og_site_name":"Montessori \u017eaislai","article_modified_time":"2024-09-27T13:35:48+00:00","og_image":[{"width":480,"height":480,"url":"https:\/\/dev.monti.lt\/wp-content\/uploads\/2022\/07\/eng_pm_Wooden-puzzle-beads-DU17252-15554_12.jpg","type":"image\/jpeg"}],"twitter_card":"summary_large_image","twitter_misc":{"Est. reading time":"1 minute"},"schema":{"@context":"https:\/\/schema.org","@graph":[{"@type":"WebPage","@id":"https:\/\/dev.monti.lt\/product\/medine-mozaika-su-zvejyba\/","url":"https:\/\/dev.monti.lt\/product\/medine-mozaika-su-zvejyba\/","name":"Medin\u0117 Montessori mozaika su \u017evejyba - Montessori \u017eaislai","isPartOf":{"@id":"https:\/\/dev.monti.lt\/#website"},"primaryImageOfPage":{"@id":"https:\/\/dev.monti.lt\/product\/medine-mozaika-su-zvejyba\/#primaryimage"},"image":{"@id":"https:\/\/dev.monti.lt\/product\/medine-mozaika-su-zvejyba\/#primaryimage"},"thumbnailUrl":"https:\/\/dev.monti.lt\/wp-content\/uploads\/2022\/07\/eng_pm_Wooden-puzzle-beads-DU17252-15554_12.jpg","datePublished":"2022-07-26T13:51:33+00:00","dateModified":"2024-09-27T13:35:48+00:00","breadcrumb":{"@id":"https:\/\/dev.monti.lt\/product\/medine-mozaika-su-zvejyba\/#breadcrumb"},"inLanguage":"en-US","potentialAction":[{"@type":"ReadAction","target":["https:\/\/dev.monti.lt\/product\/medine-mozaika-su-zvejyba\/"]}]},{"@type":"ImageObject","inLanguage":"en-US","@id":"https:\/\/dev.monti.lt\/product\/medine-mozaika-su-zvejyba\/#primaryimage","url":"https:\/\/dev.monti.lt\/wp-content\/uploads\/2022\/07\/eng_pm_Wooden-puzzle-beads-DU17252-15554_12.jpg","contentUrl":"https:\/\/dev.monti.lt\/wp-content\/uploads\/2022\/07\/eng_pm_Wooden-puzzle-beads-DU17252-15554_12.jpg","width":480,"height":480,"caption":"Lavinamoji mozaika; Montessori mozaika, montessori \u017eaidimas"},{"@type":"BreadcrumbList","@id":"https:\/\/dev.monti.lt\/product\/medine-mozaika-su-zvejyba\/#breadcrumb","itemListElement":[{"@type":"ListItem","position":1,"name":"Home","item":"https:\/\/dev.monti.lt\/"},{"@type":"ListItem","position":2,"name":"Parduotuv\u0117","item":"https:\/\/dev.monti.lt\/shop\/"},{"@type":"ListItem","position":3,"name":"Medin\u0117 Montessori mozaika su \u017evejyba"}]},{"@type":"WebSite","@id":"https:\/\/dev.monti.lt\/#website","url":"https:\/\/dev.monti.lt\/","name":"Montessori \u017eaislai","description":"","publisher":{"@id":"https:\/\/dev.monti.lt\/#organization"},"potentialAction":[{"@type":"SearchAction","target":{"@type":"EntryPoint","urlTemplate":"https:\/\/dev.monti.lt\/?s={search_term_string}"},"query-input":"required name=search_term_string"}],"inLanguage":"en-US"},{"@type":"Organization","@id":"https:\/\/dev.monti.lt\/#organization","name":"Montessori \u017eaislai","url":"https:\/\/dev.monti.lt\/","logo":{"@type":"ImageObject","inLanguage":"en-US","@id":"https:\/\/dev.monti.lt\/#\/schema\/logo\/image\/","url":"https:\/\/dev.monti.lt\/wp-content\/uploads\/2022\/03\/montilogo-1.png","contentUrl":"https:\/\/dev.monti.lt\/wp-content\/uploads\/2022\/03\/montilogo-1.png","width":512,"height":512,"caption":"Montessori \u017eaislai"},"image":{"@id":"https:\/\/dev.monti.lt\/#\/schema\/logo\/image\/"}}]}},"_links":{"self":[{"href":"https:\/\/dev.monti.lt\/en\/wp-json\/wp\/v2\/product\/9001"}],"collection":[{"href":"https:\/\/dev.monti.lt\/en\/wp-json\/wp\/v2\/product"}],"about":[{"href":"https:\/\/dev.monti.lt\/en\/wp-json\/wp\/v2\/types\/product"}],"version-history":[{"count":4,"href":"https:\/\/dev.monti.lt\/en\/wp-json\/wp\/v2\/product\/9001\/revisions"}],"predecessor-version":[{"id":18291,"href":"https:\/\/dev.monti.lt\/en\/wp-json\/wp\/v2\/product\/9001\/revisions\/18291"}],"wp:featuredmedia":[{"embeddable":true,"href":"https:\/\/dev.monti.lt\/en\/wp-json\/wp\/v2\/media\/9002"}],"wp:attachment":[{"href":"https:\/\/dev.monti.lt\/en\/wp-json\/wp\/v2\/media?parent=9001"}],"wp:term":[{"taxonomy":"product_cat","embeddable":true,"href":"https:\/\/dev.monti.lt\/en\/wp-json\/wp\/v2\/product_cat?post=9001"},{"taxonomy":"product_tag","embeddable":true,"href":"https:\/\/dev.monti.lt\/en\/wp-json\/wp\/v2\/product_tag?post=9001"}],"curies":[{"name":"wp","href":"https:\/\/api.w.org\/{rel}","templated":true}]}}