{"id":8954,"date":"2022-07-20T11:24:57","date_gmt":"2022-07-20T11:24:57","guid":{"rendered":"https:\/\/dev.monti.lt\/?post_type=product&#038;p=8954"},"modified":"2024-09-25T14:10:39","modified_gmt":"2024-09-25T14:10:39","slug":"medinis-zvejybos-rinkinys-su-rutuliukais","status":"publish","type":"product","link":"https:\/\/dev.monti.lt\/en\/product\/medinis-zvejybos-rinkinys-su-rutuliukais\/","title":{"rendered":"Medinis \u017evejybos rinkinys su rutuliukais"},"content":{"rendered":"<p>\u017dVEJYBOS \u017dAIDIMAS<\/p>\n<p>Magnetinis \u017evejybos \u017eaidimas yra puiki dovana kiekvienam vaikui. Jis skatina vaiko vaizduot\u0119, taip pat moko j\u012f susikaupti, lavina loginio m\u0105stymo \u012fg\u016bd\u017eius ir regim\u0105j\u0105 atmint\u012f. \u017daidimas taip pat lavina rank\u0173 miklum\u0105.<\/p>\n<p>DAUG DETALI\u0172 &#8211; magnetin\u0117s \u017evejybos \u017eaidimo rinkinyje yra daug \u012fdomi\u0173 element\u0173, \u012fskaitant magnetines \u017euvis, kamuoliukus, \u017enyples, lazdas ir d\u0117\u017eut\u0119, \u012f kuri\u0105 dedamos sugautos \u017euvys.<\/p>\n<p>SPECIFIKACIJA:<\/p>\n<p>med\u017eiaga: mediena<br \/>\ni\u0161matavimai: Mediena: Mediena: mediena, mediena, mediena, mediena, mediena, mediena.<br \/>\nsvoris: 0,196 kg<br \/>\nsvoris pakuot\u0117je: 0,493 kg<br \/>\n\u012eSKAI\u010cIUOTAS:<\/p>\n<p>medin\u0117 lenta<br \/>\nD\u0117\u017e\u0117<br \/>\n9 \u017euvys su magnetu<br \/>\n28 kamuoliukai<br \/>\nme\u0161ker\u0117<br \/>\nPincetas<br \/>\nlazdel\u0117s<\/p>","protected":false},"excerpt":{"rendered":"<p>\u017dVEJYBOS \u017dAIDIMAS Magnetinis \u017evejybos \u017eaidimas yra puiki dovana kiekvienam vaikui. Jis skatina vaiko vaizduot\u0119, taip pat moko j\u012f susikaupti, lavina loginio m\u0105stymo \u012fg\u016bd\u017eius ir regim\u0105j\u0105 atmint\u012f. \u017daidimas taip pat lavina rank\u0173 miklum\u0105. DAUG DETALI\u0172 &#8211; magnetin\u0117s \u017evejybos \u017eaidimo rinkinyje yra daug \u012fdomi\u0173 element\u0173, \u012fskaitant magnetines \u017euvis, kamuoliukus, \u017enyples, lazdas ir d\u0117\u017eut\u0119, \u012f kuri\u0105 dedamos sugautos [&hellip;]<\/p>","protected":false},"featured_media":8955,"template":"","meta":{"iawp_total_views":55},"product_cat":[92,208,84,210,102,83,86,49,39],"product_tag":[96,97,98],"class_list":{"0":"post-8954","1":"product","2":"type-product","3":"status-publish","4":"has-post-thumbnail","6":"product_cat-deliones","7":"product_cat-deliones-2","8":"product_cat-lavinamieji-zaislai","9":"product_cat-medines-deliones","10":"product_cat-mediniai-zaislai","11":"product_cat-montessori-zaislai","12":"product_cat-smulkioji-motorika","13":"product_cat-visi-zaislai","14":"product_cat-zaislai","15":"product_tag-2-m-3-m","16":"product_tag-3-m-4-m","17":"product_tag-5-m-7-m","19":"first","20":"instock","21":"sale","22":"featured","23":"taxable","24":"shipping-taxable","25":"purchasable","26":"product-type-simple"},"yoast_head":"<!-- This site is optimized with the Yoast SEO plugin v23.3 - https:\/\/yoast.com\/wordpress\/plugins\/seo\/ -->\n<title>Medinis \u017evejybos rinkinys su rutuliukais - Montessori \u017eaislai<\/title>\n<meta name=\"robots\" content=\"noindex, follow, max-snippet:-1, max-image-preview:large, max-video-preview:-1\" \/>\n<meta property=\"og:locale\" content=\"en_US\" \/>\n<meta property=\"og:type\" content=\"article\" \/>\n<meta property=\"og:title\" content=\"Medinis \u017evejybos rinkinys su rutuliukais - Montessori \u017eaislai\" \/>\n<meta property=\"og:description\" content=\"\u017dVEJYBOS \u017dAIDIMAS Magnetinis \u017evejybos \u017eaidimas yra puiki dovana kiekvienam vaikui. Jis skatina vaiko vaizduot\u0119, taip pat moko j\u012f susikaupti, lavina loginio m\u0105stymo \u012fg\u016bd\u017eius ir regim\u0105j\u0105 atmint\u012f. \u017daidimas taip pat lavina rank\u0173 miklum\u0105. DAUG DETALI\u0172 &#8211; magnetin\u0117s \u017evejybos \u017eaidimo rinkinyje yra daug \u012fdomi\u0173 element\u0173, \u012fskaitant magnetines \u017euvis, kamuoliukus, \u017enyples, lazdas ir d\u0117\u017eut\u0119, \u012f kuri\u0105 dedamos sugautos [&hellip;]\" \/>\n<meta property=\"og:url\" content=\"https:\/\/dev.monti.lt\/en\/product\/medinis-zvejybos-rinkinys-su-rutuliukais\/\" \/>\n<meta property=\"og:site_name\" content=\"Montessori \u017eaislai\" \/>\n<meta property=\"article:modified_time\" content=\"2024-09-25T14:10:39+00:00\" \/>\n<meta property=\"og:image\" content=\"https:\/\/dev.monti.lt\/wp-content\/uploads\/2022\/07\/eng_pl_-quot-Fishing-quot-game-with-a-magnet-G17244-15553_8-2.jpg\" \/>\n\t<meta property=\"og:image:width\" content=\"500\" \/>\n\t<meta property=\"og:image:height\" content=\"500\" \/>\n\t<meta property=\"og:image:type\" content=\"image\/jpeg\" \/>\n<meta name=\"twitter:card\" content=\"summary_large_image\" \/>\n<meta name=\"twitter:label1\" content=\"Est. reading time\" \/>\n\t<meta name=\"twitter:data1\" content=\"1 minute\" \/>\n<script type=\"application\/ld+json\" class=\"yoast-schema-graph\">{\"@context\":\"https:\/\/schema.org\",\"@graph\":[{\"@type\":\"WebPage\",\"@id\":\"https:\/\/dev.monti.lt\/product\/medinis-zvejybos-rinkinys-su-rutuliukais\/\",\"url\":\"https:\/\/dev.monti.lt\/product\/medinis-zvejybos-rinkinys-su-rutuliukais\/\",\"name\":\"Medinis \u017evejybos rinkinys su rutuliukais - Montessori \u017eaislai\",\"isPartOf\":{\"@id\":\"https:\/\/dev.monti.lt\/#website\"},\"primaryImageOfPage\":{\"@id\":\"https:\/\/dev.monti.lt\/product\/medinis-zvejybos-rinkinys-su-rutuliukais\/#primaryimage\"},\"image\":{\"@id\":\"https:\/\/dev.monti.lt\/product\/medinis-zvejybos-rinkinys-su-rutuliukais\/#primaryimage\"},\"thumbnailUrl\":\"https:\/\/dev.monti.lt\/wp-content\/uploads\/2022\/07\/eng_pl_-quot-Fishing-quot-game-with-a-magnet-G17244-15553_8-2.jpg\",\"datePublished\":\"2022-07-20T11:24:57+00:00\",\"dateModified\":\"2024-09-25T14:10:39+00:00\",\"breadcrumb\":{\"@id\":\"https:\/\/dev.monti.lt\/product\/medinis-zvejybos-rinkinys-su-rutuliukais\/#breadcrumb\"},\"inLanguage\":\"en-US\",\"potentialAction\":[{\"@type\":\"ReadAction\",\"target\":[\"https:\/\/dev.monti.lt\/product\/medinis-zvejybos-rinkinys-su-rutuliukais\/\"]}]},{\"@type\":\"ImageObject\",\"inLanguage\":\"en-US\",\"@id\":\"https:\/\/dev.monti.lt\/product\/medinis-zvejybos-rinkinys-su-rutuliukais\/#primaryimage\",\"url\":\"https:\/\/dev.monti.lt\/wp-content\/uploads\/2022\/07\/eng_pl_-quot-Fishing-quot-game-with-a-magnet-G17244-15553_8-2.jpg\",\"contentUrl\":\"https:\/\/dev.monti.lt\/wp-content\/uploads\/2022\/07\/eng_pl_-quot-Fishing-quot-game-with-a-magnet-G17244-15553_8-2.jpg\",\"width\":500,\"height\":500,\"caption\":\"\u017dvejybos \u017eaidimas\"},{\"@type\":\"BreadcrumbList\",\"@id\":\"https:\/\/dev.monti.lt\/product\/medinis-zvejybos-rinkinys-su-rutuliukais\/#breadcrumb\",\"itemListElement\":[{\"@type\":\"ListItem\",\"position\":1,\"name\":\"Home\",\"item\":\"https:\/\/dev.monti.lt\/\"},{\"@type\":\"ListItem\",\"position\":2,\"name\":\"Parduotuv\u0117\",\"item\":\"https:\/\/dev.monti.lt\/shop\/\"},{\"@type\":\"ListItem\",\"position\":3,\"name\":\"Medinis \u017evejybos rinkinys su rutuliukais\"}]},{\"@type\":\"WebSite\",\"@id\":\"https:\/\/dev.monti.lt\/#website\",\"url\":\"https:\/\/dev.monti.lt\/\",\"name\":\"Montessori \u017eaislai\",\"description\":\"\",\"publisher\":{\"@id\":\"https:\/\/dev.monti.lt\/#organization\"},\"potentialAction\":[{\"@type\":\"SearchAction\",\"target\":{\"@type\":\"EntryPoint\",\"urlTemplate\":\"https:\/\/dev.monti.lt\/?s={search_term_string}\"},\"query-input\":\"required name=search_term_string\"}],\"inLanguage\":\"en-US\"},{\"@type\":\"Organization\",\"@id\":\"https:\/\/dev.monti.lt\/#organization\",\"name\":\"Montessori \u017eaislai\",\"url\":\"https:\/\/dev.monti.lt\/\",\"logo\":{\"@type\":\"ImageObject\",\"inLanguage\":\"en-US\",\"@id\":\"https:\/\/dev.monti.lt\/#\/schema\/logo\/image\/\",\"url\":\"https:\/\/dev.monti.lt\/wp-content\/uploads\/2022\/03\/montilogo-1.png\",\"contentUrl\":\"https:\/\/dev.monti.lt\/wp-content\/uploads\/2022\/03\/montilogo-1.png\",\"width\":512,\"height\":512,\"caption\":\"Montessori \u017eaislai\"},\"image\":{\"@id\":\"https:\/\/dev.monti.lt\/#\/schema\/logo\/image\/\"}}]}<\/script>\n<!-- \/ Yoast SEO plugin. -->","yoast_head_json":{"title":"Medinis \u017evejybos rinkinys su rutuliukais - Montessori \u017eaislai","robots":{"index":"noindex","follow":"follow","max-snippet":"max-snippet:-1","max-image-preview":"max-image-preview:large","max-video-preview":"max-video-preview:-1"},"og_locale":"en_US","og_type":"article","og_title":"Medinis \u017evejybos rinkinys su rutuliukais - Montessori \u017eaislai","og_description":"\u017dVEJYBOS \u017dAIDIMAS Magnetinis \u017evejybos \u017eaidimas yra puiki dovana kiekvienam vaikui. Jis skatina vaiko vaizduot\u0119, taip pat moko j\u012f susikaupti, lavina loginio m\u0105stymo \u012fg\u016bd\u017eius ir regim\u0105j\u0105 atmint\u012f. \u017daidimas taip pat lavina rank\u0173 miklum\u0105. DAUG DETALI\u0172 &#8211; magnetin\u0117s \u017evejybos \u017eaidimo rinkinyje yra daug \u012fdomi\u0173 element\u0173, \u012fskaitant magnetines \u017euvis, kamuoliukus, \u017enyples, lazdas ir d\u0117\u017eut\u0119, \u012f kuri\u0105 dedamos sugautos [&hellip;]","og_url":"https:\/\/dev.monti.lt\/en\/product\/medinis-zvejybos-rinkinys-su-rutuliukais\/","og_site_name":"Montessori \u017eaislai","article_modified_time":"2024-09-25T14:10:39+00:00","og_image":[{"width":500,"height":500,"url":"https:\/\/dev.monti.lt\/wp-content\/uploads\/2022\/07\/eng_pl_-quot-Fishing-quot-game-with-a-magnet-G17244-15553_8-2.jpg","type":"image\/jpeg"}],"twitter_card":"summary_large_image","twitter_misc":{"Est. reading time":"1 minute"},"schema":{"@context":"https:\/\/schema.org","@graph":[{"@type":"WebPage","@id":"https:\/\/dev.monti.lt\/product\/medinis-zvejybos-rinkinys-su-rutuliukais\/","url":"https:\/\/dev.monti.lt\/product\/medinis-zvejybos-rinkinys-su-rutuliukais\/","name":"Medinis \u017evejybos rinkinys su rutuliukais - Montessori \u017eaislai","isPartOf":{"@id":"https:\/\/dev.monti.lt\/#website"},"primaryImageOfPage":{"@id":"https:\/\/dev.monti.lt\/product\/medinis-zvejybos-rinkinys-su-rutuliukais\/#primaryimage"},"image":{"@id":"https:\/\/dev.monti.lt\/product\/medinis-zvejybos-rinkinys-su-rutuliukais\/#primaryimage"},"thumbnailUrl":"https:\/\/dev.monti.lt\/wp-content\/uploads\/2022\/07\/eng_pl_-quot-Fishing-quot-game-with-a-magnet-G17244-15553_8-2.jpg","datePublished":"2022-07-20T11:24:57+00:00","dateModified":"2024-09-25T14:10:39+00:00","breadcrumb":{"@id":"https:\/\/dev.monti.lt\/product\/medinis-zvejybos-rinkinys-su-rutuliukais\/#breadcrumb"},"inLanguage":"en-US","potentialAction":[{"@type":"ReadAction","target":["https:\/\/dev.monti.lt\/product\/medinis-zvejybos-rinkinys-su-rutuliukais\/"]}]},{"@type":"ImageObject","inLanguage":"en-US","@id":"https:\/\/dev.monti.lt\/product\/medinis-zvejybos-rinkinys-su-rutuliukais\/#primaryimage","url":"https:\/\/dev.monti.lt\/wp-content\/uploads\/2022\/07\/eng_pl_-quot-Fishing-quot-game-with-a-magnet-G17244-15553_8-2.jpg","contentUrl":"https:\/\/dev.monti.lt\/wp-content\/uploads\/2022\/07\/eng_pl_-quot-Fishing-quot-game-with-a-magnet-G17244-15553_8-2.jpg","width":500,"height":500,"caption":"\u017dvejybos \u017eaidimas"},{"@type":"BreadcrumbList","@id":"https:\/\/dev.monti.lt\/product\/medinis-zvejybos-rinkinys-su-rutuliukais\/#breadcrumb","itemListElement":[{"@type":"ListItem","position":1,"name":"Home","item":"https:\/\/dev.monti.lt\/"},{"@type":"ListItem","position":2,"name":"Parduotuv\u0117","item":"https:\/\/dev.monti.lt\/shop\/"},{"@type":"ListItem","position":3,"name":"Medinis \u017evejybos rinkinys su rutuliukais"}]},{"@type":"WebSite","@id":"https:\/\/dev.monti.lt\/#website","url":"https:\/\/dev.monti.lt\/","name":"Montessori \u017eaislai","description":"","publisher":{"@id":"https:\/\/dev.monti.lt\/#organization"},"potentialAction":[{"@type":"SearchAction","target":{"@type":"EntryPoint","urlTemplate":"https:\/\/dev.monti.lt\/?s={search_term_string}"},"query-input":"required name=search_term_string"}],"inLanguage":"en-US"},{"@type":"Organization","@id":"https:\/\/dev.monti.lt\/#organization","name":"Montessori \u017eaislai","url":"https:\/\/dev.monti.lt\/","logo":{"@type":"ImageObject","inLanguage":"en-US","@id":"https:\/\/dev.monti.lt\/#\/schema\/logo\/image\/","url":"https:\/\/dev.monti.lt\/wp-content\/uploads\/2022\/03\/montilogo-1.png","contentUrl":"https:\/\/dev.monti.lt\/wp-content\/uploads\/2022\/03\/montilogo-1.png","width":512,"height":512,"caption":"Montessori \u017eaislai"},"image":{"@id":"https:\/\/dev.monti.lt\/#\/schema\/logo\/image\/"}}]}},"_links":{"self":[{"href":"https:\/\/dev.monti.lt\/en\/wp-json\/wp\/v2\/product\/8954"}],"collection":[{"href":"https:\/\/dev.monti.lt\/en\/wp-json\/wp\/v2\/product"}],"about":[{"href":"https:\/\/dev.monti.lt\/en\/wp-json\/wp\/v2\/types\/product"}],"version-history":[{"count":2,"href":"https:\/\/dev.monti.lt\/en\/wp-json\/wp\/v2\/product\/8954\/revisions"}],"predecessor-version":[{"id":9829,"href":"https:\/\/dev.monti.lt\/en\/wp-json\/wp\/v2\/product\/8954\/revisions\/9829"}],"wp:featuredmedia":[{"embeddable":true,"href":"https:\/\/dev.monti.lt\/en\/wp-json\/wp\/v2\/media\/8955"}],"wp:attachment":[{"href":"https:\/\/dev.monti.lt\/en\/wp-json\/wp\/v2\/media?parent=8954"}],"wp:term":[{"taxonomy":"product_cat","embeddable":true,"href":"https:\/\/dev.monti.lt\/en\/wp-json\/wp\/v2\/product_cat?post=8954"},{"taxonomy":"product_tag","embeddable":true,"href":"https:\/\/dev.monti.lt\/en\/wp-json\/wp\/v2\/product_tag?post=8954"}],"curies":[{"name":"wp","href":"https:\/\/api.w.org\/{rel}","templated":true}]}}