{"id":8949,"date":"2022-07-20T11:08:12","date_gmt":"2022-07-20T11:08:12","guid":{"rendered":"https:\/\/dev.monti.lt\/?post_type=product&#038;p=8949"},"modified":"2024-05-14T11:02:26","modified_gmt":"2024-05-14T11:02:26","slug":"medinis-rusiuoklis-su-vaisiais","status":"publish","type":"product","link":"https:\/\/dev.monti.lt\/en\/product\/medinis-rusiuoklis-su-vaisiais\/","title":{"rendered":"Medinis r\u016b\u0161iuoklis su vaisiais"},"content":{"rendered":"<h1 class=\"wp-block-heading\">SPALVOTAS MEDINIS SKAITMENU RU\u0160IUOKLIS<\/h1><ul class=\"wp-block-list\"><li><strong>SMAGUS U\u017dSI\u0116MIMAS &#8211;&nbsp;<\/strong>medine delione, kuri yra mokomoji skai\u010diu ru\u0161iavimo priemone, vaikui&nbsp;<strong>leis k\u016brybingai mokytis skai\u010di\u0173<\/strong><\/li><li><strong>MOKYMOSI SKAI\u010cIU, VAISIU, FORMU, SPALVU -lavinamasis<\/strong> skai\u010di\u0173 ru\u0161iuoklis&nbsp;<strong>bus puikus budas supa\u017eindinti ma\u017eiausius vaikus su mokslo pasauliu<\/strong>&nbsp;. Atpa\u017einti spalvingus vaisius ir \u201eperpjauti juos per pus\u0119\u201c komplekte esan\u010diu mediniu peiliuku \u2013 tik vienas i\u0161 edukaciniu pramogu variantu.<strong>&nbsp;Taip pat vaikas mokosi grafi\u0161kai atpa\u017einti skai\u010dius ir juos ivardyti, taip pat rikiuoti eiles tvarka, be to, praple\u010dia spalvu ir formu \u017einias.<\/strong><\/li><li><strong>AUGANTIS \u017dAISLAS &#8211;&nbsp;<\/strong>Medinis skai\u010diu ru\u0161iuotojas yra vienas i\u0161 \u017eaislu, puikiai itakojan\u010diu vaiko vystym\u0105si, palaikan\u010diu jo ranku ir akiu koordinacij\u0105 bei motorik\u0105.&nbsp;<strong>\u0160is \u017eaislas moko vaik\u0105 logi\u0161kai m\u0105styti, taip pat lavina jo vaizduot\u0119 ir kurybi\u0161kum\u0105 bei moko ma\u017eiausi\u0105 susikaupti.<\/strong><\/li><li><strong>SAUGUMAS <\/strong>&nbsp;&#8211; mediniai \u017eaislai garseja savo ilgaam\u017ei\u0161kumu ir da\u017enai tarnauja vaikams i\u0161tisoms kartoms nepriekai\u0161tingos bukles.&nbsp;<strong>Medines edukacines kaladeles yra ne tik patvarios, bet ir saugios vaikui.<\/strong>&nbsp;Elementai da\u017eyti ekologi\u0161kais vandens pagrindo da\u017eais, bekvapiai.<\/li><\/ul><p><strong>SPECIFIKACIJA:<\/strong><\/p><p>med\u017eiaga: mediena<\/p><ul class=\"wp-block-list\"><li>am\u017eius: 3+<\/li><li>Da\u017eai: ekologi\u0161ki vandens pagrindu be kvapo<\/li><li>rinkinyje: 10 skai\u010diu, 8 vaisiai (puses sujungtos magnetu), medinis peilis, \u017eenklai: =, &lt;, +, -, 55 spalvoti apskritimai<\/li><li>matmenys: 45\/15\/7 cm<\/li><li>svoris: 0,594 kg<\/li><li>svoris pakuoteje: 0,720 kg<\/li><\/ul>","protected":false},"excerpt":{"rendered":"<p>SPALVOTAS MEDINIS SKAITMENU RU\u0160IUOKLIS SMAGUS U\u017dSI\u0116MIMAS &#8211;&nbsp;medine delione, kuri yra mokomoji skai\u010diu ru\u0161iavimo priemone, vaikui&nbsp;leis k\u016brybingai mokytis skai\u010di\u0173 MOKYMOSI SKAI\u010cIU, VAISIU, FORMU, SPALVU -lavinamasis skai\u010di\u0173 ru\u0161iuoklis&nbsp;bus puikus budas supa\u017eindinti ma\u017eiausius vaikus su mokslo pasauliu&nbsp;. Atpa\u017einti spalvingus vaisius ir \u201eperpjauti juos per pus\u0119\u201c komplekte esan\u010diu mediniu peiliuku \u2013 tik vienas i\u0161 edukaciniu pramogu variantu.&nbsp;Taip pat vaikas [&hellip;]<\/p>","protected":false},"featured_media":8950,"template":"","meta":{"iawp_total_views":51},"product_cat":[92,84,102,88,90,86,49,39],"product_tag":[96,97,98],"class_list":{"0":"post-8949","1":"product","2":"type-product","3":"status-publish","4":"has-post-thumbnail","6":"product_cat-deliones","7":"product_cat-lavinamieji-zaislai","8":"product_cat-mediniai-zaislai","9":"product_cat-mokausi-zaisti","10":"product_cat-pasaulio-pazinimas","11":"product_cat-smulkioji-motorika","12":"product_cat-visi-zaislai","13":"product_cat-zaislai","14":"product_tag-2-m-3-m","15":"product_tag-3-m-4-m","16":"product_tag-5-m-7-m","18":"first","19":"instock","20":"taxable","21":"shipping-taxable","22":"purchasable","23":"product-type-simple"},"yoast_head":"<!-- This site is optimized with the Yoast SEO plugin v23.3 - https:\/\/yoast.com\/wordpress\/plugins\/seo\/ -->\n<title>Medinis r\u016b\u0161iuoklis su vaisiais - Montessori \u017eaislai<\/title>\n<meta name=\"robots\" content=\"noindex, follow, max-snippet:-1, max-image-preview:large, max-video-preview:-1\" \/>\n<meta property=\"og:locale\" content=\"en_US\" \/>\n<meta property=\"og:type\" content=\"article\" \/>\n<meta property=\"og:title\" content=\"Medinis r\u016b\u0161iuoklis su vaisiais - Montessori \u017eaislai\" \/>\n<meta property=\"og:description\" content=\"SPALVOTAS MEDINIS SKAITMENU RU\u0160IUOKLIS SMAGUS U\u017dSI\u0116MIMAS &#8211;&nbsp;medine delione, kuri yra mokomoji skai\u010diu ru\u0161iavimo priemone, vaikui&nbsp;leis k\u016brybingai mokytis skai\u010di\u0173 MOKYMOSI SKAI\u010cIU, VAISIU, FORMU, SPALVU -lavinamasis skai\u010di\u0173 ru\u0161iuoklis&nbsp;bus puikus budas supa\u017eindinti ma\u017eiausius vaikus su mokslo pasauliu&nbsp;. Atpa\u017einti spalvingus vaisius ir \u201eperpjauti juos per pus\u0119\u201c komplekte esan\u010diu mediniu peiliuku \u2013 tik vienas i\u0161 edukaciniu pramogu variantu.&nbsp;Taip pat vaikas [&hellip;]\" \/>\n<meta property=\"og:url\" content=\"https:\/\/dev.monti.lt\/en\/product\/medinis-rusiuoklis-su-vaisiais\/\" \/>\n<meta property=\"og:site_name\" content=\"Montessori \u017eaislai\" \/>\n<meta property=\"article:modified_time\" content=\"2024-05-14T11:02:26+00:00\" \/>\n<meta property=\"og:image\" content=\"https:\/\/dev.monti.lt\/wp-content\/uploads\/2022\/07\/eng_pl_Wooden-sorter-for-fruit-and-numbers-15078_13.jpg\" \/>\n\t<meta property=\"og:image:width\" content=\"750\" \/>\n\t<meta property=\"og:image:height\" content=\"500\" \/>\n\t<meta property=\"og:image:type\" content=\"image\/jpeg\" \/>\n<meta name=\"twitter:card\" content=\"summary_large_image\" \/>\n<meta name=\"twitter:label1\" content=\"Est. reading time\" \/>\n\t<meta name=\"twitter:data1\" content=\"1 minute\" \/>\n<script type=\"application\/ld+json\" class=\"yoast-schema-graph\">{\"@context\":\"https:\/\/schema.org\",\"@graph\":[{\"@type\":\"WebPage\",\"@id\":\"https:\/\/dev.monti.lt\/product\/medinis-rusiuoklis-su-vaisiais\/\",\"url\":\"https:\/\/dev.monti.lt\/product\/medinis-rusiuoklis-su-vaisiais\/\",\"name\":\"Medinis r\u016b\u0161iuoklis su vaisiais - Montessori \u017eaislai\",\"isPartOf\":{\"@id\":\"https:\/\/dev.monti.lt\/#website\"},\"primaryImageOfPage\":{\"@id\":\"https:\/\/dev.monti.lt\/product\/medinis-rusiuoklis-su-vaisiais\/#primaryimage\"},\"image\":{\"@id\":\"https:\/\/dev.monti.lt\/product\/medinis-rusiuoklis-su-vaisiais\/#primaryimage\"},\"thumbnailUrl\":\"https:\/\/dev.monti.lt\/wp-content\/uploads\/2022\/07\/eng_pl_Wooden-sorter-for-fruit-and-numbers-15078_13.jpg\",\"datePublished\":\"2022-07-20T11:08:12+00:00\",\"dateModified\":\"2024-05-14T11:02:26+00:00\",\"breadcrumb\":{\"@id\":\"https:\/\/dev.monti.lt\/product\/medinis-rusiuoklis-su-vaisiais\/#breadcrumb\"},\"inLanguage\":\"en-US\",\"potentialAction\":[{\"@type\":\"ReadAction\",\"target\":[\"https:\/\/dev.monti.lt\/product\/medinis-rusiuoklis-su-vaisiais\/\"]}]},{\"@type\":\"ImageObject\",\"inLanguage\":\"en-US\",\"@id\":\"https:\/\/dev.monti.lt\/product\/medinis-rusiuoklis-su-vaisiais\/#primaryimage\",\"url\":\"https:\/\/dev.monti.lt\/wp-content\/uploads\/2022\/07\/eng_pl_Wooden-sorter-for-fruit-and-numbers-15078_13.jpg\",\"contentUrl\":\"https:\/\/dev.monti.lt\/wp-content\/uploads\/2022\/07\/eng_pl_Wooden-sorter-for-fruit-and-numbers-15078_13.jpg\",\"width\":750,\"height\":500},{\"@type\":\"BreadcrumbList\",\"@id\":\"https:\/\/dev.monti.lt\/product\/medinis-rusiuoklis-su-vaisiais\/#breadcrumb\",\"itemListElement\":[{\"@type\":\"ListItem\",\"position\":1,\"name\":\"Home\",\"item\":\"https:\/\/dev.monti.lt\/\"},{\"@type\":\"ListItem\",\"position\":2,\"name\":\"Parduotuv\u0117\",\"item\":\"https:\/\/dev.monti.lt\/shop\/\"},{\"@type\":\"ListItem\",\"position\":3,\"name\":\"Medinis r\u016b\u0161iuoklis su vaisiais\"}]},{\"@type\":\"WebSite\",\"@id\":\"https:\/\/dev.monti.lt\/#website\",\"url\":\"https:\/\/dev.monti.lt\/\",\"name\":\"Montessori \u017eaislai\",\"description\":\"\",\"publisher\":{\"@id\":\"https:\/\/dev.monti.lt\/#organization\"},\"potentialAction\":[{\"@type\":\"SearchAction\",\"target\":{\"@type\":\"EntryPoint\",\"urlTemplate\":\"https:\/\/dev.monti.lt\/?s={search_term_string}\"},\"query-input\":\"required name=search_term_string\"}],\"inLanguage\":\"en-US\"},{\"@type\":\"Organization\",\"@id\":\"https:\/\/dev.monti.lt\/#organization\",\"name\":\"Montessori \u017eaislai\",\"url\":\"https:\/\/dev.monti.lt\/\",\"logo\":{\"@type\":\"ImageObject\",\"inLanguage\":\"en-US\",\"@id\":\"https:\/\/dev.monti.lt\/#\/schema\/logo\/image\/\",\"url\":\"https:\/\/dev.monti.lt\/wp-content\/uploads\/2022\/03\/montilogo-1.png\",\"contentUrl\":\"https:\/\/dev.monti.lt\/wp-content\/uploads\/2022\/03\/montilogo-1.png\",\"width\":512,\"height\":512,\"caption\":\"Montessori \u017eaislai\"},\"image\":{\"@id\":\"https:\/\/dev.monti.lt\/#\/schema\/logo\/image\/\"}}]}<\/script>\n<!-- \/ Yoast SEO plugin. -->","yoast_head_json":{"title":"Medinis r\u016b\u0161iuoklis su vaisiais - Montessori \u017eaislai","robots":{"index":"noindex","follow":"follow","max-snippet":"max-snippet:-1","max-image-preview":"max-image-preview:large","max-video-preview":"max-video-preview:-1"},"og_locale":"en_US","og_type":"article","og_title":"Medinis r\u016b\u0161iuoklis su vaisiais - Montessori \u017eaislai","og_description":"SPALVOTAS MEDINIS SKAITMENU RU\u0160IUOKLIS SMAGUS U\u017dSI\u0116MIMAS &#8211;&nbsp;medine delione, kuri yra mokomoji skai\u010diu ru\u0161iavimo priemone, vaikui&nbsp;leis k\u016brybingai mokytis skai\u010di\u0173 MOKYMOSI SKAI\u010cIU, VAISIU, FORMU, SPALVU -lavinamasis skai\u010di\u0173 ru\u0161iuoklis&nbsp;bus puikus budas supa\u017eindinti ma\u017eiausius vaikus su mokslo pasauliu&nbsp;. Atpa\u017einti spalvingus vaisius ir \u201eperpjauti juos per pus\u0119\u201c komplekte esan\u010diu mediniu peiliuku \u2013 tik vienas i\u0161 edukaciniu pramogu variantu.&nbsp;Taip pat vaikas [&hellip;]","og_url":"https:\/\/dev.monti.lt\/en\/product\/medinis-rusiuoklis-su-vaisiais\/","og_site_name":"Montessori \u017eaislai","article_modified_time":"2024-05-14T11:02:26+00:00","og_image":[{"width":750,"height":500,"url":"https:\/\/dev.monti.lt\/wp-content\/uploads\/2022\/07\/eng_pl_Wooden-sorter-for-fruit-and-numbers-15078_13.jpg","type":"image\/jpeg"}],"twitter_card":"summary_large_image","twitter_misc":{"Est. reading time":"1 minute"},"schema":{"@context":"https:\/\/schema.org","@graph":[{"@type":"WebPage","@id":"https:\/\/dev.monti.lt\/product\/medinis-rusiuoklis-su-vaisiais\/","url":"https:\/\/dev.monti.lt\/product\/medinis-rusiuoklis-su-vaisiais\/","name":"Medinis r\u016b\u0161iuoklis su vaisiais - Montessori \u017eaislai","isPartOf":{"@id":"https:\/\/dev.monti.lt\/#website"},"primaryImageOfPage":{"@id":"https:\/\/dev.monti.lt\/product\/medinis-rusiuoklis-su-vaisiais\/#primaryimage"},"image":{"@id":"https:\/\/dev.monti.lt\/product\/medinis-rusiuoklis-su-vaisiais\/#primaryimage"},"thumbnailUrl":"https:\/\/dev.monti.lt\/wp-content\/uploads\/2022\/07\/eng_pl_Wooden-sorter-for-fruit-and-numbers-15078_13.jpg","datePublished":"2022-07-20T11:08:12+00:00","dateModified":"2024-05-14T11:02:26+00:00","breadcrumb":{"@id":"https:\/\/dev.monti.lt\/product\/medinis-rusiuoklis-su-vaisiais\/#breadcrumb"},"inLanguage":"en-US","potentialAction":[{"@type":"ReadAction","target":["https:\/\/dev.monti.lt\/product\/medinis-rusiuoklis-su-vaisiais\/"]}]},{"@type":"ImageObject","inLanguage":"en-US","@id":"https:\/\/dev.monti.lt\/product\/medinis-rusiuoklis-su-vaisiais\/#primaryimage","url":"https:\/\/dev.monti.lt\/wp-content\/uploads\/2022\/07\/eng_pl_Wooden-sorter-for-fruit-and-numbers-15078_13.jpg","contentUrl":"https:\/\/dev.monti.lt\/wp-content\/uploads\/2022\/07\/eng_pl_Wooden-sorter-for-fruit-and-numbers-15078_13.jpg","width":750,"height":500},{"@type":"BreadcrumbList","@id":"https:\/\/dev.monti.lt\/product\/medinis-rusiuoklis-su-vaisiais\/#breadcrumb","itemListElement":[{"@type":"ListItem","position":1,"name":"Home","item":"https:\/\/dev.monti.lt\/"},{"@type":"ListItem","position":2,"name":"Parduotuv\u0117","item":"https:\/\/dev.monti.lt\/shop\/"},{"@type":"ListItem","position":3,"name":"Medinis r\u016b\u0161iuoklis su vaisiais"}]},{"@type":"WebSite","@id":"https:\/\/dev.monti.lt\/#website","url":"https:\/\/dev.monti.lt\/","name":"Montessori \u017eaislai","description":"","publisher":{"@id":"https:\/\/dev.monti.lt\/#organization"},"potentialAction":[{"@type":"SearchAction","target":{"@type":"EntryPoint","urlTemplate":"https:\/\/dev.monti.lt\/?s={search_term_string}"},"query-input":"required name=search_term_string"}],"inLanguage":"en-US"},{"@type":"Organization","@id":"https:\/\/dev.monti.lt\/#organization","name":"Montessori \u017eaislai","url":"https:\/\/dev.monti.lt\/","logo":{"@type":"ImageObject","inLanguage":"en-US","@id":"https:\/\/dev.monti.lt\/#\/schema\/logo\/image\/","url":"https:\/\/dev.monti.lt\/wp-content\/uploads\/2022\/03\/montilogo-1.png","contentUrl":"https:\/\/dev.monti.lt\/wp-content\/uploads\/2022\/03\/montilogo-1.png","width":512,"height":512,"caption":"Montessori \u017eaislai"},"image":{"@id":"https:\/\/dev.monti.lt\/#\/schema\/logo\/image\/"}}]}},"_links":{"self":[{"href":"https:\/\/dev.monti.lt\/en\/wp-json\/wp\/v2\/product\/8949"}],"collection":[{"href":"https:\/\/dev.monti.lt\/en\/wp-json\/wp\/v2\/product"}],"about":[{"href":"https:\/\/dev.monti.lt\/en\/wp-json\/wp\/v2\/types\/product"}],"version-history":[{"count":3,"href":"https:\/\/dev.monti.lt\/en\/wp-json\/wp\/v2\/product\/8949\/revisions"}],"predecessor-version":[{"id":14775,"href":"https:\/\/dev.monti.lt\/en\/wp-json\/wp\/v2\/product\/8949\/revisions\/14775"}],"wp:featuredmedia":[{"embeddable":true,"href":"https:\/\/dev.monti.lt\/en\/wp-json\/wp\/v2\/media\/8950"}],"wp:attachment":[{"href":"https:\/\/dev.monti.lt\/en\/wp-json\/wp\/v2\/media?parent=8949"}],"wp:term":[{"taxonomy":"product_cat","embeddable":true,"href":"https:\/\/dev.monti.lt\/en\/wp-json\/wp\/v2\/product_cat?post=8949"},{"taxonomy":"product_tag","embeddable":true,"href":"https:\/\/dev.monti.lt\/en\/wp-json\/wp\/v2\/product_tag?post=8949"}],"curies":[{"name":"wp","href":"https:\/\/api.w.org\/{rel}","templated":true}]}}