{"id":8808,"date":"2022-07-15T14:27:46","date_gmt":"2022-07-15T14:27:46","guid":{"rendered":"https:\/\/dev.monti.lt\/?post_type=product&#038;p=8808"},"modified":"2024-09-25T14:09:53","modified_gmt":"2024-09-25T14:09:53","slug":"kontrastine-knygele-lovelei","status":"publish","type":"product","link":"https:\/\/dev.monti.lt\/en\/product\/kontrastine-knygele-lovelei\/","title":{"rendered":"Kontrastin\u0117 knygel\u0117 lovelei"},"content":{"rendered":"<p>Pirmoji j\u016bs\u0173 vaiko knygel\u0117! Nuveskite savo ma\u017eyl\u012f \u012f stebukling\u0105 kelion\u0119 po \u012fvairi\u0173 form\u0173 pasaul\u012f.<\/p>\n<p>Stebuklinga , kontrasting\u0173 ra\u0161t\u0173 audinio knygel\u0117 \u2013 puikus pasi\u016blymas pasaul\u012f dar tik pa\u017e\u012fstantiems vaikams. Joje rasite net 12 skirting\u0173 ra\u0161t\u0173.<\/p>\n<p>\u0160i knygel\u0117 puikiai tiks kaip ir apsauginis lovyt\u0117s kilim\u0117lis.<\/p>\n<p>Pagaminta atkreipiant d\u0117mes\u012f \u012f kiekvien\u0105 smulkmen\u0105, ypating\u0105 d\u0117mes\u012f skiriant ma\u017eiausio poreikiams. Skaitymas kupinas staigmen\u0173, kurios su\u017eadins j\u016bs\u0173 ma\u017eylio smalsum\u0105.<\/p>\n<p>\u010cia rasite puslapi\u0173 su skirtingomis tekst\u016bromis ir savyb\u0117mis:<\/p>\n<ul>\n<li>\u0160lamantys puslapiai<\/li>\n<li>Kontrastingi ra\u0161tai<\/li>\n<\/ul>\n<p>Visa tai tam, kad u\u017etikrintum\u0117te harmoning\u0105 J\u016bs\u0173 vaiko vystym\u0105si.<\/p>\n<p>Vaiko am\u017eius: 0+<\/p>\n<p>Knygel\u0117s i\u0161matavimai: 15cm x 15cm<\/p>\n<p>Pakuot\u0117s matmenys: 17cm x 17cm x 3cm<\/p>\n<p>&nbsp;<\/p>","protected":false},"excerpt":{"rendered":"<p>Pirmoji j\u016bs\u0173 vaiko knygel\u0117! Nuveskite savo ma\u017eyl\u012f \u012f stebukling\u0105 kelion\u0119 po \u012fvairi\u0173 form\u0173 pasaul\u012f. Stebuklinga , kontrasting\u0173 ra\u0161t\u0173 audinio knygel\u0117 \u2013 puikus pasi\u016blymas pasaul\u012f dar tik pa\u017e\u012fstantiems vaikams. Joje rasite net 12 skirting\u0173 ra\u0161t\u0173. \u0160i knygel\u0117 puikiai tiks kaip ir apsauginis lovyt\u0117s kilim\u0117lis. Pagaminta atkreipiant d\u0117mes\u012f \u012f kiekvien\u0105 smulkmen\u0105, ypating\u0105 d\u0117mes\u012f skiriant ma\u017eiausio poreikiams. Skaitymas [&hellip;]<\/p>","protected":false},"featured_media":8809,"template":"","meta":{"iawp_total_views":31},"product_cat":[84,83,90,50,49,39],"product_tag":[95,94],"class_list":{"0":"post-8808","1":"product","2":"type-product","3":"status-publish","4":"has-post-thumbnail","6":"product_cat-lavinamieji-zaislai","7":"product_cat-montessori-zaislai","8":"product_cat-pasaulio-pazinimas","9":"product_cat-top-dovanos","10":"product_cat-visi-zaislai","11":"product_cat-zaislai","12":"product_tag-1-m-2-m","13":"product_tag-iki-1-m","15":"first","16":"instock","17":"featured","18":"taxable","19":"shipping-taxable","20":"purchasable","21":"product-type-simple"},"yoast_head":"<!-- This site is optimized with the Yoast SEO plugin v23.3 - https:\/\/yoast.com\/wordpress\/plugins\/seo\/ -->\n<title>Kontrastin\u0117 knygel\u0117 lovelei - Montessori \u017eaislai<\/title>\n<meta name=\"robots\" content=\"noindex, follow, max-snippet:-1, max-image-preview:large, max-video-preview:-1\" \/>\n<meta property=\"og:locale\" content=\"en_US\" \/>\n<meta property=\"og:type\" content=\"article\" \/>\n<meta property=\"og:title\" content=\"Kontrastin\u0117 knygel\u0117 lovelei - Montessori \u017eaislai\" \/>\n<meta property=\"og:description\" content=\"Pirmoji j\u016bs\u0173 vaiko knygel\u0117! Nuveskite savo ma\u017eyl\u012f \u012f stebukling\u0105 kelion\u0119 po \u012fvairi\u0173 form\u0173 pasaul\u012f. Stebuklinga , kontrasting\u0173 ra\u0161t\u0173 audinio knygel\u0117 \u2013 puikus pasi\u016blymas pasaul\u012f dar tik pa\u017e\u012fstantiems vaikams. Joje rasite net 12 skirting\u0173 ra\u0161t\u0173. \u0160i knygel\u0117 puikiai tiks kaip ir apsauginis lovyt\u0117s kilim\u0117lis. Pagaminta atkreipiant d\u0117mes\u012f \u012f kiekvien\u0105 smulkmen\u0105, ypating\u0105 d\u0117mes\u012f skiriant ma\u017eiausio poreikiams. Skaitymas [&hellip;]\" \/>\n<meta property=\"og:url\" content=\"https:\/\/dev.monti.lt\/en\/product\/kontrastine-knygele-lovelei\/\" \/>\n<meta property=\"og:site_name\" content=\"Montessori \u017eaislai\" \/>\n<meta property=\"article:modified_time\" content=\"2024-09-25T14:09:53+00:00\" \/>\n<meta property=\"og:image\" content=\"https:\/\/dev.monti.lt\/wp-content\/uploads\/2022\/07\/KX563979417-2.jpg\" \/>\n\t<meta property=\"og:image:width\" content=\"1024\" \/>\n\t<meta property=\"og:image:height\" content=\"768\" \/>\n\t<meta property=\"og:image:type\" content=\"image\/jpeg\" \/>\n<meta name=\"twitter:card\" content=\"summary_large_image\" \/>\n<meta name=\"twitter:label1\" content=\"Est. reading time\" \/>\n\t<meta name=\"twitter:data1\" content=\"1 minute\" \/>\n<script type=\"application\/ld+json\" class=\"yoast-schema-graph\">{\"@context\":\"https:\/\/schema.org\",\"@graph\":[{\"@type\":\"WebPage\",\"@id\":\"https:\/\/dev.monti.lt\/product\/kontrastine-knygele-lovelei\/\",\"url\":\"https:\/\/dev.monti.lt\/product\/kontrastine-knygele-lovelei\/\",\"name\":\"Kontrastin\u0117 knygel\u0117 lovelei - Montessori \u017eaislai\",\"isPartOf\":{\"@id\":\"https:\/\/dev.monti.lt\/#website\"},\"primaryImageOfPage\":{\"@id\":\"https:\/\/dev.monti.lt\/product\/kontrastine-knygele-lovelei\/#primaryimage\"},\"image\":{\"@id\":\"https:\/\/dev.monti.lt\/product\/kontrastine-knygele-lovelei\/#primaryimage\"},\"thumbnailUrl\":\"https:\/\/dev.monti.lt\/wp-content\/uploads\/2022\/07\/KX563979417-2.jpg\",\"datePublished\":\"2022-07-15T14:27:46+00:00\",\"dateModified\":\"2024-09-25T14:09:53+00:00\",\"breadcrumb\":{\"@id\":\"https:\/\/dev.monti.lt\/product\/kontrastine-knygele-lovelei\/#breadcrumb\"},\"inLanguage\":\"en-US\",\"potentialAction\":[{\"@type\":\"ReadAction\",\"target\":[\"https:\/\/dev.monti.lt\/product\/kontrastine-knygele-lovelei\/\"]}]},{\"@type\":\"ImageObject\",\"inLanguage\":\"en-US\",\"@id\":\"https:\/\/dev.monti.lt\/product\/kontrastine-knygele-lovelei\/#primaryimage\",\"url\":\"https:\/\/dev.monti.lt\/wp-content\/uploads\/2022\/07\/KX563979417-2.jpg\",\"contentUrl\":\"https:\/\/dev.monti.lt\/wp-content\/uploads\/2022\/07\/KX563979417-2.jpg\",\"width\":1024,\"height\":768,\"caption\":\"Kontrastinga knygel\u0117 lovel\u0117s apsauga\"},{\"@type\":\"BreadcrumbList\",\"@id\":\"https:\/\/dev.monti.lt\/product\/kontrastine-knygele-lovelei\/#breadcrumb\",\"itemListElement\":[{\"@type\":\"ListItem\",\"position\":1,\"name\":\"Home\",\"item\":\"https:\/\/dev.monti.lt\/\"},{\"@type\":\"ListItem\",\"position\":2,\"name\":\"Parduotuv\u0117\",\"item\":\"https:\/\/dev.monti.lt\/shop\/\"},{\"@type\":\"ListItem\",\"position\":3,\"name\":\"Kontrastin\u0117 knygel\u0117 lovelei\"}]},{\"@type\":\"WebSite\",\"@id\":\"https:\/\/dev.monti.lt\/#website\",\"url\":\"https:\/\/dev.monti.lt\/\",\"name\":\"Montessori \u017eaislai\",\"description\":\"\",\"publisher\":{\"@id\":\"https:\/\/dev.monti.lt\/#organization\"},\"potentialAction\":[{\"@type\":\"SearchAction\",\"target\":{\"@type\":\"EntryPoint\",\"urlTemplate\":\"https:\/\/dev.monti.lt\/?s={search_term_string}\"},\"query-input\":\"required name=search_term_string\"}],\"inLanguage\":\"en-US\"},{\"@type\":\"Organization\",\"@id\":\"https:\/\/dev.monti.lt\/#organization\",\"name\":\"Montessori \u017eaislai\",\"url\":\"https:\/\/dev.monti.lt\/\",\"logo\":{\"@type\":\"ImageObject\",\"inLanguage\":\"en-US\",\"@id\":\"https:\/\/dev.monti.lt\/#\/schema\/logo\/image\/\",\"url\":\"https:\/\/dev.monti.lt\/wp-content\/uploads\/2022\/03\/montilogo-1.png\",\"contentUrl\":\"https:\/\/dev.monti.lt\/wp-content\/uploads\/2022\/03\/montilogo-1.png\",\"width\":512,\"height\":512,\"caption\":\"Montessori \u017eaislai\"},\"image\":{\"@id\":\"https:\/\/dev.monti.lt\/#\/schema\/logo\/image\/\"}}]}<\/script>\n<!-- \/ Yoast SEO plugin. -->","yoast_head_json":{"title":"Kontrastin\u0117 knygel\u0117 lovelei - Montessori \u017eaislai","robots":{"index":"noindex","follow":"follow","max-snippet":"max-snippet:-1","max-image-preview":"max-image-preview:large","max-video-preview":"max-video-preview:-1"},"og_locale":"en_US","og_type":"article","og_title":"Kontrastin\u0117 knygel\u0117 lovelei - Montessori \u017eaislai","og_description":"Pirmoji j\u016bs\u0173 vaiko knygel\u0117! Nuveskite savo ma\u017eyl\u012f \u012f stebukling\u0105 kelion\u0119 po \u012fvairi\u0173 form\u0173 pasaul\u012f. Stebuklinga , kontrasting\u0173 ra\u0161t\u0173 audinio knygel\u0117 \u2013 puikus pasi\u016blymas pasaul\u012f dar tik pa\u017e\u012fstantiems vaikams. Joje rasite net 12 skirting\u0173 ra\u0161t\u0173. \u0160i knygel\u0117 puikiai tiks kaip ir apsauginis lovyt\u0117s kilim\u0117lis. Pagaminta atkreipiant d\u0117mes\u012f \u012f kiekvien\u0105 smulkmen\u0105, ypating\u0105 d\u0117mes\u012f skiriant ma\u017eiausio poreikiams. Skaitymas [&hellip;]","og_url":"https:\/\/dev.monti.lt\/en\/product\/kontrastine-knygele-lovelei\/","og_site_name":"Montessori \u017eaislai","article_modified_time":"2024-09-25T14:09:53+00:00","og_image":[{"width":1024,"height":768,"url":"https:\/\/dev.monti.lt\/wp-content\/uploads\/2022\/07\/KX563979417-2.jpg","type":"image\/jpeg"}],"twitter_card":"summary_large_image","twitter_misc":{"Est. reading time":"1 minute"},"schema":{"@context":"https:\/\/schema.org","@graph":[{"@type":"WebPage","@id":"https:\/\/dev.monti.lt\/product\/kontrastine-knygele-lovelei\/","url":"https:\/\/dev.monti.lt\/product\/kontrastine-knygele-lovelei\/","name":"Kontrastin\u0117 knygel\u0117 lovelei - Montessori \u017eaislai","isPartOf":{"@id":"https:\/\/dev.monti.lt\/#website"},"primaryImageOfPage":{"@id":"https:\/\/dev.monti.lt\/product\/kontrastine-knygele-lovelei\/#primaryimage"},"image":{"@id":"https:\/\/dev.monti.lt\/product\/kontrastine-knygele-lovelei\/#primaryimage"},"thumbnailUrl":"https:\/\/dev.monti.lt\/wp-content\/uploads\/2022\/07\/KX563979417-2.jpg","datePublished":"2022-07-15T14:27:46+00:00","dateModified":"2024-09-25T14:09:53+00:00","breadcrumb":{"@id":"https:\/\/dev.monti.lt\/product\/kontrastine-knygele-lovelei\/#breadcrumb"},"inLanguage":"en-US","potentialAction":[{"@type":"ReadAction","target":["https:\/\/dev.monti.lt\/product\/kontrastine-knygele-lovelei\/"]}]},{"@type":"ImageObject","inLanguage":"en-US","@id":"https:\/\/dev.monti.lt\/product\/kontrastine-knygele-lovelei\/#primaryimage","url":"https:\/\/dev.monti.lt\/wp-content\/uploads\/2022\/07\/KX563979417-2.jpg","contentUrl":"https:\/\/dev.monti.lt\/wp-content\/uploads\/2022\/07\/KX563979417-2.jpg","width":1024,"height":768,"caption":"Kontrastinga knygel\u0117 lovel\u0117s apsauga"},{"@type":"BreadcrumbList","@id":"https:\/\/dev.monti.lt\/product\/kontrastine-knygele-lovelei\/#breadcrumb","itemListElement":[{"@type":"ListItem","position":1,"name":"Home","item":"https:\/\/dev.monti.lt\/"},{"@type":"ListItem","position":2,"name":"Parduotuv\u0117","item":"https:\/\/dev.monti.lt\/shop\/"},{"@type":"ListItem","position":3,"name":"Kontrastin\u0117 knygel\u0117 lovelei"}]},{"@type":"WebSite","@id":"https:\/\/dev.monti.lt\/#website","url":"https:\/\/dev.monti.lt\/","name":"Montessori \u017eaislai","description":"","publisher":{"@id":"https:\/\/dev.monti.lt\/#organization"},"potentialAction":[{"@type":"SearchAction","target":{"@type":"EntryPoint","urlTemplate":"https:\/\/dev.monti.lt\/?s={search_term_string}"},"query-input":"required name=search_term_string"}],"inLanguage":"en-US"},{"@type":"Organization","@id":"https:\/\/dev.monti.lt\/#organization","name":"Montessori \u017eaislai","url":"https:\/\/dev.monti.lt\/","logo":{"@type":"ImageObject","inLanguage":"en-US","@id":"https:\/\/dev.monti.lt\/#\/schema\/logo\/image\/","url":"https:\/\/dev.monti.lt\/wp-content\/uploads\/2022\/03\/montilogo-1.png","contentUrl":"https:\/\/dev.monti.lt\/wp-content\/uploads\/2022\/03\/montilogo-1.png","width":512,"height":512,"caption":"Montessori \u017eaislai"},"image":{"@id":"https:\/\/dev.monti.lt\/#\/schema\/logo\/image\/"}}]}},"_links":{"self":[{"href":"https:\/\/dev.monti.lt\/en\/wp-json\/wp\/v2\/product\/8808"}],"collection":[{"href":"https:\/\/dev.monti.lt\/en\/wp-json\/wp\/v2\/product"}],"about":[{"href":"https:\/\/dev.monti.lt\/en\/wp-json\/wp\/v2\/types\/product"}],"version-history":[{"count":3,"href":"https:\/\/dev.monti.lt\/en\/wp-json\/wp\/v2\/product\/8808\/revisions"}],"predecessor-version":[{"id":9825,"href":"https:\/\/dev.monti.lt\/en\/wp-json\/wp\/v2\/product\/8808\/revisions\/9825"}],"wp:featuredmedia":[{"embeddable":true,"href":"https:\/\/dev.monti.lt\/en\/wp-json\/wp\/v2\/media\/8809"}],"wp:attachment":[{"href":"https:\/\/dev.monti.lt\/en\/wp-json\/wp\/v2\/media?parent=8808"}],"wp:term":[{"taxonomy":"product_cat","embeddable":true,"href":"https:\/\/dev.monti.lt\/en\/wp-json\/wp\/v2\/product_cat?post=8808"},{"taxonomy":"product_tag","embeddable":true,"href":"https:\/\/dev.monti.lt\/en\/wp-json\/wp\/v2\/product_tag?post=8808"}],"curies":[{"name":"wp","href":"https:\/\/api.w.org\/{rel}","templated":true}]}}