{"id":8806,"date":"2022-07-15T14:24:40","date_gmt":"2022-07-15T14:24:40","guid":{"rendered":"https:\/\/dev.monti.lt\/?post_type=product&#038;p=8806"},"modified":"2024-09-30T07:52:16","modified_gmt":"2024-09-30T07:52:16","slug":"zaidimas-tetris","status":"publish","type":"product","link":"https:\/\/dev.monti.lt\/en\/product\/zaidimas-tetris\/","title":{"rendered":"\u017daidimas &#8220;Tetris&#8221;"},"content":{"rendered":"<p>LOGINIS \u017dAIDIMAS TETRIS<\/p>\n<p>Techniniai parametrai:<\/p>\n<ul>\n<li>Vaiko am\u017eius: 3+<\/li>\n<li>Dali\u0173 skai\u010dius: 70<\/li>\n<li>Med\u017eiaga: plastikas<\/li>\n<li>Lentos matmenys: 23 cm x 16 cm x 5 cm<\/li>\n<li>Pavyzdinio blokelio matmenys: 2 cm x 2 cm<\/li>\n<li>Pakuot\u0117s matmenys: 26,5 cm x 20,5 cm x 6 cm<\/li>\n<\/ul>\n<p>Prek\u0117 supakuota \u012f estetin\u0119 kartonin\u0119 pakuot\u0119.<\/p>","protected":false},"excerpt":{"rendered":"<p>LOGINIS \u017dAIDIMAS TETRIS Techniniai parametrai: Vaiko am\u017eius: 3+ Dali\u0173 skai\u010dius: 70 Med\u017eiaga: plastikas Lentos matmenys: 23 cm x 16 cm x 5 cm Pavyzdinio blokelio matmenys: 2 cm x 2 cm Pakuot\u0117s matmenys: 26,5 cm x 20,5 cm x 6 cm Prek\u0117 supakuota \u012f estetin\u0119 kartonin\u0119 pakuot\u0119.<\/p>","protected":false},"featured_media":9039,"template":"","meta":{"iawp_total_views":70},"product_cat":[84,91,49,39],"product_tag":[96,97,98,99],"class_list":{"0":"post-8806","1":"product","2":"type-product","3":"status-publish","4":"has-post-thumbnail","6":"product_cat-lavinamieji-zaislai","7":"product_cat-loginiam-mastymui","8":"product_cat-visi-zaislai","9":"product_cat-zaislai","10":"product_tag-2-m-3-m","11":"product_tag-3-m-4-m","12":"product_tag-5-m-7-m","13":"product_tag-8-m-11-m","15":"first","16":"instock","17":"sale","18":"taxable","19":"shipping-taxable","20":"purchasable","21":"product-type-simple"},"yoast_head":"<!-- This site is optimized with the Yoast SEO plugin v23.3 - https:\/\/yoast.com\/wordpress\/plugins\/seo\/ -->\n<title>\u017daidimas &quot;Tetris&quot; - Montessori \u017eaislai<\/title>\n<meta name=\"robots\" content=\"noindex, follow, max-snippet:-1, max-image-preview:large, max-video-preview:-1\" \/>\n<meta property=\"og:locale\" content=\"en_US\" \/>\n<meta property=\"og:type\" content=\"article\" \/>\n<meta property=\"og:title\" content=\"\u017daidimas &quot;Tetris&quot; - Montessori \u017eaislai\" \/>\n<meta property=\"og:description\" content=\"LOGINIS \u017dAIDIMAS TETRIS Techniniai parametrai: Vaiko am\u017eius: 3+ Dali\u0173 skai\u010dius: 70 Med\u017eiaga: plastikas Lentos matmenys: 23 cm x 16 cm x 5 cm Pavyzdinio blokelio matmenys: 2 cm x 2 cm Pakuot\u0117s matmenys: 26,5 cm x 20,5 cm x 6 cm Prek\u0117 supakuota \u012f estetin\u0119 kartonin\u0119 pakuot\u0119.\" \/>\n<meta property=\"og:url\" content=\"https:\/\/dev.monti.lt\/en\/product\/zaidimas-tetris\/\" \/>\n<meta property=\"og:site_name\" content=\"Montessori \u017eaislai\" \/>\n<meta property=\"article:modified_time\" content=\"2024-09-30T07:52:16+00:00\" \/>\n<meta property=\"og:image\" content=\"https:\/\/dev.monti.lt\/wp-content\/uploads\/2022\/07\/KX528579704.jpg\" \/>\n\t<meta property=\"og:image:width\" content=\"1024\" \/>\n\t<meta property=\"og:image:height\" content=\"768\" \/>\n\t<meta property=\"og:image:type\" content=\"image\/jpeg\" \/>\n<meta name=\"twitter:card\" content=\"summary_large_image\" \/>\n<meta name=\"twitter:label1\" content=\"Est. reading time\" \/>\n\t<meta name=\"twitter:data1\" content=\"1 minute\" \/>\n<script type=\"application\/ld+json\" class=\"yoast-schema-graph\">{\"@context\":\"https:\/\/schema.org\",\"@graph\":[{\"@type\":\"WebPage\",\"@id\":\"https:\/\/dev.monti.lt\/product\/zaidimas-tetris\/\",\"url\":\"https:\/\/dev.monti.lt\/product\/zaidimas-tetris\/\",\"name\":\"\u017daidimas \\\"Tetris\\\" - Montessori \u017eaislai\",\"isPartOf\":{\"@id\":\"https:\/\/dev.monti.lt\/#website\"},\"primaryImageOfPage\":{\"@id\":\"https:\/\/dev.monti.lt\/product\/zaidimas-tetris\/#primaryimage\"},\"image\":{\"@id\":\"https:\/\/dev.monti.lt\/product\/zaidimas-tetris\/#primaryimage\"},\"thumbnailUrl\":\"https:\/\/dev.monti.lt\/wp-content\/uploads\/2022\/07\/KX528579704.jpg\",\"datePublished\":\"2022-07-15T14:24:40+00:00\",\"dateModified\":\"2024-09-30T07:52:16+00:00\",\"breadcrumb\":{\"@id\":\"https:\/\/dev.monti.lt\/product\/zaidimas-tetris\/#breadcrumb\"},\"inLanguage\":\"en-US\",\"potentialAction\":[{\"@type\":\"ReadAction\",\"target\":[\"https:\/\/dev.monti.lt\/product\/zaidimas-tetris\/\"]}]},{\"@type\":\"ImageObject\",\"inLanguage\":\"en-US\",\"@id\":\"https:\/\/dev.monti.lt\/product\/zaidimas-tetris\/#primaryimage\",\"url\":\"https:\/\/dev.monti.lt\/wp-content\/uploads\/2022\/07\/KX528579704.jpg\",\"contentUrl\":\"https:\/\/dev.monti.lt\/wp-content\/uploads\/2022\/07\/KX528579704.jpg\",\"width\":1024,\"height\":768},{\"@type\":\"BreadcrumbList\",\"@id\":\"https:\/\/dev.monti.lt\/product\/zaidimas-tetris\/#breadcrumb\",\"itemListElement\":[{\"@type\":\"ListItem\",\"position\":1,\"name\":\"Home\",\"item\":\"https:\/\/dev.monti.lt\/\"},{\"@type\":\"ListItem\",\"position\":2,\"name\":\"Parduotuv\u0117\",\"item\":\"https:\/\/dev.monti.lt\/shop\/\"},{\"@type\":\"ListItem\",\"position\":3,\"name\":\"\u017daidimas &#8220;Tetris&#8221;\"}]},{\"@type\":\"WebSite\",\"@id\":\"https:\/\/dev.monti.lt\/#website\",\"url\":\"https:\/\/dev.monti.lt\/\",\"name\":\"Montessori \u017eaislai\",\"description\":\"\",\"publisher\":{\"@id\":\"https:\/\/dev.monti.lt\/#organization\"},\"potentialAction\":[{\"@type\":\"SearchAction\",\"target\":{\"@type\":\"EntryPoint\",\"urlTemplate\":\"https:\/\/dev.monti.lt\/?s={search_term_string}\"},\"query-input\":\"required name=search_term_string\"}],\"inLanguage\":\"en-US\"},{\"@type\":\"Organization\",\"@id\":\"https:\/\/dev.monti.lt\/#organization\",\"name\":\"Montessori \u017eaislai\",\"url\":\"https:\/\/dev.monti.lt\/\",\"logo\":{\"@type\":\"ImageObject\",\"inLanguage\":\"en-US\",\"@id\":\"https:\/\/dev.monti.lt\/#\/schema\/logo\/image\/\",\"url\":\"https:\/\/dev.monti.lt\/wp-content\/uploads\/2022\/03\/montilogo-1.png\",\"contentUrl\":\"https:\/\/dev.monti.lt\/wp-content\/uploads\/2022\/03\/montilogo-1.png\",\"width\":512,\"height\":512,\"caption\":\"Montessori \u017eaislai\"},\"image\":{\"@id\":\"https:\/\/dev.monti.lt\/#\/schema\/logo\/image\/\"}}]}<\/script>\n<!-- \/ Yoast SEO plugin. -->","yoast_head_json":{"title":"\u017daidimas \"Tetris\" - Montessori \u017eaislai","robots":{"index":"noindex","follow":"follow","max-snippet":"max-snippet:-1","max-image-preview":"max-image-preview:large","max-video-preview":"max-video-preview:-1"},"og_locale":"en_US","og_type":"article","og_title":"\u017daidimas \"Tetris\" - Montessori \u017eaislai","og_description":"LOGINIS \u017dAIDIMAS TETRIS Techniniai parametrai: Vaiko am\u017eius: 3+ Dali\u0173 skai\u010dius: 70 Med\u017eiaga: plastikas Lentos matmenys: 23 cm x 16 cm x 5 cm Pavyzdinio blokelio matmenys: 2 cm x 2 cm Pakuot\u0117s matmenys: 26,5 cm x 20,5 cm x 6 cm Prek\u0117 supakuota \u012f estetin\u0119 kartonin\u0119 pakuot\u0119.","og_url":"https:\/\/dev.monti.lt\/en\/product\/zaidimas-tetris\/","og_site_name":"Montessori \u017eaislai","article_modified_time":"2024-09-30T07:52:16+00:00","og_image":[{"width":1024,"height":768,"url":"https:\/\/dev.monti.lt\/wp-content\/uploads\/2022\/07\/KX528579704.jpg","type":"image\/jpeg"}],"twitter_card":"summary_large_image","twitter_misc":{"Est. reading time":"1 minute"},"schema":{"@context":"https:\/\/schema.org","@graph":[{"@type":"WebPage","@id":"https:\/\/dev.monti.lt\/product\/zaidimas-tetris\/","url":"https:\/\/dev.monti.lt\/product\/zaidimas-tetris\/","name":"\u017daidimas \"Tetris\" - Montessori \u017eaislai","isPartOf":{"@id":"https:\/\/dev.monti.lt\/#website"},"primaryImageOfPage":{"@id":"https:\/\/dev.monti.lt\/product\/zaidimas-tetris\/#primaryimage"},"image":{"@id":"https:\/\/dev.monti.lt\/product\/zaidimas-tetris\/#primaryimage"},"thumbnailUrl":"https:\/\/dev.monti.lt\/wp-content\/uploads\/2022\/07\/KX528579704.jpg","datePublished":"2022-07-15T14:24:40+00:00","dateModified":"2024-09-30T07:52:16+00:00","breadcrumb":{"@id":"https:\/\/dev.monti.lt\/product\/zaidimas-tetris\/#breadcrumb"},"inLanguage":"en-US","potentialAction":[{"@type":"ReadAction","target":["https:\/\/dev.monti.lt\/product\/zaidimas-tetris\/"]}]},{"@type":"ImageObject","inLanguage":"en-US","@id":"https:\/\/dev.monti.lt\/product\/zaidimas-tetris\/#primaryimage","url":"https:\/\/dev.monti.lt\/wp-content\/uploads\/2022\/07\/KX528579704.jpg","contentUrl":"https:\/\/dev.monti.lt\/wp-content\/uploads\/2022\/07\/KX528579704.jpg","width":1024,"height":768},{"@type":"BreadcrumbList","@id":"https:\/\/dev.monti.lt\/product\/zaidimas-tetris\/#breadcrumb","itemListElement":[{"@type":"ListItem","position":1,"name":"Home","item":"https:\/\/dev.monti.lt\/"},{"@type":"ListItem","position":2,"name":"Parduotuv\u0117","item":"https:\/\/dev.monti.lt\/shop\/"},{"@type":"ListItem","position":3,"name":"\u017daidimas &#8220;Tetris&#8221;"}]},{"@type":"WebSite","@id":"https:\/\/dev.monti.lt\/#website","url":"https:\/\/dev.monti.lt\/","name":"Montessori \u017eaislai","description":"","publisher":{"@id":"https:\/\/dev.monti.lt\/#organization"},"potentialAction":[{"@type":"SearchAction","target":{"@type":"EntryPoint","urlTemplate":"https:\/\/dev.monti.lt\/?s={search_term_string}"},"query-input":"required name=search_term_string"}],"inLanguage":"en-US"},{"@type":"Organization","@id":"https:\/\/dev.monti.lt\/#organization","name":"Montessori \u017eaislai","url":"https:\/\/dev.monti.lt\/","logo":{"@type":"ImageObject","inLanguage":"en-US","@id":"https:\/\/dev.monti.lt\/#\/schema\/logo\/image\/","url":"https:\/\/dev.monti.lt\/wp-content\/uploads\/2022\/03\/montilogo-1.png","contentUrl":"https:\/\/dev.monti.lt\/wp-content\/uploads\/2022\/03\/montilogo-1.png","width":512,"height":512,"caption":"Montessori \u017eaislai"},"image":{"@id":"https:\/\/dev.monti.lt\/#\/schema\/logo\/image\/"}}]}},"_links":{"self":[{"href":"https:\/\/dev.monti.lt\/en\/wp-json\/wp\/v2\/product\/8806"}],"collection":[{"href":"https:\/\/dev.monti.lt\/en\/wp-json\/wp\/v2\/product"}],"about":[{"href":"https:\/\/dev.monti.lt\/en\/wp-json\/wp\/v2\/types\/product"}],"version-history":[{"count":2,"href":"https:\/\/dev.monti.lt\/en\/wp-json\/wp\/v2\/product\/8806\/revisions"}],"predecessor-version":[{"id":8830,"href":"https:\/\/dev.monti.lt\/en\/wp-json\/wp\/v2\/product\/8806\/revisions\/8830"}],"wp:featuredmedia":[{"embeddable":true,"href":"https:\/\/dev.monti.lt\/en\/wp-json\/wp\/v2\/media\/9039"}],"wp:attachment":[{"href":"https:\/\/dev.monti.lt\/en\/wp-json\/wp\/v2\/media?parent=8806"}],"wp:term":[{"taxonomy":"product_cat","embeddable":true,"href":"https:\/\/dev.monti.lt\/en\/wp-json\/wp\/v2\/product_cat?post=8806"},{"taxonomy":"product_tag","embeddable":true,"href":"https:\/\/dev.monti.lt\/en\/wp-json\/wp\/v2\/product_tag?post=8806"}],"curies":[{"name":"wp","href":"https:\/\/api.w.org\/{rel}","templated":true}]}}