{"id":8768,"date":"2022-07-12T19:44:21","date_gmt":"2022-07-12T19:44:21","guid":{"rendered":"https:\/\/dev.monti.lt\/?post_type=product&#038;p=8768"},"modified":"2024-10-10T06:47:26","modified_gmt":"2024-10-10T06:47:26","slug":"montessori-zaidimas-transporto-priemones","status":"publish","type":"product","link":"https:\/\/dev.monti.lt\/en\/product\/montessori-zaidimas-transporto-priemones\/","title":{"rendered":"Montessori \u017eaidimas, transporto priemon\u0117s"},"content":{"rendered":"<p>&nbsp;<\/p>\n<p>\u012evairiaspalv\u0117s transporto priemon\u0117s <b>pavogs kiekvieno ma\u017eylio \u0161ird\u012f<\/b> ir paskatins tyrin\u0117ti skai\u010di\u0173 ir matematini\u0173 operacij\u0173 pasaul\u012f.<\/p>\n<p>Jie tikrai pavogs kiekvieno ma\u017eo automobili\u0173 gerb\u0117jo \u0161ird\u012f.<\/p>\n<p>\u017daidimo form\u0173 \u012fvairov\u0117 leis kiekvienam vaikui rasti ka\u017ek\u0105 sau.<\/p>\n<p><b>Puikus rinkinys, kuris linksmina ir moko!<\/b><\/p>\n<ul type=\"disc\">\n<li>SKAI\u010cIUOKITE<\/li>\n<li>DERINKITE SPALVAS<\/li>\n<\/ul>\n<p><b>Daugyb\u0117 element\u0173<\/b> leid\u017eia be galo smagiai ir mokytis.<\/p>\n<p>Automobiliai <b>bus puiki dingstis \u017eaisti<\/b> kartu su vaiku, kurio metu ma\u017eylis i\u0161moks efektyviai bendradarbiauti ir bendrauti.<\/p>\n<p>Sugalvokite \u012fvairi\u0173 matematini\u0173 operacij\u0173 ir galvos\u016bki\u0173.<\/p>\n<p><b>\u017daisti per mokym\u0105si \u2013 mokytis per \u017eaidim\u0105.<\/b><\/p>\n<p>Spalvingos transporto priemon\u0117s pavers <b>matematikos mokym\u0105si tikru malonumu<\/b> , o j\u016bs\u0173 ma\u017eylis nor\u0117s pagilinti \u017einias apie pasaul\u012f.<\/p>\n<p>Jie puikiai&nbsp; lavina <b>vaizduot\u0119, skatina k\u016brybi\u0161k\u0105 ir nestandartin\u012f m\u0105stym\u0105<\/b> , taip pat nuostabiai&nbsp; <b>lavina ma\u017e\u0173j\u0173 rank\u0173 \u012fg\u016bd\u017eius<\/b> &nbsp;.<\/p>\n<p>&nbsp;<\/p>\n<p>Spalvingos transporto priemon\u0117s matematikos mokym\u0105si pavers tikra aistra, o ne r\u016bpes\u010diu.<\/p>\n<p>\u017daislas <b>\u012fskiepis vaikui aistr\u0105<\/b> tiksli\u0173j\u0173 moksl\u0173 karalienei <b>\u2013 MATEMATIKAI.<\/b><\/p>\n<p>Negana to, linksmyb\u0117s bus puikus nuotykis, kurio metu vaikas lavins susikaupim\u0105 ir kantryb\u0119, i\u0161moks transporto priemoni\u0173 pavadinimus.<\/p>\n<p><b>Sodrios spalvos ir originali forma<\/b> patrauks kiekvieno vaiko d\u0117mes\u012f ir skatins gilinti matematini\u0173 veikl\u0173 \u017einias.<\/p>\n<p>&nbsp;<\/p>\n<p><b>Komplekto turinys:<\/b><\/p>\n<ul>\n<li>6 puodeliai,<\/li>\n<li>2 x repl\u0117s,<\/li>\n<li>36 automobiliai<\/li>\n<\/ul>\n<p>&nbsp;<\/p>\n<p><b>Med\u017eiaga:<\/b> plastikas<\/p>\n<p><b>Matmenys:<\/b><\/p>\n<ul>\n<li>Puodelis (skersmuo x auk\u0161tis): 8cm x 4cm<\/li>\n<li>Repli\u0173 ilgis: 9,5 cm<\/li>\n<li>Laivas: 4 cm x 1,7 cm x 2,5 cm<\/li>\n<li>Pakuot\u0117: 9,5 cm x 9,5 cm x 16 cm.<\/li>\n<\/ul>\n<p>&nbsp;<\/p>","protected":false},"excerpt":{"rendered":"<p>&nbsp; \u012evairiaspalv\u0117s transporto priemon\u0117s pavogs kiekvieno ma\u017eylio \u0161ird\u012f ir paskatins tyrin\u0117ti skai\u010di\u0173 ir matematini\u0173 operacij\u0173 pasaul\u012f. Jie tikrai pavogs kiekvieno ma\u017eo automobili\u0173 gerb\u0117jo \u0161ird\u012f. \u017daidimo form\u0173 \u012fvairov\u0117 leis kiekvienam vaikui rasti ka\u017ek\u0105 sau. Puikus rinkinys, kuris linksmina ir moko! SKAI\u010cIUOKITE DERINKITE SPALVAS Daugyb\u0117 element\u0173 leid\u017eia be galo smagiai ir mokytis. Automobiliai bus puiki dingstis \u017eaisti [&hellip;]<\/p>","protected":false},"featured_media":8769,"template":"","meta":{"iawp_total_views":170},"product_cat":[84,88,83,86,49,39],"product_tag":[96,97,98],"class_list":{"0":"post-8768","1":"product","2":"type-product","3":"status-publish","4":"has-post-thumbnail","6":"product_cat-lavinamieji-zaislai","7":"product_cat-mokausi-zaisti","8":"product_cat-montessori-zaislai","9":"product_cat-smulkioji-motorika","10":"product_cat-visi-zaislai","11":"product_cat-zaislai","12":"product_tag-2-m-3-m","13":"product_tag-3-m-4-m","14":"product_tag-5-m-7-m","16":"first","17":"instock","18":"taxable","19":"shipping-taxable","20":"purchasable","21":"product-type-simple"},"yoast_head":"<!-- This site is optimized with the Yoast SEO plugin v23.3 - https:\/\/yoast.com\/wordpress\/plugins\/seo\/ -->\n<title>Montessori \u017eaidimas, transporto priemon\u0117s - Montessori \u017eaislai<\/title>\n<meta name=\"robots\" content=\"noindex, follow, max-snippet:-1, max-image-preview:large, max-video-preview:-1\" \/>\n<meta property=\"og:locale\" content=\"en_US\" \/>\n<meta property=\"og:type\" content=\"article\" \/>\n<meta property=\"og:title\" content=\"Montessori \u017eaidimas, transporto priemon\u0117s - Montessori \u017eaislai\" \/>\n<meta property=\"og:description\" content=\"&nbsp; \u012evairiaspalv\u0117s transporto priemon\u0117s pavogs kiekvieno ma\u017eylio \u0161ird\u012f ir paskatins tyrin\u0117ti skai\u010di\u0173 ir matematini\u0173 operacij\u0173 pasaul\u012f. Jie tikrai pavogs kiekvieno ma\u017eo automobili\u0173 gerb\u0117jo \u0161ird\u012f. \u017daidimo form\u0173 \u012fvairov\u0117 leis kiekvienam vaikui rasti ka\u017ek\u0105 sau. Puikus rinkinys, kuris linksmina ir moko! SKAI\u010cIUOKITE DERINKITE SPALVAS Daugyb\u0117 element\u0173 leid\u017eia be galo smagiai ir mokytis. Automobiliai bus puiki dingstis \u017eaisti [&hellip;]\" \/>\n<meta property=\"og:url\" content=\"https:\/\/dev.monti.lt\/en\/product\/montessori-zaidimas-transporto-priemones\/\" \/>\n<meta property=\"og:site_name\" content=\"Montessori \u017eaislai\" \/>\n<meta property=\"article:modified_time\" content=\"2024-10-10T06:47:26+00:00\" \/>\n<meta property=\"og:image\" content=\"https:\/\/dev.monti.lt\/wp-content\/uploads\/2022\/07\/KX569974994.jpg\" \/>\n\t<meta property=\"og:image:width\" content=\"1024\" \/>\n\t<meta property=\"og:image:height\" content=\"768\" \/>\n\t<meta property=\"og:image:type\" content=\"image\/jpeg\" \/>\n<meta name=\"twitter:card\" content=\"summary_large_image\" \/>\n<meta name=\"twitter:label1\" content=\"Est. reading time\" \/>\n\t<meta name=\"twitter:data1\" content=\"1 minute\" \/>\n<script type=\"application\/ld+json\" class=\"yoast-schema-graph\">{\"@context\":\"https:\/\/schema.org\",\"@graph\":[{\"@type\":\"WebPage\",\"@id\":\"https:\/\/dev.monti.lt\/product\/montessori-zaidimas-transporto-priemones\/\",\"url\":\"https:\/\/dev.monti.lt\/product\/montessori-zaidimas-transporto-priemones\/\",\"name\":\"Montessori \u017eaidimas, transporto priemon\u0117s - Montessori \u017eaislai\",\"isPartOf\":{\"@id\":\"https:\/\/dev.monti.lt\/#website\"},\"primaryImageOfPage\":{\"@id\":\"https:\/\/dev.monti.lt\/product\/montessori-zaidimas-transporto-priemones\/#primaryimage\"},\"image\":{\"@id\":\"https:\/\/dev.monti.lt\/product\/montessori-zaidimas-transporto-priemones\/#primaryimage\"},\"thumbnailUrl\":\"https:\/\/dev.monti.lt\/wp-content\/uploads\/2022\/07\/KX569974994.jpg\",\"datePublished\":\"2022-07-12T19:44:21+00:00\",\"dateModified\":\"2024-10-10T06:47:26+00:00\",\"breadcrumb\":{\"@id\":\"https:\/\/dev.monti.lt\/product\/montessori-zaidimas-transporto-priemones\/#breadcrumb\"},\"inLanguage\":\"en-US\",\"potentialAction\":[{\"@type\":\"ReadAction\",\"target\":[\"https:\/\/dev.monti.lt\/product\/montessori-zaidimas-transporto-priemones\/\"]}]},{\"@type\":\"ImageObject\",\"inLanguage\":\"en-US\",\"@id\":\"https:\/\/dev.monti.lt\/product\/montessori-zaidimas-transporto-priemones\/#primaryimage\",\"url\":\"https:\/\/dev.monti.lt\/wp-content\/uploads\/2022\/07\/KX569974994.jpg\",\"contentUrl\":\"https:\/\/dev.monti.lt\/wp-content\/uploads\/2022\/07\/KX569974994.jpg\",\"width\":1024,\"height\":768,\"caption\":\"montessori zaidimas\"},{\"@type\":\"BreadcrumbList\",\"@id\":\"https:\/\/dev.monti.lt\/product\/montessori-zaidimas-transporto-priemones\/#breadcrumb\",\"itemListElement\":[{\"@type\":\"ListItem\",\"position\":1,\"name\":\"Home\",\"item\":\"https:\/\/dev.monti.lt\/\"},{\"@type\":\"ListItem\",\"position\":2,\"name\":\"Parduotuv\u0117\",\"item\":\"https:\/\/dev.monti.lt\/shop\/\"},{\"@type\":\"ListItem\",\"position\":3,\"name\":\"Montessori \u017eaidimas, transporto priemon\u0117s\"}]},{\"@type\":\"WebSite\",\"@id\":\"https:\/\/dev.monti.lt\/#website\",\"url\":\"https:\/\/dev.monti.lt\/\",\"name\":\"Montessori \u017eaislai\",\"description\":\"\",\"publisher\":{\"@id\":\"https:\/\/dev.monti.lt\/#organization\"},\"potentialAction\":[{\"@type\":\"SearchAction\",\"target\":{\"@type\":\"EntryPoint\",\"urlTemplate\":\"https:\/\/dev.monti.lt\/?s={search_term_string}\"},\"query-input\":\"required name=search_term_string\"}],\"inLanguage\":\"en-US\"},{\"@type\":\"Organization\",\"@id\":\"https:\/\/dev.monti.lt\/#organization\",\"name\":\"Montessori \u017eaislai\",\"url\":\"https:\/\/dev.monti.lt\/\",\"logo\":{\"@type\":\"ImageObject\",\"inLanguage\":\"en-US\",\"@id\":\"https:\/\/dev.monti.lt\/#\/schema\/logo\/image\/\",\"url\":\"https:\/\/dev.monti.lt\/wp-content\/uploads\/2022\/03\/montilogo-1.png\",\"contentUrl\":\"https:\/\/dev.monti.lt\/wp-content\/uploads\/2022\/03\/montilogo-1.png\",\"width\":512,\"height\":512,\"caption\":\"Montessori \u017eaislai\"},\"image\":{\"@id\":\"https:\/\/dev.monti.lt\/#\/schema\/logo\/image\/\"}}]}<\/script>\n<!-- \/ Yoast SEO plugin. -->","yoast_head_json":{"title":"Montessori \u017eaidimas, transporto priemon\u0117s - Montessori \u017eaislai","robots":{"index":"noindex","follow":"follow","max-snippet":"max-snippet:-1","max-image-preview":"max-image-preview:large","max-video-preview":"max-video-preview:-1"},"og_locale":"en_US","og_type":"article","og_title":"Montessori \u017eaidimas, transporto priemon\u0117s - Montessori \u017eaislai","og_description":"&nbsp; \u012evairiaspalv\u0117s transporto priemon\u0117s pavogs kiekvieno ma\u017eylio \u0161ird\u012f ir paskatins tyrin\u0117ti skai\u010di\u0173 ir matematini\u0173 operacij\u0173 pasaul\u012f. Jie tikrai pavogs kiekvieno ma\u017eo automobili\u0173 gerb\u0117jo \u0161ird\u012f. \u017daidimo form\u0173 \u012fvairov\u0117 leis kiekvienam vaikui rasti ka\u017ek\u0105 sau. Puikus rinkinys, kuris linksmina ir moko! SKAI\u010cIUOKITE DERINKITE SPALVAS Daugyb\u0117 element\u0173 leid\u017eia be galo smagiai ir mokytis. Automobiliai bus puiki dingstis \u017eaisti [&hellip;]","og_url":"https:\/\/dev.monti.lt\/en\/product\/montessori-zaidimas-transporto-priemones\/","og_site_name":"Montessori \u017eaislai","article_modified_time":"2024-10-10T06:47:26+00:00","og_image":[{"width":1024,"height":768,"url":"https:\/\/dev.monti.lt\/wp-content\/uploads\/2022\/07\/KX569974994.jpg","type":"image\/jpeg"}],"twitter_card":"summary_large_image","twitter_misc":{"Est. reading time":"1 minute"},"schema":{"@context":"https:\/\/schema.org","@graph":[{"@type":"WebPage","@id":"https:\/\/dev.monti.lt\/product\/montessori-zaidimas-transporto-priemones\/","url":"https:\/\/dev.monti.lt\/product\/montessori-zaidimas-transporto-priemones\/","name":"Montessori \u017eaidimas, transporto priemon\u0117s - Montessori \u017eaislai","isPartOf":{"@id":"https:\/\/dev.monti.lt\/#website"},"primaryImageOfPage":{"@id":"https:\/\/dev.monti.lt\/product\/montessori-zaidimas-transporto-priemones\/#primaryimage"},"image":{"@id":"https:\/\/dev.monti.lt\/product\/montessori-zaidimas-transporto-priemones\/#primaryimage"},"thumbnailUrl":"https:\/\/dev.monti.lt\/wp-content\/uploads\/2022\/07\/KX569974994.jpg","datePublished":"2022-07-12T19:44:21+00:00","dateModified":"2024-10-10T06:47:26+00:00","breadcrumb":{"@id":"https:\/\/dev.monti.lt\/product\/montessori-zaidimas-transporto-priemones\/#breadcrumb"},"inLanguage":"en-US","potentialAction":[{"@type":"ReadAction","target":["https:\/\/dev.monti.lt\/product\/montessori-zaidimas-transporto-priemones\/"]}]},{"@type":"ImageObject","inLanguage":"en-US","@id":"https:\/\/dev.monti.lt\/product\/montessori-zaidimas-transporto-priemones\/#primaryimage","url":"https:\/\/dev.monti.lt\/wp-content\/uploads\/2022\/07\/KX569974994.jpg","contentUrl":"https:\/\/dev.monti.lt\/wp-content\/uploads\/2022\/07\/KX569974994.jpg","width":1024,"height":768,"caption":"montessori zaidimas"},{"@type":"BreadcrumbList","@id":"https:\/\/dev.monti.lt\/product\/montessori-zaidimas-transporto-priemones\/#breadcrumb","itemListElement":[{"@type":"ListItem","position":1,"name":"Home","item":"https:\/\/dev.monti.lt\/"},{"@type":"ListItem","position":2,"name":"Parduotuv\u0117","item":"https:\/\/dev.monti.lt\/shop\/"},{"@type":"ListItem","position":3,"name":"Montessori \u017eaidimas, transporto priemon\u0117s"}]},{"@type":"WebSite","@id":"https:\/\/dev.monti.lt\/#website","url":"https:\/\/dev.monti.lt\/","name":"Montessori \u017eaislai","description":"","publisher":{"@id":"https:\/\/dev.monti.lt\/#organization"},"potentialAction":[{"@type":"SearchAction","target":{"@type":"EntryPoint","urlTemplate":"https:\/\/dev.monti.lt\/?s={search_term_string}"},"query-input":"required name=search_term_string"}],"inLanguage":"en-US"},{"@type":"Organization","@id":"https:\/\/dev.monti.lt\/#organization","name":"Montessori \u017eaislai","url":"https:\/\/dev.monti.lt\/","logo":{"@type":"ImageObject","inLanguage":"en-US","@id":"https:\/\/dev.monti.lt\/#\/schema\/logo\/image\/","url":"https:\/\/dev.monti.lt\/wp-content\/uploads\/2022\/03\/montilogo-1.png","contentUrl":"https:\/\/dev.monti.lt\/wp-content\/uploads\/2022\/03\/montilogo-1.png","width":512,"height":512,"caption":"Montessori \u017eaislai"},"image":{"@id":"https:\/\/dev.monti.lt\/#\/schema\/logo\/image\/"}}]}},"_links":{"self":[{"href":"https:\/\/dev.monti.lt\/en\/wp-json\/wp\/v2\/product\/8768"}],"collection":[{"href":"https:\/\/dev.monti.lt\/en\/wp-json\/wp\/v2\/product"}],"about":[{"href":"https:\/\/dev.monti.lt\/en\/wp-json\/wp\/v2\/types\/product"}],"version-history":[{"count":3,"href":"https:\/\/dev.monti.lt\/en\/wp-json\/wp\/v2\/product\/8768\/revisions"}],"predecessor-version":[{"id":11546,"href":"https:\/\/dev.monti.lt\/en\/wp-json\/wp\/v2\/product\/8768\/revisions\/11546"}],"wp:featuredmedia":[{"embeddable":true,"href":"https:\/\/dev.monti.lt\/en\/wp-json\/wp\/v2\/media\/8769"}],"wp:attachment":[{"href":"https:\/\/dev.monti.lt\/en\/wp-json\/wp\/v2\/media?parent=8768"}],"wp:term":[{"taxonomy":"product_cat","embeddable":true,"href":"https:\/\/dev.monti.lt\/en\/wp-json\/wp\/v2\/product_cat?post=8768"},{"taxonomy":"product_tag","embeddable":true,"href":"https:\/\/dev.monti.lt\/en\/wp-json\/wp\/v2\/product_tag?post=8768"}],"curies":[{"name":"wp","href":"https:\/\/api.w.org\/{rel}","templated":true}]}}