{"id":8732,"date":"2022-07-12T18:41:33","date_gmt":"2022-07-12T18:41:33","guid":{"rendered":"https:\/\/dev.monti.lt\/?post_type=product&#038;p=8732"},"modified":"2024-10-08T09:07:09","modified_gmt":"2024-10-08T09:07:09","slug":"zaidimas-voniai-transportas","status":"publish","type":"product","link":"https:\/\/dev.monti.lt\/en\/product\/zaidimas-voniai-transportas\/","title":{"rendered":"\u017daidimas voniai transportas"},"content":{"rendered":"<p>Povandeninis miestas? Skamba fantasti\u0161kai!<\/p>\n<p>Tada imkit\u0117s darbo.<\/p>\n<p>\u0160is magi\u0161k\u0173 gatvi\u0173 ir automobili\u0173 formos d\u0117lioni\u0173 rinkinys &#8211; tai naujovi\u0161kas vonios \u017eaislas, kuris suteiks j\u016bs\u0173 vaikui daug \u012fsp\u016bd\u017ei\u0173.<\/p>\n<p>Visos dalys pagamintos i\u0161 mink\u0161to ir patvaraus putplas\u010dio. Kad d\u0117lion\u0117s prilipt\u0173 prie vonios ar plyteli\u0173, nereikia klij\u0173. Papras\u010diausiai pamerkite juos \u012f vanden\u012f.<\/p>\n<p>\u012emesti \u012f voni\u0105 jie pl\u016bduriuos vandenyje. Jie greitai d\u017ei\u016bsta ir juos lengva laikyti.<\/p>\n<p>Leiskit\u0117s su vaiku \u012f \u012fsp\u016bding\u0105 kelion\u0119 po j\u016bros miest\u0105. Leiskite jam ar jai patirti d\u017eiaugsm\u0105 kuriant savo gatv\u0117s maket\u0105.<\/p>\n<p>Tikra \u0161vent\u0117 visiems ma\u017eiesiems automobili\u0173 gerb\u0117jams.<\/p>\n<p>Nuostabus \u017eaislas, kuris suteiks daug \u012fsp\u016bd\u017ei\u0173 maudantis. Jis tikrai patiks kiekvienam ma\u017eajam tyrin\u0117tojui.<\/p>\n<p>Nem\u0117gsta maudytis kasdien? Su \u0161iuo rinkiniu tai jau praeitis.<\/p>\n<p>Putplas\u010dio d\u0117lion\u0117s kiekvien\u0105 voni\u0105 pavers fantasti\u0161ku nuotykiu.<\/p>\n<p>\u017daislas skatina k\u016brybi\u0161kum\u0105, teigiamai veikia loginio m\u0105stymo raid\u0105 ir formuoja rank\u0173 darbo \u012fg\u016bd\u017eius.<\/p>\n<p>Ry\u0161kios sodrios spalvos ir ne\u012fmantri forma patrauks j\u016bs\u0173 vaiko d\u0117mes\u012f ir paskatins j\u012f \u017eaisti.<\/p>\n<p>Puiki dovan\u0173 id\u0117ja.<\/p>\n<p>&nbsp;<\/p>\n<p>Rinkinio turinys:<\/p>\n<p>23 detal\u0117s<\/p>\n<p>Matmenys:<\/p>\n<p>\u017eenklas (skersmuo x storis): 5,5 cm x 0,7 cm<br \/>\nautomobilio pavyzdys: 10,5 cm x 4 cm x 0,7 cm<br \/>\nPakuot\u0117s matmenys: 28 cm x 18 cm x 6 cm<\/p>","protected":false},"excerpt":{"rendered":"<p>Povandeninis miestas? Skamba fantasti\u0161kai! Tada imkit\u0117s darbo. \u0160is magi\u0161k\u0173 gatvi\u0173 ir automobili\u0173 formos d\u0117lioni\u0173 rinkinys &#8211; tai naujovi\u0161kas vonios \u017eaislas, kuris suteiks j\u016bs\u0173 vaikui daug \u012fsp\u016bd\u017ei\u0173. Visos dalys pagamintos i\u0161 mink\u0161to ir patvaraus putplas\u010dio. Kad d\u0117lion\u0117s prilipt\u0173 prie vonios ar plyteli\u0173, nereikia klij\u0173. Papras\u010diausiai pamerkite juos \u012f vanden\u012f. \u012emesti \u012f voni\u0105 jie pl\u016bduriuos vandenyje. Jie [&hellip;]<\/p>","protected":false},"featured_media":8733,"template":"","meta":{"iawp_total_views":38},"product_cat":[92,84,190,49,39],"product_tag":[95,96,97,98],"class_list":{"0":"post-8732","1":"product","2":"type-product","3":"status-publish","4":"has-post-thumbnail","6":"product_cat-deliones","7":"product_cat-lavinamieji-zaislai","8":"product_cat-maudynems","9":"product_cat-visi-zaislai","10":"product_cat-zaislai","11":"product_tag-1-m-2-m","12":"product_tag-2-m-3-m","13":"product_tag-3-m-4-m","14":"product_tag-5-m-7-m","16":"first","17":"instock","18":"featured","19":"taxable","20":"shipping-taxable","21":"purchasable","22":"product-type-simple"},"yoast_head":"<!-- This site is optimized with the Yoast SEO plugin v23.3 - https:\/\/yoast.com\/wordpress\/plugins\/seo\/ -->\n<title>\u017daidimas voniai transportas - Montessori \u017eaislai<\/title>\n<meta name=\"robots\" content=\"noindex, follow, max-snippet:-1, max-image-preview:large, max-video-preview:-1\" \/>\n<meta property=\"og:locale\" content=\"en_US\" \/>\n<meta property=\"og:type\" content=\"article\" \/>\n<meta property=\"og:title\" content=\"\u017daidimas voniai transportas - Montessori \u017eaislai\" \/>\n<meta property=\"og:description\" content=\"Povandeninis miestas? Skamba fantasti\u0161kai! Tada imkit\u0117s darbo. \u0160is magi\u0161k\u0173 gatvi\u0173 ir automobili\u0173 formos d\u0117lioni\u0173 rinkinys &#8211; tai naujovi\u0161kas vonios \u017eaislas, kuris suteiks j\u016bs\u0173 vaikui daug \u012fsp\u016bd\u017ei\u0173. Visos dalys pagamintos i\u0161 mink\u0161to ir patvaraus putplas\u010dio. Kad d\u0117lion\u0117s prilipt\u0173 prie vonios ar plyteli\u0173, nereikia klij\u0173. Papras\u010diausiai pamerkite juos \u012f vanden\u012f. \u012emesti \u012f voni\u0105 jie pl\u016bduriuos vandenyje. Jie [&hellip;]\" \/>\n<meta property=\"og:url\" content=\"https:\/\/dev.monti.lt\/en\/product\/zaidimas-voniai-transportas\/\" \/>\n<meta property=\"og:site_name\" content=\"Montessori \u017eaislai\" \/>\n<meta property=\"article:modified_time\" content=\"2024-10-08T09:07:09+00:00\" \/>\n<meta property=\"og:image\" content=\"https:\/\/dev.monti.lt\/wp-content\/uploads\/2022\/07\/KX565775271.jpg\" \/>\n\t<meta property=\"og:image:width\" content=\"1024\" \/>\n\t<meta property=\"og:image:height\" content=\"768\" \/>\n\t<meta property=\"og:image:type\" content=\"image\/jpeg\" \/>\n<meta name=\"twitter:card\" content=\"summary_large_image\" \/>\n<meta name=\"twitter:label1\" content=\"Est. reading time\" \/>\n\t<meta name=\"twitter:data1\" content=\"1 minute\" \/>\n<script type=\"application\/ld+json\" class=\"yoast-schema-graph\">{\"@context\":\"https:\/\/schema.org\",\"@graph\":[{\"@type\":\"WebPage\",\"@id\":\"https:\/\/dev.monti.lt\/product\/zaidimas-voniai-transportas\/\",\"url\":\"https:\/\/dev.monti.lt\/product\/zaidimas-voniai-transportas\/\",\"name\":\"\u017daidimas voniai transportas - Montessori \u017eaislai\",\"isPartOf\":{\"@id\":\"https:\/\/dev.monti.lt\/#website\"},\"primaryImageOfPage\":{\"@id\":\"https:\/\/dev.monti.lt\/product\/zaidimas-voniai-transportas\/#primaryimage\"},\"image\":{\"@id\":\"https:\/\/dev.monti.lt\/product\/zaidimas-voniai-transportas\/#primaryimage\"},\"thumbnailUrl\":\"https:\/\/dev.monti.lt\/wp-content\/uploads\/2022\/07\/KX565775271.jpg\",\"datePublished\":\"2022-07-12T18:41:33+00:00\",\"dateModified\":\"2024-10-08T09:07:09+00:00\",\"breadcrumb\":{\"@id\":\"https:\/\/dev.monti.lt\/product\/zaidimas-voniai-transportas\/#breadcrumb\"},\"inLanguage\":\"en-US\",\"potentialAction\":[{\"@type\":\"ReadAction\",\"target\":[\"https:\/\/dev.monti.lt\/product\/zaidimas-voniai-transportas\/\"]}]},{\"@type\":\"ImageObject\",\"inLanguage\":\"en-US\",\"@id\":\"https:\/\/dev.monti.lt\/product\/zaidimas-voniai-transportas\/#primaryimage\",\"url\":\"https:\/\/dev.monti.lt\/wp-content\/uploads\/2022\/07\/KX565775271.jpg\",\"contentUrl\":\"https:\/\/dev.monti.lt\/wp-content\/uploads\/2022\/07\/KX565775271.jpg\",\"width\":1024,\"height\":768},{\"@type\":\"BreadcrumbList\",\"@id\":\"https:\/\/dev.monti.lt\/product\/zaidimas-voniai-transportas\/#breadcrumb\",\"itemListElement\":[{\"@type\":\"ListItem\",\"position\":1,\"name\":\"Home\",\"item\":\"https:\/\/dev.monti.lt\/\"},{\"@type\":\"ListItem\",\"position\":2,\"name\":\"Parduotuv\u0117\",\"item\":\"https:\/\/dev.monti.lt\/shop\/\"},{\"@type\":\"ListItem\",\"position\":3,\"name\":\"\u017daidimas voniai transportas\"}]},{\"@type\":\"WebSite\",\"@id\":\"https:\/\/dev.monti.lt\/#website\",\"url\":\"https:\/\/dev.monti.lt\/\",\"name\":\"Montessori \u017eaislai\",\"description\":\"\",\"publisher\":{\"@id\":\"https:\/\/dev.monti.lt\/#organization\"},\"potentialAction\":[{\"@type\":\"SearchAction\",\"target\":{\"@type\":\"EntryPoint\",\"urlTemplate\":\"https:\/\/dev.monti.lt\/?s={search_term_string}\"},\"query-input\":\"required name=search_term_string\"}],\"inLanguage\":\"en-US\"},{\"@type\":\"Organization\",\"@id\":\"https:\/\/dev.monti.lt\/#organization\",\"name\":\"Montessori \u017eaislai\",\"url\":\"https:\/\/dev.monti.lt\/\",\"logo\":{\"@type\":\"ImageObject\",\"inLanguage\":\"en-US\",\"@id\":\"https:\/\/dev.monti.lt\/#\/schema\/logo\/image\/\",\"url\":\"https:\/\/dev.monti.lt\/wp-content\/uploads\/2022\/03\/montilogo-1.png\",\"contentUrl\":\"https:\/\/dev.monti.lt\/wp-content\/uploads\/2022\/03\/montilogo-1.png\",\"width\":512,\"height\":512,\"caption\":\"Montessori \u017eaislai\"},\"image\":{\"@id\":\"https:\/\/dev.monti.lt\/#\/schema\/logo\/image\/\"}}]}<\/script>\n<!-- \/ Yoast SEO plugin. -->","yoast_head_json":{"title":"\u017daidimas voniai transportas - Montessori \u017eaislai","robots":{"index":"noindex","follow":"follow","max-snippet":"max-snippet:-1","max-image-preview":"max-image-preview:large","max-video-preview":"max-video-preview:-1"},"og_locale":"en_US","og_type":"article","og_title":"\u017daidimas voniai transportas - Montessori \u017eaislai","og_description":"Povandeninis miestas? Skamba fantasti\u0161kai! Tada imkit\u0117s darbo. \u0160is magi\u0161k\u0173 gatvi\u0173 ir automobili\u0173 formos d\u0117lioni\u0173 rinkinys &#8211; tai naujovi\u0161kas vonios \u017eaislas, kuris suteiks j\u016bs\u0173 vaikui daug \u012fsp\u016bd\u017ei\u0173. Visos dalys pagamintos i\u0161 mink\u0161to ir patvaraus putplas\u010dio. Kad d\u0117lion\u0117s prilipt\u0173 prie vonios ar plyteli\u0173, nereikia klij\u0173. Papras\u010diausiai pamerkite juos \u012f vanden\u012f. \u012emesti \u012f voni\u0105 jie pl\u016bduriuos vandenyje. Jie [&hellip;]","og_url":"https:\/\/dev.monti.lt\/en\/product\/zaidimas-voniai-transportas\/","og_site_name":"Montessori \u017eaislai","article_modified_time":"2024-10-08T09:07:09+00:00","og_image":[{"width":1024,"height":768,"url":"https:\/\/dev.monti.lt\/wp-content\/uploads\/2022\/07\/KX565775271.jpg","type":"image\/jpeg"}],"twitter_card":"summary_large_image","twitter_misc":{"Est. reading time":"1 minute"},"schema":{"@context":"https:\/\/schema.org","@graph":[{"@type":"WebPage","@id":"https:\/\/dev.monti.lt\/product\/zaidimas-voniai-transportas\/","url":"https:\/\/dev.monti.lt\/product\/zaidimas-voniai-transportas\/","name":"\u017daidimas voniai transportas - Montessori \u017eaislai","isPartOf":{"@id":"https:\/\/dev.monti.lt\/#website"},"primaryImageOfPage":{"@id":"https:\/\/dev.monti.lt\/product\/zaidimas-voniai-transportas\/#primaryimage"},"image":{"@id":"https:\/\/dev.monti.lt\/product\/zaidimas-voniai-transportas\/#primaryimage"},"thumbnailUrl":"https:\/\/dev.monti.lt\/wp-content\/uploads\/2022\/07\/KX565775271.jpg","datePublished":"2022-07-12T18:41:33+00:00","dateModified":"2024-10-08T09:07:09+00:00","breadcrumb":{"@id":"https:\/\/dev.monti.lt\/product\/zaidimas-voniai-transportas\/#breadcrumb"},"inLanguage":"en-US","potentialAction":[{"@type":"ReadAction","target":["https:\/\/dev.monti.lt\/product\/zaidimas-voniai-transportas\/"]}]},{"@type":"ImageObject","inLanguage":"en-US","@id":"https:\/\/dev.monti.lt\/product\/zaidimas-voniai-transportas\/#primaryimage","url":"https:\/\/dev.monti.lt\/wp-content\/uploads\/2022\/07\/KX565775271.jpg","contentUrl":"https:\/\/dev.monti.lt\/wp-content\/uploads\/2022\/07\/KX565775271.jpg","width":1024,"height":768},{"@type":"BreadcrumbList","@id":"https:\/\/dev.monti.lt\/product\/zaidimas-voniai-transportas\/#breadcrumb","itemListElement":[{"@type":"ListItem","position":1,"name":"Home","item":"https:\/\/dev.monti.lt\/"},{"@type":"ListItem","position":2,"name":"Parduotuv\u0117","item":"https:\/\/dev.monti.lt\/shop\/"},{"@type":"ListItem","position":3,"name":"\u017daidimas voniai transportas"}]},{"@type":"WebSite","@id":"https:\/\/dev.monti.lt\/#website","url":"https:\/\/dev.monti.lt\/","name":"Montessori \u017eaislai","description":"","publisher":{"@id":"https:\/\/dev.monti.lt\/#organization"},"potentialAction":[{"@type":"SearchAction","target":{"@type":"EntryPoint","urlTemplate":"https:\/\/dev.monti.lt\/?s={search_term_string}"},"query-input":"required name=search_term_string"}],"inLanguage":"en-US"},{"@type":"Organization","@id":"https:\/\/dev.monti.lt\/#organization","name":"Montessori \u017eaislai","url":"https:\/\/dev.monti.lt\/","logo":{"@type":"ImageObject","inLanguage":"en-US","@id":"https:\/\/dev.monti.lt\/#\/schema\/logo\/image\/","url":"https:\/\/dev.monti.lt\/wp-content\/uploads\/2022\/03\/montilogo-1.png","contentUrl":"https:\/\/dev.monti.lt\/wp-content\/uploads\/2022\/03\/montilogo-1.png","width":512,"height":512,"caption":"Montessori \u017eaislai"},"image":{"@id":"https:\/\/dev.monti.lt\/#\/schema\/logo\/image\/"}}]}},"_links":{"self":[{"href":"https:\/\/dev.monti.lt\/en\/wp-json\/wp\/v2\/product\/8732"}],"collection":[{"href":"https:\/\/dev.monti.lt\/en\/wp-json\/wp\/v2\/product"}],"about":[{"href":"https:\/\/dev.monti.lt\/en\/wp-json\/wp\/v2\/types\/product"}],"version-history":[{"count":1,"href":"https:\/\/dev.monti.lt\/en\/wp-json\/wp\/v2\/product\/8732\/revisions"}],"predecessor-version":[{"id":8734,"href":"https:\/\/dev.monti.lt\/en\/wp-json\/wp\/v2\/product\/8732\/revisions\/8734"}],"wp:featuredmedia":[{"embeddable":true,"href":"https:\/\/dev.monti.lt\/en\/wp-json\/wp\/v2\/media\/8733"}],"wp:attachment":[{"href":"https:\/\/dev.monti.lt\/en\/wp-json\/wp\/v2\/media?parent=8732"}],"wp:term":[{"taxonomy":"product_cat","embeddable":true,"href":"https:\/\/dev.monti.lt\/en\/wp-json\/wp\/v2\/product_cat?post=8732"},{"taxonomy":"product_tag","embeddable":true,"href":"https:\/\/dev.monti.lt\/en\/wp-json\/wp\/v2\/product_tag?post=8732"}],"curies":[{"name":"wp","href":"https:\/\/api.w.org\/{rel}","templated":true}]}}