{"id":8726,"date":"2022-07-12T17:40:55","date_gmt":"2022-07-12T17:40:55","guid":{"rendered":"https:\/\/dev.monti.lt\/?post_type=product&#038;p=8726"},"modified":"2024-10-09T15:28:32","modified_gmt":"2024-10-09T15:28:32","slug":"mokomieji-vamzdeliai-170-vnt","status":"publish","type":"product","link":"https:\/\/dev.monti.lt\/en\/product\/mokomieji-vamzdeliai-170-vnt\/","title":{"rendered":"Mokomieji vamzdeliai, 170 vnt."},"content":{"rendered":"<p>Spalvot\u0173 vandentiekio vamzd\u017ei\u0173 formos kalad\u0117li\u0173 rinkinys.<\/p>\n<p>J\u016bs\u0173 vaikas gal\u0117s statyti dideles konstrukcijas namuose arba kieme.<\/p>\n<p>Jais galima kurti \u012fvairiausius ra\u0161tus, formas ir pie\u0161inius.<\/p>\n<p>Vienintelis apribojimas &#8211; ma\u017eojo konstruotojo fantazija ir blok\u0173 skai\u010dius.<\/p>\n<p>Lengva naudoti.<\/p>\n<p>J\u016aS\u0172 VAIKAS BUS SU\u017dAV\u0116TAS!<\/p>\n<p>Puikus \u017eaislas berniukams ir mergait\u0117ms!<\/p>\n<p>Element\u0173 \u012fvairov\u0117 ir ry\u0161kios spalvos paskatins vaik\u0105 \u017eaisti..<\/p>\n<p>Puiki pramoga visai \u0161eimai!<\/p>\n<p>\u017daisdamas su kalad\u0117l\u0117mis vaikas:<\/p>\n<p>1. lavina rank\u0173 darbo \u012fg\u016bd\u017eius.<\/p>\n<p>2. lavina susikaupim\u0105.<\/p>\n<p>3. lavina aki\u0173 koordinacij\u0105.<\/p>\n<p>4. lavina vaizduot\u0119.<\/p>\n<p>5. ugdo k\u016brybi\u0161kum\u0105.<\/p>\n<p>6.Statydami kalad\u0117les kartu su t\u0117vais ar kitais vaikais mokosi dalytis ir bendradarbiauti.<\/p>\n<p>Supakuota esteti\u0161koje originalioje d\u0117\u017eut\u0117je, kad b\u016bt\u0173 patogu laikyti.<\/p>\n<p>Pakuot\u0117s matmenys: 28 cm x 18 cm x 12 cm<\/p>\n<p>Pakuot\u0117s element\u0173 skai\u010dius: 170 element\u0173<\/p>","protected":false},"excerpt":{"rendered":"<p>Spalvot\u0173 vandentiekio vamzd\u017ei\u0173 formos kalad\u0117li\u0173 rinkinys. J\u016bs\u0173 vaikas gal\u0117s statyti dideles konstrukcijas namuose arba kieme. Jais galima kurti \u012fvairiausius ra\u0161tus, formas ir pie\u0161inius. Vienintelis apribojimas &#8211; ma\u017eojo konstruotojo fantazija ir blok\u0173 skai\u010dius. Lengva naudoti. J\u016aS\u0172 VAIKAS BUS SU\u017dAV\u0116TAS! Puikus \u017eaislas berniukams ir mergait\u0117ms! Element\u0173 \u012fvairov\u0117 ir ry\u0161kios spalvos paskatins vaik\u0105 \u017eaisti.. Puiki pramoga visai \u0161eimai! [&hellip;]<\/p>","protected":false},"featured_media":8727,"template":"","meta":{"iawp_total_views":91},"product_cat":[92,87,84,91,86,202,49,39],"product_tag":[96,97,98,99],"class_list":{"0":"post-8726","1":"product","2":"type-product","3":"status-publish","4":"has-post-thumbnail","6":"product_cat-deliones","7":"product_cat-kurybiniai-rinkiniai","8":"product_cat-lavinamieji-zaislai","9":"product_cat-loginiam-mastymui","10":"product_cat-smulkioji-motorika","11":"product_cat-vaaikiski-konstruktoriai","12":"product_cat-visi-zaislai","13":"product_cat-zaislai","14":"product_tag-2-m-3-m","15":"product_tag-3-m-4-m","16":"product_tag-5-m-7-m","17":"product_tag-8-m-11-m","19":"first","20":"instock","21":"sale","22":"taxable","23":"shipping-taxable","24":"purchasable","25":"product-type-simple"},"yoast_head":"<!-- This site is optimized with the Yoast SEO plugin v23.3 - https:\/\/yoast.com\/wordpress\/plugins\/seo\/ -->\n<title>Mokomieji vamzdeliai, 170 vnt. - Montessori \u017eaislai<\/title>\n<meta name=\"robots\" content=\"noindex, follow, max-snippet:-1, max-image-preview:large, max-video-preview:-1\" \/>\n<meta property=\"og:locale\" content=\"en_US\" \/>\n<meta property=\"og:type\" content=\"article\" \/>\n<meta property=\"og:title\" content=\"Mokomieji vamzdeliai, 170 vnt. - Montessori \u017eaislai\" \/>\n<meta property=\"og:description\" content=\"Spalvot\u0173 vandentiekio vamzd\u017ei\u0173 formos kalad\u0117li\u0173 rinkinys. J\u016bs\u0173 vaikas gal\u0117s statyti dideles konstrukcijas namuose arba kieme. Jais galima kurti \u012fvairiausius ra\u0161tus, formas ir pie\u0161inius. Vienintelis apribojimas &#8211; ma\u017eojo konstruotojo fantazija ir blok\u0173 skai\u010dius. Lengva naudoti. J\u016aS\u0172 VAIKAS BUS SU\u017dAV\u0116TAS! Puikus \u017eaislas berniukams ir mergait\u0117ms! Element\u0173 \u012fvairov\u0117 ir ry\u0161kios spalvos paskatins vaik\u0105 \u017eaisti.. Puiki pramoga visai \u0161eimai! [&hellip;]\" \/>\n<meta property=\"og:url\" content=\"https:\/\/dev.monti.lt\/en\/product\/mokomieji-vamzdeliai-170-vnt\/\" \/>\n<meta property=\"og:site_name\" content=\"Montessori \u017eaislai\" \/>\n<meta property=\"article:modified_time\" content=\"2024-10-09T15:28:32+00:00\" \/>\n<meta property=\"og:image\" content=\"https:\/\/dev.monti.lt\/wp-content\/uploads\/2022\/07\/KX780555653-scaled.jpg\" \/>\n\t<meta property=\"og:image:width\" content=\"2560\" \/>\n\t<meta property=\"og:image:height\" content=\"1794\" \/>\n\t<meta property=\"og:image:type\" content=\"image\/jpeg\" \/>\n<meta name=\"twitter:card\" content=\"summary_large_image\" \/>\n<meta name=\"twitter:label1\" content=\"Est. reading time\" \/>\n\t<meta name=\"twitter:data1\" content=\"1 minute\" \/>\n<script type=\"application\/ld+json\" class=\"yoast-schema-graph\">{\"@context\":\"https:\/\/schema.org\",\"@graph\":[{\"@type\":\"WebPage\",\"@id\":\"https:\/\/dev.monti.lt\/product\/mokomieji-vamzdeliai-170-vnt\/\",\"url\":\"https:\/\/dev.monti.lt\/product\/mokomieji-vamzdeliai-170-vnt\/\",\"name\":\"Mokomieji vamzdeliai, 170 vnt. - Montessori \u017eaislai\",\"isPartOf\":{\"@id\":\"https:\/\/dev.monti.lt\/#website\"},\"primaryImageOfPage\":{\"@id\":\"https:\/\/dev.monti.lt\/product\/mokomieji-vamzdeliai-170-vnt\/#primaryimage\"},\"image\":{\"@id\":\"https:\/\/dev.monti.lt\/product\/mokomieji-vamzdeliai-170-vnt\/#primaryimage\"},\"thumbnailUrl\":\"https:\/\/dev.monti.lt\/wp-content\/uploads\/2022\/07\/KX780555653-scaled.jpg\",\"datePublished\":\"2022-07-12T17:40:55+00:00\",\"dateModified\":\"2024-10-09T15:28:32+00:00\",\"breadcrumb\":{\"@id\":\"https:\/\/dev.monti.lt\/product\/mokomieji-vamzdeliai-170-vnt\/#breadcrumb\"},\"inLanguage\":\"en-US\",\"potentialAction\":[{\"@type\":\"ReadAction\",\"target\":[\"https:\/\/dev.monti.lt\/product\/mokomieji-vamzdeliai-170-vnt\/\"]}]},{\"@type\":\"ImageObject\",\"inLanguage\":\"en-US\",\"@id\":\"https:\/\/dev.monti.lt\/product\/mokomieji-vamzdeliai-170-vnt\/#primaryimage\",\"url\":\"https:\/\/dev.monti.lt\/wp-content\/uploads\/2022\/07\/KX780555653-scaled.jpg\",\"contentUrl\":\"https:\/\/dev.monti.lt\/wp-content\/uploads\/2022\/07\/KX780555653-scaled.jpg\",\"width\":2560,\"height\":1794},{\"@type\":\"BreadcrumbList\",\"@id\":\"https:\/\/dev.monti.lt\/product\/mokomieji-vamzdeliai-170-vnt\/#breadcrumb\",\"itemListElement\":[{\"@type\":\"ListItem\",\"position\":1,\"name\":\"Home\",\"item\":\"https:\/\/dev.monti.lt\/\"},{\"@type\":\"ListItem\",\"position\":2,\"name\":\"Parduotuv\u0117\",\"item\":\"https:\/\/dev.monti.lt\/shop\/\"},{\"@type\":\"ListItem\",\"position\":3,\"name\":\"Mokomieji vamzdeliai, 170 vnt.\"}]},{\"@type\":\"WebSite\",\"@id\":\"https:\/\/dev.monti.lt\/#website\",\"url\":\"https:\/\/dev.monti.lt\/\",\"name\":\"Montessori \u017eaislai\",\"description\":\"\",\"publisher\":{\"@id\":\"https:\/\/dev.monti.lt\/#organization\"},\"potentialAction\":[{\"@type\":\"SearchAction\",\"target\":{\"@type\":\"EntryPoint\",\"urlTemplate\":\"https:\/\/dev.monti.lt\/?s={search_term_string}\"},\"query-input\":\"required name=search_term_string\"}],\"inLanguage\":\"en-US\"},{\"@type\":\"Organization\",\"@id\":\"https:\/\/dev.monti.lt\/#organization\",\"name\":\"Montessori \u017eaislai\",\"url\":\"https:\/\/dev.monti.lt\/\",\"logo\":{\"@type\":\"ImageObject\",\"inLanguage\":\"en-US\",\"@id\":\"https:\/\/dev.monti.lt\/#\/schema\/logo\/image\/\",\"url\":\"https:\/\/dev.monti.lt\/wp-content\/uploads\/2022\/03\/montilogo-1.png\",\"contentUrl\":\"https:\/\/dev.monti.lt\/wp-content\/uploads\/2022\/03\/montilogo-1.png\",\"width\":512,\"height\":512,\"caption\":\"Montessori \u017eaislai\"},\"image\":{\"@id\":\"https:\/\/dev.monti.lt\/#\/schema\/logo\/image\/\"}}]}<\/script>\n<!-- \/ Yoast SEO plugin. -->","yoast_head_json":{"title":"Mokomieji vamzdeliai, 170 vnt. - Montessori \u017eaislai","robots":{"index":"noindex","follow":"follow","max-snippet":"max-snippet:-1","max-image-preview":"max-image-preview:large","max-video-preview":"max-video-preview:-1"},"og_locale":"en_US","og_type":"article","og_title":"Mokomieji vamzdeliai, 170 vnt. - Montessori \u017eaislai","og_description":"Spalvot\u0173 vandentiekio vamzd\u017ei\u0173 formos kalad\u0117li\u0173 rinkinys. J\u016bs\u0173 vaikas gal\u0117s statyti dideles konstrukcijas namuose arba kieme. Jais galima kurti \u012fvairiausius ra\u0161tus, formas ir pie\u0161inius. Vienintelis apribojimas &#8211; ma\u017eojo konstruotojo fantazija ir blok\u0173 skai\u010dius. Lengva naudoti. J\u016aS\u0172 VAIKAS BUS SU\u017dAV\u0116TAS! Puikus \u017eaislas berniukams ir mergait\u0117ms! Element\u0173 \u012fvairov\u0117 ir ry\u0161kios spalvos paskatins vaik\u0105 \u017eaisti.. Puiki pramoga visai \u0161eimai! [&hellip;]","og_url":"https:\/\/dev.monti.lt\/en\/product\/mokomieji-vamzdeliai-170-vnt\/","og_site_name":"Montessori \u017eaislai","article_modified_time":"2024-10-09T15:28:32+00:00","og_image":[{"width":2560,"height":1794,"url":"https:\/\/dev.monti.lt\/wp-content\/uploads\/2022\/07\/KX780555653-scaled.jpg","type":"image\/jpeg"}],"twitter_card":"summary_large_image","twitter_misc":{"Est. reading time":"1 minute"},"schema":{"@context":"https:\/\/schema.org","@graph":[{"@type":"WebPage","@id":"https:\/\/dev.monti.lt\/product\/mokomieji-vamzdeliai-170-vnt\/","url":"https:\/\/dev.monti.lt\/product\/mokomieji-vamzdeliai-170-vnt\/","name":"Mokomieji vamzdeliai, 170 vnt. - Montessori \u017eaislai","isPartOf":{"@id":"https:\/\/dev.monti.lt\/#website"},"primaryImageOfPage":{"@id":"https:\/\/dev.monti.lt\/product\/mokomieji-vamzdeliai-170-vnt\/#primaryimage"},"image":{"@id":"https:\/\/dev.monti.lt\/product\/mokomieji-vamzdeliai-170-vnt\/#primaryimage"},"thumbnailUrl":"https:\/\/dev.monti.lt\/wp-content\/uploads\/2022\/07\/KX780555653-scaled.jpg","datePublished":"2022-07-12T17:40:55+00:00","dateModified":"2024-10-09T15:28:32+00:00","breadcrumb":{"@id":"https:\/\/dev.monti.lt\/product\/mokomieji-vamzdeliai-170-vnt\/#breadcrumb"},"inLanguage":"en-US","potentialAction":[{"@type":"ReadAction","target":["https:\/\/dev.monti.lt\/product\/mokomieji-vamzdeliai-170-vnt\/"]}]},{"@type":"ImageObject","inLanguage":"en-US","@id":"https:\/\/dev.monti.lt\/product\/mokomieji-vamzdeliai-170-vnt\/#primaryimage","url":"https:\/\/dev.monti.lt\/wp-content\/uploads\/2022\/07\/KX780555653-scaled.jpg","contentUrl":"https:\/\/dev.monti.lt\/wp-content\/uploads\/2022\/07\/KX780555653-scaled.jpg","width":2560,"height":1794},{"@type":"BreadcrumbList","@id":"https:\/\/dev.monti.lt\/product\/mokomieji-vamzdeliai-170-vnt\/#breadcrumb","itemListElement":[{"@type":"ListItem","position":1,"name":"Home","item":"https:\/\/dev.monti.lt\/"},{"@type":"ListItem","position":2,"name":"Parduotuv\u0117","item":"https:\/\/dev.monti.lt\/shop\/"},{"@type":"ListItem","position":3,"name":"Mokomieji vamzdeliai, 170 vnt."}]},{"@type":"WebSite","@id":"https:\/\/dev.monti.lt\/#website","url":"https:\/\/dev.monti.lt\/","name":"Montessori \u017eaislai","description":"","publisher":{"@id":"https:\/\/dev.monti.lt\/#organization"},"potentialAction":[{"@type":"SearchAction","target":{"@type":"EntryPoint","urlTemplate":"https:\/\/dev.monti.lt\/?s={search_term_string}"},"query-input":"required name=search_term_string"}],"inLanguage":"en-US"},{"@type":"Organization","@id":"https:\/\/dev.monti.lt\/#organization","name":"Montessori \u017eaislai","url":"https:\/\/dev.monti.lt\/","logo":{"@type":"ImageObject","inLanguage":"en-US","@id":"https:\/\/dev.monti.lt\/#\/schema\/logo\/image\/","url":"https:\/\/dev.monti.lt\/wp-content\/uploads\/2022\/03\/montilogo-1.png","contentUrl":"https:\/\/dev.monti.lt\/wp-content\/uploads\/2022\/03\/montilogo-1.png","width":512,"height":512,"caption":"Montessori \u017eaislai"},"image":{"@id":"https:\/\/dev.monti.lt\/#\/schema\/logo\/image\/"}}]}},"_links":{"self":[{"href":"https:\/\/dev.monti.lt\/en\/wp-json\/wp\/v2\/product\/8726"}],"collection":[{"href":"https:\/\/dev.monti.lt\/en\/wp-json\/wp\/v2\/product"}],"about":[{"href":"https:\/\/dev.monti.lt\/en\/wp-json\/wp\/v2\/types\/product"}],"version-history":[{"count":2,"href":"https:\/\/dev.monti.lt\/en\/wp-json\/wp\/v2\/product\/8726\/revisions"}],"predecessor-version":[{"id":13375,"href":"https:\/\/dev.monti.lt\/en\/wp-json\/wp\/v2\/product\/8726\/revisions\/13375"}],"wp:featuredmedia":[{"embeddable":true,"href":"https:\/\/dev.monti.lt\/en\/wp-json\/wp\/v2\/media\/8727"}],"wp:attachment":[{"href":"https:\/\/dev.monti.lt\/en\/wp-json\/wp\/v2\/media?parent=8726"}],"wp:term":[{"taxonomy":"product_cat","embeddable":true,"href":"https:\/\/dev.monti.lt\/en\/wp-json\/wp\/v2\/product_cat?post=8726"},{"taxonomy":"product_tag","embeddable":true,"href":"https:\/\/dev.monti.lt\/en\/wp-json\/wp\/v2\/product_tag?post=8726"}],"curies":[{"name":"wp","href":"https:\/\/api.w.org\/{rel}","templated":true}]}}