{"id":8716,"date":"2022-07-12T12:35:32","date_gmt":"2022-07-12T12:35:32","guid":{"rendered":"https:\/\/dev.monti.lt\/?post_type=product&#038;p=8716"},"modified":"2024-10-01T11:48:26","modified_gmt":"2024-10-01T11:48:26","slug":"odontologo-rinkinys-begemotas","status":"publish","type":"product","link":"https:\/\/dev.monti.lt\/en\/product\/odontologo-rinkinys-begemotas\/","title":{"rendered":"Odontologo rinkinys Begemotas"},"content":{"rendered":"<p><span style=\"font-family: Tahoma; font-size: large;\">Ma\u017eajam begemotui skauda dantis.<\/span><\/p>\n<p><span style=\"font-family: Tahoma; font-size: large;\">Jums reik\u0117s ma\u017eojo odontologo pagalbos.<\/span><\/p>\n<p><span style=\"font-family: Tahoma; font-size: large;\"><strong>Rinkinys leis \u012fsijausti \u012f tikro odontologo vaidmen\u012f<\/strong> ir pasir\u016bpinti sveikomis J\u016bs\u0173 vaiko me\u0161kiuk\u0173 bei l\u0117li\u0173 \u0161ypsenomis.<\/span><\/p>\n<p><span style=\"font-family: Tahoma; font-size: large;\">Fantasti\u0161kas \u017eaislas, kuris leis j\u016bs\u0173 vaikui priprasti prie vizito pas odontolog\u0105<\/span><\/p>\n<p><span style=\"font-family: Tahoma; font-size: large;\"><span class=\"\">Apsilankymas odontologo kabinete nebebus toks baisus.<\/span><\/span><\/p>\n<p><span style=\"font-family: Tahoma; font-size: large;\">\u017daislas pad\u0117s j\u016bs\u0173 vaikui i\u0161siugdyti sveikus \u012fpro\u010dius, susijusius su burnos ertm\u0117s prie\u017ei\u016bra.<\/span><\/p>\n<p><span style=\"font-family: Tahoma; font-size: large;\">Be to, \u017eaidimas odontologu skatina vaiko k\u016brybi\u0161kum\u0105 ir padeda vystytis vaiko motoriniams \u012fg\u016bd\u017eiams.<\/span><\/p>\n<p><span style=\"font-family: Tahoma; font-size: large;\"><strong>\u012e rinkin\u012f \u012feina visi reikalingi daiktai, kad ma\u017easis odontologas gal\u0117t\u0173 i\u0161gydyti begemoto dantis:<\/strong><\/span><\/p>\n<ul>\n<li>\n<div><span style=\"font-family: Tahoma; font-size: large;\">Begemotas su i\u0161imamais dantimis<\/span><\/div>\n<\/li>\n<li><span style=\"font-family: Tahoma; font-size: large;\">Dant\u0173 \u0161epet\u0117lis<\/span><\/li>\n<li><span style=\"font-family: Tahoma; font-size: large;\">Dant\u0173 pasta,<\/span><\/li>\n<li><span style=\"font-family: Tahoma; font-size: large;\">Dant\u0173 veidrodis<\/span><\/li>\n<li><span style=\"font-family: Tahoma; font-size: large;\">\u0160virk\u0161tas<\/span><\/li>\n<li><span style=\"font-family: Tahoma; font-size: large;\">Gr\u0119\u017eimo antgalis<\/span><\/li>\n<li><span style=\"font-family: Tahoma; font-size: large;\">Pincetai<\/span><\/li>\n<li><span style=\"font-family: Tahoma; font-size: large;\">Kortel\u0117s angl\u0173 kalba<\/span><\/li>\n<\/ul><p><strong>Matmenys:<\/strong><\/p><ul class=\"wp-block-list\"><li>Hippo: 9,5 cm x 6,5 cm x 5 cm<\/li><li>Dant\u0173 \u0161epet\u0117lis: 13,5 cm x 2 cm<\/li><li>Dantys: 7cm x 4cm x 2cm<\/li><li>Dant\u0173 pasta: ilgis 8,5 cm<\/li><li>Dant\u0173 veidrodis: ilgis 13cm<\/li><li>\u0160virk\u0161tas: 11,5 cm x 3,5 cm<\/li><li>Gr\u0119\u017eimo antgalis: ilgis 11,5 cm&nbsp;<\/li><li>Pincetas: ilgis 10,5 cm<\/li><li>Dant\u0173 skaleris: ilgis 12cm<\/li><li>pakuot\u0117&nbsp;:&nbsp;36x28cmx6cm<\/li><\/ul><p><strong>Spalva:<\/strong>&nbsp;m\u0117t\u0173<\/p><p><strong>Med\u017eiaga:<\/strong><\/p><ul class=\"wp-block-list\"><li><strong>Kortel\u0117s:<\/strong>&nbsp;kartonin\u0117s<\/li><li><strong>Begemotas ir odontologijos instrumentai:<\/strong>&nbsp;plastikiniai<\/li><\/ul><p>* \u017daislui nereikia naudoti baterij\u0173<\/p>","protected":false},"excerpt":{"rendered":"<p>Ma\u017eajam begemotui skauda dantis. Jums reik\u0117s ma\u017eojo odontologo pagalbos. Rinkinys leis \u012fsijausti \u012f tikro odontologo vaidmen\u012f ir pasir\u016bpinti sveikomis J\u016bs\u0173 vaiko me\u0161kiuk\u0173 bei l\u0117li\u0173 \u0161ypsenomis. Fantasti\u0161kas \u017eaislas, kuris leis j\u016bs\u0173 vaikui priprasti prie vizito pas odontolog\u0105 Apsilankymas odontologo kabinete nebebus toks baisus. \u017daislas pad\u0117s j\u016bs\u0173 vaikui i\u0161siugdyti sveikus \u012fpro\u010dius, susijusius su burnos ertm\u0117s prie\u017ei\u016bra. Be [&hellip;]<\/p>","protected":false},"featured_media":8717,"template":"","meta":{"iawp_total_views":109},"product_cat":[213,82,84,93,49,39],"product_tag":[97,98,99],"class_list":{"0":"post-8716","1":"product","2":"type-product","3":"status-publish","4":"has-post-thumbnail","6":"product_cat-akcija","7":"product_cat-ispardavimas","8":"product_cat-lavinamieji-zaislai","9":"product_cat-vaidmenu-zaidimai","10":"product_cat-visi-zaislai","11":"product_cat-zaislai","12":"product_tag-3-m-4-m","13":"product_tag-5-m-7-m","14":"product_tag-8-m-11-m","16":"first","17":"instock","18":"sale","19":"taxable","20":"shipping-taxable","21":"purchasable","22":"product-type-simple"},"yoast_head":"<!-- This site is optimized with the Yoast SEO plugin v23.3 - https:\/\/yoast.com\/wordpress\/plugins\/seo\/ -->\n<title>Odontologo rinkinys Begemotas - Montessori \u017eaislai<\/title>\n<meta name=\"robots\" content=\"noindex, follow, max-snippet:-1, max-image-preview:large, max-video-preview:-1\" \/>\n<meta property=\"og:locale\" content=\"en_US\" \/>\n<meta property=\"og:type\" content=\"article\" \/>\n<meta property=\"og:title\" content=\"Odontologo rinkinys Begemotas - Montessori \u017eaislai\" \/>\n<meta property=\"og:description\" content=\"Ma\u017eajam begemotui skauda dantis. Jums reik\u0117s ma\u017eojo odontologo pagalbos. Rinkinys leis \u012fsijausti \u012f tikro odontologo vaidmen\u012f ir pasir\u016bpinti sveikomis J\u016bs\u0173 vaiko me\u0161kiuk\u0173 bei l\u0117li\u0173 \u0161ypsenomis. Fantasti\u0161kas \u017eaislas, kuris leis j\u016bs\u0173 vaikui priprasti prie vizito pas odontolog\u0105 Apsilankymas odontologo kabinete nebebus toks baisus. \u017daislas pad\u0117s j\u016bs\u0173 vaikui i\u0161siugdyti sveikus \u012fpro\u010dius, susijusius su burnos ertm\u0117s prie\u017ei\u016bra. Be [&hellip;]\" \/>\n<meta property=\"og:url\" content=\"https:\/\/dev.monti.lt\/en\/product\/odontologo-rinkinys-begemotas\/\" \/>\n<meta property=\"og:site_name\" content=\"Montessori \u017eaislai\" \/>\n<meta property=\"article:modified_time\" content=\"2024-10-01T11:48:26+00:00\" \/>\n<meta property=\"og:image\" content=\"https:\/\/dev.monti.lt\/wp-content\/uploads\/2022\/07\/miniaturka_hipopotam.jpg\" \/>\n\t<meta property=\"og:image:width\" content=\"1600\" \/>\n\t<meta property=\"og:image:height\" content=\"1200\" \/>\n\t<meta property=\"og:image:type\" content=\"image\/jpeg\" \/>\n<meta name=\"twitter:card\" content=\"summary_large_image\" \/>\n<meta name=\"twitter:label1\" content=\"Est. reading time\" \/>\n\t<meta name=\"twitter:data1\" content=\"1 minute\" \/>\n<script type=\"application\/ld+json\" class=\"yoast-schema-graph\">{\"@context\":\"https:\/\/schema.org\",\"@graph\":[{\"@type\":\"WebPage\",\"@id\":\"https:\/\/dev.monti.lt\/product\/odontologo-rinkinys-begemotas\/\",\"url\":\"https:\/\/dev.monti.lt\/product\/odontologo-rinkinys-begemotas\/\",\"name\":\"Odontologo rinkinys Begemotas - Montessori \u017eaislai\",\"isPartOf\":{\"@id\":\"https:\/\/dev.monti.lt\/#website\"},\"primaryImageOfPage\":{\"@id\":\"https:\/\/dev.monti.lt\/product\/odontologo-rinkinys-begemotas\/#primaryimage\"},\"image\":{\"@id\":\"https:\/\/dev.monti.lt\/product\/odontologo-rinkinys-begemotas\/#primaryimage\"},\"thumbnailUrl\":\"https:\/\/dev.monti.lt\/wp-content\/uploads\/2022\/07\/miniaturka_hipopotam.jpg\",\"datePublished\":\"2022-07-12T12:35:32+00:00\",\"dateModified\":\"2024-10-01T11:48:26+00:00\",\"breadcrumb\":{\"@id\":\"https:\/\/dev.monti.lt\/product\/odontologo-rinkinys-begemotas\/#breadcrumb\"},\"inLanguage\":\"en-US\",\"potentialAction\":[{\"@type\":\"ReadAction\",\"target\":[\"https:\/\/dev.monti.lt\/product\/odontologo-rinkinys-begemotas\/\"]}]},{\"@type\":\"ImageObject\",\"inLanguage\":\"en-US\",\"@id\":\"https:\/\/dev.monti.lt\/product\/odontologo-rinkinys-begemotas\/#primaryimage\",\"url\":\"https:\/\/dev.monti.lt\/wp-content\/uploads\/2022\/07\/miniaturka_hipopotam.jpg\",\"contentUrl\":\"https:\/\/dev.monti.lt\/wp-content\/uploads\/2022\/07\/miniaturka_hipopotam.jpg\",\"width\":1600,\"height\":1200},{\"@type\":\"BreadcrumbList\",\"@id\":\"https:\/\/dev.monti.lt\/product\/odontologo-rinkinys-begemotas\/#breadcrumb\",\"itemListElement\":[{\"@type\":\"ListItem\",\"position\":1,\"name\":\"Home\",\"item\":\"https:\/\/dev.monti.lt\/\"},{\"@type\":\"ListItem\",\"position\":2,\"name\":\"Parduotuv\u0117\",\"item\":\"https:\/\/dev.monti.lt\/shop\/\"},{\"@type\":\"ListItem\",\"position\":3,\"name\":\"Odontologo rinkinys Begemotas\"}]},{\"@type\":\"WebSite\",\"@id\":\"https:\/\/dev.monti.lt\/#website\",\"url\":\"https:\/\/dev.monti.lt\/\",\"name\":\"Montessori \u017eaislai\",\"description\":\"\",\"publisher\":{\"@id\":\"https:\/\/dev.monti.lt\/#organization\"},\"potentialAction\":[{\"@type\":\"SearchAction\",\"target\":{\"@type\":\"EntryPoint\",\"urlTemplate\":\"https:\/\/dev.monti.lt\/?s={search_term_string}\"},\"query-input\":\"required name=search_term_string\"}],\"inLanguage\":\"en-US\"},{\"@type\":\"Organization\",\"@id\":\"https:\/\/dev.monti.lt\/#organization\",\"name\":\"Montessori \u017eaislai\",\"url\":\"https:\/\/dev.monti.lt\/\",\"logo\":{\"@type\":\"ImageObject\",\"inLanguage\":\"en-US\",\"@id\":\"https:\/\/dev.monti.lt\/#\/schema\/logo\/image\/\",\"url\":\"https:\/\/dev.monti.lt\/wp-content\/uploads\/2022\/03\/montilogo-1.png\",\"contentUrl\":\"https:\/\/dev.monti.lt\/wp-content\/uploads\/2022\/03\/montilogo-1.png\",\"width\":512,\"height\":512,\"caption\":\"Montessori \u017eaislai\"},\"image\":{\"@id\":\"https:\/\/dev.monti.lt\/#\/schema\/logo\/image\/\"}}]}<\/script>\n<!-- \/ Yoast SEO plugin. -->","yoast_head_json":{"title":"Odontologo rinkinys Begemotas - Montessori \u017eaislai","robots":{"index":"noindex","follow":"follow","max-snippet":"max-snippet:-1","max-image-preview":"max-image-preview:large","max-video-preview":"max-video-preview:-1"},"og_locale":"en_US","og_type":"article","og_title":"Odontologo rinkinys Begemotas - Montessori \u017eaislai","og_description":"Ma\u017eajam begemotui skauda dantis. Jums reik\u0117s ma\u017eojo odontologo pagalbos. Rinkinys leis \u012fsijausti \u012f tikro odontologo vaidmen\u012f ir pasir\u016bpinti sveikomis J\u016bs\u0173 vaiko me\u0161kiuk\u0173 bei l\u0117li\u0173 \u0161ypsenomis. Fantasti\u0161kas \u017eaislas, kuris leis j\u016bs\u0173 vaikui priprasti prie vizito pas odontolog\u0105 Apsilankymas odontologo kabinete nebebus toks baisus. \u017daislas pad\u0117s j\u016bs\u0173 vaikui i\u0161siugdyti sveikus \u012fpro\u010dius, susijusius su burnos ertm\u0117s prie\u017ei\u016bra. Be [&hellip;]","og_url":"https:\/\/dev.monti.lt\/en\/product\/odontologo-rinkinys-begemotas\/","og_site_name":"Montessori \u017eaislai","article_modified_time":"2024-10-01T11:48:26+00:00","og_image":[{"width":1600,"height":1200,"url":"https:\/\/dev.monti.lt\/wp-content\/uploads\/2022\/07\/miniaturka_hipopotam.jpg","type":"image\/jpeg"}],"twitter_card":"summary_large_image","twitter_misc":{"Est. reading time":"1 minute"},"schema":{"@context":"https:\/\/schema.org","@graph":[{"@type":"WebPage","@id":"https:\/\/dev.monti.lt\/product\/odontologo-rinkinys-begemotas\/","url":"https:\/\/dev.monti.lt\/product\/odontologo-rinkinys-begemotas\/","name":"Odontologo rinkinys Begemotas - Montessori \u017eaislai","isPartOf":{"@id":"https:\/\/dev.monti.lt\/#website"},"primaryImageOfPage":{"@id":"https:\/\/dev.monti.lt\/product\/odontologo-rinkinys-begemotas\/#primaryimage"},"image":{"@id":"https:\/\/dev.monti.lt\/product\/odontologo-rinkinys-begemotas\/#primaryimage"},"thumbnailUrl":"https:\/\/dev.monti.lt\/wp-content\/uploads\/2022\/07\/miniaturka_hipopotam.jpg","datePublished":"2022-07-12T12:35:32+00:00","dateModified":"2024-10-01T11:48:26+00:00","breadcrumb":{"@id":"https:\/\/dev.monti.lt\/product\/odontologo-rinkinys-begemotas\/#breadcrumb"},"inLanguage":"en-US","potentialAction":[{"@type":"ReadAction","target":["https:\/\/dev.monti.lt\/product\/odontologo-rinkinys-begemotas\/"]}]},{"@type":"ImageObject","inLanguage":"en-US","@id":"https:\/\/dev.monti.lt\/product\/odontologo-rinkinys-begemotas\/#primaryimage","url":"https:\/\/dev.monti.lt\/wp-content\/uploads\/2022\/07\/miniaturka_hipopotam.jpg","contentUrl":"https:\/\/dev.monti.lt\/wp-content\/uploads\/2022\/07\/miniaturka_hipopotam.jpg","width":1600,"height":1200},{"@type":"BreadcrumbList","@id":"https:\/\/dev.monti.lt\/product\/odontologo-rinkinys-begemotas\/#breadcrumb","itemListElement":[{"@type":"ListItem","position":1,"name":"Home","item":"https:\/\/dev.monti.lt\/"},{"@type":"ListItem","position":2,"name":"Parduotuv\u0117","item":"https:\/\/dev.monti.lt\/shop\/"},{"@type":"ListItem","position":3,"name":"Odontologo rinkinys Begemotas"}]},{"@type":"WebSite","@id":"https:\/\/dev.monti.lt\/#website","url":"https:\/\/dev.monti.lt\/","name":"Montessori \u017eaislai","description":"","publisher":{"@id":"https:\/\/dev.monti.lt\/#organization"},"potentialAction":[{"@type":"SearchAction","target":{"@type":"EntryPoint","urlTemplate":"https:\/\/dev.monti.lt\/?s={search_term_string}"},"query-input":"required name=search_term_string"}],"inLanguage":"en-US"},{"@type":"Organization","@id":"https:\/\/dev.monti.lt\/#organization","name":"Montessori \u017eaislai","url":"https:\/\/dev.monti.lt\/","logo":{"@type":"ImageObject","inLanguage":"en-US","@id":"https:\/\/dev.monti.lt\/#\/schema\/logo\/image\/","url":"https:\/\/dev.monti.lt\/wp-content\/uploads\/2022\/03\/montilogo-1.png","contentUrl":"https:\/\/dev.monti.lt\/wp-content\/uploads\/2022\/03\/montilogo-1.png","width":512,"height":512,"caption":"Montessori \u017eaislai"},"image":{"@id":"https:\/\/dev.monti.lt\/#\/schema\/logo\/image\/"}}]}},"_links":{"self":[{"href":"https:\/\/dev.monti.lt\/en\/wp-json\/wp\/v2\/product\/8716"}],"collection":[{"href":"https:\/\/dev.monti.lt\/en\/wp-json\/wp\/v2\/product"}],"about":[{"href":"https:\/\/dev.monti.lt\/en\/wp-json\/wp\/v2\/types\/product"}],"version-history":[{"count":3,"href":"https:\/\/dev.monti.lt\/en\/wp-json\/wp\/v2\/product\/8716\/revisions"}],"predecessor-version":[{"id":13366,"href":"https:\/\/dev.monti.lt\/en\/wp-json\/wp\/v2\/product\/8716\/revisions\/13366"}],"wp:featuredmedia":[{"embeddable":true,"href":"https:\/\/dev.monti.lt\/en\/wp-json\/wp\/v2\/media\/8717"}],"wp:attachment":[{"href":"https:\/\/dev.monti.lt\/en\/wp-json\/wp\/v2\/media?parent=8716"}],"wp:term":[{"taxonomy":"product_cat","embeddable":true,"href":"https:\/\/dev.monti.lt\/en\/wp-json\/wp\/v2\/product_cat?post=8716"},{"taxonomy":"product_tag","embeddable":true,"href":"https:\/\/dev.monti.lt\/en\/wp-json\/wp\/v2\/product_tag?post=8716"}],"curies":[{"name":"wp","href":"https:\/\/api.w.org\/{rel}","templated":true}]}}