{"id":8685,"date":"2022-07-05T11:38:04","date_gmt":"2022-07-05T11:38:04","guid":{"rendered":"https:\/\/dev.monti.lt\/?post_type=product&#038;p=8685"},"modified":"2024-09-12T10:02:03","modified_gmt":"2024-09-12T10:02:03","slug":"emociju-zaidimas","status":"publish","type":"product","link":"https:\/\/dev.monti.lt\/en\/product\/emociju-zaidimas\/","title":{"rendered":"Emocij\u0173 \u017eaidimas"},"content":{"rendered":"<p><span style=\"font-family: Tahoma; font-size: large;\"><strong>Vaiko am\u017eius<\/strong> : 3+<\/span><\/p>\n<p><span style=\"font-family: Tahoma; font-size: large;\"><strong>Med\u017eiaga:<\/strong> mediniai kubeliai, popierin\u0117s kortel\u0117s<\/span><\/p>\n<p><span style=\"font-family: Tahoma; font-size: large;\"><strong>Komplekto turinys:<\/strong><\/span><\/p>\n<ul>\n<li><span style=\"font-family: Tahoma; font-size: large;\">8 medin\u0117s kalad\u0117l\u0117s<\/span><\/li>\n<li><span style=\"font-family: Tahoma; font-size: large;\">1x kauliukai<\/span><\/li>\n<li><span style=\"font-family: Tahoma; font-size: large;\">16 korteli\u0173<\/span><\/li>\n<\/ul>\n<p><span style=\"font-family: Tahoma; font-size: large;\"><strong>Matmenys:<\/strong><\/span><\/p>\n<ul>\n<li><span style=\"font-family: Tahoma; font-size: large;\"><strong>vienas blokas:<\/strong> 2,5 cm x 2,5 cm x 2,5 cm<\/span><\/li>\n<li><span style=\"font-family: Tahoma; font-size: large;\"><strong>kauliukai:<\/strong> 1,5 cm x 1,5 cm x 1,5 cm<\/span><\/li>\n<li><span style=\"font-family: Tahoma; font-size: large;\"><strong>kortel\u0117s:<\/strong> 5 cm x 5 cm<\/span><\/li>\n<li><span style=\"font-family: Tahoma; font-size: large;\"><strong>pakuot\u0117:<\/strong> 12,5 cm x 9,5 cm x 5,5 cm<\/span><\/li>\n<\/ul>\n<p><span style=\"font-family: Tahoma; font-size: large;\">Supakuota prakti\u0161koje, metalin\u0117je d\u0117\u017eut\u0117je.<\/span><\/p>","protected":false},"excerpt":{"rendered":"<p>Vaiko am\u017eius : 3+ Med\u017eiaga: mediniai kubeliai, popierin\u0117s kortel\u0117s Komplekto turinys: 8 medin\u0117s kalad\u0117l\u0117s 1x kauliukai 16 korteli\u0173 Matmenys: vienas blokas: 2,5 cm x 2,5 cm x 2,5 cm kauliukai: 1,5 cm x 1,5 cm x 1,5 cm kortel\u0117s: 5 cm x 5 cm pakuot\u0117: 12,5 cm x 9,5 cm x 5,5 cm Supakuota prakti\u0161koje, [&hellip;]<\/p>","protected":false},"featured_media":8686,"template":"","meta":{"iawp_total_views":152},"product_cat":[92,84,90,199,49,39],"product_tag":[101,97,98,99],"class_list":{"0":"post-8685","1":"product","2":"type-product","3":"status-publish","4":"has-post-thumbnail","6":"product_cat-deliones","7":"product_cat-lavinamieji-zaislai","8":"product_cat-pasaulio-pazinimas","9":"product_cat-ugdymo-istaigoms","10":"product_cat-visi-zaislai","11":"product_cat-zaislai","12":"product_tag-12-m-14-m","13":"product_tag-3-m-4-m","14":"product_tag-5-m-7-m","15":"product_tag-8-m-11-m","17":"first","18":"instock","19":"taxable","20":"shipping-taxable","21":"purchasable","22":"product-type-simple"},"yoast_head":"<!-- This site is optimized with the Yoast SEO plugin v23.3 - https:\/\/yoast.com\/wordpress\/plugins\/seo\/ -->\n<title>Emocij\u0173 \u017eaidimas - Montessori \u017eaislai<\/title>\n<meta name=\"robots\" content=\"noindex, follow, max-snippet:-1, max-image-preview:large, max-video-preview:-1\" \/>\n<meta property=\"og:locale\" content=\"en_US\" \/>\n<meta property=\"og:type\" content=\"article\" \/>\n<meta property=\"og:title\" content=\"Emocij\u0173 \u017eaidimas - Montessori \u017eaislai\" \/>\n<meta property=\"og:description\" content=\"Vaiko am\u017eius : 3+ Med\u017eiaga: mediniai kubeliai, popierin\u0117s kortel\u0117s Komplekto turinys: 8 medin\u0117s kalad\u0117l\u0117s 1x kauliukai 16 korteli\u0173 Matmenys: vienas blokas: 2,5 cm x 2,5 cm x 2,5 cm kauliukai: 1,5 cm x 1,5 cm x 1,5 cm kortel\u0117s: 5 cm x 5 cm pakuot\u0117: 12,5 cm x 9,5 cm x 5,5 cm Supakuota prakti\u0161koje, [&hellip;]\" \/>\n<meta property=\"og:url\" content=\"https:\/\/dev.monti.lt\/en\/product\/emociju-zaidimas\/\" \/>\n<meta property=\"og:site_name\" content=\"Montessori \u017eaislai\" \/>\n<meta property=\"article:modified_time\" content=\"2024-09-12T10:02:03+00:00\" \/>\n<meta property=\"og:image\" content=\"https:\/\/dev.monti.lt\/wp-content\/uploads\/2022\/07\/KX531679325.jpg\" \/>\n\t<meta property=\"og:image:width\" content=\"1024\" \/>\n\t<meta property=\"og:image:height\" content=\"768\" \/>\n\t<meta property=\"og:image:type\" content=\"image\/jpeg\" \/>\n<meta name=\"twitter:card\" content=\"summary_large_image\" \/>\n<meta name=\"twitter:label1\" content=\"Est. reading time\" \/>\n\t<meta name=\"twitter:data1\" content=\"1 minute\" \/>\n<script type=\"application\/ld+json\" class=\"yoast-schema-graph\">{\"@context\":\"https:\/\/schema.org\",\"@graph\":[{\"@type\":\"WebPage\",\"@id\":\"https:\/\/dev.monti.lt\/product\/emociju-zaidimas\/\",\"url\":\"https:\/\/dev.monti.lt\/product\/emociju-zaidimas\/\",\"name\":\"Emocij\u0173 \u017eaidimas - Montessori \u017eaislai\",\"isPartOf\":{\"@id\":\"https:\/\/dev.monti.lt\/#website\"},\"primaryImageOfPage\":{\"@id\":\"https:\/\/dev.monti.lt\/product\/emociju-zaidimas\/#primaryimage\"},\"image\":{\"@id\":\"https:\/\/dev.monti.lt\/product\/emociju-zaidimas\/#primaryimage\"},\"thumbnailUrl\":\"https:\/\/dev.monti.lt\/wp-content\/uploads\/2022\/07\/KX531679325.jpg\",\"datePublished\":\"2022-07-05T11:38:04+00:00\",\"dateModified\":\"2024-09-12T10:02:03+00:00\",\"breadcrumb\":{\"@id\":\"https:\/\/dev.monti.lt\/product\/emociju-zaidimas\/#breadcrumb\"},\"inLanguage\":\"en-US\",\"potentialAction\":[{\"@type\":\"ReadAction\",\"target\":[\"https:\/\/dev.monti.lt\/product\/emociju-zaidimas\/\"]}]},{\"@type\":\"ImageObject\",\"inLanguage\":\"en-US\",\"@id\":\"https:\/\/dev.monti.lt\/product\/emociju-zaidimas\/#primaryimage\",\"url\":\"https:\/\/dev.monti.lt\/wp-content\/uploads\/2022\/07\/KX531679325.jpg\",\"contentUrl\":\"https:\/\/dev.monti.lt\/wp-content\/uploads\/2022\/07\/KX531679325.jpg\",\"width\":1024,\"height\":768},{\"@type\":\"BreadcrumbList\",\"@id\":\"https:\/\/dev.monti.lt\/product\/emociju-zaidimas\/#breadcrumb\",\"itemListElement\":[{\"@type\":\"ListItem\",\"position\":1,\"name\":\"Home\",\"item\":\"https:\/\/dev.monti.lt\/\"},{\"@type\":\"ListItem\",\"position\":2,\"name\":\"Parduotuv\u0117\",\"item\":\"https:\/\/dev.monti.lt\/shop\/\"},{\"@type\":\"ListItem\",\"position\":3,\"name\":\"Emocij\u0173 \u017eaidimas\"}]},{\"@type\":\"WebSite\",\"@id\":\"https:\/\/dev.monti.lt\/#website\",\"url\":\"https:\/\/dev.monti.lt\/\",\"name\":\"Montessori \u017eaislai\",\"description\":\"\",\"publisher\":{\"@id\":\"https:\/\/dev.monti.lt\/#organization\"},\"potentialAction\":[{\"@type\":\"SearchAction\",\"target\":{\"@type\":\"EntryPoint\",\"urlTemplate\":\"https:\/\/dev.monti.lt\/?s={search_term_string}\"},\"query-input\":\"required name=search_term_string\"}],\"inLanguage\":\"en-US\"},{\"@type\":\"Organization\",\"@id\":\"https:\/\/dev.monti.lt\/#organization\",\"name\":\"Montessori \u017eaislai\",\"url\":\"https:\/\/dev.monti.lt\/\",\"logo\":{\"@type\":\"ImageObject\",\"inLanguage\":\"en-US\",\"@id\":\"https:\/\/dev.monti.lt\/#\/schema\/logo\/image\/\",\"url\":\"https:\/\/dev.monti.lt\/wp-content\/uploads\/2022\/03\/montilogo-1.png\",\"contentUrl\":\"https:\/\/dev.monti.lt\/wp-content\/uploads\/2022\/03\/montilogo-1.png\",\"width\":512,\"height\":512,\"caption\":\"Montessori \u017eaislai\"},\"image\":{\"@id\":\"https:\/\/dev.monti.lt\/#\/schema\/logo\/image\/\"}}]}<\/script>\n<!-- \/ Yoast SEO plugin. -->","yoast_head_json":{"title":"Emocij\u0173 \u017eaidimas - Montessori \u017eaislai","robots":{"index":"noindex","follow":"follow","max-snippet":"max-snippet:-1","max-image-preview":"max-image-preview:large","max-video-preview":"max-video-preview:-1"},"og_locale":"en_US","og_type":"article","og_title":"Emocij\u0173 \u017eaidimas - Montessori \u017eaislai","og_description":"Vaiko am\u017eius : 3+ Med\u017eiaga: mediniai kubeliai, popierin\u0117s kortel\u0117s Komplekto turinys: 8 medin\u0117s kalad\u0117l\u0117s 1x kauliukai 16 korteli\u0173 Matmenys: vienas blokas: 2,5 cm x 2,5 cm x 2,5 cm kauliukai: 1,5 cm x 1,5 cm x 1,5 cm kortel\u0117s: 5 cm x 5 cm pakuot\u0117: 12,5 cm x 9,5 cm x 5,5 cm Supakuota prakti\u0161koje, [&hellip;]","og_url":"https:\/\/dev.monti.lt\/en\/product\/emociju-zaidimas\/","og_site_name":"Montessori \u017eaislai","article_modified_time":"2024-09-12T10:02:03+00:00","og_image":[{"width":1024,"height":768,"url":"https:\/\/dev.monti.lt\/wp-content\/uploads\/2022\/07\/KX531679325.jpg","type":"image\/jpeg"}],"twitter_card":"summary_large_image","twitter_misc":{"Est. reading time":"1 minute"},"schema":{"@context":"https:\/\/schema.org","@graph":[{"@type":"WebPage","@id":"https:\/\/dev.monti.lt\/product\/emociju-zaidimas\/","url":"https:\/\/dev.monti.lt\/product\/emociju-zaidimas\/","name":"Emocij\u0173 \u017eaidimas - Montessori \u017eaislai","isPartOf":{"@id":"https:\/\/dev.monti.lt\/#website"},"primaryImageOfPage":{"@id":"https:\/\/dev.monti.lt\/product\/emociju-zaidimas\/#primaryimage"},"image":{"@id":"https:\/\/dev.monti.lt\/product\/emociju-zaidimas\/#primaryimage"},"thumbnailUrl":"https:\/\/dev.monti.lt\/wp-content\/uploads\/2022\/07\/KX531679325.jpg","datePublished":"2022-07-05T11:38:04+00:00","dateModified":"2024-09-12T10:02:03+00:00","breadcrumb":{"@id":"https:\/\/dev.monti.lt\/product\/emociju-zaidimas\/#breadcrumb"},"inLanguage":"en-US","potentialAction":[{"@type":"ReadAction","target":["https:\/\/dev.monti.lt\/product\/emociju-zaidimas\/"]}]},{"@type":"ImageObject","inLanguage":"en-US","@id":"https:\/\/dev.monti.lt\/product\/emociju-zaidimas\/#primaryimage","url":"https:\/\/dev.monti.lt\/wp-content\/uploads\/2022\/07\/KX531679325.jpg","contentUrl":"https:\/\/dev.monti.lt\/wp-content\/uploads\/2022\/07\/KX531679325.jpg","width":1024,"height":768},{"@type":"BreadcrumbList","@id":"https:\/\/dev.monti.lt\/product\/emociju-zaidimas\/#breadcrumb","itemListElement":[{"@type":"ListItem","position":1,"name":"Home","item":"https:\/\/dev.monti.lt\/"},{"@type":"ListItem","position":2,"name":"Parduotuv\u0117","item":"https:\/\/dev.monti.lt\/shop\/"},{"@type":"ListItem","position":3,"name":"Emocij\u0173 \u017eaidimas"}]},{"@type":"WebSite","@id":"https:\/\/dev.monti.lt\/#website","url":"https:\/\/dev.monti.lt\/","name":"Montessori \u017eaislai","description":"","publisher":{"@id":"https:\/\/dev.monti.lt\/#organization"},"potentialAction":[{"@type":"SearchAction","target":{"@type":"EntryPoint","urlTemplate":"https:\/\/dev.monti.lt\/?s={search_term_string}"},"query-input":"required name=search_term_string"}],"inLanguage":"en-US"},{"@type":"Organization","@id":"https:\/\/dev.monti.lt\/#organization","name":"Montessori \u017eaislai","url":"https:\/\/dev.monti.lt\/","logo":{"@type":"ImageObject","inLanguage":"en-US","@id":"https:\/\/dev.monti.lt\/#\/schema\/logo\/image\/","url":"https:\/\/dev.monti.lt\/wp-content\/uploads\/2022\/03\/montilogo-1.png","contentUrl":"https:\/\/dev.monti.lt\/wp-content\/uploads\/2022\/03\/montilogo-1.png","width":512,"height":512,"caption":"Montessori \u017eaislai"},"image":{"@id":"https:\/\/dev.monti.lt\/#\/schema\/logo\/image\/"}}]}},"_links":{"self":[{"href":"https:\/\/dev.monti.lt\/en\/wp-json\/wp\/v2\/product\/8685"}],"collection":[{"href":"https:\/\/dev.monti.lt\/en\/wp-json\/wp\/v2\/product"}],"about":[{"href":"https:\/\/dev.monti.lt\/en\/wp-json\/wp\/v2\/types\/product"}],"version-history":[{"count":1,"href":"https:\/\/dev.monti.lt\/en\/wp-json\/wp\/v2\/product\/8685\/revisions"}],"predecessor-version":[{"id":8689,"href":"https:\/\/dev.monti.lt\/en\/wp-json\/wp\/v2\/product\/8685\/revisions\/8689"}],"wp:featuredmedia":[{"embeddable":true,"href":"https:\/\/dev.monti.lt\/en\/wp-json\/wp\/v2\/media\/8686"}],"wp:attachment":[{"href":"https:\/\/dev.monti.lt\/en\/wp-json\/wp\/v2\/media?parent=8685"}],"wp:term":[{"taxonomy":"product_cat","embeddable":true,"href":"https:\/\/dev.monti.lt\/en\/wp-json\/wp\/v2\/product_cat?post=8685"},{"taxonomy":"product_tag","embeddable":true,"href":"https:\/\/dev.monti.lt\/en\/wp-json\/wp\/v2\/product_tag?post=8685"}],"curies":[{"name":"wp","href":"https:\/\/api.w.org\/{rel}","templated":true}]}}