{"id":8640,"date":"2022-06-27T11:41:01","date_gmt":"2022-06-27T11:41:01","guid":{"rendered":"https:\/\/dev.monti.lt\/?post_type=product&#038;p=8640"},"modified":"2024-08-20T10:16:39","modified_gmt":"2024-08-20T10:16:39","slug":"medinis-indu-rinkinys","status":"publish","type":"product","link":"https:\/\/dev.monti.lt\/en\/product\/medinis-indu-rinkinys\/","title":{"rendered":"Medinis ind\u0173 rinkinys"},"content":{"rendered":"<p>Visada tinkamas metas skaniai arbatai!<\/p>\n<p>Norint sutikti sve\u010dius, b\u016btina tur\u0117ti serviz\u0105!<\/p>\n<p>Arbata visada skanesn\u0117 i\u0161 gra\u017ei\u0173 puodeli\u0173!<\/p>\n<p>Komplekte yra visi reikalingi priedai, reikalingi mini vakar\u0117liui organizuoti.<\/p>\n<p>Nepamir\u0161kite, kad arbata skaniausia kompanijoje \u2013 pakvieskite pliu\u0161inius draugus.<\/p>\n<p>\u0160is \u017eaidimas lavina vaizduot\u0119, skatina k\u016brybi\u0161k\u0105 ir nestandartin\u012f m\u0105stym\u0105.<\/p>\n<p>Negana to, skatina \u017eaisti grup\u0117je, kurios metu vaikas lavins socialinius \u012fg\u016bd\u017eius, mokysis efektyvaus bendravimo ir bendradarbiavimo.<\/p>\n<p>Gra\u017eios spalvos ir d\u0117mesys detal\u0117ms d\u017eiugins ne tik vaikus, bet ir suaugusius.<\/p>\n<p>Gaminys visi\u0161kai saugus vaikams, visi elementai kruop\u0161\u010diai nu\u0161lifuoti.<\/p>\n<p>&nbsp;<\/p>\n<p><b>Komplekto turinys:<\/b><\/p>\n<ul>\n<li>2x puodeliai<\/li>\n<li>2x l\u0117k\u0161t\u0117s viename puodelyje<\/li>\n<li>1x pad\u0117klas<\/li>\n<li>1x \u0105sotis su dangteliu<\/li>\n<li>1x cukrin\u0117<\/li>\n<li>1x pieno grafinas<\/li>\n<li>2x spurgos<\/li>\n<li>2x arbatos<\/li>\n<li>2x arbatinis \u0161auk\u0161telis<\/li>\n<\/ul>\n<p><strong>Med\u017eiaga: <\/strong>Mediena<\/p>\n<p><b>Matmenys:<\/b><\/p>\n<ul>\n<li>Puodelis (skersmuo x auk\u0161tis): 5,7 cm x 4 cm<\/li>\n<li>L\u0117k\u0161t\u0117 (skersmuo): 6,5 cm<\/li>\n<li>L\u0117k\u0161t\u0117 (skersmuo): 10,3 cm<\/li>\n<li>Arbatinis \u0161auk\u0161telis (ilgis): 6,6 cm<\/li>\n<li>\u0104sotis (vidinis skersmuo x auk\u0161tis): 5cm x 9cm<\/li>\n<li>Pad\u0117klas: 26 cm x 20 cm x 4 cm<\/li>\n<li>Pakuot\u0117: 21cm x 8,5cm x 27cm<\/li>\n<\/ul>","protected":false},"excerpt":{"rendered":"<p>Visada tinkamas metas skaniai arbatai! Norint sutikti sve\u010dius, b\u016btina tur\u0117ti serviz\u0105! Arbata visada skanesn\u0117 i\u0161 gra\u017ei\u0173 puodeli\u0173! Komplekte yra visi reikalingi priedai, reikalingi mini vakar\u0117liui organizuoti. Nepamir\u0161kite, kad arbata skaniausia kompanijoje \u2013 pakvieskite pliu\u0161inius draugus. \u0160is \u017eaidimas lavina vaizduot\u0119, skatina k\u016brybi\u0161k\u0105 ir nestandartin\u012f m\u0105stym\u0105. Negana to, skatina \u017eaisti grup\u0117je, kurios metu vaikas lavins socialinius \u012fg\u016bd\u017eius, [&hellip;]<\/p>","protected":false},"featured_media":8641,"template":"","meta":{"iawp_total_views":65},"product_cat":[194,195,196,191,192,84,102,90,199,93,49,39],"product_tag":[96,97,98,99],"class_list":{"0":"post-8640","1":"product","2":"type-product","3":"status-publish","4":"has-post-thumbnail","6":"product_cat-dovanos-vaikams-2-3-metu","7":"product_cat-dovanos-vaikams-3-4-metu","8":"product_cat-dovanos-mergaitems","9":"product_cat-dovanos-vaikams","10":"product_cat-kaledines-dovanos-vaikams","11":"product_cat-lavinamieji-zaislai","12":"product_cat-mediniai-zaislai","13":"product_cat-pasaulio-pazinimas","14":"product_cat-ugdymo-istaigoms","15":"product_cat-vaidmenu-zaidimai","16":"product_cat-visi-zaislai","17":"product_cat-zaislai","18":"product_tag-2-m-3-m","19":"product_tag-3-m-4-m","20":"product_tag-5-m-7-m","21":"product_tag-8-m-11-m","23":"first","24":"instock","25":"taxable","26":"shipping-taxable","27":"purchasable","28":"product-type-simple"},"yoast_head":"<!-- This site is optimized with the Yoast SEO plugin v23.3 - https:\/\/yoast.com\/wordpress\/plugins\/seo\/ -->\n<title>Medinis ind\u0173 rinkinys - Montessori \u017eaislai<\/title>\n<meta name=\"robots\" content=\"noindex, follow, max-snippet:-1, max-image-preview:large, max-video-preview:-1\" \/>\n<meta property=\"og:locale\" content=\"en_US\" \/>\n<meta property=\"og:type\" content=\"article\" \/>\n<meta property=\"og:title\" content=\"Medinis ind\u0173 rinkinys - Montessori \u017eaislai\" \/>\n<meta property=\"og:description\" content=\"Visada tinkamas metas skaniai arbatai! Norint sutikti sve\u010dius, b\u016btina tur\u0117ti serviz\u0105! Arbata visada skanesn\u0117 i\u0161 gra\u017ei\u0173 puodeli\u0173! Komplekte yra visi reikalingi priedai, reikalingi mini vakar\u0117liui organizuoti. Nepamir\u0161kite, kad arbata skaniausia kompanijoje \u2013 pakvieskite pliu\u0161inius draugus. \u0160is \u017eaidimas lavina vaizduot\u0119, skatina k\u016brybi\u0161k\u0105 ir nestandartin\u012f m\u0105stym\u0105. Negana to, skatina \u017eaisti grup\u0117je, kurios metu vaikas lavins socialinius \u012fg\u016bd\u017eius, [&hellip;]\" \/>\n<meta property=\"og:url\" content=\"https:\/\/dev.monti.lt\/en\/product\/medinis-indu-rinkinys\/\" \/>\n<meta property=\"og:site_name\" content=\"Montessori \u017eaislai\" \/>\n<meta property=\"article:modified_time\" content=\"2024-08-20T10:16:39+00:00\" \/>\n<meta property=\"og:image\" content=\"https:\/\/dev.monti.lt\/wp-content\/uploads\/2022\/06\/KX627970657.jpg\" \/>\n\t<meta property=\"og:image:width\" content=\"1600\" \/>\n\t<meta property=\"og:image:height\" content=\"1600\" \/>\n\t<meta property=\"og:image:type\" content=\"image\/jpeg\" \/>\n<meta name=\"twitter:card\" content=\"summary_large_image\" \/>\n<meta name=\"twitter:label1\" content=\"Est. reading time\" \/>\n\t<meta name=\"twitter:data1\" content=\"1 minute\" \/>\n<script type=\"application\/ld+json\" class=\"yoast-schema-graph\">{\"@context\":\"https:\/\/schema.org\",\"@graph\":[{\"@type\":\"WebPage\",\"@id\":\"https:\/\/dev.monti.lt\/product\/medinis-indu-rinkinys\/\",\"url\":\"https:\/\/dev.monti.lt\/product\/medinis-indu-rinkinys\/\",\"name\":\"Medinis ind\u0173 rinkinys - Montessori \u017eaislai\",\"isPartOf\":{\"@id\":\"https:\/\/dev.monti.lt\/#website\"},\"primaryImageOfPage\":{\"@id\":\"https:\/\/dev.monti.lt\/product\/medinis-indu-rinkinys\/#primaryimage\"},\"image\":{\"@id\":\"https:\/\/dev.monti.lt\/product\/medinis-indu-rinkinys\/#primaryimage\"},\"thumbnailUrl\":\"https:\/\/dev.monti.lt\/wp-content\/uploads\/2022\/06\/KX627970657.jpg\",\"datePublished\":\"2022-06-27T11:41:01+00:00\",\"dateModified\":\"2024-08-20T10:16:39+00:00\",\"breadcrumb\":{\"@id\":\"https:\/\/dev.monti.lt\/product\/medinis-indu-rinkinys\/#breadcrumb\"},\"inLanguage\":\"en-US\",\"potentialAction\":[{\"@type\":\"ReadAction\",\"target\":[\"https:\/\/dev.monti.lt\/product\/medinis-indu-rinkinys\/\"]}]},{\"@type\":\"ImageObject\",\"inLanguage\":\"en-US\",\"@id\":\"https:\/\/dev.monti.lt\/product\/medinis-indu-rinkinys\/#primaryimage\",\"url\":\"https:\/\/dev.monti.lt\/wp-content\/uploads\/2022\/06\/KX627970657.jpg\",\"contentUrl\":\"https:\/\/dev.monti.lt\/wp-content\/uploads\/2022\/06\/KX627970657.jpg\",\"width\":1600,\"height\":1600,\"caption\":\"Kavos servizas, mediniai vaiki\u0161ki indai, \u017eaislai vaikams\"},{\"@type\":\"BreadcrumbList\",\"@id\":\"https:\/\/dev.monti.lt\/product\/medinis-indu-rinkinys\/#breadcrumb\",\"itemListElement\":[{\"@type\":\"ListItem\",\"position\":1,\"name\":\"Home\",\"item\":\"https:\/\/dev.monti.lt\/\"},{\"@type\":\"ListItem\",\"position\":2,\"name\":\"Parduotuv\u0117\",\"item\":\"https:\/\/dev.monti.lt\/shop\/\"},{\"@type\":\"ListItem\",\"position\":3,\"name\":\"Medinis ind\u0173 rinkinys\"}]},{\"@type\":\"WebSite\",\"@id\":\"https:\/\/dev.monti.lt\/#website\",\"url\":\"https:\/\/dev.monti.lt\/\",\"name\":\"Montessori \u017eaislai\",\"description\":\"\",\"publisher\":{\"@id\":\"https:\/\/dev.monti.lt\/#organization\"},\"potentialAction\":[{\"@type\":\"SearchAction\",\"target\":{\"@type\":\"EntryPoint\",\"urlTemplate\":\"https:\/\/dev.monti.lt\/?s={search_term_string}\"},\"query-input\":\"required name=search_term_string\"}],\"inLanguage\":\"en-US\"},{\"@type\":\"Organization\",\"@id\":\"https:\/\/dev.monti.lt\/#organization\",\"name\":\"Montessori \u017eaislai\",\"url\":\"https:\/\/dev.monti.lt\/\",\"logo\":{\"@type\":\"ImageObject\",\"inLanguage\":\"en-US\",\"@id\":\"https:\/\/dev.monti.lt\/#\/schema\/logo\/image\/\",\"url\":\"https:\/\/dev.monti.lt\/wp-content\/uploads\/2022\/03\/montilogo-1.png\",\"contentUrl\":\"https:\/\/dev.monti.lt\/wp-content\/uploads\/2022\/03\/montilogo-1.png\",\"width\":512,\"height\":512,\"caption\":\"Montessori \u017eaislai\"},\"image\":{\"@id\":\"https:\/\/dev.monti.lt\/#\/schema\/logo\/image\/\"}}]}<\/script>\n<!-- \/ Yoast SEO plugin. -->","yoast_head_json":{"title":"Medinis ind\u0173 rinkinys - Montessori \u017eaislai","robots":{"index":"noindex","follow":"follow","max-snippet":"max-snippet:-1","max-image-preview":"max-image-preview:large","max-video-preview":"max-video-preview:-1"},"og_locale":"en_US","og_type":"article","og_title":"Medinis ind\u0173 rinkinys - Montessori \u017eaislai","og_description":"Visada tinkamas metas skaniai arbatai! Norint sutikti sve\u010dius, b\u016btina tur\u0117ti serviz\u0105! Arbata visada skanesn\u0117 i\u0161 gra\u017ei\u0173 puodeli\u0173! Komplekte yra visi reikalingi priedai, reikalingi mini vakar\u0117liui organizuoti. Nepamir\u0161kite, kad arbata skaniausia kompanijoje \u2013 pakvieskite pliu\u0161inius draugus. \u0160is \u017eaidimas lavina vaizduot\u0119, skatina k\u016brybi\u0161k\u0105 ir nestandartin\u012f m\u0105stym\u0105. Negana to, skatina \u017eaisti grup\u0117je, kurios metu vaikas lavins socialinius \u012fg\u016bd\u017eius, [&hellip;]","og_url":"https:\/\/dev.monti.lt\/en\/product\/medinis-indu-rinkinys\/","og_site_name":"Montessori \u017eaislai","article_modified_time":"2024-08-20T10:16:39+00:00","og_image":[{"width":1600,"height":1600,"url":"https:\/\/dev.monti.lt\/wp-content\/uploads\/2022\/06\/KX627970657.jpg","type":"image\/jpeg"}],"twitter_card":"summary_large_image","twitter_misc":{"Est. reading time":"1 minute"},"schema":{"@context":"https:\/\/schema.org","@graph":[{"@type":"WebPage","@id":"https:\/\/dev.monti.lt\/product\/medinis-indu-rinkinys\/","url":"https:\/\/dev.monti.lt\/product\/medinis-indu-rinkinys\/","name":"Medinis ind\u0173 rinkinys - Montessori \u017eaislai","isPartOf":{"@id":"https:\/\/dev.monti.lt\/#website"},"primaryImageOfPage":{"@id":"https:\/\/dev.monti.lt\/product\/medinis-indu-rinkinys\/#primaryimage"},"image":{"@id":"https:\/\/dev.monti.lt\/product\/medinis-indu-rinkinys\/#primaryimage"},"thumbnailUrl":"https:\/\/dev.monti.lt\/wp-content\/uploads\/2022\/06\/KX627970657.jpg","datePublished":"2022-06-27T11:41:01+00:00","dateModified":"2024-08-20T10:16:39+00:00","breadcrumb":{"@id":"https:\/\/dev.monti.lt\/product\/medinis-indu-rinkinys\/#breadcrumb"},"inLanguage":"en-US","potentialAction":[{"@type":"ReadAction","target":["https:\/\/dev.monti.lt\/product\/medinis-indu-rinkinys\/"]}]},{"@type":"ImageObject","inLanguage":"en-US","@id":"https:\/\/dev.monti.lt\/product\/medinis-indu-rinkinys\/#primaryimage","url":"https:\/\/dev.monti.lt\/wp-content\/uploads\/2022\/06\/KX627970657.jpg","contentUrl":"https:\/\/dev.monti.lt\/wp-content\/uploads\/2022\/06\/KX627970657.jpg","width":1600,"height":1600,"caption":"Kavos servizas, mediniai vaiki\u0161ki indai, \u017eaislai vaikams"},{"@type":"BreadcrumbList","@id":"https:\/\/dev.monti.lt\/product\/medinis-indu-rinkinys\/#breadcrumb","itemListElement":[{"@type":"ListItem","position":1,"name":"Home","item":"https:\/\/dev.monti.lt\/"},{"@type":"ListItem","position":2,"name":"Parduotuv\u0117","item":"https:\/\/dev.monti.lt\/shop\/"},{"@type":"ListItem","position":3,"name":"Medinis ind\u0173 rinkinys"}]},{"@type":"WebSite","@id":"https:\/\/dev.monti.lt\/#website","url":"https:\/\/dev.monti.lt\/","name":"Montessori \u017eaislai","description":"","publisher":{"@id":"https:\/\/dev.monti.lt\/#organization"},"potentialAction":[{"@type":"SearchAction","target":{"@type":"EntryPoint","urlTemplate":"https:\/\/dev.monti.lt\/?s={search_term_string}"},"query-input":"required name=search_term_string"}],"inLanguage":"en-US"},{"@type":"Organization","@id":"https:\/\/dev.monti.lt\/#organization","name":"Montessori \u017eaislai","url":"https:\/\/dev.monti.lt\/","logo":{"@type":"ImageObject","inLanguage":"en-US","@id":"https:\/\/dev.monti.lt\/#\/schema\/logo\/image\/","url":"https:\/\/dev.monti.lt\/wp-content\/uploads\/2022\/03\/montilogo-1.png","contentUrl":"https:\/\/dev.monti.lt\/wp-content\/uploads\/2022\/03\/montilogo-1.png","width":512,"height":512,"caption":"Montessori \u017eaislai"},"image":{"@id":"https:\/\/dev.monti.lt\/#\/schema\/logo\/image\/"}}]}},"_links":{"self":[{"href":"https:\/\/dev.monti.lt\/en\/wp-json\/wp\/v2\/product\/8640"}],"collection":[{"href":"https:\/\/dev.monti.lt\/en\/wp-json\/wp\/v2\/product"}],"about":[{"href":"https:\/\/dev.monti.lt\/en\/wp-json\/wp\/v2\/types\/product"}],"version-history":[{"count":3,"href":"https:\/\/dev.monti.lt\/en\/wp-json\/wp\/v2\/product\/8640\/revisions"}],"predecessor-version":[{"id":9806,"href":"https:\/\/dev.monti.lt\/en\/wp-json\/wp\/v2\/product\/8640\/revisions\/9806"}],"wp:featuredmedia":[{"embeddable":true,"href":"https:\/\/dev.monti.lt\/en\/wp-json\/wp\/v2\/media\/8641"}],"wp:attachment":[{"href":"https:\/\/dev.monti.lt\/en\/wp-json\/wp\/v2\/media?parent=8640"}],"wp:term":[{"taxonomy":"product_cat","embeddable":true,"href":"https:\/\/dev.monti.lt\/en\/wp-json\/wp\/v2\/product_cat?post=8640"},{"taxonomy":"product_tag","embeddable":true,"href":"https:\/\/dev.monti.lt\/en\/wp-json\/wp\/v2\/product_tag?post=8640"}],"curies":[{"name":"wp","href":"https:\/\/api.w.org\/{rel}","templated":true}]}}