{"id":8638,"date":"2022-06-27T11:32:09","date_gmt":"2022-06-27T11:32:09","guid":{"rendered":"https:\/\/dev.monti.lt\/?post_type=product&#038;p=8638"},"modified":"2024-09-25T14:08:27","modified_gmt":"2024-09-25T14:08:27","slug":"magnetiniu-blokeliu-delione","status":"publish","type":"product","link":"https:\/\/dev.monti.lt\/en\/product\/magnetiniu-blokeliu-delione\/","title":{"rendered":"Magnetini\u0173 blokeli\u0173 d\u0117lion\u0117"},"content":{"rendered":"<p><b>Vienas \u017eaislas, daug galimybi\u0173!<\/b><\/p>\n<p><b>\u012evairi\u0173 form\u0173 kalad\u0117l\u0117s<\/b> pad\u0117s sukurti vienetines konstrukcijas.<\/p>\n<p>Jie gali b\u016bti naudojami kuriant 3D strukt\u016bras arba plok\u0161\u010dias formas.<\/p>\n<p>Patys nuspr\u0119skite, k\u0105 norite sukurti.<\/p>\n<p><b>Puiki pramoga garantuota!<\/b><\/p>\n<p>Smagu yra sujungti blokelius tarpusavyje magnetais.<\/p>\n<p>Stipr\u016bs magnetai palengvins unikalios strukt\u016bros suk\u016brim\u0105.<\/p>\n<p>Blokai yra puikus b\u016bdas tobul\u0117ti ir k\u016brybi\u0161kai linksmintis.<\/p>\n<p>K\u016brybi\u0161kas \u017eaislas, su kuriuo n\u0117ra kada nuobod\u017eiauti<\/p>\n<p>\u017daidimas puikiai&nbsp; lavina <b>vaizduot\u0119, skatina k\u016brybi\u0161k\u0105 ir netradicin\u012f m\u0105stym\u0105<\/b> , taip pat nuostabiai&nbsp; <b>lavina ma\u017e\u0173j\u0173 smulkiosios motorikos \u012fg\u016bd\u017eius<\/b> &nbsp;.<\/p>\n<p><b>Be to, mokantis spalv\u0173 pavadinimus ar skai\u010diuojant<\/b> puikiai pravers skirting\u0173 spalv\u0173 kalad\u0117l\u0117s .<\/p>\n<p><b>Rinkin\u012f sudaro 68 elementai, \u012fskaitant:<\/b><\/p>\n<ul>\n<li>Spalvotos kalad\u0117l\u0117s su magnetais<\/li>\n<\/ul>\n<p>&#8211; 24x kvadratai<\/p>\n<p>&#8211; 12 lygiakra\u0161\u010di\u0173 trikampi\u0173<\/p>\n<p>&#8211; 2x trapecijos<\/p>\n<p>&#8211; 2x \u0161e\u0161iakampiai<\/p>\n<p>&#8211; 17x plastikiniai kvadratai detal\u0117ms u\u017epildyti<\/p>\n<ul>\n<li>2 a\u0161ys su ratais<\/li>\n<li>Lipduk\u0173 rinkinys<\/li>\n<li>baz\u0117<\/li>\n<li>Instrukcijos su \u0161ablon\u0173 pavyzd\u017eiais turi b\u016bti i\u0161d\u0117styti<strong><u>Matmenys:<\/u><\/strong><b>Konstrukcinis komplektas:<\/b>\n<ul>\n<li>Kvadratas: 4,3 cm x 4,3 cm<\/li>\n<li>Lygiakra\u0161tis trikampis: 3,5 cm x 3,5 cm x 3,5 cm<\/li>\n<li>Lygia\u0161onis trikampis: &nbsp;7,7 cm x 7,7 cm x 3,9 cm<\/li>\n<li>Rato skersmuo: 2,5 cm<\/li>\n<\/ul>\n<p><b>Pakuot\u0117:<\/b> 38cm x 28cm x 4,7cm<\/p>\n<p>&nbsp;<\/li>\n<\/ul>","protected":false},"excerpt":{"rendered":"<p>Vienas \u017eaislas, daug galimybi\u0173! \u012evairi\u0173 form\u0173 kalad\u0117l\u0117s pad\u0117s sukurti vienetines konstrukcijas. Jie gali b\u016bti naudojami kuriant 3D strukt\u016bras arba plok\u0161\u010dias formas. Patys nuspr\u0119skite, k\u0105 norite sukurti. Puiki pramoga garantuota! Smagu yra sujungti blokelius tarpusavyje magnetais. Stipr\u016bs magnetai palengvins unikalios strukt\u016bros suk\u016brim\u0105. Blokai yra puikus b\u016bdas tobul\u0117ti ir k\u016brybi\u0161kai linksmintis. K\u016brybi\u0161kas \u017eaislas, su kuriuo n\u0117ra kada [&hellip;]<\/p>","protected":false},"featured_media":8635,"template":"","meta":{"iawp_total_views":75},"product_cat":[92,194,195,197,191,82,87,84,86,50,199,202,49,39],"product_tag":[96,97,98,99],"class_list":{"0":"post-8638","1":"product","2":"type-product","3":"status-publish","4":"has-post-thumbnail","6":"product_cat-deliones","7":"product_cat-dovanos-vaikams-2-3-metu","8":"product_cat-dovanos-vaikams-3-4-metu","9":"product_cat-dovanos-berniukams","10":"product_cat-dovanos-vaikams","11":"product_cat-ispardavimas","12":"product_cat-kurybiniai-rinkiniai","13":"product_cat-lavinamieji-zaislai","14":"product_cat-smulkioji-motorika","15":"product_cat-top-dovanos","16":"product_cat-ugdymo-istaigoms","17":"product_cat-vaaikiski-konstruktoriai","18":"product_cat-visi-zaislai","19":"product_cat-zaislai","20":"product_tag-2-m-3-m","21":"product_tag-3-m-4-m","22":"product_tag-5-m-7-m","23":"product_tag-8-m-11-m","25":"first","26":"instock","27":"sale","28":"featured","29":"taxable","30":"shipping-taxable","31":"purchasable","32":"product-type-simple"},"yoast_head":"<!-- This site is optimized with the Yoast SEO plugin v23.3 - https:\/\/yoast.com\/wordpress\/plugins\/seo\/ -->\n<title>Magnetini\u0173 blokeli\u0173 d\u0117lion\u0117 - Montessori \u017eaislai<\/title>\n<meta name=\"robots\" content=\"noindex, follow, max-snippet:-1, max-image-preview:large, max-video-preview:-1\" \/>\n<meta property=\"og:locale\" content=\"en_US\" \/>\n<meta property=\"og:type\" content=\"article\" \/>\n<meta property=\"og:title\" content=\"Magnetini\u0173 blokeli\u0173 d\u0117lion\u0117 - Montessori \u017eaislai\" \/>\n<meta property=\"og:description\" content=\"Vienas \u017eaislas, daug galimybi\u0173! \u012evairi\u0173 form\u0173 kalad\u0117l\u0117s pad\u0117s sukurti vienetines konstrukcijas. Jie gali b\u016bti naudojami kuriant 3D strukt\u016bras arba plok\u0161\u010dias formas. Patys nuspr\u0119skite, k\u0105 norite sukurti. Puiki pramoga garantuota! Smagu yra sujungti blokelius tarpusavyje magnetais. Stipr\u016bs magnetai palengvins unikalios strukt\u016bros suk\u016brim\u0105. Blokai yra puikus b\u016bdas tobul\u0117ti ir k\u016brybi\u0161kai linksmintis. K\u016brybi\u0161kas \u017eaislas, su kuriuo n\u0117ra kada [&hellip;]\" \/>\n<meta property=\"og:url\" content=\"https:\/\/dev.monti.lt\/en\/product\/magnetiniu-blokeliu-delione\/\" \/>\n<meta property=\"og:site_name\" content=\"Montessori \u017eaislai\" \/>\n<meta property=\"article:modified_time\" content=\"2024-09-25T14:08:27+00:00\" \/>\n<meta property=\"og:image\" content=\"https:\/\/dev.monti.lt\/wp-content\/uploads\/2022\/06\/KX9818499021.jpg\" \/>\n\t<meta property=\"og:image:width\" content=\"1600\" \/>\n\t<meta property=\"og:image:height\" content=\"1066\" \/>\n\t<meta property=\"og:image:type\" content=\"image\/jpeg\" \/>\n<meta name=\"twitter:card\" content=\"summary_large_image\" \/>\n<meta name=\"twitter:label1\" content=\"Est. reading time\" \/>\n\t<meta name=\"twitter:data1\" content=\"1 minute\" \/>\n<script type=\"application\/ld+json\" class=\"yoast-schema-graph\">{\"@context\":\"https:\/\/schema.org\",\"@graph\":[{\"@type\":\"WebPage\",\"@id\":\"https:\/\/dev.monti.lt\/product\/magnetiniu-blokeliu-delione\/\",\"url\":\"https:\/\/dev.monti.lt\/product\/magnetiniu-blokeliu-delione\/\",\"name\":\"Magnetini\u0173 blokeli\u0173 d\u0117lion\u0117 - Montessori \u017eaislai\",\"isPartOf\":{\"@id\":\"https:\/\/dev.monti.lt\/#website\"},\"primaryImageOfPage\":{\"@id\":\"https:\/\/dev.monti.lt\/product\/magnetiniu-blokeliu-delione\/#primaryimage\"},\"image\":{\"@id\":\"https:\/\/dev.monti.lt\/product\/magnetiniu-blokeliu-delione\/#primaryimage\"},\"thumbnailUrl\":\"https:\/\/dev.monti.lt\/wp-content\/uploads\/2022\/06\/KX9818499021.jpg\",\"datePublished\":\"2022-06-27T11:32:09+00:00\",\"dateModified\":\"2024-09-25T14:08:27+00:00\",\"breadcrumb\":{\"@id\":\"https:\/\/dev.monti.lt\/product\/magnetiniu-blokeliu-delione\/#breadcrumb\"},\"inLanguage\":\"en-US\",\"potentialAction\":[{\"@type\":\"ReadAction\",\"target\":[\"https:\/\/dev.monti.lt\/product\/magnetiniu-blokeliu-delione\/\"]}]},{\"@type\":\"ImageObject\",\"inLanguage\":\"en-US\",\"@id\":\"https:\/\/dev.monti.lt\/product\/magnetiniu-blokeliu-delione\/#primaryimage\",\"url\":\"https:\/\/dev.monti.lt\/wp-content\/uploads\/2022\/06\/KX9818499021.jpg\",\"contentUrl\":\"https:\/\/dev.monti.lt\/wp-content\/uploads\/2022\/06\/KX9818499021.jpg\",\"width\":1600,\"height\":1066},{\"@type\":\"BreadcrumbList\",\"@id\":\"https:\/\/dev.monti.lt\/product\/magnetiniu-blokeliu-delione\/#breadcrumb\",\"itemListElement\":[{\"@type\":\"ListItem\",\"position\":1,\"name\":\"Home\",\"item\":\"https:\/\/dev.monti.lt\/\"},{\"@type\":\"ListItem\",\"position\":2,\"name\":\"Parduotuv\u0117\",\"item\":\"https:\/\/dev.monti.lt\/shop\/\"},{\"@type\":\"ListItem\",\"position\":3,\"name\":\"Magnetini\u0173 blokeli\u0173 d\u0117lion\u0117\"}]},{\"@type\":\"WebSite\",\"@id\":\"https:\/\/dev.monti.lt\/#website\",\"url\":\"https:\/\/dev.monti.lt\/\",\"name\":\"Montessori \u017eaislai\",\"description\":\"\",\"publisher\":{\"@id\":\"https:\/\/dev.monti.lt\/#organization\"},\"potentialAction\":[{\"@type\":\"SearchAction\",\"target\":{\"@type\":\"EntryPoint\",\"urlTemplate\":\"https:\/\/dev.monti.lt\/?s={search_term_string}\"},\"query-input\":\"required name=search_term_string\"}],\"inLanguage\":\"en-US\"},{\"@type\":\"Organization\",\"@id\":\"https:\/\/dev.monti.lt\/#organization\",\"name\":\"Montessori \u017eaislai\",\"url\":\"https:\/\/dev.monti.lt\/\",\"logo\":{\"@type\":\"ImageObject\",\"inLanguage\":\"en-US\",\"@id\":\"https:\/\/dev.monti.lt\/#\/schema\/logo\/image\/\",\"url\":\"https:\/\/dev.monti.lt\/wp-content\/uploads\/2022\/03\/montilogo-1.png\",\"contentUrl\":\"https:\/\/dev.monti.lt\/wp-content\/uploads\/2022\/03\/montilogo-1.png\",\"width\":512,\"height\":512,\"caption\":\"Montessori \u017eaislai\"},\"image\":{\"@id\":\"https:\/\/dev.monti.lt\/#\/schema\/logo\/image\/\"}}]}<\/script>\n<!-- \/ Yoast SEO plugin. -->","yoast_head_json":{"title":"Magnetini\u0173 blokeli\u0173 d\u0117lion\u0117 - Montessori \u017eaislai","robots":{"index":"noindex","follow":"follow","max-snippet":"max-snippet:-1","max-image-preview":"max-image-preview:large","max-video-preview":"max-video-preview:-1"},"og_locale":"en_US","og_type":"article","og_title":"Magnetini\u0173 blokeli\u0173 d\u0117lion\u0117 - Montessori \u017eaislai","og_description":"Vienas \u017eaislas, daug galimybi\u0173! \u012evairi\u0173 form\u0173 kalad\u0117l\u0117s pad\u0117s sukurti vienetines konstrukcijas. Jie gali b\u016bti naudojami kuriant 3D strukt\u016bras arba plok\u0161\u010dias formas. Patys nuspr\u0119skite, k\u0105 norite sukurti. Puiki pramoga garantuota! Smagu yra sujungti blokelius tarpusavyje magnetais. Stipr\u016bs magnetai palengvins unikalios strukt\u016bros suk\u016brim\u0105. Blokai yra puikus b\u016bdas tobul\u0117ti ir k\u016brybi\u0161kai linksmintis. K\u016brybi\u0161kas \u017eaislas, su kuriuo n\u0117ra kada [&hellip;]","og_url":"https:\/\/dev.monti.lt\/en\/product\/magnetiniu-blokeliu-delione\/","og_site_name":"Montessori \u017eaislai","article_modified_time":"2024-09-25T14:08:27+00:00","og_image":[{"width":1600,"height":1066,"url":"https:\/\/dev.monti.lt\/wp-content\/uploads\/2022\/06\/KX9818499021.jpg","type":"image\/jpeg"}],"twitter_card":"summary_large_image","twitter_misc":{"Est. reading time":"1 minute"},"schema":{"@context":"https:\/\/schema.org","@graph":[{"@type":"WebPage","@id":"https:\/\/dev.monti.lt\/product\/magnetiniu-blokeliu-delione\/","url":"https:\/\/dev.monti.lt\/product\/magnetiniu-blokeliu-delione\/","name":"Magnetini\u0173 blokeli\u0173 d\u0117lion\u0117 - Montessori \u017eaislai","isPartOf":{"@id":"https:\/\/dev.monti.lt\/#website"},"primaryImageOfPage":{"@id":"https:\/\/dev.monti.lt\/product\/magnetiniu-blokeliu-delione\/#primaryimage"},"image":{"@id":"https:\/\/dev.monti.lt\/product\/magnetiniu-blokeliu-delione\/#primaryimage"},"thumbnailUrl":"https:\/\/dev.monti.lt\/wp-content\/uploads\/2022\/06\/KX9818499021.jpg","datePublished":"2022-06-27T11:32:09+00:00","dateModified":"2024-09-25T14:08:27+00:00","breadcrumb":{"@id":"https:\/\/dev.monti.lt\/product\/magnetiniu-blokeliu-delione\/#breadcrumb"},"inLanguage":"en-US","potentialAction":[{"@type":"ReadAction","target":["https:\/\/dev.monti.lt\/product\/magnetiniu-blokeliu-delione\/"]}]},{"@type":"ImageObject","inLanguage":"en-US","@id":"https:\/\/dev.monti.lt\/product\/magnetiniu-blokeliu-delione\/#primaryimage","url":"https:\/\/dev.monti.lt\/wp-content\/uploads\/2022\/06\/KX9818499021.jpg","contentUrl":"https:\/\/dev.monti.lt\/wp-content\/uploads\/2022\/06\/KX9818499021.jpg","width":1600,"height":1066},{"@type":"BreadcrumbList","@id":"https:\/\/dev.monti.lt\/product\/magnetiniu-blokeliu-delione\/#breadcrumb","itemListElement":[{"@type":"ListItem","position":1,"name":"Home","item":"https:\/\/dev.monti.lt\/"},{"@type":"ListItem","position":2,"name":"Parduotuv\u0117","item":"https:\/\/dev.monti.lt\/shop\/"},{"@type":"ListItem","position":3,"name":"Magnetini\u0173 blokeli\u0173 d\u0117lion\u0117"}]},{"@type":"WebSite","@id":"https:\/\/dev.monti.lt\/#website","url":"https:\/\/dev.monti.lt\/","name":"Montessori \u017eaislai","description":"","publisher":{"@id":"https:\/\/dev.monti.lt\/#organization"},"potentialAction":[{"@type":"SearchAction","target":{"@type":"EntryPoint","urlTemplate":"https:\/\/dev.monti.lt\/?s={search_term_string}"},"query-input":"required name=search_term_string"}],"inLanguage":"en-US"},{"@type":"Organization","@id":"https:\/\/dev.monti.lt\/#organization","name":"Montessori \u017eaislai","url":"https:\/\/dev.monti.lt\/","logo":{"@type":"ImageObject","inLanguage":"en-US","@id":"https:\/\/dev.monti.lt\/#\/schema\/logo\/image\/","url":"https:\/\/dev.monti.lt\/wp-content\/uploads\/2022\/03\/montilogo-1.png","contentUrl":"https:\/\/dev.monti.lt\/wp-content\/uploads\/2022\/03\/montilogo-1.png","width":512,"height":512,"caption":"Montessori \u017eaislai"},"image":{"@id":"https:\/\/dev.monti.lt\/#\/schema\/logo\/image\/"}}]}},"_links":{"self":[{"href":"https:\/\/dev.monti.lt\/en\/wp-json\/wp\/v2\/product\/8638"}],"collection":[{"href":"https:\/\/dev.monti.lt\/en\/wp-json\/wp\/v2\/product"}],"about":[{"href":"https:\/\/dev.monti.lt\/en\/wp-json\/wp\/v2\/types\/product"}],"version-history":[{"count":4,"href":"https:\/\/dev.monti.lt\/en\/wp-json\/wp\/v2\/product\/8638\/revisions"}],"predecessor-version":[{"id":11430,"href":"https:\/\/dev.monti.lt\/en\/wp-json\/wp\/v2\/product\/8638\/revisions\/11430"}],"wp:featuredmedia":[{"embeddable":true,"href":"https:\/\/dev.monti.lt\/en\/wp-json\/wp\/v2\/media\/8635"}],"wp:attachment":[{"href":"https:\/\/dev.monti.lt\/en\/wp-json\/wp\/v2\/media?parent=8638"}],"wp:term":[{"taxonomy":"product_cat","embeddable":true,"href":"https:\/\/dev.monti.lt\/en\/wp-json\/wp\/v2\/product_cat?post=8638"},{"taxonomy":"product_tag","embeddable":true,"href":"https:\/\/dev.monti.lt\/en\/wp-json\/wp\/v2\/product_tag?post=8638"}],"curies":[{"name":"wp","href":"https:\/\/api.w.org\/{rel}","templated":true}]}}