{"id":8560,"date":"2022-06-20T19:29:13","date_gmt":"2022-06-20T19:29:13","guid":{"rendered":"https:\/\/dev.monti.lt\/?post_type=product&#038;p=8560"},"modified":"2024-10-08T17:27:24","modified_gmt":"2024-10-08T17:27:24","slug":"balionu-paleidimo-zaidimas-triusis","status":"publish","type":"product","link":"https:\/\/dev.monti.lt\/en\/product\/balionu-paleidimo-zaidimas-triusis\/","title":{"rendered":"Balion\u0173 paleidimo \u017eaidimas triu\u0161is"},"content":{"rendered":"<p><span class=\"\">Puikus ir kiekvien\u0105 vaik\u0105 sudominantis balion\u0173 paleidimo \u017eaidimas!<\/span><\/p>\n<p><span class=\"\">Prad\u017eioje <\/span>&nbsp;<span class=\"\">ant automobilio reikia u\u017ed\u0117ti pripu\u010diam\u0105 balion\u0105. <\/span>Tada prijunkite automobil\u012f prie paleidimo \u012frenginio ir prip\u016bskite balion\u0105. Prip\u016bt\u0119 balion\u0105, paspauskite paleidimo \u012frenginio mygtuk\u0105 ir steb\u0117kite, kokiu grei\u010diu automobilis keliauja!<\/p>\n<p>Organizuokite var\u017eybas ir patikrinkite, kuris automobilis atva\u017eiuos grei\u010diau ir toliau!<\/p>\n<p>Pakuot\u0117s matmenys: 18cm x 15cm x 15,5cm<\/p>\n<p>&nbsp;<\/p>","protected":false},"excerpt":{"rendered":"<p>Puikus ir kiekvien\u0105 vaik\u0105 sudominantis balion\u0173 paleidimo \u017eaidimas! Prad\u017eioje &nbsp;ant automobilio reikia u\u017ed\u0117ti pripu\u010diam\u0105 balion\u0105. Tada prijunkite automobil\u012f prie paleidimo \u012frenginio ir prip\u016bskite balion\u0105. Prip\u016bt\u0119 balion\u0105, paspauskite paleidimo \u012frenginio mygtuk\u0105 ir steb\u0117kite, kokiu grei\u010diu automobilis keliauja! Organizuokite var\u017eybas ir patikrinkite, kuris automobilis atva\u017eiuos grei\u010diau ir toliau! Pakuot\u0117s matmenys: 18cm x 15cm x 15,5cm &nbsp;<\/p>","protected":false},"featured_media":8561,"template":"","meta":{"iawp_total_views":111},"product_cat":[218,196,192,84,90,86,49,39],"product_tag":[96,97,98,99],"class_list":{"0":"post-8560","1":"product","2":"type-product","3":"status-publish","4":"has-post-thumbnail","6":"product_cat-darzeliu-grupems","7":"product_cat-dovanos-mergaitems","8":"product_cat-kaledines-dovanos-vaikams","9":"product_cat-lavinamieji-zaislai","10":"product_cat-pasaulio-pazinimas","11":"product_cat-smulkioji-motorika","12":"product_cat-visi-zaislai","13":"product_cat-zaislai","14":"product_tag-2-m-3-m","15":"product_tag-3-m-4-m","16":"product_tag-5-m-7-m","17":"product_tag-8-m-11-m","19":"first","20":"instock","21":"taxable","22":"shipping-taxable","23":"purchasable","24":"product-type-simple"},"yoast_head":"<!-- This site is optimized with the Yoast SEO plugin v23.3 - https:\/\/yoast.com\/wordpress\/plugins\/seo\/ -->\n<title>Balion\u0173 paleidimo \u017eaidimas triu\u0161is - Montessori \u017eaislai<\/title>\n<meta name=\"robots\" content=\"noindex, follow, max-snippet:-1, max-image-preview:large, max-video-preview:-1\" \/>\n<meta property=\"og:locale\" content=\"en_US\" \/>\n<meta property=\"og:type\" content=\"article\" \/>\n<meta property=\"og:title\" content=\"Balion\u0173 paleidimo \u017eaidimas triu\u0161is - Montessori \u017eaislai\" \/>\n<meta property=\"og:description\" content=\"Puikus ir kiekvien\u0105 vaik\u0105 sudominantis balion\u0173 paleidimo \u017eaidimas! Prad\u017eioje &nbsp;ant automobilio reikia u\u017ed\u0117ti pripu\u010diam\u0105 balion\u0105. Tada prijunkite automobil\u012f prie paleidimo \u012frenginio ir prip\u016bskite balion\u0105. Prip\u016bt\u0119 balion\u0105, paspauskite paleidimo \u012frenginio mygtuk\u0105 ir steb\u0117kite, kokiu grei\u010diu automobilis keliauja! Organizuokite var\u017eybas ir patikrinkite, kuris automobilis atva\u017eiuos grei\u010diau ir toliau! Pakuot\u0117s matmenys: 18cm x 15cm x 15,5cm &nbsp;\" \/>\n<meta property=\"og:url\" content=\"https:\/\/dev.monti.lt\/en\/product\/balionu-paleidimo-zaidimas-triusis\/\" \/>\n<meta property=\"og:site_name\" content=\"Montessori \u017eaislai\" \/>\n<meta property=\"article:modified_time\" content=\"2024-10-08T17:27:24+00:00\" \/>\n<meta property=\"og:image\" content=\"https:\/\/dev.monti.lt\/wp-content\/uploads\/2022\/06\/KX591472711.jpg\" \/>\n\t<meta property=\"og:image:width\" content=\"1600\" \/>\n\t<meta property=\"og:image:height\" content=\"1200\" \/>\n\t<meta property=\"og:image:type\" content=\"image\/jpeg\" \/>\n<meta name=\"twitter:card\" content=\"summary_large_image\" \/>\n<meta name=\"twitter:label1\" content=\"Est. reading time\" \/>\n\t<meta name=\"twitter:data1\" content=\"1 minute\" \/>\n<script type=\"application\/ld+json\" class=\"yoast-schema-graph\">{\"@context\":\"https:\/\/schema.org\",\"@graph\":[{\"@type\":\"WebPage\",\"@id\":\"https:\/\/dev.monti.lt\/product\/balionu-paleidimo-zaidimas-triusis\/\",\"url\":\"https:\/\/dev.monti.lt\/product\/balionu-paleidimo-zaidimas-triusis\/\",\"name\":\"Balion\u0173 paleidimo \u017eaidimas triu\u0161is - Montessori \u017eaislai\",\"isPartOf\":{\"@id\":\"https:\/\/dev.monti.lt\/#website\"},\"primaryImageOfPage\":{\"@id\":\"https:\/\/dev.monti.lt\/product\/balionu-paleidimo-zaidimas-triusis\/#primaryimage\"},\"image\":{\"@id\":\"https:\/\/dev.monti.lt\/product\/balionu-paleidimo-zaidimas-triusis\/#primaryimage\"},\"thumbnailUrl\":\"https:\/\/dev.monti.lt\/wp-content\/uploads\/2022\/06\/KX591472711.jpg\",\"datePublished\":\"2022-06-20T19:29:13+00:00\",\"dateModified\":\"2024-10-08T17:27:24+00:00\",\"breadcrumb\":{\"@id\":\"https:\/\/dev.monti.lt\/product\/balionu-paleidimo-zaidimas-triusis\/#breadcrumb\"},\"inLanguage\":\"en-US\",\"potentialAction\":[{\"@type\":\"ReadAction\",\"target\":[\"https:\/\/dev.monti.lt\/product\/balionu-paleidimo-zaidimas-triusis\/\"]}]},{\"@type\":\"ImageObject\",\"inLanguage\":\"en-US\",\"@id\":\"https:\/\/dev.monti.lt\/product\/balionu-paleidimo-zaidimas-triusis\/#primaryimage\",\"url\":\"https:\/\/dev.monti.lt\/wp-content\/uploads\/2022\/06\/KX591472711.jpg\",\"contentUrl\":\"https:\/\/dev.monti.lt\/wp-content\/uploads\/2022\/06\/KX591472711.jpg\",\"width\":1600,\"height\":1200},{\"@type\":\"BreadcrumbList\",\"@id\":\"https:\/\/dev.monti.lt\/product\/balionu-paleidimo-zaidimas-triusis\/#breadcrumb\",\"itemListElement\":[{\"@type\":\"ListItem\",\"position\":1,\"name\":\"Home\",\"item\":\"https:\/\/dev.monti.lt\/\"},{\"@type\":\"ListItem\",\"position\":2,\"name\":\"Parduotuv\u0117\",\"item\":\"https:\/\/dev.monti.lt\/shop\/\"},{\"@type\":\"ListItem\",\"position\":3,\"name\":\"Balion\u0173 paleidimo \u017eaidimas triu\u0161is\"}]},{\"@type\":\"WebSite\",\"@id\":\"https:\/\/dev.monti.lt\/#website\",\"url\":\"https:\/\/dev.monti.lt\/\",\"name\":\"Montessori \u017eaislai\",\"description\":\"\",\"publisher\":{\"@id\":\"https:\/\/dev.monti.lt\/#organization\"},\"potentialAction\":[{\"@type\":\"SearchAction\",\"target\":{\"@type\":\"EntryPoint\",\"urlTemplate\":\"https:\/\/dev.monti.lt\/?s={search_term_string}\"},\"query-input\":\"required name=search_term_string\"}],\"inLanguage\":\"en-US\"},{\"@type\":\"Organization\",\"@id\":\"https:\/\/dev.monti.lt\/#organization\",\"name\":\"Montessori \u017eaislai\",\"url\":\"https:\/\/dev.monti.lt\/\",\"logo\":{\"@type\":\"ImageObject\",\"inLanguage\":\"en-US\",\"@id\":\"https:\/\/dev.monti.lt\/#\/schema\/logo\/image\/\",\"url\":\"https:\/\/dev.monti.lt\/wp-content\/uploads\/2022\/03\/montilogo-1.png\",\"contentUrl\":\"https:\/\/dev.monti.lt\/wp-content\/uploads\/2022\/03\/montilogo-1.png\",\"width\":512,\"height\":512,\"caption\":\"Montessori \u017eaislai\"},\"image\":{\"@id\":\"https:\/\/dev.monti.lt\/#\/schema\/logo\/image\/\"}}]}<\/script>\n<!-- \/ Yoast SEO plugin. -->","yoast_head_json":{"title":"Balion\u0173 paleidimo \u017eaidimas triu\u0161is - Montessori \u017eaislai","robots":{"index":"noindex","follow":"follow","max-snippet":"max-snippet:-1","max-image-preview":"max-image-preview:large","max-video-preview":"max-video-preview:-1"},"og_locale":"en_US","og_type":"article","og_title":"Balion\u0173 paleidimo \u017eaidimas triu\u0161is - Montessori \u017eaislai","og_description":"Puikus ir kiekvien\u0105 vaik\u0105 sudominantis balion\u0173 paleidimo \u017eaidimas! Prad\u017eioje &nbsp;ant automobilio reikia u\u017ed\u0117ti pripu\u010diam\u0105 balion\u0105. Tada prijunkite automobil\u012f prie paleidimo \u012frenginio ir prip\u016bskite balion\u0105. Prip\u016bt\u0119 balion\u0105, paspauskite paleidimo \u012frenginio mygtuk\u0105 ir steb\u0117kite, kokiu grei\u010diu automobilis keliauja! Organizuokite var\u017eybas ir patikrinkite, kuris automobilis atva\u017eiuos grei\u010diau ir toliau! Pakuot\u0117s matmenys: 18cm x 15cm x 15,5cm &nbsp;","og_url":"https:\/\/dev.monti.lt\/en\/product\/balionu-paleidimo-zaidimas-triusis\/","og_site_name":"Montessori \u017eaislai","article_modified_time":"2024-10-08T17:27:24+00:00","og_image":[{"width":1600,"height":1200,"url":"https:\/\/dev.monti.lt\/wp-content\/uploads\/2022\/06\/KX591472711.jpg","type":"image\/jpeg"}],"twitter_card":"summary_large_image","twitter_misc":{"Est. reading time":"1 minute"},"schema":{"@context":"https:\/\/schema.org","@graph":[{"@type":"WebPage","@id":"https:\/\/dev.monti.lt\/product\/balionu-paleidimo-zaidimas-triusis\/","url":"https:\/\/dev.monti.lt\/product\/balionu-paleidimo-zaidimas-triusis\/","name":"Balion\u0173 paleidimo \u017eaidimas triu\u0161is - Montessori \u017eaislai","isPartOf":{"@id":"https:\/\/dev.monti.lt\/#website"},"primaryImageOfPage":{"@id":"https:\/\/dev.monti.lt\/product\/balionu-paleidimo-zaidimas-triusis\/#primaryimage"},"image":{"@id":"https:\/\/dev.monti.lt\/product\/balionu-paleidimo-zaidimas-triusis\/#primaryimage"},"thumbnailUrl":"https:\/\/dev.monti.lt\/wp-content\/uploads\/2022\/06\/KX591472711.jpg","datePublished":"2022-06-20T19:29:13+00:00","dateModified":"2024-10-08T17:27:24+00:00","breadcrumb":{"@id":"https:\/\/dev.monti.lt\/product\/balionu-paleidimo-zaidimas-triusis\/#breadcrumb"},"inLanguage":"en-US","potentialAction":[{"@type":"ReadAction","target":["https:\/\/dev.monti.lt\/product\/balionu-paleidimo-zaidimas-triusis\/"]}]},{"@type":"ImageObject","inLanguage":"en-US","@id":"https:\/\/dev.monti.lt\/product\/balionu-paleidimo-zaidimas-triusis\/#primaryimage","url":"https:\/\/dev.monti.lt\/wp-content\/uploads\/2022\/06\/KX591472711.jpg","contentUrl":"https:\/\/dev.monti.lt\/wp-content\/uploads\/2022\/06\/KX591472711.jpg","width":1600,"height":1200},{"@type":"BreadcrumbList","@id":"https:\/\/dev.monti.lt\/product\/balionu-paleidimo-zaidimas-triusis\/#breadcrumb","itemListElement":[{"@type":"ListItem","position":1,"name":"Home","item":"https:\/\/dev.monti.lt\/"},{"@type":"ListItem","position":2,"name":"Parduotuv\u0117","item":"https:\/\/dev.monti.lt\/shop\/"},{"@type":"ListItem","position":3,"name":"Balion\u0173 paleidimo \u017eaidimas triu\u0161is"}]},{"@type":"WebSite","@id":"https:\/\/dev.monti.lt\/#website","url":"https:\/\/dev.monti.lt\/","name":"Montessori \u017eaislai","description":"","publisher":{"@id":"https:\/\/dev.monti.lt\/#organization"},"potentialAction":[{"@type":"SearchAction","target":{"@type":"EntryPoint","urlTemplate":"https:\/\/dev.monti.lt\/?s={search_term_string}"},"query-input":"required name=search_term_string"}],"inLanguage":"en-US"},{"@type":"Organization","@id":"https:\/\/dev.monti.lt\/#organization","name":"Montessori \u017eaislai","url":"https:\/\/dev.monti.lt\/","logo":{"@type":"ImageObject","inLanguage":"en-US","@id":"https:\/\/dev.monti.lt\/#\/schema\/logo\/image\/","url":"https:\/\/dev.monti.lt\/wp-content\/uploads\/2022\/03\/montilogo-1.png","contentUrl":"https:\/\/dev.monti.lt\/wp-content\/uploads\/2022\/03\/montilogo-1.png","width":512,"height":512,"caption":"Montessori \u017eaislai"},"image":{"@id":"https:\/\/dev.monti.lt\/#\/schema\/logo\/image\/"}}]}},"_links":{"self":[{"href":"https:\/\/dev.monti.lt\/en\/wp-json\/wp\/v2\/product\/8560"}],"collection":[{"href":"https:\/\/dev.monti.lt\/en\/wp-json\/wp\/v2\/product"}],"about":[{"href":"https:\/\/dev.monti.lt\/en\/wp-json\/wp\/v2\/types\/product"}],"version-history":[{"count":2,"href":"https:\/\/dev.monti.lt\/en\/wp-json\/wp\/v2\/product\/8560\/revisions"}],"predecessor-version":[{"id":12631,"href":"https:\/\/dev.monti.lt\/en\/wp-json\/wp\/v2\/product\/8560\/revisions\/12631"}],"wp:featuredmedia":[{"embeddable":true,"href":"https:\/\/dev.monti.lt\/en\/wp-json\/wp\/v2\/media\/8561"}],"wp:attachment":[{"href":"https:\/\/dev.monti.lt\/en\/wp-json\/wp\/v2\/media?parent=8560"}],"wp:term":[{"taxonomy":"product_cat","embeddable":true,"href":"https:\/\/dev.monti.lt\/en\/wp-json\/wp\/v2\/product_cat?post=8560"},{"taxonomy":"product_tag","embeddable":true,"href":"https:\/\/dev.monti.lt\/en\/wp-json\/wp\/v2\/product_tag?post=8560"}],"curies":[{"name":"wp","href":"https:\/\/api.w.org\/{rel}","templated":true}]}}