{"id":8530,"date":"2022-06-20T12:59:55","date_gmt":"2022-06-20T12:59:55","guid":{"rendered":"https:\/\/dev.monti.lt\/?post_type=product&#038;p=8530"},"modified":"2024-09-27T07:30:34","modified_gmt":"2024-09-27T07:30:34","slug":"minksta-kontrastine-knygele-lovelei","status":"publish","type":"product","link":"https:\/\/dev.monti.lt\/en\/product\/minksta-kontrastine-knygele-lovelei\/","title":{"rendered":"Sensorin\u0117 knygel\u0117 lovelei gyv\u016bnai"},"content":{"rendered":"<p>MOKOMOJI VAIKI\u0160KOS LOVYT\u0116S APSAUGA &#8211; KNYGEL\u0116 PEL\u0116DA<\/p>\n<p>Pirmasis j\u016bs\u0173 vaiko skaitymas! Leiskit\u0117s \u012f stebukling\u0105 kelion\u0119 po \u012fvairi\u0173 form\u0173 pasaul\u012f.<\/p>\n<p>Kontrasting\u0173 ra\u0161t\u0173 med\u017eiagin\u0117 knyga &#8211; puikus pasirinkimas vaikams, kurie dar tik mokosi pa\u017einti pasaul\u012f. Jame rasite net 12 skirting\u0173 ra\u0161t\u0173.<\/p>\n<p>Akordeono formos knyg\u0105 galima naudoti kaip apsaugin\u012f kilim\u0117l\u012f lovel\u0117je. Virvut\u0117mis j\u012f galite pritvirtinti prie skersini\u0173.<\/p>\n<p>Visi puslapiai yra susi\u016bti ir i\u0161skleisti sudaro vien\u0105 visum\u0105.<\/p>\n<p>Sukurta atsi\u017evelgiant \u012f kiekvien\u0105 detal\u0119 ir ypa\u010d \u012f pa\u010di\u0173 ma\u017eiausi\u0173j\u0173 poreikius. Knygoje gausu netik\u0117tum\u0173, kurie skatins j\u016bs\u0173 vaiko smalsum\u0105.<\/p>\n<p>Rasite puslapi\u0173 su skirtingomis tekst\u016bromis ir savyb\u0117mis:<\/p>\n<p>\u0160lamantys puslapiai<br \/>\nKontrastingi ra\u0161tai<\/p>\n<p>Visa tai u\u017etikrina harmoning\u0105 j\u016bs\u0173 k\u016bdikio vystym\u0105si.<\/p>\n<p>Nuo pat pirmos k\u016bdikio gimimo akimirkos svarbu stimuliuoti jo poj\u016b\u010dius. \u017daisdamas su knyg\u0173 kilim\u0117liu ma\u017eylis:<\/p>\n<p>lavins aki\u0173 ir rank\u0173 koordinacij\u0105.<br \/>\nlavins rank\u0173 darbo \u012fg\u016bd\u017eius ir griebimo geb\u0117jimus.<br \/>\nstimuliuoja regos ir lyt\u0117jimo poj\u016b\u010dius.<\/p>\n<p>Kontrastingi ra\u0161tai patrauks ma\u017eylio d\u0117mes\u012f ir paskatins j\u012f \u017eaisti.<\/p>\n<p>Funkcionalus ir eleganti\u0161kas k\u016bdikio kambario priedas.<\/p>\n<p>D\u0117l to, kad jis pagamintas tik i\u0161 audinio, yra lengvas ir neu\u017eima daug vietos. J\u012f galite pasiimti \u012f kelion\u0119 arba pas gydytoj\u0105 &#8211; jis leis maloniau praleisti laik\u0105 laukiant ilgoje eil\u0117je.<\/p>\n<p>Med\u017eiaga:<\/p>\n<p>Vaiko am\u017eius: 0+<\/p>\n<p>Knygel\u0117s matmenys: 15 cm x 15 cm<\/p>\n<p>Pakuot\u0117s matmenys: 17 cm x 17 cm x 3 cm<\/p>\n<p>&nbsp;<\/p>","protected":false},"excerpt":{"rendered":"<p>MOKOMOJI VAIKI\u0160KOS LOVYT\u0116S APSAUGA &#8211; KNYGEL\u0116 PEL\u0116DA Pirmasis j\u016bs\u0173 vaiko skaitymas! Leiskit\u0117s \u012f stebukling\u0105 kelion\u0119 po \u012fvairi\u0173 form\u0173 pasaul\u012f. Kontrasting\u0173 ra\u0161t\u0173 med\u017eiagin\u0117 knyga &#8211; puikus pasirinkimas vaikams, kurie dar tik mokosi pa\u017einti pasaul\u012f. Jame rasite net 12 skirting\u0173 ra\u0161t\u0173. Akordeono formos knyg\u0105 galima naudoti kaip apsaugin\u012f kilim\u0117l\u012f lovel\u0117je. Virvut\u0117mis j\u012f galite pritvirtinti prie skersini\u0173. Visi [&hellip;]<\/p>","protected":false},"featured_media":11669,"template":"","meta":{"iawp_total_views":154},"product_cat":[84,83,90,86,49,39],"product_tag":[94],"class_list":{"0":"post-8530","1":"product","2":"type-product","3":"status-publish","4":"has-post-thumbnail","6":"product_cat-lavinamieji-zaislai","7":"product_cat-montessori-zaislai","8":"product_cat-pasaulio-pazinimas","9":"product_cat-smulkioji-motorika","10":"product_cat-visi-zaislai","11":"product_cat-zaislai","12":"product_tag-iki-1-m","14":"first","15":"outofstock","16":"taxable","17":"shipping-taxable","18":"purchasable","19":"product-type-simple"},"yoast_head":"<!-- This site is optimized with the Yoast SEO plugin v23.3 - https:\/\/yoast.com\/wordpress\/plugins\/seo\/ -->\n<title>Sensorin\u0117 knygel\u0117 lovelei gyv\u016bnai - Montessori \u017eaislai<\/title>\n<meta name=\"robots\" content=\"noindex, follow, max-snippet:-1, max-image-preview:large, max-video-preview:-1\" \/>\n<meta property=\"og:locale\" content=\"en_US\" \/>\n<meta property=\"og:type\" content=\"article\" \/>\n<meta property=\"og:title\" content=\"Sensorin\u0117 knygel\u0117 lovelei gyv\u016bnai - Montessori \u017eaislai\" \/>\n<meta property=\"og:description\" content=\"MOKOMOJI VAIKI\u0160KOS LOVYT\u0116S APSAUGA &#8211; KNYGEL\u0116 PEL\u0116DA Pirmasis j\u016bs\u0173 vaiko skaitymas! Leiskit\u0117s \u012f stebukling\u0105 kelion\u0119 po \u012fvairi\u0173 form\u0173 pasaul\u012f. Kontrasting\u0173 ra\u0161t\u0173 med\u017eiagin\u0117 knyga &#8211; puikus pasirinkimas vaikams, kurie dar tik mokosi pa\u017einti pasaul\u012f. Jame rasite net 12 skirting\u0173 ra\u0161t\u0173. Akordeono formos knyg\u0105 galima naudoti kaip apsaugin\u012f kilim\u0117l\u012f lovel\u0117je. Virvut\u0117mis j\u012f galite pritvirtinti prie skersini\u0173. Visi [&hellip;]\" \/>\n<meta property=\"og:url\" content=\"https:\/\/dev.monti.lt\/en\/product\/minksta-kontrastine-knygele-lovelei\/\" \/>\n<meta property=\"og:site_name\" content=\"Montessori \u017eaislai\" \/>\n<meta property=\"article:modified_time\" content=\"2024-09-27T07:30:34+00:00\" \/>\n<meta property=\"og:image\" content=\"https:\/\/dev.monti.lt\/wp-content\/uploads\/2022\/06\/KX563879413-2.jpg\" \/>\n\t<meta property=\"og:image:width\" content=\"1024\" \/>\n\t<meta property=\"og:image:height\" content=\"768\" \/>\n\t<meta property=\"og:image:type\" content=\"image\/jpeg\" \/>\n<meta name=\"twitter:card\" content=\"summary_large_image\" \/>\n<meta name=\"twitter:label1\" content=\"Est. reading time\" \/>\n\t<meta name=\"twitter:data1\" content=\"1 minute\" \/>\n<script type=\"application\/ld+json\" class=\"yoast-schema-graph\">{\"@context\":\"https:\/\/schema.org\",\"@graph\":[{\"@type\":\"WebPage\",\"@id\":\"https:\/\/dev.monti.lt\/product\/minksta-kontrastine-knygele-lovelei\/\",\"url\":\"https:\/\/dev.monti.lt\/product\/minksta-kontrastine-knygele-lovelei\/\",\"name\":\"Sensorin\u0117 knygel\u0117 lovelei gyv\u016bnai - Montessori \u017eaislai\",\"isPartOf\":{\"@id\":\"https:\/\/dev.monti.lt\/#website\"},\"primaryImageOfPage\":{\"@id\":\"https:\/\/dev.monti.lt\/product\/minksta-kontrastine-knygele-lovelei\/#primaryimage\"},\"image\":{\"@id\":\"https:\/\/dev.monti.lt\/product\/minksta-kontrastine-knygele-lovelei\/#primaryimage\"},\"thumbnailUrl\":\"https:\/\/dev.monti.lt\/wp-content\/uploads\/2022\/06\/KX563879413-2.jpg\",\"datePublished\":\"2022-06-20T12:59:55+00:00\",\"dateModified\":\"2024-09-27T07:30:34+00:00\",\"breadcrumb\":{\"@id\":\"https:\/\/dev.monti.lt\/product\/minksta-kontrastine-knygele-lovelei\/#breadcrumb\"},\"inLanguage\":\"en-US\",\"potentialAction\":[{\"@type\":\"ReadAction\",\"target\":[\"https:\/\/dev.monti.lt\/product\/minksta-kontrastine-knygele-lovelei\/\"]}]},{\"@type\":\"ImageObject\",\"inLanguage\":\"en-US\",\"@id\":\"https:\/\/dev.monti.lt\/product\/minksta-kontrastine-knygele-lovelei\/#primaryimage\",\"url\":\"https:\/\/dev.monti.lt\/wp-content\/uploads\/2022\/06\/KX563879413-2.jpg\",\"contentUrl\":\"https:\/\/dev.monti.lt\/wp-content\/uploads\/2022\/06\/KX563879413-2.jpg\",\"width\":1024,\"height\":768},{\"@type\":\"BreadcrumbList\",\"@id\":\"https:\/\/dev.monti.lt\/product\/minksta-kontrastine-knygele-lovelei\/#breadcrumb\",\"itemListElement\":[{\"@type\":\"ListItem\",\"position\":1,\"name\":\"Home\",\"item\":\"https:\/\/dev.monti.lt\/\"},{\"@type\":\"ListItem\",\"position\":2,\"name\":\"Parduotuv\u0117\",\"item\":\"https:\/\/dev.monti.lt\/shop\/\"},{\"@type\":\"ListItem\",\"position\":3,\"name\":\"Sensorin\u0117 knygel\u0117 lovelei gyv\u016bnai\"}]},{\"@type\":\"WebSite\",\"@id\":\"https:\/\/dev.monti.lt\/#website\",\"url\":\"https:\/\/dev.monti.lt\/\",\"name\":\"Montessori \u017eaislai\",\"description\":\"\",\"publisher\":{\"@id\":\"https:\/\/dev.monti.lt\/#organization\"},\"potentialAction\":[{\"@type\":\"SearchAction\",\"target\":{\"@type\":\"EntryPoint\",\"urlTemplate\":\"https:\/\/dev.monti.lt\/?s={search_term_string}\"},\"query-input\":\"required name=search_term_string\"}],\"inLanguage\":\"en-US\"},{\"@type\":\"Organization\",\"@id\":\"https:\/\/dev.monti.lt\/#organization\",\"name\":\"Montessori \u017eaislai\",\"url\":\"https:\/\/dev.monti.lt\/\",\"logo\":{\"@type\":\"ImageObject\",\"inLanguage\":\"en-US\",\"@id\":\"https:\/\/dev.monti.lt\/#\/schema\/logo\/image\/\",\"url\":\"https:\/\/dev.monti.lt\/wp-content\/uploads\/2022\/03\/montilogo-1.png\",\"contentUrl\":\"https:\/\/dev.monti.lt\/wp-content\/uploads\/2022\/03\/montilogo-1.png\",\"width\":512,\"height\":512,\"caption\":\"Montessori \u017eaislai\"},\"image\":{\"@id\":\"https:\/\/dev.monti.lt\/#\/schema\/logo\/image\/\"}}]}<\/script>\n<!-- \/ Yoast SEO plugin. -->","yoast_head_json":{"title":"Sensorin\u0117 knygel\u0117 lovelei gyv\u016bnai - Montessori \u017eaislai","robots":{"index":"noindex","follow":"follow","max-snippet":"max-snippet:-1","max-image-preview":"max-image-preview:large","max-video-preview":"max-video-preview:-1"},"og_locale":"en_US","og_type":"article","og_title":"Sensorin\u0117 knygel\u0117 lovelei gyv\u016bnai - Montessori \u017eaislai","og_description":"MOKOMOJI VAIKI\u0160KOS LOVYT\u0116S APSAUGA &#8211; KNYGEL\u0116 PEL\u0116DA Pirmasis j\u016bs\u0173 vaiko skaitymas! Leiskit\u0117s \u012f stebukling\u0105 kelion\u0119 po \u012fvairi\u0173 form\u0173 pasaul\u012f. Kontrasting\u0173 ra\u0161t\u0173 med\u017eiagin\u0117 knyga &#8211; puikus pasirinkimas vaikams, kurie dar tik mokosi pa\u017einti pasaul\u012f. Jame rasite net 12 skirting\u0173 ra\u0161t\u0173. Akordeono formos knyg\u0105 galima naudoti kaip apsaugin\u012f kilim\u0117l\u012f lovel\u0117je. Virvut\u0117mis j\u012f galite pritvirtinti prie skersini\u0173. Visi [&hellip;]","og_url":"https:\/\/dev.monti.lt\/en\/product\/minksta-kontrastine-knygele-lovelei\/","og_site_name":"Montessori \u017eaislai","article_modified_time":"2024-09-27T07:30:34+00:00","og_image":[{"width":1024,"height":768,"url":"https:\/\/dev.monti.lt\/wp-content\/uploads\/2022\/06\/KX563879413-2.jpg","type":"image\/jpeg"}],"twitter_card":"summary_large_image","twitter_misc":{"Est. reading time":"1 minute"},"schema":{"@context":"https:\/\/schema.org","@graph":[{"@type":"WebPage","@id":"https:\/\/dev.monti.lt\/product\/minksta-kontrastine-knygele-lovelei\/","url":"https:\/\/dev.monti.lt\/product\/minksta-kontrastine-knygele-lovelei\/","name":"Sensorin\u0117 knygel\u0117 lovelei gyv\u016bnai - Montessori \u017eaislai","isPartOf":{"@id":"https:\/\/dev.monti.lt\/#website"},"primaryImageOfPage":{"@id":"https:\/\/dev.monti.lt\/product\/minksta-kontrastine-knygele-lovelei\/#primaryimage"},"image":{"@id":"https:\/\/dev.monti.lt\/product\/minksta-kontrastine-knygele-lovelei\/#primaryimage"},"thumbnailUrl":"https:\/\/dev.monti.lt\/wp-content\/uploads\/2022\/06\/KX563879413-2.jpg","datePublished":"2022-06-20T12:59:55+00:00","dateModified":"2024-09-27T07:30:34+00:00","breadcrumb":{"@id":"https:\/\/dev.monti.lt\/product\/minksta-kontrastine-knygele-lovelei\/#breadcrumb"},"inLanguage":"en-US","potentialAction":[{"@type":"ReadAction","target":["https:\/\/dev.monti.lt\/product\/minksta-kontrastine-knygele-lovelei\/"]}]},{"@type":"ImageObject","inLanguage":"en-US","@id":"https:\/\/dev.monti.lt\/product\/minksta-kontrastine-knygele-lovelei\/#primaryimage","url":"https:\/\/dev.monti.lt\/wp-content\/uploads\/2022\/06\/KX563879413-2.jpg","contentUrl":"https:\/\/dev.monti.lt\/wp-content\/uploads\/2022\/06\/KX563879413-2.jpg","width":1024,"height":768},{"@type":"BreadcrumbList","@id":"https:\/\/dev.monti.lt\/product\/minksta-kontrastine-knygele-lovelei\/#breadcrumb","itemListElement":[{"@type":"ListItem","position":1,"name":"Home","item":"https:\/\/dev.monti.lt\/"},{"@type":"ListItem","position":2,"name":"Parduotuv\u0117","item":"https:\/\/dev.monti.lt\/shop\/"},{"@type":"ListItem","position":3,"name":"Sensorin\u0117 knygel\u0117 lovelei gyv\u016bnai"}]},{"@type":"WebSite","@id":"https:\/\/dev.monti.lt\/#website","url":"https:\/\/dev.monti.lt\/","name":"Montessori \u017eaislai","description":"","publisher":{"@id":"https:\/\/dev.monti.lt\/#organization"},"potentialAction":[{"@type":"SearchAction","target":{"@type":"EntryPoint","urlTemplate":"https:\/\/dev.monti.lt\/?s={search_term_string}"},"query-input":"required name=search_term_string"}],"inLanguage":"en-US"},{"@type":"Organization","@id":"https:\/\/dev.monti.lt\/#organization","name":"Montessori \u017eaislai","url":"https:\/\/dev.monti.lt\/","logo":{"@type":"ImageObject","inLanguage":"en-US","@id":"https:\/\/dev.monti.lt\/#\/schema\/logo\/image\/","url":"https:\/\/dev.monti.lt\/wp-content\/uploads\/2022\/03\/montilogo-1.png","contentUrl":"https:\/\/dev.monti.lt\/wp-content\/uploads\/2022\/03\/montilogo-1.png","width":512,"height":512,"caption":"Montessori \u017eaislai"},"image":{"@id":"https:\/\/dev.monti.lt\/#\/schema\/logo\/image\/"}}]}},"_links":{"self":[{"href":"https:\/\/dev.monti.lt\/en\/wp-json\/wp\/v2\/product\/8530"}],"collection":[{"href":"https:\/\/dev.monti.lt\/en\/wp-json\/wp\/v2\/product"}],"about":[{"href":"https:\/\/dev.monti.lt\/en\/wp-json\/wp\/v2\/types\/product"}],"version-history":[{"count":2,"href":"https:\/\/dev.monti.lt\/en\/wp-json\/wp\/v2\/product\/8530\/revisions"}],"predecessor-version":[{"id":15283,"href":"https:\/\/dev.monti.lt\/en\/wp-json\/wp\/v2\/product\/8530\/revisions\/15283"}],"wp:featuredmedia":[{"embeddable":true,"href":"https:\/\/dev.monti.lt\/en\/wp-json\/wp\/v2\/media\/11669"}],"wp:attachment":[{"href":"https:\/\/dev.monti.lt\/en\/wp-json\/wp\/v2\/media?parent=8530"}],"wp:term":[{"taxonomy":"product_cat","embeddable":true,"href":"https:\/\/dev.monti.lt\/en\/wp-json\/wp\/v2\/product_cat?post=8530"},{"taxonomy":"product_tag","embeddable":true,"href":"https:\/\/dev.monti.lt\/en\/wp-json\/wp\/v2\/product_tag?post=8530"}],"curies":[{"name":"wp","href":"https:\/\/api.w.org\/{rel}","templated":true}]}}