{"id":8522,"date":"2022-06-18T20:34:37","date_gmt":"2022-06-18T20:34:37","guid":{"rendered":"https:\/\/dev.monti.lt\/?post_type=product&#038;p=8522"},"modified":"2024-10-08T10:12:24","modified_gmt":"2024-10-08T10:12:24","slug":"gyvunu-figureles-ukio-gyvunai","status":"publish","type":"product","link":"https:\/\/dev.monti.lt\/en\/product\/gyvunu-figureles-ukio-gyvunai\/","title":{"rendered":"Gyv\u016bn\u0173 fig\u016br\u0117l\u0117s \u016bkio gyv\u016bnai"},"content":{"rendered":"<p>Gyv\u016bn\u0173 fig\u016br\u0117l\u0117s \u016bkio gyv\u016bnai 12 vnt.<\/p>\n<p>Unikalus fig\u016br\u0117li\u0173 rinkinys, vaizduojantis 12 skirting\u0173 \u016bkio gyv\u016bn\u0173, nuves jaun\u0105 gamtos entuziast\u0105 tiesiai \u012f ferm\u0105.<\/p>\n<p>Ar j\u016bs\u0173 vaikas domisi biologija? Ar jis myli visus kaimo gyv\u016bnus? O gal jis tiesiog kolekcionuoja fig\u016br\u0117les?<\/p>\n<p>\u0160is rinkinys tikrai pavogs j\u016bs\u0173 vaiko \u0161ird\u012f ir suteiks begalinio malonumo.<\/p>\n<p>Leiskit\u0117s \u012f stebukling\u0105 kelion\u0119, kupin\u0105 nepamir\u0161tam\u0173 \u012fsp\u016bd\u017ei\u0173 per unikal\u0173 agroturizmo \u016bk\u012f. Pasigro\u017e\u0117kite \u0161uoliuojan\u010diu arkliu, purve besita\u0161kian\u010dia kiaule ar \u017eali\u0105 \u017eol\u0119 grau\u017eian\u010dia o\u017eka.<\/p>\n<p>Fig\u016br\u0117li\u0173 rinkinys yra labai smagus pasi\u016blymas, padedantis tinkamai vystytis vaikui. Tai lavina ma\u017eylio vaizduot\u0119 ir skatina k\u016brybin\u012f \u017eaidim\u0105. Be to, jie bus puiki motyvacija su\u017einoti apie atskir\u0173 gyv\u016bn\u0173 istorij\u0105, papro\u010dius ir atsiradimo vietas.<\/p>\n<p>Puiki id\u0117ja unikaliai dovanai ma\u017eajam tyrin\u0117tojui.<\/p>\n<p>Gyv\u016bnai d\u017eiugina detal\u0117mis. I\u0161tikimas detali\u0173 atk\u016brimas prad\u017eiugins net reikliausi\u0105 kolekcinink\u0105. Jie puikiai papildys iki \u0161iol sukaupt\u0105 kolekcij\u0105.<\/p>\n<p><strong>Komplekto turinys:<\/strong><\/p>\n<ul>\n<li>gaidys<\/li>\n<li>antis<\/li>\n<li>\u017e\u0105sis<\/li>\n<li>vi\u0161ta<\/li>\n<li>Avinas<\/li>\n<li>\u0161uo<\/li>\n<li>asilas<\/li>\n<li>arklys<\/li>\n<li>kiaulyt\u0117<\/li>\n<li>bulius<\/li>\n<li>karv\u0117<\/li>\n<li>o\u017eka<\/li>\n<\/ul>","protected":false},"excerpt":{"rendered":"<p>Gyv\u016bn\u0173 fig\u016br\u0117l\u0117s \u016bkio gyv\u016bnai 12 vnt. Unikalus fig\u016br\u0117li\u0173 rinkinys, vaizduojantis 12 skirting\u0173 \u016bkio gyv\u016bn\u0173, nuves jaun\u0105 gamtos entuziast\u0105 tiesiai \u012f ferm\u0105. Ar j\u016bs\u0173 vaikas domisi biologija? Ar jis myli visus kaimo gyv\u016bnus? O gal jis tiesiog kolekcionuoja fig\u016br\u0117les? \u0160is rinkinys tikrai pavogs j\u016bs\u0173 vaiko \u0161ird\u012f ir suteiks begalinio malonumo. Leiskit\u0117s \u012f stebukling\u0105 kelion\u0119, kupin\u0105 nepamir\u0161tam\u0173 [&hellip;]<\/p>","protected":false},"featured_media":8523,"template":"","meta":{"iawp_total_views":314},"product_cat":[84,90,93,49,39],"product_tag":[96,97,98],"class_list":{"0":"post-8522","1":"product","2":"type-product","3":"status-publish","4":"has-post-thumbnail","6":"product_cat-lavinamieji-zaislai","7":"product_cat-pasaulio-pazinimas","8":"product_cat-vaidmenu-zaidimai","9":"product_cat-visi-zaislai","10":"product_cat-zaislai","11":"product_tag-2-m-3-m","12":"product_tag-3-m-4-m","13":"product_tag-5-m-7-m","15":"first","16":"instock","17":"taxable","18":"shipping-taxable","19":"purchasable","20":"product-type-simple"},"yoast_head":"<!-- This site is optimized with the Yoast SEO plugin v23.3 - https:\/\/yoast.com\/wordpress\/plugins\/seo\/ -->\n<title>Gyv\u016bn\u0173 fig\u016br\u0117l\u0117s \u016bkio gyv\u016bnai - Montessori \u017eaislai<\/title>\n<meta name=\"robots\" content=\"noindex, follow, max-snippet:-1, max-image-preview:large, max-video-preview:-1\" \/>\n<meta property=\"og:locale\" content=\"en_US\" \/>\n<meta property=\"og:type\" content=\"article\" \/>\n<meta property=\"og:title\" content=\"Gyv\u016bn\u0173 fig\u016br\u0117l\u0117s \u016bkio gyv\u016bnai - Montessori \u017eaislai\" \/>\n<meta property=\"og:description\" content=\"Gyv\u016bn\u0173 fig\u016br\u0117l\u0117s \u016bkio gyv\u016bnai 12 vnt. Unikalus fig\u016br\u0117li\u0173 rinkinys, vaizduojantis 12 skirting\u0173 \u016bkio gyv\u016bn\u0173, nuves jaun\u0105 gamtos entuziast\u0105 tiesiai \u012f ferm\u0105. Ar j\u016bs\u0173 vaikas domisi biologija? Ar jis myli visus kaimo gyv\u016bnus? O gal jis tiesiog kolekcionuoja fig\u016br\u0117les? \u0160is rinkinys tikrai pavogs j\u016bs\u0173 vaiko \u0161ird\u012f ir suteiks begalinio malonumo. Leiskit\u0117s \u012f stebukling\u0105 kelion\u0119, kupin\u0105 nepamir\u0161tam\u0173 [&hellip;]\" \/>\n<meta property=\"og:url\" content=\"https:\/\/dev.monti.lt\/en\/product\/gyvunu-figureles-ukio-gyvunai\/\" \/>\n<meta property=\"og:site_name\" content=\"Montessori \u017eaislai\" \/>\n<meta property=\"article:modified_time\" content=\"2024-10-08T10:12:24+00:00\" \/>\n<meta property=\"og:image\" content=\"https:\/\/dev.monti.lt\/wp-content\/uploads\/2022\/06\/3cbaa1a794bf65f9007317483cec06c7ec972a45.jpg\" \/>\n\t<meta property=\"og:image:width\" content=\"680\" \/>\n\t<meta property=\"og:image:height\" content=\"680\" \/>\n\t<meta property=\"og:image:type\" content=\"image\/jpeg\" \/>\n<meta name=\"twitter:card\" content=\"summary_large_image\" \/>\n<meta name=\"twitter:label1\" content=\"Est. reading time\" \/>\n\t<meta name=\"twitter:data1\" content=\"1 minute\" \/>\n<script type=\"application\/ld+json\" class=\"yoast-schema-graph\">{\"@context\":\"https:\/\/schema.org\",\"@graph\":[{\"@type\":\"WebPage\",\"@id\":\"https:\/\/dev.monti.lt\/product\/gyvunu-figureles-ukio-gyvunai\/\",\"url\":\"https:\/\/dev.monti.lt\/product\/gyvunu-figureles-ukio-gyvunai\/\",\"name\":\"Gyv\u016bn\u0173 fig\u016br\u0117l\u0117s \u016bkio gyv\u016bnai - Montessori \u017eaislai\",\"isPartOf\":{\"@id\":\"https:\/\/dev.monti.lt\/#website\"},\"primaryImageOfPage\":{\"@id\":\"https:\/\/dev.monti.lt\/product\/gyvunu-figureles-ukio-gyvunai\/#primaryimage\"},\"image\":{\"@id\":\"https:\/\/dev.monti.lt\/product\/gyvunu-figureles-ukio-gyvunai\/#primaryimage\"},\"thumbnailUrl\":\"https:\/\/dev.monti.lt\/wp-content\/uploads\/2022\/06\/3cbaa1a794bf65f9007317483cec06c7ec972a45.jpg\",\"datePublished\":\"2022-06-18T20:34:37+00:00\",\"dateModified\":\"2024-10-08T10:12:24+00:00\",\"breadcrumb\":{\"@id\":\"https:\/\/dev.monti.lt\/product\/gyvunu-figureles-ukio-gyvunai\/#breadcrumb\"},\"inLanguage\":\"en-US\",\"potentialAction\":[{\"@type\":\"ReadAction\",\"target\":[\"https:\/\/dev.monti.lt\/product\/gyvunu-figureles-ukio-gyvunai\/\"]}]},{\"@type\":\"ImageObject\",\"inLanguage\":\"en-US\",\"@id\":\"https:\/\/dev.monti.lt\/product\/gyvunu-figureles-ukio-gyvunai\/#primaryimage\",\"url\":\"https:\/\/dev.monti.lt\/wp-content\/uploads\/2022\/06\/3cbaa1a794bf65f9007317483cec06c7ec972a45.jpg\",\"contentUrl\":\"https:\/\/dev.monti.lt\/wp-content\/uploads\/2022\/06\/3cbaa1a794bf65f9007317483cec06c7ec972a45.jpg\",\"width\":680,\"height\":680},{\"@type\":\"BreadcrumbList\",\"@id\":\"https:\/\/dev.monti.lt\/product\/gyvunu-figureles-ukio-gyvunai\/#breadcrumb\",\"itemListElement\":[{\"@type\":\"ListItem\",\"position\":1,\"name\":\"Home\",\"item\":\"https:\/\/dev.monti.lt\/\"},{\"@type\":\"ListItem\",\"position\":2,\"name\":\"Parduotuv\u0117\",\"item\":\"https:\/\/dev.monti.lt\/shop\/\"},{\"@type\":\"ListItem\",\"position\":3,\"name\":\"Gyv\u016bn\u0173 fig\u016br\u0117l\u0117s \u016bkio gyv\u016bnai\"}]},{\"@type\":\"WebSite\",\"@id\":\"https:\/\/dev.monti.lt\/#website\",\"url\":\"https:\/\/dev.monti.lt\/\",\"name\":\"Montessori \u017eaislai\",\"description\":\"\",\"publisher\":{\"@id\":\"https:\/\/dev.monti.lt\/#organization\"},\"potentialAction\":[{\"@type\":\"SearchAction\",\"target\":{\"@type\":\"EntryPoint\",\"urlTemplate\":\"https:\/\/dev.monti.lt\/?s={search_term_string}\"},\"query-input\":\"required name=search_term_string\"}],\"inLanguage\":\"en-US\"},{\"@type\":\"Organization\",\"@id\":\"https:\/\/dev.monti.lt\/#organization\",\"name\":\"Montessori \u017eaislai\",\"url\":\"https:\/\/dev.monti.lt\/\",\"logo\":{\"@type\":\"ImageObject\",\"inLanguage\":\"en-US\",\"@id\":\"https:\/\/dev.monti.lt\/#\/schema\/logo\/image\/\",\"url\":\"https:\/\/dev.monti.lt\/wp-content\/uploads\/2022\/03\/montilogo-1.png\",\"contentUrl\":\"https:\/\/dev.monti.lt\/wp-content\/uploads\/2022\/03\/montilogo-1.png\",\"width\":512,\"height\":512,\"caption\":\"Montessori \u017eaislai\"},\"image\":{\"@id\":\"https:\/\/dev.monti.lt\/#\/schema\/logo\/image\/\"}}]}<\/script>\n<!-- \/ Yoast SEO plugin. -->","yoast_head_json":{"title":"Gyv\u016bn\u0173 fig\u016br\u0117l\u0117s \u016bkio gyv\u016bnai - Montessori \u017eaislai","robots":{"index":"noindex","follow":"follow","max-snippet":"max-snippet:-1","max-image-preview":"max-image-preview:large","max-video-preview":"max-video-preview:-1"},"og_locale":"en_US","og_type":"article","og_title":"Gyv\u016bn\u0173 fig\u016br\u0117l\u0117s \u016bkio gyv\u016bnai - Montessori \u017eaislai","og_description":"Gyv\u016bn\u0173 fig\u016br\u0117l\u0117s \u016bkio gyv\u016bnai 12 vnt. Unikalus fig\u016br\u0117li\u0173 rinkinys, vaizduojantis 12 skirting\u0173 \u016bkio gyv\u016bn\u0173, nuves jaun\u0105 gamtos entuziast\u0105 tiesiai \u012f ferm\u0105. Ar j\u016bs\u0173 vaikas domisi biologija? Ar jis myli visus kaimo gyv\u016bnus? O gal jis tiesiog kolekcionuoja fig\u016br\u0117les? \u0160is rinkinys tikrai pavogs j\u016bs\u0173 vaiko \u0161ird\u012f ir suteiks begalinio malonumo. Leiskit\u0117s \u012f stebukling\u0105 kelion\u0119, kupin\u0105 nepamir\u0161tam\u0173 [&hellip;]","og_url":"https:\/\/dev.monti.lt\/en\/product\/gyvunu-figureles-ukio-gyvunai\/","og_site_name":"Montessori \u017eaislai","article_modified_time":"2024-10-08T10:12:24+00:00","og_image":[{"width":680,"height":680,"url":"https:\/\/dev.monti.lt\/wp-content\/uploads\/2022\/06\/3cbaa1a794bf65f9007317483cec06c7ec972a45.jpg","type":"image\/jpeg"}],"twitter_card":"summary_large_image","twitter_misc":{"Est. reading time":"1 minute"},"schema":{"@context":"https:\/\/schema.org","@graph":[{"@type":"WebPage","@id":"https:\/\/dev.monti.lt\/product\/gyvunu-figureles-ukio-gyvunai\/","url":"https:\/\/dev.monti.lt\/product\/gyvunu-figureles-ukio-gyvunai\/","name":"Gyv\u016bn\u0173 fig\u016br\u0117l\u0117s \u016bkio gyv\u016bnai - Montessori \u017eaislai","isPartOf":{"@id":"https:\/\/dev.monti.lt\/#website"},"primaryImageOfPage":{"@id":"https:\/\/dev.monti.lt\/product\/gyvunu-figureles-ukio-gyvunai\/#primaryimage"},"image":{"@id":"https:\/\/dev.monti.lt\/product\/gyvunu-figureles-ukio-gyvunai\/#primaryimage"},"thumbnailUrl":"https:\/\/dev.monti.lt\/wp-content\/uploads\/2022\/06\/3cbaa1a794bf65f9007317483cec06c7ec972a45.jpg","datePublished":"2022-06-18T20:34:37+00:00","dateModified":"2024-10-08T10:12:24+00:00","breadcrumb":{"@id":"https:\/\/dev.monti.lt\/product\/gyvunu-figureles-ukio-gyvunai\/#breadcrumb"},"inLanguage":"en-US","potentialAction":[{"@type":"ReadAction","target":["https:\/\/dev.monti.lt\/product\/gyvunu-figureles-ukio-gyvunai\/"]}]},{"@type":"ImageObject","inLanguage":"en-US","@id":"https:\/\/dev.monti.lt\/product\/gyvunu-figureles-ukio-gyvunai\/#primaryimage","url":"https:\/\/dev.monti.lt\/wp-content\/uploads\/2022\/06\/3cbaa1a794bf65f9007317483cec06c7ec972a45.jpg","contentUrl":"https:\/\/dev.monti.lt\/wp-content\/uploads\/2022\/06\/3cbaa1a794bf65f9007317483cec06c7ec972a45.jpg","width":680,"height":680},{"@type":"BreadcrumbList","@id":"https:\/\/dev.monti.lt\/product\/gyvunu-figureles-ukio-gyvunai\/#breadcrumb","itemListElement":[{"@type":"ListItem","position":1,"name":"Home","item":"https:\/\/dev.monti.lt\/"},{"@type":"ListItem","position":2,"name":"Parduotuv\u0117","item":"https:\/\/dev.monti.lt\/shop\/"},{"@type":"ListItem","position":3,"name":"Gyv\u016bn\u0173 fig\u016br\u0117l\u0117s \u016bkio gyv\u016bnai"}]},{"@type":"WebSite","@id":"https:\/\/dev.monti.lt\/#website","url":"https:\/\/dev.monti.lt\/","name":"Montessori \u017eaislai","description":"","publisher":{"@id":"https:\/\/dev.monti.lt\/#organization"},"potentialAction":[{"@type":"SearchAction","target":{"@type":"EntryPoint","urlTemplate":"https:\/\/dev.monti.lt\/?s={search_term_string}"},"query-input":"required name=search_term_string"}],"inLanguage":"en-US"},{"@type":"Organization","@id":"https:\/\/dev.monti.lt\/#organization","name":"Montessori \u017eaislai","url":"https:\/\/dev.monti.lt\/","logo":{"@type":"ImageObject","inLanguage":"en-US","@id":"https:\/\/dev.monti.lt\/#\/schema\/logo\/image\/","url":"https:\/\/dev.monti.lt\/wp-content\/uploads\/2022\/03\/montilogo-1.png","contentUrl":"https:\/\/dev.monti.lt\/wp-content\/uploads\/2022\/03\/montilogo-1.png","width":512,"height":512,"caption":"Montessori \u017eaislai"},"image":{"@id":"https:\/\/dev.monti.lt\/#\/schema\/logo\/image\/"}}]}},"_links":{"self":[{"href":"https:\/\/dev.monti.lt\/en\/wp-json\/wp\/v2\/product\/8522"}],"collection":[{"href":"https:\/\/dev.monti.lt\/en\/wp-json\/wp\/v2\/product"}],"about":[{"href":"https:\/\/dev.monti.lt\/en\/wp-json\/wp\/v2\/types\/product"}],"version-history":[{"count":2,"href":"https:\/\/dev.monti.lt\/en\/wp-json\/wp\/v2\/product\/8522\/revisions"}],"predecessor-version":[{"id":8761,"href":"https:\/\/dev.monti.lt\/en\/wp-json\/wp\/v2\/product\/8522\/revisions\/8761"}],"wp:featuredmedia":[{"embeddable":true,"href":"https:\/\/dev.monti.lt\/en\/wp-json\/wp\/v2\/media\/8523"}],"wp:attachment":[{"href":"https:\/\/dev.monti.lt\/en\/wp-json\/wp\/v2\/media?parent=8522"}],"wp:term":[{"taxonomy":"product_cat","embeddable":true,"href":"https:\/\/dev.monti.lt\/en\/wp-json\/wp\/v2\/product_cat?post=8522"},{"taxonomy":"product_tag","embeddable":true,"href":"https:\/\/dev.monti.lt\/en\/wp-json\/wp\/v2\/product_tag?post=8522"}],"curies":[{"name":"wp","href":"https:\/\/api.w.org\/{rel}","templated":true}]}}