{"id":8453,"date":"2022-06-14T12:37:33","date_gmt":"2022-06-14T12:37:33","guid":{"rendered":"https:\/\/dev.monti.lt\/?post_type=product&#038;p=8453"},"modified":"2024-10-09T18:00:24","modified_gmt":"2024-10-09T18:00:24","slug":"medinis-rusiuoklis-su-4-bokstais","status":"publish","type":"product","link":"https:\/\/dev.monti.lt\/en\/product\/medinis-rusiuoklis-su-4-bokstais\/","title":{"rendered":"Medinis r\u016b\u0161iuoklis su 4 bok\u0161tais"},"content":{"rendered":"<p style=\"text-align: left;\" align=\"center\"><span style=\"font-size: 12pt;\">Puikus lavinantis \u017eaislas, visi\u0161kai pagamintas i\u0161 med\u017eio.<\/span><\/p>\n<p style=\"text-align: left;\" align=\"center\"><span style=\"font-size: 12pt;\">\u017daislas teigiamai veikia vaiko pa\u017eintini\u0173 funkcij\u0173 vystym\u0105si.<\/span><\/p>\n<p style=\"text-align: left;\" align=\"center\"><span style=\"font-size: 12pt;\">J\u016bs\u0173 vaikas i\u0161moks atskirti formas ir spalvas.<\/span><\/p>\n<p align=\"center\"><span>Be to, \u017eaislas teigiamai veikia rankini\u0173 \u012fg\u016bd\u017ei\u0173 ugdym\u0105.<\/span><\/p>\n<p align=\"center\"><span>Mokymasis ir linksmyb\u0117s viename!<\/span><\/p>\n<p align=\"center\"><span>Ry\u0161kios, \u0161iltos spalvos paskatins kiekvien\u0105 k\u016bdik\u012f \u017eaisti.<\/span><\/p>\n<p align=\"center\"><span style=\"font-family: Tahoma; font-size: large;\"><span>&nbsp;Rinkin\u012f sudaro 16 spalvot\u0173 kalad\u0117li\u0173 + pagrindas.<\/span><\/span><\/p>\n<p align=\"center\"><span style=\"font-family: Tahoma; font-size: large;\"><span>J\u016bs\u0173 vaikas taip pat gal\u0117s kurti paprastus pastatus i\u0161 medini\u0173 kalad\u0117li\u0173.<\/span><\/span><\/p>\n<p><span style=\"font-size: 12pt;\">Matmenys:<\/span><\/p>\n<p><span style=\"font-size: 12pt;\">13 cm x 11 cm x 5,5 cm<\/span><\/p>\n<p><span style=\"font-size: 12pt;\">Supakuota esteti\u0161koje, originalioje pakuot\u0117je.<\/span><\/p>\n<p align=\"center\"><strong><span>Med\u017eiaga:<\/span><\/strong><\/p>\n<p align=\"center\"><span>medienos<\/span><\/p>\n<p align=\"center\">&nbsp;<span style=\"font-family: Tahoma; font-size: large;\"><span>Turi CE sertifikat\u0105<\/span><\/span><\/p>\n<p align=\"center\"><span><span class=\"\">Puiki dovanos id\u0117ja.<\/span><\/span><\/p>\n<p align=\"center\"><span>Supakuota esteti\u0161koje, originalioje pakuot\u0117je<\/span><\/p>","protected":false},"excerpt":{"rendered":"<p>Puikus lavinantis \u017eaislas, visi\u0161kai pagamintas i\u0161 med\u017eio. \u017daislas teigiamai veikia vaiko pa\u017eintini\u0173 funkcij\u0173 vystym\u0105si. J\u016bs\u0173 vaikas i\u0161moks atskirti formas ir spalvas. Be to, \u017eaislas teigiamai veikia rankini\u0173 \u012fg\u016bd\u017ei\u0173 ugdym\u0105. Mokymasis ir linksmyb\u0117s viename! Ry\u0161kios, \u0161iltos spalvos paskatins kiekvien\u0105 k\u016bdik\u012f \u017eaisti. &nbsp;Rinkin\u012f sudaro 16 spalvot\u0173 kalad\u0117li\u0173 + pagrindas. J\u016bs\u0173 vaikas taip pat gal\u0117s kurti paprastus pastatus [&hellip;]<\/p>","protected":false},"featured_media":8454,"template":"","meta":{"iawp_total_views":180},"product_cat":[218,92,208,194,195,191,84,91,210,102,83,86,49,39],"product_tag":[96,97],"class_list":{"0":"post-8453","1":"product","2":"type-product","3":"status-publish","4":"has-post-thumbnail","6":"product_cat-darzeliu-grupems","7":"product_cat-deliones","8":"product_cat-deliones-2","9":"product_cat-dovanos-vaikams-2-3-metu","10":"product_cat-dovanos-vaikams-3-4-metu","11":"product_cat-dovanos-vaikams","12":"product_cat-lavinamieji-zaislai","13":"product_cat-loginiam-mastymui","14":"product_cat-medines-deliones","15":"product_cat-mediniai-zaislai","16":"product_cat-montessori-zaislai","17":"product_cat-smulkioji-motorika","18":"product_cat-visi-zaislai","19":"product_cat-zaislai","20":"product_tag-2-m-3-m","21":"product_tag-3-m-4-m","23":"first","24":"instock","25":"sale","26":"taxable","27":"shipping-taxable","28":"purchasable","29":"product-type-simple"},"yoast_head":"<!-- This site is optimized with the Yoast SEO plugin v23.3 - https:\/\/yoast.com\/wordpress\/plugins\/seo\/ -->\n<title>Medinis r\u016b\u0161iuoklis su 4 bok\u0161tais - Montessori \u017eaislai<\/title>\n<meta name=\"robots\" content=\"noindex, follow, max-snippet:-1, max-image-preview:large, max-video-preview:-1\" \/>\n<meta property=\"og:locale\" content=\"en_US\" \/>\n<meta property=\"og:type\" content=\"article\" \/>\n<meta property=\"og:title\" content=\"Medinis r\u016b\u0161iuoklis su 4 bok\u0161tais - Montessori \u017eaislai\" \/>\n<meta property=\"og:description\" content=\"Puikus lavinantis \u017eaislas, visi\u0161kai pagamintas i\u0161 med\u017eio. \u017daislas teigiamai veikia vaiko pa\u017eintini\u0173 funkcij\u0173 vystym\u0105si. J\u016bs\u0173 vaikas i\u0161moks atskirti formas ir spalvas. Be to, \u017eaislas teigiamai veikia rankini\u0173 \u012fg\u016bd\u017ei\u0173 ugdym\u0105. Mokymasis ir linksmyb\u0117s viename! Ry\u0161kios, \u0161iltos spalvos paskatins kiekvien\u0105 k\u016bdik\u012f \u017eaisti. &nbsp;Rinkin\u012f sudaro 16 spalvot\u0173 kalad\u0117li\u0173 + pagrindas. J\u016bs\u0173 vaikas taip pat gal\u0117s kurti paprastus pastatus [&hellip;]\" \/>\n<meta property=\"og:url\" content=\"https:\/\/dev.monti.lt\/en\/product\/medinis-rusiuoklis-su-4-bokstais\/\" \/>\n<meta property=\"og:site_name\" content=\"Montessori \u017eaislai\" \/>\n<meta property=\"article:modified_time\" content=\"2024-10-09T18:00:24+00:00\" \/>\n<meta property=\"og:image\" content=\"https:\/\/dev.monti.lt\/wp-content\/uploads\/2022\/06\/KX755152883-scaled.jpg\" \/>\n\t<meta property=\"og:image:width\" content=\"2560\" \/>\n\t<meta property=\"og:image:height\" content=\"2110\" \/>\n\t<meta property=\"og:image:type\" content=\"image\/jpeg\" \/>\n<meta name=\"twitter:card\" content=\"summary_large_image\" \/>\n<meta name=\"twitter:label1\" content=\"Est. reading time\" \/>\n\t<meta name=\"twitter:data1\" content=\"1 minute\" \/>\n<script type=\"application\/ld+json\" class=\"yoast-schema-graph\">{\"@context\":\"https:\/\/schema.org\",\"@graph\":[{\"@type\":\"WebPage\",\"@id\":\"https:\/\/dev.monti.lt\/product\/medinis-rusiuoklis-su-4-bokstais\/\",\"url\":\"https:\/\/dev.monti.lt\/product\/medinis-rusiuoklis-su-4-bokstais\/\",\"name\":\"Medinis r\u016b\u0161iuoklis su 4 bok\u0161tais - Montessori \u017eaislai\",\"isPartOf\":{\"@id\":\"https:\/\/dev.monti.lt\/#website\"},\"primaryImageOfPage\":{\"@id\":\"https:\/\/dev.monti.lt\/product\/medinis-rusiuoklis-su-4-bokstais\/#primaryimage\"},\"image\":{\"@id\":\"https:\/\/dev.monti.lt\/product\/medinis-rusiuoklis-su-4-bokstais\/#primaryimage\"},\"thumbnailUrl\":\"https:\/\/dev.monti.lt\/wp-content\/uploads\/2022\/06\/KX755152883-scaled.jpg\",\"datePublished\":\"2022-06-14T12:37:33+00:00\",\"dateModified\":\"2024-10-09T18:00:24+00:00\",\"breadcrumb\":{\"@id\":\"https:\/\/dev.monti.lt\/product\/medinis-rusiuoklis-su-4-bokstais\/#breadcrumb\"},\"inLanguage\":\"en-US\",\"potentialAction\":[{\"@type\":\"ReadAction\",\"target\":[\"https:\/\/dev.monti.lt\/product\/medinis-rusiuoklis-su-4-bokstais\/\"]}]},{\"@type\":\"ImageObject\",\"inLanguage\":\"en-US\",\"@id\":\"https:\/\/dev.monti.lt\/product\/medinis-rusiuoklis-su-4-bokstais\/#primaryimage\",\"url\":\"https:\/\/dev.monti.lt\/wp-content\/uploads\/2022\/06\/KX755152883-scaled.jpg\",\"contentUrl\":\"https:\/\/dev.monti.lt\/wp-content\/uploads\/2022\/06\/KX755152883-scaled.jpg\",\"width\":2560,\"height\":2110,\"caption\":\"Medinis r\u016b\u0161iuoklis; pirmasis r\u016b\u0161iuoklis vaikams\"},{\"@type\":\"BreadcrumbList\",\"@id\":\"https:\/\/dev.monti.lt\/product\/medinis-rusiuoklis-su-4-bokstais\/#breadcrumb\",\"itemListElement\":[{\"@type\":\"ListItem\",\"position\":1,\"name\":\"Home\",\"item\":\"https:\/\/dev.monti.lt\/\"},{\"@type\":\"ListItem\",\"position\":2,\"name\":\"Parduotuv\u0117\",\"item\":\"https:\/\/dev.monti.lt\/shop\/\"},{\"@type\":\"ListItem\",\"position\":3,\"name\":\"Medinis r\u016b\u0161iuoklis su 4 bok\u0161tais\"}]},{\"@type\":\"WebSite\",\"@id\":\"https:\/\/dev.monti.lt\/#website\",\"url\":\"https:\/\/dev.monti.lt\/\",\"name\":\"Montessori \u017eaislai\",\"description\":\"\",\"publisher\":{\"@id\":\"https:\/\/dev.monti.lt\/#organization\"},\"potentialAction\":[{\"@type\":\"SearchAction\",\"target\":{\"@type\":\"EntryPoint\",\"urlTemplate\":\"https:\/\/dev.monti.lt\/?s={search_term_string}\"},\"query-input\":\"required name=search_term_string\"}],\"inLanguage\":\"en-US\"},{\"@type\":\"Organization\",\"@id\":\"https:\/\/dev.monti.lt\/#organization\",\"name\":\"Montessori \u017eaislai\",\"url\":\"https:\/\/dev.monti.lt\/\",\"logo\":{\"@type\":\"ImageObject\",\"inLanguage\":\"en-US\",\"@id\":\"https:\/\/dev.monti.lt\/#\/schema\/logo\/image\/\",\"url\":\"https:\/\/dev.monti.lt\/wp-content\/uploads\/2022\/03\/montilogo-1.png\",\"contentUrl\":\"https:\/\/dev.monti.lt\/wp-content\/uploads\/2022\/03\/montilogo-1.png\",\"width\":512,\"height\":512,\"caption\":\"Montessori \u017eaislai\"},\"image\":{\"@id\":\"https:\/\/dev.monti.lt\/#\/schema\/logo\/image\/\"}}]}<\/script>\n<!-- \/ Yoast SEO plugin. -->","yoast_head_json":{"title":"Medinis r\u016b\u0161iuoklis su 4 bok\u0161tais - Montessori \u017eaislai","robots":{"index":"noindex","follow":"follow","max-snippet":"max-snippet:-1","max-image-preview":"max-image-preview:large","max-video-preview":"max-video-preview:-1"},"og_locale":"en_US","og_type":"article","og_title":"Medinis r\u016b\u0161iuoklis su 4 bok\u0161tais - Montessori \u017eaislai","og_description":"Puikus lavinantis \u017eaislas, visi\u0161kai pagamintas i\u0161 med\u017eio. \u017daislas teigiamai veikia vaiko pa\u017eintini\u0173 funkcij\u0173 vystym\u0105si. J\u016bs\u0173 vaikas i\u0161moks atskirti formas ir spalvas. Be to, \u017eaislas teigiamai veikia rankini\u0173 \u012fg\u016bd\u017ei\u0173 ugdym\u0105. Mokymasis ir linksmyb\u0117s viename! Ry\u0161kios, \u0161iltos spalvos paskatins kiekvien\u0105 k\u016bdik\u012f \u017eaisti. &nbsp;Rinkin\u012f sudaro 16 spalvot\u0173 kalad\u0117li\u0173 + pagrindas. J\u016bs\u0173 vaikas taip pat gal\u0117s kurti paprastus pastatus [&hellip;]","og_url":"https:\/\/dev.monti.lt\/en\/product\/medinis-rusiuoklis-su-4-bokstais\/","og_site_name":"Montessori \u017eaislai","article_modified_time":"2024-10-09T18:00:24+00:00","og_image":[{"width":2560,"height":2110,"url":"https:\/\/dev.monti.lt\/wp-content\/uploads\/2022\/06\/KX755152883-scaled.jpg","type":"image\/jpeg"}],"twitter_card":"summary_large_image","twitter_misc":{"Est. reading time":"1 minute"},"schema":{"@context":"https:\/\/schema.org","@graph":[{"@type":"WebPage","@id":"https:\/\/dev.monti.lt\/product\/medinis-rusiuoklis-su-4-bokstais\/","url":"https:\/\/dev.monti.lt\/product\/medinis-rusiuoklis-su-4-bokstais\/","name":"Medinis r\u016b\u0161iuoklis su 4 bok\u0161tais - Montessori \u017eaislai","isPartOf":{"@id":"https:\/\/dev.monti.lt\/#website"},"primaryImageOfPage":{"@id":"https:\/\/dev.monti.lt\/product\/medinis-rusiuoklis-su-4-bokstais\/#primaryimage"},"image":{"@id":"https:\/\/dev.monti.lt\/product\/medinis-rusiuoklis-su-4-bokstais\/#primaryimage"},"thumbnailUrl":"https:\/\/dev.monti.lt\/wp-content\/uploads\/2022\/06\/KX755152883-scaled.jpg","datePublished":"2022-06-14T12:37:33+00:00","dateModified":"2024-10-09T18:00:24+00:00","breadcrumb":{"@id":"https:\/\/dev.monti.lt\/product\/medinis-rusiuoklis-su-4-bokstais\/#breadcrumb"},"inLanguage":"en-US","potentialAction":[{"@type":"ReadAction","target":["https:\/\/dev.monti.lt\/product\/medinis-rusiuoklis-su-4-bokstais\/"]}]},{"@type":"ImageObject","inLanguage":"en-US","@id":"https:\/\/dev.monti.lt\/product\/medinis-rusiuoklis-su-4-bokstais\/#primaryimage","url":"https:\/\/dev.monti.lt\/wp-content\/uploads\/2022\/06\/KX755152883-scaled.jpg","contentUrl":"https:\/\/dev.monti.lt\/wp-content\/uploads\/2022\/06\/KX755152883-scaled.jpg","width":2560,"height":2110,"caption":"Medinis r\u016b\u0161iuoklis; pirmasis r\u016b\u0161iuoklis vaikams"},{"@type":"BreadcrumbList","@id":"https:\/\/dev.monti.lt\/product\/medinis-rusiuoklis-su-4-bokstais\/#breadcrumb","itemListElement":[{"@type":"ListItem","position":1,"name":"Home","item":"https:\/\/dev.monti.lt\/"},{"@type":"ListItem","position":2,"name":"Parduotuv\u0117","item":"https:\/\/dev.monti.lt\/shop\/"},{"@type":"ListItem","position":3,"name":"Medinis r\u016b\u0161iuoklis su 4 bok\u0161tais"}]},{"@type":"WebSite","@id":"https:\/\/dev.monti.lt\/#website","url":"https:\/\/dev.monti.lt\/","name":"Montessori \u017eaislai","description":"","publisher":{"@id":"https:\/\/dev.monti.lt\/#organization"},"potentialAction":[{"@type":"SearchAction","target":{"@type":"EntryPoint","urlTemplate":"https:\/\/dev.monti.lt\/?s={search_term_string}"},"query-input":"required name=search_term_string"}],"inLanguage":"en-US"},{"@type":"Organization","@id":"https:\/\/dev.monti.lt\/#organization","name":"Montessori \u017eaislai","url":"https:\/\/dev.monti.lt\/","logo":{"@type":"ImageObject","inLanguage":"en-US","@id":"https:\/\/dev.monti.lt\/#\/schema\/logo\/image\/","url":"https:\/\/dev.monti.lt\/wp-content\/uploads\/2022\/03\/montilogo-1.png","contentUrl":"https:\/\/dev.monti.lt\/wp-content\/uploads\/2022\/03\/montilogo-1.png","width":512,"height":512,"caption":"Montessori \u017eaislai"},"image":{"@id":"https:\/\/dev.monti.lt\/#\/schema\/logo\/image\/"}}]}},"_links":{"self":[{"href":"https:\/\/dev.monti.lt\/en\/wp-json\/wp\/v2\/product\/8453"}],"collection":[{"href":"https:\/\/dev.monti.lt\/en\/wp-json\/wp\/v2\/product"}],"about":[{"href":"https:\/\/dev.monti.lt\/en\/wp-json\/wp\/v2\/types\/product"}],"version-history":[{"count":6,"href":"https:\/\/dev.monti.lt\/en\/wp-json\/wp\/v2\/product\/8453\/revisions"}],"predecessor-version":[{"id":14667,"href":"https:\/\/dev.monti.lt\/en\/wp-json\/wp\/v2\/product\/8453\/revisions\/14667"}],"wp:featuredmedia":[{"embeddable":true,"href":"https:\/\/dev.monti.lt\/en\/wp-json\/wp\/v2\/media\/8454"}],"wp:attachment":[{"href":"https:\/\/dev.monti.lt\/en\/wp-json\/wp\/v2\/media?parent=8453"}],"wp:term":[{"taxonomy":"product_cat","embeddable":true,"href":"https:\/\/dev.monti.lt\/en\/wp-json\/wp\/v2\/product_cat?post=8453"},{"taxonomy":"product_tag","embeddable":true,"href":"https:\/\/dev.monti.lt\/en\/wp-json\/wp\/v2\/product_tag?post=8453"}],"curies":[{"name":"wp","href":"https:\/\/api.w.org\/{rel}","templated":true}]}}