{"id":8391,"date":"2022-06-06T20:09:18","date_gmt":"2022-06-06T20:09:18","guid":{"rendered":"https:\/\/dev.monti.lt\/?post_type=product&#038;p=8391"},"modified":"2024-09-03T13:22:20","modified_gmt":"2024-09-03T13:22:20","slug":"piesimo-lagaminelis-kuprine-berniukui","status":"publish","type":"product","link":"https:\/\/dev.monti.lt\/en\/product\/piesimo-lagaminelis-kuprine-berniukui\/","title":{"rendered":"Pie\u0161imo lagamin\u0117lis-kuprin\u0117 berniukui"},"content":{"rendered":"<p>\u0160i\u0105 kuprin\u0119 galima pasiimti su savimi, kad ir kur keliautum\u0117te. Ji padeda lavinti j\u016bs\u0173 vaiko intelekt\u0105 ir vaizduot\u0119.<\/p>\n<p>\u012e komplekt\u0105 \u012feina:<br \/>\nd\u0117klas \/ kuprin\u0117 saugojimui<br \/>\ndir\u017eeliai<br \/>\nkorteli\u0173 laikiklis<br \/>\ndvipus\u0117 pie\u0161imo lenta (juoda \/ balta)<br \/>\nlipdukai<br \/>\nspalvinimo kortel\u0117s<br \/>\nmink\u0161ti magnetai raid\u0117s \/ skai\u010diai<br \/>\nkreidel\u0117s<br \/>\n\u017eymekliai su magnetu 2 vnt.<br \/>\nvalymo kempin\u0117l\u0117<\/p>\n<p>Am\u017eius: 3+<\/p>","protected":false},"excerpt":{"rendered":"<p>\u0160i\u0105 kuprin\u0119 galima pasiimti su savimi, kad ir kur keliautum\u0117te. Ji padeda lavinti j\u016bs\u0173 vaiko intelekt\u0105 ir vaizduot\u0119. \u012e komplekt\u0105 \u012feina: d\u0117klas \/ kuprin\u0117 saugojimui dir\u017eeliai korteli\u0173 laikiklis dvipus\u0117 pie\u0161imo lenta (juoda \/ balta) lipdukai spalvinimo kortel\u0117s mink\u0161ti magnetai raid\u0117s \/ skai\u010diai kreidel\u0117s \u017eymekliai su magnetu 2 vnt. valymo kempin\u0117l\u0117 Am\u017eius: 3+<\/p>","protected":false},"featured_media":8392,"template":"","meta":{"iawp_total_views":64},"product_cat":[84,89,49,39,215],"product_tag":[96,97,98,99],"class_list":{"0":"post-8391","1":"product","2":"type-product","3":"status-publish","4":"has-post-thumbnail","6":"product_cat-lavinamieji-zaislai","7":"product_cat-mokausi-piesti","8":"product_cat-visi-zaislai","9":"product_cat-zaislai","10":"product_cat-zaislai-berniukams","11":"product_tag-2-m-3-m","12":"product_tag-3-m-4-m","13":"product_tag-5-m-7-m","14":"product_tag-8-m-11-m","16":"first","17":"instock","18":"taxable","19":"shipping-taxable","20":"purchasable","21":"product-type-simple"},"yoast_head":"<!-- This site is optimized with the Yoast SEO plugin v23.3 - https:\/\/yoast.com\/wordpress\/plugins\/seo\/ -->\n<title>Pie\u0161imo lagamin\u0117lis-kuprin\u0117 berniukui - Montessori \u017eaislai<\/title>\n<meta name=\"robots\" content=\"noindex, follow, max-snippet:-1, max-image-preview:large, max-video-preview:-1\" \/>\n<meta property=\"og:locale\" content=\"en_US\" \/>\n<meta property=\"og:type\" content=\"article\" \/>\n<meta property=\"og:title\" content=\"Pie\u0161imo lagamin\u0117lis-kuprin\u0117 berniukui - Montessori \u017eaislai\" \/>\n<meta property=\"og:description\" content=\"\u0160i\u0105 kuprin\u0119 galima pasiimti su savimi, kad ir kur keliautum\u0117te. Ji padeda lavinti j\u016bs\u0173 vaiko intelekt\u0105 ir vaizduot\u0119. \u012e komplekt\u0105 \u012feina: d\u0117klas \/ kuprin\u0117 saugojimui dir\u017eeliai korteli\u0173 laikiklis dvipus\u0117 pie\u0161imo lenta (juoda \/ balta) lipdukai spalvinimo kortel\u0117s mink\u0161ti magnetai raid\u0117s \/ skai\u010diai kreidel\u0117s \u017eymekliai su magnetu 2 vnt. valymo kempin\u0117l\u0117 Am\u017eius: 3+\" \/>\n<meta property=\"og:url\" content=\"https:\/\/dev.monti.lt\/en\/product\/piesimo-lagaminelis-kuprine-berniukui\/\" \/>\n<meta property=\"og:site_name\" content=\"Montessori \u017eaislai\" \/>\n<meta property=\"article:modified_time\" content=\"2024-09-03T13:22:20+00:00\" \/>\n<meta property=\"og:image\" content=\"https:\/\/dev.monti.lt\/wp-content\/uploads\/2022\/06\/znikopis-plecak-niebiesko-czerwony-2.jpg\" \/>\n\t<meta property=\"og:image:width\" content=\"800\" \/>\n\t<meta property=\"og:image:height\" content=\"800\" \/>\n\t<meta property=\"og:image:type\" content=\"image\/jpeg\" \/>\n<meta name=\"twitter:card\" content=\"summary_large_image\" \/>\n<script type=\"application\/ld+json\" class=\"yoast-schema-graph\">{\"@context\":\"https:\/\/schema.org\",\"@graph\":[{\"@type\":\"WebPage\",\"@id\":\"https:\/\/dev.monti.lt\/product\/piesimo-lagaminelis-kuprine-berniukui\/\",\"url\":\"https:\/\/dev.monti.lt\/product\/piesimo-lagaminelis-kuprine-berniukui\/\",\"name\":\"Pie\u0161imo lagamin\u0117lis-kuprin\u0117 berniukui - Montessori \u017eaislai\",\"isPartOf\":{\"@id\":\"https:\/\/dev.monti.lt\/#website\"},\"primaryImageOfPage\":{\"@id\":\"https:\/\/dev.monti.lt\/product\/piesimo-lagaminelis-kuprine-berniukui\/#primaryimage\"},\"image\":{\"@id\":\"https:\/\/dev.monti.lt\/product\/piesimo-lagaminelis-kuprine-berniukui\/#primaryimage\"},\"thumbnailUrl\":\"https:\/\/dev.monti.lt\/wp-content\/uploads\/2022\/06\/znikopis-plecak-niebiesko-czerwony-2.jpg\",\"datePublished\":\"2022-06-06T20:09:18+00:00\",\"dateModified\":\"2024-09-03T13:22:20+00:00\",\"breadcrumb\":{\"@id\":\"https:\/\/dev.monti.lt\/product\/piesimo-lagaminelis-kuprine-berniukui\/#breadcrumb\"},\"inLanguage\":\"en-US\",\"potentialAction\":[{\"@type\":\"ReadAction\",\"target\":[\"https:\/\/dev.monti.lt\/product\/piesimo-lagaminelis-kuprine-berniukui\/\"]}]},{\"@type\":\"ImageObject\",\"inLanguage\":\"en-US\",\"@id\":\"https:\/\/dev.monti.lt\/product\/piesimo-lagaminelis-kuprine-berniukui\/#primaryimage\",\"url\":\"https:\/\/dev.monti.lt\/wp-content\/uploads\/2022\/06\/znikopis-plecak-niebiesko-czerwony-2.jpg\",\"contentUrl\":\"https:\/\/dev.monti.lt\/wp-content\/uploads\/2022\/06\/znikopis-plecak-niebiesko-czerwony-2.jpg\",\"width\":800,\"height\":800,\"caption\":\"lavinamoji kuprin\u0117\"},{\"@type\":\"BreadcrumbList\",\"@id\":\"https:\/\/dev.monti.lt\/product\/piesimo-lagaminelis-kuprine-berniukui\/#breadcrumb\",\"itemListElement\":[{\"@type\":\"ListItem\",\"position\":1,\"name\":\"Home\",\"item\":\"https:\/\/dev.monti.lt\/\"},{\"@type\":\"ListItem\",\"position\":2,\"name\":\"Parduotuv\u0117\",\"item\":\"https:\/\/dev.monti.lt\/shop\/\"},{\"@type\":\"ListItem\",\"position\":3,\"name\":\"Pie\u0161imo lagamin\u0117lis-kuprin\u0117 berniukui\"}]},{\"@type\":\"WebSite\",\"@id\":\"https:\/\/dev.monti.lt\/#website\",\"url\":\"https:\/\/dev.monti.lt\/\",\"name\":\"Montessori \u017eaislai\",\"description\":\"\",\"publisher\":{\"@id\":\"https:\/\/dev.monti.lt\/#organization\"},\"potentialAction\":[{\"@type\":\"SearchAction\",\"target\":{\"@type\":\"EntryPoint\",\"urlTemplate\":\"https:\/\/dev.monti.lt\/?s={search_term_string}\"},\"query-input\":\"required name=search_term_string\"}],\"inLanguage\":\"en-US\"},{\"@type\":\"Organization\",\"@id\":\"https:\/\/dev.monti.lt\/#organization\",\"name\":\"Montessori \u017eaislai\",\"url\":\"https:\/\/dev.monti.lt\/\",\"logo\":{\"@type\":\"ImageObject\",\"inLanguage\":\"en-US\",\"@id\":\"https:\/\/dev.monti.lt\/#\/schema\/logo\/image\/\",\"url\":\"https:\/\/dev.monti.lt\/wp-content\/uploads\/2022\/03\/montilogo-1.png\",\"contentUrl\":\"https:\/\/dev.monti.lt\/wp-content\/uploads\/2022\/03\/montilogo-1.png\",\"width\":512,\"height\":512,\"caption\":\"Montessori \u017eaislai\"},\"image\":{\"@id\":\"https:\/\/dev.monti.lt\/#\/schema\/logo\/image\/\"}}]}<\/script>\n<!-- \/ Yoast SEO plugin. -->","yoast_head_json":{"title":"Pie\u0161imo lagamin\u0117lis-kuprin\u0117 berniukui - Montessori \u017eaislai","robots":{"index":"noindex","follow":"follow","max-snippet":"max-snippet:-1","max-image-preview":"max-image-preview:large","max-video-preview":"max-video-preview:-1"},"og_locale":"en_US","og_type":"article","og_title":"Pie\u0161imo lagamin\u0117lis-kuprin\u0117 berniukui - Montessori \u017eaislai","og_description":"\u0160i\u0105 kuprin\u0119 galima pasiimti su savimi, kad ir kur keliautum\u0117te. Ji padeda lavinti j\u016bs\u0173 vaiko intelekt\u0105 ir vaizduot\u0119. \u012e komplekt\u0105 \u012feina: d\u0117klas \/ kuprin\u0117 saugojimui dir\u017eeliai korteli\u0173 laikiklis dvipus\u0117 pie\u0161imo lenta (juoda \/ balta) lipdukai spalvinimo kortel\u0117s mink\u0161ti magnetai raid\u0117s \/ skai\u010diai kreidel\u0117s \u017eymekliai su magnetu 2 vnt. valymo kempin\u0117l\u0117 Am\u017eius: 3+","og_url":"https:\/\/dev.monti.lt\/en\/product\/piesimo-lagaminelis-kuprine-berniukui\/","og_site_name":"Montessori \u017eaislai","article_modified_time":"2024-09-03T13:22:20+00:00","og_image":[{"width":800,"height":800,"url":"https:\/\/dev.monti.lt\/wp-content\/uploads\/2022\/06\/znikopis-plecak-niebiesko-czerwony-2.jpg","type":"image\/jpeg"}],"twitter_card":"summary_large_image","schema":{"@context":"https:\/\/schema.org","@graph":[{"@type":"WebPage","@id":"https:\/\/dev.monti.lt\/product\/piesimo-lagaminelis-kuprine-berniukui\/","url":"https:\/\/dev.monti.lt\/product\/piesimo-lagaminelis-kuprine-berniukui\/","name":"Pie\u0161imo lagamin\u0117lis-kuprin\u0117 berniukui - Montessori \u017eaislai","isPartOf":{"@id":"https:\/\/dev.monti.lt\/#website"},"primaryImageOfPage":{"@id":"https:\/\/dev.monti.lt\/product\/piesimo-lagaminelis-kuprine-berniukui\/#primaryimage"},"image":{"@id":"https:\/\/dev.monti.lt\/product\/piesimo-lagaminelis-kuprine-berniukui\/#primaryimage"},"thumbnailUrl":"https:\/\/dev.monti.lt\/wp-content\/uploads\/2022\/06\/znikopis-plecak-niebiesko-czerwony-2.jpg","datePublished":"2022-06-06T20:09:18+00:00","dateModified":"2024-09-03T13:22:20+00:00","breadcrumb":{"@id":"https:\/\/dev.monti.lt\/product\/piesimo-lagaminelis-kuprine-berniukui\/#breadcrumb"},"inLanguage":"en-US","potentialAction":[{"@type":"ReadAction","target":["https:\/\/dev.monti.lt\/product\/piesimo-lagaminelis-kuprine-berniukui\/"]}]},{"@type":"ImageObject","inLanguage":"en-US","@id":"https:\/\/dev.monti.lt\/product\/piesimo-lagaminelis-kuprine-berniukui\/#primaryimage","url":"https:\/\/dev.monti.lt\/wp-content\/uploads\/2022\/06\/znikopis-plecak-niebiesko-czerwony-2.jpg","contentUrl":"https:\/\/dev.monti.lt\/wp-content\/uploads\/2022\/06\/znikopis-plecak-niebiesko-czerwony-2.jpg","width":800,"height":800,"caption":"lavinamoji kuprin\u0117"},{"@type":"BreadcrumbList","@id":"https:\/\/dev.monti.lt\/product\/piesimo-lagaminelis-kuprine-berniukui\/#breadcrumb","itemListElement":[{"@type":"ListItem","position":1,"name":"Home","item":"https:\/\/dev.monti.lt\/"},{"@type":"ListItem","position":2,"name":"Parduotuv\u0117","item":"https:\/\/dev.monti.lt\/shop\/"},{"@type":"ListItem","position":3,"name":"Pie\u0161imo lagamin\u0117lis-kuprin\u0117 berniukui"}]},{"@type":"WebSite","@id":"https:\/\/dev.monti.lt\/#website","url":"https:\/\/dev.monti.lt\/","name":"Montessori \u017eaislai","description":"","publisher":{"@id":"https:\/\/dev.monti.lt\/#organization"},"potentialAction":[{"@type":"SearchAction","target":{"@type":"EntryPoint","urlTemplate":"https:\/\/dev.monti.lt\/?s={search_term_string}"},"query-input":"required name=search_term_string"}],"inLanguage":"en-US"},{"@type":"Organization","@id":"https:\/\/dev.monti.lt\/#organization","name":"Montessori \u017eaislai","url":"https:\/\/dev.monti.lt\/","logo":{"@type":"ImageObject","inLanguage":"en-US","@id":"https:\/\/dev.monti.lt\/#\/schema\/logo\/image\/","url":"https:\/\/dev.monti.lt\/wp-content\/uploads\/2022\/03\/montilogo-1.png","contentUrl":"https:\/\/dev.monti.lt\/wp-content\/uploads\/2022\/03\/montilogo-1.png","width":512,"height":512,"caption":"Montessori \u017eaislai"},"image":{"@id":"https:\/\/dev.monti.lt\/#\/schema\/logo\/image\/"}}]}},"_links":{"self":[{"href":"https:\/\/dev.monti.lt\/en\/wp-json\/wp\/v2\/product\/8391"}],"collection":[{"href":"https:\/\/dev.monti.lt\/en\/wp-json\/wp\/v2\/product"}],"about":[{"href":"https:\/\/dev.monti.lt\/en\/wp-json\/wp\/v2\/types\/product"}],"version-history":[{"count":3,"href":"https:\/\/dev.monti.lt\/en\/wp-json\/wp\/v2\/product\/8391\/revisions"}],"predecessor-version":[{"id":8399,"href":"https:\/\/dev.monti.lt\/en\/wp-json\/wp\/v2\/product\/8391\/revisions\/8399"}],"wp:featuredmedia":[{"embeddable":true,"href":"https:\/\/dev.monti.lt\/en\/wp-json\/wp\/v2\/media\/8392"}],"wp:attachment":[{"href":"https:\/\/dev.monti.lt\/en\/wp-json\/wp\/v2\/media?parent=8391"}],"wp:term":[{"taxonomy":"product_cat","embeddable":true,"href":"https:\/\/dev.monti.lt\/en\/wp-json\/wp\/v2\/product_cat?post=8391"},{"taxonomy":"product_tag","embeddable":true,"href":"https:\/\/dev.monti.lt\/en\/wp-json\/wp\/v2\/product_tag?post=8391"}],"curies":[{"name":"wp","href":"https:\/\/api.w.org\/{rel}","templated":true}]}}