{"id":8385,"date":"2022-06-06T18:18:58","date_gmt":"2022-06-06T18:18:58","guid":{"rendered":"https:\/\/dev.monti.lt\/?post_type=product&#038;p=8385"},"modified":"2024-10-08T10:45:18","modified_gmt":"2024-10-08T10:45:18","slug":"magnetine-raidziu-lenta","status":"publish","type":"product","link":"https:\/\/dev.monti.lt\/en\/product\/magnetine-raidziu-lenta\/","title":{"rendered":"Magnetin\u0117 raid\u017ei\u0173 lenta"},"content":{"rendered":"<p><span data-sheets-value=\"{&quot;1&quot;:2,&quot;2&quot;:&quot;Magnetin\u0117 raid\u017ei\u0173 lenta&quot;}\" data-sheets-userformat=\"{&quot;2&quot;:62,&quot;4&quot;:{&quot;1&quot;:2,&quot;2&quot;:16776960},&quot;5&quot;:{&quot;1&quot;:[{&quot;1&quot;:2,&quot;2&quot;:0,&quot;5&quot;:{&quot;1&quot;:2,&quot;2&quot;:0}},{&quot;1&quot;:0,&quot;2&quot;:0,&quot;3&quot;:3},{&quot;1&quot;:1,&quot;2&quot;:0,&quot;4&quot;:1}]},&quot;6&quot;:{&quot;1&quot;:[{&quot;1&quot;:2,&quot;2&quot;:0,&quot;5&quot;:{&quot;1&quot;:2,&quot;2&quot;:0}},{&quot;1&quot;:0,&quot;2&quot;:0,&quot;3&quot;:3},{&quot;1&quot;:1,&quot;2&quot;:0,&quot;4&quot;:1}]},&quot;7&quot;:{&quot;1&quot;:[{&quot;1&quot;:2,&quot;2&quot;:0,&quot;5&quot;:{&quot;1&quot;:2,&quot;2&quot;:0}},{&quot;1&quot;:0,&quot;2&quot;:0,&quot;3&quot;:3},{&quot;1&quot;:1,&quot;2&quot;:0,&quot;4&quot;:1}]},&quot;8&quot;:{&quot;1&quot;:[{&quot;1&quot;:2,&quot;2&quot;:0,&quot;5&quot;:{&quot;1&quot;:2,&quot;2&quot;:0}},{&quot;1&quot;:0,&quot;2&quot;:0,&quot;3&quot;:3},{&quot;1&quot;:1,&quot;2&quot;:0,&quot;4&quot;:1}]}}\" data-sheets-formula=\"=VLOOKUP(R[0]C[-1],Aprasymas!C[-4]:C[-3],2,0)\">Magnetin\u0117 raid\u017ei\u0173 lenta<\/span><\/p>\n<p>AB\u0116C\u0116L\u0116 &#8211; MOKYMASIS ANGL\u0172 KALBA<\/p>\n<p>Kiekvien\u0105 rinkin\u012f sudaro:<\/p>\n<p>&#8211; magneto d\u0117\u017eut\u0117<\/p>\n<p>&#8211; sauso ra\u0161iklio su trinama kempin\u0117le,<\/p>\n<p>&#8211; magnetas kortel\u0117ms klijuoti ant lentos.<\/p>\n<p>&#8211; magnetini\u0173 blok\u0173 rinkinys,<\/p>\n<p>&#8211; 60 magnetini\u0173 plyt\u0173 su gyv\u016bn\u0173 motyvais ir kt. bei angli\u0161kais pavadinimais<\/p>\n<p>&#8211; Magnetin\u0117s ab\u0117c\u0117l\u0117s kalad\u0117l\u0117s &#8211; ma\u017eos ir didel\u0117s raid\u0117s.<\/p>\n<p>MATMENYS: 26,2 cm x 22,3 cm<\/p>","protected":false},"excerpt":{"rendered":"<p>Magnetin\u0117 raid\u017ei\u0173 lenta AB\u0116C\u0116L\u0116 &#8211; MOKYMASIS ANGL\u0172 KALBA Kiekvien\u0105 rinkin\u012f sudaro: &#8211; magneto d\u0117\u017eut\u0117 &#8211; sauso ra\u0161iklio su trinama kempin\u0117le, &#8211; magnetas kortel\u0117ms klijuoti ant lentos. &#8211; magnetini\u0173 blok\u0173 rinkinys, &#8211; 60 magnetini\u0173 plyt\u0173 su gyv\u016bn\u0173 motyvais ir kt. bei angli\u0161kais pavadinimais &#8211; Magnetin\u0117s ab\u0117c\u0117l\u0117s kalad\u0117l\u0117s &#8211; ma\u017eos ir didel\u0117s raid\u0117s. MATMENYS: 26,2 cm x [&hellip;]<\/p>","protected":false},"featured_media":8386,"template":"","meta":{"iawp_total_views":48},"product_cat":[92,82,84,86,49,39],"product_tag":[97,98,99],"class_list":{"0":"post-8385","1":"product","2":"type-product","3":"status-publish","4":"has-post-thumbnail","6":"product_cat-deliones","7":"product_cat-ispardavimas","8":"product_cat-lavinamieji-zaislai","9":"product_cat-smulkioji-motorika","10":"product_cat-visi-zaislai","11":"product_cat-zaislai","12":"product_tag-3-m-4-m","13":"product_tag-5-m-7-m","14":"product_tag-8-m-11-m","16":"first","17":"outofstock","18":"sale","19":"featured","20":"taxable","21":"shipping-taxable","22":"purchasable","23":"product-type-simple"},"yoast_head":"<!-- This site is optimized with the Yoast SEO plugin v23.3 - https:\/\/yoast.com\/wordpress\/plugins\/seo\/ -->\n<title>Magnetin\u0117 raid\u017ei\u0173 lenta - Montessori \u017eaislai<\/title>\n<meta name=\"robots\" content=\"noindex, follow, max-snippet:-1, max-image-preview:large, max-video-preview:-1\" \/>\n<meta property=\"og:locale\" content=\"en_US\" \/>\n<meta property=\"og:type\" content=\"article\" \/>\n<meta property=\"og:title\" content=\"Magnetin\u0117 raid\u017ei\u0173 lenta - Montessori \u017eaislai\" \/>\n<meta property=\"og:description\" content=\"Magnetin\u0117 raid\u017ei\u0173 lenta AB\u0116C\u0116L\u0116 &#8211; MOKYMASIS ANGL\u0172 KALBA Kiekvien\u0105 rinkin\u012f sudaro: &#8211; magneto d\u0117\u017eut\u0117 &#8211; sauso ra\u0161iklio su trinama kempin\u0117le, &#8211; magnetas kortel\u0117ms klijuoti ant lentos. &#8211; magnetini\u0173 blok\u0173 rinkinys, &#8211; 60 magnetini\u0173 plyt\u0173 su gyv\u016bn\u0173 motyvais ir kt. bei angli\u0161kais pavadinimais &#8211; Magnetin\u0117s ab\u0117c\u0117l\u0117s kalad\u0117l\u0117s &#8211; ma\u017eos ir didel\u0117s raid\u0117s. MATMENYS: 26,2 cm x [&hellip;]\" \/>\n<meta property=\"og:url\" content=\"https:\/\/dev.monti.lt\/en\/product\/magnetine-raidziu-lenta\/\" \/>\n<meta property=\"og:site_name\" content=\"Montessori \u017eaislai\" \/>\n<meta property=\"article:modified_time\" content=\"2024-10-08T10:45:18+00:00\" \/>\n<meta property=\"og:image\" content=\"https:\/\/dev.monti.lt\/wp-content\/uploads\/2022\/06\/MAGNETYCZNYALFABETWPUDELKUZKB945.jpg\" \/>\n\t<meta property=\"og:image:width\" content=\"800\" \/>\n\t<meta property=\"og:image:height\" content=\"800\" \/>\n\t<meta property=\"og:image:type\" content=\"image\/jpeg\" \/>\n<meta name=\"twitter:card\" content=\"summary_large_image\" \/>\n<meta name=\"twitter:label1\" content=\"Est. reading time\" \/>\n\t<meta name=\"twitter:data1\" content=\"1 minute\" \/>\n<script type=\"application\/ld+json\" class=\"yoast-schema-graph\">{\"@context\":\"https:\/\/schema.org\",\"@graph\":[{\"@type\":\"WebPage\",\"@id\":\"https:\/\/dev.monti.lt\/product\/magnetine-raidziu-lenta\/\",\"url\":\"https:\/\/dev.monti.lt\/product\/magnetine-raidziu-lenta\/\",\"name\":\"Magnetin\u0117 raid\u017ei\u0173 lenta - Montessori \u017eaislai\",\"isPartOf\":{\"@id\":\"https:\/\/dev.monti.lt\/#website\"},\"primaryImageOfPage\":{\"@id\":\"https:\/\/dev.monti.lt\/product\/magnetine-raidziu-lenta\/#primaryimage\"},\"image\":{\"@id\":\"https:\/\/dev.monti.lt\/product\/magnetine-raidziu-lenta\/#primaryimage\"},\"thumbnailUrl\":\"https:\/\/dev.monti.lt\/wp-content\/uploads\/2022\/06\/MAGNETYCZNYALFABETWPUDELKUZKB945.jpg\",\"datePublished\":\"2022-06-06T18:18:58+00:00\",\"dateModified\":\"2024-10-08T10:45:18+00:00\",\"breadcrumb\":{\"@id\":\"https:\/\/dev.monti.lt\/product\/magnetine-raidziu-lenta\/#breadcrumb\"},\"inLanguage\":\"en-US\",\"potentialAction\":[{\"@type\":\"ReadAction\",\"target\":[\"https:\/\/dev.monti.lt\/product\/magnetine-raidziu-lenta\/\"]}]},{\"@type\":\"ImageObject\",\"inLanguage\":\"en-US\",\"@id\":\"https:\/\/dev.monti.lt\/product\/magnetine-raidziu-lenta\/#primaryimage\",\"url\":\"https:\/\/dev.monti.lt\/wp-content\/uploads\/2022\/06\/MAGNETYCZNYALFABETWPUDELKUZKB945.jpg\",\"contentUrl\":\"https:\/\/dev.monti.lt\/wp-content\/uploads\/2022\/06\/MAGNETYCZNYALFABETWPUDELKUZKB945.jpg\",\"width\":800,\"height\":800},{\"@type\":\"BreadcrumbList\",\"@id\":\"https:\/\/dev.monti.lt\/product\/magnetine-raidziu-lenta\/#breadcrumb\",\"itemListElement\":[{\"@type\":\"ListItem\",\"position\":1,\"name\":\"Home\",\"item\":\"https:\/\/dev.monti.lt\/\"},{\"@type\":\"ListItem\",\"position\":2,\"name\":\"Parduotuv\u0117\",\"item\":\"https:\/\/dev.monti.lt\/shop\/\"},{\"@type\":\"ListItem\",\"position\":3,\"name\":\"Magnetin\u0117 raid\u017ei\u0173 lenta\"}]},{\"@type\":\"WebSite\",\"@id\":\"https:\/\/dev.monti.lt\/#website\",\"url\":\"https:\/\/dev.monti.lt\/\",\"name\":\"Montessori \u017eaislai\",\"description\":\"\",\"publisher\":{\"@id\":\"https:\/\/dev.monti.lt\/#organization\"},\"potentialAction\":[{\"@type\":\"SearchAction\",\"target\":{\"@type\":\"EntryPoint\",\"urlTemplate\":\"https:\/\/dev.monti.lt\/?s={search_term_string}\"},\"query-input\":\"required name=search_term_string\"}],\"inLanguage\":\"en-US\"},{\"@type\":\"Organization\",\"@id\":\"https:\/\/dev.monti.lt\/#organization\",\"name\":\"Montessori \u017eaislai\",\"url\":\"https:\/\/dev.monti.lt\/\",\"logo\":{\"@type\":\"ImageObject\",\"inLanguage\":\"en-US\",\"@id\":\"https:\/\/dev.monti.lt\/#\/schema\/logo\/image\/\",\"url\":\"https:\/\/dev.monti.lt\/wp-content\/uploads\/2022\/03\/montilogo-1.png\",\"contentUrl\":\"https:\/\/dev.monti.lt\/wp-content\/uploads\/2022\/03\/montilogo-1.png\",\"width\":512,\"height\":512,\"caption\":\"Montessori \u017eaislai\"},\"image\":{\"@id\":\"https:\/\/dev.monti.lt\/#\/schema\/logo\/image\/\"}}]}<\/script>\n<!-- \/ Yoast SEO plugin. -->","yoast_head_json":{"title":"Magnetin\u0117 raid\u017ei\u0173 lenta - Montessori \u017eaislai","robots":{"index":"noindex","follow":"follow","max-snippet":"max-snippet:-1","max-image-preview":"max-image-preview:large","max-video-preview":"max-video-preview:-1"},"og_locale":"en_US","og_type":"article","og_title":"Magnetin\u0117 raid\u017ei\u0173 lenta - Montessori \u017eaislai","og_description":"Magnetin\u0117 raid\u017ei\u0173 lenta AB\u0116C\u0116L\u0116 &#8211; MOKYMASIS ANGL\u0172 KALBA Kiekvien\u0105 rinkin\u012f sudaro: &#8211; magneto d\u0117\u017eut\u0117 &#8211; sauso ra\u0161iklio su trinama kempin\u0117le, &#8211; magnetas kortel\u0117ms klijuoti ant lentos. &#8211; magnetini\u0173 blok\u0173 rinkinys, &#8211; 60 magnetini\u0173 plyt\u0173 su gyv\u016bn\u0173 motyvais ir kt. bei angli\u0161kais pavadinimais &#8211; Magnetin\u0117s ab\u0117c\u0117l\u0117s kalad\u0117l\u0117s &#8211; ma\u017eos ir didel\u0117s raid\u0117s. MATMENYS: 26,2 cm x [&hellip;]","og_url":"https:\/\/dev.monti.lt\/en\/product\/magnetine-raidziu-lenta\/","og_site_name":"Montessori \u017eaislai","article_modified_time":"2024-10-08T10:45:18+00:00","og_image":[{"width":800,"height":800,"url":"https:\/\/dev.monti.lt\/wp-content\/uploads\/2022\/06\/MAGNETYCZNYALFABETWPUDELKUZKB945.jpg","type":"image\/jpeg"}],"twitter_card":"summary_large_image","twitter_misc":{"Est. reading time":"1 minute"},"schema":{"@context":"https:\/\/schema.org","@graph":[{"@type":"WebPage","@id":"https:\/\/dev.monti.lt\/product\/magnetine-raidziu-lenta\/","url":"https:\/\/dev.monti.lt\/product\/magnetine-raidziu-lenta\/","name":"Magnetin\u0117 raid\u017ei\u0173 lenta - Montessori \u017eaislai","isPartOf":{"@id":"https:\/\/dev.monti.lt\/#website"},"primaryImageOfPage":{"@id":"https:\/\/dev.monti.lt\/product\/magnetine-raidziu-lenta\/#primaryimage"},"image":{"@id":"https:\/\/dev.monti.lt\/product\/magnetine-raidziu-lenta\/#primaryimage"},"thumbnailUrl":"https:\/\/dev.monti.lt\/wp-content\/uploads\/2022\/06\/MAGNETYCZNYALFABETWPUDELKUZKB945.jpg","datePublished":"2022-06-06T18:18:58+00:00","dateModified":"2024-10-08T10:45:18+00:00","breadcrumb":{"@id":"https:\/\/dev.monti.lt\/product\/magnetine-raidziu-lenta\/#breadcrumb"},"inLanguage":"en-US","potentialAction":[{"@type":"ReadAction","target":["https:\/\/dev.monti.lt\/product\/magnetine-raidziu-lenta\/"]}]},{"@type":"ImageObject","inLanguage":"en-US","@id":"https:\/\/dev.monti.lt\/product\/magnetine-raidziu-lenta\/#primaryimage","url":"https:\/\/dev.monti.lt\/wp-content\/uploads\/2022\/06\/MAGNETYCZNYALFABETWPUDELKUZKB945.jpg","contentUrl":"https:\/\/dev.monti.lt\/wp-content\/uploads\/2022\/06\/MAGNETYCZNYALFABETWPUDELKUZKB945.jpg","width":800,"height":800},{"@type":"BreadcrumbList","@id":"https:\/\/dev.monti.lt\/product\/magnetine-raidziu-lenta\/#breadcrumb","itemListElement":[{"@type":"ListItem","position":1,"name":"Home","item":"https:\/\/dev.monti.lt\/"},{"@type":"ListItem","position":2,"name":"Parduotuv\u0117","item":"https:\/\/dev.monti.lt\/shop\/"},{"@type":"ListItem","position":3,"name":"Magnetin\u0117 raid\u017ei\u0173 lenta"}]},{"@type":"WebSite","@id":"https:\/\/dev.monti.lt\/#website","url":"https:\/\/dev.monti.lt\/","name":"Montessori \u017eaislai","description":"","publisher":{"@id":"https:\/\/dev.monti.lt\/#organization"},"potentialAction":[{"@type":"SearchAction","target":{"@type":"EntryPoint","urlTemplate":"https:\/\/dev.monti.lt\/?s={search_term_string}"},"query-input":"required name=search_term_string"}],"inLanguage":"en-US"},{"@type":"Organization","@id":"https:\/\/dev.monti.lt\/#organization","name":"Montessori \u017eaislai","url":"https:\/\/dev.monti.lt\/","logo":{"@type":"ImageObject","inLanguage":"en-US","@id":"https:\/\/dev.monti.lt\/#\/schema\/logo\/image\/","url":"https:\/\/dev.monti.lt\/wp-content\/uploads\/2022\/03\/montilogo-1.png","contentUrl":"https:\/\/dev.monti.lt\/wp-content\/uploads\/2022\/03\/montilogo-1.png","width":512,"height":512,"caption":"Montessori \u017eaislai"},"image":{"@id":"https:\/\/dev.monti.lt\/#\/schema\/logo\/image\/"}}]}},"_links":{"self":[{"href":"https:\/\/dev.monti.lt\/en\/wp-json\/wp\/v2\/product\/8385"}],"collection":[{"href":"https:\/\/dev.monti.lt\/en\/wp-json\/wp\/v2\/product"}],"about":[{"href":"https:\/\/dev.monti.lt\/en\/wp-json\/wp\/v2\/types\/product"}],"version-history":[{"count":2,"href":"https:\/\/dev.monti.lt\/en\/wp-json\/wp\/v2\/product\/8385\/revisions"}],"predecessor-version":[{"id":13378,"href":"https:\/\/dev.monti.lt\/en\/wp-json\/wp\/v2\/product\/8385\/revisions\/13378"}],"wp:featuredmedia":[{"embeddable":true,"href":"https:\/\/dev.monti.lt\/en\/wp-json\/wp\/v2\/media\/8386"}],"wp:attachment":[{"href":"https:\/\/dev.monti.lt\/en\/wp-json\/wp\/v2\/media?parent=8385"}],"wp:term":[{"taxonomy":"product_cat","embeddable":true,"href":"https:\/\/dev.monti.lt\/en\/wp-json\/wp\/v2\/product_cat?post=8385"},{"taxonomy":"product_tag","embeddable":true,"href":"https:\/\/dev.monti.lt\/en\/wp-json\/wp\/v2\/product_tag?post=8385"}],"curies":[{"name":"wp","href":"https:\/\/api.w.org\/{rel}","templated":true}]}}