{"id":8365,"date":"2022-06-06T13:05:22","date_gmt":"2022-06-06T13:05:22","guid":{"rendered":"https:\/\/dev.monti.lt\/?post_type=product&#038;p=8365"},"modified":"2024-10-09T13:29:42","modified_gmt":"2024-10-09T13:29:42","slug":"magnetinis-labirintas-meska","status":"publish","type":"product","link":"https:\/\/dev.monti.lt\/en\/product\/magnetinis-labirintas-meska\/","title":{"rendered":"Magnetinis labirintas &#8220;Dramblys&#8221;"},"content":{"rendered":"<p>Puikus \u017eaislas ne tik gyv\u016bn\u0173 myl\u0117tojams, bet ir visiems vaikams, m\u0117gstantiems \u017eaisti rankomis ir logi\u0161kai. \u017daisdamas vaikas ne tik smagiai leid\u017eia laik\u0105, bet ir lavina d\u0117mesio koncentracij\u0105, nuovokum\u0105, gerina aki\u0173 ir rank\u0173 koordinacij\u0105, taip pat tobulina rank\u0173 raumenis, tod\u0117l ateityje gali geriau pasiruo\u0161ti mokytis ra\u0161yti.<\/p>\n<p>\u017daisdamas vaikas gali lavinti ne tik dominuojan\u010di\u0105, bet ir kit\u0105 rank\u0105, tod\u0117l grei\u010diau \u012fgyja \u012fvairi\u0173 rank\u0173 darbo \u012fg\u016bd\u017ei\u0173. Be to, galime paskatinti vaik\u0105 spr\u0119sti \u012fvairius galvos\u016bkius ar problemas, sugalvoj\u0119 jam \u017eaidim\u0105, pavyzd\u017eiui, i\u0161ne\u0161ti tik vienos konkre\u010dios spalvos kamuoliukus. D\u0117l \u012fvairi\u0173 \u017eaidimo scenarij\u0173 vaikas taip pat gali mokytis spalv\u0173 ir lavinti savo k\u016brybi\u0161kum\u0105 bei nestandartin\u012f m\u0105stym\u0105.<\/p>\n<p>\u0160is \u017eaislas ne tik linksmina, bet ir moko, vis\u0173 pirma jis i\u0161mokys j\u016bs\u0173 vaik\u0105 susikaupti ir sutelkti d\u0117mes\u012f, tod\u0117l \u017eaidimas tikrai truks valand\u0173 valandas.<\/p>\n<p>I\u0161matavimai 19,5X15 cm<\/p>","protected":false},"excerpt":{"rendered":"<p>Puikus \u017eaislas ne tik gyv\u016bn\u0173 myl\u0117tojams, bet ir visiems vaikams, m\u0117gstantiems \u017eaisti rankomis ir logi\u0161kai. \u017daisdamas vaikas ne tik smagiai leid\u017eia laik\u0105, bet ir lavina d\u0117mesio koncentracij\u0105, nuovokum\u0105, gerina aki\u0173 ir rank\u0173 koordinacij\u0105, taip pat tobulina rank\u0173 raumenis, tod\u0117l ateityje gali geriau pasiruo\u0161ti mokytis ra\u0161yti. \u017daisdamas vaikas gali lavinti ne tik dominuojan\u010di\u0105, bet ir kit\u0105 [&hellip;]<\/p>","protected":false},"featured_media":17886,"template":"","meta":{"iawp_total_views":109},"product_cat":[84,91,102,49,39],"product_tag":[95,96,97,98],"class_list":{"0":"post-8365","1":"product","2":"type-product","3":"status-publish","4":"has-post-thumbnail","6":"product_cat-lavinamieji-zaislai","7":"product_cat-loginiam-mastymui","8":"product_cat-mediniai-zaislai","9":"product_cat-visi-zaislai","10":"product_cat-zaislai","11":"product_tag-1-m-2-m","12":"product_tag-2-m-3-m","13":"product_tag-3-m-4-m","14":"product_tag-5-m-7-m","16":"first","17":"instock","18":"sale","19":"taxable","20":"shipping-taxable","21":"purchasable","22":"product-type-simple"},"yoast_head":"<!-- This site is optimized with the Yoast SEO plugin v23.3 - https:\/\/yoast.com\/wordpress\/plugins\/seo\/ -->\n<title>Magnetinis labirintas &quot;Dramblys&quot; - Montessori \u017eaislai<\/title>\n<meta name=\"robots\" content=\"noindex, follow, max-snippet:-1, max-image-preview:large, max-video-preview:-1\" \/>\n<meta property=\"og:locale\" content=\"en_US\" \/>\n<meta property=\"og:type\" content=\"article\" \/>\n<meta property=\"og:title\" content=\"Magnetinis labirintas &quot;Dramblys&quot; - Montessori \u017eaislai\" \/>\n<meta property=\"og:description\" content=\"Puikus \u017eaislas ne tik gyv\u016bn\u0173 myl\u0117tojams, bet ir visiems vaikams, m\u0117gstantiems \u017eaisti rankomis ir logi\u0161kai. \u017daisdamas vaikas ne tik smagiai leid\u017eia laik\u0105, bet ir lavina d\u0117mesio koncentracij\u0105, nuovokum\u0105, gerina aki\u0173 ir rank\u0173 koordinacij\u0105, taip pat tobulina rank\u0173 raumenis, tod\u0117l ateityje gali geriau pasiruo\u0161ti mokytis ra\u0161yti. \u017daisdamas vaikas gali lavinti ne tik dominuojan\u010di\u0105, bet ir kit\u0105 [&hellip;]\" \/>\n<meta property=\"og:url\" content=\"https:\/\/dev.monti.lt\/en\/product\/magnetinis-labirintas-meska\/\" \/>\n<meta property=\"og:site_name\" content=\"Montessori \u017eaislai\" \/>\n<meta property=\"article:modified_time\" content=\"2024-10-09T13:29:42+00:00\" \/>\n<meta property=\"og:image\" content=\"https:\/\/dev.monti.lt\/wp-content\/uploads\/2022\/06\/klocki-drewniane-w-woreczku-zkb-889-16.webp\" \/>\n\t<meta property=\"og:image:width\" content=\"800\" \/>\n\t<meta property=\"og:image:height\" content=\"800\" \/>\n\t<meta property=\"og:image:type\" content=\"image\/webp\" \/>\n<meta name=\"twitter:card\" content=\"summary_large_image\" \/>\n<meta name=\"twitter:label1\" content=\"Est. reading time\" \/>\n\t<meta name=\"twitter:data1\" content=\"1 minute\" \/>\n<script type=\"application\/ld+json\" class=\"yoast-schema-graph\">{\"@context\":\"https:\/\/schema.org\",\"@graph\":[{\"@type\":\"WebPage\",\"@id\":\"https:\/\/dev.monti.lt\/product\/magnetinis-labirintas-meska\/\",\"url\":\"https:\/\/dev.monti.lt\/product\/magnetinis-labirintas-meska\/\",\"name\":\"Magnetinis labirintas \\\"Dramblys\\\" - Montessori \u017eaislai\",\"isPartOf\":{\"@id\":\"https:\/\/dev.monti.lt\/#website\"},\"primaryImageOfPage\":{\"@id\":\"https:\/\/dev.monti.lt\/product\/magnetinis-labirintas-meska\/#primaryimage\"},\"image\":{\"@id\":\"https:\/\/dev.monti.lt\/product\/magnetinis-labirintas-meska\/#primaryimage\"},\"thumbnailUrl\":\"https:\/\/dev.monti.lt\/wp-content\/uploads\/2022\/06\/klocki-drewniane-w-woreczku-zkb-889-16.webp\",\"datePublished\":\"2022-06-06T13:05:22+00:00\",\"dateModified\":\"2024-10-09T13:29:42+00:00\",\"breadcrumb\":{\"@id\":\"https:\/\/dev.monti.lt\/product\/magnetinis-labirintas-meska\/#breadcrumb\"},\"inLanguage\":\"en-US\",\"potentialAction\":[{\"@type\":\"ReadAction\",\"target\":[\"https:\/\/dev.monti.lt\/product\/magnetinis-labirintas-meska\/\"]}]},{\"@type\":\"ImageObject\",\"inLanguage\":\"en-US\",\"@id\":\"https:\/\/dev.monti.lt\/product\/magnetinis-labirintas-meska\/#primaryimage\",\"url\":\"https:\/\/dev.monti.lt\/wp-content\/uploads\/2022\/06\/klocki-drewniane-w-woreczku-zkb-889-16.webp\",\"contentUrl\":\"https:\/\/dev.monti.lt\/wp-content\/uploads\/2022\/06\/klocki-drewniane-w-woreczku-zkb-889-16.webp\",\"width\":800,\"height\":800},{\"@type\":\"BreadcrumbList\",\"@id\":\"https:\/\/dev.monti.lt\/product\/magnetinis-labirintas-meska\/#breadcrumb\",\"itemListElement\":[{\"@type\":\"ListItem\",\"position\":1,\"name\":\"Home\",\"item\":\"https:\/\/dev.monti.lt\/\"},{\"@type\":\"ListItem\",\"position\":2,\"name\":\"Parduotuv\u0117\",\"item\":\"https:\/\/dev.monti.lt\/shop\/\"},{\"@type\":\"ListItem\",\"position\":3,\"name\":\"Magnetinis labirintas &#8220;Dramblys&#8221;\"}]},{\"@type\":\"WebSite\",\"@id\":\"https:\/\/dev.monti.lt\/#website\",\"url\":\"https:\/\/dev.monti.lt\/\",\"name\":\"Montessori \u017eaislai\",\"description\":\"\",\"publisher\":{\"@id\":\"https:\/\/dev.monti.lt\/#organization\"},\"potentialAction\":[{\"@type\":\"SearchAction\",\"target\":{\"@type\":\"EntryPoint\",\"urlTemplate\":\"https:\/\/dev.monti.lt\/?s={search_term_string}\"},\"query-input\":\"required name=search_term_string\"}],\"inLanguage\":\"en-US\"},{\"@type\":\"Organization\",\"@id\":\"https:\/\/dev.monti.lt\/#organization\",\"name\":\"Montessori \u017eaislai\",\"url\":\"https:\/\/dev.monti.lt\/\",\"logo\":{\"@type\":\"ImageObject\",\"inLanguage\":\"en-US\",\"@id\":\"https:\/\/dev.monti.lt\/#\/schema\/logo\/image\/\",\"url\":\"https:\/\/dev.monti.lt\/wp-content\/uploads\/2022\/03\/montilogo-1.png\",\"contentUrl\":\"https:\/\/dev.monti.lt\/wp-content\/uploads\/2022\/03\/montilogo-1.png\",\"width\":512,\"height\":512,\"caption\":\"Montessori \u017eaislai\"},\"image\":{\"@id\":\"https:\/\/dev.monti.lt\/#\/schema\/logo\/image\/\"}}]}<\/script>\n<!-- \/ Yoast SEO plugin. -->","yoast_head_json":{"title":"Magnetinis labirintas \"Dramblys\" - Montessori \u017eaislai","robots":{"index":"noindex","follow":"follow","max-snippet":"max-snippet:-1","max-image-preview":"max-image-preview:large","max-video-preview":"max-video-preview:-1"},"og_locale":"en_US","og_type":"article","og_title":"Magnetinis labirintas \"Dramblys\" - Montessori \u017eaislai","og_description":"Puikus \u017eaislas ne tik gyv\u016bn\u0173 myl\u0117tojams, bet ir visiems vaikams, m\u0117gstantiems \u017eaisti rankomis ir logi\u0161kai. \u017daisdamas vaikas ne tik smagiai leid\u017eia laik\u0105, bet ir lavina d\u0117mesio koncentracij\u0105, nuovokum\u0105, gerina aki\u0173 ir rank\u0173 koordinacij\u0105, taip pat tobulina rank\u0173 raumenis, tod\u0117l ateityje gali geriau pasiruo\u0161ti mokytis ra\u0161yti. \u017daisdamas vaikas gali lavinti ne tik dominuojan\u010di\u0105, bet ir kit\u0105 [&hellip;]","og_url":"https:\/\/dev.monti.lt\/en\/product\/magnetinis-labirintas-meska\/","og_site_name":"Montessori \u017eaislai","article_modified_time":"2024-10-09T13:29:42+00:00","og_image":[{"width":800,"height":800,"url":"https:\/\/dev.monti.lt\/wp-content\/uploads\/2022\/06\/klocki-drewniane-w-woreczku-zkb-889-16.webp","type":"image\/webp"}],"twitter_card":"summary_large_image","twitter_misc":{"Est. reading time":"1 minute"},"schema":{"@context":"https:\/\/schema.org","@graph":[{"@type":"WebPage","@id":"https:\/\/dev.monti.lt\/product\/magnetinis-labirintas-meska\/","url":"https:\/\/dev.monti.lt\/product\/magnetinis-labirintas-meska\/","name":"Magnetinis labirintas \"Dramblys\" - Montessori \u017eaislai","isPartOf":{"@id":"https:\/\/dev.monti.lt\/#website"},"primaryImageOfPage":{"@id":"https:\/\/dev.monti.lt\/product\/magnetinis-labirintas-meska\/#primaryimage"},"image":{"@id":"https:\/\/dev.monti.lt\/product\/magnetinis-labirintas-meska\/#primaryimage"},"thumbnailUrl":"https:\/\/dev.monti.lt\/wp-content\/uploads\/2022\/06\/klocki-drewniane-w-woreczku-zkb-889-16.webp","datePublished":"2022-06-06T13:05:22+00:00","dateModified":"2024-10-09T13:29:42+00:00","breadcrumb":{"@id":"https:\/\/dev.monti.lt\/product\/magnetinis-labirintas-meska\/#breadcrumb"},"inLanguage":"en-US","potentialAction":[{"@type":"ReadAction","target":["https:\/\/dev.monti.lt\/product\/magnetinis-labirintas-meska\/"]}]},{"@type":"ImageObject","inLanguage":"en-US","@id":"https:\/\/dev.monti.lt\/product\/magnetinis-labirintas-meska\/#primaryimage","url":"https:\/\/dev.monti.lt\/wp-content\/uploads\/2022\/06\/klocki-drewniane-w-woreczku-zkb-889-16.webp","contentUrl":"https:\/\/dev.monti.lt\/wp-content\/uploads\/2022\/06\/klocki-drewniane-w-woreczku-zkb-889-16.webp","width":800,"height":800},{"@type":"BreadcrumbList","@id":"https:\/\/dev.monti.lt\/product\/magnetinis-labirintas-meska\/#breadcrumb","itemListElement":[{"@type":"ListItem","position":1,"name":"Home","item":"https:\/\/dev.monti.lt\/"},{"@type":"ListItem","position":2,"name":"Parduotuv\u0117","item":"https:\/\/dev.monti.lt\/shop\/"},{"@type":"ListItem","position":3,"name":"Magnetinis labirintas &#8220;Dramblys&#8221;"}]},{"@type":"WebSite","@id":"https:\/\/dev.monti.lt\/#website","url":"https:\/\/dev.monti.lt\/","name":"Montessori \u017eaislai","description":"","publisher":{"@id":"https:\/\/dev.monti.lt\/#organization"},"potentialAction":[{"@type":"SearchAction","target":{"@type":"EntryPoint","urlTemplate":"https:\/\/dev.monti.lt\/?s={search_term_string}"},"query-input":"required name=search_term_string"}],"inLanguage":"en-US"},{"@type":"Organization","@id":"https:\/\/dev.monti.lt\/#organization","name":"Montessori \u017eaislai","url":"https:\/\/dev.monti.lt\/","logo":{"@type":"ImageObject","inLanguage":"en-US","@id":"https:\/\/dev.monti.lt\/#\/schema\/logo\/image\/","url":"https:\/\/dev.monti.lt\/wp-content\/uploads\/2022\/03\/montilogo-1.png","contentUrl":"https:\/\/dev.monti.lt\/wp-content\/uploads\/2022\/03\/montilogo-1.png","width":512,"height":512,"caption":"Montessori \u017eaislai"},"image":{"@id":"https:\/\/dev.monti.lt\/#\/schema\/logo\/image\/"}}]}},"_links":{"self":[{"href":"https:\/\/dev.monti.lt\/en\/wp-json\/wp\/v2\/product\/8365"}],"collection":[{"href":"https:\/\/dev.monti.lt\/en\/wp-json\/wp\/v2\/product"}],"about":[{"href":"https:\/\/dev.monti.lt\/en\/wp-json\/wp\/v2\/types\/product"}],"version-history":[{"count":2,"href":"https:\/\/dev.monti.lt\/en\/wp-json\/wp\/v2\/product\/8365\/revisions"}],"predecessor-version":[{"id":17891,"href":"https:\/\/dev.monti.lt\/en\/wp-json\/wp\/v2\/product\/8365\/revisions\/17891"}],"wp:featuredmedia":[{"embeddable":true,"href":"https:\/\/dev.monti.lt\/en\/wp-json\/wp\/v2\/media\/17886"}],"wp:attachment":[{"href":"https:\/\/dev.monti.lt\/en\/wp-json\/wp\/v2\/media?parent=8365"}],"wp:term":[{"taxonomy":"product_cat","embeddable":true,"href":"https:\/\/dev.monti.lt\/en\/wp-json\/wp\/v2\/product_cat?post=8365"},{"taxonomy":"product_tag","embeddable":true,"href":"https:\/\/dev.monti.lt\/en\/wp-json\/wp\/v2\/product_tag?post=8365"}],"curies":[{"name":"wp","href":"https:\/\/api.w.org\/{rel}","templated":true}]}}