{"id":8319,"date":"2022-06-04T12:17:48","date_gmt":"2022-06-04T12:17:48","guid":{"rendered":"https:\/\/dev.monti.lt\/?post_type=product&#038;p=8319"},"modified":"2024-10-07T09:24:29","modified_gmt":"2024-10-07T09:24:29","slug":"balionu-paleidimo-zaidimas-kosmosas","status":"publish","type":"product","link":"https:\/\/dev.monti.lt\/en\/product\/balionu-paleidimo-zaidimas-kosmosas\/","title":{"rendered":"Balion\u0173 paleidimo \u017eaidimas &#8220;Kosmosas&#8221;"},"content":{"rendered":"<p>Pakilkite \u012f dang\u0173!<\/p>\n<p>Nuostabus rinkinys su aerodinamine paleidimo raketa leis jums leistis \u012f kelion\u0119 po kosmos\u0105.<\/p>\n<p><img fetchpriority=\"high\" decoding=\"async\" class=\"alignnone size-medium wp-image-8320\" src=\"https:\/\/dev.monti.lt\/wp-content\/uploads\/2022\/06\/KX591772744-2-300x225.jpg\" alt=\"\" width=\"300\" height=\"225\" srcset=\"https:\/\/dev.monti.lt\/wp-content\/uploads\/2022\/06\/KX591772744-2-300x225.jpg 300w, https:\/\/dev.monti.lt\/wp-content\/uploads\/2022\/06\/KX591772744-2-1024x768.jpg 1024w, https:\/\/dev.monti.lt\/wp-content\/uploads\/2022\/06\/KX591772744-2-768x576.jpg 768w, https:\/\/dev.monti.lt\/wp-content\/uploads\/2022\/06\/KX591772744-2-1536x1152.jpg 1536w, https:\/\/dev.monti.lt\/wp-content\/uploads\/2022\/06\/KX591772744-2-16x12.jpg 16w, https:\/\/dev.monti.lt\/wp-content\/uploads\/2022\/06\/KX591772744-2-990x743.jpg 990w, https:\/\/dev.monti.lt\/wp-content\/uploads\/2022\/06\/KX591772744-2-441x331.jpg 441w, https:\/\/dev.monti.lt\/wp-content\/uploads\/2022\/06\/KX591772744-2-800x600.jpg 800w, https:\/\/dev.monti.lt\/wp-content\/uploads\/2022\/06\/KX591772744-2-150x113.jpg 150w, https:\/\/dev.monti.lt\/wp-content\/uploads\/2022\/06\/KX591772744-2.jpg 1600w\" sizes=\"(max-width: 300px) 100vw, 300px\" \/><\/p>\n<p>Apie k\u0105 \u0161is \u017eaidimas?<\/p>\n<p>Pirmiausia ant automobilio u\u017ed\u0117kite neprip\u016bst\u0105 balion\u0105. Tada prijunkite automobil\u012f prie paleidimo \u012frenginio ir prip\u016bskite balion\u0105. Kai balionas prisipildys oro, paspauskite paleidimo \u012frenginio mygtuk\u0105 ir steb\u0117kite, kaip greitai jis skrieja per kambario kilim\u0105.<\/p>\n<p>Surenkite var\u017eybas ir pa\u017ei\u016br\u0117kite, kuris automobilis nuva\u017eiuos grei\u010diau ir toliau.<\/p>\n<p>R\u016bpinkit\u0117s aplinka!<\/p>\n<p>\u0160iuolaikin\u0117s technologijos priver\u010dia transporto priemon\u0119 jud\u0117ti nenaudojant akumuliatori\u0173 ar kitos elektros energijos.<\/p>\n<p>Fantasti\u0161kas \u017eaislas, kuris pavergs kiekvieno ma\u017eojo tyrin\u0117tojo \u0161ird\u012f.<\/p>\n<p>Galite b\u016bti tikri, kad linksmyb\u0117ms nebus galo.<\/p>\n<p><img decoding=\"async\" class=\"alignnone size-medium wp-image-8322\" src=\"https:\/\/dev.monti.lt\/wp-content\/uploads\/2022\/06\/KX591772746-300x225.jpg\" alt=\"\" width=\"300\" height=\"225\" srcset=\"https:\/\/dev.monti.lt\/wp-content\/uploads\/2022\/06\/KX591772746-300x225.jpg 300w, https:\/\/dev.monti.lt\/wp-content\/uploads\/2022\/06\/KX591772746-1024x768.jpg 1024w, https:\/\/dev.monti.lt\/wp-content\/uploads\/2022\/06\/KX591772746-768x576.jpg 768w, https:\/\/dev.monti.lt\/wp-content\/uploads\/2022\/06\/KX591772746-1536x1152.jpg 1536w, https:\/\/dev.monti.lt\/wp-content\/uploads\/2022\/06\/KX591772746-16x12.jpg 16w, https:\/\/dev.monti.lt\/wp-content\/uploads\/2022\/06\/KX591772746-990x743.jpg 990w, https:\/\/dev.monti.lt\/wp-content\/uploads\/2022\/06\/KX591772746-441x331.jpg 441w, https:\/\/dev.monti.lt\/wp-content\/uploads\/2022\/06\/KX591772746-800x600.jpg 800w, https:\/\/dev.monti.lt\/wp-content\/uploads\/2022\/06\/KX591772746-150x113.jpg 150w, https:\/\/dev.monti.lt\/wp-content\/uploads\/2022\/06\/KX591772746.jpg 1600w\" sizes=\"(max-width: 300px) 100vw, 300px\" \/><\/p>\n<p>\u017daid\u017eiant su rinkiniu skatinama vaizduot\u0117, lavinama aki\u0173 ir judesi\u0173 koordinacija ir skatinamas analitinis m\u0105stymas.<\/p>\n<p>Originali forma ir sodrios spalvos patrauks d\u0117mes\u012f ir paskatins \u017eaisti.<\/p>\n<p>Puiki dovanos id\u0117ja ma\u017eyliui<\/p>\n<p>&nbsp;<\/p>\n<p><b>Komplekto turinys:<\/b><\/p>\n<ul>\n<li>\n<div>Paleidimo priemon\u0117<\/div>\n<\/li>\n<li>\n<div>10x balionai<\/div>\n<\/li>\n<li>\n<div>2x raketos formos automobiliai<\/div>\n<\/li>\n<li>\n<div>2x balion\u0173 jungtys<\/div>\n<\/li>\n<li><b>Matmenys:<\/b>\n<ul>\n<li>\n<div>Paleidimo priemon\u0117: 12 cm x 12 cm x 23 cm<\/div>\n<\/li>\n<li>\n<div>\u017daislinis automobilis: 10 cm x 8 cm x 5 cm<\/div>\n<\/li>\n<li>\n<div>Pakuot\u0117s matmenys: 16,5cm x 15cm x 15,5cm<\/div>\n<\/li>\n<\/ul>\n<p>Produktas supakuotas \u012f kartonin\u0119 d\u0117\u017eut\u0119.<\/li>\n<\/ul>","protected":false},"excerpt":{"rendered":"<p>Pakilkite \u012f dang\u0173! Nuostabus rinkinys su aerodinamine paleidimo raketa leis jums leistis \u012f kelion\u0119 po kosmos\u0105. Apie k\u0105 \u0161is \u017eaidimas? Pirmiausia ant automobilio u\u017ed\u0117kite neprip\u016bst\u0105 balion\u0105. Tada prijunkite automobil\u012f prie paleidimo \u012frenginio ir prip\u016bskite balion\u0105. Kai balionas prisipildys oro, paspauskite paleidimo \u012frenginio mygtuk\u0105 ir steb\u0117kite, kaip greitai jis skrieja per kambario kilim\u0105. Surenkite var\u017eybas ir [&hellip;]<\/p>","protected":false},"featured_media":8329,"template":"","meta":{"iawp_total_views":175},"product_cat":[218,197,84,91,90,93,49,39],"product_tag":[97,98,99],"class_list":{"0":"post-8319","1":"product","2":"type-product","3":"status-publish","4":"has-post-thumbnail","6":"product_cat-darzeliu-grupems","7":"product_cat-dovanos-berniukams","8":"product_cat-lavinamieji-zaislai","9":"product_cat-loginiam-mastymui","10":"product_cat-pasaulio-pazinimas","11":"product_cat-vaidmenu-zaidimai","12":"product_cat-visi-zaislai","13":"product_cat-zaislai","14":"product_tag-3-m-4-m","15":"product_tag-5-m-7-m","16":"product_tag-8-m-11-m","18":"first","19":"instock","20":"taxable","21":"shipping-taxable","22":"purchasable","23":"product-type-simple"},"yoast_head":"<!-- This site is optimized with the Yoast SEO plugin v23.3 - https:\/\/yoast.com\/wordpress\/plugins\/seo\/ -->\n<title>Balion\u0173 paleidimo \u017eaidimas &quot;Kosmosas&quot; - Montessori \u017eaislai<\/title>\n<meta name=\"robots\" content=\"noindex, follow, max-snippet:-1, max-image-preview:large, max-video-preview:-1\" \/>\n<meta property=\"og:locale\" content=\"en_US\" \/>\n<meta property=\"og:type\" content=\"article\" \/>\n<meta property=\"og:title\" content=\"Balion\u0173 paleidimo \u017eaidimas &quot;Kosmosas&quot; - Montessori \u017eaislai\" \/>\n<meta property=\"og:description\" content=\"Pakilkite \u012f dang\u0173! Nuostabus rinkinys su aerodinamine paleidimo raketa leis jums leistis \u012f kelion\u0119 po kosmos\u0105. Apie k\u0105 \u0161is \u017eaidimas? Pirmiausia ant automobilio u\u017ed\u0117kite neprip\u016bst\u0105 balion\u0105. Tada prijunkite automobil\u012f prie paleidimo \u012frenginio ir prip\u016bskite balion\u0105. Kai balionas prisipildys oro, paspauskite paleidimo \u012frenginio mygtuk\u0105 ir steb\u0117kite, kaip greitai jis skrieja per kambario kilim\u0105. Surenkite var\u017eybas ir [&hellip;]\" \/>\n<meta property=\"og:url\" content=\"https:\/\/dev.monti.lt\/en\/product\/balionu-paleidimo-zaidimas-kosmosas\/\" \/>\n<meta property=\"og:site_name\" content=\"Montessori \u017eaislai\" \/>\n<meta property=\"article:modified_time\" content=\"2024-10-07T09:24:29+00:00\" \/>\n<meta property=\"og:image\" content=\"https:\/\/dev.monti.lt\/wp-content\/uploads\/2022\/06\/KX591773025-2.jpg\" \/>\n\t<meta property=\"og:image:width\" content=\"1600\" \/>\n\t<meta property=\"og:image:height\" content=\"1200\" \/>\n\t<meta property=\"og:image:type\" content=\"image\/jpeg\" \/>\n<meta name=\"twitter:card\" content=\"summary_large_image\" \/>\n<meta name=\"twitter:label1\" content=\"Est. reading time\" \/>\n\t<meta name=\"twitter:data1\" content=\"2 minutes\" \/>\n<script type=\"application\/ld+json\" class=\"yoast-schema-graph\">{\"@context\":\"https:\/\/schema.org\",\"@graph\":[{\"@type\":\"WebPage\",\"@id\":\"https:\/\/dev.monti.lt\/product\/balionu-paleidimo-zaidimas-kosmosas\/\",\"url\":\"https:\/\/dev.monti.lt\/product\/balionu-paleidimo-zaidimas-kosmosas\/\",\"name\":\"Balion\u0173 paleidimo \u017eaidimas \\\"Kosmosas\\\" - Montessori \u017eaislai\",\"isPartOf\":{\"@id\":\"https:\/\/dev.monti.lt\/#website\"},\"primaryImageOfPage\":{\"@id\":\"https:\/\/dev.monti.lt\/product\/balionu-paleidimo-zaidimas-kosmosas\/#primaryimage\"},\"image\":{\"@id\":\"https:\/\/dev.monti.lt\/product\/balionu-paleidimo-zaidimas-kosmosas\/#primaryimage\"},\"thumbnailUrl\":\"https:\/\/dev.monti.lt\/wp-content\/uploads\/2022\/06\/KX591773025-2.jpg\",\"datePublished\":\"2022-06-04T12:17:48+00:00\",\"dateModified\":\"2024-10-07T09:24:29+00:00\",\"breadcrumb\":{\"@id\":\"https:\/\/dev.monti.lt\/product\/balionu-paleidimo-zaidimas-kosmosas\/#breadcrumb\"},\"inLanguage\":\"en-US\",\"potentialAction\":[{\"@type\":\"ReadAction\",\"target\":[\"https:\/\/dev.monti.lt\/product\/balionu-paleidimo-zaidimas-kosmosas\/\"]}]},{\"@type\":\"ImageObject\",\"inLanguage\":\"en-US\",\"@id\":\"https:\/\/dev.monti.lt\/product\/balionu-paleidimo-zaidimas-kosmosas\/#primaryimage\",\"url\":\"https:\/\/dev.monti.lt\/wp-content\/uploads\/2022\/06\/KX591773025-2.jpg\",\"contentUrl\":\"https:\/\/dev.monti.lt\/wp-content\/uploads\/2022\/06\/KX591773025-2.jpg\",\"width\":1600,\"height\":1200,\"caption\":\"Balion\u0173 paleidimas kosmosas\"},{\"@type\":\"BreadcrumbList\",\"@id\":\"https:\/\/dev.monti.lt\/product\/balionu-paleidimo-zaidimas-kosmosas\/#breadcrumb\",\"itemListElement\":[{\"@type\":\"ListItem\",\"position\":1,\"name\":\"Home\",\"item\":\"https:\/\/dev.monti.lt\/\"},{\"@type\":\"ListItem\",\"position\":2,\"name\":\"Parduotuv\u0117\",\"item\":\"https:\/\/dev.monti.lt\/shop\/\"},{\"@type\":\"ListItem\",\"position\":3,\"name\":\"Balion\u0173 paleidimo \u017eaidimas &#8220;Kosmosas&#8221;\"}]},{\"@type\":\"WebSite\",\"@id\":\"https:\/\/dev.monti.lt\/#website\",\"url\":\"https:\/\/dev.monti.lt\/\",\"name\":\"Montessori \u017eaislai\",\"description\":\"\",\"publisher\":{\"@id\":\"https:\/\/dev.monti.lt\/#organization\"},\"potentialAction\":[{\"@type\":\"SearchAction\",\"target\":{\"@type\":\"EntryPoint\",\"urlTemplate\":\"https:\/\/dev.monti.lt\/?s={search_term_string}\"},\"query-input\":\"required name=search_term_string\"}],\"inLanguage\":\"en-US\"},{\"@type\":\"Organization\",\"@id\":\"https:\/\/dev.monti.lt\/#organization\",\"name\":\"Montessori \u017eaislai\",\"url\":\"https:\/\/dev.monti.lt\/\",\"logo\":{\"@type\":\"ImageObject\",\"inLanguage\":\"en-US\",\"@id\":\"https:\/\/dev.monti.lt\/#\/schema\/logo\/image\/\",\"url\":\"https:\/\/dev.monti.lt\/wp-content\/uploads\/2022\/03\/montilogo-1.png\",\"contentUrl\":\"https:\/\/dev.monti.lt\/wp-content\/uploads\/2022\/03\/montilogo-1.png\",\"width\":512,\"height\":512,\"caption\":\"Montessori \u017eaislai\"},\"image\":{\"@id\":\"https:\/\/dev.monti.lt\/#\/schema\/logo\/image\/\"}}]}<\/script>\n<!-- \/ Yoast SEO plugin. -->","yoast_head_json":{"title":"Balion\u0173 paleidimo \u017eaidimas \"Kosmosas\" - Montessori \u017eaislai","robots":{"index":"noindex","follow":"follow","max-snippet":"max-snippet:-1","max-image-preview":"max-image-preview:large","max-video-preview":"max-video-preview:-1"},"og_locale":"en_US","og_type":"article","og_title":"Balion\u0173 paleidimo \u017eaidimas \"Kosmosas\" - Montessori \u017eaislai","og_description":"Pakilkite \u012f dang\u0173! Nuostabus rinkinys su aerodinamine paleidimo raketa leis jums leistis \u012f kelion\u0119 po kosmos\u0105. Apie k\u0105 \u0161is \u017eaidimas? Pirmiausia ant automobilio u\u017ed\u0117kite neprip\u016bst\u0105 balion\u0105. Tada prijunkite automobil\u012f prie paleidimo \u012frenginio ir prip\u016bskite balion\u0105. Kai balionas prisipildys oro, paspauskite paleidimo \u012frenginio mygtuk\u0105 ir steb\u0117kite, kaip greitai jis skrieja per kambario kilim\u0105. Surenkite var\u017eybas ir [&hellip;]","og_url":"https:\/\/dev.monti.lt\/en\/product\/balionu-paleidimo-zaidimas-kosmosas\/","og_site_name":"Montessori \u017eaislai","article_modified_time":"2024-10-07T09:24:29+00:00","og_image":[{"width":1600,"height":1200,"url":"https:\/\/dev.monti.lt\/wp-content\/uploads\/2022\/06\/KX591773025-2.jpg","type":"image\/jpeg"}],"twitter_card":"summary_large_image","twitter_misc":{"Est. reading time":"2 minutes"},"schema":{"@context":"https:\/\/schema.org","@graph":[{"@type":"WebPage","@id":"https:\/\/dev.monti.lt\/product\/balionu-paleidimo-zaidimas-kosmosas\/","url":"https:\/\/dev.monti.lt\/product\/balionu-paleidimo-zaidimas-kosmosas\/","name":"Balion\u0173 paleidimo \u017eaidimas \"Kosmosas\" - Montessori \u017eaislai","isPartOf":{"@id":"https:\/\/dev.monti.lt\/#website"},"primaryImageOfPage":{"@id":"https:\/\/dev.monti.lt\/product\/balionu-paleidimo-zaidimas-kosmosas\/#primaryimage"},"image":{"@id":"https:\/\/dev.monti.lt\/product\/balionu-paleidimo-zaidimas-kosmosas\/#primaryimage"},"thumbnailUrl":"https:\/\/dev.monti.lt\/wp-content\/uploads\/2022\/06\/KX591773025-2.jpg","datePublished":"2022-06-04T12:17:48+00:00","dateModified":"2024-10-07T09:24:29+00:00","breadcrumb":{"@id":"https:\/\/dev.monti.lt\/product\/balionu-paleidimo-zaidimas-kosmosas\/#breadcrumb"},"inLanguage":"en-US","potentialAction":[{"@type":"ReadAction","target":["https:\/\/dev.monti.lt\/product\/balionu-paleidimo-zaidimas-kosmosas\/"]}]},{"@type":"ImageObject","inLanguage":"en-US","@id":"https:\/\/dev.monti.lt\/product\/balionu-paleidimo-zaidimas-kosmosas\/#primaryimage","url":"https:\/\/dev.monti.lt\/wp-content\/uploads\/2022\/06\/KX591773025-2.jpg","contentUrl":"https:\/\/dev.monti.lt\/wp-content\/uploads\/2022\/06\/KX591773025-2.jpg","width":1600,"height":1200,"caption":"Balion\u0173 paleidimas kosmosas"},{"@type":"BreadcrumbList","@id":"https:\/\/dev.monti.lt\/product\/balionu-paleidimo-zaidimas-kosmosas\/#breadcrumb","itemListElement":[{"@type":"ListItem","position":1,"name":"Home","item":"https:\/\/dev.monti.lt\/"},{"@type":"ListItem","position":2,"name":"Parduotuv\u0117","item":"https:\/\/dev.monti.lt\/shop\/"},{"@type":"ListItem","position":3,"name":"Balion\u0173 paleidimo \u017eaidimas &#8220;Kosmosas&#8221;"}]},{"@type":"WebSite","@id":"https:\/\/dev.monti.lt\/#website","url":"https:\/\/dev.monti.lt\/","name":"Montessori \u017eaislai","description":"","publisher":{"@id":"https:\/\/dev.monti.lt\/#organization"},"potentialAction":[{"@type":"SearchAction","target":{"@type":"EntryPoint","urlTemplate":"https:\/\/dev.monti.lt\/?s={search_term_string}"},"query-input":"required name=search_term_string"}],"inLanguage":"en-US"},{"@type":"Organization","@id":"https:\/\/dev.monti.lt\/#organization","name":"Montessori \u017eaislai","url":"https:\/\/dev.monti.lt\/","logo":{"@type":"ImageObject","inLanguage":"en-US","@id":"https:\/\/dev.monti.lt\/#\/schema\/logo\/image\/","url":"https:\/\/dev.monti.lt\/wp-content\/uploads\/2022\/03\/montilogo-1.png","contentUrl":"https:\/\/dev.monti.lt\/wp-content\/uploads\/2022\/03\/montilogo-1.png","width":512,"height":512,"caption":"Montessori \u017eaislai"},"image":{"@id":"https:\/\/dev.monti.lt\/#\/schema\/logo\/image\/"}}]}},"_links":{"self":[{"href":"https:\/\/dev.monti.lt\/en\/wp-json\/wp\/v2\/product\/8319"}],"collection":[{"href":"https:\/\/dev.monti.lt\/en\/wp-json\/wp\/v2\/product"}],"about":[{"href":"https:\/\/dev.monti.lt\/en\/wp-json\/wp\/v2\/types\/product"}],"version-history":[{"count":3,"href":"https:\/\/dev.monti.lt\/en\/wp-json\/wp\/v2\/product\/8319\/revisions"}],"predecessor-version":[{"id":11028,"href":"https:\/\/dev.monti.lt\/en\/wp-json\/wp\/v2\/product\/8319\/revisions\/11028"}],"wp:featuredmedia":[{"embeddable":true,"href":"https:\/\/dev.monti.lt\/en\/wp-json\/wp\/v2\/media\/8329"}],"wp:attachment":[{"href":"https:\/\/dev.monti.lt\/en\/wp-json\/wp\/v2\/media?parent=8319"}],"wp:term":[{"taxonomy":"product_cat","embeddable":true,"href":"https:\/\/dev.monti.lt\/en\/wp-json\/wp\/v2\/product_cat?post=8319"},{"taxonomy":"product_tag","embeddable":true,"href":"https:\/\/dev.monti.lt\/en\/wp-json\/wp\/v2\/product_tag?post=8319"}],"curies":[{"name":"wp","href":"https:\/\/api.w.org\/{rel}","templated":true}]}}