{"id":8305,"date":"2022-06-02T18:02:18","date_gmt":"2022-06-02T18:02:18","guid":{"rendered":"https:\/\/dev.monti.lt\/?post_type=product&#038;p=8305"},"modified":"2024-10-08T17:47:44","modified_gmt":"2024-10-08T17:47:44","slug":"montessori-atminties-zaidimas","status":"publish","type":"product","link":"https:\/\/dev.monti.lt\/en\/product\/montessori-atminties-zaidimas\/","title":{"rendered":"Montessori atminties \u017eaidimas"},"content":{"rendered":"<p><span style=\"font-family: Tahoma; font-size: 12pt;\"><span class=\"\">Medinis atminties stalo \u017eaidimas + 4 kortel\u0117s<\/span><\/span><\/p>\n<p><span style=\"font-size: 12pt;\"><span style=\"font-family: Tahoma;\">Komplekto turinys:<\/span><\/span><\/p>\n<ul>\n<li><span style=\"font-family: Tahoma; font-size: 12pt;\">Lenta<\/span><\/li>\n<li><span style=\"font-family: Tahoma; font-size: 12pt;\">4 dvipus\u0117s kortel\u0117s<\/span><\/li>\n<\/ul>\n<p><span style=\"font-size: 12pt;\"><span style=\"font-family: Tahoma;\">Matmenys:<\/span><\/span><\/p>\n<ul>\n<li><span style=\"font-size: 12pt;\"><span style=\"font-family: Tahoma;\">lenta : 18cm x 18cm x 1cm<\/span><\/span><\/li>\n<li><span style=\"font-size: 12pt;\"><span style=\"font-family: Tahoma;\">kortel\u0117: 16 cm x 16 cm<\/span><\/span><\/li>\n<li><span style=\"font-size: 12pt;\"><span style=\"font-family: Tahoma;\">medin\u0117s kalad\u0117l\u0117s skersmuo : 2,5 cm<\/span><\/span><\/li>\n<li><span style=\"font-size: 12pt;\"><span style=\"font-family: Tahoma;\">pakuot\u0117s matmenys: 18cm x 18cm x 2,5cm<\/span><\/span><\/li>\n<\/ul>","protected":false},"excerpt":{"rendered":"<p>Medinis atminties stalo \u017eaidimas + 4 kortel\u0117s Komplekto turinys: Lenta 4 dvipus\u0117s kortel\u0117s Matmenys: lenta : 18cm x 18cm x 1cm kortel\u0117: 16 cm x 16 cm medin\u0117s kalad\u0117l\u0117s skersmuo : 2,5 cm pakuot\u0117s matmenys: 18cm x 18cm x 2,5cm<\/p>","protected":false},"featured_media":8509,"template":"","meta":{"iawp_total_views":110},"product_cat":[218,208,84,91,210,102,83,90,86,199,49,39],"product_tag":[96,97,98],"class_list":{"0":"post-8305","1":"product","2":"type-product","3":"status-publish","4":"has-post-thumbnail","6":"product_cat-darzeliu-grupems","7":"product_cat-deliones-2","8":"product_cat-lavinamieji-zaislai","9":"product_cat-loginiam-mastymui","10":"product_cat-medines-deliones","11":"product_cat-mediniai-zaislai","12":"product_cat-montessori-zaislai","13":"product_cat-pasaulio-pazinimas","14":"product_cat-smulkioji-motorika","15":"product_cat-ugdymo-istaigoms","16":"product_cat-visi-zaislai","17":"product_cat-zaislai","18":"product_tag-2-m-3-m","19":"product_tag-3-m-4-m","20":"product_tag-5-m-7-m","22":"first","23":"instock","24":"taxable","25":"shipping-taxable","26":"purchasable","27":"product-type-simple"},"yoast_head":"<!-- This site is optimized with the Yoast SEO plugin v23.3 - https:\/\/yoast.com\/wordpress\/plugins\/seo\/ -->\n<title>Montessori atminties \u017eaidimas - Montessori \u017eaislai<\/title>\n<meta name=\"robots\" content=\"noindex, follow, max-snippet:-1, max-image-preview:large, max-video-preview:-1\" \/>\n<meta property=\"og:locale\" content=\"en_US\" \/>\n<meta property=\"og:type\" content=\"article\" \/>\n<meta property=\"og:title\" content=\"Montessori atminties \u017eaidimas - Montessori \u017eaislai\" \/>\n<meta property=\"og:description\" content=\"Medinis atminties stalo \u017eaidimas + 4 kortel\u0117s Komplekto turinys: Lenta 4 dvipus\u0117s kortel\u0117s Matmenys: lenta : 18cm x 18cm x 1cm kortel\u0117: 16 cm x 16 cm medin\u0117s kalad\u0117l\u0117s skersmuo : 2,5 cm pakuot\u0117s matmenys: 18cm x 18cm x 2,5cm\" \/>\n<meta property=\"og:url\" content=\"https:\/\/dev.monti.lt\/en\/product\/montessori-atminties-zaidimas\/\" \/>\n<meta property=\"og:site_name\" content=\"Montessori \u017eaislai\" \/>\n<meta property=\"article:modified_time\" content=\"2024-10-08T17:47:44+00:00\" \/>\n<meta property=\"og:image\" content=\"https:\/\/dev.monti.lt\/wp-content\/uploads\/2022\/06\/KX536578751.jpg\" \/>\n\t<meta property=\"og:image:width\" content=\"1024\" \/>\n\t<meta property=\"og:image:height\" content=\"768\" \/>\n\t<meta property=\"og:image:type\" content=\"image\/jpeg\" \/>\n<meta name=\"twitter:card\" content=\"summary_large_image\" \/>\n<meta name=\"twitter:label1\" content=\"Est. reading time\" \/>\n\t<meta name=\"twitter:data1\" content=\"1 minute\" \/>\n<script type=\"application\/ld+json\" class=\"yoast-schema-graph\">{\"@context\":\"https:\/\/schema.org\",\"@graph\":[{\"@type\":\"WebPage\",\"@id\":\"https:\/\/dev.monti.lt\/product\/montessori-atminties-zaidimas\/\",\"url\":\"https:\/\/dev.monti.lt\/product\/montessori-atminties-zaidimas\/\",\"name\":\"Montessori atminties \u017eaidimas - Montessori \u017eaislai\",\"isPartOf\":{\"@id\":\"https:\/\/dev.monti.lt\/#website\"},\"primaryImageOfPage\":{\"@id\":\"https:\/\/dev.monti.lt\/product\/montessori-atminties-zaidimas\/#primaryimage\"},\"image\":{\"@id\":\"https:\/\/dev.monti.lt\/product\/montessori-atminties-zaidimas\/#primaryimage\"},\"thumbnailUrl\":\"https:\/\/dev.monti.lt\/wp-content\/uploads\/2022\/06\/KX536578751.jpg\",\"datePublished\":\"2022-06-02T18:02:18+00:00\",\"dateModified\":\"2024-10-08T17:47:44+00:00\",\"breadcrumb\":{\"@id\":\"https:\/\/dev.monti.lt\/product\/montessori-atminties-zaidimas\/#breadcrumb\"},\"inLanguage\":\"en-US\",\"potentialAction\":[{\"@type\":\"ReadAction\",\"target\":[\"https:\/\/dev.monti.lt\/product\/montessori-atminties-zaidimas\/\"]}]},{\"@type\":\"ImageObject\",\"inLanguage\":\"en-US\",\"@id\":\"https:\/\/dev.monti.lt\/product\/montessori-atminties-zaidimas\/#primaryimage\",\"url\":\"https:\/\/dev.monti.lt\/wp-content\/uploads\/2022\/06\/KX536578751.jpg\",\"contentUrl\":\"https:\/\/dev.monti.lt\/wp-content\/uploads\/2022\/06\/KX536578751.jpg\",\"width\":1024,\"height\":768,\"caption\":\"Atminties lavinimo \u017eaidimas\"},{\"@type\":\"BreadcrumbList\",\"@id\":\"https:\/\/dev.monti.lt\/product\/montessori-atminties-zaidimas\/#breadcrumb\",\"itemListElement\":[{\"@type\":\"ListItem\",\"position\":1,\"name\":\"Home\",\"item\":\"https:\/\/dev.monti.lt\/\"},{\"@type\":\"ListItem\",\"position\":2,\"name\":\"Parduotuv\u0117\",\"item\":\"https:\/\/dev.monti.lt\/shop\/\"},{\"@type\":\"ListItem\",\"position\":3,\"name\":\"Montessori atminties \u017eaidimas\"}]},{\"@type\":\"WebSite\",\"@id\":\"https:\/\/dev.monti.lt\/#website\",\"url\":\"https:\/\/dev.monti.lt\/\",\"name\":\"Montessori \u017eaislai\",\"description\":\"\",\"publisher\":{\"@id\":\"https:\/\/dev.monti.lt\/#organization\"},\"potentialAction\":[{\"@type\":\"SearchAction\",\"target\":{\"@type\":\"EntryPoint\",\"urlTemplate\":\"https:\/\/dev.monti.lt\/?s={search_term_string}\"},\"query-input\":\"required name=search_term_string\"}],\"inLanguage\":\"en-US\"},{\"@type\":\"Organization\",\"@id\":\"https:\/\/dev.monti.lt\/#organization\",\"name\":\"Montessori \u017eaislai\",\"url\":\"https:\/\/dev.monti.lt\/\",\"logo\":{\"@type\":\"ImageObject\",\"inLanguage\":\"en-US\",\"@id\":\"https:\/\/dev.monti.lt\/#\/schema\/logo\/image\/\",\"url\":\"https:\/\/dev.monti.lt\/wp-content\/uploads\/2022\/03\/montilogo-1.png\",\"contentUrl\":\"https:\/\/dev.monti.lt\/wp-content\/uploads\/2022\/03\/montilogo-1.png\",\"width\":512,\"height\":512,\"caption\":\"Montessori \u017eaislai\"},\"image\":{\"@id\":\"https:\/\/dev.monti.lt\/#\/schema\/logo\/image\/\"}}]}<\/script>\n<!-- \/ Yoast SEO plugin. -->","yoast_head_json":{"title":"Montessori atminties \u017eaidimas - Montessori \u017eaislai","robots":{"index":"noindex","follow":"follow","max-snippet":"max-snippet:-1","max-image-preview":"max-image-preview:large","max-video-preview":"max-video-preview:-1"},"og_locale":"en_US","og_type":"article","og_title":"Montessori atminties \u017eaidimas - Montessori \u017eaislai","og_description":"Medinis atminties stalo \u017eaidimas + 4 kortel\u0117s Komplekto turinys: Lenta 4 dvipus\u0117s kortel\u0117s Matmenys: lenta : 18cm x 18cm x 1cm kortel\u0117: 16 cm x 16 cm medin\u0117s kalad\u0117l\u0117s skersmuo : 2,5 cm pakuot\u0117s matmenys: 18cm x 18cm x 2,5cm","og_url":"https:\/\/dev.monti.lt\/en\/product\/montessori-atminties-zaidimas\/","og_site_name":"Montessori \u017eaislai","article_modified_time":"2024-10-08T17:47:44+00:00","og_image":[{"width":1024,"height":768,"url":"https:\/\/dev.monti.lt\/wp-content\/uploads\/2022\/06\/KX536578751.jpg","type":"image\/jpeg"}],"twitter_card":"summary_large_image","twitter_misc":{"Est. reading time":"1 minute"},"schema":{"@context":"https:\/\/schema.org","@graph":[{"@type":"WebPage","@id":"https:\/\/dev.monti.lt\/product\/montessori-atminties-zaidimas\/","url":"https:\/\/dev.monti.lt\/product\/montessori-atminties-zaidimas\/","name":"Montessori atminties \u017eaidimas - Montessori \u017eaislai","isPartOf":{"@id":"https:\/\/dev.monti.lt\/#website"},"primaryImageOfPage":{"@id":"https:\/\/dev.monti.lt\/product\/montessori-atminties-zaidimas\/#primaryimage"},"image":{"@id":"https:\/\/dev.monti.lt\/product\/montessori-atminties-zaidimas\/#primaryimage"},"thumbnailUrl":"https:\/\/dev.monti.lt\/wp-content\/uploads\/2022\/06\/KX536578751.jpg","datePublished":"2022-06-02T18:02:18+00:00","dateModified":"2024-10-08T17:47:44+00:00","breadcrumb":{"@id":"https:\/\/dev.monti.lt\/product\/montessori-atminties-zaidimas\/#breadcrumb"},"inLanguage":"en-US","potentialAction":[{"@type":"ReadAction","target":["https:\/\/dev.monti.lt\/product\/montessori-atminties-zaidimas\/"]}]},{"@type":"ImageObject","inLanguage":"en-US","@id":"https:\/\/dev.monti.lt\/product\/montessori-atminties-zaidimas\/#primaryimage","url":"https:\/\/dev.monti.lt\/wp-content\/uploads\/2022\/06\/KX536578751.jpg","contentUrl":"https:\/\/dev.monti.lt\/wp-content\/uploads\/2022\/06\/KX536578751.jpg","width":1024,"height":768,"caption":"Atminties lavinimo \u017eaidimas"},{"@type":"BreadcrumbList","@id":"https:\/\/dev.monti.lt\/product\/montessori-atminties-zaidimas\/#breadcrumb","itemListElement":[{"@type":"ListItem","position":1,"name":"Home","item":"https:\/\/dev.monti.lt\/"},{"@type":"ListItem","position":2,"name":"Parduotuv\u0117","item":"https:\/\/dev.monti.lt\/shop\/"},{"@type":"ListItem","position":3,"name":"Montessori atminties \u017eaidimas"}]},{"@type":"WebSite","@id":"https:\/\/dev.monti.lt\/#website","url":"https:\/\/dev.monti.lt\/","name":"Montessori \u017eaislai","description":"","publisher":{"@id":"https:\/\/dev.monti.lt\/#organization"},"potentialAction":[{"@type":"SearchAction","target":{"@type":"EntryPoint","urlTemplate":"https:\/\/dev.monti.lt\/?s={search_term_string}"},"query-input":"required name=search_term_string"}],"inLanguage":"en-US"},{"@type":"Organization","@id":"https:\/\/dev.monti.lt\/#organization","name":"Montessori \u017eaislai","url":"https:\/\/dev.monti.lt\/","logo":{"@type":"ImageObject","inLanguage":"en-US","@id":"https:\/\/dev.monti.lt\/#\/schema\/logo\/image\/","url":"https:\/\/dev.monti.lt\/wp-content\/uploads\/2022\/03\/montilogo-1.png","contentUrl":"https:\/\/dev.monti.lt\/wp-content\/uploads\/2022\/03\/montilogo-1.png","width":512,"height":512,"caption":"Montessori \u017eaislai"},"image":{"@id":"https:\/\/dev.monti.lt\/#\/schema\/logo\/image\/"}}]}},"_links":{"self":[{"href":"https:\/\/dev.monti.lt\/en\/wp-json\/wp\/v2\/product\/8305"}],"collection":[{"href":"https:\/\/dev.monti.lt\/en\/wp-json\/wp\/v2\/product"}],"about":[{"href":"https:\/\/dev.monti.lt\/en\/wp-json\/wp\/v2\/types\/product"}],"version-history":[{"count":3,"href":"https:\/\/dev.monti.lt\/en\/wp-json\/wp\/v2\/product\/8305\/revisions"}],"predecessor-version":[{"id":9837,"href":"https:\/\/dev.monti.lt\/en\/wp-json\/wp\/v2\/product\/8305\/revisions\/9837"}],"wp:featuredmedia":[{"embeddable":true,"href":"https:\/\/dev.monti.lt\/en\/wp-json\/wp\/v2\/media\/8509"}],"wp:attachment":[{"href":"https:\/\/dev.monti.lt\/en\/wp-json\/wp\/v2\/media?parent=8305"}],"wp:term":[{"taxonomy":"product_cat","embeddable":true,"href":"https:\/\/dev.monti.lt\/en\/wp-json\/wp\/v2\/product_cat?post=8305"},{"taxonomy":"product_tag","embeddable":true,"href":"https:\/\/dev.monti.lt\/en\/wp-json\/wp\/v2\/product_tag?post=8305"}],"curies":[{"name":"wp","href":"https:\/\/api.w.org\/{rel}","templated":true}]}}