{"id":8250,"date":"2022-06-01T11:15:08","date_gmt":"2022-06-01T11:15:08","guid":{"rendered":"https:\/\/dev.monti.lt\/?post_type=product&#038;p=8250"},"modified":"2024-10-08T17:45:43","modified_gmt":"2024-10-08T17:45:43","slug":"emociju-kaladeles","status":"publish","type":"product","link":"https:\/\/dev.monti.lt\/en\/product\/emociju-kaladeles\/","title":{"rendered":"Emocij\u0173 kalad\u0117l\u0117s"},"content":{"rendered":"<p>Kokia tavo nuotaika \u0161iandien? I\u0161reik\u0161kite savo emocijas!<\/p>\n<p>D\u017eiaugsmas, li\u016bdesys, pyktis?<\/p>\n<p><strong>\u017daidimo taisykl\u0117s:<\/strong><\/p>\n<p>Rinkit\u0117s vien\u0105 i\u0161 korteli\u0173 su veideliu ir kuo grei\u010diau surinkite parodyt\u0105 kortel\u0117je emocij\u0105 i\u0161 blokeli\u0173.<\/p>\n<p>\u017daidimas pad\u0117s i\u0161mokti \u012fvardyti ir i\u0161reik\u0161ti savo emocijas. Be to, \u017eaidimas skatina k\u016brybi\u0161kum\u0105, login\u012f m\u0105stym\u0105 ir padeda tinkamai lavinti smulkiosios motorikos \u012fg\u016bd\u017eius.<\/p>\n<p><strong>Komplekto turinys:<br \/>\n<\/strong><\/p>\n<ul>\n<li>16 keturi\u0173 spalv\u0173 kalad\u0117li\u0173<\/li>\n<li>64 kortel\u0117s su skirtingomis emocijomis<\/li>\n<\/ul>\n<p><strong>Matmenys:<\/strong><\/p>\n<ul>\n<li>Blokas: 2cm x 2cm x 2cm<\/li>\n<li>Kortel\u0117: 6cm x 6cm<\/li>\n<li>Pakuot\u0117s matmenys: 18cm x 18cm x 3,5cm<\/li>\n<\/ul>\n<p>&nbsp;<\/p>","protected":false},"excerpt":{"rendered":"<p>Kokia tavo nuotaika \u0161iandien? I\u0161reik\u0161kite savo emocijas! D\u017eiaugsmas, li\u016bdesys, pyktis? \u017daidimo taisykl\u0117s: Rinkit\u0117s vien\u0105 i\u0161 korteli\u0173 su veideliu ir kuo grei\u010diau surinkite parodyt\u0105 kortel\u0117je emocij\u0105 i\u0161 blokeli\u0173. \u017daidimas pad\u0117s i\u0161mokti \u012fvardyti ir i\u0161reik\u0161ti savo emocijas. Be to, \u017eaidimas skatina k\u016brybi\u0161kum\u0105, login\u012f m\u0105stym\u0105 ir padeda tinkamai lavinti smulkiosios motorikos \u012fg\u016bd\u017eius. Komplekto turinys: 16 keturi\u0173 spalv\u0173 kalad\u0117li\u0173 [&hellip;]<\/p>","protected":false},"featured_media":8251,"template":"","meta":{"iawp_total_views":141},"product_cat":[84,91,90,86,49,39],"product_tag":[96,97,98],"class_list":{"0":"post-8250","1":"product","2":"type-product","3":"status-publish","4":"has-post-thumbnail","6":"product_cat-lavinamieji-zaislai","7":"product_cat-loginiam-mastymui","8":"product_cat-pasaulio-pazinimas","9":"product_cat-smulkioji-motorika","10":"product_cat-visi-zaislai","11":"product_cat-zaislai","12":"product_tag-2-m-3-m","13":"product_tag-3-m-4-m","14":"product_tag-5-m-7-m","16":"first","17":"instock","18":"taxable","19":"shipping-taxable","20":"purchasable","21":"product-type-simple"},"yoast_head":"<!-- This site is optimized with the Yoast SEO plugin v23.3 - https:\/\/yoast.com\/wordpress\/plugins\/seo\/ -->\n<title>Emocij\u0173 kalad\u0117l\u0117s - Montessori \u017eaislai<\/title>\n<meta name=\"robots\" content=\"noindex, follow, max-snippet:-1, max-image-preview:large, max-video-preview:-1\" \/>\n<meta property=\"og:locale\" content=\"en_US\" \/>\n<meta property=\"og:type\" content=\"article\" \/>\n<meta property=\"og:title\" content=\"Emocij\u0173 kalad\u0117l\u0117s - Montessori \u017eaislai\" \/>\n<meta property=\"og:description\" content=\"Kokia tavo nuotaika \u0161iandien? I\u0161reik\u0161kite savo emocijas! D\u017eiaugsmas, li\u016bdesys, pyktis? \u017daidimo taisykl\u0117s: Rinkit\u0117s vien\u0105 i\u0161 korteli\u0173 su veideliu ir kuo grei\u010diau surinkite parodyt\u0105 kortel\u0117je emocij\u0105 i\u0161 blokeli\u0173. \u017daidimas pad\u0117s i\u0161mokti \u012fvardyti ir i\u0161reik\u0161ti savo emocijas. Be to, \u017eaidimas skatina k\u016brybi\u0161kum\u0105, login\u012f m\u0105stym\u0105 ir padeda tinkamai lavinti smulkiosios motorikos \u012fg\u016bd\u017eius. Komplekto turinys: 16 keturi\u0173 spalv\u0173 kalad\u0117li\u0173 [&hellip;]\" \/>\n<meta property=\"og:url\" content=\"https:\/\/dev.monti.lt\/en\/product\/emociju-kaladeles\/\" \/>\n<meta property=\"og:site_name\" content=\"Montessori \u017eaislai\" \/>\n<meta property=\"article:modified_time\" content=\"2024-10-08T17:45:43+00:00\" \/>\n<meta property=\"og:image\" content=\"https:\/\/dev.monti.lt\/wp-content\/uploads\/2022\/06\/KX597171633.jpg\" \/>\n\t<meta property=\"og:image:width\" content=\"1600\" \/>\n\t<meta property=\"og:image:height\" content=\"1200\" \/>\n\t<meta property=\"og:image:type\" content=\"image\/jpeg\" \/>\n<meta name=\"twitter:card\" content=\"summary_large_image\" \/>\n<meta name=\"twitter:label1\" content=\"Est. reading time\" \/>\n\t<meta name=\"twitter:data1\" content=\"1 minute\" \/>\n<script type=\"application\/ld+json\" class=\"yoast-schema-graph\">{\"@context\":\"https:\/\/schema.org\",\"@graph\":[{\"@type\":\"WebPage\",\"@id\":\"https:\/\/dev.monti.lt\/product\/emociju-kaladeles\/\",\"url\":\"https:\/\/dev.monti.lt\/product\/emociju-kaladeles\/\",\"name\":\"Emocij\u0173 kalad\u0117l\u0117s - Montessori \u017eaislai\",\"isPartOf\":{\"@id\":\"https:\/\/dev.monti.lt\/#website\"},\"primaryImageOfPage\":{\"@id\":\"https:\/\/dev.monti.lt\/product\/emociju-kaladeles\/#primaryimage\"},\"image\":{\"@id\":\"https:\/\/dev.monti.lt\/product\/emociju-kaladeles\/#primaryimage\"},\"thumbnailUrl\":\"https:\/\/dev.monti.lt\/wp-content\/uploads\/2022\/06\/KX597171633.jpg\",\"datePublished\":\"2022-06-01T11:15:08+00:00\",\"dateModified\":\"2024-10-08T17:45:43+00:00\",\"breadcrumb\":{\"@id\":\"https:\/\/dev.monti.lt\/product\/emociju-kaladeles\/#breadcrumb\"},\"inLanguage\":\"en-US\",\"potentialAction\":[{\"@type\":\"ReadAction\",\"target\":[\"https:\/\/dev.monti.lt\/product\/emociju-kaladeles\/\"]}]},{\"@type\":\"ImageObject\",\"inLanguage\":\"en-US\",\"@id\":\"https:\/\/dev.monti.lt\/product\/emociju-kaladeles\/#primaryimage\",\"url\":\"https:\/\/dev.monti.lt\/wp-content\/uploads\/2022\/06\/KX597171633.jpg\",\"contentUrl\":\"https:\/\/dev.monti.lt\/wp-content\/uploads\/2022\/06\/KX597171633.jpg\",\"width\":1600,\"height\":1200,\"caption\":\"emociju kaladeles\"},{\"@type\":\"BreadcrumbList\",\"@id\":\"https:\/\/dev.monti.lt\/product\/emociju-kaladeles\/#breadcrumb\",\"itemListElement\":[{\"@type\":\"ListItem\",\"position\":1,\"name\":\"Home\",\"item\":\"https:\/\/dev.monti.lt\/\"},{\"@type\":\"ListItem\",\"position\":2,\"name\":\"Parduotuv\u0117\",\"item\":\"https:\/\/dev.monti.lt\/shop\/\"},{\"@type\":\"ListItem\",\"position\":3,\"name\":\"Emocij\u0173 kalad\u0117l\u0117s\"}]},{\"@type\":\"WebSite\",\"@id\":\"https:\/\/dev.monti.lt\/#website\",\"url\":\"https:\/\/dev.monti.lt\/\",\"name\":\"Montessori \u017eaislai\",\"description\":\"\",\"publisher\":{\"@id\":\"https:\/\/dev.monti.lt\/#organization\"},\"potentialAction\":[{\"@type\":\"SearchAction\",\"target\":{\"@type\":\"EntryPoint\",\"urlTemplate\":\"https:\/\/dev.monti.lt\/?s={search_term_string}\"},\"query-input\":\"required name=search_term_string\"}],\"inLanguage\":\"en-US\"},{\"@type\":\"Organization\",\"@id\":\"https:\/\/dev.monti.lt\/#organization\",\"name\":\"Montessori \u017eaislai\",\"url\":\"https:\/\/dev.monti.lt\/\",\"logo\":{\"@type\":\"ImageObject\",\"inLanguage\":\"en-US\",\"@id\":\"https:\/\/dev.monti.lt\/#\/schema\/logo\/image\/\",\"url\":\"https:\/\/dev.monti.lt\/wp-content\/uploads\/2022\/03\/montilogo-1.png\",\"contentUrl\":\"https:\/\/dev.monti.lt\/wp-content\/uploads\/2022\/03\/montilogo-1.png\",\"width\":512,\"height\":512,\"caption\":\"Montessori \u017eaislai\"},\"image\":{\"@id\":\"https:\/\/dev.monti.lt\/#\/schema\/logo\/image\/\"}}]}<\/script>\n<!-- \/ Yoast SEO plugin. -->","yoast_head_json":{"title":"Emocij\u0173 kalad\u0117l\u0117s - Montessori \u017eaislai","robots":{"index":"noindex","follow":"follow","max-snippet":"max-snippet:-1","max-image-preview":"max-image-preview:large","max-video-preview":"max-video-preview:-1"},"og_locale":"en_US","og_type":"article","og_title":"Emocij\u0173 kalad\u0117l\u0117s - Montessori \u017eaislai","og_description":"Kokia tavo nuotaika \u0161iandien? I\u0161reik\u0161kite savo emocijas! D\u017eiaugsmas, li\u016bdesys, pyktis? \u017daidimo taisykl\u0117s: Rinkit\u0117s vien\u0105 i\u0161 korteli\u0173 su veideliu ir kuo grei\u010diau surinkite parodyt\u0105 kortel\u0117je emocij\u0105 i\u0161 blokeli\u0173. \u017daidimas pad\u0117s i\u0161mokti \u012fvardyti ir i\u0161reik\u0161ti savo emocijas. Be to, \u017eaidimas skatina k\u016brybi\u0161kum\u0105, login\u012f m\u0105stym\u0105 ir padeda tinkamai lavinti smulkiosios motorikos \u012fg\u016bd\u017eius. Komplekto turinys: 16 keturi\u0173 spalv\u0173 kalad\u0117li\u0173 [&hellip;]","og_url":"https:\/\/dev.monti.lt\/en\/product\/emociju-kaladeles\/","og_site_name":"Montessori \u017eaislai","article_modified_time":"2024-10-08T17:45:43+00:00","og_image":[{"width":1600,"height":1200,"url":"https:\/\/dev.monti.lt\/wp-content\/uploads\/2022\/06\/KX597171633.jpg","type":"image\/jpeg"}],"twitter_card":"summary_large_image","twitter_misc":{"Est. reading time":"1 minute"},"schema":{"@context":"https:\/\/schema.org","@graph":[{"@type":"WebPage","@id":"https:\/\/dev.monti.lt\/product\/emociju-kaladeles\/","url":"https:\/\/dev.monti.lt\/product\/emociju-kaladeles\/","name":"Emocij\u0173 kalad\u0117l\u0117s - Montessori \u017eaislai","isPartOf":{"@id":"https:\/\/dev.monti.lt\/#website"},"primaryImageOfPage":{"@id":"https:\/\/dev.monti.lt\/product\/emociju-kaladeles\/#primaryimage"},"image":{"@id":"https:\/\/dev.monti.lt\/product\/emociju-kaladeles\/#primaryimage"},"thumbnailUrl":"https:\/\/dev.monti.lt\/wp-content\/uploads\/2022\/06\/KX597171633.jpg","datePublished":"2022-06-01T11:15:08+00:00","dateModified":"2024-10-08T17:45:43+00:00","breadcrumb":{"@id":"https:\/\/dev.monti.lt\/product\/emociju-kaladeles\/#breadcrumb"},"inLanguage":"en-US","potentialAction":[{"@type":"ReadAction","target":["https:\/\/dev.monti.lt\/product\/emociju-kaladeles\/"]}]},{"@type":"ImageObject","inLanguage":"en-US","@id":"https:\/\/dev.monti.lt\/product\/emociju-kaladeles\/#primaryimage","url":"https:\/\/dev.monti.lt\/wp-content\/uploads\/2022\/06\/KX597171633.jpg","contentUrl":"https:\/\/dev.monti.lt\/wp-content\/uploads\/2022\/06\/KX597171633.jpg","width":1600,"height":1200,"caption":"emociju kaladeles"},{"@type":"BreadcrumbList","@id":"https:\/\/dev.monti.lt\/product\/emociju-kaladeles\/#breadcrumb","itemListElement":[{"@type":"ListItem","position":1,"name":"Home","item":"https:\/\/dev.monti.lt\/"},{"@type":"ListItem","position":2,"name":"Parduotuv\u0117","item":"https:\/\/dev.monti.lt\/shop\/"},{"@type":"ListItem","position":3,"name":"Emocij\u0173 kalad\u0117l\u0117s"}]},{"@type":"WebSite","@id":"https:\/\/dev.monti.lt\/#website","url":"https:\/\/dev.monti.lt\/","name":"Montessori \u017eaislai","description":"","publisher":{"@id":"https:\/\/dev.monti.lt\/#organization"},"potentialAction":[{"@type":"SearchAction","target":{"@type":"EntryPoint","urlTemplate":"https:\/\/dev.monti.lt\/?s={search_term_string}"},"query-input":"required name=search_term_string"}],"inLanguage":"en-US"},{"@type":"Organization","@id":"https:\/\/dev.monti.lt\/#organization","name":"Montessori \u017eaislai","url":"https:\/\/dev.monti.lt\/","logo":{"@type":"ImageObject","inLanguage":"en-US","@id":"https:\/\/dev.monti.lt\/#\/schema\/logo\/image\/","url":"https:\/\/dev.monti.lt\/wp-content\/uploads\/2022\/03\/montilogo-1.png","contentUrl":"https:\/\/dev.monti.lt\/wp-content\/uploads\/2022\/03\/montilogo-1.png","width":512,"height":512,"caption":"Montessori \u017eaislai"},"image":{"@id":"https:\/\/dev.monti.lt\/#\/schema\/logo\/image\/"}}]}},"_links":{"self":[{"href":"https:\/\/dev.monti.lt\/en\/wp-json\/wp\/v2\/product\/8250"}],"collection":[{"href":"https:\/\/dev.monti.lt\/en\/wp-json\/wp\/v2\/product"}],"about":[{"href":"https:\/\/dev.monti.lt\/en\/wp-json\/wp\/v2\/types\/product"}],"version-history":[{"count":1,"href":"https:\/\/dev.monti.lt\/en\/wp-json\/wp\/v2\/product\/8250\/revisions"}],"predecessor-version":[{"id":8252,"href":"https:\/\/dev.monti.lt\/en\/wp-json\/wp\/v2\/product\/8250\/revisions\/8252"}],"wp:featuredmedia":[{"embeddable":true,"href":"https:\/\/dev.monti.lt\/en\/wp-json\/wp\/v2\/media\/8251"}],"wp:attachment":[{"href":"https:\/\/dev.monti.lt\/en\/wp-json\/wp\/v2\/media?parent=8250"}],"wp:term":[{"taxonomy":"product_cat","embeddable":true,"href":"https:\/\/dev.monti.lt\/en\/wp-json\/wp\/v2\/product_cat?post=8250"},{"taxonomy":"product_tag","embeddable":true,"href":"https:\/\/dev.monti.lt\/en\/wp-json\/wp\/v2\/product_tag?post=8250"}],"curies":[{"name":"wp","href":"https:\/\/api.w.org\/{rel}","templated":true}]}}