{"id":8190,"date":"2022-05-23T06:59:07","date_gmt":"2022-05-23T06:59:07","guid":{"rendered":"https:\/\/dev.monti.lt\/?post_type=product&#038;p=8190"},"modified":"2024-09-24T12:18:39","modified_gmt":"2024-09-24T12:18:39","slug":"vezliukas-su-virvele-2","status":"publish","type":"product","link":"https:\/\/dev.monti.lt\/en\/product\/vezliukas-su-virvele-2\/","title":{"rendered":"V\u0117\u017eliukas su virvele"},"content":{"rendered":"<p>Smagus traukiamas u\u017e virvut\u0117s v\u0117\u017eliukas.<\/p>\n<p>Techniniai parametrai:<\/p>\n<ul>\n<li>Vaiko am\u017eius: 18m+<\/li>\n<li>R\u016b\u0161iuoklio matmenys: 19,5 cm x 9 cm x 12,5 cm<\/li>\n<li>Virvel\u0117s ilgis: 80 cm<\/li>\n<li>Pakuot\u0117s matmenys: 22,5 cm x 17,5 cm x 9,5 cm<\/li>\n<\/ul>\n<p>Prek\u0117 supakuota \u012f estetin\u0119 kartonin\u0119 pakuot\u0119.<\/p>","protected":false},"excerpt":{"rendered":"<p>Smagus traukiamas u\u017e virvut\u0117s v\u0117\u017eliukas. Techniniai parametrai: Vaiko am\u017eius: 18m+ R\u016b\u0161iuoklio matmenys: 19,5 cm x 9 cm x 12,5 cm Virvel\u0117s ilgis: 80 cm Pakuot\u0117s matmenys: 22,5 cm x 17,5 cm x 9,5 cm Prek\u0117 supakuota \u012f estetin\u0119 kartonin\u0119 pakuot\u0119.<\/p>","protected":false},"featured_media":8191,"template":"","meta":{"iawp_total_views":51},"product_cat":[82,84,102,90,49,39],"product_tag":[95,96],"class_list":{"0":"post-8190","1":"product","2":"type-product","3":"status-publish","4":"has-post-thumbnail","6":"product_cat-ispardavimas","7":"product_cat-lavinamieji-zaislai","8":"product_cat-mediniai-zaislai","9":"product_cat-pasaulio-pazinimas","10":"product_cat-visi-zaislai","11":"product_cat-zaislai","12":"product_tag-1-m-2-m","13":"product_tag-2-m-3-m","15":"first","16":"instock","17":"sale","18":"taxable","19":"shipping-taxable","20":"purchasable","21":"product-type-simple"},"yoast_head":"<!-- This site is optimized with the Yoast SEO plugin v23.3 - https:\/\/yoast.com\/wordpress\/plugins\/seo\/ -->\n<title>V\u0117\u017eliukas su virvele - Montessori \u017eaislai<\/title>\n<meta name=\"robots\" content=\"noindex, follow, max-snippet:-1, max-image-preview:large, max-video-preview:-1\" \/>\n<meta property=\"og:locale\" content=\"en_US\" \/>\n<meta property=\"og:type\" content=\"article\" \/>\n<meta property=\"og:title\" content=\"V\u0117\u017eliukas su virvele - Montessori \u017eaislai\" \/>\n<meta property=\"og:description\" content=\"Smagus traukiamas u\u017e virvut\u0117s v\u0117\u017eliukas. Techniniai parametrai: Vaiko am\u017eius: 18m+ R\u016b\u0161iuoklio matmenys: 19,5 cm x 9 cm x 12,5 cm Virvel\u0117s ilgis: 80 cm Pakuot\u0117s matmenys: 22,5 cm x 17,5 cm x 9,5 cm Prek\u0117 supakuota \u012f estetin\u0119 kartonin\u0119 pakuot\u0119.\" \/>\n<meta property=\"og:url\" content=\"https:\/\/dev.monti.lt\/en\/product\/vezliukas-su-virvele-2\/\" \/>\n<meta property=\"og:site_name\" content=\"Montessori \u017eaislai\" \/>\n<meta property=\"article:modified_time\" content=\"2024-09-24T12:18:39+00:00\" \/>\n<meta property=\"og:image\" content=\"https:\/\/dev.monti.lt\/wp-content\/uploads\/2022\/05\/KX543177034-2-scaled.jpg\" \/>\n\t<meta property=\"og:image:width\" content=\"2560\" \/>\n\t<meta property=\"og:image:height\" content=\"1898\" \/>\n\t<meta property=\"og:image:type\" content=\"image\/jpeg\" \/>\n<meta name=\"twitter:card\" content=\"summary_large_image\" \/>\n<meta name=\"twitter:label1\" content=\"Est. reading time\" \/>\n\t<meta name=\"twitter:data1\" content=\"1 minute\" \/>\n<script type=\"application\/ld+json\" class=\"yoast-schema-graph\">{\"@context\":\"https:\/\/schema.org\",\"@graph\":[{\"@type\":\"WebPage\",\"@id\":\"https:\/\/dev.monti.lt\/product\/vezliukas-su-virvele-2\/\",\"url\":\"https:\/\/dev.monti.lt\/product\/vezliukas-su-virvele-2\/\",\"name\":\"V\u0117\u017eliukas su virvele - Montessori \u017eaislai\",\"isPartOf\":{\"@id\":\"https:\/\/dev.monti.lt\/#website\"},\"primaryImageOfPage\":{\"@id\":\"https:\/\/dev.monti.lt\/product\/vezliukas-su-virvele-2\/#primaryimage\"},\"image\":{\"@id\":\"https:\/\/dev.monti.lt\/product\/vezliukas-su-virvele-2\/#primaryimage\"},\"thumbnailUrl\":\"https:\/\/dev.monti.lt\/wp-content\/uploads\/2022\/05\/KX543177034-2-scaled.jpg\",\"datePublished\":\"2022-05-23T06:59:07+00:00\",\"dateModified\":\"2024-09-24T12:18:39+00:00\",\"breadcrumb\":{\"@id\":\"https:\/\/dev.monti.lt\/product\/vezliukas-su-virvele-2\/#breadcrumb\"},\"inLanguage\":\"en-US\",\"potentialAction\":[{\"@type\":\"ReadAction\",\"target\":[\"https:\/\/dev.monti.lt\/product\/vezliukas-su-virvele-2\/\"]}]},{\"@type\":\"ImageObject\",\"inLanguage\":\"en-US\",\"@id\":\"https:\/\/dev.monti.lt\/product\/vezliukas-su-virvele-2\/#primaryimage\",\"url\":\"https:\/\/dev.monti.lt\/wp-content\/uploads\/2022\/05\/KX543177034-2-scaled.jpg\",\"contentUrl\":\"https:\/\/dev.monti.lt\/wp-content\/uploads\/2022\/05\/KX543177034-2-scaled.jpg\",\"width\":2560,\"height\":1898},{\"@type\":\"BreadcrumbList\",\"@id\":\"https:\/\/dev.monti.lt\/product\/vezliukas-su-virvele-2\/#breadcrumb\",\"itemListElement\":[{\"@type\":\"ListItem\",\"position\":1,\"name\":\"Home\",\"item\":\"https:\/\/dev.monti.lt\/\"},{\"@type\":\"ListItem\",\"position\":2,\"name\":\"Parduotuv\u0117\",\"item\":\"https:\/\/dev.monti.lt\/shop\/\"},{\"@type\":\"ListItem\",\"position\":3,\"name\":\"V\u0117\u017eliukas su virvele\"}]},{\"@type\":\"WebSite\",\"@id\":\"https:\/\/dev.monti.lt\/#website\",\"url\":\"https:\/\/dev.monti.lt\/\",\"name\":\"Montessori \u017eaislai\",\"description\":\"\",\"publisher\":{\"@id\":\"https:\/\/dev.monti.lt\/#organization\"},\"potentialAction\":[{\"@type\":\"SearchAction\",\"target\":{\"@type\":\"EntryPoint\",\"urlTemplate\":\"https:\/\/dev.monti.lt\/?s={search_term_string}\"},\"query-input\":\"required name=search_term_string\"}],\"inLanguage\":\"en-US\"},{\"@type\":\"Organization\",\"@id\":\"https:\/\/dev.monti.lt\/#organization\",\"name\":\"Montessori \u017eaislai\",\"url\":\"https:\/\/dev.monti.lt\/\",\"logo\":{\"@type\":\"ImageObject\",\"inLanguage\":\"en-US\",\"@id\":\"https:\/\/dev.monti.lt\/#\/schema\/logo\/image\/\",\"url\":\"https:\/\/dev.monti.lt\/wp-content\/uploads\/2022\/03\/montilogo-1.png\",\"contentUrl\":\"https:\/\/dev.monti.lt\/wp-content\/uploads\/2022\/03\/montilogo-1.png\",\"width\":512,\"height\":512,\"caption\":\"Montessori \u017eaislai\"},\"image\":{\"@id\":\"https:\/\/dev.monti.lt\/#\/schema\/logo\/image\/\"}}]}<\/script>\n<!-- \/ Yoast SEO plugin. -->","yoast_head_json":{"title":"V\u0117\u017eliukas su virvele - Montessori \u017eaislai","robots":{"index":"noindex","follow":"follow","max-snippet":"max-snippet:-1","max-image-preview":"max-image-preview:large","max-video-preview":"max-video-preview:-1"},"og_locale":"en_US","og_type":"article","og_title":"V\u0117\u017eliukas su virvele - Montessori \u017eaislai","og_description":"Smagus traukiamas u\u017e virvut\u0117s v\u0117\u017eliukas. Techniniai parametrai: Vaiko am\u017eius: 18m+ R\u016b\u0161iuoklio matmenys: 19,5 cm x 9 cm x 12,5 cm Virvel\u0117s ilgis: 80 cm Pakuot\u0117s matmenys: 22,5 cm x 17,5 cm x 9,5 cm Prek\u0117 supakuota \u012f estetin\u0119 kartonin\u0119 pakuot\u0119.","og_url":"https:\/\/dev.monti.lt\/en\/product\/vezliukas-su-virvele-2\/","og_site_name":"Montessori \u017eaislai","article_modified_time":"2024-09-24T12:18:39+00:00","og_image":[{"width":2560,"height":1898,"url":"https:\/\/dev.monti.lt\/wp-content\/uploads\/2022\/05\/KX543177034-2-scaled.jpg","type":"image\/jpeg"}],"twitter_card":"summary_large_image","twitter_misc":{"Est. reading time":"1 minute"},"schema":{"@context":"https:\/\/schema.org","@graph":[{"@type":"WebPage","@id":"https:\/\/dev.monti.lt\/product\/vezliukas-su-virvele-2\/","url":"https:\/\/dev.monti.lt\/product\/vezliukas-su-virvele-2\/","name":"V\u0117\u017eliukas su virvele - Montessori \u017eaislai","isPartOf":{"@id":"https:\/\/dev.monti.lt\/#website"},"primaryImageOfPage":{"@id":"https:\/\/dev.monti.lt\/product\/vezliukas-su-virvele-2\/#primaryimage"},"image":{"@id":"https:\/\/dev.monti.lt\/product\/vezliukas-su-virvele-2\/#primaryimage"},"thumbnailUrl":"https:\/\/dev.monti.lt\/wp-content\/uploads\/2022\/05\/KX543177034-2-scaled.jpg","datePublished":"2022-05-23T06:59:07+00:00","dateModified":"2024-09-24T12:18:39+00:00","breadcrumb":{"@id":"https:\/\/dev.monti.lt\/product\/vezliukas-su-virvele-2\/#breadcrumb"},"inLanguage":"en-US","potentialAction":[{"@type":"ReadAction","target":["https:\/\/dev.monti.lt\/product\/vezliukas-su-virvele-2\/"]}]},{"@type":"ImageObject","inLanguage":"en-US","@id":"https:\/\/dev.monti.lt\/product\/vezliukas-su-virvele-2\/#primaryimage","url":"https:\/\/dev.monti.lt\/wp-content\/uploads\/2022\/05\/KX543177034-2-scaled.jpg","contentUrl":"https:\/\/dev.monti.lt\/wp-content\/uploads\/2022\/05\/KX543177034-2-scaled.jpg","width":2560,"height":1898},{"@type":"BreadcrumbList","@id":"https:\/\/dev.monti.lt\/product\/vezliukas-su-virvele-2\/#breadcrumb","itemListElement":[{"@type":"ListItem","position":1,"name":"Home","item":"https:\/\/dev.monti.lt\/"},{"@type":"ListItem","position":2,"name":"Parduotuv\u0117","item":"https:\/\/dev.monti.lt\/shop\/"},{"@type":"ListItem","position":3,"name":"V\u0117\u017eliukas su virvele"}]},{"@type":"WebSite","@id":"https:\/\/dev.monti.lt\/#website","url":"https:\/\/dev.monti.lt\/","name":"Montessori \u017eaislai","description":"","publisher":{"@id":"https:\/\/dev.monti.lt\/#organization"},"potentialAction":[{"@type":"SearchAction","target":{"@type":"EntryPoint","urlTemplate":"https:\/\/dev.monti.lt\/?s={search_term_string}"},"query-input":"required name=search_term_string"}],"inLanguage":"en-US"},{"@type":"Organization","@id":"https:\/\/dev.monti.lt\/#organization","name":"Montessori \u017eaislai","url":"https:\/\/dev.monti.lt\/","logo":{"@type":"ImageObject","inLanguage":"en-US","@id":"https:\/\/dev.monti.lt\/#\/schema\/logo\/image\/","url":"https:\/\/dev.monti.lt\/wp-content\/uploads\/2022\/03\/montilogo-1.png","contentUrl":"https:\/\/dev.monti.lt\/wp-content\/uploads\/2022\/03\/montilogo-1.png","width":512,"height":512,"caption":"Montessori \u017eaislai"},"image":{"@id":"https:\/\/dev.monti.lt\/#\/schema\/logo\/image\/"}}]}},"_links":{"self":[{"href":"https:\/\/dev.monti.lt\/en\/wp-json\/wp\/v2\/product\/8190"}],"collection":[{"href":"https:\/\/dev.monti.lt\/en\/wp-json\/wp\/v2\/product"}],"about":[{"href":"https:\/\/dev.monti.lt\/en\/wp-json\/wp\/v2\/types\/product"}],"version-history":[{"count":1,"href":"https:\/\/dev.monti.lt\/en\/wp-json\/wp\/v2\/product\/8190\/revisions"}],"predecessor-version":[{"id":8192,"href":"https:\/\/dev.monti.lt\/en\/wp-json\/wp\/v2\/product\/8190\/revisions\/8192"}],"wp:featuredmedia":[{"embeddable":true,"href":"https:\/\/dev.monti.lt\/en\/wp-json\/wp\/v2\/media\/8191"}],"wp:attachment":[{"href":"https:\/\/dev.monti.lt\/en\/wp-json\/wp\/v2\/media?parent=8190"}],"wp:term":[{"taxonomy":"product_cat","embeddable":true,"href":"https:\/\/dev.monti.lt\/en\/wp-json\/wp\/v2\/product_cat?post=8190"},{"taxonomy":"product_tag","embeddable":true,"href":"https:\/\/dev.monti.lt\/en\/wp-json\/wp\/v2\/product_tag?post=8190"}],"curies":[{"name":"wp","href":"https:\/\/api.w.org\/{rel}","templated":true}]}}