{"id":8159,"date":"2022-05-19T11:08:05","date_gmt":"2022-05-19T11:08:05","guid":{"rendered":"https:\/\/dev.monti.lt\/?post_type=product&#038;p=8159"},"modified":"2024-10-03T07:29:46","modified_gmt":"2024-10-03T07:29:46","slug":"montessori-balansine-lenta","status":"publish","type":"product","link":"https:\/\/dev.monti.lt\/en\/product\/montessori-balansine-lenta\/","title":{"rendered":"Montessori balansin\u0117 lenta"},"content":{"rendered":"<p><b><span class=\"\">BALANSAVIMO LENTA<\/span><\/b><\/p>\n<p style=\"font-weight: 400;\"><strong>BALANSIN\u0116 LENTA<\/strong><\/p>\n<p style=\"font-weight: 400;\">Medin\u0117 balansin\u0117 lenta, atitinkanti Montessori principus. I\u0161 \u0161ono pa\u017ei\u016br\u0117jus atrodo labai paprasta, bet i\u0161 tikr\u0173j\u0173 daugiafunkcin\u0117: galima suptis atsistojus, atsigulus taip pat galima panaudoti j\u0105 kaip \u017eaislini\u0173 automobili\u0173 tr\u0105s\u0105. Apvertus kita puse, galima panaudoti kaip k\u0117dut\u0119. Bet svarbiausia, kad tai puikus balansinis \u017eaidimas padedantis vaiko vystymuisi!<\/p>\n<p style=\"font-weight: 400;\">Lenta pagaminta i\u0161 patvarios medienos.\u00a0Lentos dugnas padengtas veltiniu, tai leis apsaugoti net ir jautrias grindis nuo subrai\u017eym\u0173!<\/p>\n<p>I\u0161matavimai: 82cm x 30cm x 2cm<\/p>","protected":false},"excerpt":{"rendered":"<p>BALANSAVIMO LENTA BALANSIN\u0116 LENTA Medin\u0117 balansin\u0117 lenta, atitinkanti Montessori principus. I\u0161 \u0161ono pa\u017ei\u016br\u0117jus atrodo labai paprasta, bet i\u0161 tikr\u0173j\u0173 daugiafunkcin\u0117: galima suptis atsistojus, atsigulus taip pat galima panaudoti j\u0105 kaip \u017eaislini\u0173 automobili\u0173 tr\u0105s\u0105. Apvertus kita puse, galima panaudoti kaip k\u0117dut\u0119. Bet svarbiausia, kad tai puikus balansinis \u017eaidimas padedantis vaiko vystymuisi! Lenta pagaminta i\u0161 patvarios medienos.\u00a0Lentos [&hellip;]<\/p>","protected":false},"featured_media":8160,"template":"","meta":{"iawp_total_views":123},"product_cat":[194,195,197,196,191,192,84,102,83,90,50,49,39],"product_tag":[95,96,97,98,99],"class_list":{"0":"post-8159","1":"product","2":"type-product","3":"status-publish","4":"has-post-thumbnail","6":"product_cat-dovanos-vaikams-2-3-metu","7":"product_cat-dovanos-vaikams-3-4-metu","8":"product_cat-dovanos-berniukams","9":"product_cat-dovanos-mergaitems","10":"product_cat-dovanos-vaikams","11":"product_cat-kaledines-dovanos-vaikams","12":"product_cat-lavinamieji-zaislai","13":"product_cat-mediniai-zaislai","14":"product_cat-montessori-zaislai","15":"product_cat-pasaulio-pazinimas","16":"product_cat-top-dovanos","17":"product_cat-visi-zaislai","18":"product_cat-zaislai","19":"product_tag-1-m-2-m","20":"product_tag-2-m-3-m","21":"product_tag-3-m-4-m","22":"product_tag-5-m-7-m","23":"product_tag-8-m-11-m","25":"first","26":"instock","27":"sale","28":"taxable","29":"shipping-taxable","30":"purchasable","31":"product-type-simple"},"yoast_head":"<!-- This site is optimized with the Yoast SEO plugin v23.3 - https:\/\/yoast.com\/wordpress\/plugins\/seo\/ -->\n<title>Montessori balansin\u0117 lenta - Montessori \u017eaislai<\/title>\n<meta name=\"robots\" content=\"noindex, follow, max-snippet:-1, max-image-preview:large, max-video-preview:-1\" \/>\n<meta property=\"og:locale\" content=\"en_US\" \/>\n<meta property=\"og:type\" content=\"article\" \/>\n<meta property=\"og:title\" content=\"Montessori balansin\u0117 lenta - Montessori \u017eaislai\" \/>\n<meta property=\"og:description\" content=\"BALANSAVIMO LENTA BALANSIN\u0116 LENTA Medin\u0117 balansin\u0117 lenta, atitinkanti Montessori principus. I\u0161 \u0161ono pa\u017ei\u016br\u0117jus atrodo labai paprasta, bet i\u0161 tikr\u0173j\u0173 daugiafunkcin\u0117: galima suptis atsistojus, atsigulus taip pat galima panaudoti j\u0105 kaip \u017eaislini\u0173 automobili\u0173 tr\u0105s\u0105. Apvertus kita puse, galima panaudoti kaip k\u0117dut\u0119. Bet svarbiausia, kad tai puikus balansinis \u017eaidimas padedantis vaiko vystymuisi! Lenta pagaminta i\u0161 patvarios medienos.\u00a0Lentos [&hellip;]\" \/>\n<meta property=\"og:url\" content=\"https:\/\/dev.monti.lt\/en\/product\/montessori-balansine-lenta\/\" \/>\n<meta property=\"og:site_name\" content=\"Montessori \u017eaislai\" \/>\n<meta property=\"article:modified_time\" content=\"2024-10-03T07:29:46+00:00\" \/>\n<meta property=\"og:image\" content=\"https:\/\/dev.monti.lt\/wp-content\/uploads\/2022\/05\/KX5417_177091.jpg\" \/>\n\t<meta property=\"og:image:width\" content=\"800\" \/>\n\t<meta property=\"og:image:height\" content=\"800\" \/>\n\t<meta property=\"og:image:type\" content=\"image\/jpeg\" \/>\n<meta name=\"twitter:card\" content=\"summary_large_image\" \/>\n<meta name=\"twitter:label1\" content=\"Est. reading time\" \/>\n\t<meta name=\"twitter:data1\" content=\"1 minute\" \/>\n<script type=\"application\/ld+json\" class=\"yoast-schema-graph\">{\"@context\":\"https:\/\/schema.org\",\"@graph\":[{\"@type\":\"WebPage\",\"@id\":\"https:\/\/dev.monti.lt\/product\/montessori-balansine-lenta\/\",\"url\":\"https:\/\/dev.monti.lt\/product\/montessori-balansine-lenta\/\",\"name\":\"Montessori balansin\u0117 lenta - Montessori \u017eaislai\",\"isPartOf\":{\"@id\":\"https:\/\/dev.monti.lt\/#website\"},\"primaryImageOfPage\":{\"@id\":\"https:\/\/dev.monti.lt\/product\/montessori-balansine-lenta\/#primaryimage\"},\"image\":{\"@id\":\"https:\/\/dev.monti.lt\/product\/montessori-balansine-lenta\/#primaryimage\"},\"thumbnailUrl\":\"https:\/\/dev.monti.lt\/wp-content\/uploads\/2022\/05\/KX5417_177091.jpg\",\"datePublished\":\"2022-05-19T11:08:05+00:00\",\"dateModified\":\"2024-10-03T07:29:46+00:00\",\"breadcrumb\":{\"@id\":\"https:\/\/dev.monti.lt\/product\/montessori-balansine-lenta\/#breadcrumb\"},\"inLanguage\":\"en-US\",\"potentialAction\":[{\"@type\":\"ReadAction\",\"target\":[\"https:\/\/dev.monti.lt\/product\/montessori-balansine-lenta\/\"]}]},{\"@type\":\"ImageObject\",\"inLanguage\":\"en-US\",\"@id\":\"https:\/\/dev.monti.lt\/product\/montessori-balansine-lenta\/#primaryimage\",\"url\":\"https:\/\/dev.monti.lt\/wp-content\/uploads\/2022\/05\/KX5417_177091.jpg\",\"contentUrl\":\"https:\/\/dev.monti.lt\/wp-content\/uploads\/2022\/05\/KX5417_177091.jpg\",\"width\":800,\"height\":800,\"caption\":\"Lavinamoji balansin\u0117 lenta\"},{\"@type\":\"BreadcrumbList\",\"@id\":\"https:\/\/dev.monti.lt\/product\/montessori-balansine-lenta\/#breadcrumb\",\"itemListElement\":[{\"@type\":\"ListItem\",\"position\":1,\"name\":\"Home\",\"item\":\"https:\/\/dev.monti.lt\/\"},{\"@type\":\"ListItem\",\"position\":2,\"name\":\"Parduotuv\u0117\",\"item\":\"https:\/\/dev.monti.lt\/shop\/\"},{\"@type\":\"ListItem\",\"position\":3,\"name\":\"Montessori balansin\u0117 lenta\"}]},{\"@type\":\"WebSite\",\"@id\":\"https:\/\/dev.monti.lt\/#website\",\"url\":\"https:\/\/dev.monti.lt\/\",\"name\":\"Montessori \u017eaislai\",\"description\":\"\",\"publisher\":{\"@id\":\"https:\/\/dev.monti.lt\/#organization\"},\"potentialAction\":[{\"@type\":\"SearchAction\",\"target\":{\"@type\":\"EntryPoint\",\"urlTemplate\":\"https:\/\/dev.monti.lt\/?s={search_term_string}\"},\"query-input\":\"required name=search_term_string\"}],\"inLanguage\":\"en-US\"},{\"@type\":\"Organization\",\"@id\":\"https:\/\/dev.monti.lt\/#organization\",\"name\":\"Montessori \u017eaislai\",\"url\":\"https:\/\/dev.monti.lt\/\",\"logo\":{\"@type\":\"ImageObject\",\"inLanguage\":\"en-US\",\"@id\":\"https:\/\/dev.monti.lt\/#\/schema\/logo\/image\/\",\"url\":\"https:\/\/dev.monti.lt\/wp-content\/uploads\/2022\/03\/montilogo-1.png\",\"contentUrl\":\"https:\/\/dev.monti.lt\/wp-content\/uploads\/2022\/03\/montilogo-1.png\",\"width\":512,\"height\":512,\"caption\":\"Montessori \u017eaislai\"},\"image\":{\"@id\":\"https:\/\/dev.monti.lt\/#\/schema\/logo\/image\/\"}}]}<\/script>\n<!-- \/ Yoast SEO plugin. -->","yoast_head_json":{"title":"Montessori balansin\u0117 lenta - Montessori \u017eaislai","robots":{"index":"noindex","follow":"follow","max-snippet":"max-snippet:-1","max-image-preview":"max-image-preview:large","max-video-preview":"max-video-preview:-1"},"og_locale":"en_US","og_type":"article","og_title":"Montessori balansin\u0117 lenta - Montessori \u017eaislai","og_description":"BALANSAVIMO LENTA BALANSIN\u0116 LENTA Medin\u0117 balansin\u0117 lenta, atitinkanti Montessori principus. I\u0161 \u0161ono pa\u017ei\u016br\u0117jus atrodo labai paprasta, bet i\u0161 tikr\u0173j\u0173 daugiafunkcin\u0117: galima suptis atsistojus, atsigulus taip pat galima panaudoti j\u0105 kaip \u017eaislini\u0173 automobili\u0173 tr\u0105s\u0105. Apvertus kita puse, galima panaudoti kaip k\u0117dut\u0119. Bet svarbiausia, kad tai puikus balansinis \u017eaidimas padedantis vaiko vystymuisi! Lenta pagaminta i\u0161 patvarios medienos.\u00a0Lentos [&hellip;]","og_url":"https:\/\/dev.monti.lt\/en\/product\/montessori-balansine-lenta\/","og_site_name":"Montessori \u017eaislai","article_modified_time":"2024-10-03T07:29:46+00:00","og_image":[{"width":800,"height":800,"url":"https:\/\/dev.monti.lt\/wp-content\/uploads\/2022\/05\/KX5417_177091.jpg","type":"image\/jpeg"}],"twitter_card":"summary_large_image","twitter_misc":{"Est. reading time":"1 minute"},"schema":{"@context":"https:\/\/schema.org","@graph":[{"@type":"WebPage","@id":"https:\/\/dev.monti.lt\/product\/montessori-balansine-lenta\/","url":"https:\/\/dev.monti.lt\/product\/montessori-balansine-lenta\/","name":"Montessori balansin\u0117 lenta - Montessori \u017eaislai","isPartOf":{"@id":"https:\/\/dev.monti.lt\/#website"},"primaryImageOfPage":{"@id":"https:\/\/dev.monti.lt\/product\/montessori-balansine-lenta\/#primaryimage"},"image":{"@id":"https:\/\/dev.monti.lt\/product\/montessori-balansine-lenta\/#primaryimage"},"thumbnailUrl":"https:\/\/dev.monti.lt\/wp-content\/uploads\/2022\/05\/KX5417_177091.jpg","datePublished":"2022-05-19T11:08:05+00:00","dateModified":"2024-10-03T07:29:46+00:00","breadcrumb":{"@id":"https:\/\/dev.monti.lt\/product\/montessori-balansine-lenta\/#breadcrumb"},"inLanguage":"en-US","potentialAction":[{"@type":"ReadAction","target":["https:\/\/dev.monti.lt\/product\/montessori-balansine-lenta\/"]}]},{"@type":"ImageObject","inLanguage":"en-US","@id":"https:\/\/dev.monti.lt\/product\/montessori-balansine-lenta\/#primaryimage","url":"https:\/\/dev.monti.lt\/wp-content\/uploads\/2022\/05\/KX5417_177091.jpg","contentUrl":"https:\/\/dev.monti.lt\/wp-content\/uploads\/2022\/05\/KX5417_177091.jpg","width":800,"height":800,"caption":"Lavinamoji balansin\u0117 lenta"},{"@type":"BreadcrumbList","@id":"https:\/\/dev.monti.lt\/product\/montessori-balansine-lenta\/#breadcrumb","itemListElement":[{"@type":"ListItem","position":1,"name":"Home","item":"https:\/\/dev.monti.lt\/"},{"@type":"ListItem","position":2,"name":"Parduotuv\u0117","item":"https:\/\/dev.monti.lt\/shop\/"},{"@type":"ListItem","position":3,"name":"Montessori balansin\u0117 lenta"}]},{"@type":"WebSite","@id":"https:\/\/dev.monti.lt\/#website","url":"https:\/\/dev.monti.lt\/","name":"Montessori \u017eaislai","description":"","publisher":{"@id":"https:\/\/dev.monti.lt\/#organization"},"potentialAction":[{"@type":"SearchAction","target":{"@type":"EntryPoint","urlTemplate":"https:\/\/dev.monti.lt\/?s={search_term_string}"},"query-input":"required name=search_term_string"}],"inLanguage":"en-US"},{"@type":"Organization","@id":"https:\/\/dev.monti.lt\/#organization","name":"Montessori \u017eaislai","url":"https:\/\/dev.monti.lt\/","logo":{"@type":"ImageObject","inLanguage":"en-US","@id":"https:\/\/dev.monti.lt\/#\/schema\/logo\/image\/","url":"https:\/\/dev.monti.lt\/wp-content\/uploads\/2022\/03\/montilogo-1.png","contentUrl":"https:\/\/dev.monti.lt\/wp-content\/uploads\/2022\/03\/montilogo-1.png","width":512,"height":512,"caption":"Montessori \u017eaislai"},"image":{"@id":"https:\/\/dev.monti.lt\/#\/schema\/logo\/image\/"}}]}},"_links":{"self":[{"href":"https:\/\/dev.monti.lt\/en\/wp-json\/wp\/v2\/product\/8159"}],"collection":[{"href":"https:\/\/dev.monti.lt\/en\/wp-json\/wp\/v2\/product"}],"about":[{"href":"https:\/\/dev.monti.lt\/en\/wp-json\/wp\/v2\/types\/product"}],"version-history":[{"count":6,"href":"https:\/\/dev.monti.lt\/en\/wp-json\/wp\/v2\/product\/8159\/revisions"}],"predecessor-version":[{"id":17066,"href":"https:\/\/dev.monti.lt\/en\/wp-json\/wp\/v2\/product\/8159\/revisions\/17066"}],"wp:featuredmedia":[{"embeddable":true,"href":"https:\/\/dev.monti.lt\/en\/wp-json\/wp\/v2\/media\/8160"}],"wp:attachment":[{"href":"https:\/\/dev.monti.lt\/en\/wp-json\/wp\/v2\/media?parent=8159"}],"wp:term":[{"taxonomy":"product_cat","embeddable":true,"href":"https:\/\/dev.monti.lt\/en\/wp-json\/wp\/v2\/product_cat?post=8159"},{"taxonomy":"product_tag","embeddable":true,"href":"https:\/\/dev.monti.lt\/en\/wp-json\/wp\/v2\/product_tag?post=8159"}],"curies":[{"name":"wp","href":"https:\/\/api.w.org\/{rel}","templated":true}]}}