{"id":8095,"date":"2022-05-16T19:29:13","date_gmt":"2022-05-16T19:29:13","guid":{"rendered":"https:\/\/dev.monti.lt\/?post_type=product&#038;p=8095"},"modified":"2024-10-03T07:25:27","modified_gmt":"2024-10-03T07:25:27","slug":"magnetinis-zaidimas-su-kirmeliukais-paukstis","status":"publish","type":"product","link":"https:\/\/dev.monti.lt\/en\/product\/magnetinis-zaidimas-su-kirmeliukais-paukstis\/","title":{"rendered":"Magnetinis \u017eaidimas su kirm\u0117liukais &#8220;pauk\u0161tis&#8221;"},"content":{"rendered":"<p><strong>Med\u017eiui skubiai reikia pagalbos! <\/strong>Ka\u017ekas turi j\u012f i\u0161valyti nuo kirmin\u0173!<\/p>\n<p>Nedelsiant reikia i\u0161kviesti gydytoj\u0105 gent\u012f! Tai neapsieis be j\u016bs\u0173 vaiko pagalbos!<\/p>\n<p>\u0160is magnetinis \u017eaidimas <strong>kirminuk\u0173 gaudymui su pauk\u0161\u010diu<\/strong>\u00a0!<\/p>\n<p>I\u0161traukus kirminukus, galite pamaitinti atidarytu snapeliu laukiant\u012f jaunikl\u012f!<\/p>\n<p>R<strong>y\u0161kios spalvos<\/strong> tikrai pritrauks ma\u017eylio d\u0117mes\u012f ir paskatins j\u012f \u017eaisti!<\/p>\n<p>Prie\u0161ingai nei atrodo, pagauti kirmin\u0105 nebus taip paprasta, kaip gali atrodyti! <strong>Tam prireiks daug kantryb\u0117s ir tikslumo!\u00a0<\/strong><\/p>\n<p>\u017daislas puikiai tiks kaip mokomoji med\u017eiaga! Leis\u00a0<strong>paskatinti vaiko dom\u0117jim\u0105si pauk\u0161\u010diais ir gamtos pasauliu<\/strong> , o tai bus geras pagrindas ugdant aplinkosaugin\u012f s\u0105moningum\u0105 nuo pat ma\u017eens!<\/p>\n<p><strong>\u017daislas\u00a0Gerina aki\u0173-rank\u0173 koordinacij\u0105, tikslum\u0105 ir kitus motorinius \u012fg\u016bd\u017eius<\/strong> , ypa\u010d daug d\u0117mesio skiriant smulkiajai motorikai!<\/p>\n<p>Naudojamos med\u017eiagos itin patvarios, tod\u0117l kartu gali atlaikyti daugyb\u0119 linksmybi\u0173 valand\u0173!<\/p>\n<p><span style=\"font-family: Tahoma; font-size: large;\"><strong>\u00a0Komplekto turinys:<\/strong><\/span><\/p>\n<ul>\n<li><span style=\"font-family: Tahoma; font-size: large;\">12x magnetiniai kirminai<\/span><\/li>\n<li><span style=\"font-family: Tahoma; font-size: large;\">1x medis<\/span><\/li>\n<li><span style=\"font-family: Tahoma; font-size: large;\">1x genys<\/span><\/li>\n<\/ul>\n<p><span style=\"font-family: Tahoma; font-size: large;\"><strong>Med\u017eiaga:<\/strong> plastikas<\/span><\/p>\n<p><span style=\"font-family: Tahoma; font-size: large;\"><strong>Vaiko am\u017eius:<\/strong> 3+<\/span><\/p>\n<p><span style=\"font-family: Tahoma; font-size: large;\"><strong>Matmenys<\/strong> :<\/span><\/p>\n<ul>\n<li><span style=\"font-family: Tahoma; font-size: large;\"><strong>Medis:<\/strong> 10 cm x 8,5 cm x 18,5 cm<\/span><\/li>\n<li><span style=\"font-family: Tahoma; font-size: large;\"><strong>Dydis :<\/strong> 14cm x 5cm x 9,5cm<\/span><\/li>\n<li><span style=\"font-family: Tahoma; font-size: large;\"><strong>Slieko ilgis: 4,5<\/strong> cm<\/span><\/li>\n<\/ul>\n<p><span style=\"font-family: Tahoma; font-size: large;\"><strong>Pakuot\u0117s matmenys:<\/strong> 20cm x 17,5cm x 12cm<\/span><\/p>","protected":false},"excerpt":{"rendered":"<p><strong>Med\u017eiui skubiai reikia pagalbos! <\/strong>Ka\u017ekas turi j\u012f i\u0161valyti nuo kirmin\u0173!<\/p>\n<p>Nedelsiant reikia i\u0161kviesti gydytoj\u0105 gent\u012f! Tai neapsieis be j\u016bs\u0173 vaiko pagalbos!<\/p>\n<p>\u0160is magnetinis \u017eaidimas <strong>kirminuk\u0173 gaudymui su pauk\u0161\u010diu<\/strong>\u00a0!<\/p>\n<p>I\u0161traukus kirminukus, galite pamaitinti atidarytu snapeliu laukiant\u012f jaunikl\u012f!<\/p>\n<p>R<strong>y\u0161kios spalvos<\/strong> tikrai pritrauks ma\u017eylio d\u0117mes\u012f ir paskatins j\u012f \u017eaisti!<\/p>\n<p>Prie\u0161ingai nei atrodo, pagauti kirmin\u0105 nebus taip paprasta, kaip gali atrodyti! <strong>Tam prireiks daug kantryb\u0117s ir tikslumo!\u00a0<\/strong><\/p>\n<p>\u017daislas puikiai tiks kaip mokomoji med\u017eiaga! Leis\u00a0<strong>paskatinti vaiko dom\u0117jim\u0105si pauk\u0161\u010diais ir gamtos pasauliu<\/strong> , o tai bus geras pagrindas ugdant aplinkosaugin\u012f s\u0105moningum\u0105 nuo pat ma\u017eens!<\/p>\n<p><strong>\u017daislas\u00a0Gerina aki\u0173-rank\u0173 koordinacij\u0105, tikslum\u0105 ir kitus motorinius \u012fg\u016bd\u017eius<\/strong> , ypa\u010d daug d\u0117mesio skiriant smulkiajai motorikai!<\/p>\n<p>Naudojamos med\u017eiagos itin patvarios, tod\u0117l kartu gali atlaikyti daugyb\u0119 linksmybi\u0173 valand\u0173!<\/p>\n<p><span style=\"font-family: Tahoma; font-size: large;\"><strong>\u00a0Komplekto turinys:<\/strong><\/span><\/p>\n<ul>\n<li><span style=\"font-family: Tahoma; font-size: large;\">12x magnetiniai kirminai<\/span><\/li>\n<li><span style=\"font-family: Tahoma; font-size: large;\">1x medis<\/span><\/li>\n<li><span style=\"font-family: Tahoma; font-size: large;\">1x genys<\/span><\/li>\n<\/ul>\n<p><span style=\"font-family: Tahoma; font-size: large;\"><strong>Med\u017eiaga:<\/strong> plastikas<\/span><\/p>\n<p><span style=\"font-family: Tahoma; font-size: large;\"><strong>Vaiko am\u017eius:<\/strong> 3+<\/span><\/p>\n<p><span style=\"font-family: Tahoma; font-size: large;\"><strong>Matmenys<\/strong> :<\/span><\/p>\n<ul>\n<li><span style=\"font-family: Tahoma; font-size: large;\"><strong>Medis:<\/strong> 10 cm x 8,5 cm x 18,5 cm<\/span><\/li>\n<li><span style=\"font-family: Tahoma; font-size: large;\"><strong>Dydis :<\/strong> 14cm x 5cm x 9,5cm<\/span><\/li>\n<li><span style=\"font-family: Tahoma; font-size: large;\"><strong>Slieko ilgis: 4,5<\/strong> cm<\/span><\/li>\n<\/ul>\n<p><span style=\"font-family: Tahoma; font-size: large;\"><strong>Pakuot\u0117s matmenys:<\/strong> 20cm x 17,5cm x 12cm<\/span><\/p>","protected":false},"featured_media":8096,"template":"","meta":{"iawp_total_views":221},"product_cat":[218,82,84,90,86,49,39],"product_tag":[96,97,98],"class_list":{"0":"post-8095","1":"product","2":"type-product","3":"status-publish","4":"has-post-thumbnail","6":"product_cat-darzeliu-grupems","7":"product_cat-ispardavimas","8":"product_cat-lavinamieji-zaislai","9":"product_cat-pasaulio-pazinimas","10":"product_cat-smulkioji-motorika","11":"product_cat-visi-zaislai","12":"product_cat-zaislai","13":"product_tag-2-m-3-m","14":"product_tag-3-m-4-m","15":"product_tag-5-m-7-m","17":"first","18":"instock","19":"sale","20":"taxable","21":"shipping-taxable","22":"purchasable","23":"product-type-simple"},"yoast_head":"<!-- This site is optimized with the Yoast SEO plugin v23.3 - https:\/\/yoast.com\/wordpress\/plugins\/seo\/ -->\n<title>Magnetinis \u017eaidimas su kirm\u0117liukais &quot;pauk\u0161tis&quot; - Montessori \u017eaislai<\/title>\n<meta name=\"robots\" content=\"noindex, follow, max-snippet:-1, max-image-preview:large, max-video-preview:-1\" \/>\n<meta property=\"og:locale\" content=\"en_US\" \/>\n<meta property=\"og:type\" content=\"article\" \/>\n<meta property=\"og:title\" content=\"Magnetinis \u017eaidimas su kirm\u0117liukais &quot;pauk\u0161tis&quot; - Montessori \u017eaislai\" \/>\n<meta property=\"og:description\" content=\"Med\u017eiui skubiai reikia pagalbos! Ka\u017ekas turi j\u012f i\u0161valyti nuo kirmin\u0173!  Nedelsiant reikia i\u0161kviesti gydytoj\u0105 gent\u012f! Tai neapsieis be j\u016bs\u0173 vaiko pagalbos!  \u0160is magnetinis \u017eaidimas kirminuk\u0173 gaudymui su pauk\u0161\u010diu\u00a0!  I\u0161traukus kirminukus, galite pamaitinti atidarytu snapeliu laukiant\u012f jaunikl\u012f!  Ry\u0161kios spalvos tikrai pritrauks ma\u017eylio d\u0117mes\u012f ir paskatins j\u012f \u017eaisti!  Prie\u0161ingai nei atrodo, pagauti kirmin\u0105 nebus taip paprasta, kaip gali atrodyti! Tam prireiks daug kantryb\u0117s ir tikslumo!\u00a0  \u017daislas puikiai tiks kaip mokomoji med\u017eiaga! Leis\u00a0paskatinti vaiko dom\u0117jim\u0105si pauk\u0161\u010diais ir gamtos pasauliu , o tai bus geras pagrindas ugdant aplinkosaugin\u012f s\u0105moningum\u0105 nuo pat ma\u017eens!  \u017daislas\u00a0Gerina aki\u0173-rank\u0173 koordinacij\u0105, tikslum\u0105 ir kitus motorinius \u012fg\u016bd\u017eius , ypa\u010d daug d\u0117mesio skiriant smulkiajai motorikai!  Naudojamos med\u017eiagos itin patvarios, tod\u0117l kartu gali atlaikyti daugyb\u0119 linksmybi\u0173 valand\u0173!  \u00a0Komplekto turinys:   12x magnetiniai kirminai  1x medis  1x genys  Med\u017eiaga: plastikas  Vaiko am\u017eius: 3+  Matmenys :   Medis: 10 cm x 8,5 cm x 18,5 cm  Dydis : 14cm x 5cm x 9,5cm  Slieko ilgis: 4,5 cm  Pakuot\u0117s matmenys: 20cm x 17,5cm x 12cm\" \/>\n<meta property=\"og:url\" content=\"https:\/\/dev.monti.lt\/en\/product\/magnetinis-zaidimas-su-kirmeliukais-paukstis\/\" \/>\n<meta property=\"og:site_name\" content=\"Montessori \u017eaislai\" \/>\n<meta property=\"article:modified_time\" content=\"2024-10-03T07:25:27+00:00\" \/>\n<meta property=\"og:image\" content=\"https:\/\/dev.monti.lt\/wp-content\/uploads\/2022\/05\/KX543078085.jpg\" \/>\n\t<meta property=\"og:image:width\" content=\"1024\" \/>\n\t<meta property=\"og:image:height\" content=\"768\" \/>\n\t<meta property=\"og:image:type\" content=\"image\/jpeg\" \/>\n<meta name=\"twitter:card\" content=\"summary_large_image\" \/>\n<meta name=\"twitter:label1\" content=\"Est. reading time\" \/>\n\t<meta name=\"twitter:data1\" content=\"1 minute\" \/>\n<script type=\"application\/ld+json\" class=\"yoast-schema-graph\">{\"@context\":\"https:\/\/schema.org\",\"@graph\":[{\"@type\":\"WebPage\",\"@id\":\"https:\/\/dev.monti.lt\/product\/magnetinis-zaidimas-su-kirmeliukais-paukstis\/\",\"url\":\"https:\/\/dev.monti.lt\/product\/magnetinis-zaidimas-su-kirmeliukais-paukstis\/\",\"name\":\"Magnetinis \u017eaidimas su kirm\u0117liukais \\\"pauk\u0161tis\\\" - Montessori \u017eaislai\",\"isPartOf\":{\"@id\":\"https:\/\/dev.monti.lt\/#website\"},\"primaryImageOfPage\":{\"@id\":\"https:\/\/dev.monti.lt\/product\/magnetinis-zaidimas-su-kirmeliukais-paukstis\/#primaryimage\"},\"image\":{\"@id\":\"https:\/\/dev.monti.lt\/product\/magnetinis-zaidimas-su-kirmeliukais-paukstis\/#primaryimage\"},\"thumbnailUrl\":\"https:\/\/dev.monti.lt\/wp-content\/uploads\/2022\/05\/KX543078085.jpg\",\"datePublished\":\"2022-05-16T19:29:13+00:00\",\"dateModified\":\"2024-10-03T07:25:27+00:00\",\"breadcrumb\":{\"@id\":\"https:\/\/dev.monti.lt\/product\/magnetinis-zaidimas-su-kirmeliukais-paukstis\/#breadcrumb\"},\"inLanguage\":\"en-US\",\"potentialAction\":[{\"@type\":\"ReadAction\",\"target\":[\"https:\/\/dev.monti.lt\/product\/magnetinis-zaidimas-su-kirmeliukais-paukstis\/\"]}]},{\"@type\":\"ImageObject\",\"inLanguage\":\"en-US\",\"@id\":\"https:\/\/dev.monti.lt\/product\/magnetinis-zaidimas-su-kirmeliukais-paukstis\/#primaryimage\",\"url\":\"https:\/\/dev.monti.lt\/wp-content\/uploads\/2022\/05\/KX543078085.jpg\",\"contentUrl\":\"https:\/\/dev.monti.lt\/wp-content\/uploads\/2022\/05\/KX543078085.jpg\",\"width\":1024,\"height\":768,\"caption\":\"pauk\u0161tis kirm\u0117liuk\u0173 \u017evejybas\"},{\"@type\":\"BreadcrumbList\",\"@id\":\"https:\/\/dev.monti.lt\/product\/magnetinis-zaidimas-su-kirmeliukais-paukstis\/#breadcrumb\",\"itemListElement\":[{\"@type\":\"ListItem\",\"position\":1,\"name\":\"Home\",\"item\":\"https:\/\/dev.monti.lt\/\"},{\"@type\":\"ListItem\",\"position\":2,\"name\":\"Parduotuv\u0117\",\"item\":\"https:\/\/dev.monti.lt\/shop\/\"},{\"@type\":\"ListItem\",\"position\":3,\"name\":\"Magnetinis \u017eaidimas su kirm\u0117liukais &#8220;pauk\u0161tis&#8221;\"}]},{\"@type\":\"WebSite\",\"@id\":\"https:\/\/dev.monti.lt\/#website\",\"url\":\"https:\/\/dev.monti.lt\/\",\"name\":\"Montessori \u017eaislai\",\"description\":\"\",\"publisher\":{\"@id\":\"https:\/\/dev.monti.lt\/#organization\"},\"potentialAction\":[{\"@type\":\"SearchAction\",\"target\":{\"@type\":\"EntryPoint\",\"urlTemplate\":\"https:\/\/dev.monti.lt\/?s={search_term_string}\"},\"query-input\":\"required name=search_term_string\"}],\"inLanguage\":\"en-US\"},{\"@type\":\"Organization\",\"@id\":\"https:\/\/dev.monti.lt\/#organization\",\"name\":\"Montessori \u017eaislai\",\"url\":\"https:\/\/dev.monti.lt\/\",\"logo\":{\"@type\":\"ImageObject\",\"inLanguage\":\"en-US\",\"@id\":\"https:\/\/dev.monti.lt\/#\/schema\/logo\/image\/\",\"url\":\"https:\/\/dev.monti.lt\/wp-content\/uploads\/2022\/03\/montilogo-1.png\",\"contentUrl\":\"https:\/\/dev.monti.lt\/wp-content\/uploads\/2022\/03\/montilogo-1.png\",\"width\":512,\"height\":512,\"caption\":\"Montessori \u017eaislai\"},\"image\":{\"@id\":\"https:\/\/dev.monti.lt\/#\/schema\/logo\/image\/\"}}]}<\/script>\n<!-- \/ Yoast SEO plugin. -->","yoast_head_json":{"title":"Magnetinis \u017eaidimas su kirm\u0117liukais \"pauk\u0161tis\" - Montessori \u017eaislai","robots":{"index":"noindex","follow":"follow","max-snippet":"max-snippet:-1","max-image-preview":"max-image-preview:large","max-video-preview":"max-video-preview:-1"},"og_locale":"en_US","og_type":"article","og_title":"Magnetinis \u017eaidimas su kirm\u0117liukais \"pauk\u0161tis\" - Montessori \u017eaislai","og_description":"Med\u017eiui skubiai reikia pagalbos! Ka\u017ekas turi j\u012f i\u0161valyti nuo kirmin\u0173!  Nedelsiant reikia i\u0161kviesti gydytoj\u0105 gent\u012f! Tai neapsieis be j\u016bs\u0173 vaiko pagalbos!  \u0160is magnetinis \u017eaidimas kirminuk\u0173 gaudymui su pauk\u0161\u010diu\u00a0!  I\u0161traukus kirminukus, galite pamaitinti atidarytu snapeliu laukiant\u012f jaunikl\u012f!  Ry\u0161kios spalvos tikrai pritrauks ma\u017eylio d\u0117mes\u012f ir paskatins j\u012f \u017eaisti!  Prie\u0161ingai nei atrodo, pagauti kirmin\u0105 nebus taip paprasta, kaip gali atrodyti! Tam prireiks daug kantryb\u0117s ir tikslumo!\u00a0  \u017daislas puikiai tiks kaip mokomoji med\u017eiaga! Leis\u00a0paskatinti vaiko dom\u0117jim\u0105si pauk\u0161\u010diais ir gamtos pasauliu , o tai bus geras pagrindas ugdant aplinkosaugin\u012f s\u0105moningum\u0105 nuo pat ma\u017eens!  \u017daislas\u00a0Gerina aki\u0173-rank\u0173 koordinacij\u0105, tikslum\u0105 ir kitus motorinius \u012fg\u016bd\u017eius , ypa\u010d daug d\u0117mesio skiriant smulkiajai motorikai!  Naudojamos med\u017eiagos itin patvarios, tod\u0117l kartu gali atlaikyti daugyb\u0119 linksmybi\u0173 valand\u0173!  \u00a0Komplekto turinys:   12x magnetiniai kirminai  1x medis  1x genys  Med\u017eiaga: plastikas  Vaiko am\u017eius: 3+  Matmenys :   Medis: 10 cm x 8,5 cm x 18,5 cm  Dydis : 14cm x 5cm x 9,5cm  Slieko ilgis: 4,5 cm  Pakuot\u0117s matmenys: 20cm x 17,5cm x 12cm","og_url":"https:\/\/dev.monti.lt\/en\/product\/magnetinis-zaidimas-su-kirmeliukais-paukstis\/","og_site_name":"Montessori \u017eaislai","article_modified_time":"2024-10-03T07:25:27+00:00","og_image":[{"width":1024,"height":768,"url":"https:\/\/dev.monti.lt\/wp-content\/uploads\/2022\/05\/KX543078085.jpg","type":"image\/jpeg"}],"twitter_card":"summary_large_image","twitter_misc":{"Est. reading time":"1 minute"},"schema":{"@context":"https:\/\/schema.org","@graph":[{"@type":"WebPage","@id":"https:\/\/dev.monti.lt\/product\/magnetinis-zaidimas-su-kirmeliukais-paukstis\/","url":"https:\/\/dev.monti.lt\/product\/magnetinis-zaidimas-su-kirmeliukais-paukstis\/","name":"Magnetinis \u017eaidimas su kirm\u0117liukais \"pauk\u0161tis\" - Montessori \u017eaislai","isPartOf":{"@id":"https:\/\/dev.monti.lt\/#website"},"primaryImageOfPage":{"@id":"https:\/\/dev.monti.lt\/product\/magnetinis-zaidimas-su-kirmeliukais-paukstis\/#primaryimage"},"image":{"@id":"https:\/\/dev.monti.lt\/product\/magnetinis-zaidimas-su-kirmeliukais-paukstis\/#primaryimage"},"thumbnailUrl":"https:\/\/dev.monti.lt\/wp-content\/uploads\/2022\/05\/KX543078085.jpg","datePublished":"2022-05-16T19:29:13+00:00","dateModified":"2024-10-03T07:25:27+00:00","breadcrumb":{"@id":"https:\/\/dev.monti.lt\/product\/magnetinis-zaidimas-su-kirmeliukais-paukstis\/#breadcrumb"},"inLanguage":"en-US","potentialAction":[{"@type":"ReadAction","target":["https:\/\/dev.monti.lt\/product\/magnetinis-zaidimas-su-kirmeliukais-paukstis\/"]}]},{"@type":"ImageObject","inLanguage":"en-US","@id":"https:\/\/dev.monti.lt\/product\/magnetinis-zaidimas-su-kirmeliukais-paukstis\/#primaryimage","url":"https:\/\/dev.monti.lt\/wp-content\/uploads\/2022\/05\/KX543078085.jpg","contentUrl":"https:\/\/dev.monti.lt\/wp-content\/uploads\/2022\/05\/KX543078085.jpg","width":1024,"height":768,"caption":"pauk\u0161tis kirm\u0117liuk\u0173 \u017evejybas"},{"@type":"BreadcrumbList","@id":"https:\/\/dev.monti.lt\/product\/magnetinis-zaidimas-su-kirmeliukais-paukstis\/#breadcrumb","itemListElement":[{"@type":"ListItem","position":1,"name":"Home","item":"https:\/\/dev.monti.lt\/"},{"@type":"ListItem","position":2,"name":"Parduotuv\u0117","item":"https:\/\/dev.monti.lt\/shop\/"},{"@type":"ListItem","position":3,"name":"Magnetinis \u017eaidimas su kirm\u0117liukais &#8220;pauk\u0161tis&#8221;"}]},{"@type":"WebSite","@id":"https:\/\/dev.monti.lt\/#website","url":"https:\/\/dev.monti.lt\/","name":"Montessori \u017eaislai","description":"","publisher":{"@id":"https:\/\/dev.monti.lt\/#organization"},"potentialAction":[{"@type":"SearchAction","target":{"@type":"EntryPoint","urlTemplate":"https:\/\/dev.monti.lt\/?s={search_term_string}"},"query-input":"required name=search_term_string"}],"inLanguage":"en-US"},{"@type":"Organization","@id":"https:\/\/dev.monti.lt\/#organization","name":"Montessori \u017eaislai","url":"https:\/\/dev.monti.lt\/","logo":{"@type":"ImageObject","inLanguage":"en-US","@id":"https:\/\/dev.monti.lt\/#\/schema\/logo\/image\/","url":"https:\/\/dev.monti.lt\/wp-content\/uploads\/2022\/03\/montilogo-1.png","contentUrl":"https:\/\/dev.monti.lt\/wp-content\/uploads\/2022\/03\/montilogo-1.png","width":512,"height":512,"caption":"Montessori \u017eaislai"},"image":{"@id":"https:\/\/dev.monti.lt\/#\/schema\/logo\/image\/"}}]}},"_links":{"self":[{"href":"https:\/\/dev.monti.lt\/en\/wp-json\/wp\/v2\/product\/8095"}],"collection":[{"href":"https:\/\/dev.monti.lt\/en\/wp-json\/wp\/v2\/product"}],"about":[{"href":"https:\/\/dev.monti.lt\/en\/wp-json\/wp\/v2\/types\/product"}],"version-history":[{"count":4,"href":"https:\/\/dev.monti.lt\/en\/wp-json\/wp\/v2\/product\/8095\/revisions"}],"predecessor-version":[{"id":8116,"href":"https:\/\/dev.monti.lt\/en\/wp-json\/wp\/v2\/product\/8095\/revisions\/8116"}],"wp:featuredmedia":[{"embeddable":true,"href":"https:\/\/dev.monti.lt\/en\/wp-json\/wp\/v2\/media\/8096"}],"wp:attachment":[{"href":"https:\/\/dev.monti.lt\/en\/wp-json\/wp\/v2\/media?parent=8095"}],"wp:term":[{"taxonomy":"product_cat","embeddable":true,"href":"https:\/\/dev.monti.lt\/en\/wp-json\/wp\/v2\/product_cat?post=8095"},{"taxonomy":"product_tag","embeddable":true,"href":"https:\/\/dev.monti.lt\/en\/wp-json\/wp\/v2\/product_tag?post=8095"}],"curies":[{"name":"wp","href":"https:\/\/api.w.org\/{rel}","templated":true}]}}