{"id":8082,"date":"2022-05-16T13:06:38","date_gmt":"2022-05-16T13:06:38","guid":{"rendered":"https:\/\/dev.monti.lt\/?post_type=product&#038;p=8082"},"modified":"2024-10-01T15:22:24","modified_gmt":"2024-10-01T15:22:24","slug":"konstruktorius-261-elementas","status":"publish","type":"product","link":"https:\/\/dev.monti.lt\/en\/product\/konstruktorius-261-elementas\/","title":{"rendered":"Konstruktorius 261 elementas"},"content":{"rendered":"<p>&nbsp;<\/p>\n<p><b><span class=\"\">Komplekto turinys:<\/span><\/b><\/p>\n<ul>\n<li>Lagaminas<\/li>\n<li>Lenta var\u017etams \u012fsukti<\/li>\n<li>\u012evairi\u0173 form\u0173 kalad\u0117li\u0173 rinkinys<\/li>\n<li>Spalvoti var\u017etai<\/li>\n<li>Atsuktuvas<\/li>\n<li>Atsuktuvas<\/li>\n<li>Knygel\u0117 su ra\u0161tais, kuriuos reikia tvarkyti<\/li>\n<li>Paveiksl\u0117liai su kortel\u0117mis, skirtomis sukrauti<\/li>\n<\/ul>","protected":false},"excerpt":{"rendered":"<p>&nbsp; Komplekto turinys: Lagaminas Lenta var\u017etams \u012fsukti \u012evairi\u0173 form\u0173 kalad\u0117li\u0173 rinkinys Spalvoti var\u017etai Atsuktuvas Atsuktuvas Knygel\u0117 su ra\u0161tais, kuriuos reikia tvarkyti Paveiksl\u0117liai su kortel\u0117mis, skirtomis sukrauti<\/p>","protected":false},"featured_media":8083,"template":"","meta":{"iawp_total_views":30},"product_cat":[195,197,191,87,84,86,202,49,39,215],"product_tag":[97,98],"class_list":{"0":"post-8082","1":"product","2":"type-product","3":"status-publish","4":"has-post-thumbnail","6":"product_cat-dovanos-vaikams-3-4-metu","7":"product_cat-dovanos-berniukams","8":"product_cat-dovanos-vaikams","9":"product_cat-kurybiniai-rinkiniai","10":"product_cat-lavinamieji-zaislai","11":"product_cat-smulkioji-motorika","12":"product_cat-vaaikiski-konstruktoriai","13":"product_cat-visi-zaislai","14":"product_cat-zaislai","15":"product_cat-zaislai-berniukams","16":"product_tag-3-m-4-m","17":"product_tag-5-m-7-m","19":"first","20":"outofstock","21":"sale","22":"taxable","23":"shipping-taxable","24":"purchasable","25":"product-type-simple"},"yoast_head":"<!-- This site is optimized with the Yoast SEO plugin v23.3 - https:\/\/yoast.com\/wordpress\/plugins\/seo\/ -->\n<title>Konstruktorius 261 elementas - Montessori \u017eaislai<\/title>\n<meta name=\"robots\" content=\"noindex, follow, max-snippet:-1, max-image-preview:large, max-video-preview:-1\" \/>\n<meta property=\"og:locale\" content=\"en_US\" \/>\n<meta property=\"og:type\" content=\"article\" \/>\n<meta property=\"og:title\" content=\"Konstruktorius 261 elementas - Montessori \u017eaislai\" \/>\n<meta property=\"og:description\" content=\"&nbsp; Komplekto turinys: Lagaminas Lenta var\u017etams \u012fsukti \u012evairi\u0173 form\u0173 kalad\u0117li\u0173 rinkinys Spalvoti var\u017etai Atsuktuvas Atsuktuvas Knygel\u0117 su ra\u0161tais, kuriuos reikia tvarkyti Paveiksl\u0117liai su kortel\u0117mis, skirtomis sukrauti\" \/>\n<meta property=\"og:url\" content=\"https:\/\/dev.monti.lt\/en\/product\/konstruktorius-261-elementas\/\" \/>\n<meta property=\"og:site_name\" content=\"Montessori \u017eaislai\" \/>\n<meta property=\"article:modified_time\" content=\"2024-10-01T15:22:24+00:00\" \/>\n<meta property=\"og:image\" content=\"https:\/\/dev.monti.lt\/wp-content\/uploads\/2022\/05\/KX7838_572017.jpg\" \/>\n\t<meta property=\"og:image:width\" content=\"1600\" \/>\n\t<meta property=\"og:image:height\" content=\"1200\" \/>\n\t<meta property=\"og:image:type\" content=\"image\/jpeg\" \/>\n<meta name=\"twitter:card\" content=\"summary_large_image\" \/>\n<meta name=\"twitter:label1\" content=\"Est. reading time\" \/>\n\t<meta name=\"twitter:data1\" content=\"1 minute\" \/>\n<script type=\"application\/ld+json\" class=\"yoast-schema-graph\">{\"@context\":\"https:\/\/schema.org\",\"@graph\":[{\"@type\":\"WebPage\",\"@id\":\"https:\/\/dev.monti.lt\/product\/konstruktorius-261-elementas\/\",\"url\":\"https:\/\/dev.monti.lt\/product\/konstruktorius-261-elementas\/\",\"name\":\"Konstruktorius 261 elementas - Montessori \u017eaislai\",\"isPartOf\":{\"@id\":\"https:\/\/dev.monti.lt\/#website\"},\"primaryImageOfPage\":{\"@id\":\"https:\/\/dev.monti.lt\/product\/konstruktorius-261-elementas\/#primaryimage\"},\"image\":{\"@id\":\"https:\/\/dev.monti.lt\/product\/konstruktorius-261-elementas\/#primaryimage\"},\"thumbnailUrl\":\"https:\/\/dev.monti.lt\/wp-content\/uploads\/2022\/05\/KX7838_572017.jpg\",\"datePublished\":\"2022-05-16T13:06:38+00:00\",\"dateModified\":\"2024-10-01T15:22:24+00:00\",\"breadcrumb\":{\"@id\":\"https:\/\/dev.monti.lt\/product\/konstruktorius-261-elementas\/#breadcrumb\"},\"inLanguage\":\"en-US\",\"potentialAction\":[{\"@type\":\"ReadAction\",\"target\":[\"https:\/\/dev.monti.lt\/product\/konstruktorius-261-elementas\/\"]}]},{\"@type\":\"ImageObject\",\"inLanguage\":\"en-US\",\"@id\":\"https:\/\/dev.monti.lt\/product\/konstruktorius-261-elementas\/#primaryimage\",\"url\":\"https:\/\/dev.monti.lt\/wp-content\/uploads\/2022\/05\/KX7838_572017.jpg\",\"contentUrl\":\"https:\/\/dev.monti.lt\/wp-content\/uploads\/2022\/05\/KX7838_572017.jpg\",\"width\":1600,\"height\":1200},{\"@type\":\"BreadcrumbList\",\"@id\":\"https:\/\/dev.monti.lt\/product\/konstruktorius-261-elementas\/#breadcrumb\",\"itemListElement\":[{\"@type\":\"ListItem\",\"position\":1,\"name\":\"Home\",\"item\":\"https:\/\/dev.monti.lt\/\"},{\"@type\":\"ListItem\",\"position\":2,\"name\":\"Parduotuv\u0117\",\"item\":\"https:\/\/dev.monti.lt\/shop\/\"},{\"@type\":\"ListItem\",\"position\":3,\"name\":\"Konstruktorius 261 elementas\"}]},{\"@type\":\"WebSite\",\"@id\":\"https:\/\/dev.monti.lt\/#website\",\"url\":\"https:\/\/dev.monti.lt\/\",\"name\":\"Montessori \u017eaislai\",\"description\":\"\",\"publisher\":{\"@id\":\"https:\/\/dev.monti.lt\/#organization\"},\"potentialAction\":[{\"@type\":\"SearchAction\",\"target\":{\"@type\":\"EntryPoint\",\"urlTemplate\":\"https:\/\/dev.monti.lt\/?s={search_term_string}\"},\"query-input\":\"required name=search_term_string\"}],\"inLanguage\":\"en-US\"},{\"@type\":\"Organization\",\"@id\":\"https:\/\/dev.monti.lt\/#organization\",\"name\":\"Montessori \u017eaislai\",\"url\":\"https:\/\/dev.monti.lt\/\",\"logo\":{\"@type\":\"ImageObject\",\"inLanguage\":\"en-US\",\"@id\":\"https:\/\/dev.monti.lt\/#\/schema\/logo\/image\/\",\"url\":\"https:\/\/dev.monti.lt\/wp-content\/uploads\/2022\/03\/montilogo-1.png\",\"contentUrl\":\"https:\/\/dev.monti.lt\/wp-content\/uploads\/2022\/03\/montilogo-1.png\",\"width\":512,\"height\":512,\"caption\":\"Montessori \u017eaislai\"},\"image\":{\"@id\":\"https:\/\/dev.monti.lt\/#\/schema\/logo\/image\/\"}}]}<\/script>\n<!-- \/ Yoast SEO plugin. -->","yoast_head_json":{"title":"Konstruktorius 261 elementas - Montessori \u017eaislai","robots":{"index":"noindex","follow":"follow","max-snippet":"max-snippet:-1","max-image-preview":"max-image-preview:large","max-video-preview":"max-video-preview:-1"},"og_locale":"en_US","og_type":"article","og_title":"Konstruktorius 261 elementas - Montessori \u017eaislai","og_description":"&nbsp; Komplekto turinys: Lagaminas Lenta var\u017etams \u012fsukti \u012evairi\u0173 form\u0173 kalad\u0117li\u0173 rinkinys Spalvoti var\u017etai Atsuktuvas Atsuktuvas Knygel\u0117 su ra\u0161tais, kuriuos reikia tvarkyti Paveiksl\u0117liai su kortel\u0117mis, skirtomis sukrauti","og_url":"https:\/\/dev.monti.lt\/en\/product\/konstruktorius-261-elementas\/","og_site_name":"Montessori \u017eaislai","article_modified_time":"2024-10-01T15:22:24+00:00","og_image":[{"width":1600,"height":1200,"url":"https:\/\/dev.monti.lt\/wp-content\/uploads\/2022\/05\/KX7838_572017.jpg","type":"image\/jpeg"}],"twitter_card":"summary_large_image","twitter_misc":{"Est. reading time":"1 minute"},"schema":{"@context":"https:\/\/schema.org","@graph":[{"@type":"WebPage","@id":"https:\/\/dev.monti.lt\/product\/konstruktorius-261-elementas\/","url":"https:\/\/dev.monti.lt\/product\/konstruktorius-261-elementas\/","name":"Konstruktorius 261 elementas - Montessori \u017eaislai","isPartOf":{"@id":"https:\/\/dev.monti.lt\/#website"},"primaryImageOfPage":{"@id":"https:\/\/dev.monti.lt\/product\/konstruktorius-261-elementas\/#primaryimage"},"image":{"@id":"https:\/\/dev.monti.lt\/product\/konstruktorius-261-elementas\/#primaryimage"},"thumbnailUrl":"https:\/\/dev.monti.lt\/wp-content\/uploads\/2022\/05\/KX7838_572017.jpg","datePublished":"2022-05-16T13:06:38+00:00","dateModified":"2024-10-01T15:22:24+00:00","breadcrumb":{"@id":"https:\/\/dev.monti.lt\/product\/konstruktorius-261-elementas\/#breadcrumb"},"inLanguage":"en-US","potentialAction":[{"@type":"ReadAction","target":["https:\/\/dev.monti.lt\/product\/konstruktorius-261-elementas\/"]}]},{"@type":"ImageObject","inLanguage":"en-US","@id":"https:\/\/dev.monti.lt\/product\/konstruktorius-261-elementas\/#primaryimage","url":"https:\/\/dev.monti.lt\/wp-content\/uploads\/2022\/05\/KX7838_572017.jpg","contentUrl":"https:\/\/dev.monti.lt\/wp-content\/uploads\/2022\/05\/KX7838_572017.jpg","width":1600,"height":1200},{"@type":"BreadcrumbList","@id":"https:\/\/dev.monti.lt\/product\/konstruktorius-261-elementas\/#breadcrumb","itemListElement":[{"@type":"ListItem","position":1,"name":"Home","item":"https:\/\/dev.monti.lt\/"},{"@type":"ListItem","position":2,"name":"Parduotuv\u0117","item":"https:\/\/dev.monti.lt\/shop\/"},{"@type":"ListItem","position":3,"name":"Konstruktorius 261 elementas"}]},{"@type":"WebSite","@id":"https:\/\/dev.monti.lt\/#website","url":"https:\/\/dev.monti.lt\/","name":"Montessori \u017eaislai","description":"","publisher":{"@id":"https:\/\/dev.monti.lt\/#organization"},"potentialAction":[{"@type":"SearchAction","target":{"@type":"EntryPoint","urlTemplate":"https:\/\/dev.monti.lt\/?s={search_term_string}"},"query-input":"required name=search_term_string"}],"inLanguage":"en-US"},{"@type":"Organization","@id":"https:\/\/dev.monti.lt\/#organization","name":"Montessori \u017eaislai","url":"https:\/\/dev.monti.lt\/","logo":{"@type":"ImageObject","inLanguage":"en-US","@id":"https:\/\/dev.monti.lt\/#\/schema\/logo\/image\/","url":"https:\/\/dev.monti.lt\/wp-content\/uploads\/2022\/03\/montilogo-1.png","contentUrl":"https:\/\/dev.monti.lt\/wp-content\/uploads\/2022\/03\/montilogo-1.png","width":512,"height":512,"caption":"Montessori \u017eaislai"},"image":{"@id":"https:\/\/dev.monti.lt\/#\/schema\/logo\/image\/"}}]}},"_links":{"self":[{"href":"https:\/\/dev.monti.lt\/en\/wp-json\/wp\/v2\/product\/8082"}],"collection":[{"href":"https:\/\/dev.monti.lt\/en\/wp-json\/wp\/v2\/product"}],"about":[{"href":"https:\/\/dev.monti.lt\/en\/wp-json\/wp\/v2\/types\/product"}],"version-history":[{"count":3,"href":"https:\/\/dev.monti.lt\/en\/wp-json\/wp\/v2\/product\/8082\/revisions"}],"predecessor-version":[{"id":9072,"href":"https:\/\/dev.monti.lt\/en\/wp-json\/wp\/v2\/product\/8082\/revisions\/9072"}],"wp:featuredmedia":[{"embeddable":true,"href":"https:\/\/dev.monti.lt\/en\/wp-json\/wp\/v2\/media\/8083"}],"wp:attachment":[{"href":"https:\/\/dev.monti.lt\/en\/wp-json\/wp\/v2\/media?parent=8082"}],"wp:term":[{"taxonomy":"product_cat","embeddable":true,"href":"https:\/\/dev.monti.lt\/en\/wp-json\/wp\/v2\/product_cat?post=8082"},{"taxonomy":"product_tag","embeddable":true,"href":"https:\/\/dev.monti.lt\/en\/wp-json\/wp\/v2\/product_tag?post=8082"}],"curies":[{"name":"wp","href":"https:\/\/api.w.org\/{rel}","templated":true}]}}