{"id":8076,"date":"2022-05-16T13:02:46","date_gmt":"2022-05-16T13:02:46","guid":{"rendered":"https:\/\/dev.monti.lt\/?post_type=product&#038;p=8076"},"modified":"2024-10-03T07:25:46","modified_gmt":"2024-10-03T07:25:46","slug":"sensorine-knygele-paukstis","status":"publish","type":"product","link":"https:\/\/dev.monti.lt\/en\/product\/sensorine-knygele-paukstis\/","title":{"rendered":"Sensorin\u0117 knygel\u0117 pauk\u0161tis"},"content":{"rendered":"<p><b>MINK\u0160TA SENSORIN\u0116 KNYGEL\u0116 SU VEIDROD\u0116LIU<\/b><\/p>\n<p><span class=\"\">Pirmoji vaiko knygel\u0119! <\/span>Nuveskite savo ma\u017eyl\u012f \u012f stebukling\u0105 kelion\u0119 po form\u0173 ir ra\u0161t\u0173 pasaul\u012f.<\/p>\n<p><span class=\"\">K<b>ontrasting\u0173 ra\u0161t\u0173 med\u017eiagin\u0117 knygel\u0117<\/b><\/span><span class=\"\"> \u2013 puikus pasi\u016blymas pasaul\u012f dar tik pradedantiems pa\u017einti &nbsp;vaikams. <\/span>Baltos, juodos ir raudonos nuotraukos bus puiki \u012f\u017eanga pa\u017einti gyv\u016bnus.<\/p>\n<p>Knyg\u0105 sudaro 4 med\u017eiagos puslapiai, kuriuose pristatomi \u012fvair\u016bs gyv\u016bnai, tarp kuri\u0173 rasite:<\/p>\n<ul>\n<li>Pauk\u0161tis su saugiu veidrod\u017eiu<\/li>\n<li>zuikis<\/li>\n<li>pel\u0117da<\/li>\n<li>lap\u0117<\/li>\n<li>me\u0161ka<\/li>\n<li>vover\u0117<\/li>\n<\/ul>\n<p>Pagaminta atkreipiant d\u0117mes\u012f \u012f kiekvien\u0105 smulkmen\u0105, ypating\u0105 d\u0117mes\u012f skiriant ma\u017eiausio am\u017eiaus poreikiams. Skaitymas kupinas netik\u0117tum\u0173, kurie su\u017eadins j\u016bs\u0173 ma\u017eylio smalsum\u0105.<\/p>\n<p><b><span class=\"\">\u010cia rasite puslapi\u0173 su skirtingomis tekst\u016bromis ir savyb\u0117mis:<\/span><\/b><\/p>\n<ul>\n<li>\u0160lamantys puslapiai<\/li>\n<li>I\u0161 knygos puslapi\u0173 i\u0161lindusios kontrastingos etiket\u0117s<\/li>\n<li>Baltos, juodos ir raudonos spalvos ra\u0161tai<\/li>\n<li>Gyv\u016bn\u0173 pavadinimai angl\u0173 kalba<\/li>\n<\/ul>\n<p>Visa tai tam, kad u\u017etikrintum\u0117te harmoning\u0105 vaiko vystym\u0105si.<\/p>\n<p>Vaikai vystosi ir mokosi aplink\u0105 per poj\u016b\u010dius. Tinkamas kiekvieno poju\u010dio tobul\u0117jimas leid\u017eia geriau analizuoti pasaul\u012f ir reaguoti \u012f i\u0161orinius dirgiklius, taip pat ugdyti savo k\u016bno ir jo funkcij\u0173 suvokim\u0105.<\/p>\n<p><b>\u017daisdamas su knyga, ma\u017eylis:<\/b><\/p>\n<ul>\n<li>praktikuos aki\u0173 pritaikym\u0105<\/li>\n<li>lavins rank\u0173 ir aki\u0173 koordinacij\u0105<\/li>\n<li>praktikuos rankini\u0173 \u012fg\u016bd\u017ei\u0173 ir griebimo \u012fg\u016bd\u017ei\u0173 ugdym\u0105.<\/li>\n<li>skatins regos, klausos ir lyt\u0117jimo poj\u016b\u010dius.<\/li>\n<\/ul>\n<p>Kontrastingi ra\u0161tai pritrauks ma\u017eylio d\u0117mes\u012f ir skatins \u017eaisti.<\/p>\n<p>D\u0117l to, kad jis pagamintas vien tik i\u0161 med\u017eiagos, yra lengvas ir neu\u017eima daug vietos. Galite pasiimti j\u012f \u012f kelion\u0119 ar pas gydytoj\u0105 \u2013 tai leis j\u016bs\u0173 vaikui maloniai praleisti laik\u0105 laukiant ilgoje eil\u0117je.<\/p>\n<p><b>Med\u017eiaga: <\/b>poliesteris + pliu\u0161as<\/p>\n<p><strong>Vaiko am\u017eius:<\/strong> 0+<\/p>\n<p><b>Knygel\u0117s i\u0161matavimai:<\/b> 15cm x 15cm x 2cm<\/p>\n<p><strong>Pakuot\u0117s matmenys:<\/strong> 24cm x 17cm x 3cm<\/p>\n<p>Supakuota \u012f folijos pakuot\u0119.<\/p>","protected":false},"excerpt":{"rendered":"<p>MINK\u0160TA SENSORIN\u0116 KNYGEL\u0116 SU VEIDROD\u0116LIU Pirmoji vaiko knygel\u0119! Nuveskite savo ma\u017eyl\u012f \u012f stebukling\u0105 kelion\u0119 po form\u0173 ir ra\u0161t\u0173 pasaul\u012f. Kontrasting\u0173 ra\u0161t\u0173 med\u017eiagin\u0117 knygel\u0117 \u2013 puikus pasi\u016blymas pasaul\u012f dar tik pradedantiems pa\u017einti &nbsp;vaikams. Baltos, juodos ir raudonos nuotraukos bus puiki \u012f\u017eanga pa\u017einti gyv\u016bnus. Knyg\u0105 sudaro 4 med\u017eiagos puslapiai, kuriuose pristatomi \u012fvair\u016bs gyv\u016bnai, tarp kuri\u0173 rasite: Pauk\u0161tis [&hellip;]<\/p>","protected":false},"featured_media":8077,"template":"","meta":{"iawp_total_views":209},"product_cat":[84,83,90,49,39],"product_tag":[95,94],"class_list":{"0":"post-8076","1":"product","2":"type-product","3":"status-publish","4":"has-post-thumbnail","6":"product_cat-lavinamieji-zaislai","7":"product_cat-montessori-zaislai","8":"product_cat-pasaulio-pazinimas","9":"product_cat-visi-zaislai","10":"product_cat-zaislai","11":"product_tag-1-m-2-m","12":"product_tag-iki-1-m","14":"first","15":"instock","16":"taxable","17":"shipping-taxable","18":"purchasable","19":"product-type-simple"},"yoast_head":"<!-- This site is optimized with the Yoast SEO plugin v23.3 - https:\/\/yoast.com\/wordpress\/plugins\/seo\/ -->\n<title>Sensorin\u0117 knygel\u0117 pauk\u0161tis - Montessori \u017eaislai<\/title>\n<meta name=\"robots\" content=\"noindex, follow, max-snippet:-1, max-image-preview:large, max-video-preview:-1\" \/>\n<meta property=\"og:locale\" content=\"en_US\" \/>\n<meta property=\"og:type\" content=\"article\" \/>\n<meta property=\"og:title\" content=\"Sensorin\u0117 knygel\u0117 pauk\u0161tis - Montessori \u017eaislai\" \/>\n<meta property=\"og:description\" content=\"MINK\u0160TA SENSORIN\u0116 KNYGEL\u0116 SU VEIDROD\u0116LIU Pirmoji vaiko knygel\u0119! Nuveskite savo ma\u017eyl\u012f \u012f stebukling\u0105 kelion\u0119 po form\u0173 ir ra\u0161t\u0173 pasaul\u012f. Kontrasting\u0173 ra\u0161t\u0173 med\u017eiagin\u0117 knygel\u0117 \u2013 puikus pasi\u016blymas pasaul\u012f dar tik pradedantiems pa\u017einti &nbsp;vaikams. Baltos, juodos ir raudonos nuotraukos bus puiki \u012f\u017eanga pa\u017einti gyv\u016bnus. Knyg\u0105 sudaro 4 med\u017eiagos puslapiai, kuriuose pristatomi \u012fvair\u016bs gyv\u016bnai, tarp kuri\u0173 rasite: Pauk\u0161tis [&hellip;]\" \/>\n<meta property=\"og:url\" content=\"https:\/\/dev.monti.lt\/en\/product\/sensorine-knygele-paukstis\/\" \/>\n<meta property=\"og:site_name\" content=\"Montessori \u017eaislai\" \/>\n<meta property=\"article:modified_time\" content=\"2024-10-03T07:25:46+00:00\" \/>\n<meta property=\"og:image\" content=\"https:\/\/dev.monti.lt\/wp-content\/uploads\/2022\/05\/KX564178098.jpg\" \/>\n\t<meta property=\"og:image:width\" content=\"1024\" \/>\n\t<meta property=\"og:image:height\" content=\"768\" \/>\n\t<meta property=\"og:image:type\" content=\"image\/jpeg\" \/>\n<meta name=\"twitter:card\" content=\"summary_large_image\" \/>\n<meta name=\"twitter:label1\" content=\"Est. reading time\" \/>\n\t<meta name=\"twitter:data1\" content=\"2 minutes\" \/>\n<script type=\"application\/ld+json\" class=\"yoast-schema-graph\">{\"@context\":\"https:\/\/schema.org\",\"@graph\":[{\"@type\":\"WebPage\",\"@id\":\"https:\/\/dev.monti.lt\/product\/sensorine-knygele-paukstis\/\",\"url\":\"https:\/\/dev.monti.lt\/product\/sensorine-knygele-paukstis\/\",\"name\":\"Sensorin\u0117 knygel\u0117 pauk\u0161tis - Montessori \u017eaislai\",\"isPartOf\":{\"@id\":\"https:\/\/dev.monti.lt\/#website\"},\"primaryImageOfPage\":{\"@id\":\"https:\/\/dev.monti.lt\/product\/sensorine-knygele-paukstis\/#primaryimage\"},\"image\":{\"@id\":\"https:\/\/dev.monti.lt\/product\/sensorine-knygele-paukstis\/#primaryimage\"},\"thumbnailUrl\":\"https:\/\/dev.monti.lt\/wp-content\/uploads\/2022\/05\/KX564178098.jpg\",\"datePublished\":\"2022-05-16T13:02:46+00:00\",\"dateModified\":\"2024-10-03T07:25:46+00:00\",\"breadcrumb\":{\"@id\":\"https:\/\/dev.monti.lt\/product\/sensorine-knygele-paukstis\/#breadcrumb\"},\"inLanguage\":\"en-US\",\"potentialAction\":[{\"@type\":\"ReadAction\",\"target\":[\"https:\/\/dev.monti.lt\/product\/sensorine-knygele-paukstis\/\"]}]},{\"@type\":\"ImageObject\",\"inLanguage\":\"en-US\",\"@id\":\"https:\/\/dev.monti.lt\/product\/sensorine-knygele-paukstis\/#primaryimage\",\"url\":\"https:\/\/dev.monti.lt\/wp-content\/uploads\/2022\/05\/KX564178098.jpg\",\"contentUrl\":\"https:\/\/dev.monti.lt\/wp-content\/uploads\/2022\/05\/KX564178098.jpg\",\"width\":1024,\"height\":768},{\"@type\":\"BreadcrumbList\",\"@id\":\"https:\/\/dev.monti.lt\/product\/sensorine-knygele-paukstis\/#breadcrumb\",\"itemListElement\":[{\"@type\":\"ListItem\",\"position\":1,\"name\":\"Home\",\"item\":\"https:\/\/dev.monti.lt\/\"},{\"@type\":\"ListItem\",\"position\":2,\"name\":\"Parduotuv\u0117\",\"item\":\"https:\/\/dev.monti.lt\/shop\/\"},{\"@type\":\"ListItem\",\"position\":3,\"name\":\"Sensorin\u0117 knygel\u0117 pauk\u0161tis\"}]},{\"@type\":\"WebSite\",\"@id\":\"https:\/\/dev.monti.lt\/#website\",\"url\":\"https:\/\/dev.monti.lt\/\",\"name\":\"Montessori \u017eaislai\",\"description\":\"\",\"publisher\":{\"@id\":\"https:\/\/dev.monti.lt\/#organization\"},\"potentialAction\":[{\"@type\":\"SearchAction\",\"target\":{\"@type\":\"EntryPoint\",\"urlTemplate\":\"https:\/\/dev.monti.lt\/?s={search_term_string}\"},\"query-input\":\"required name=search_term_string\"}],\"inLanguage\":\"en-US\"},{\"@type\":\"Organization\",\"@id\":\"https:\/\/dev.monti.lt\/#organization\",\"name\":\"Montessori \u017eaislai\",\"url\":\"https:\/\/dev.monti.lt\/\",\"logo\":{\"@type\":\"ImageObject\",\"inLanguage\":\"en-US\",\"@id\":\"https:\/\/dev.monti.lt\/#\/schema\/logo\/image\/\",\"url\":\"https:\/\/dev.monti.lt\/wp-content\/uploads\/2022\/03\/montilogo-1.png\",\"contentUrl\":\"https:\/\/dev.monti.lt\/wp-content\/uploads\/2022\/03\/montilogo-1.png\",\"width\":512,\"height\":512,\"caption\":\"Montessori \u017eaislai\"},\"image\":{\"@id\":\"https:\/\/dev.monti.lt\/#\/schema\/logo\/image\/\"}}]}<\/script>\n<!-- \/ Yoast SEO plugin. -->","yoast_head_json":{"title":"Sensorin\u0117 knygel\u0117 pauk\u0161tis - Montessori \u017eaislai","robots":{"index":"noindex","follow":"follow","max-snippet":"max-snippet:-1","max-image-preview":"max-image-preview:large","max-video-preview":"max-video-preview:-1"},"og_locale":"en_US","og_type":"article","og_title":"Sensorin\u0117 knygel\u0117 pauk\u0161tis - Montessori \u017eaislai","og_description":"MINK\u0160TA SENSORIN\u0116 KNYGEL\u0116 SU VEIDROD\u0116LIU Pirmoji vaiko knygel\u0119! Nuveskite savo ma\u017eyl\u012f \u012f stebukling\u0105 kelion\u0119 po form\u0173 ir ra\u0161t\u0173 pasaul\u012f. Kontrasting\u0173 ra\u0161t\u0173 med\u017eiagin\u0117 knygel\u0117 \u2013 puikus pasi\u016blymas pasaul\u012f dar tik pradedantiems pa\u017einti &nbsp;vaikams. Baltos, juodos ir raudonos nuotraukos bus puiki \u012f\u017eanga pa\u017einti gyv\u016bnus. Knyg\u0105 sudaro 4 med\u017eiagos puslapiai, kuriuose pristatomi \u012fvair\u016bs gyv\u016bnai, tarp kuri\u0173 rasite: Pauk\u0161tis [&hellip;]","og_url":"https:\/\/dev.monti.lt\/en\/product\/sensorine-knygele-paukstis\/","og_site_name":"Montessori \u017eaislai","article_modified_time":"2024-10-03T07:25:46+00:00","og_image":[{"width":1024,"height":768,"url":"https:\/\/dev.monti.lt\/wp-content\/uploads\/2022\/05\/KX564178098.jpg","type":"image\/jpeg"}],"twitter_card":"summary_large_image","twitter_misc":{"Est. reading time":"2 minutes"},"schema":{"@context":"https:\/\/schema.org","@graph":[{"@type":"WebPage","@id":"https:\/\/dev.monti.lt\/product\/sensorine-knygele-paukstis\/","url":"https:\/\/dev.monti.lt\/product\/sensorine-knygele-paukstis\/","name":"Sensorin\u0117 knygel\u0117 pauk\u0161tis - Montessori \u017eaislai","isPartOf":{"@id":"https:\/\/dev.monti.lt\/#website"},"primaryImageOfPage":{"@id":"https:\/\/dev.monti.lt\/product\/sensorine-knygele-paukstis\/#primaryimage"},"image":{"@id":"https:\/\/dev.monti.lt\/product\/sensorine-knygele-paukstis\/#primaryimage"},"thumbnailUrl":"https:\/\/dev.monti.lt\/wp-content\/uploads\/2022\/05\/KX564178098.jpg","datePublished":"2022-05-16T13:02:46+00:00","dateModified":"2024-10-03T07:25:46+00:00","breadcrumb":{"@id":"https:\/\/dev.monti.lt\/product\/sensorine-knygele-paukstis\/#breadcrumb"},"inLanguage":"en-US","potentialAction":[{"@type":"ReadAction","target":["https:\/\/dev.monti.lt\/product\/sensorine-knygele-paukstis\/"]}]},{"@type":"ImageObject","inLanguage":"en-US","@id":"https:\/\/dev.monti.lt\/product\/sensorine-knygele-paukstis\/#primaryimage","url":"https:\/\/dev.monti.lt\/wp-content\/uploads\/2022\/05\/KX564178098.jpg","contentUrl":"https:\/\/dev.monti.lt\/wp-content\/uploads\/2022\/05\/KX564178098.jpg","width":1024,"height":768},{"@type":"BreadcrumbList","@id":"https:\/\/dev.monti.lt\/product\/sensorine-knygele-paukstis\/#breadcrumb","itemListElement":[{"@type":"ListItem","position":1,"name":"Home","item":"https:\/\/dev.monti.lt\/"},{"@type":"ListItem","position":2,"name":"Parduotuv\u0117","item":"https:\/\/dev.monti.lt\/shop\/"},{"@type":"ListItem","position":3,"name":"Sensorin\u0117 knygel\u0117 pauk\u0161tis"}]},{"@type":"WebSite","@id":"https:\/\/dev.monti.lt\/#website","url":"https:\/\/dev.monti.lt\/","name":"Montessori \u017eaislai","description":"","publisher":{"@id":"https:\/\/dev.monti.lt\/#organization"},"potentialAction":[{"@type":"SearchAction","target":{"@type":"EntryPoint","urlTemplate":"https:\/\/dev.monti.lt\/?s={search_term_string}"},"query-input":"required name=search_term_string"}],"inLanguage":"en-US"},{"@type":"Organization","@id":"https:\/\/dev.monti.lt\/#organization","name":"Montessori \u017eaislai","url":"https:\/\/dev.monti.lt\/","logo":{"@type":"ImageObject","inLanguage":"en-US","@id":"https:\/\/dev.monti.lt\/#\/schema\/logo\/image\/","url":"https:\/\/dev.monti.lt\/wp-content\/uploads\/2022\/03\/montilogo-1.png","contentUrl":"https:\/\/dev.monti.lt\/wp-content\/uploads\/2022\/03\/montilogo-1.png","width":512,"height":512,"caption":"Montessori \u017eaislai"},"image":{"@id":"https:\/\/dev.monti.lt\/#\/schema\/logo\/image\/"}}]}},"_links":{"self":[{"href":"https:\/\/dev.monti.lt\/en\/wp-json\/wp\/v2\/product\/8076"}],"collection":[{"href":"https:\/\/dev.monti.lt\/en\/wp-json\/wp\/v2\/product"}],"about":[{"href":"https:\/\/dev.monti.lt\/en\/wp-json\/wp\/v2\/types\/product"}],"version-history":[{"count":6,"href":"https:\/\/dev.monti.lt\/en\/wp-json\/wp\/v2\/product\/8076\/revisions"}],"predecessor-version":[{"id":14665,"href":"https:\/\/dev.monti.lt\/en\/wp-json\/wp\/v2\/product\/8076\/revisions\/14665"}],"wp:featuredmedia":[{"embeddable":true,"href":"https:\/\/dev.monti.lt\/en\/wp-json\/wp\/v2\/media\/8077"}],"wp:attachment":[{"href":"https:\/\/dev.monti.lt\/en\/wp-json\/wp\/v2\/media?parent=8076"}],"wp:term":[{"taxonomy":"product_cat","embeddable":true,"href":"https:\/\/dev.monti.lt\/en\/wp-json\/wp\/v2\/product_cat?post=8076"},{"taxonomy":"product_tag","embeddable":true,"href":"https:\/\/dev.monti.lt\/en\/wp-json\/wp\/v2\/product_tag?post=8076"}],"curies":[{"name":"wp","href":"https:\/\/api.w.org\/{rel}","templated":true}]}}