{"id":8051,"date":"2022-05-12T13:47:58","date_gmt":"2022-05-12T13:47:58","guid":{"rendered":"https:\/\/dev.monti.lt\/?post_type=product&#038;p=8051"},"modified":"2024-10-09T11:46:59","modified_gmt":"2024-10-09T11:46:59","slug":"magnetine-delione-mergaites-drabuzine-51-detale","status":"publish","type":"product","link":"https:\/\/dev.monti.lt\/en\/product\/magnetine-delione-mergaites-drabuzine-51-detale\/","title":{"rendered":"Magnetin\u0117 d\u0117lion\u0117 &#8220;Mergait\u0117s drabu\u017ein\u0117&#8221; 51 detal\u0117"},"content":{"rendered":"<p><span style=\"font-family: Tahoma; font-size: large;\"><strong><span class=\"\">Mergait\u0117s \u016bgis ant magnetin\u0117s lentos:<\/span><\/strong><span class=\"\">&nbsp;12 cm<\/span><\/span><\/p>\n<p><span style=\"font-size: large;\"><span style=\"font-family: Tahoma;\"><strong><span class=\"goog-text-highlight\">Pakuot\u0117s matmenys:<\/span><\/strong><span class=\"goog-text-highlight\">&nbsp;26,5cm x 19cm x 3,5cm<\/span><\/span><\/span><\/p>","protected":false},"excerpt":{"rendered":"<p>Mergait\u0117s \u016bgis ant magnetin\u0117s lentos:&nbsp;12 cm Pakuot\u0117s matmenys:&nbsp;26,5cm x 19cm x 3,5cm<\/p>","protected":false},"featured_media":8052,"template":"","meta":{"iawp_total_views":345},"product_cat":[92,208,195,196,191,192,81,87,84,49,39,214],"product_tag":[96,97,98,99],"class_list":{"0":"post-8051","1":"product","2":"type-product","3":"status-publish","4":"has-post-thumbnail","6":"product_cat-deliones","7":"product_cat-deliones-2","8":"product_cat-dovanos-vaikams-3-4-metu","9":"product_cat-dovanos-mergaitems","10":"product_cat-dovanos-vaikams","11":"product_cat-kaledines-dovanos-vaikams","12":"product_cat-kiti-zaislai","13":"product_cat-kurybiniai-rinkiniai","14":"product_cat-lavinamieji-zaislai","15":"product_cat-visi-zaislai","16":"product_cat-zaislai","17":"product_cat-zaislai-mergaitems","18":"product_tag-2-m-3-m","19":"product_tag-3-m-4-m","20":"product_tag-5-m-7-m","21":"product_tag-8-m-11-m","23":"first","24":"instock","25":"taxable","26":"shipping-taxable","27":"purchasable","28":"product-type-simple"},"yoast_head":"<!-- This site is optimized with the Yoast SEO plugin v23.3 - https:\/\/yoast.com\/wordpress\/plugins\/seo\/ -->\n<title>Magnetin\u0117 d\u0117lion\u0117 &quot;Mergait\u0117s drabu\u017ein\u0117&quot; 51 detal\u0117 - Montessori \u017eaislai<\/title>\n<meta name=\"robots\" content=\"noindex, follow, max-snippet:-1, max-image-preview:large, max-video-preview:-1\" \/>\n<meta property=\"og:locale\" content=\"en_US\" \/>\n<meta property=\"og:type\" content=\"article\" \/>\n<meta property=\"og:title\" content=\"Magnetin\u0117 d\u0117lion\u0117 &quot;Mergait\u0117s drabu\u017ein\u0117&quot; 51 detal\u0117 - Montessori \u017eaislai\" \/>\n<meta property=\"og:description\" content=\"Mergait\u0117s \u016bgis ant magnetin\u0117s lentos:&nbsp;12 cm Pakuot\u0117s matmenys:&nbsp;26,5cm x 19cm x 3,5cm\" \/>\n<meta property=\"og:url\" content=\"https:\/\/dev.monti.lt\/en\/product\/magnetine-delione-mergaites-drabuzine-51-detale\/\" \/>\n<meta property=\"og:site_name\" content=\"Montessori \u017eaislai\" \/>\n<meta property=\"article:modified_time\" content=\"2024-10-09T11:46:59+00:00\" \/>\n<meta property=\"og:image\" content=\"https:\/\/dev.monti.lt\/wp-content\/uploads\/2022\/05\/KX5428_277030-scaled.jpg\" \/>\n\t<meta property=\"og:image:width\" content=\"2560\" \/>\n\t<meta property=\"og:image:height\" content=\"1587\" \/>\n\t<meta property=\"og:image:type\" content=\"image\/jpeg\" \/>\n<meta name=\"twitter:card\" content=\"summary_large_image\" \/>\n<script type=\"application\/ld+json\" class=\"yoast-schema-graph\">{\"@context\":\"https:\/\/schema.org\",\"@graph\":[{\"@type\":\"WebPage\",\"@id\":\"https:\/\/dev.monti.lt\/product\/magnetine-delione-mergaites-drabuzine-51-detale\/\",\"url\":\"https:\/\/dev.monti.lt\/product\/magnetine-delione-mergaites-drabuzine-51-detale\/\",\"name\":\"Magnetin\u0117 d\u0117lion\u0117 \\\"Mergait\u0117s drabu\u017ein\u0117\\\" 51 detal\u0117 - Montessori \u017eaislai\",\"isPartOf\":{\"@id\":\"https:\/\/dev.monti.lt\/#website\"},\"primaryImageOfPage\":{\"@id\":\"https:\/\/dev.monti.lt\/product\/magnetine-delione-mergaites-drabuzine-51-detale\/#primaryimage\"},\"image\":{\"@id\":\"https:\/\/dev.monti.lt\/product\/magnetine-delione-mergaites-drabuzine-51-detale\/#primaryimage\"},\"thumbnailUrl\":\"https:\/\/dev.monti.lt\/wp-content\/uploads\/2022\/05\/KX5428_277030-scaled.jpg\",\"datePublished\":\"2022-05-12T13:47:58+00:00\",\"dateModified\":\"2024-10-09T11:46:59+00:00\",\"breadcrumb\":{\"@id\":\"https:\/\/dev.monti.lt\/product\/magnetine-delione-mergaites-drabuzine-51-detale\/#breadcrumb\"},\"inLanguage\":\"en-US\",\"potentialAction\":[{\"@type\":\"ReadAction\",\"target\":[\"https:\/\/dev.monti.lt\/product\/magnetine-delione-mergaites-drabuzine-51-detale\/\"]}]},{\"@type\":\"ImageObject\",\"inLanguage\":\"en-US\",\"@id\":\"https:\/\/dev.monti.lt\/product\/magnetine-delione-mergaites-drabuzine-51-detale\/#primaryimage\",\"url\":\"https:\/\/dev.monti.lt\/wp-content\/uploads\/2022\/05\/KX5428_277030-scaled.jpg\",\"contentUrl\":\"https:\/\/dev.monti.lt\/wp-content\/uploads\/2022\/05\/KX5428_277030-scaled.jpg\",\"width\":2560,\"height\":1587},{\"@type\":\"BreadcrumbList\",\"@id\":\"https:\/\/dev.monti.lt\/product\/magnetine-delione-mergaites-drabuzine-51-detale\/#breadcrumb\",\"itemListElement\":[{\"@type\":\"ListItem\",\"position\":1,\"name\":\"Home\",\"item\":\"https:\/\/dev.monti.lt\/\"},{\"@type\":\"ListItem\",\"position\":2,\"name\":\"Parduotuv\u0117\",\"item\":\"https:\/\/dev.monti.lt\/shop\/\"},{\"@type\":\"ListItem\",\"position\":3,\"name\":\"Magnetin\u0117 d\u0117lion\u0117 &#8220;Mergait\u0117s drabu\u017ein\u0117&#8221; 51 detal\u0117\"}]},{\"@type\":\"WebSite\",\"@id\":\"https:\/\/dev.monti.lt\/#website\",\"url\":\"https:\/\/dev.monti.lt\/\",\"name\":\"Montessori \u017eaislai\",\"description\":\"\",\"publisher\":{\"@id\":\"https:\/\/dev.monti.lt\/#organization\"},\"potentialAction\":[{\"@type\":\"SearchAction\",\"target\":{\"@type\":\"EntryPoint\",\"urlTemplate\":\"https:\/\/dev.monti.lt\/?s={search_term_string}\"},\"query-input\":\"required name=search_term_string\"}],\"inLanguage\":\"en-US\"},{\"@type\":\"Organization\",\"@id\":\"https:\/\/dev.monti.lt\/#organization\",\"name\":\"Montessori \u017eaislai\",\"url\":\"https:\/\/dev.monti.lt\/\",\"logo\":{\"@type\":\"ImageObject\",\"inLanguage\":\"en-US\",\"@id\":\"https:\/\/dev.monti.lt\/#\/schema\/logo\/image\/\",\"url\":\"https:\/\/dev.monti.lt\/wp-content\/uploads\/2022\/03\/montilogo-1.png\",\"contentUrl\":\"https:\/\/dev.monti.lt\/wp-content\/uploads\/2022\/03\/montilogo-1.png\",\"width\":512,\"height\":512,\"caption\":\"Montessori \u017eaislai\"},\"image\":{\"@id\":\"https:\/\/dev.monti.lt\/#\/schema\/logo\/image\/\"}}]}<\/script>\n<!-- \/ Yoast SEO plugin. -->","yoast_head_json":{"title":"Magnetin\u0117 d\u0117lion\u0117 \"Mergait\u0117s drabu\u017ein\u0117\" 51 detal\u0117 - Montessori \u017eaislai","robots":{"index":"noindex","follow":"follow","max-snippet":"max-snippet:-1","max-image-preview":"max-image-preview:large","max-video-preview":"max-video-preview:-1"},"og_locale":"en_US","og_type":"article","og_title":"Magnetin\u0117 d\u0117lion\u0117 \"Mergait\u0117s drabu\u017ein\u0117\" 51 detal\u0117 - Montessori \u017eaislai","og_description":"Mergait\u0117s \u016bgis ant magnetin\u0117s lentos:&nbsp;12 cm Pakuot\u0117s matmenys:&nbsp;26,5cm x 19cm x 3,5cm","og_url":"https:\/\/dev.monti.lt\/en\/product\/magnetine-delione-mergaites-drabuzine-51-detale\/","og_site_name":"Montessori \u017eaislai","article_modified_time":"2024-10-09T11:46:59+00:00","og_image":[{"width":2560,"height":1587,"url":"https:\/\/dev.monti.lt\/wp-content\/uploads\/2022\/05\/KX5428_277030-scaled.jpg","type":"image\/jpeg"}],"twitter_card":"summary_large_image","schema":{"@context":"https:\/\/schema.org","@graph":[{"@type":"WebPage","@id":"https:\/\/dev.monti.lt\/product\/magnetine-delione-mergaites-drabuzine-51-detale\/","url":"https:\/\/dev.monti.lt\/product\/magnetine-delione-mergaites-drabuzine-51-detale\/","name":"Magnetin\u0117 d\u0117lion\u0117 \"Mergait\u0117s drabu\u017ein\u0117\" 51 detal\u0117 - Montessori \u017eaislai","isPartOf":{"@id":"https:\/\/dev.monti.lt\/#website"},"primaryImageOfPage":{"@id":"https:\/\/dev.monti.lt\/product\/magnetine-delione-mergaites-drabuzine-51-detale\/#primaryimage"},"image":{"@id":"https:\/\/dev.monti.lt\/product\/magnetine-delione-mergaites-drabuzine-51-detale\/#primaryimage"},"thumbnailUrl":"https:\/\/dev.monti.lt\/wp-content\/uploads\/2022\/05\/KX5428_277030-scaled.jpg","datePublished":"2022-05-12T13:47:58+00:00","dateModified":"2024-10-09T11:46:59+00:00","breadcrumb":{"@id":"https:\/\/dev.monti.lt\/product\/magnetine-delione-mergaites-drabuzine-51-detale\/#breadcrumb"},"inLanguage":"en-US","potentialAction":[{"@type":"ReadAction","target":["https:\/\/dev.monti.lt\/product\/magnetine-delione-mergaites-drabuzine-51-detale\/"]}]},{"@type":"ImageObject","inLanguage":"en-US","@id":"https:\/\/dev.monti.lt\/product\/magnetine-delione-mergaites-drabuzine-51-detale\/#primaryimage","url":"https:\/\/dev.monti.lt\/wp-content\/uploads\/2022\/05\/KX5428_277030-scaled.jpg","contentUrl":"https:\/\/dev.monti.lt\/wp-content\/uploads\/2022\/05\/KX5428_277030-scaled.jpg","width":2560,"height":1587},{"@type":"BreadcrumbList","@id":"https:\/\/dev.monti.lt\/product\/magnetine-delione-mergaites-drabuzine-51-detale\/#breadcrumb","itemListElement":[{"@type":"ListItem","position":1,"name":"Home","item":"https:\/\/dev.monti.lt\/"},{"@type":"ListItem","position":2,"name":"Parduotuv\u0117","item":"https:\/\/dev.monti.lt\/shop\/"},{"@type":"ListItem","position":3,"name":"Magnetin\u0117 d\u0117lion\u0117 &#8220;Mergait\u0117s drabu\u017ein\u0117&#8221; 51 detal\u0117"}]},{"@type":"WebSite","@id":"https:\/\/dev.monti.lt\/#website","url":"https:\/\/dev.monti.lt\/","name":"Montessori \u017eaislai","description":"","publisher":{"@id":"https:\/\/dev.monti.lt\/#organization"},"potentialAction":[{"@type":"SearchAction","target":{"@type":"EntryPoint","urlTemplate":"https:\/\/dev.monti.lt\/?s={search_term_string}"},"query-input":"required name=search_term_string"}],"inLanguage":"en-US"},{"@type":"Organization","@id":"https:\/\/dev.monti.lt\/#organization","name":"Montessori \u017eaislai","url":"https:\/\/dev.monti.lt\/","logo":{"@type":"ImageObject","inLanguage":"en-US","@id":"https:\/\/dev.monti.lt\/#\/schema\/logo\/image\/","url":"https:\/\/dev.monti.lt\/wp-content\/uploads\/2022\/03\/montilogo-1.png","contentUrl":"https:\/\/dev.monti.lt\/wp-content\/uploads\/2022\/03\/montilogo-1.png","width":512,"height":512,"caption":"Montessori \u017eaislai"},"image":{"@id":"https:\/\/dev.monti.lt\/#\/schema\/logo\/image\/"}}]}},"_links":{"self":[{"href":"https:\/\/dev.monti.lt\/en\/wp-json\/wp\/v2\/product\/8051"}],"collection":[{"href":"https:\/\/dev.monti.lt\/en\/wp-json\/wp\/v2\/product"}],"about":[{"href":"https:\/\/dev.monti.lt\/en\/wp-json\/wp\/v2\/types\/product"}],"version-history":[{"count":5,"href":"https:\/\/dev.monti.lt\/en\/wp-json\/wp\/v2\/product\/8051\/revisions"}],"predecessor-version":[{"id":15333,"href":"https:\/\/dev.monti.lt\/en\/wp-json\/wp\/v2\/product\/8051\/revisions\/15333"}],"wp:featuredmedia":[{"embeddable":true,"href":"https:\/\/dev.monti.lt\/en\/wp-json\/wp\/v2\/media\/8052"}],"wp:attachment":[{"href":"https:\/\/dev.monti.lt\/en\/wp-json\/wp\/v2\/media?parent=8051"}],"wp:term":[{"taxonomy":"product_cat","embeddable":true,"href":"https:\/\/dev.monti.lt\/en\/wp-json\/wp\/v2\/product_cat?post=8051"},{"taxonomy":"product_tag","embeddable":true,"href":"https:\/\/dev.monti.lt\/en\/wp-json\/wp\/v2\/product_tag?post=8051"}],"curies":[{"name":"wp","href":"https:\/\/api.w.org\/{rel}","templated":true}]}}