{"id":8041,"date":"2022-05-12T09:13:44","date_gmt":"2022-05-12T09:13:44","guid":{"rendered":"https:\/\/dev.monti.lt\/?post_type=product&#038;p=8041"},"modified":"2024-09-27T07:23:54","modified_gmt":"2024-09-27T07:23:54","slug":"sensorine-knygele-peledziukas","status":"publish","type":"product","link":"https:\/\/dev.monti.lt\/en\/product\/sensorine-knygele-peledziukas\/","title":{"rendered":"Sensorin\u0117 knygel\u0117 &#8220;Pel\u0117d\u017eiukas&#8221;"},"content":{"rendered":"<p><span class=\"\">Vaikai vystosi ir mokosi aplink\u0105 per poj\u016b\u010dius.<\/span><\/p>\n<p><span class=\"\">K<b>ontrasting\u0173 ra\u0161t\u0173&nbsp; knygel\u0117<\/b><\/span><span class=\"\"> p<\/span><span class=\"\">uiki \u012f\u017eanga pa\u017einti gyv\u016bnijos pasaul\u012f.<\/span><\/p>\n<p>Knygel\u0119 sudaro 4&nbsp; puslapiai, tarp kuri\u0173 rasite pel\u0117d\u0105, drambl\u012f, zebr\u0105, krokodil\u0105 ir kt.<\/p>\n<p>Knygel\u0117 pagaminta i\u0161 skirting\u0173 tekst\u016br\u0173 atkreipiant d\u0117mes\u012f \u012f kiekvien\u0105 smulkmen\u0105:<\/p>\n<ul>\n<li>\u0160lamantys puslapiai<\/li>\n<li>I\u0161 knygos puslapi\u0173 i\u0161lindusios gyv\u016bn\u0117li\u0173 uodegyt\u0117s ar ausyt\u0117s<\/li>\n<li>Gyv\u016bn\u0173 vardai angl\u0173 kalba<\/li>\n<li>Kontrastingi ra\u0161tai.<\/li>\n<\/ul>\n<p><strong>Knygel\u0117s i\u0161matavimai:<\/strong>&nbsp;14cm x 12,5cm x 2cm<\/p>","protected":false},"excerpt":{"rendered":"<p>&nbsp;<\/p>\n<p>&nbsp;<\/p>","protected":false},"featured_media":8042,"template":"","meta":{"iawp_total_views":86},"product_cat":[81,84,90,86,49,39],"product_tag":[95,96,94],"class_list":{"0":"post-8041","1":"product","2":"type-product","3":"status-publish","4":"has-post-thumbnail","6":"product_cat-kiti-zaislai","7":"product_cat-lavinamieji-zaislai","8":"product_cat-pasaulio-pazinimas","9":"product_cat-smulkioji-motorika","10":"product_cat-visi-zaislai","11":"product_cat-zaislai","12":"product_tag-1-m-2-m","13":"product_tag-2-m-3-m","14":"product_tag-iki-1-m","16":"first","17":"instock","18":"featured","19":"taxable","20":"shipping-taxable","21":"purchasable","22":"product-type-simple"},"yoast_head":"<!-- This site is optimized with the Yoast SEO plugin v23.3 - https:\/\/yoast.com\/wordpress\/plugins\/seo\/ -->\n<title>Sensorin\u0117 knygel\u0117 &quot;Pel\u0117d\u017eiukas&quot; - Montessori \u017eaislai<\/title>\n<meta name=\"robots\" content=\"noindex, follow, max-snippet:-1, max-image-preview:large, max-video-preview:-1\" \/>\n<meta property=\"og:locale\" content=\"en_US\" \/>\n<meta property=\"og:type\" content=\"article\" \/>\n<meta property=\"og:title\" content=\"Sensorin\u0117 knygel\u0117 &quot;Pel\u0117d\u017eiukas&quot; - Montessori \u017eaislai\" \/>\n<meta property=\"og:description\" content=\"&nbsp;  &nbsp;\" \/>\n<meta property=\"og:url\" content=\"https:\/\/dev.monti.lt\/en\/product\/sensorine-knygele-peledziukas\/\" \/>\n<meta property=\"og:site_name\" content=\"Montessori \u017eaislai\" \/>\n<meta property=\"article:modified_time\" content=\"2024-09-27T07:23:54+00:00\" \/>\n<meta property=\"og:image\" content=\"https:\/\/dev.monti.lt\/wp-content\/uploads\/2022\/05\/KX564078094.jpg\" \/>\n\t<meta property=\"og:image:width\" content=\"1024\" \/>\n\t<meta property=\"og:image:height\" content=\"768\" \/>\n\t<meta property=\"og:image:type\" content=\"image\/jpeg\" \/>\n<meta name=\"twitter:card\" content=\"summary_large_image\" \/>\n<meta name=\"twitter:label1\" content=\"Est. reading time\" \/>\n\t<meta name=\"twitter:data1\" content=\"1 minute\" \/>\n<script type=\"application\/ld+json\" class=\"yoast-schema-graph\">{\"@context\":\"https:\/\/schema.org\",\"@graph\":[{\"@type\":\"WebPage\",\"@id\":\"https:\/\/dev.monti.lt\/product\/sensorine-knygele-peledziukas\/\",\"url\":\"https:\/\/dev.monti.lt\/product\/sensorine-knygele-peledziukas\/\",\"name\":\"Sensorin\u0117 knygel\u0117 \\\"Pel\u0117d\u017eiukas\\\" - Montessori \u017eaislai\",\"isPartOf\":{\"@id\":\"https:\/\/dev.monti.lt\/#website\"},\"primaryImageOfPage\":{\"@id\":\"https:\/\/dev.monti.lt\/product\/sensorine-knygele-peledziukas\/#primaryimage\"},\"image\":{\"@id\":\"https:\/\/dev.monti.lt\/product\/sensorine-knygele-peledziukas\/#primaryimage\"},\"thumbnailUrl\":\"https:\/\/dev.monti.lt\/wp-content\/uploads\/2022\/05\/KX564078094.jpg\",\"datePublished\":\"2022-05-12T09:13:44+00:00\",\"dateModified\":\"2024-09-27T07:23:54+00:00\",\"breadcrumb\":{\"@id\":\"https:\/\/dev.monti.lt\/product\/sensorine-knygele-peledziukas\/#breadcrumb\"},\"inLanguage\":\"en-US\",\"potentialAction\":[{\"@type\":\"ReadAction\",\"target\":[\"https:\/\/dev.monti.lt\/product\/sensorine-knygele-peledziukas\/\"]}]},{\"@type\":\"ImageObject\",\"inLanguage\":\"en-US\",\"@id\":\"https:\/\/dev.monti.lt\/product\/sensorine-knygele-peledziukas\/#primaryimage\",\"url\":\"https:\/\/dev.monti.lt\/wp-content\/uploads\/2022\/05\/KX564078094.jpg\",\"contentUrl\":\"https:\/\/dev.monti.lt\/wp-content\/uploads\/2022\/05\/KX564078094.jpg\",\"width\":1024,\"height\":768},{\"@type\":\"BreadcrumbList\",\"@id\":\"https:\/\/dev.monti.lt\/product\/sensorine-knygele-peledziukas\/#breadcrumb\",\"itemListElement\":[{\"@type\":\"ListItem\",\"position\":1,\"name\":\"Home\",\"item\":\"https:\/\/dev.monti.lt\/\"},{\"@type\":\"ListItem\",\"position\":2,\"name\":\"Parduotuv\u0117\",\"item\":\"https:\/\/dev.monti.lt\/shop\/\"},{\"@type\":\"ListItem\",\"position\":3,\"name\":\"Sensorin\u0117 knygel\u0117 &#8220;Pel\u0117d\u017eiukas&#8221;\"}]},{\"@type\":\"WebSite\",\"@id\":\"https:\/\/dev.monti.lt\/#website\",\"url\":\"https:\/\/dev.monti.lt\/\",\"name\":\"Montessori \u017eaislai\",\"description\":\"\",\"publisher\":{\"@id\":\"https:\/\/dev.monti.lt\/#organization\"},\"potentialAction\":[{\"@type\":\"SearchAction\",\"target\":{\"@type\":\"EntryPoint\",\"urlTemplate\":\"https:\/\/dev.monti.lt\/?s={search_term_string}\"},\"query-input\":\"required name=search_term_string\"}],\"inLanguage\":\"en-US\"},{\"@type\":\"Organization\",\"@id\":\"https:\/\/dev.monti.lt\/#organization\",\"name\":\"Montessori \u017eaislai\",\"url\":\"https:\/\/dev.monti.lt\/\",\"logo\":{\"@type\":\"ImageObject\",\"inLanguage\":\"en-US\",\"@id\":\"https:\/\/dev.monti.lt\/#\/schema\/logo\/image\/\",\"url\":\"https:\/\/dev.monti.lt\/wp-content\/uploads\/2022\/03\/montilogo-1.png\",\"contentUrl\":\"https:\/\/dev.monti.lt\/wp-content\/uploads\/2022\/03\/montilogo-1.png\",\"width\":512,\"height\":512,\"caption\":\"Montessori \u017eaislai\"},\"image\":{\"@id\":\"https:\/\/dev.monti.lt\/#\/schema\/logo\/image\/\"}}]}<\/script>\n<!-- \/ Yoast SEO plugin. -->","yoast_head_json":{"title":"Sensorin\u0117 knygel\u0117 \"Pel\u0117d\u017eiukas\" - Montessori \u017eaislai","robots":{"index":"noindex","follow":"follow","max-snippet":"max-snippet:-1","max-image-preview":"max-image-preview:large","max-video-preview":"max-video-preview:-1"},"og_locale":"en_US","og_type":"article","og_title":"Sensorin\u0117 knygel\u0117 \"Pel\u0117d\u017eiukas\" - Montessori \u017eaislai","og_description":"&nbsp;  &nbsp;","og_url":"https:\/\/dev.monti.lt\/en\/product\/sensorine-knygele-peledziukas\/","og_site_name":"Montessori \u017eaislai","article_modified_time":"2024-09-27T07:23:54+00:00","og_image":[{"width":1024,"height":768,"url":"https:\/\/dev.monti.lt\/wp-content\/uploads\/2022\/05\/KX564078094.jpg","type":"image\/jpeg"}],"twitter_card":"summary_large_image","twitter_misc":{"Est. reading time":"1 minute"},"schema":{"@context":"https:\/\/schema.org","@graph":[{"@type":"WebPage","@id":"https:\/\/dev.monti.lt\/product\/sensorine-knygele-peledziukas\/","url":"https:\/\/dev.monti.lt\/product\/sensorine-knygele-peledziukas\/","name":"Sensorin\u0117 knygel\u0117 \"Pel\u0117d\u017eiukas\" - Montessori \u017eaislai","isPartOf":{"@id":"https:\/\/dev.monti.lt\/#website"},"primaryImageOfPage":{"@id":"https:\/\/dev.monti.lt\/product\/sensorine-knygele-peledziukas\/#primaryimage"},"image":{"@id":"https:\/\/dev.monti.lt\/product\/sensorine-knygele-peledziukas\/#primaryimage"},"thumbnailUrl":"https:\/\/dev.monti.lt\/wp-content\/uploads\/2022\/05\/KX564078094.jpg","datePublished":"2022-05-12T09:13:44+00:00","dateModified":"2024-09-27T07:23:54+00:00","breadcrumb":{"@id":"https:\/\/dev.monti.lt\/product\/sensorine-knygele-peledziukas\/#breadcrumb"},"inLanguage":"en-US","potentialAction":[{"@type":"ReadAction","target":["https:\/\/dev.monti.lt\/product\/sensorine-knygele-peledziukas\/"]}]},{"@type":"ImageObject","inLanguage":"en-US","@id":"https:\/\/dev.monti.lt\/product\/sensorine-knygele-peledziukas\/#primaryimage","url":"https:\/\/dev.monti.lt\/wp-content\/uploads\/2022\/05\/KX564078094.jpg","contentUrl":"https:\/\/dev.monti.lt\/wp-content\/uploads\/2022\/05\/KX564078094.jpg","width":1024,"height":768},{"@type":"BreadcrumbList","@id":"https:\/\/dev.monti.lt\/product\/sensorine-knygele-peledziukas\/#breadcrumb","itemListElement":[{"@type":"ListItem","position":1,"name":"Home","item":"https:\/\/dev.monti.lt\/"},{"@type":"ListItem","position":2,"name":"Parduotuv\u0117","item":"https:\/\/dev.monti.lt\/shop\/"},{"@type":"ListItem","position":3,"name":"Sensorin\u0117 knygel\u0117 &#8220;Pel\u0117d\u017eiukas&#8221;"}]},{"@type":"WebSite","@id":"https:\/\/dev.monti.lt\/#website","url":"https:\/\/dev.monti.lt\/","name":"Montessori \u017eaislai","description":"","publisher":{"@id":"https:\/\/dev.monti.lt\/#organization"},"potentialAction":[{"@type":"SearchAction","target":{"@type":"EntryPoint","urlTemplate":"https:\/\/dev.monti.lt\/?s={search_term_string}"},"query-input":"required name=search_term_string"}],"inLanguage":"en-US"},{"@type":"Organization","@id":"https:\/\/dev.monti.lt\/#organization","name":"Montessori \u017eaislai","url":"https:\/\/dev.monti.lt\/","logo":{"@type":"ImageObject","inLanguage":"en-US","@id":"https:\/\/dev.monti.lt\/#\/schema\/logo\/image\/","url":"https:\/\/dev.monti.lt\/wp-content\/uploads\/2022\/03\/montilogo-1.png","contentUrl":"https:\/\/dev.monti.lt\/wp-content\/uploads\/2022\/03\/montilogo-1.png","width":512,"height":512,"caption":"Montessori \u017eaislai"},"image":{"@id":"https:\/\/dev.monti.lt\/#\/schema\/logo\/image\/"}}]}},"_links":{"self":[{"href":"https:\/\/dev.monti.lt\/en\/wp-json\/wp\/v2\/product\/8041"}],"collection":[{"href":"https:\/\/dev.monti.lt\/en\/wp-json\/wp\/v2\/product"}],"about":[{"href":"https:\/\/dev.monti.lt\/en\/wp-json\/wp\/v2\/types\/product"}],"version-history":[{"count":6,"href":"https:\/\/dev.monti.lt\/en\/wp-json\/wp\/v2\/product\/8041\/revisions"}],"predecessor-version":[{"id":13210,"href":"https:\/\/dev.monti.lt\/en\/wp-json\/wp\/v2\/product\/8041\/revisions\/13210"}],"wp:featuredmedia":[{"embeddable":true,"href":"https:\/\/dev.monti.lt\/en\/wp-json\/wp\/v2\/media\/8042"}],"wp:attachment":[{"href":"https:\/\/dev.monti.lt\/en\/wp-json\/wp\/v2\/media?parent=8041"}],"wp:term":[{"taxonomy":"product_cat","embeddable":true,"href":"https:\/\/dev.monti.lt\/en\/wp-json\/wp\/v2\/product_cat?post=8041"},{"taxonomy":"product_tag","embeddable":true,"href":"https:\/\/dev.monti.lt\/en\/wp-json\/wp\/v2\/product_tag?post=8041"}],"curies":[{"name":"wp","href":"https:\/\/api.w.org\/{rel}","templated":true}]}}