{"id":7895,"date":"2022-04-25T11:59:26","date_gmt":"2022-04-25T11:59:26","guid":{"rendered":"https:\/\/dev.monti.lt\/?post_type=product&#038;p=7895"},"modified":"2024-10-09T14:17:17","modified_gmt":"2024-10-09T14:17:17","slug":"medinis-leliu-namas-xxl","status":"publish","type":"product","link":"https:\/\/dev.monti.lt\/en\/product\/medinis-leliu-namas-xxl\/","title":{"rendered":"Medinis l\u0117li\u0173 namas XXL 122 cm"},"content":{"rendered":"<p><span data-sheets-value=\"{&quot;1&quot;:2,&quot;2&quot;:&quot;\u0160is nuostabus trij\u0173 auk\u0161t\u0173 medinis namas, bus ne tik puikus u\u017esi\u0117mimas su t\u0117vais, j\u012f statant, bet ir puikiai lavins vaik\u0173 vaizduot\u0119 apgyvendinant mylimas l\u0117lytes ir \u017eaisliukus. Tegul vaik\u0173 vaizduot\u0117 kuria savo pasakas, \u0161iame moderniame ir jaukiame dideliame name.\\n\\nNamo matmenys:\\n\u2022 Visas dydis: 82cm x 33cm x 122cm \\n\u2022Auk\u0161to auk\u0161tis: 34 cm\\nLovos matmenys : 31 cm x 10,5 cm x 24,5 cm\\nStalo i\u0161matavimai : 11cm x 16cm x 11cm\\nFortepijono matmenys : 13 cm x 12,5 cm x 10 cm\\nVonios matmenys : 20cm x 10cm x 5cm\\nSofos i\u0161matavimai : 20cm x 8cm x 8,5cm\\nSk\u0117\u010dio auk\u0161tis : 28 cm\\nPakuot\u0117s i\u0161matavimai: 88cm x 40cm x 24cm\\n\\n\\n\u2022 Baldai (lova su baldakimu, \u010diu\u017einys ir pagalv\u0117, naktinis staliukas, 2 x k\u0117d\u0117s, stalas, pianinas, lempa, sk\u0117tis, sofa, vonia, tualetas) &quot;}\" data-sheets-userformat=\"{&quot;2&quot;:9021,&quot;3&quot;:{&quot;1&quot;:0},&quot;5&quot;:{&quot;1&quot;:[{&quot;1&quot;:2,&quot;2&quot;:0,&quot;5&quot;:{&quot;1&quot;:2,&quot;2&quot;:0}},{&quot;1&quot;:0,&quot;2&quot;:0,&quot;3&quot;:3},{&quot;1&quot;:1,&quot;2&quot;:0,&quot;4&quot;:1}]},&quot;6&quot;:{&quot;1&quot;:[{&quot;1&quot;:2,&quot;2&quot;:0,&quot;5&quot;:{&quot;1&quot;:2,&quot;2&quot;:0}},{&quot;1&quot;:0,&quot;2&quot;:0,&quot;3&quot;:3},{&quot;1&quot;:1,&quot;2&quot;:0,&quot;4&quot;:1}]},&quot;7&quot;:{&quot;1&quot;:[{&quot;1&quot;:2,&quot;2&quot;:0,&quot;5&quot;:{&quot;1&quot;:2,&quot;2&quot;:0}},{&quot;1&quot;:0,&quot;2&quot;:0,&quot;3&quot;:3},{&quot;1&quot;:1,&quot;2&quot;:0,&quot;4&quot;:1}]},&quot;8&quot;:{&quot;1&quot;:[{&quot;1&quot;:2,&quot;2&quot;:0,&quot;5&quot;:{&quot;1&quot;:2,&quot;2&quot;:0}},{&quot;1&quot;:0,&quot;2&quot;:0,&quot;3&quot;:3},{&quot;1&quot;:1,&quot;2&quot;:0,&quot;4&quot;:1}]},&quot;11&quot;:4,&quot;12&quot;:0,&quot;16&quot;:10}\">\u0160is nuostabus trij\u0173 auk\u0161t\u0173 medinis namas, bus ne tik puikus u\u017esi\u0117mimas su t\u0117vais, j\u012f statant, bet ir puikiai lavins vaik\u0173 vaizduot\u0119 apgyvendinant mylimas l\u0117lytes ir \u017eaisliukus. Tegul vaik\u0173 vaizduot\u0117 kuria savo pasakas, \u0161iame moderniame ir jaukiame dideliame name.<\/span><\/p>\n<p>Namo matmenys:<br \/>\n\u2022 Visas dydis: 82cm x 33cm x 122cm<br \/>\n\u2022Auk\u0161to auk\u0161tis: 34 cm<br \/>\nLovos matmenys : 31 cm x 10,5 cm x 24,5 cm<br \/>\nStalo i\u0161matavimai : 11cm x 16cm x 11cm<br \/>\nFortepijono matmenys : 13 cm x 12,5 cm x 10 cm<br \/>\nVonios matmenys : 20cm x 10cm x 5cm<br \/>\nSofos i\u0161matavimai : 20cm x 8cm x 8,5cm<br \/>\nSk\u0117\u010dio auk\u0161tis : 28 cm<br \/>\nPakuot\u0117s i\u0161matavimai: 88cm x 40cm x 24cm<\/p>\n<p>\u2022 Baldai (lova su baldakimu, \u010diu\u017einys ir pagalv\u0117, naktinis staliukas, 2 x k\u0117d\u0117s, stalas, pianinas, lempa, sk\u0117tis, sofa, vonia, tualetas)<\/p>","protected":false},"excerpt":{"rendered":"<p><span data-sheets-value=\"{\" data-sheets-userformat=\"{\">\u0160is nuostabus trij\u0173 auk\u0161t\u0173 medinis namas, bus ne tik puikus u\u017esi\u0117mimas su t\u0117vais, j\u012f statant, bet ir puikiai lavins vaik\u0173 vaizduot\u0119 apgyvendinant mylimas l\u0117lytes ir \u017eaisliukus. Tegul vaik\u0173 vaizduot\u0117 kuria savo pasakas, \u0161iame moderniame ir jaukiame dideliame name.<\/span><\/p>","protected":false},"featured_media":7897,"template":"","meta":{"iawp_total_views":92},"product_cat":[84,102,50,93,49,39],"product_tag":[97,98,99],"class_list":{"0":"post-7895","1":"product","2":"type-product","3":"status-publish","4":"has-post-thumbnail","6":"product_cat-lavinamieji-zaislai","7":"product_cat-mediniai-zaislai","8":"product_cat-top-dovanos","9":"product_cat-vaidmenu-zaidimai","10":"product_cat-visi-zaislai","11":"product_cat-zaislai","12":"product_tag-3-m-4-m","13":"product_tag-5-m-7-m","14":"product_tag-8-m-11-m","16":"first","17":"outofstock","18":"taxable","19":"shipping-taxable","20":"purchasable","21":"product-type-simple"},"yoast_head":"<!-- This site is optimized with the Yoast SEO plugin v23.3 - https:\/\/yoast.com\/wordpress\/plugins\/seo\/ -->\n<title>Medinis l\u0117li\u0173 namas XXL 122 cm - Montessori \u017eaislai<\/title>\n<meta name=\"robots\" content=\"noindex, follow, max-snippet:-1, max-image-preview:large, max-video-preview:-1\" \/>\n<meta property=\"og:locale\" content=\"en_US\" \/>\n<meta property=\"og:type\" content=\"article\" \/>\n<meta property=\"og:title\" content=\"Medinis l\u0117li\u0173 namas XXL 122 cm - Montessori \u017eaislai\" \/>\n<meta property=\"og:description\" content=\"\u0160is nuostabus trij\u0173 auk\u0161t\u0173 medinis namas, bus ne tik puikus u\u017esi\u0117mimas su t\u0117vais, j\u012f statant, bet ir puikiai lavins vaik\u0173 vaizduot\u0119 apgyvendinant mylimas l\u0117lytes ir \u017eaisliukus. Tegul vaik\u0173 vaizduot\u0117 kuria savo pasakas, \u0161iame moderniame ir jaukiame dideliame name.\" \/>\n<meta property=\"og:url\" content=\"https:\/\/dev.monti.lt\/en\/product\/medinis-leliu-namas-xxl\/\" \/>\n<meta property=\"og:site_name\" content=\"Montessori \u017eaislai\" \/>\n<meta property=\"article:modified_time\" content=\"2024-10-09T14:17:17+00:00\" \/>\n<meta property=\"og:image\" content=\"https:\/\/dev.monti.lt\/wp-content\/uploads\/2022\/04\/KX648767095.jpg\" \/>\n\t<meta property=\"og:image:width\" content=\"1600\" \/>\n\t<meta property=\"og:image:height\" content=\"1200\" \/>\n\t<meta property=\"og:image:type\" content=\"image\/jpeg\" \/>\n<meta name=\"twitter:card\" content=\"summary_large_image\" \/>\n<meta name=\"twitter:label1\" content=\"Est. reading time\" \/>\n\t<meta name=\"twitter:data1\" content=\"1 minute\" \/>\n<script type=\"application\/ld+json\" class=\"yoast-schema-graph\">{\"@context\":\"https:\/\/schema.org\",\"@graph\":[{\"@type\":\"WebPage\",\"@id\":\"https:\/\/dev.monti.lt\/product\/medinis-leliu-namas-xxl\/\",\"url\":\"https:\/\/dev.monti.lt\/product\/medinis-leliu-namas-xxl\/\",\"name\":\"Medinis l\u0117li\u0173 namas XXL 122 cm - Montessori \u017eaislai\",\"isPartOf\":{\"@id\":\"https:\/\/dev.monti.lt\/#website\"},\"primaryImageOfPage\":{\"@id\":\"https:\/\/dev.monti.lt\/product\/medinis-leliu-namas-xxl\/#primaryimage\"},\"image\":{\"@id\":\"https:\/\/dev.monti.lt\/product\/medinis-leliu-namas-xxl\/#primaryimage\"},\"thumbnailUrl\":\"https:\/\/dev.monti.lt\/wp-content\/uploads\/2022\/04\/KX648767095.jpg\",\"datePublished\":\"2022-04-25T11:59:26+00:00\",\"dateModified\":\"2024-10-09T14:17:17+00:00\",\"breadcrumb\":{\"@id\":\"https:\/\/dev.monti.lt\/product\/medinis-leliu-namas-xxl\/#breadcrumb\"},\"inLanguage\":\"en-US\",\"potentialAction\":[{\"@type\":\"ReadAction\",\"target\":[\"https:\/\/dev.monti.lt\/product\/medinis-leliu-namas-xxl\/\"]}]},{\"@type\":\"ImageObject\",\"inLanguage\":\"en-US\",\"@id\":\"https:\/\/dev.monti.lt\/product\/medinis-leliu-namas-xxl\/#primaryimage\",\"url\":\"https:\/\/dev.monti.lt\/wp-content\/uploads\/2022\/04\/KX648767095.jpg\",\"contentUrl\":\"https:\/\/dev.monti.lt\/wp-content\/uploads\/2022\/04\/KX648767095.jpg\",\"width\":1600,\"height\":1200},{\"@type\":\"BreadcrumbList\",\"@id\":\"https:\/\/dev.monti.lt\/product\/medinis-leliu-namas-xxl\/#breadcrumb\",\"itemListElement\":[{\"@type\":\"ListItem\",\"position\":1,\"name\":\"Home\",\"item\":\"https:\/\/dev.monti.lt\/\"},{\"@type\":\"ListItem\",\"position\":2,\"name\":\"Parduotuv\u0117\",\"item\":\"https:\/\/dev.monti.lt\/shop\/\"},{\"@type\":\"ListItem\",\"position\":3,\"name\":\"Medinis l\u0117li\u0173 namas XXL 122 cm\"}]},{\"@type\":\"WebSite\",\"@id\":\"https:\/\/dev.monti.lt\/#website\",\"url\":\"https:\/\/dev.monti.lt\/\",\"name\":\"Montessori \u017eaislai\",\"description\":\"\",\"publisher\":{\"@id\":\"https:\/\/dev.monti.lt\/#organization\"},\"potentialAction\":[{\"@type\":\"SearchAction\",\"target\":{\"@type\":\"EntryPoint\",\"urlTemplate\":\"https:\/\/dev.monti.lt\/?s={search_term_string}\"},\"query-input\":\"required name=search_term_string\"}],\"inLanguage\":\"en-US\"},{\"@type\":\"Organization\",\"@id\":\"https:\/\/dev.monti.lt\/#organization\",\"name\":\"Montessori \u017eaislai\",\"url\":\"https:\/\/dev.monti.lt\/\",\"logo\":{\"@type\":\"ImageObject\",\"inLanguage\":\"en-US\",\"@id\":\"https:\/\/dev.monti.lt\/#\/schema\/logo\/image\/\",\"url\":\"https:\/\/dev.monti.lt\/wp-content\/uploads\/2022\/03\/montilogo-1.png\",\"contentUrl\":\"https:\/\/dev.monti.lt\/wp-content\/uploads\/2022\/03\/montilogo-1.png\",\"width\":512,\"height\":512,\"caption\":\"Montessori \u017eaislai\"},\"image\":{\"@id\":\"https:\/\/dev.monti.lt\/#\/schema\/logo\/image\/\"}}]}<\/script>\n<!-- \/ Yoast SEO plugin. -->","yoast_head_json":{"title":"Medinis l\u0117li\u0173 namas XXL 122 cm - Montessori \u017eaislai","robots":{"index":"noindex","follow":"follow","max-snippet":"max-snippet:-1","max-image-preview":"max-image-preview:large","max-video-preview":"max-video-preview:-1"},"og_locale":"en_US","og_type":"article","og_title":"Medinis l\u0117li\u0173 namas XXL 122 cm - Montessori \u017eaislai","og_description":"\u0160is nuostabus trij\u0173 auk\u0161t\u0173 medinis namas, bus ne tik puikus u\u017esi\u0117mimas su t\u0117vais, j\u012f statant, bet ir puikiai lavins vaik\u0173 vaizduot\u0119 apgyvendinant mylimas l\u0117lytes ir \u017eaisliukus. Tegul vaik\u0173 vaizduot\u0117 kuria savo pasakas, \u0161iame moderniame ir jaukiame dideliame name.","og_url":"https:\/\/dev.monti.lt\/en\/product\/medinis-leliu-namas-xxl\/","og_site_name":"Montessori \u017eaislai","article_modified_time":"2024-10-09T14:17:17+00:00","og_image":[{"width":1600,"height":1200,"url":"https:\/\/dev.monti.lt\/wp-content\/uploads\/2022\/04\/KX648767095.jpg","type":"image\/jpeg"}],"twitter_card":"summary_large_image","twitter_misc":{"Est. reading time":"1 minute"},"schema":{"@context":"https:\/\/schema.org","@graph":[{"@type":"WebPage","@id":"https:\/\/dev.monti.lt\/product\/medinis-leliu-namas-xxl\/","url":"https:\/\/dev.monti.lt\/product\/medinis-leliu-namas-xxl\/","name":"Medinis l\u0117li\u0173 namas XXL 122 cm - Montessori \u017eaislai","isPartOf":{"@id":"https:\/\/dev.monti.lt\/#website"},"primaryImageOfPage":{"@id":"https:\/\/dev.monti.lt\/product\/medinis-leliu-namas-xxl\/#primaryimage"},"image":{"@id":"https:\/\/dev.monti.lt\/product\/medinis-leliu-namas-xxl\/#primaryimage"},"thumbnailUrl":"https:\/\/dev.monti.lt\/wp-content\/uploads\/2022\/04\/KX648767095.jpg","datePublished":"2022-04-25T11:59:26+00:00","dateModified":"2024-10-09T14:17:17+00:00","breadcrumb":{"@id":"https:\/\/dev.monti.lt\/product\/medinis-leliu-namas-xxl\/#breadcrumb"},"inLanguage":"en-US","potentialAction":[{"@type":"ReadAction","target":["https:\/\/dev.monti.lt\/product\/medinis-leliu-namas-xxl\/"]}]},{"@type":"ImageObject","inLanguage":"en-US","@id":"https:\/\/dev.monti.lt\/product\/medinis-leliu-namas-xxl\/#primaryimage","url":"https:\/\/dev.monti.lt\/wp-content\/uploads\/2022\/04\/KX648767095.jpg","contentUrl":"https:\/\/dev.monti.lt\/wp-content\/uploads\/2022\/04\/KX648767095.jpg","width":1600,"height":1200},{"@type":"BreadcrumbList","@id":"https:\/\/dev.monti.lt\/product\/medinis-leliu-namas-xxl\/#breadcrumb","itemListElement":[{"@type":"ListItem","position":1,"name":"Home","item":"https:\/\/dev.monti.lt\/"},{"@type":"ListItem","position":2,"name":"Parduotuv\u0117","item":"https:\/\/dev.monti.lt\/shop\/"},{"@type":"ListItem","position":3,"name":"Medinis l\u0117li\u0173 namas XXL 122 cm"}]},{"@type":"WebSite","@id":"https:\/\/dev.monti.lt\/#website","url":"https:\/\/dev.monti.lt\/","name":"Montessori \u017eaislai","description":"","publisher":{"@id":"https:\/\/dev.monti.lt\/#organization"},"potentialAction":[{"@type":"SearchAction","target":{"@type":"EntryPoint","urlTemplate":"https:\/\/dev.monti.lt\/?s={search_term_string}"},"query-input":"required name=search_term_string"}],"inLanguage":"en-US"},{"@type":"Organization","@id":"https:\/\/dev.monti.lt\/#organization","name":"Montessori \u017eaislai","url":"https:\/\/dev.monti.lt\/","logo":{"@type":"ImageObject","inLanguage":"en-US","@id":"https:\/\/dev.monti.lt\/#\/schema\/logo\/image\/","url":"https:\/\/dev.monti.lt\/wp-content\/uploads\/2022\/03\/montilogo-1.png","contentUrl":"https:\/\/dev.monti.lt\/wp-content\/uploads\/2022\/03\/montilogo-1.png","width":512,"height":512,"caption":"Montessori \u017eaislai"},"image":{"@id":"https:\/\/dev.monti.lt\/#\/schema\/logo\/image\/"}}]}},"_links":{"self":[{"href":"https:\/\/dev.monti.lt\/en\/wp-json\/wp\/v2\/product\/7895"}],"collection":[{"href":"https:\/\/dev.monti.lt\/en\/wp-json\/wp\/v2\/product"}],"about":[{"href":"https:\/\/dev.monti.lt\/en\/wp-json\/wp\/v2\/types\/product"}],"version-history":[{"count":4,"href":"https:\/\/dev.monti.lt\/en\/wp-json\/wp\/v2\/product\/7895\/revisions"}],"predecessor-version":[{"id":14193,"href":"https:\/\/dev.monti.lt\/en\/wp-json\/wp\/v2\/product\/7895\/revisions\/14193"}],"wp:featuredmedia":[{"embeddable":true,"href":"https:\/\/dev.monti.lt\/en\/wp-json\/wp\/v2\/media\/7897"}],"wp:attachment":[{"href":"https:\/\/dev.monti.lt\/en\/wp-json\/wp\/v2\/media?parent=7895"}],"wp:term":[{"taxonomy":"product_cat","embeddable":true,"href":"https:\/\/dev.monti.lt\/en\/wp-json\/wp\/v2\/product_cat?post=7895"},{"taxonomy":"product_tag","embeddable":true,"href":"https:\/\/dev.monti.lt\/en\/wp-json\/wp\/v2\/product_tag?post=7895"}],"curies":[{"name":"wp","href":"https:\/\/api.w.org\/{rel}","templated":true}]}}