{"id":7864,"date":"2022-04-24T10:42:43","date_gmt":"2022-04-24T10:42:43","guid":{"rendered":"https:\/\/dev.monti.lt\/?post_type=product&#038;p=7864"},"modified":"2024-10-07T09:23:51","modified_gmt":"2024-10-07T09:23:51","slug":"balionu-paleidimo-delfinas-2","status":"publish","type":"product","link":"https:\/\/dev.monti.lt\/en\/product\/balionu-paleidimo-delfinas-2\/","title":{"rendered":"Oro balion\u0173 paleidimo delfinas"},"content":{"rendered":"<p><span data-sheets-value=\"{&quot;1&quot;:2,&quot;2&quot;:&quot;Smagus jud\u0117jimo \u017eaidimas\\n\\nPrad\u017eioje ant automobilio reikia u\u017esid\u0117ti pripu\u010diam\u0105 balion\u0105. Tada prijunkite automobil\u012f prie paleidimo \u012frenginio ir prip\u016bskite balion\u0105. Prip\u016bt\u0119 balion\u0105 oro, paspauskite paleidimo \u012frenginio mygtuk\u0105 ir steb\u0117kite, kokiu grei\u010diu jis va\u017eiuoja.\\n\\nOrganizuokite var\u017eybas ir patikrinkite, kuris automobilis atva\u017eiuos grei\u010diau ir toliau.\\nUnikalus \u017eaislas, kuris leis smagiai praleisti laik\u0105\\n\\nRinkin\u012f sudaro:\\nPaleidimo priemon\u0117\\n12x balionai\\n2x delfino formos automobiliai\\n1 x krabas ant rat\u0173\\n3x balion\u0173 jungtys\\n1x paleidimo aik\u0161tel\u0117\\n\\nMatmenys:\\nPaleidimo priemon\u0117: 19 cm x 14 cm x 23 cm\\nAutomobilis: 9 cm x 7,5 cm x 5 cm\\nPakuot\u0117s i\u0161matavimai: 20cm x 14cm x 15,5cm\\n\\nProduktas supakuotas \u012f kartonin\u0119 d\u0117\u017eut\u0119.&quot;}\" data-sheets-userformat=\"{&quot;2&quot;:14527,&quot;3&quot;:{&quot;1&quot;:0},&quot;4&quot;:{&quot;1&quot;:2,&quot;2&quot;:16777215},&quot;5&quot;:{&quot;1&quot;:[{&quot;1&quot;:2,&quot;2&quot;:0,&quot;5&quot;:{&quot;1&quot;:2,&quot;2&quot;:0}},{&quot;1&quot;:0,&quot;2&quot;:0,&quot;3&quot;:3},{&quot;1&quot;:1,&quot;2&quot;:0,&quot;4&quot;:1}]},&quot;6&quot;:{&quot;1&quot;:[{&quot;1&quot;:2,&quot;2&quot;:0,&quot;5&quot;:{&quot;1&quot;:2,&quot;2&quot;:0}},{&quot;1&quot;:0,&quot;2&quot;:0,&quot;3&quot;:3},{&quot;1&quot;:1,&quot;2&quot;:0,&quot;4&quot;:1}]},&quot;7&quot;:{&quot;1&quot;:[{&quot;1&quot;:2,&quot;2&quot;:0,&quot;5&quot;:{&quot;1&quot;:2,&quot;2&quot;:0}},{&quot;1&quot;:0,&quot;2&quot;:0,&quot;3&quot;:3},{&quot;1&quot;:1,&quot;2&quot;:0,&quot;4&quot;:1}]},&quot;8&quot;:{&quot;1&quot;:[{&quot;1&quot;:2,&quot;2&quot;:0,&quot;5&quot;:{&quot;1&quot;:2,&quot;2&quot;:0}},{&quot;1&quot;:0,&quot;2&quot;:0,&quot;3&quot;:3},{&quot;1&quot;:1,&quot;2&quot;:0,&quot;4&quot;:1}]},&quot;10&quot;:2,&quot;14&quot;:{&quot;1&quot;:2,&quot;2&quot;:0},&quot;15&quot;:&quot;Times New Roman&quot;,&quot;16&quot;:12}\">Smagus jud\u0117jimo \u017eaidimas<\/span><\/p>\n<p>Prad\u017eioje ant automobilio reikia u\u017esid\u0117ti pripu\u010diam\u0105 balion\u0105. Tada prijunkite automobil\u012f prie paleidimo \u012frenginio ir prip\u016bskite balion\u0105. Prip\u016bt\u0119 balion\u0105 oru, paspauskite paleidimo \u012frenginio mygtuk\u0105 ir steb\u0117kite, kokiu grei\u010diu jis va\u017eiuoja.<\/p>\n<p>Organizuokite var\u017eybas ir patikrinkite, kuris automobilis atva\u017eiuos grei\u010diau ir toliau.<br \/>\nUnikalus \u017eaislas, kuris leis smagiai praleisti laik\u0105.<\/p>\n<p>Rinkin\u012f sudaro:<br \/>\nPaleidimo priemon\u0117<br \/>\n12x balionai<br \/>\n2x delfino formos automobiliai<br \/>\n1 x krabas ant rat\u0173<br \/>\n3x balion\u0173 jungtys<br \/>\n1x paleidimo aik\u0161tel\u0117<\/p>\n<p>Matmenys:<br \/>\nPaleidimo priemon\u0117: 19 cm x 14 cm x 23 cm<br \/>\nAutomobilis: 9 cm x 7,5 cm x 5 cm<br \/>\nPakuot\u0117s i\u0161matavimai: 20cm x 14cm x 15,5cm<\/p>\n<p>Produktas supakuotas \u012f kartonin\u0119 d\u0117\u017eut\u0119.<\/p>","protected":false},"excerpt":{"rendered":"<p>Smagus \u017eaidimas su balionais ir ma\u0161inomis, juos pripu\u010diant su specialiu delfinu.<\/p>","protected":false},"featured_media":7865,"template":"","meta":{"iawp_total_views":598},"product_cat":[218,194,195,197,196,191,192,84,91,90,50,49,39],"product_tag":[96,97,98,99],"class_list":{"0":"post-7864","1":"product","2":"type-product","3":"status-publish","4":"has-post-thumbnail","6":"product_cat-darzeliu-grupems","7":"product_cat-dovanos-vaikams-2-3-metu","8":"product_cat-dovanos-vaikams-3-4-metu","9":"product_cat-dovanos-berniukams","10":"product_cat-dovanos-mergaitems","11":"product_cat-dovanos-vaikams","12":"product_cat-kaledines-dovanos-vaikams","13":"product_cat-lavinamieji-zaislai","14":"product_cat-loginiam-mastymui","15":"product_cat-pasaulio-pazinimas","16":"product_cat-top-dovanos","17":"product_cat-visi-zaislai","18":"product_cat-zaislai","19":"product_tag-2-m-3-m","20":"product_tag-3-m-4-m","21":"product_tag-5-m-7-m","22":"product_tag-8-m-11-m","24":"first","25":"instock","26":"taxable","27":"shipping-taxable","28":"purchasable","29":"product-type-simple"},"yoast_head":"<!-- This site is optimized with the Yoast SEO plugin v23.3 - https:\/\/yoast.com\/wordpress\/plugins\/seo\/ -->\n<title>Oro balion\u0173 paleidimo delfinas - Montessori \u017eaislai<\/title>\n<meta name=\"robots\" content=\"noindex, follow, max-snippet:-1, max-image-preview:large, max-video-preview:-1\" \/>\n<meta property=\"og:locale\" content=\"en_US\" \/>\n<meta property=\"og:type\" content=\"article\" \/>\n<meta property=\"og:title\" content=\"Oro balion\u0173 paleidimo delfinas - Montessori \u017eaislai\" \/>\n<meta property=\"og:description\" content=\"Smagus \u017eaidimas su balionais ir ma\u0161inomis, juos pripu\u010diant su specialiu delfinu.\" \/>\n<meta property=\"og:url\" content=\"https:\/\/dev.monti.lt\/en\/product\/balionu-paleidimo-delfinas-2\/\" \/>\n<meta property=\"og:site_name\" content=\"Montessori \u017eaislai\" \/>\n<meta property=\"article:modified_time\" content=\"2024-10-07T09:23:51+00:00\" \/>\n<meta property=\"og:image\" content=\"https:\/\/dev.monti.lt\/wp-content\/uploads\/2022\/04\/KX592072778-2.jpg\" \/>\n\t<meta property=\"og:image:width\" content=\"1600\" \/>\n\t<meta property=\"og:image:height\" content=\"1200\" \/>\n\t<meta property=\"og:image:type\" content=\"image\/jpeg\" \/>\n<meta name=\"twitter:card\" content=\"summary_large_image\" \/>\n<meta name=\"twitter:label1\" content=\"Est. reading time\" \/>\n\t<meta name=\"twitter:data1\" content=\"1 minute\" \/>\n<script type=\"application\/ld+json\" class=\"yoast-schema-graph\">{\"@context\":\"https:\/\/schema.org\",\"@graph\":[{\"@type\":\"WebPage\",\"@id\":\"https:\/\/dev.monti.lt\/product\/balionu-paleidimo-delfinas-2\/\",\"url\":\"https:\/\/dev.monti.lt\/product\/balionu-paleidimo-delfinas-2\/\",\"name\":\"Oro balion\u0173 paleidimo delfinas - Montessori \u017eaislai\",\"isPartOf\":{\"@id\":\"https:\/\/dev.monti.lt\/#website\"},\"primaryImageOfPage\":{\"@id\":\"https:\/\/dev.monti.lt\/product\/balionu-paleidimo-delfinas-2\/#primaryimage\"},\"image\":{\"@id\":\"https:\/\/dev.monti.lt\/product\/balionu-paleidimo-delfinas-2\/#primaryimage\"},\"thumbnailUrl\":\"https:\/\/dev.monti.lt\/wp-content\/uploads\/2022\/04\/KX592072778-2.jpg\",\"datePublished\":\"2022-04-24T10:42:43+00:00\",\"dateModified\":\"2024-10-07T09:23:51+00:00\",\"breadcrumb\":{\"@id\":\"https:\/\/dev.monti.lt\/product\/balionu-paleidimo-delfinas-2\/#breadcrumb\"},\"inLanguage\":\"en-US\",\"potentialAction\":[{\"@type\":\"ReadAction\",\"target\":[\"https:\/\/dev.monti.lt\/product\/balionu-paleidimo-delfinas-2\/\"]}]},{\"@type\":\"ImageObject\",\"inLanguage\":\"en-US\",\"@id\":\"https:\/\/dev.monti.lt\/product\/balionu-paleidimo-delfinas-2\/#primaryimage\",\"url\":\"https:\/\/dev.monti.lt\/wp-content\/uploads\/2022\/04\/KX592072778-2.jpg\",\"contentUrl\":\"https:\/\/dev.monti.lt\/wp-content\/uploads\/2022\/04\/KX592072778-2.jpg\",\"width\":1600,\"height\":1200,\"caption\":\"balionu paleidimo delfinas\"},{\"@type\":\"BreadcrumbList\",\"@id\":\"https:\/\/dev.monti.lt\/product\/balionu-paleidimo-delfinas-2\/#breadcrumb\",\"itemListElement\":[{\"@type\":\"ListItem\",\"position\":1,\"name\":\"Home\",\"item\":\"https:\/\/dev.monti.lt\/\"},{\"@type\":\"ListItem\",\"position\":2,\"name\":\"Parduotuv\u0117\",\"item\":\"https:\/\/dev.monti.lt\/shop\/\"},{\"@type\":\"ListItem\",\"position\":3,\"name\":\"Oro balion\u0173 paleidimo delfinas\"}]},{\"@type\":\"WebSite\",\"@id\":\"https:\/\/dev.monti.lt\/#website\",\"url\":\"https:\/\/dev.monti.lt\/\",\"name\":\"Montessori \u017eaislai\",\"description\":\"\",\"publisher\":{\"@id\":\"https:\/\/dev.monti.lt\/#organization\"},\"potentialAction\":[{\"@type\":\"SearchAction\",\"target\":{\"@type\":\"EntryPoint\",\"urlTemplate\":\"https:\/\/dev.monti.lt\/?s={search_term_string}\"},\"query-input\":\"required name=search_term_string\"}],\"inLanguage\":\"en-US\"},{\"@type\":\"Organization\",\"@id\":\"https:\/\/dev.monti.lt\/#organization\",\"name\":\"Montessori \u017eaislai\",\"url\":\"https:\/\/dev.monti.lt\/\",\"logo\":{\"@type\":\"ImageObject\",\"inLanguage\":\"en-US\",\"@id\":\"https:\/\/dev.monti.lt\/#\/schema\/logo\/image\/\",\"url\":\"https:\/\/dev.monti.lt\/wp-content\/uploads\/2022\/03\/montilogo-1.png\",\"contentUrl\":\"https:\/\/dev.monti.lt\/wp-content\/uploads\/2022\/03\/montilogo-1.png\",\"width\":512,\"height\":512,\"caption\":\"Montessori \u017eaislai\"},\"image\":{\"@id\":\"https:\/\/dev.monti.lt\/#\/schema\/logo\/image\/\"}}]}<\/script>\n<!-- \/ Yoast SEO plugin. -->","yoast_head_json":{"title":"Oro balion\u0173 paleidimo delfinas - Montessori \u017eaislai","robots":{"index":"noindex","follow":"follow","max-snippet":"max-snippet:-1","max-image-preview":"max-image-preview:large","max-video-preview":"max-video-preview:-1"},"og_locale":"en_US","og_type":"article","og_title":"Oro balion\u0173 paleidimo delfinas - Montessori \u017eaislai","og_description":"Smagus \u017eaidimas su balionais ir ma\u0161inomis, juos pripu\u010diant su specialiu delfinu.","og_url":"https:\/\/dev.monti.lt\/en\/product\/balionu-paleidimo-delfinas-2\/","og_site_name":"Montessori \u017eaislai","article_modified_time":"2024-10-07T09:23:51+00:00","og_image":[{"width":1600,"height":1200,"url":"https:\/\/dev.monti.lt\/wp-content\/uploads\/2022\/04\/KX592072778-2.jpg","type":"image\/jpeg"}],"twitter_card":"summary_large_image","twitter_misc":{"Est. reading time":"1 minute"},"schema":{"@context":"https:\/\/schema.org","@graph":[{"@type":"WebPage","@id":"https:\/\/dev.monti.lt\/product\/balionu-paleidimo-delfinas-2\/","url":"https:\/\/dev.monti.lt\/product\/balionu-paleidimo-delfinas-2\/","name":"Oro balion\u0173 paleidimo delfinas - Montessori \u017eaislai","isPartOf":{"@id":"https:\/\/dev.monti.lt\/#website"},"primaryImageOfPage":{"@id":"https:\/\/dev.monti.lt\/product\/balionu-paleidimo-delfinas-2\/#primaryimage"},"image":{"@id":"https:\/\/dev.monti.lt\/product\/balionu-paleidimo-delfinas-2\/#primaryimage"},"thumbnailUrl":"https:\/\/dev.monti.lt\/wp-content\/uploads\/2022\/04\/KX592072778-2.jpg","datePublished":"2022-04-24T10:42:43+00:00","dateModified":"2024-10-07T09:23:51+00:00","breadcrumb":{"@id":"https:\/\/dev.monti.lt\/product\/balionu-paleidimo-delfinas-2\/#breadcrumb"},"inLanguage":"en-US","potentialAction":[{"@type":"ReadAction","target":["https:\/\/dev.monti.lt\/product\/balionu-paleidimo-delfinas-2\/"]}]},{"@type":"ImageObject","inLanguage":"en-US","@id":"https:\/\/dev.monti.lt\/product\/balionu-paleidimo-delfinas-2\/#primaryimage","url":"https:\/\/dev.monti.lt\/wp-content\/uploads\/2022\/04\/KX592072778-2.jpg","contentUrl":"https:\/\/dev.monti.lt\/wp-content\/uploads\/2022\/04\/KX592072778-2.jpg","width":1600,"height":1200,"caption":"balionu paleidimo delfinas"},{"@type":"BreadcrumbList","@id":"https:\/\/dev.monti.lt\/product\/balionu-paleidimo-delfinas-2\/#breadcrumb","itemListElement":[{"@type":"ListItem","position":1,"name":"Home","item":"https:\/\/dev.monti.lt\/"},{"@type":"ListItem","position":2,"name":"Parduotuv\u0117","item":"https:\/\/dev.monti.lt\/shop\/"},{"@type":"ListItem","position":3,"name":"Oro balion\u0173 paleidimo delfinas"}]},{"@type":"WebSite","@id":"https:\/\/dev.monti.lt\/#website","url":"https:\/\/dev.monti.lt\/","name":"Montessori \u017eaislai","description":"","publisher":{"@id":"https:\/\/dev.monti.lt\/#organization"},"potentialAction":[{"@type":"SearchAction","target":{"@type":"EntryPoint","urlTemplate":"https:\/\/dev.monti.lt\/?s={search_term_string}"},"query-input":"required name=search_term_string"}],"inLanguage":"en-US"},{"@type":"Organization","@id":"https:\/\/dev.monti.lt\/#organization","name":"Montessori \u017eaislai","url":"https:\/\/dev.monti.lt\/","logo":{"@type":"ImageObject","inLanguage":"en-US","@id":"https:\/\/dev.monti.lt\/#\/schema\/logo\/image\/","url":"https:\/\/dev.monti.lt\/wp-content\/uploads\/2022\/03\/montilogo-1.png","contentUrl":"https:\/\/dev.monti.lt\/wp-content\/uploads\/2022\/03\/montilogo-1.png","width":512,"height":512,"caption":"Montessori \u017eaislai"},"image":{"@id":"https:\/\/dev.monti.lt\/#\/schema\/logo\/image\/"}}]}},"_links":{"self":[{"href":"https:\/\/dev.monti.lt\/en\/wp-json\/wp\/v2\/product\/7864"}],"collection":[{"href":"https:\/\/dev.monti.lt\/en\/wp-json\/wp\/v2\/product"}],"about":[{"href":"https:\/\/dev.monti.lt\/en\/wp-json\/wp\/v2\/types\/product"}],"version-history":[{"count":4,"href":"https:\/\/dev.monti.lt\/en\/wp-json\/wp\/v2\/product\/7864\/revisions"}],"predecessor-version":[{"id":7891,"href":"https:\/\/dev.monti.lt\/en\/wp-json\/wp\/v2\/product\/7864\/revisions\/7891"}],"wp:featuredmedia":[{"embeddable":true,"href":"https:\/\/dev.monti.lt\/en\/wp-json\/wp\/v2\/media\/7865"}],"wp:attachment":[{"href":"https:\/\/dev.monti.lt\/en\/wp-json\/wp\/v2\/media?parent=7864"}],"wp:term":[{"taxonomy":"product_cat","embeddable":true,"href":"https:\/\/dev.monti.lt\/en\/wp-json\/wp\/v2\/product_cat?post=7864"},{"taxonomy":"product_tag","embeddable":true,"href":"https:\/\/dev.monti.lt\/en\/wp-json\/wp\/v2\/product_tag?post=7864"}],"curies":[{"name":"wp","href":"https:\/\/api.w.org\/{rel}","templated":true}]}}