{"id":7791,"date":"2022-04-19T11:53:46","date_gmt":"2022-04-19T11:53:46","guid":{"rendered":"https:\/\/dev.monti.lt\/?post_type=product&#038;p=7791"},"modified":"2024-10-08T17:49:06","modified_gmt":"2024-10-08T17:49:06","slug":"lavinamieji-kiausiniai","status":"publish","type":"product","link":"https:\/\/dev.monti.lt\/en\/product\/lavinamieji-kiausiniai\/","title":{"rendered":"Lavinamieji kiau\u0161iniai"},"content":{"rendered":"<p>K\u016brybingas kiau\u0161inio formos galvos\u016bkis tikrai sudomins kiekvien\u0105 ma\u017e\u0105j\u012f tyrin\u0117toj\u0105.<\/p>\n<p>Rinkin\u012f sudaro 12 kiau\u0161ini\u0173, po luk\u0161tu slepian\u010di\u0173 skirtingas formas ir spalvas.<\/p>\n<p>Smagu yra suderinti dvi puses viena prie kitos taip, kad jos sudaryt\u0173 visum\u0105.<\/p>\n<p>Prie\u0161ingai nei atrodo, tai n\u0117ra lengva u\u017eduotis, tod\u0117l, kad kiau\u0161iniai der\u0117t\u0173, jie tur\u0117t\u0173 b\u016bti derinami pagal form\u0105 ir spalv\u0105.<\/p>\n<p>\u017daidimas su margu\u010diais skatins login\u012f m\u0105stym\u0105, k\u016brybi\u0161kum\u0105 ir pad\u0117s lavinti rankinius \u012fg\u016bd\u017eius ma\u017eiausiems.<\/p>\n<p>Jie lengvi ir labai patog\u016bs. D\u0117l ma\u017eo dyd\u017eio juos galite pasiimti su savimi. Jie pagyvins ilg\u0105 varginan\u010di\u0105 kelion\u0119 ar laukim\u0105 eil\u0117je lankantis pas gydytoj\u0105.<\/p>\n<p>Viskas supakuota \u012f plastikin\u012f mai\u0161el\u012f.<\/p>\n<p><strong>1 kiau\u0161inio i\u0161matavimai (apimtis x auk\u0161tis):<\/strong> 15cm x 7,5cm<\/p>\n<p><strong>Pakuot\u0117s matmenys:<\/strong> 28cm x 9,5cm x 7,5cm<\/p>","protected":false},"excerpt":{"rendered":"<p>K\u016brybingas kiau\u0161inio formos galvos\u016bkis tikrai sudomins kiekvien\u0105 ma\u017e\u0105j\u012f tyrin\u0117toj\u0105. Rinkin\u012f sudaro 12 kiau\u0161ini\u0173, po luk\u0161tu slepian\u010di\u0173 skirtingas formas ir spalvas. Smagu yra suderinti dvi puses viena prie kitos taip, kad jos sudaryt\u0173 visum\u0105. Prie\u0161ingai nei atrodo, tai n\u0117ra lengva u\u017eduotis, tod\u0117l, kad kiau\u0161iniai der\u0117t\u0173, jie tur\u0117t\u0173 b\u016bti derinami pagal form\u0105 ir spalv\u0105. \u017daidimas su margu\u010diais [&hellip;]<\/p>","protected":false},"featured_media":7792,"template":"","meta":{"iawp_total_views":217},"product_cat":[92,84,91,90,86,49,39],"product_tag":[95,96,97,98],"class_list":{"0":"post-7791","1":"product","2":"type-product","3":"status-publish","4":"has-post-thumbnail","6":"product_cat-deliones","7":"product_cat-lavinamieji-zaislai","8":"product_cat-loginiam-mastymui","9":"product_cat-pasaulio-pazinimas","10":"product_cat-smulkioji-motorika","11":"product_cat-visi-zaislai","12":"product_cat-zaislai","13":"product_tag-1-m-2-m","14":"product_tag-2-m-3-m","15":"product_tag-3-m-4-m","16":"product_tag-5-m-7-m","18":"first","19":"instock","20":"taxable","21":"shipping-taxable","22":"purchasable","23":"product-type-simple"},"yoast_head":"<!-- This site is optimized with the Yoast SEO plugin v23.3 - https:\/\/yoast.com\/wordpress\/plugins\/seo\/ -->\n<title>Lavinamieji kiau\u0161iniai - Montessori \u017eaislai<\/title>\n<meta name=\"robots\" content=\"noindex, follow, max-snippet:-1, max-image-preview:large, max-video-preview:-1\" \/>\n<meta property=\"og:locale\" content=\"en_US\" \/>\n<meta property=\"og:type\" content=\"article\" \/>\n<meta property=\"og:title\" content=\"Lavinamieji kiau\u0161iniai - Montessori \u017eaislai\" \/>\n<meta property=\"og:description\" content=\"K\u016brybingas kiau\u0161inio formos galvos\u016bkis tikrai sudomins kiekvien\u0105 ma\u017e\u0105j\u012f tyrin\u0117toj\u0105. Rinkin\u012f sudaro 12 kiau\u0161ini\u0173, po luk\u0161tu slepian\u010di\u0173 skirtingas formas ir spalvas. Smagu yra suderinti dvi puses viena prie kitos taip, kad jos sudaryt\u0173 visum\u0105. Prie\u0161ingai nei atrodo, tai n\u0117ra lengva u\u017eduotis, tod\u0117l, kad kiau\u0161iniai der\u0117t\u0173, jie tur\u0117t\u0173 b\u016bti derinami pagal form\u0105 ir spalv\u0105. \u017daidimas su margu\u010diais [&hellip;]\" \/>\n<meta property=\"og:url\" content=\"https:\/\/dev.monti.lt\/en\/product\/lavinamieji-kiausiniai\/\" \/>\n<meta property=\"og:site_name\" content=\"Montessori \u017eaislai\" \/>\n<meta property=\"article:modified_time\" content=\"2024-10-08T17:49:06+00:00\" \/>\n<meta property=\"og:image\" content=\"https:\/\/dev.monti.lt\/wp-content\/uploads\/2022\/04\/KX596571670.jpg\" \/>\n\t<meta property=\"og:image:width\" content=\"1600\" \/>\n\t<meta property=\"og:image:height\" content=\"1200\" \/>\n\t<meta property=\"og:image:type\" content=\"image\/jpeg\" \/>\n<meta name=\"twitter:card\" content=\"summary_large_image\" \/>\n<meta name=\"twitter:label1\" content=\"Est. reading time\" \/>\n\t<meta name=\"twitter:data1\" content=\"1 minute\" \/>\n<script type=\"application\/ld+json\" class=\"yoast-schema-graph\">{\"@context\":\"https:\/\/schema.org\",\"@graph\":[{\"@type\":\"WebPage\",\"@id\":\"https:\/\/dev.monti.lt\/product\/lavinamieji-kiausiniai\/\",\"url\":\"https:\/\/dev.monti.lt\/product\/lavinamieji-kiausiniai\/\",\"name\":\"Lavinamieji kiau\u0161iniai - Montessori \u017eaislai\",\"isPartOf\":{\"@id\":\"https:\/\/dev.monti.lt\/#website\"},\"primaryImageOfPage\":{\"@id\":\"https:\/\/dev.monti.lt\/product\/lavinamieji-kiausiniai\/#primaryimage\"},\"image\":{\"@id\":\"https:\/\/dev.monti.lt\/product\/lavinamieji-kiausiniai\/#primaryimage\"},\"thumbnailUrl\":\"https:\/\/dev.monti.lt\/wp-content\/uploads\/2022\/04\/KX596571670.jpg\",\"datePublished\":\"2022-04-19T11:53:46+00:00\",\"dateModified\":\"2024-10-08T17:49:06+00:00\",\"breadcrumb\":{\"@id\":\"https:\/\/dev.monti.lt\/product\/lavinamieji-kiausiniai\/#breadcrumb\"},\"inLanguage\":\"en-US\",\"potentialAction\":[{\"@type\":\"ReadAction\",\"target\":[\"https:\/\/dev.monti.lt\/product\/lavinamieji-kiausiniai\/\"]}]},{\"@type\":\"ImageObject\",\"inLanguage\":\"en-US\",\"@id\":\"https:\/\/dev.monti.lt\/product\/lavinamieji-kiausiniai\/#primaryimage\",\"url\":\"https:\/\/dev.monti.lt\/wp-content\/uploads\/2022\/04\/KX596571670.jpg\",\"contentUrl\":\"https:\/\/dev.monti.lt\/wp-content\/uploads\/2022\/04\/KX596571670.jpg\",\"width\":1600,\"height\":1200},{\"@type\":\"BreadcrumbList\",\"@id\":\"https:\/\/dev.monti.lt\/product\/lavinamieji-kiausiniai\/#breadcrumb\",\"itemListElement\":[{\"@type\":\"ListItem\",\"position\":1,\"name\":\"Home\",\"item\":\"https:\/\/dev.monti.lt\/\"},{\"@type\":\"ListItem\",\"position\":2,\"name\":\"Parduotuv\u0117\",\"item\":\"https:\/\/dev.monti.lt\/shop\/\"},{\"@type\":\"ListItem\",\"position\":3,\"name\":\"Lavinamieji kiau\u0161iniai\"}]},{\"@type\":\"WebSite\",\"@id\":\"https:\/\/dev.monti.lt\/#website\",\"url\":\"https:\/\/dev.monti.lt\/\",\"name\":\"Montessori \u017eaislai\",\"description\":\"\",\"publisher\":{\"@id\":\"https:\/\/dev.monti.lt\/#organization\"},\"potentialAction\":[{\"@type\":\"SearchAction\",\"target\":{\"@type\":\"EntryPoint\",\"urlTemplate\":\"https:\/\/dev.monti.lt\/?s={search_term_string}\"},\"query-input\":\"required name=search_term_string\"}],\"inLanguage\":\"en-US\"},{\"@type\":\"Organization\",\"@id\":\"https:\/\/dev.monti.lt\/#organization\",\"name\":\"Montessori \u017eaislai\",\"url\":\"https:\/\/dev.monti.lt\/\",\"logo\":{\"@type\":\"ImageObject\",\"inLanguage\":\"en-US\",\"@id\":\"https:\/\/dev.monti.lt\/#\/schema\/logo\/image\/\",\"url\":\"https:\/\/dev.monti.lt\/wp-content\/uploads\/2022\/03\/montilogo-1.png\",\"contentUrl\":\"https:\/\/dev.monti.lt\/wp-content\/uploads\/2022\/03\/montilogo-1.png\",\"width\":512,\"height\":512,\"caption\":\"Montessori \u017eaislai\"},\"image\":{\"@id\":\"https:\/\/dev.monti.lt\/#\/schema\/logo\/image\/\"}}]}<\/script>\n<!-- \/ Yoast SEO plugin. -->","yoast_head_json":{"title":"Lavinamieji kiau\u0161iniai - Montessori \u017eaislai","robots":{"index":"noindex","follow":"follow","max-snippet":"max-snippet:-1","max-image-preview":"max-image-preview:large","max-video-preview":"max-video-preview:-1"},"og_locale":"en_US","og_type":"article","og_title":"Lavinamieji kiau\u0161iniai - Montessori \u017eaislai","og_description":"K\u016brybingas kiau\u0161inio formos galvos\u016bkis tikrai sudomins kiekvien\u0105 ma\u017e\u0105j\u012f tyrin\u0117toj\u0105. Rinkin\u012f sudaro 12 kiau\u0161ini\u0173, po luk\u0161tu slepian\u010di\u0173 skirtingas formas ir spalvas. Smagu yra suderinti dvi puses viena prie kitos taip, kad jos sudaryt\u0173 visum\u0105. Prie\u0161ingai nei atrodo, tai n\u0117ra lengva u\u017eduotis, tod\u0117l, kad kiau\u0161iniai der\u0117t\u0173, jie tur\u0117t\u0173 b\u016bti derinami pagal form\u0105 ir spalv\u0105. \u017daidimas su margu\u010diais [&hellip;]","og_url":"https:\/\/dev.monti.lt\/en\/product\/lavinamieji-kiausiniai\/","og_site_name":"Montessori \u017eaislai","article_modified_time":"2024-10-08T17:49:06+00:00","og_image":[{"width":1600,"height":1200,"url":"https:\/\/dev.monti.lt\/wp-content\/uploads\/2022\/04\/KX596571670.jpg","type":"image\/jpeg"}],"twitter_card":"summary_large_image","twitter_misc":{"Est. reading time":"1 minute"},"schema":{"@context":"https:\/\/schema.org","@graph":[{"@type":"WebPage","@id":"https:\/\/dev.monti.lt\/product\/lavinamieji-kiausiniai\/","url":"https:\/\/dev.monti.lt\/product\/lavinamieji-kiausiniai\/","name":"Lavinamieji kiau\u0161iniai - Montessori \u017eaislai","isPartOf":{"@id":"https:\/\/dev.monti.lt\/#website"},"primaryImageOfPage":{"@id":"https:\/\/dev.monti.lt\/product\/lavinamieji-kiausiniai\/#primaryimage"},"image":{"@id":"https:\/\/dev.monti.lt\/product\/lavinamieji-kiausiniai\/#primaryimage"},"thumbnailUrl":"https:\/\/dev.monti.lt\/wp-content\/uploads\/2022\/04\/KX596571670.jpg","datePublished":"2022-04-19T11:53:46+00:00","dateModified":"2024-10-08T17:49:06+00:00","breadcrumb":{"@id":"https:\/\/dev.monti.lt\/product\/lavinamieji-kiausiniai\/#breadcrumb"},"inLanguage":"en-US","potentialAction":[{"@type":"ReadAction","target":["https:\/\/dev.monti.lt\/product\/lavinamieji-kiausiniai\/"]}]},{"@type":"ImageObject","inLanguage":"en-US","@id":"https:\/\/dev.monti.lt\/product\/lavinamieji-kiausiniai\/#primaryimage","url":"https:\/\/dev.monti.lt\/wp-content\/uploads\/2022\/04\/KX596571670.jpg","contentUrl":"https:\/\/dev.monti.lt\/wp-content\/uploads\/2022\/04\/KX596571670.jpg","width":1600,"height":1200},{"@type":"BreadcrumbList","@id":"https:\/\/dev.monti.lt\/product\/lavinamieji-kiausiniai\/#breadcrumb","itemListElement":[{"@type":"ListItem","position":1,"name":"Home","item":"https:\/\/dev.monti.lt\/"},{"@type":"ListItem","position":2,"name":"Parduotuv\u0117","item":"https:\/\/dev.monti.lt\/shop\/"},{"@type":"ListItem","position":3,"name":"Lavinamieji kiau\u0161iniai"}]},{"@type":"WebSite","@id":"https:\/\/dev.monti.lt\/#website","url":"https:\/\/dev.monti.lt\/","name":"Montessori \u017eaislai","description":"","publisher":{"@id":"https:\/\/dev.monti.lt\/#organization"},"potentialAction":[{"@type":"SearchAction","target":{"@type":"EntryPoint","urlTemplate":"https:\/\/dev.monti.lt\/?s={search_term_string}"},"query-input":"required name=search_term_string"}],"inLanguage":"en-US"},{"@type":"Organization","@id":"https:\/\/dev.monti.lt\/#organization","name":"Montessori \u017eaislai","url":"https:\/\/dev.monti.lt\/","logo":{"@type":"ImageObject","inLanguage":"en-US","@id":"https:\/\/dev.monti.lt\/#\/schema\/logo\/image\/","url":"https:\/\/dev.monti.lt\/wp-content\/uploads\/2022\/03\/montilogo-1.png","contentUrl":"https:\/\/dev.monti.lt\/wp-content\/uploads\/2022\/03\/montilogo-1.png","width":512,"height":512,"caption":"Montessori \u017eaislai"},"image":{"@id":"https:\/\/dev.monti.lt\/#\/schema\/logo\/image\/"}}]}},"_links":{"self":[{"href":"https:\/\/dev.monti.lt\/en\/wp-json\/wp\/v2\/product\/7791"}],"collection":[{"href":"https:\/\/dev.monti.lt\/en\/wp-json\/wp\/v2\/product"}],"about":[{"href":"https:\/\/dev.monti.lt\/en\/wp-json\/wp\/v2\/types\/product"}],"version-history":[{"count":2,"href":"https:\/\/dev.monti.lt\/en\/wp-json\/wp\/v2\/product\/7791\/revisions"}],"predecessor-version":[{"id":7794,"href":"https:\/\/dev.monti.lt\/en\/wp-json\/wp\/v2\/product\/7791\/revisions\/7794"}],"wp:featuredmedia":[{"embeddable":true,"href":"https:\/\/dev.monti.lt\/en\/wp-json\/wp\/v2\/media\/7792"}],"wp:attachment":[{"href":"https:\/\/dev.monti.lt\/en\/wp-json\/wp\/v2\/media?parent=7791"}],"wp:term":[{"taxonomy":"product_cat","embeddable":true,"href":"https:\/\/dev.monti.lt\/en\/wp-json\/wp\/v2\/product_cat?post=7791"},{"taxonomy":"product_tag","embeddable":true,"href":"https:\/\/dev.monti.lt\/en\/wp-json\/wp\/v2\/product_tag?post=7791"}],"curies":[{"name":"wp","href":"https:\/\/api.w.org\/{rel}","templated":true}]}}