{"id":7789,"date":"2022-04-19T11:20:49","date_gmt":"2022-04-19T11:20:49","guid":{"rendered":"https:\/\/dev.monti.lt\/?post_type=product&#038;p=7789"},"modified":"2024-09-25T11:19:33","modified_gmt":"2024-09-25T11:19:33","slug":"medinis-darzoviu-rinkinys","status":"publish","type":"product","link":"https:\/\/dev.monti.lt\/en\/product\/medinis-darzoviu-rinkinys\/","title":{"rendered":"Medinis dar\u017eovi\u0173 rinkinys"},"content":{"rendered":"<p>Medinis dar\u017eovi\u0173 pjaustymo rinkinys, tai linksmas u\u017esi\u0117mimas kiekvienam vaikui!<\/p>\n<p>&nbsp;<\/p>\n<p><b>Rinkinyje rasite<\/b><\/p>\n<ul>\n<li>morka<\/li>\n<li>petra\u017eol\u0117s<\/li>\n<li>pomidoras<\/li>\n<li>agurkas<\/li>\n<li>citrina<\/li>\n<li>Bakla\u017eanas<\/li>\n<li>pjaustymo lenta<\/li>\n<li>saugus peilis<\/li>\n<li>saugus skustukas<\/li>\n<\/ul>\n<p><b>Matmenys:<\/b><\/p>\n<p><strong><span class=\"\">Dar\u017eov\u0117s pavyzdys:<\/span><\/strong><span class=\"\"> 4 cm x 10 cm<\/span><\/p>\n<p><strong>peilio ilgis:<\/strong> 15 cm<\/p>\n<p><strong>pjaustymo lenta:<\/strong> 17,5 cm x 10,5 cm x 0,5 cm<\/p>\n<p><strong>d\u0117\u017eut\u0117: <\/strong>22,5 cm x 13,5 cm x 9,5 cm<\/p>\n<p><strong>Pakuot\u0117s matmenys:<\/strong> 25cm x 15,5cm x 10cm<\/p>","protected":false},"excerpt":{"rendered":"<p>Medinis dar\u017eovi\u0173 pjaustymo rinkinys, tai linksmas u\u017esi\u0117mimas kiekvienam vaikui! &nbsp; Rinkinyje rasite morka petra\u017eol\u0117s pomidoras agurkas citrina Bakla\u017eanas pjaustymo lenta saugus peilis saugus skustukas Matmenys: Dar\u017eov\u0117s pavyzdys: 4 cm x 10 cm peilio ilgis: 15 cm pjaustymo lenta: 17,5 cm x 10,5 cm x 0,5 cm d\u0117\u017eut\u0117: 22,5 cm x 13,5 cm x 9,5 cm [&hellip;]<\/p>","protected":false},"featured_media":7795,"template":"","meta":{"iawp_total_views":79},"product_cat":[82,84,102,90,49,39],"product_tag":[95,96,97,98],"class_list":{"0":"post-7789","1":"product","2":"type-product","3":"status-publish","4":"has-post-thumbnail","6":"product_cat-ispardavimas","7":"product_cat-lavinamieji-zaislai","8":"product_cat-mediniai-zaislai","9":"product_cat-pasaulio-pazinimas","10":"product_cat-visi-zaislai","11":"product_cat-zaislai","12":"product_tag-1-m-2-m","13":"product_tag-2-m-3-m","14":"product_tag-3-m-4-m","15":"product_tag-5-m-7-m","17":"first","18":"instock","19":"sale","20":"taxable","21":"shipping-taxable","22":"purchasable","23":"product-type-simple"},"yoast_head":"<!-- This site is optimized with the Yoast SEO plugin v23.3 - https:\/\/yoast.com\/wordpress\/plugins\/seo\/ -->\n<title>Medinis dar\u017eovi\u0173 rinkinys - Montessori \u017eaislai<\/title>\n<meta name=\"robots\" content=\"noindex, follow, max-snippet:-1, max-image-preview:large, max-video-preview:-1\" \/>\n<meta property=\"og:locale\" content=\"en_US\" \/>\n<meta property=\"og:type\" content=\"article\" \/>\n<meta property=\"og:title\" content=\"Medinis dar\u017eovi\u0173 rinkinys - Montessori \u017eaislai\" \/>\n<meta property=\"og:description\" content=\"Medinis dar\u017eovi\u0173 pjaustymo rinkinys, tai linksmas u\u017esi\u0117mimas kiekvienam vaikui! &nbsp; Rinkinyje rasite morka petra\u017eol\u0117s pomidoras agurkas citrina Bakla\u017eanas pjaustymo lenta saugus peilis saugus skustukas Matmenys: Dar\u017eov\u0117s pavyzdys: 4 cm x 10 cm peilio ilgis: 15 cm pjaustymo lenta: 17,5 cm x 10,5 cm x 0,5 cm d\u0117\u017eut\u0117: 22,5 cm x 13,5 cm x 9,5 cm [&hellip;]\" \/>\n<meta property=\"og:url\" content=\"https:\/\/dev.monti.lt\/en\/product\/medinis-darzoviu-rinkinys\/\" \/>\n<meta property=\"og:site_name\" content=\"Montessori \u017eaislai\" \/>\n<meta property=\"article:modified_time\" content=\"2024-09-25T11:19:33+00:00\" \/>\n<meta property=\"og:image\" content=\"https:\/\/dev.monti.lt\/wp-content\/uploads\/2022\/04\/KX595671839.jpg\" \/>\n\t<meta property=\"og:image:width\" content=\"1600\" \/>\n\t<meta property=\"og:image:height\" content=\"1200\" \/>\n\t<meta property=\"og:image:type\" content=\"image\/jpeg\" \/>\n<meta name=\"twitter:card\" content=\"summary_large_image\" \/>\n<script type=\"application\/ld+json\" class=\"yoast-schema-graph\">{\"@context\":\"https:\/\/schema.org\",\"@graph\":[{\"@type\":\"WebPage\",\"@id\":\"https:\/\/dev.monti.lt\/product\/medinis-darzoviu-rinkinys\/\",\"url\":\"https:\/\/dev.monti.lt\/product\/medinis-darzoviu-rinkinys\/\",\"name\":\"Medinis dar\u017eovi\u0173 rinkinys - Montessori \u017eaislai\",\"isPartOf\":{\"@id\":\"https:\/\/dev.monti.lt\/#website\"},\"primaryImageOfPage\":{\"@id\":\"https:\/\/dev.monti.lt\/product\/medinis-darzoviu-rinkinys\/#primaryimage\"},\"image\":{\"@id\":\"https:\/\/dev.monti.lt\/product\/medinis-darzoviu-rinkinys\/#primaryimage\"},\"thumbnailUrl\":\"https:\/\/dev.monti.lt\/wp-content\/uploads\/2022\/04\/KX595671839.jpg\",\"datePublished\":\"2022-04-19T11:20:49+00:00\",\"dateModified\":\"2024-09-25T11:19:33+00:00\",\"breadcrumb\":{\"@id\":\"https:\/\/dev.monti.lt\/product\/medinis-darzoviu-rinkinys\/#breadcrumb\"},\"inLanguage\":\"en-US\",\"potentialAction\":[{\"@type\":\"ReadAction\",\"target\":[\"https:\/\/dev.monti.lt\/product\/medinis-darzoviu-rinkinys\/\"]}]},{\"@type\":\"ImageObject\",\"inLanguage\":\"en-US\",\"@id\":\"https:\/\/dev.monti.lt\/product\/medinis-darzoviu-rinkinys\/#primaryimage\",\"url\":\"https:\/\/dev.monti.lt\/wp-content\/uploads\/2022\/04\/KX595671839.jpg\",\"contentUrl\":\"https:\/\/dev.monti.lt\/wp-content\/uploads\/2022\/04\/KX595671839.jpg\",\"width\":1600,\"height\":1200},{\"@type\":\"BreadcrumbList\",\"@id\":\"https:\/\/dev.monti.lt\/product\/medinis-darzoviu-rinkinys\/#breadcrumb\",\"itemListElement\":[{\"@type\":\"ListItem\",\"position\":1,\"name\":\"Home\",\"item\":\"https:\/\/dev.monti.lt\/\"},{\"@type\":\"ListItem\",\"position\":2,\"name\":\"Parduotuv\u0117\",\"item\":\"https:\/\/dev.monti.lt\/shop\/\"},{\"@type\":\"ListItem\",\"position\":3,\"name\":\"Medinis dar\u017eovi\u0173 rinkinys\"}]},{\"@type\":\"WebSite\",\"@id\":\"https:\/\/dev.monti.lt\/#website\",\"url\":\"https:\/\/dev.monti.lt\/\",\"name\":\"Montessori \u017eaislai\",\"description\":\"\",\"publisher\":{\"@id\":\"https:\/\/dev.monti.lt\/#organization\"},\"potentialAction\":[{\"@type\":\"SearchAction\",\"target\":{\"@type\":\"EntryPoint\",\"urlTemplate\":\"https:\/\/dev.monti.lt\/?s={search_term_string}\"},\"query-input\":\"required name=search_term_string\"}],\"inLanguage\":\"en-US\"},{\"@type\":\"Organization\",\"@id\":\"https:\/\/dev.monti.lt\/#organization\",\"name\":\"Montessori \u017eaislai\",\"url\":\"https:\/\/dev.monti.lt\/\",\"logo\":{\"@type\":\"ImageObject\",\"inLanguage\":\"en-US\",\"@id\":\"https:\/\/dev.monti.lt\/#\/schema\/logo\/image\/\",\"url\":\"https:\/\/dev.monti.lt\/wp-content\/uploads\/2022\/03\/montilogo-1.png\",\"contentUrl\":\"https:\/\/dev.monti.lt\/wp-content\/uploads\/2022\/03\/montilogo-1.png\",\"width\":512,\"height\":512,\"caption\":\"Montessori \u017eaislai\"},\"image\":{\"@id\":\"https:\/\/dev.monti.lt\/#\/schema\/logo\/image\/\"}}]}<\/script>\n<!-- \/ Yoast SEO plugin. -->","yoast_head_json":{"title":"Medinis dar\u017eovi\u0173 rinkinys - Montessori \u017eaislai","robots":{"index":"noindex","follow":"follow","max-snippet":"max-snippet:-1","max-image-preview":"max-image-preview:large","max-video-preview":"max-video-preview:-1"},"og_locale":"en_US","og_type":"article","og_title":"Medinis dar\u017eovi\u0173 rinkinys - Montessori \u017eaislai","og_description":"Medinis dar\u017eovi\u0173 pjaustymo rinkinys, tai linksmas u\u017esi\u0117mimas kiekvienam vaikui! &nbsp; Rinkinyje rasite morka petra\u017eol\u0117s pomidoras agurkas citrina Bakla\u017eanas pjaustymo lenta saugus peilis saugus skustukas Matmenys: Dar\u017eov\u0117s pavyzdys: 4 cm x 10 cm peilio ilgis: 15 cm pjaustymo lenta: 17,5 cm x 10,5 cm x 0,5 cm d\u0117\u017eut\u0117: 22,5 cm x 13,5 cm x 9,5 cm [&hellip;]","og_url":"https:\/\/dev.monti.lt\/en\/product\/medinis-darzoviu-rinkinys\/","og_site_name":"Montessori \u017eaislai","article_modified_time":"2024-09-25T11:19:33+00:00","og_image":[{"width":1600,"height":1200,"url":"https:\/\/dev.monti.lt\/wp-content\/uploads\/2022\/04\/KX595671839.jpg","type":"image\/jpeg"}],"twitter_card":"summary_large_image","schema":{"@context":"https:\/\/schema.org","@graph":[{"@type":"WebPage","@id":"https:\/\/dev.monti.lt\/product\/medinis-darzoviu-rinkinys\/","url":"https:\/\/dev.monti.lt\/product\/medinis-darzoviu-rinkinys\/","name":"Medinis dar\u017eovi\u0173 rinkinys - Montessori \u017eaislai","isPartOf":{"@id":"https:\/\/dev.monti.lt\/#website"},"primaryImageOfPage":{"@id":"https:\/\/dev.monti.lt\/product\/medinis-darzoviu-rinkinys\/#primaryimage"},"image":{"@id":"https:\/\/dev.monti.lt\/product\/medinis-darzoviu-rinkinys\/#primaryimage"},"thumbnailUrl":"https:\/\/dev.monti.lt\/wp-content\/uploads\/2022\/04\/KX595671839.jpg","datePublished":"2022-04-19T11:20:49+00:00","dateModified":"2024-09-25T11:19:33+00:00","breadcrumb":{"@id":"https:\/\/dev.monti.lt\/product\/medinis-darzoviu-rinkinys\/#breadcrumb"},"inLanguage":"en-US","potentialAction":[{"@type":"ReadAction","target":["https:\/\/dev.monti.lt\/product\/medinis-darzoviu-rinkinys\/"]}]},{"@type":"ImageObject","inLanguage":"en-US","@id":"https:\/\/dev.monti.lt\/product\/medinis-darzoviu-rinkinys\/#primaryimage","url":"https:\/\/dev.monti.lt\/wp-content\/uploads\/2022\/04\/KX595671839.jpg","contentUrl":"https:\/\/dev.monti.lt\/wp-content\/uploads\/2022\/04\/KX595671839.jpg","width":1600,"height":1200},{"@type":"BreadcrumbList","@id":"https:\/\/dev.monti.lt\/product\/medinis-darzoviu-rinkinys\/#breadcrumb","itemListElement":[{"@type":"ListItem","position":1,"name":"Home","item":"https:\/\/dev.monti.lt\/"},{"@type":"ListItem","position":2,"name":"Parduotuv\u0117","item":"https:\/\/dev.monti.lt\/shop\/"},{"@type":"ListItem","position":3,"name":"Medinis dar\u017eovi\u0173 rinkinys"}]},{"@type":"WebSite","@id":"https:\/\/dev.monti.lt\/#website","url":"https:\/\/dev.monti.lt\/","name":"Montessori \u017eaislai","description":"","publisher":{"@id":"https:\/\/dev.monti.lt\/#organization"},"potentialAction":[{"@type":"SearchAction","target":{"@type":"EntryPoint","urlTemplate":"https:\/\/dev.monti.lt\/?s={search_term_string}"},"query-input":"required name=search_term_string"}],"inLanguage":"en-US"},{"@type":"Organization","@id":"https:\/\/dev.monti.lt\/#organization","name":"Montessori \u017eaislai","url":"https:\/\/dev.monti.lt\/","logo":{"@type":"ImageObject","inLanguage":"en-US","@id":"https:\/\/dev.monti.lt\/#\/schema\/logo\/image\/","url":"https:\/\/dev.monti.lt\/wp-content\/uploads\/2022\/03\/montilogo-1.png","contentUrl":"https:\/\/dev.monti.lt\/wp-content\/uploads\/2022\/03\/montilogo-1.png","width":512,"height":512,"caption":"Montessori \u017eaislai"},"image":{"@id":"https:\/\/dev.monti.lt\/#\/schema\/logo\/image\/"}}]}},"_links":{"self":[{"href":"https:\/\/dev.monti.lt\/en\/wp-json\/wp\/v2\/product\/7789"}],"collection":[{"href":"https:\/\/dev.monti.lt\/en\/wp-json\/wp\/v2\/product"}],"about":[{"href":"https:\/\/dev.monti.lt\/en\/wp-json\/wp\/v2\/types\/product"}],"version-history":[{"count":2,"href":"https:\/\/dev.monti.lt\/en\/wp-json\/wp\/v2\/product\/7789\/revisions"}],"predecessor-version":[{"id":7796,"href":"https:\/\/dev.monti.lt\/en\/wp-json\/wp\/v2\/product\/7789\/revisions\/7796"}],"wp:featuredmedia":[{"embeddable":true,"href":"https:\/\/dev.monti.lt\/en\/wp-json\/wp\/v2\/media\/7795"}],"wp:attachment":[{"href":"https:\/\/dev.monti.lt\/en\/wp-json\/wp\/v2\/media?parent=7789"}],"wp:term":[{"taxonomy":"product_cat","embeddable":true,"href":"https:\/\/dev.monti.lt\/en\/wp-json\/wp\/v2\/product_cat?post=7789"},{"taxonomy":"product_tag","embeddable":true,"href":"https:\/\/dev.monti.lt\/en\/wp-json\/wp\/v2\/product_tag?post=7789"}],"curies":[{"name":"wp","href":"https:\/\/api.w.org\/{rel}","templated":true}]}}