{"id":7730,"date":"2022-04-12T08:32:48","date_gmt":"2022-04-12T08:32:48","guid":{"rendered":"https:\/\/dev.monti.lt\/?post_type=product&#038;p=7730"},"modified":"2024-10-08T09:59:05","modified_gmt":"2024-10-08T09:59:05","slug":"gydytojo-rinkinys-melynas","status":"publish","type":"product","link":"https:\/\/dev.monti.lt\/en\/product\/gydytojo-rinkinys-melynas\/","title":{"rendered":"Gydytojo rinkinys m\u0117lynas"},"content":{"rendered":"<p><span data-sheets-value=\"{&quot;1&quot;:2,&quot;2&quot;:&quot;Gydytojo rinkinys lagamin\u0117lyje su \u0161viesomis. Lavinantis \u017eaislas, ma\u017eas gydytojo rinkinukas vaikams su garso ir \u0161vies\u0173 efektais.\\n\\n\u012e komplekt\u0105 \u012feina:\\n\\nstetoskopas su garso efektais\\ntermometras su \u0161viesos efektais\\nkraujosp\u016bd\u017eio matuoklis su \u0161viesos efektais\\naus\u0173 tikrintuvas su \u0161viesos efektais\\n\u0161virk\u0161tas\\nplaktukas\\n\u017eenklelis gydytojui\\ngerkl\u0117s tikrintuvas su veidrod\u017eiu ir \u0161viesos efektais\\n\\nSpecifikacija:\\n\\nMaitinimas: 2x AG13 baterijos, 8x AG 10 baterijos (pridedamos)\\nPakuot\u0117s matmenys: 27cm x 24cm x 5,5cm&quot;}\" data-sheets-userformat=\"{&quot;2&quot;:8961,&quot;3&quot;:{&quot;1&quot;:0},&quot;11&quot;:4,&quot;12&quot;:0,&quot;16&quot;:10}\">Gydytojo rinkinys lagamin\u0117lyje su \u0161viesomis. Lavinantis \u017eaislas, ma\u017eas gydytojo rinkinukas vaikams su garso ir \u0161vies\u0173 efektais.<\/span><\/p>\n<p>\u012e komplekt\u0105 \u012feina:<\/p>\n<p>stetoskopas su garso efektais<br \/>\ntermometras su \u0161viesos efektais<br \/>\nkraujosp\u016bd\u017eio matuoklis su \u0161viesos efektais<br \/>\naus\u0173 tikrintuvas su \u0161viesos efektais<br \/>\n\u0161virk\u0161tas<br \/>\nplaktukas<br \/>\n\u017eenklelis gydytojui<br \/>\ngerkl\u0117s tikrintuvas su veidrod\u017eiu ir \u0161viesos efektais<\/p>\n<p>Specifikacija:<\/p>\n<p>Maitinimas: 2x AG13 baterijos, 8x AG 10 baterijos (pridedamos)<br \/>\nPakuot\u0117s matmenys: 27cm x 24cm x 5,5cm<\/p>","protected":false},"excerpt":{"rendered":"<p>Gydytojo rinkinys lagamin\u0117lyje su \u0161viesomis. Lavinantis \u017eaislas, ma\u017eas gydytojo rinkinukas vaikams su garso ir \u0161vies\u0173 efektais. \u012e komplekt\u0105 \u012feina: stetoskopas su garso efektais termometras su \u0161viesos efektais kraujosp\u016bd\u017eio matuoklis su \u0161viesos efektais aus\u0173 tikrintuvas su \u0161viesos efektais \u0161virk\u0161tas plaktukas \u017eenklelis gydytojui gerkl\u0117s tikrintuvas su veidrod\u017eiu ir \u0161viesos efektais Specifikacija: Maitinimas: 2x AG13 baterijos, 8x AG [&hellip;]<\/p>","protected":false},"featured_media":7731,"template":"","meta":{"iawp_total_views":53},"product_cat":[84,93,49,39,215],"product_tag":[96,97,98],"class_list":{"0":"post-7730","1":"product","2":"type-product","3":"status-publish","4":"has-post-thumbnail","6":"product_cat-lavinamieji-zaislai","7":"product_cat-vaidmenu-zaidimai","8":"product_cat-visi-zaislai","9":"product_cat-zaislai","10":"product_cat-zaislai-berniukams","11":"product_tag-2-m-3-m","12":"product_tag-3-m-4-m","13":"product_tag-5-m-7-m","15":"first","16":"instock","17":"taxable","18":"shipping-taxable","19":"purchasable","20":"product-type-simple"},"yoast_head":"<!-- This site is optimized with the Yoast SEO plugin v23.3 - https:\/\/yoast.com\/wordpress\/plugins\/seo\/ -->\n<title>Gydytojo rinkinys m\u0117lynas - Montessori \u017eaislai<\/title>\n<meta name=\"robots\" content=\"noindex, follow, max-snippet:-1, max-image-preview:large, max-video-preview:-1\" \/>\n<meta property=\"og:locale\" content=\"en_US\" \/>\n<meta property=\"og:type\" content=\"article\" \/>\n<meta property=\"og:title\" content=\"Gydytojo rinkinys m\u0117lynas - Montessori \u017eaislai\" \/>\n<meta property=\"og:description\" content=\"Gydytojo rinkinys lagamin\u0117lyje su \u0161viesomis. Lavinantis \u017eaislas, ma\u017eas gydytojo rinkinukas vaikams su garso ir \u0161vies\u0173 efektais. \u012e komplekt\u0105 \u012feina: stetoskopas su garso efektais termometras su \u0161viesos efektais kraujosp\u016bd\u017eio matuoklis su \u0161viesos efektais aus\u0173 tikrintuvas su \u0161viesos efektais \u0161virk\u0161tas plaktukas \u017eenklelis gydytojui gerkl\u0117s tikrintuvas su veidrod\u017eiu ir \u0161viesos efektais Specifikacija: Maitinimas: 2x AG13 baterijos, 8x AG [&hellip;]\" \/>\n<meta property=\"og:url\" content=\"https:\/\/dev.monti.lt\/en\/product\/gydytojo-rinkinys-melynas\/\" \/>\n<meta property=\"og:site_name\" content=\"Montessori \u017eaislai\" \/>\n<meta property=\"article:modified_time\" content=\"2024-10-08T09:59:05+00:00\" \/>\n<meta property=\"og:image\" content=\"https:\/\/dev.monti.lt\/wp-content\/uploads\/2022\/04\/KX918173692.jpg\" \/>\n\t<meta property=\"og:image:width\" content=\"1600\" \/>\n\t<meta property=\"og:image:height\" content=\"1200\" \/>\n\t<meta property=\"og:image:type\" content=\"image\/jpeg\" \/>\n<meta name=\"twitter:card\" content=\"summary_large_image\" \/>\n<meta name=\"twitter:label1\" content=\"Est. reading time\" \/>\n\t<meta name=\"twitter:data1\" content=\"1 minute\" \/>\n<script type=\"application\/ld+json\" class=\"yoast-schema-graph\">{\"@context\":\"https:\/\/schema.org\",\"@graph\":[{\"@type\":\"WebPage\",\"@id\":\"https:\/\/dev.monti.lt\/product\/gydytojo-rinkinys-melynas\/\",\"url\":\"https:\/\/dev.monti.lt\/product\/gydytojo-rinkinys-melynas\/\",\"name\":\"Gydytojo rinkinys m\u0117lynas - Montessori \u017eaislai\",\"isPartOf\":{\"@id\":\"https:\/\/dev.monti.lt\/#website\"},\"primaryImageOfPage\":{\"@id\":\"https:\/\/dev.monti.lt\/product\/gydytojo-rinkinys-melynas\/#primaryimage\"},\"image\":{\"@id\":\"https:\/\/dev.monti.lt\/product\/gydytojo-rinkinys-melynas\/#primaryimage\"},\"thumbnailUrl\":\"https:\/\/dev.monti.lt\/wp-content\/uploads\/2022\/04\/KX918173692.jpg\",\"datePublished\":\"2022-04-12T08:32:48+00:00\",\"dateModified\":\"2024-10-08T09:59:05+00:00\",\"breadcrumb\":{\"@id\":\"https:\/\/dev.monti.lt\/product\/gydytojo-rinkinys-melynas\/#breadcrumb\"},\"inLanguage\":\"en-US\",\"potentialAction\":[{\"@type\":\"ReadAction\",\"target\":[\"https:\/\/dev.monti.lt\/product\/gydytojo-rinkinys-melynas\/\"]}]},{\"@type\":\"ImageObject\",\"inLanguage\":\"en-US\",\"@id\":\"https:\/\/dev.monti.lt\/product\/gydytojo-rinkinys-melynas\/#primaryimage\",\"url\":\"https:\/\/dev.monti.lt\/wp-content\/uploads\/2022\/04\/KX918173692.jpg\",\"contentUrl\":\"https:\/\/dev.monti.lt\/wp-content\/uploads\/2022\/04\/KX918173692.jpg\",\"width\":1600,\"height\":1200},{\"@type\":\"BreadcrumbList\",\"@id\":\"https:\/\/dev.monti.lt\/product\/gydytojo-rinkinys-melynas\/#breadcrumb\",\"itemListElement\":[{\"@type\":\"ListItem\",\"position\":1,\"name\":\"Home\",\"item\":\"https:\/\/dev.monti.lt\/\"},{\"@type\":\"ListItem\",\"position\":2,\"name\":\"Parduotuv\u0117\",\"item\":\"https:\/\/dev.monti.lt\/shop\/\"},{\"@type\":\"ListItem\",\"position\":3,\"name\":\"Gydytojo rinkinys m\u0117lynas\"}]},{\"@type\":\"WebSite\",\"@id\":\"https:\/\/dev.monti.lt\/#website\",\"url\":\"https:\/\/dev.monti.lt\/\",\"name\":\"Montessori \u017eaislai\",\"description\":\"\",\"publisher\":{\"@id\":\"https:\/\/dev.monti.lt\/#organization\"},\"potentialAction\":[{\"@type\":\"SearchAction\",\"target\":{\"@type\":\"EntryPoint\",\"urlTemplate\":\"https:\/\/dev.monti.lt\/?s={search_term_string}\"},\"query-input\":\"required name=search_term_string\"}],\"inLanguage\":\"en-US\"},{\"@type\":\"Organization\",\"@id\":\"https:\/\/dev.monti.lt\/#organization\",\"name\":\"Montessori \u017eaislai\",\"url\":\"https:\/\/dev.monti.lt\/\",\"logo\":{\"@type\":\"ImageObject\",\"inLanguage\":\"en-US\",\"@id\":\"https:\/\/dev.monti.lt\/#\/schema\/logo\/image\/\",\"url\":\"https:\/\/dev.monti.lt\/wp-content\/uploads\/2022\/03\/montilogo-1.png\",\"contentUrl\":\"https:\/\/dev.monti.lt\/wp-content\/uploads\/2022\/03\/montilogo-1.png\",\"width\":512,\"height\":512,\"caption\":\"Montessori \u017eaislai\"},\"image\":{\"@id\":\"https:\/\/dev.monti.lt\/#\/schema\/logo\/image\/\"}}]}<\/script>\n<!-- \/ Yoast SEO plugin. -->","yoast_head_json":{"title":"Gydytojo rinkinys m\u0117lynas - Montessori \u017eaislai","robots":{"index":"noindex","follow":"follow","max-snippet":"max-snippet:-1","max-image-preview":"max-image-preview:large","max-video-preview":"max-video-preview:-1"},"og_locale":"en_US","og_type":"article","og_title":"Gydytojo rinkinys m\u0117lynas - Montessori \u017eaislai","og_description":"Gydytojo rinkinys lagamin\u0117lyje su \u0161viesomis. Lavinantis \u017eaislas, ma\u017eas gydytojo rinkinukas vaikams su garso ir \u0161vies\u0173 efektais. \u012e komplekt\u0105 \u012feina: stetoskopas su garso efektais termometras su \u0161viesos efektais kraujosp\u016bd\u017eio matuoklis su \u0161viesos efektais aus\u0173 tikrintuvas su \u0161viesos efektais \u0161virk\u0161tas plaktukas \u017eenklelis gydytojui gerkl\u0117s tikrintuvas su veidrod\u017eiu ir \u0161viesos efektais Specifikacija: Maitinimas: 2x AG13 baterijos, 8x AG [&hellip;]","og_url":"https:\/\/dev.monti.lt\/en\/product\/gydytojo-rinkinys-melynas\/","og_site_name":"Montessori \u017eaislai","article_modified_time":"2024-10-08T09:59:05+00:00","og_image":[{"width":1600,"height":1200,"url":"https:\/\/dev.monti.lt\/wp-content\/uploads\/2022\/04\/KX918173692.jpg","type":"image\/jpeg"}],"twitter_card":"summary_large_image","twitter_misc":{"Est. reading time":"1 minute"},"schema":{"@context":"https:\/\/schema.org","@graph":[{"@type":"WebPage","@id":"https:\/\/dev.monti.lt\/product\/gydytojo-rinkinys-melynas\/","url":"https:\/\/dev.monti.lt\/product\/gydytojo-rinkinys-melynas\/","name":"Gydytojo rinkinys m\u0117lynas - Montessori \u017eaislai","isPartOf":{"@id":"https:\/\/dev.monti.lt\/#website"},"primaryImageOfPage":{"@id":"https:\/\/dev.monti.lt\/product\/gydytojo-rinkinys-melynas\/#primaryimage"},"image":{"@id":"https:\/\/dev.monti.lt\/product\/gydytojo-rinkinys-melynas\/#primaryimage"},"thumbnailUrl":"https:\/\/dev.monti.lt\/wp-content\/uploads\/2022\/04\/KX918173692.jpg","datePublished":"2022-04-12T08:32:48+00:00","dateModified":"2024-10-08T09:59:05+00:00","breadcrumb":{"@id":"https:\/\/dev.monti.lt\/product\/gydytojo-rinkinys-melynas\/#breadcrumb"},"inLanguage":"en-US","potentialAction":[{"@type":"ReadAction","target":["https:\/\/dev.monti.lt\/product\/gydytojo-rinkinys-melynas\/"]}]},{"@type":"ImageObject","inLanguage":"en-US","@id":"https:\/\/dev.monti.lt\/product\/gydytojo-rinkinys-melynas\/#primaryimage","url":"https:\/\/dev.monti.lt\/wp-content\/uploads\/2022\/04\/KX918173692.jpg","contentUrl":"https:\/\/dev.monti.lt\/wp-content\/uploads\/2022\/04\/KX918173692.jpg","width":1600,"height":1200},{"@type":"BreadcrumbList","@id":"https:\/\/dev.monti.lt\/product\/gydytojo-rinkinys-melynas\/#breadcrumb","itemListElement":[{"@type":"ListItem","position":1,"name":"Home","item":"https:\/\/dev.monti.lt\/"},{"@type":"ListItem","position":2,"name":"Parduotuv\u0117","item":"https:\/\/dev.monti.lt\/shop\/"},{"@type":"ListItem","position":3,"name":"Gydytojo rinkinys m\u0117lynas"}]},{"@type":"WebSite","@id":"https:\/\/dev.monti.lt\/#website","url":"https:\/\/dev.monti.lt\/","name":"Montessori \u017eaislai","description":"","publisher":{"@id":"https:\/\/dev.monti.lt\/#organization"},"potentialAction":[{"@type":"SearchAction","target":{"@type":"EntryPoint","urlTemplate":"https:\/\/dev.monti.lt\/?s={search_term_string}"},"query-input":"required name=search_term_string"}],"inLanguage":"en-US"},{"@type":"Organization","@id":"https:\/\/dev.monti.lt\/#organization","name":"Montessori \u017eaislai","url":"https:\/\/dev.monti.lt\/","logo":{"@type":"ImageObject","inLanguage":"en-US","@id":"https:\/\/dev.monti.lt\/#\/schema\/logo\/image\/","url":"https:\/\/dev.monti.lt\/wp-content\/uploads\/2022\/03\/montilogo-1.png","contentUrl":"https:\/\/dev.monti.lt\/wp-content\/uploads\/2022\/03\/montilogo-1.png","width":512,"height":512,"caption":"Montessori \u017eaislai"},"image":{"@id":"https:\/\/dev.monti.lt\/#\/schema\/logo\/image\/"}}]}},"_links":{"self":[{"href":"https:\/\/dev.monti.lt\/en\/wp-json\/wp\/v2\/product\/7730"}],"collection":[{"href":"https:\/\/dev.monti.lt\/en\/wp-json\/wp\/v2\/product"}],"about":[{"href":"https:\/\/dev.monti.lt\/en\/wp-json\/wp\/v2\/types\/product"}],"version-history":[{"count":2,"href":"https:\/\/dev.monti.lt\/en\/wp-json\/wp\/v2\/product\/7730\/revisions"}],"predecessor-version":[{"id":8007,"href":"https:\/\/dev.monti.lt\/en\/wp-json\/wp\/v2\/product\/7730\/revisions\/8007"}],"wp:featuredmedia":[{"embeddable":true,"href":"https:\/\/dev.monti.lt\/en\/wp-json\/wp\/v2\/media\/7731"}],"wp:attachment":[{"href":"https:\/\/dev.monti.lt\/en\/wp-json\/wp\/v2\/media?parent=7730"}],"wp:term":[{"taxonomy":"product_cat","embeddable":true,"href":"https:\/\/dev.monti.lt\/en\/wp-json\/wp\/v2\/product_cat?post=7730"},{"taxonomy":"product_tag","embeddable":true,"href":"https:\/\/dev.monti.lt\/en\/wp-json\/wp\/v2\/product_tag?post=7730"}],"curies":[{"name":"wp","href":"https:\/\/api.w.org\/{rel}","templated":true}]}}